{"id":2199,"date":"2021-06-14T17:47:21","date_gmt":"2021-06-14T16:47:21","guid":{"rendered":"https:\/\/advancedseeds.com\/web\/?page_id=2199"},"modified":"2025-08-06T08:48:41","modified_gmt":"2025-08-06T07:48:41","slug":"aviso-legal","status":"publish","type":"page","link":"https:\/\/advancedseeds.com\/de\/aviso-legal\/","title":{"rendered":"Rechtlicher Hinweis"},"content":{"rendered":"<div class=\"row row-collapse\"  id=\"row-1697649310\">\n\n\n\t<div id=\"col-1266124273\" class=\"col small-12 large-12\"  >\n\t\t\t\t<div class=\"col-inner\"  >\n\t\t\t\n\t\t\t\n\n\n\t<section class=\"section\" id=\"section_639053449\">\n\t\t<div class=\"section-bg fill\" >\n\t\t\t\t\t\t\t\t\t\n\t\t\t\n\n\t\t<\/div>\n\n\t\t\n\n\t\t<div class=\"section-content relative\">\n\t\t\t\n\n<div class=\"container section-title-container\" ><h1 class=\"section-title section-title-bold-center\"><b aria-hidden=\"true\"><\/b><span class=\"section-title-main\" >Rechtlicher Hinweis<\/span><b aria-hidden=\"true\"><\/b><\/h1><\/div>\n\n<p>In \u00dcbereinstimmung mit Artikel 10 des Gesetzes 34\/2002 vom 11. Juli \u00fcber die Dienstleistungen der Informationsgesellschaft und den elektronischen Handel (LSSICE) stellt Garden Seeds Trading, S.L. (im Folgenden \"Advanced Seeds\"), verantwortlich f\u00fcr diesen Online-Shop, den Nutzern diese Informationen zur Verf\u00fcgung, um ihre Nutzungsbedingungen zu definieren.<\/p>\n<p>Zus\u00e4tzlich zu den hier dargelegten Inhalten werden die spezifischen Aspekte im Zusammenhang mit dem Schutz personenbezogener Daten und der Privatsph\u00e4re der Nutzer dieser Website auf den Seiten Datenschutzrichtlinie und Cookies-Richtlinie behandelt.<\/p>\n<h2>Identit\u00e4t des f\u00fcr die Datenverarbeitung Verantwortlichen<\/h2>\n<ul>\n<li><strong>Name des Unternehmens<\/strong>: Garden Seeds Trading, S.L.<\/li>\n<li><strong>Handelsname<\/strong>: Advanced Seeds<\/li>\n<li><strong>UMSATZSTEUER-IDENTIFIKATIONSNUMMER<\/strong>: B73603805<\/li>\n<li><strong>Eingetragen im Handelsregister von Murcia, Band 2640, Blatt 101, Seite MU68784, erste Eintragung.<\/strong><\/li>\n<li><strong>Eingetragener Firmensitz<\/strong>Anschrift: C\/ Villanueva del Segura, 5, 30500, Murcia, Spanien.<\/li>\n<li><strong>Aktivit\u00e4t<\/strong>Handel mit D\u00fcngemitteln und Saatgut<\/li>\n<li><strong>Telefon<\/strong>: 968 629 309<\/li>\n<li><strong>eMail<\/strong>: <a href=\"mailto:info@00seeds.com\">info@advancedseeds.com<\/a><\/li>\n<li><strong>Domain-Name<\/strong>: <a href=\"http:\/\/www.advancedseeds.com\">advancedseeds.com<\/a> \u00a0\u00a0\u00a0\u00a0\u00a0\u00a0\u00a0\u00a0\u00a0\u00a0\u00a0<\/li>\n<li><strong>Registrierung der Verarbeitung in \u00dcbereinstimmung mit der DSGVO:<\/strong> Kunden\/Lieferanten, Mitarbeiter, Personalbeschaffung und Webbenutzer.<\/li>\n<\/ul>\n<h2>Zweck der Website<\/h2>\n<p>Der Online-Shop \"Advanced Seeds\" hat folgenden Zweck:<\/p>\n<ul>\n<li>Dem Benutzer die zum Kauf angebotenen Produkte und\/oder Dienstleistungen auf elektronischem Wege zur Verf\u00fcgung zu stellen sowie Informationen \u00fcber diese und den Controller zu liefern.<\/li>\n<li>Offenlegung von Informationen, die sich auf den T\u00e4tigkeitsbereich der verantwortlichen Partei beziehen.<\/li>\n<li>Verwalten Sie Benutzerkommentare und\/oder Bewertungen.<\/li>\n<\/ul>\n<h2>Regulatorischer Rahmen<\/h2>\n<p>Die T\u00e4tigkeit dieses Online-Shops unterliegt dem spanischen und europ\u00e4ischen Rechtsrahmen, insbesondere den folgenden Bestimmungen:<\/p>\n<ul>\n<li>General Data Protection Regulation (GDPR) (EU) 2016\/679 vom 27. April, die die Verarbeitung von personenbezogenen Daten in den L\u00e4ndern der Europ\u00e4ischen Union regelt.<\/li>\n<li>Das Organgesetz 3\/2018 vom 5. Dezember \u00fcber den Schutz personenbezogener Daten und die Gew\u00e4hrleistung digitaler Rechte (LOPD und GDD), eine regionale Verordnung (f\u00fcr Spanien), die viele der in der DSGVO enthaltenen Konzepte und Rechte definiert und ausweitet.<\/li>\n<li>Gesetz 34\/2002 vom 11. Juli \u00fcber die Dienstleistungen der Informationsgesellschaft und den elektronischen Handel (LSSICE), eine Verordnung, die sich auf Websites auswirkt, die in irgendeiner Weise wirtschaftliche Aktivit\u00e4ten auf elektronischem Wege durchf\u00fchren, wie es bei dieser Website der Fall ist.<\/li>\n<li>Gesetz 03\/2014, vom 27. M\u00e4rz, Allgemeines Gesetz zum Schutz von Verbrauchern und Nutzern (LGDCU), das die Verkaufs- und Vertragsbedingungen regelt.<\/li>\n<\/ul>\n<h2>Nutzungsbedingungen und Verantwortlichkeiten<\/h2>\n<p>Jede Person, die auf diese Website zugreift, \u00fcbernimmt die Rolle des Nutzers und verpflichtet sich, die hier aufgef\u00fchrten Bedingungen sowie alle anderen m\u00f6glicherweise anwendbaren gesetzlichen Bestimmungen strikt zu beachten und einzuhalten. \"Advanced Seeds\" haftet nicht f\u00fcr Sch\u00e4den, weder an sich selbst noch an Dritten, die durch die unsachgem\u00e4\u00dfe Nutzung dieser Website durch den Nutzer entstehen.<\/p>\n<p>Das folgende Verhalten wird von \"Advanced Seeds\" strengstens untersagt. Wenn der Nutzer eine der in den folgenden Punkten beschriebenen Handlungen begeht, die auch einen Straftatbestand darstellen, beh\u00e4lt sich \"Advanced Seeds\" das Recht vor, ihn bei den Beh\u00f6rden anzuzeigen, wenn sich herausstellt, dass er eine solche Straftat begangen hat:<\/p>\n<ul>\n<li>Computerviren oder andere Systeme einzuschleusen oder zu verbreiten, die geeignet sind, die physischen oder logischen Systeme des Domaininhabers, seiner Lieferanten oder Dritter zu sch\u00e4digen. Dieses Verbot gilt auch f\u00fcr eventuell eingef\u00fcgte Skripte.<\/li>\n<li>Unerlaubte Vervielf\u00e4ltigung des Inhalts der Website.<\/li>\n<li>Der Zugriff auf (oder der Versuch des Zugriffs auf) eingeschr\u00e4nkte Bereiche der Plattform, ohne die f\u00fcr einen solchen Zugriff erforderlichen Bedingungen zu erf\u00fcllen. sowie die Weitergabe von Daten \u00fcber den Betrieb der Website ohne die ausdr\u00fcckliche Genehmigung der Administratoren derselben.<\/li>\n<li>Umgehen Sie die von \"Advanced Seeds\" eingerichteten Zahlungssysteme (oder versuchen Sie, diese zu umgehen).<\/li>\n<\/ul>\n<p>Der Inhalt dieser Website kann in keinem Fall als Ersatz f\u00fcr eine Rechtsberatung angesehen werden.<\/p>\n<p>\"Advanced Seeds\" beh\u00e4lt sich das Recht vor, jede Art von Informationen, die im Online-Shop erscheinen, jederzeit und ohne vorherige Ank\u00fcndigung zu \u00e4ndern, ohne dass eine Verpflichtung zur vorherigen Ank\u00fcndigung oder Information der Nutzer besteht, wobei die Ver\u00f6ffentlichung auf dieser Website als ausreichend angesehen wird.<\/p>\n<p>Diese Website wurde \u00fcberpr\u00fcft und getestet, so dass sie ohne Unterbrechung korrekt funktioniert. Advanced Seeds\" schlie\u00dft jedoch nicht aus, dass bestimmte Programmierfehler, gelegentliche Nichtverf\u00fcgbarkeit (z.B. Serverabst\u00fcrze oder Serverwartung) oder das Auftreten von h\u00f6herer Gewalt, Naturkatastrophen, Streiks oder \u00e4hnlichen Umst\u00e4nden, die den Zugriff auf die Website vor\u00fcbergehend unm\u00f6glich machen, auftreten k\u00f6nnen.<\/p>\n<p>Der Nutzer verpflichtet sich, diese Website bzw. die auf ihr angebotenen Dienstleistungen oder Produkte nicht f\u00fcr Aktivit\u00e4ten zu nutzen, die gegen das Gesetz, die \u00f6ffentliche Ordnung oder diese Nutzungsbedingungen versto\u00dfen. Daher wird \"Advanced Seeds\" <strong>ist nicht verantwortlich f\u00fcr die gespeicherten Informationen und Inhalte, insbesondere in Foren, Chats, Blogs, Kommentaren, sozialen Netzwerken oder anderen Medien, die es Dritten erm\u00f6glichen, Inhalte zu ver\u00f6ffentlichen. Jedoch und in \u00dcbereinstimmung mit den Bestimmungen der Artikel 11 und 16 des LSSI-CE, <\/strong>\"Fortgeschrittenes Saatgut <strong>steht allen Nutzern, Beh\u00f6rden und Sicherheitskr\u00e4ften zur Verf\u00fcgung und arbeitet aktiv an der Entfernung oder Sperrung aller Inhalte mit, die die nationale oder internationale Gesetzgebung, die Rechte Dritter oder die Moral und die \u00f6ffentliche Ordnung beeintr\u00e4chtigen oder dagegen versto\u00dfen k\u00f6nnten. Sollte ein Nutzer der Meinung sein, dass sich auf der Website Inhalte befinden, die dieser Einstufung unterliegen k\u00f6nnten, informieren Sie bitte unverz\u00fcglich unsere Mitarbeiter.<\/strong><\/p>\n<p>\"Advanced Seeds\" beh\u00e4lt sich das Recht vor, ohne Vorwarnung, auf eigenen Wunsch oder auf Wunsch eines Dritten, denjenigen Nutzern den Zugang zum Shop zu verweigern oder zu entziehen, die sich nicht an unsere Nutzungsbedingungen halten.<\/p>\n<h2>Geistiges Eigentum<\/h2>\n<p>Die Website, einschlie\u00dflich, aber nicht beschr\u00e4nkt auf ihre Programmierung, Bearbeitung, Zusammenstellung und andere f\u00fcr ihren Betrieb notwendige Elemente, Designs, Logos, Texte und\/oder Grafiken sind Eigentum von \"Advanced Seeds\" oder verf\u00fcgen gegebenenfalls \u00fcber eine Lizenz oder ausdr\u00fcckliche Genehmigung der Urheber.<\/p>\n<p>Alle Inhalte der Website sind durch die Vorschriften zum geistigen und gewerblichen Eigentum ordnungsgem\u00e4\u00df gesch\u00fctzt und in den entsprechenden \u00f6ffentlichen Registern eingetragen. Die vollst\u00e4ndige oder teilweise Vervielf\u00e4ltigung und\/oder Ver\u00f6ffentlichung der Website oder ihre elektronische Verarbeitung, Verteilung, Verbreitung, Ver\u00e4nderung oder Umwandlung ist ohne vorherige schriftliche Genehmigung nicht gestattet. \"Advanced Seeds\" wird die Einhaltung der oben genannten Bedingungen sowie die ordnungsgem\u00e4\u00dfe Nutzung der auf seinen Webseiten pr\u00e4sentierten Inhalte sicherstellen und alle zivil- und strafrechtlichen Ma\u00dfnahmen ergreifen, die im Falle einer Verletzung oder eines Versto\u00dfes gegen diese Rechte durch den Nutzer gelten.<\/p>\n<p>Die Designs, Logos, Texte und\/oder Grafiken, die nicht zu \"Advanced Seeds\" geh\u00f6ren und die auf der Website erscheinen k\u00f6nnen, geh\u00f6ren ihren jeweiligen Eigent\u00fcmern, die selbst f\u00fcr eventuelle Kontroversen in Bezug auf dieselben verantwortlich sind. In jedem Fall hat \"Advanced Seeds\" die ausdr\u00fcckliche vorherige Genehmigung der Eigent\u00fcmer. \"Advanced Seeds\" erkennt die entsprechenden gewerblichen und geistigen Eigentumsrechte zugunsten ihrer Eigent\u00fcmer an, und ihre blo\u00dfe Erw\u00e4hnung oder ihr Erscheinen auf der Website impliziert weder das Vorhandensein irgendwelcher Rechte oder Verantwortlichkeiten der verantwortlichen Partei in Bezug auf diese, noch irgendeine Bef\u00fcrwortung, Unterst\u00fctzung oder Empfehlung von Seiten derselben.<\/p>\n<h2>Links von Dritten<\/h2>\n<p>\"Advanced Seeds\" kann dem Nutzer Links oder andere Elemente zur Verf\u00fcgung stellen, die den Zugang zu anderen Websites erm\u00f6glichen, die Dritten geh\u00f6ren. Wir vermarkten weder die Produkte und\/oder Dienstleistungen dieser verlinkten Seiten, noch \u00fcbernehmen wir irgendeine Verantwortung f\u00fcr diese, noch f\u00fcr die darin enthaltenen Informationen, noch f\u00fcr deren Wahrheitsgehalt oder Rechtm\u00e4\u00dfigkeit, noch f\u00fcr die Auswirkungen, die sich daraus ergeben k\u00f6nnen.<\/p>\n<p>In jedem Fall erkl\u00e4rt \"Advanced Seeds\", dass es Inhalte, die gegen die nationale oder internationale Gesetzgebung, die Moral oder die \u00f6ffentliche Ordnung versto\u00dfen k\u00f6nnten, unverz\u00fcglich entfernen und die Weiterleitung zu dieser Website sofort aufheben wird, indem es die zust\u00e4ndigen Beh\u00f6rden \u00fcber den fraglichen Inhalt informiert.<\/p>\n<h2>Anwendbares Recht und Gerichtsstand<\/h2>\n<p>Die Sprache, in der dieser rechtliche Hinweis verfasst und ausgelegt wird, ist Spanisch.<\/p>\n<p>Die Beziehung zwischen \"Advanced Seeds\" und dem Nutzer unterliegt in all ihren Aspekten dem spanischen Recht, dem sich beide Parteien im Falle von Streitigkeiten oder Fragen im Zusammenhang mit dieser Website oder den darin durchgef\u00fchrten Aktivit\u00e4ten ausdr\u00fccklich unterwerfen.<\/p>\n<p>F\u00fcr den Fall, dass sich der Wohnsitz des Nutzers au\u00dferhalb Spaniens befindet, erkl\u00e4ren sich \"Advanced Seeds\" und der Nutzer damit einverstanden, sich den zust\u00e4ndigen Gerichten Spaniens zu unterwerfen, wobei sie ausdr\u00fccklich auf jede andere Zust\u00e4ndigkeit verzichten.<\/p>\n\n\t\t<\/div>\n\n\t\t\n<style>\n#section_639053449 {\n  padding-top: 30px;\n  padding-bottom: 30px;\n  background-color: rgb(0,0,0);\n}\n<\/style>\n\t<\/section>\n\t\n\n\t\t<\/div>\n\t\t\t\t\t<\/div>\n\n\t\n\n<\/div>","protected":false},"excerpt":{"rendered":"","protected":false},"author":532,"featured_media":0,"parent":0,"menu_order":0,"comment_status":"closed","ping_status":"closed","template":"","meta":{"_acf_changed":false,"footnotes":""},"class_list":["post-2199","page","type-page","status-publish","hentry"],"acf":[],"yoast_head":"<!-- This site is optimized with the Yoast SEO Premium plugin v26.3 (Yoast SEO v26.6) - https:\/\/yoast.com\/wordpress\/plugins\/seo\/ -->\n<title>Aviso Legal - Advanced Seeds<\/title>\n<meta name=\"robots\" content=\"index, follow, max-snippet:-1, max-image-preview:large, max-video-preview:-1\" \/>\n<link rel=\"canonical\" href=\"https:\/\/advancedseeds.com\/de\/aviso-legal\/\" \/>\n<meta property=\"og:locale\" content=\"de_DE\" \/>\n<meta property=\"og:type\" content=\"article\" \/>\n<meta property=\"og:title\" content=\"Aviso Legal\" \/>\n<meta property=\"og:url\" content=\"https:\/\/advancedseeds.com\/de\/aviso-legal\/\" \/>\n<meta property=\"og:site_name\" content=\"Advanced Seeds\" \/>\n<meta property=\"article:modified_time\" content=\"2025-08-06T07:48:41+00:00\" \/>\n<meta name=\"twitter:card\" content=\"summary_large_image\" \/>\n<script type=\"application\/ld+json\" class=\"yoast-schema-graph\">{\"@context\":\"https:\/\/schema.org\",\"@graph\":[{\"@type\":\"WebPage\",\"@id\":\"https:\/\/advancedseeds.com\/aviso-legal\/\",\"url\":\"https:\/\/advancedseeds.com\/aviso-legal\/\",\"name\":\"Aviso Legal - Advanced Seeds\",\"isPartOf\":{\"@id\":\"https:\/\/advancedseeds.com\/#website\"},\"datePublished\":\"2021-06-14T16:47:21+00:00\",\"dateModified\":\"2025-08-06T07:48:41+00:00\",\"breadcrumb\":{\"@id\":\"https:\/\/advancedseeds.com\/aviso-legal\/#breadcrumb\"},\"inLanguage\":\"de\",\"potentialAction\":[{\"@type\":\"ReadAction\",\"target\":[\"https:\/\/advancedseeds.com\/aviso-legal\/\"]}]},{\"@type\":\"BreadcrumbList\",\"@id\":\"https:\/\/advancedseeds.com\/aviso-legal\/#breadcrumb\",\"itemListElement\":[{\"@type\":\"ListItem\",\"position\":1,\"name\":\"Home\",\"item\":\"https:\/\/advancedseeds.com\/\"},{\"@type\":\"ListItem\",\"position\":2,\"name\":\"Aviso Legal\"}]},{\"@type\":\"WebSite\",\"@id\":\"https:\/\/advancedseeds.com\/#website\",\"url\":\"https:\/\/advancedseeds.com\/\",\"name\":\"Advanced Seeds\",\"description\":\"Gen\u00e9ticas Avanzadas en semillas feminizadas y autom\u00e1ticas.\",\"publisher\":{\"@id\":\"https:\/\/advancedseeds.com\/#organization\"},\"potentialAction\":[{\"@type\":\"SearchAction\",\"target\":{\"@type\":\"EntryPoint\",\"urlTemplate\":\"https:\/\/advancedseeds.com\/?s={search_term_string}\"},\"query-input\":{\"@type\":\"PropertyValueSpecification\",\"valueRequired\":true,\"valueName\":\"search_term_string\"}}],\"inLanguage\":\"de\"},{\"@type\":\"Organization\",\"@id\":\"https:\/\/advancedseeds.com\/#organization\",\"name\":\"Advanced Seeds\",\"url\":\"https:\/\/advancedseeds.com\/\",\"logo\":{\"@type\":\"ImageObject\",\"inLanguage\":\"de\",\"@id\":\"https:\/\/advancedseeds.com\/#\/schema\/logo\/image\/\",\"url\":\"https:\/\/advancedseeds.com\/web\/wp-content\/uploads\/2021\/01\/logo-advanced.jpg\",\"contentUrl\":\"https:\/\/advancedseeds.com\/web\/wp-content\/uploads\/2021\/01\/logo-advanced.jpg\",\"width\":600,\"height\":600,\"caption\":\"Advanced Seeds\"},\"image\":{\"@id\":\"https:\/\/advancedseeds.com\/#\/schema\/logo\/image\/\"}}]}<\/script>\n<!-- \/ Yoast SEO Premium plugin. -->","yoast_head_json":{"title":"Aviso Legal - Advanced Seeds","robots":{"index":"index","follow":"follow","max-snippet":"max-snippet:-1","max-image-preview":"max-image-preview:large","max-video-preview":"max-video-preview:-1"},"canonical":"https:\/\/advancedseeds.com\/de\/aviso-legal\/","og_locale":"de_DE","og_type":"article","og_title":"Aviso Legal","og_url":"https:\/\/advancedseeds.com\/de\/aviso-legal\/","og_site_name":"Advanced Seeds","article_modified_time":"2025-08-06T07:48:41+00:00","twitter_card":"summary_large_image","schema":{"@context":"https:\/\/schema.org","@graph":[{"@type":"WebPage","@id":"https:\/\/advancedseeds.com\/aviso-legal\/","url":"https:\/\/advancedseeds.com\/aviso-legal\/","name":"Aviso Legal - Advanced Seeds","isPartOf":{"@id":"https:\/\/advancedseeds.com\/#website"},"datePublished":"2021-06-14T16:47:21+00:00","dateModified":"2025-08-06T07:48:41+00:00","breadcrumb":{"@id":"https:\/\/advancedseeds.com\/aviso-legal\/#breadcrumb"},"inLanguage":"de","potentialAction":[{"@type":"ReadAction","target":["https:\/\/advancedseeds.com\/aviso-legal\/"]}]},{"@type":"BreadcrumbList","@id":"https:\/\/advancedseeds.com\/aviso-legal\/#breadcrumb","itemListElement":[{"@type":"ListItem","position":1,"name":"Home","item":"https:\/\/advancedseeds.com\/"},{"@type":"ListItem","position":2,"name":"Aviso Legal"}]},{"@type":"WebSite","@id":"https:\/\/advancedseeds.com\/#website","url":"https:\/\/advancedseeds.com\/","name":"Advanced Seeds","description":"Fortschrittliche Genetik in feminisierten und automatischen Samen.","publisher":{"@id":"https:\/\/advancedseeds.com\/#organization"},"potentialAction":[{"@type":"SearchAction","target":{"@type":"EntryPoint","urlTemplate":"https:\/\/advancedseeds.com\/?s={search_term_string}"},"query-input":{"@type":"PropertyValueSpecification","valueRequired":true,"valueName":"search_term_string"}}],"inLanguage":"de"},{"@type":"Organization","@id":"https:\/\/advancedseeds.com\/#organization","name":"Advanced Seeds","url":"https:\/\/advancedseeds.com\/","logo":{"@type":"ImageObject","inLanguage":"de","@id":"https:\/\/advancedseeds.com\/#\/schema\/logo\/image\/","url":"https:\/\/advancedseeds.com\/web\/wp-content\/uploads\/2021\/01\/logo-advanced.jpg","contentUrl":"https:\/\/advancedseeds.com\/web\/wp-content\/uploads\/2021\/01\/logo-advanced.jpg","width":600,"height":600,"caption":"Advanced Seeds"},"image":{"@id":"https:\/\/advancedseeds.com\/#\/schema\/logo\/image\/"}}]}},"_links":{"self":[{"href":"https:\/\/advancedseeds.com\/de\/wp-json\/wp\/v2\/pages\/2199","targetHints":{"allow":["GET"]}}],"collection":[{"href":"https:\/\/advancedseeds.com\/de\/wp-json\/wp\/v2\/pages"}],"about":[{"href":"https:\/\/advancedseeds.com\/de\/wp-json\/wp\/v2\/types\/page"}],"author":[{"embeddable":true,"href":"https:\/\/advancedseeds.com\/de\/wp-json\/wp\/v2\/users\/532"}],"replies":[{"embeddable":true,"href":"https:\/\/advancedseeds.com\/de\/wp-json\/wp\/v2\/comments?post=2199"}],"version-history":[{"count":3,"href":"https:\/\/advancedseeds.com\/de\/wp-json\/wp\/v2\/pages\/2199\/revisions"}],"predecessor-version":[{"id":26168,"href":"https:\/\/advancedseeds.com\/de\/wp-json\/wp\/v2\/pages\/2199\/revisions\/26168"}],"wp:attachment":[{"href":"https:\/\/advancedseeds.com\/de\/wp-json\/wp\/v2\/media?parent=2199"}],"curies":[{"name":"wp","href":"https:\/\/api.w.org\/{rel}","templated":true}]}}