{"id":2202,"date":"2021-06-14T17:51:24","date_gmt":"2021-06-14T16:51:24","guid":{"rendered":"https:\/\/advancedseeds.com\/web\/?page_id=2202"},"modified":"2025-08-06T08:49:55","modified_gmt":"2025-08-06T07:49:55","slug":"politica-de-privacidad","status":"publish","type":"page","link":"https:\/\/advancedseeds.com\/de\/politica-de-privacidad\/","title":{"rendered":"Datenschutzbestimmungen"},"content":{"rendered":"<div class=\"row row-collapse\"  id=\"row-1079597967\">\n\n\n\t<div id=\"col-885465548\" class=\"col small-12 large-12\"  >\n\t\t\t\t<div class=\"col-inner\"  >\n\t\t\t\n\t\t\t\n\n\n\t<section class=\"section\" id=\"section_1224114638\">\n\t\t<div class=\"section-bg fill\" >\n\t\t\t\t\t\t\t\t\t\n\t\t\t\n\n\t\t<\/div>\n\n\t\t\n\n\t\t<div class=\"section-content relative\">\n\t\t\t\n\n<div class=\"container section-title-container\" ><h1 class=\"section-title section-title-bold-center\"><b aria-hidden=\"true\"><\/b><span class=\"section-title-main\" >Datenschutzbestimmungen<\/span><b aria-hidden=\"true\"><\/b><\/h1><\/div>\n\n<p>\"Advanced Seeds\" verpflichtet sich zur Einhaltung der spanischen und europ\u00e4ischen Vorschriften zum Schutz personenbezogener Daten und garantiert die vollst\u00e4ndige Einhaltung der festgelegten Verpflichtungen sowie die Umsetzung der Sicherheitsma\u00dfnahmen, die in der Allgemeinen Datenschutzverordnung (GDPR) (EU) 2016\/679 vom 27. April und im Organgesetz 3\/2018 vom 5. Dezember \u00fcber den Schutz personenbezogener Daten und die Gew\u00e4hrleistung digitaler Rechte (LOPD und GDD, im Folgenden LOPD) festgelegt sind.<\/p>\n<p>In \u00dcbereinstimmung mit diesen Vorschriften informieren wir Sie dar\u00fcber, dass Sie bei der Nutzung unserer Website m\u00f6glicherweise bestimmte personenbezogene Daten \u00fcber Registrierungs- oder Kontaktformulare oder durch das Versenden von E-Mails angeben m\u00fcssen und dass diese Daten von \" verarbeitet werden.<strong>Fortgeschrittenes Saatgut<\/strong>Der Verantwortliche f\u00fcr die Verarbeitung, dessen Angaben sind:<\/p>\n<ul>\n<li><strong>Name des Unternehmens<\/strong>: Garden Seeds Trading, S.L.<\/li>\n<li><strong>UMSATZSTEUER-IDENTIFIKATIONSNUMMER <\/strong>: B73603805\u00a0<\/li>\n<li><strong>Eingetragener Firmensitz<\/strong>Anschrift: C\/ Villanueva del Segura, 5, 30500, Murcia, Spanien.<\/li>\n<li><strong>Telefon<\/strong>: 968 629 309<\/li>\n<li><strong>eMail<\/strong>: <a href=\"mailto:info@00seeds.com\">info@advancedseeds.com<\/a><\/li>\n<\/ul>\n<h2>Erhebung und Verarbeitung pers\u00f6nlicher Daten<\/h2>\n<p>Personenbezogene Daten sind alle Informationen, die sich auf eine Person beziehen: Name, E-Mail, Adresse, Telefonnummer, NIF\/NIE... Wenn ein Benutzer unsere Website besucht, werden au\u00dferdem bestimmte Informationen aus technischen Gr\u00fcnden automatisch gespeichert, wie z.B. die IP-Adresse, die von seinem Internetzugangsanbieter zugewiesen wird.<\/p>\n<p>\"Advanced Seeds ist als f\u00fcr die Datenverarbeitung Verantwortlicher verpflichtet, die Nutzer seiner Website \u00fcber die Erhebung personenbezogener Daten zu informieren, die entweder per E-Mail oder durch Ausf\u00fcllen der auf der Website enthaltenen Formulare erfolgen kann.<\/p>\n<p>Es werden nur die Daten erhoben, die notwendig sind, um die vertraglich vereinbarte Dienstleistung zu erbringen oder um auf die vom Nutzer gestellte Informationsanfrage angemessen reagieren zu k\u00f6nnen. Bei den erhobenen Daten handelt es sich um identifizierende Daten, die einem angemessenen Minimum entsprechen, um die ausgef\u00fchrte Aktivit\u00e4t durchf\u00fchren zu k\u00f6nnen. Insbesondere werden zu keinem Zeitpunkt besonders gesch\u00fctzte Daten erhoben. Unter keinen Umst\u00e4nden werden die Daten f\u00fcr einen anderen Zweck als den, f\u00fcr den sie erhoben wurden, verwendet.<\/p>\n<p><u>Kontaktformulare\/E-Mail <\/u><\/p>\n<p><em>Zweck<\/em>: Um Ihre Anfrage nach Informationen zu beantworten, die Sie \u00fcber unser(e) Kontaktformular(e) gestellt haben.<\/p>\n<p><em>Legitimation<\/em>Die Rechtsgrundlage f\u00fcr diese Verarbeitung ist die Einwilligung des Nutzers, die jederzeit widerrufen werden kann.<\/p>\n<p><em>\u00dcbertragung von Daten<\/em>Pers\u00f6nliche Daten werden \u00fcber Server verarbeitet, die von <a href=\"https:\/\/www.ovh.es\/\">OVH<\/a>der als der Datenverarbeiter gilt.<\/p>\n<p><u>Anmeldung\/Registrierungsformulare <\/u><u>Kunde\/Auftragsvergabe<\/u><\/p>\n<p><em>Verwendungszwecke<\/em>:<\/p>\n<ul>\n<li>Verwalten Sie Ihre Benutzerregistrierung auf unserer Website.<\/li>\n<li>Verwalten Sie get\u00e4tigte K\u00e4ufe.<\/li>\n<li>Informieren Sie sich \u00fcber die Bearbeitung und den Status von Eink\u00e4ufen.<\/li>\n<li>Historische Aufzeichnung der auf unserer Website get\u00e4tigten K\u00e4ufe.<\/li>\n<li>Verwaltung von Kommentaren und Inhalten.<\/li>\n<li>Versand von Mitteilungen per E-Mail und\/oder Telefon, um den Benutzer \u00fcber m\u00f6gliche Vorf\u00e4lle, Fehler, Probleme und\/oder den Status von Bestellungen zu informieren.<\/li>\n<\/ul>\n<p><em>Legitimation<\/em>Die Rechtsgrundlage f\u00fcr diese Verarbeitung ist die Erf\u00fcllung eines Vertrags.<\/p>\n<p><em>\u00dcbertragung von Daten<\/em>Advanced Seeds\" wird Ihre Daten nicht an Dritte weitergeben oder \u00fcbermitteln, au\u00dfer in den gesetzlich vorgesehenen F\u00e4llen oder wenn dies f\u00fcr die Erbringung einer Dienstleistung unbedingt erforderlich ist. Insbesondere k\u00f6nnen die Daten an folgende Stellen \u00fcbermittelt werden:<\/p>\n<ul>\n<li>Technologie- oder IT-Dienstleister.<\/li>\n<li>Anbieter von Zahlungsdiensten.<\/li>\n<li>Kurier- und Paketdienste.<\/li>\n<li>Dritte oder Vermittler, die als Dienstleister in unserem eigenen Namen t\u00e4tig sind (Agentur, Beratung, etc.).<\/li>\n<\/ul>\n<p>Die \u00dcbermittlung der Daten erfolgt unter strengster Vertraulichkeit und unter Anwendung der erforderlichen Ma\u00dfnahmen, wie z.B. der Unterzeichnung von Vertraulichkeitsvertr\u00e4gen oder der Einhaltung der Datenschutzrichtlinien, die auf den jeweiligen Websites zu finden sind. Der Nutzer kann die \u00dcbermittlung seiner Daten an die Datenverarbeiter durch einen schriftlichen Antrag auf einem der vorgenannten Wege ablehnen.<\/p>\n<p>Dar\u00fcber hinaus k\u00f6nnen die Kundendaten in den F\u00e4llen, in denen dies erforderlich ist, an bestimmte Stellen weitergegeben werden, um einer gesetzlichen Verpflichtung nachzukommen: Spanische Steuerbeh\u00f6rde, Banken, Arbeitsaufsichtsbeh\u00f6rde usw.<\/p>\n<p><u>Feedback-Formular<\/u><\/p>\n<p><em>Zweck<\/em>: Geben Sie einen Kommentar oder eine Rezension zur Ver\u00f6ffentlichung auf der Website ab.<\/p>\n<p><em>Legitimation<\/em>Die Rechtsgrundlage f\u00fcr diese Verarbeitung ist die Einwilligung des Nutzers, die jederzeit widerrufen werden kann.<\/p>\n<p><em>\u00dcbertragung von Daten<\/em>Die personenbezogenen Daten werden \u00fcber die Server dieser Website verarbeitet, die von <a href=\"https:\/\/www.ovh.es\/\">OVH<\/a>der als der Datenverarbeiter gilt.<\/p>\n<h2>Minderj\u00e4hrige<\/h2>\n<p>Nur Personen \u00fcber 14 Jahre k\u00f6nnen auf dieser Website personenbezogene Daten angeben. Wie von der LOPD und der GDD vorgeschrieben, ist im Falle von Kindern unter 14 Jahren die Zustimmung ihrer Eltern oder Erziehungsberechtigten eine zwingende Voraussetzung f\u00fcr die Verarbeitung ihrer personenbezogenen Daten durch uns.<\/p>\n<p>Andererseits k\u00f6nnen unsere Dienstleistungen nur von Personen in Anspruch genommen werden, die \u00fcber 18 Jahre alt sind. Bei Minderj\u00e4hrigen unter 18 Jahren ist die Zustimmung der Eltern oder Erziehungsberechtigten eine zwingende Voraussetzung f\u00fcr die Erbringung der angebotenen Dienstleistungen, es sei denn, der Minderj\u00e4hrige ist vollj\u00e4hrig.<\/p>\n<h2>Benutzer-Registrierung<\/h2>\n<p>Wenn sich der Benutzer \u00fcber das entsprechende Formular registriert, erfassen wir unter anderem folgende Informationen:<\/p>\n<ul>\n<li>Vorname und Nachname<\/li>\n<li>E-Mail und\/oder Telefon<\/li>\n<li>Lieferadressen<\/li>\n<li>IP<\/li>\n<li>Benutzername\/Passwort<\/li>\n<\/ul>\n<p>Dar\u00fcber hinaus muss der Nutzer die Vertragsbedingungen akzeptieren, die in einem anderen Abschnitt der Website aufgef\u00fchrt sind.<\/p>\n<p>Der Benutzer muss auch ein Passwort angeben, das bestimmten Sicherheitsanforderungen entsprechen muss. Sie verfallen nicht. Um das Passwort wiederherzustellen, muss der Nutzer das entsprechende Formular aufrufen und seine E-Mail-Adresse eingeben, um den Vorgang fortzusetzen und das Passwort zu \u00e4ndern, indem er auf den Link klickt, der an die angegebene E-Mail-Adresse geschickt wird. Der Nutzer ist f\u00fcr die Geheimhaltung seines Passworts sowie f\u00fcr dessen Verwendung verantwortlich. Sie m\u00fcssen \"Advanced Seeds\" so schnell wie m\u00f6glich \u00fcber jede unbefugte Nutzung Ihres Kontos oder Passworts informieren.<\/p>\n<p>Nach der Registrierung hat der Benutzer Zugang zu einem privaten Bereich, in dem er bestimmte Inhalte einsehen, get\u00e4tigte K\u00e4ufe registrieren kann usw. Er kann auch seine Kontooptionen verwalten, wie z.B. sein Passwort oder seine Benutzerdaten.<\/p>\n<p>Der Nutzer kann die folgenden Benachrichtigungen erhalten:<\/p>\n<ul>\n<li>Bei der Registrierung auf der Plattform (E-Mail zur Kontobest\u00e4tigung).<\/li>\n<li>Bei Eink\u00e4ufen, wie z.B. Kaufnachweis, Vorf\u00e4lle, get\u00e4tigte Sendungen, etc.<\/li>\n<li>F\u00fcr die abgegebenen Kommentare und die Antworten darauf.<\/li>\n<li>Durch die Wiederherstellung des Passworts (im vorherigen Feld angegeben).<\/li>\n<li>Wenn Sie sich abmelden oder das Konto l\u00f6schen.<\/li>\n<\/ul>\n<h2>Sicherheitsma\u00dfnahmen<\/h2>\n<p>Die Nutzer der Website \"Advanced Seeds\" werden dar\u00fcber informiert, dass die uns zur Verf\u00fcgung stehenden technischen und organisatorischen Sicherheitsma\u00dfnahmen ergriffen wurden, um den Verlust, den Missbrauch, die Ver\u00e4nderung, den unbefugten Zugriff und den Diebstahl von Daten zu verhindern und somit die Vertraulichkeit, die Integrit\u00e4t und die Qualit\u00e4t der darin enthaltenen Informationen gem\u00e4\u00df den Bestimmungen der geltenden Datenschutzgesetze zu gew\u00e4hrleisten. Die in den Formularen erhobenen personenbezogenen Daten werden nur von den Mitarbeitern von \"Advanced Seeds\" oder den benannten Datenverarbeitern verarbeitet.<\/p>\n<p>Die \"Advanced Seeds\"-Website verf\u00fcgt au\u00dferdem \u00fcber eine SSL-Verschl\u00fcsselung, die es dem Nutzer erm\u00f6glicht, seine pers\u00f6nlichen Daten \u00fcber die Kontakt- oder Registrierungsformulare auf der Website sicher zu \u00fcbermitteln.<\/p>\n<h2>Wahrheitsgehalt der Daten<\/h2>\n<p>Der Nutzer erkl\u00e4rt, dass alle von ihm angegebenen Daten wahr und richtig sind und verpflichtet sich, sie auf dem neuesten Stand zu halten. Der Nutzer ist f\u00fcr die Richtigkeit seiner Daten verantwortlich und haftet allein f\u00fcr alle Streitigkeiten oder Rechtsstreitigkeiten, die sich aus der Falschheit dieser Daten ergeben k\u00f6nnen. Damit wir die pers\u00f6nlichen Daten auf dem neuesten Stand halten k\u00f6nnen, ist es wichtig, dass der Nutzer \"Advanced Seeds\" \u00fcber jede \u00c4nderung der Daten informiert.<\/p>\n<h2>\u00dcbertragung von Daten<\/h2>\n<p>\"Advanced Seeds\" wird Ihre Daten nicht an Dritte weitergeben oder mitteilen, au\u00dfer in den gesetzlich vorgesehenen F\u00e4llen oder wenn die Erbringung einer Dienstleistung eine vertragliche Beziehung mit einem Datenverarbeiter erforderlich macht. Der Nutzer akzeptiert daher, dass einige der erfassten personenbezogenen Daten an diese Datenverarbeiter (Zahlungsplattformen, Agenturen, Vermittler usw.) weitergegeben werden k\u00f6nnen, wenn dies f\u00fcr die effektive Erbringung einer vertraglich vereinbarten Dienstleistung oder eines erworbenen Produkts erforderlich ist. Der Nutzer akzeptiert auch, dass im Falle der Erbringung von Dienstleistungen diese ganz oder teilweise an andere Personen oder Unternehmen weitergegeben werden k\u00f6nnen, die als Datenverarbeiter betrachtet werden, mit denen ein entsprechender Vertraulichkeitsvertrag abgeschlossen wurde oder die sich an ihre Datenschutzrichtlinien gehalten haben, die auf ihren jeweiligen Websites festgelegt sind. Der Nutzer kann die Weitergabe seiner Daten an die Datenverarbeiter durch einen schriftlichen Antrag auf einem der oben genannten Wege ablehnen.<\/p>\n<p>Dar\u00fcber hinaus k\u00f6nnen die Kundendaten in den F\u00e4llen, in denen dies erforderlich ist, an bestimmte Stellen weitergegeben werden, um einer gesetzlichen Verpflichtung nachzukommen: Spanische Steuerbeh\u00f6rde, Banken, Arbeitsaufsichtsbeh\u00f6rde usw.<\/p>\n<h2>Aus\u00fcbung von Benutzerrechten<\/h2>\n<p>Die LOPD und GDD sowie die RGPD gew\u00e4hren den Betroffenen die M\u00f6glichkeit, eine Reihe von Rechten im Zusammenhang mit der Verarbeitung ihrer personenbezogenen Daten auszu\u00fcben. Zu diesem Zweck muss sich der Nutzer unter Vorlage eines Identit\u00e4tsnachweises (Personalausweis oder Reisepass) per E-Mail an info@advancedseeds.com oder schriftlich an die in unserem Impressum angegebene Adresse wenden. Diese Mitteilung muss folgende Angaben enthalten: Vor- und Nachname des Nutzers, Zweck der Anfrage, Adresse und unterst\u00fctzende Daten.<\/p>\n<p>Die Aus\u00fcbung der Rechte muss durch den Nutzer selbst erfolgen. Sie k\u00f6nnen jedoch auch von einer Person ausge\u00fcbt werden, die als gesetzlicher Vertreter des Nutzers bevollm\u00e4chtigt ist, sofern sie die Unterlagen vorlegt, die eine solche Vertretung best\u00e4tigen.<\/p>\n<p>Der Nutzer kann die Aus\u00fcbung der folgenden Rechte beantragen:<\/p>\n<ul>\n<li>Recht auf Anforderung der <strong>Zugang<\/strong> auf personenbezogene Daten, d.h. das Recht, Auskunft dar\u00fcber zu erhalten, ob eigene personenbezogene Daten verarbeitet werden, den Zweck der Verarbeitung, die gegebenenfalls erfolgt, sowie die verf\u00fcgbaren Informationen \u00fcber die Herkunft dieser Daten und die erfolgten oder geplanten Mitteilungen dieser Daten.<\/li>\n<li>Recht auf Anfrage Ihrer <strong>Rektifikation<\/strong>wenn die personenbezogenen Daten unrichtig oder ungenau sind, oder <strong>L\u00f6schung <\/strong>von Daten, die sich als unzureichend oder \u00fcbertrieben erweisen.<\/li>\n<li>Recht auf Anforderung der <strong>Einschr\u00e4nkung<\/strong> in diesem Fall werden nur die Daten, die f\u00fcr die Geltendmachung oder Verteidigung von Anspr\u00fcchen unbedingt erforderlich sind, von \"Advanced Seeds\" gespeichert.<\/li>\n<li>Recht auf <strong>Objekt<\/strong> gegen die Verarbeitung: Dies bezieht sich auf das Recht der betroffenen Person, die Verarbeitung ihrer personenbezogenen Daten zu verweigern oder die Verarbeitung einzustellen, wenn ihre Einwilligung f\u00fcr die Verarbeitung nicht erforderlich ist, wenn es sich um Dateien f\u00fcr die kommerzielle Werbung handelt oder um Entscheidungen in Bezug auf die betroffene Person zu treffen, die ausschlie\u00dflich auf der automatisierten Verarbeitung ihrer Daten beruhen, es sei denn, die Daten m\u00fcssen aus legitimen Gr\u00fcnden oder zur Geltendmachung oder Verteidigung etwaiger Anspr\u00fcche weiter verarbeitet werden.<\/li>\n<li>Recht auf <strong>Tragbarkeit<\/strong> Daten\u00fcbertragbarkeit: Falls Sie m\u00f6chten, dass Ihre Daten von einem anderen Unternehmen verarbeitet werden, bietet \"Advanced Seeds\" Ihnen die \u00dcbertragbarkeit Ihrer Daten in einem exportierbaren Format an.<\/li>\n<\/ul>\n<p>Wenn die Zustimmung f\u00fcr einen bestimmten Zweck erteilt wurde, <strong>der Nutzer hat das Recht, seine Zustimmung jederzeit zu widerrufen<\/strong>ohne dass die Rechtm\u00e4\u00dfigkeit der auf der Einwilligung beruhenden Verarbeitung vor deren Widerruf ber\u00fchrt wird.<\/p>\n<p>Wir verpflichten uns, alle diese Rechte innerhalb der gesetzlichen H\u00f6chstfrist (1 Monat) zu erf\u00fcllen.<\/p>\n<p>Wenn ein Nutzer der Ansicht ist, dass es ein Problem mit der Art und Weise gibt, wie \"Advanced Seeds\" mit seinen Daten umgeht, kann er sich mit seinen Beschwerden an den Sicherheitsbeauftragten oder an die entsprechende Datenschutzbeh\u00f6rde wenden, wobei im Falle Spaniens die spanische Datenschutzbeh\u00f6rde angegeben ist.<\/p>\n<h2>Vorratsdatenspeicherung<\/h2>\n<p>Die personenbezogenen Daten von Nutzern, die das Kontaktformular verwenden oder uns eine E-Mail mit der Bitte um Informationen senden, werden so lange verarbeitet, wie es f\u00fcr die Beantwortung der Informationsanfrage unbedingt erforderlich ist, oder bis die erteilte Zustimmung widerrufen wird.<\/p>\n<p>Die personenbezogenen Daten des Kunden werden bis zur Beendigung des Vertragsverh\u00e4ltnisses verarbeitet. Die Aufbewahrungsdauer der personenbezogenen Daten ist das notwendige Minimum und kann bis zum Ende der Vertragsbeziehung aufbewahrt werden:<\/p>\n<ul>\n<li>4 Jahre: Gesetz \u00fcber Straftaten und Sanktionen in der Sozialordnung (Verpflichtungen in Bezug auf Mitgliedschaft, An- und Abmeldungen, Beitr\u00e4ge, Lohnzahlungen...); Art. 66 ff. des Allgemeinen Steuergesetzes (Buchf\u00fchrung...)<\/li>\n<li>5 Jahre: Art. 1964 Zivilgesetzbuch (pers\u00f6nliche Klagen ohne besondere zeitliche Begrenzung)<\/li>\n<li>6 Jahre: Art. 30 Handelsgesetzbuch (Gesch\u00e4ftsb\u00fccher, Rechnungen...)<\/li>\n<li>10 Jahre: Art. 25 Gesetz zur Verhinderung von Geldw\u00e4sche und Terrorismusfinanzierung (Prevention of Money Laundering and Terrorist Financing Act).<\/li>\n<li>Keine Frist: disaggregierte und anonymisierte Daten.<\/li>\n<\/ul>\n<p>Bei der Verarbeitung von Bewerberdaten (Lebenslauf) kann \"Advanced Seeds\" den Lebenslauf maximal zwei Jahre lang speichern, um ihn in zuk\u00fcnftige Ausschreibungen einflie\u00dfen zu lassen, es sei denn, der Kandidat erkl\u00e4rt etwas anderes.<\/p>\n<h2>Personalauswahl<\/h2>\n<p>Bewerber, die elektronische Mitteilungen an \"Advanced Seeds\" senden, um Zugang zu den Personalauswahlverfahren des Managers zu erhalten, erm\u00e4chtigen uns, die von ihnen gesendeten Dokumente (z.B. ihren Lebenslauf), alle Inhalte, die \u00fcber Internet-Suchmaschinen (z.B. Google) direkt zug\u00e4nglich sind, die Profile, die sie in professionellen sozialen Netzwerken (z.B. LinkedIn) unterhalten, die in den Eingangstests erhaltenen Daten und die Informationen, die sie im Vorstellungsgespr\u00e4ch preisgeben, mit dem Ziel zu analysieren, ihre Kandidatur zu bewerten und ihnen gegebenenfalls eine Stelle anbieten zu k\u00f6nnen. F\u00fcr den Fall, dass der Kandidat nicht ausgew\u00e4hlt wird, kann \"Advanced Seeds\" seinen Lebenslauf f\u00fcr maximal zwei Jahre aufbewahren, um ihn in zuk\u00fcnftige Ausschreibungen einzubeziehen, sofern der Kandidat nichts anderes angibt. Die Rechtsgrundlage f\u00fcr diese Verarbeitung ist die Zustimmung des Interessenten, die jederzeit widerrufen werden kann.<\/p>\n<h2>Vertraulichkeit<\/h2>\n<p>Die vom Nutzer zur Verf\u00fcgung gestellten Informationen werden in jedem Fall als vertraulich betrachtet und d\u00fcrfen nicht f\u00fcr andere als die hier beschriebenen Zwecke verwendet werden. \"Advanced Seeds\" verpflichtet sich, keine Informationen \u00fcber die Anspr\u00fcche des Nutzers, die Gr\u00fcnde f\u00fcr die angeforderte Beratung oder die Dauer der Beziehung zum Nutzer weiterzugeben oder zu offenbaren.<\/p>\n<h2>G\u00fcltigkeit<\/h2>\n<p>Diese Datenschutzerkl\u00e4rung wurde von ExpertosLOPD\u00ae erstellt, einer Anwaltskanzlei, die sich auf <a href=\"https:\/\/www.expertoslopd.es\/adaptacion-lopd-tiendas-online\/\">datenschutz f\u00fcr online-shops<\/a>Es liegt in der Verantwortung der betroffenen Person, das aktualisierte Dokument zu lesen, um ihre Rechte und Pflichten zu jedem Zeitpunkt zu kennen.<\/p>\n\n\t\t<\/div>\n\n\t\t\n<style>\n#section_1224114638 {\n  padding-top: 30px;\n  padding-bottom: 30px;\n  background-color: rgb(0,0,0);\n}\n<\/style>\n\t<\/section>\n\t\n\n\t\t<\/div>\n\t\t\t\t\t<\/div>\n\n\t\n\n<\/div>","protected":false},"excerpt":{"rendered":"","protected":false},"author":532,"featured_media":0,"parent":0,"menu_order":0,"comment_status":"closed","ping_status":"closed","template":"","meta":{"_acf_changed":false,"footnotes":""},"class_list":["post-2202","page","type-page","status-publish","hentry"],"acf":[],"yoast_head":"<!-- This site is optimized with the Yoast SEO Premium plugin v26.3 (Yoast SEO v26.6) - https:\/\/yoast.com\/wordpress\/plugins\/seo\/ -->\n<title>Pol\u00edtica de Privacidad - Advanced Seeds<\/title>\n<meta name=\"robots\" content=\"index, follow, max-snippet:-1, max-image-preview:large, max-video-preview:-1\" \/>\n<link rel=\"canonical\" href=\"https:\/\/advancedseeds.com\/de\/politica-de-privacidad\/\" \/>\n<meta property=\"og:locale\" content=\"de_DE\" \/>\n<meta property=\"og:type\" content=\"article\" \/>\n<meta property=\"og:title\" content=\"Pol\u00edtica de Privacidad\" \/>\n<meta property=\"og:url\" content=\"https:\/\/advancedseeds.com\/de\/politica-de-privacidad\/\" \/>\n<meta property=\"og:site_name\" content=\"Advanced Seeds\" \/>\n<meta property=\"article:modified_time\" content=\"2025-08-06T07:49:55+00:00\" \/>\n<meta name=\"twitter:card\" content=\"summary_large_image\" \/>\n<script type=\"application\/ld+json\" class=\"yoast-schema-graph\">{\"@context\":\"https:\/\/schema.org\",\"@graph\":[{\"@type\":\"WebPage\",\"@id\":\"https:\/\/advancedseeds.com\/politica-de-privacidad\/\",\"url\":\"https:\/\/advancedseeds.com\/politica-de-privacidad\/\",\"name\":\"Pol\u00edtica de Privacidad - Advanced Seeds\",\"isPartOf\":{\"@id\":\"https:\/\/advancedseeds.com\/#website\"},\"datePublished\":\"2021-06-14T16:51:24+00:00\",\"dateModified\":\"2025-08-06T07:49:55+00:00\",\"breadcrumb\":{\"@id\":\"https:\/\/advancedseeds.com\/politica-de-privacidad\/#breadcrumb\"},\"inLanguage\":\"de\",\"potentialAction\":[{\"@type\":\"ReadAction\",\"target\":[\"https:\/\/advancedseeds.com\/politica-de-privacidad\/\"]}]},{\"@type\":\"BreadcrumbList\",\"@id\":\"https:\/\/advancedseeds.com\/politica-de-privacidad\/#breadcrumb\",\"itemListElement\":[{\"@type\":\"ListItem\",\"position\":1,\"name\":\"Home\",\"item\":\"https:\/\/advancedseeds.com\/\"},{\"@type\":\"ListItem\",\"position\":2,\"name\":\"Pol\u00edtica de Privacidad\"}]},{\"@type\":\"WebSite\",\"@id\":\"https:\/\/advancedseeds.com\/#website\",\"url\":\"https:\/\/advancedseeds.com\/\",\"name\":\"Advanced Seeds\",\"description\":\"Gen\u00e9ticas Avanzadas en semillas feminizadas y autom\u00e1ticas.\",\"publisher\":{\"@id\":\"https:\/\/advancedseeds.com\/#organization\"},\"potentialAction\":[{\"@type\":\"SearchAction\",\"target\":{\"@type\":\"EntryPoint\",\"urlTemplate\":\"https:\/\/advancedseeds.com\/?s={search_term_string}\"},\"query-input\":{\"@type\":\"PropertyValueSpecification\",\"valueRequired\":true,\"valueName\":\"search_term_string\"}}],\"inLanguage\":\"de\"},{\"@type\":\"Organization\",\"@id\":\"https:\/\/advancedseeds.com\/#organization\",\"name\":\"Advanced Seeds\",\"url\":\"https:\/\/advancedseeds.com\/\",\"logo\":{\"@type\":\"ImageObject\",\"inLanguage\":\"de\",\"@id\":\"https:\/\/advancedseeds.com\/#\/schema\/logo\/image\/\",\"url\":\"https:\/\/advancedseeds.com\/web\/wp-content\/uploads\/2021\/01\/logo-advanced.jpg\",\"contentUrl\":\"https:\/\/advancedseeds.com\/web\/wp-content\/uploads\/2021\/01\/logo-advanced.jpg\",\"width\":600,\"height\":600,\"caption\":\"Advanced Seeds\"},\"image\":{\"@id\":\"https:\/\/advancedseeds.com\/#\/schema\/logo\/image\/\"}}]}<\/script>\n<!-- \/ Yoast SEO Premium plugin. -->","yoast_head_json":{"title":"Pol\u00edtica de Privacidad - Advanced Seeds","robots":{"index":"index","follow":"follow","max-snippet":"max-snippet:-1","max-image-preview":"max-image-preview:large","max-video-preview":"max-video-preview:-1"},"canonical":"https:\/\/advancedseeds.com\/de\/politica-de-privacidad\/","og_locale":"de_DE","og_type":"article","og_title":"Pol\u00edtica de Privacidad","og_url":"https:\/\/advancedseeds.com\/de\/politica-de-privacidad\/","og_site_name":"Advanced Seeds","article_modified_time":"2025-08-06T07:49:55+00:00","twitter_card":"summary_large_image","schema":{"@context":"https:\/\/schema.org","@graph":[{"@type":"WebPage","@id":"https:\/\/advancedseeds.com\/politica-de-privacidad\/","url":"https:\/\/advancedseeds.com\/politica-de-privacidad\/","name":"Pol\u00edtica de Privacidad - Advanced Seeds","isPartOf":{"@id":"https:\/\/advancedseeds.com\/#website"},"datePublished":"2021-06-14T16:51:24+00:00","dateModified":"2025-08-06T07:49:55+00:00","breadcrumb":{"@id":"https:\/\/advancedseeds.com\/politica-de-privacidad\/#breadcrumb"},"inLanguage":"de","potentialAction":[{"@type":"ReadAction","target":["https:\/\/advancedseeds.com\/politica-de-privacidad\/"]}]},{"@type":"BreadcrumbList","@id":"https:\/\/advancedseeds.com\/politica-de-privacidad\/#breadcrumb","itemListElement":[{"@type":"ListItem","position":1,"name":"Home","item":"https:\/\/advancedseeds.com\/"},{"@type":"ListItem","position":2,"name":"Pol\u00edtica de Privacidad"}]},{"@type":"WebSite","@id":"https:\/\/advancedseeds.com\/#website","url":"https:\/\/advancedseeds.com\/","name":"Advanced Seeds","description":"Fortschrittliche Genetik in feminisierten und automatischen Samen.","publisher":{"@id":"https:\/\/advancedseeds.com\/#organization"},"potentialAction":[{"@type":"SearchAction","target":{"@type":"EntryPoint","urlTemplate":"https:\/\/advancedseeds.com\/?s={search_term_string}"},"query-input":{"@type":"PropertyValueSpecification","valueRequired":true,"valueName":"search_term_string"}}],"inLanguage":"de"},{"@type":"Organization","@id":"https:\/\/advancedseeds.com\/#organization","name":"Advanced Seeds","url":"https:\/\/advancedseeds.com\/","logo":{"@type":"ImageObject","inLanguage":"de","@id":"https:\/\/advancedseeds.com\/#\/schema\/logo\/image\/","url":"https:\/\/advancedseeds.com\/web\/wp-content\/uploads\/2021\/01\/logo-advanced.jpg","contentUrl":"https:\/\/advancedseeds.com\/web\/wp-content\/uploads\/2021\/01\/logo-advanced.jpg","width":600,"height":600,"caption":"Advanced Seeds"},"image":{"@id":"https:\/\/advancedseeds.com\/#\/schema\/logo\/image\/"}}]}},"_links":{"self":[{"href":"https:\/\/advancedseeds.com\/de\/wp-json\/wp\/v2\/pages\/2202","targetHints":{"allow":["GET"]}}],"collection":[{"href":"https:\/\/advancedseeds.com\/de\/wp-json\/wp\/v2\/pages"}],"about":[{"href":"https:\/\/advancedseeds.com\/de\/wp-json\/wp\/v2\/types\/page"}],"author":[{"embeddable":true,"href":"https:\/\/advancedseeds.com\/de\/wp-json\/wp\/v2\/users\/532"}],"replies":[{"embeddable":true,"href":"https:\/\/advancedseeds.com\/de\/wp-json\/wp\/v2\/comments?post=2202"}],"version-history":[{"count":3,"href":"https:\/\/advancedseeds.com\/de\/wp-json\/wp\/v2\/pages\/2202\/revisions"}],"predecessor-version":[{"id":26270,"href":"https:\/\/advancedseeds.com\/de\/wp-json\/wp\/v2\/pages\/2202\/revisions\/26270"}],"wp:attachment":[{"href":"https:\/\/advancedseeds.com\/de\/wp-json\/wp\/v2\/media?parent=2202"}],"curies":[{"name":"wp","href":"https:\/\/api.w.org\/{rel}","templated":true}]}}