{"id":13694,"date":"2024-02-22T12:30:55","date_gmt":"2024-02-22T11:30:55","guid":{"rendered":"https:\/\/advancedseeds.com\/web\/?post_type=product&#038;p=13694"},"modified":"2025-03-22T17:56:06","modified_gmt":"2025-03-22T16:56:06","slug":"animal-zookies-fem-advanced-seeds","status":"publish","type":"product","link":"https:\/\/advancedseeds.com\/de\/tienda\/feminizadas\/animal-zookies-fem-advanced-seeds\/","title":{"rendered":"Animal Zookies"},"content":{"rendered":"<p><span style=\"font-weight: 400\">Nat\u00fcrlich braucht man eine Cannabissorte, die alles hat, aber das ist schwierig... Bis jetzt. Die <\/span><a href=\"https:\/\/advancedseeds.com\/web\/categoria-producto\/feminizadas\/\"><b>feminisierte Samen<\/b><\/a><b> Animal Zookies<\/b><span style=\"font-weight: 400\"> von Advanced Seeds sind eine hervorragende Wahl f\u00fcr Cannabis-Liebhaber. Ein potenter Hybrid mit 28% THC, diese Samen versprechen einen lohnenden Anbau und eine unvergessliche Erfahrung, mit gro\u00dfen Gesamtertr\u00e4gen, hervorragenden organoleptischen Eigenschaften und einer Wirkung, die aufgrund ihrer Potenz nicht f\u00fcr alle Nutzer geeignet ist.<\/span><\/p>\n<h2><span style=\"font-weight: 400\">\u00a0Was sind die genetischen Eigenschaften dieser Samen?<\/span><\/h2>\n<p><span style=\"font-weight: 400\">Die feminisierten Samen Animal Zookies von Advanced Seeds sind ein perfekt ausbalancierter Hybrid, das Ergebnis der <\/span><b>Kreuzung aus Tierkeksen und Zookies<\/b><span style=\"font-weight: 400\">. Diese genetische Kombination bringt eine Pflanze mit einzigartigen Eigenschaften hervor, obwohl ein gewisser Einfluss der Cookie Fam sp\u00fcrbar ist. Animal Cookies bringt eine au\u00dfergew\u00f6hnliche Potenz und ein au\u00dfergew\u00f6hnliches Geschmacksprofil mit, w\u00e4hrend Zookies eine robuste Struktur und eine ausgewogene Wirkung beisteuert, obwohl, da beide von der legend\u00e4ren GSC abstammen, viele Eigenschaften leicht zu fixieren sind, da man in diesen F\u00e4llen eine Menge dominanter Gene erh\u00e4lt.<\/span><\/p>\n<p><span style=\"font-weight: 400\">Die Mischung aus Indica und Sativa in diesen Samen bietet das Beste aus beiden Welten und sorgt f\u00fcr ein vielseitiges und lohnendes Anbau- und Konsumerlebnis. Dar\u00fcber hinaus sorgt diese genetische Kombination f\u00fcr eine \u00fcberragende Anpassungsf\u00e4higkeit in verschiedenen Anbauumgebungen, was sie sowohl f\u00fcr Anf\u00e4nger als auch f\u00fcr erfahrene Z\u00fcchter ideal macht.<\/span><\/p>\n<h2><span style=\"font-weight: 400\">Wie sieht das Advanced Seeds Animal Zookies aus?<\/span><\/h2>\n<p><span style=\"font-weight: 400\">Das Aussehen von Animal Zookies ist eines, das man nicht so schnell vergisst. Die Pflanzen entwickeln eine nat\u00fcrlich robuste und gut verzweigte Struktur mit einem idealen intermodalen Abstand f\u00fcr eine gleichm\u00e4\u00dfige Lichtverteilung. Die Bl\u00e4tter sind tiefdunkelgr\u00fcn, was in diesem Fall nicht auf einen hohen N\u00e4hrstoffgehalt hindeutet, da es sich um eine eher dunkle Farbe handelt. <\/span><b>genetisch<\/b><span style=\"font-weight: 400\">. Die Knospen sind sehr dicht, mehr als Sie sich vorstellen k\u00f6nnen, vollst\u00e4ndig mit einer dicken Schicht aus gl\u00e4nzendem Harz bedeckt, und in den meisten F\u00e4llen sind die Knospen sehr dicht. <\/span><b>eine Palette leuchtender Farben pr\u00e4sentieren<\/b><span style=\"font-weight: 400\"> wenn sie sich der Reife n\u00e4hert, mit Farbt\u00f6nen, die von dunkelgr\u00fcn bis lila und orange reichen. Diese Sorte ist besonders fotogen, was sie f\u00fcr Z\u00fcchter attraktiv macht, die ihre Ernten gerne in sozialen Medien und Cannabisforen teilen.<\/span><\/p>\n<h2><span style=\"font-weight: 400\">Wie werden diese Samen im Innen- und Au\u00dfenbereich angebaut?<\/span><\/h2>\n<h3><span style=\"font-weight: 400\">Innenanbau:<\/span><\/h3>\n<p><span style=\"font-weight: 400\">Animal Zookies zeigt eine \u00fcberraschende Anpassungsf\u00e4higkeit und w\u00e4chst kr\u00e4ftig in verschiedenen Setups und Beleuchtungssystemen. Obwohl es sich nicht um eine autoflowering Sorte handelt, ist ihre Vegetationsperiode dank ihrer schnellen Entwicklung relativ kurz, was einen schnellen \u00dcbergang zur Bl\u00fcte erm\u00f6glicht. Aus unserer Sicht ist sie mehr <\/span><b>Interessant ist das Beschneiden der Hauptspitze<\/b><span style=\"font-weight: 400\"> um mehr Knospen zu erhalten, auch wenn die Knospen kleiner sind, da die Endproduktion in der Regel besser ist.<\/span><\/p>\n<h3><span style=\"font-weight: 400\">Anbau im Freien:<\/span><\/h3>\n<p><span style=\"font-weight: 400\">Die Pflanzen k\u00f6nnen eine beachtliche H\u00f6he erreichen, vor allem, wenn sie ausreichend Wurzelraum und eine gute Sonneneinstrahlung erhalten. Die Resistenz von Animal Zookies gegen Sch\u00e4dlinge und Krankheiten ist ein weiterer Pluspunkt, der den Bedarf an chemischen Mitteln reduziert und einen biologischen und nat\u00fcrlichen Anbau erm\u00f6glicht. Erfahrene Z\u00fcchter k\u00f6nnen fortschrittliche Techniken wie die <\/span><b>FIM-Beschneidung oder Supercropping<\/b><span style=\"font-weight: 400\"> um den Ertrag und die Qualit\u00e4t der Knospen zu maximieren.<\/span><\/p>\n<h2><span style=\"font-weight: 400\">Wann werden die feminisierten Samen Advanced Seeds Animal Zookies geerntet?<\/span><\/h2>\n<p><span style=\"font-weight: 400\">Die Bl\u00fctezeit von Animal Zookies ist eine Augenweide, besonders im letzten Teil, da sie bunt und sehr auff\u00e4llig reift. Im Innenbereich erreichen die Knospen nach ein paar Wochen ihre Reife. <\/span><b>60-65 Tage der Bl\u00fcte<\/b><span style=\"font-weight: 400\">Die Trichombedeckung ist ein klarer Indikator f\u00fcr die Potenz der Pflanze. Im Freien ist die Ernte bereit bei <\/span><b>Anfang Oktober<\/b><span style=\"font-weight: 400\"> in der n\u00f6rdlichen Hemisph\u00e4re und in der ersten Aprilh\u00e4lfte in der s\u00fcdlichen Hemisph\u00e4re. Geduld bei der Ernte kann die Z\u00fcchter mit st\u00e4rkeren und aromatischeren Knospen belohnen, da Terpene und Cannabinoide ihren H\u00f6hepunkt in den sp\u00e4teren Phasen der Bl\u00fcte erreichen.<\/span><\/p>\n<h2><span style=\"font-weight: 400\">Wie viel produzieren diese Samen?<\/span><\/h2>\n<p><span style=\"font-weight: 400\">Die Produktion von Animal Zookies ist ebenso beeindruckend wie ihr genetisches Profil und ihre Wirkung. Unter optimalen Indoor-Bedingungen k\u00f6nnen die Z\u00fcchter gro\u00dfz\u00fcgige Ertr\u00e4ge von <\/span><b>500-550 gr\/m2<\/b><span style=\"font-weight: 400\">. Im Freien kann eine einzige Pflanze <\/span><b>\u00fcbersteigen leicht 1000 Gramm<\/b><span style=\"font-weight: 400\">Die Qualit\u00e4t der Knospen ist bemerkenswert, mit einer au\u00dfergew\u00f6hnlichen Harzproduktion, die sie ideal f\u00fcr die Herstellung von Konzentraten und Extraktionen macht. Die Qualit\u00e4t der Knospen ist bemerkenswert, mit einer au\u00dfergew\u00f6hnlichen Harzproduktion, die sie ideal f\u00fcr die Herstellung von Konzentraten und Extraktionen macht. Der hohe Gehalt an Cannabinoiden und Terpenen macht Animal Zookies nicht nur zu einer beliebten Wahl bei Freizeitkonsumenten, sondern auch bei medizinischen Patienten, die eine wirksame Linderung suchen.<\/span><\/p>\n<h2><span style=\"font-weight: 400\">Wie ist das Aroma und der Geschmack von Animal Zookies?<\/span><\/h2>\n<p><span style=\"font-weight: 400\">Das Geschmacks- und Aromaprofil von Animal Zookies ist komplex und anspruchsvoll und nicht einfach zu beschreiben. Bei der Aufschl\u00fcsselung des Aromas werden die folgenden Merkmale festgestellt <\/span><b>erdige Noten, mit einem s\u00fc\u00dfen Unterton und w\u00fcrzigen Ankl\u00e4ngen, die ein wenig an Lebkuchengeb\u00e4ck erinnern<\/b><span style=\"font-weight: 400\">. Der Geschmack ist ebenso faszinierend, mit einer Mischung aus S\u00fc\u00dfe und einem leicht w\u00fcrzigen Nachgeschmack, der am Gaumen verweilt. Die in dieser Sorte vorhandenen Terpene tragen nicht nur zu ihrem einzigartigen Geschmacksprofil bei, sondern k\u00f6nnen auch synergetische Effekte mit den Cannabinoiden haben, die die therapeutische und erholsame Wirkung der Pflanze aufgrund des Entourage-Effekts verst\u00e4rken.<\/span><\/p>\n<h2><span style=\"font-weight: 400\">Welche Wirkung hat dieses Marihuana?<\/span><\/h2>\n<p><span style=\"font-weight: 400\">Die Wirkung von Animal Zookies ist so vielf\u00e4ltig wie seine Genetik. Zun\u00e4chst bietet es eine <\/span><b>Erh\u00f6hung des Gehirns, die die Kreativit\u00e4t anregt<\/b><span style=\"font-weight: 400\"> und geistiges Wohlbefinden, so sehr, dass man praktisch sp\u00fcren kann, wie im Gehirn Endorphine produziert werden. In der Folge wird es zu einem <\/span><b>tiefe Entspannung, die sich im ganzen K\u00f6rper ausbreitet<\/b><span style=\"font-weight: 400\">Es ist ideal f\u00fcr die Linderung von Spannungen und Schmerzen. Mit 28% THC ist sie stark und langanhaltend, geeignet f\u00fcr erfahrene Konsumenten. Medizinische Nutzer k\u00f6nnen durch ihre schmerzlindernden und entspannenden Eigenschaften Erleichterung finden, w\u00e4hrend Freizeitkonsumenten ihren erhebenden und euphorischen Rausch genie\u00dfen werden.<\/span><\/p>\n<h2><span style=\"font-weight: 400\">Feminisierte Animal Zookies Samen zum besten Preis kaufen.<\/span><\/h2>\n<p><span style=\"font-weight: 400\">Animal Zookies ist eine erstklassige Wahl f\u00fcr jeden Z\u00fcchter oder Konsumenten, der ein hochwertiges Cannabis-Erlebnis sucht. Mit ihrer beeindruckenden Genetik, der einfachen Kultivierung und der potenten und angenehmen Wirkung ist sie eine lohnende Investition. Erh\u00e4ltlich zum besten Preis online und so frisch wie m\u00f6glich, sind diese Samen eine wertvolle Erg\u00e4nzung f\u00fcr jeden Cannabis-Garten. Warten Sie nicht l\u00e4nger, bestellen Sie Ihre Animal Zookies feminisierten Samen von Advanced Seeds noch heute und erleben Sie die Magie einer der aufregendsten Sorten auf dem Markt.<\/span><\/p>\n<h2><span style=\"font-weight: 400\">H\u00e4ufig gestellte Fragen \u00fcber Animal Zookies:<\/span><\/h2>\n<h3>Ist das Animal Zookies f\u00fcr Anf\u00e4nger geeignet?<\/h3>\n<p><span style=\"font-weight: 400\">Ja, obwohl sie sehr stark ist, kann man sie gut anbauen, aber man sollte auf ihre besonderen Ern\u00e4hrungsbed\u00fcrfnisse achten.<\/span><\/p>\n<h3>Welche Trainingsmethoden funktionieren gut mit Animal Zookies?<\/h3>\n<p><span style=\"font-weight: 400\">Techniken wie SCROG, LST oder apikaler R\u00fcckschnitt sind wirksam zur Ertragssteigerung und H\u00f6henkontrolle.<\/span><\/p>\n<h3>Welchen Einfluss hat das Klima auf den Anbau von Animal Zookies?<\/h3>\n<p><span style=\"font-weight: 400\">Bevorzugt gem\u00e4\u00dfigte, trockene und stabile Klimazonen. In feuchtem Klima sollte auf die Bel\u00fcftung und den Schutz vor Pilzbefall geachtet werden.<\/span><\/p>\n<h3>Ist Animal Zookies f\u00fcr Extraktionen geeignet?<\/h3>\n<p><span style=\"font-weight: 400\">Ja, dank der hohen Harzproduktion und dem reichen Cannabinoid- und Terpenprofil.<\/span><\/p>\n<h3>Welche Art von therapeutischer Wirkung hat Animal Zookies?<\/h3>\n<p><span style=\"font-weight: 400\">Er ist bekannt f\u00fcr seine schmerzlindernden und entspannenden Eigenschaften, die zur Linderung von Stress und Schmerzen beitragen.<\/span><\/p>\n<h3>Ben\u00f6tigt Animal Zookies besondere Pflege im Freien?<\/h3>\n<p><span style=\"font-weight: 400\">Sie braucht Platz zum Wachsen und eine gute Sonnenbestrahlung, wobei auf Ern\u00e4hrung und Bew\u00e4sserung zu achten ist.<\/span><\/p>\n<h3>Ist Animal Zookies eine gute Wahl f\u00fcr kommerzielle Anbauer?<\/h3>\n<p><span style=\"font-weight: 400\">Aufgrund ihres hohen Ertrags und ihrer Knospenqualit\u00e4t ist sie ideal f\u00fcr den kommerziellen Markt.<\/span><\/p>\n<p>&nbsp;<\/p>","protected":false},"excerpt":{"rendered":"<p>-<\/p>","protected":false},"featured_media":19806,"comment_status":"open","ping_status":"closed","template":"","meta":{"_acf_changed":false},"product_brand":[],"product_cat":[69],"product_tag":[],"class_list":{"0":"post-13694","1":"product","2":"type-product","3":"status-publish","4":"has-post-thumbnail","6":"product_cat-feminizadas","8":"first","9":"instock","10":"taxable","11":"shipping-taxable","12":"purchasable","13":"product-type-variable"},"acf":[],"yoast_head":"<!-- This site is optimized with the Yoast SEO Premium plugin v26.3 (Yoast SEO v26.6) - https:\/\/yoast.com\/wordpress\/plugins\/seo\/ -->\n<title>Animal Zookies - Advanced Seeds<\/title>\n<meta name=\"robots\" content=\"index, follow, max-snippet:-1, max-image-preview:large, max-video-preview:-1\" \/>\n<link rel=\"canonical\" href=\"https:\/\/advancedseeds.com\/de\/tienda\/feminizadas\/animal-zookies-fem-advanced-seeds\/\" \/>\n<meta property=\"og:locale\" content=\"de_DE\" \/>\n<meta property=\"og:type\" content=\"article\" \/>\n<meta property=\"og:title\" content=\"Animal Zookies\" \/>\n<meta property=\"og:description\" content=\"-\" \/>\n<meta property=\"og:url\" content=\"https:\/\/advancedseeds.com\/de\/tienda\/feminizadas\/animal-zookies-fem-advanced-seeds\/\" \/>\n<meta property=\"og:site_name\" content=\"Advanced Seeds\" \/>\n<meta property=\"article:modified_time\" content=\"2025-03-22T16:56:06+00:00\" \/>\n<meta property=\"og:image\" content=\"https:\/\/advancedseeds.com\/web\/wp-content\/uploads\/2024\/02\/animal-zookies.jpg\" \/>\n\t<meta property=\"og:image:width\" content=\"505\" \/>\n\t<meta property=\"og:image:height\" content=\"757\" \/>\n\t<meta property=\"og:image:type\" content=\"image\/jpeg\" \/>\n<meta name=\"twitter:card\" content=\"summary_large_image\" \/>\n<meta name=\"twitter:label1\" content=\"Gesch\u00e4tzte Lesezeit\" \/>\n\t<meta name=\"twitter:data1\" content=\"7\u00a0Minuten\" \/>\n<script type=\"application\/ld+json\" class=\"yoast-schema-graph\">{\"@context\":\"https:\/\/schema.org\",\"@graph\":[{\"@type\":\"WebPage\",\"@id\":\"https:\/\/advancedseeds.com\/tienda\/feminizadas\/animal-zookies-fem-advanced-seeds\/\",\"url\":\"https:\/\/advancedseeds.com\/tienda\/feminizadas\/animal-zookies-fem-advanced-seeds\/\",\"name\":\"Animal Zookies - Advanced Seeds\",\"isPartOf\":{\"@id\":\"https:\/\/advancedseeds.com\/#website\"},\"primaryImageOfPage\":{\"@id\":\"https:\/\/advancedseeds.com\/tienda\/feminizadas\/animal-zookies-fem-advanced-seeds\/#primaryimage\"},\"image\":{\"@id\":\"https:\/\/advancedseeds.com\/tienda\/feminizadas\/animal-zookies-fem-advanced-seeds\/#primaryimage\"},\"thumbnailUrl\":\"https:\/\/advancedseeds.com\/web\/wp-content\/uploads\/2024\/02\/animal-zookies.jpg\",\"datePublished\":\"2024-02-22T11:30:55+00:00\",\"dateModified\":\"2025-03-22T16:56:06+00:00\",\"breadcrumb\":{\"@id\":\"https:\/\/advancedseeds.com\/tienda\/feminizadas\/animal-zookies-fem-advanced-seeds\/#breadcrumb\"},\"inLanguage\":\"de\",\"potentialAction\":[{\"@type\":\"ReadAction\",\"target\":[\"https:\/\/advancedseeds.com\/tienda\/feminizadas\/animal-zookies-fem-advanced-seeds\/\"]}]},{\"@type\":\"ImageObject\",\"inLanguage\":\"de\",\"@id\":\"https:\/\/advancedseeds.com\/tienda\/feminizadas\/animal-zookies-fem-advanced-seeds\/#primaryimage\",\"url\":\"https:\/\/advancedseeds.com\/web\/wp-content\/uploads\/2024\/02\/animal-zookies.jpg\",\"contentUrl\":\"https:\/\/advancedseeds.com\/web\/wp-content\/uploads\/2024\/02\/animal-zookies.jpg\",\"width\":505,\"height\":757},{\"@type\":\"BreadcrumbList\",\"@id\":\"https:\/\/advancedseeds.com\/tienda\/feminizadas\/animal-zookies-fem-advanced-seeds\/#breadcrumb\",\"itemListElement\":[{\"@type\":\"ListItem\",\"position\":1,\"name\":\"Home\",\"item\":\"https:\/\/advancedseeds.com\/\"},{\"@type\":\"ListItem\",\"position\":2,\"name\":\"Tienda\",\"item\":\"https:\/\/advancedseeds.com\/\"},{\"@type\":\"ListItem\",\"position\":3,\"name\":\"Animal Zookies\"}]},{\"@type\":\"WebSite\",\"@id\":\"https:\/\/advancedseeds.com\/#website\",\"url\":\"https:\/\/advancedseeds.com\/\",\"name\":\"Advanced Seeds\",\"description\":\"Gen\u00e9ticas Avanzadas en semillas feminizadas y autom\u00e1ticas.\",\"publisher\":{\"@id\":\"https:\/\/advancedseeds.com\/#organization\"},\"potentialAction\":[{\"@type\":\"SearchAction\",\"target\":{\"@type\":\"EntryPoint\",\"urlTemplate\":\"https:\/\/advancedseeds.com\/?s={search_term_string}\"},\"query-input\":{\"@type\":\"PropertyValueSpecification\",\"valueRequired\":true,\"valueName\":\"search_term_string\"}}],\"inLanguage\":\"de\"},{\"@type\":\"Organization\",\"@id\":\"https:\/\/advancedseeds.com\/#organization\",\"name\":\"Advanced Seeds\",\"url\":\"https:\/\/advancedseeds.com\/\",\"logo\":{\"@type\":\"ImageObject\",\"inLanguage\":\"de\",\"@id\":\"https:\/\/advancedseeds.com\/#\/schema\/logo\/image\/\",\"url\":\"https:\/\/advancedseeds.com\/web\/wp-content\/uploads\/2021\/01\/logo-advanced.jpg\",\"contentUrl\":\"https:\/\/advancedseeds.com\/web\/wp-content\/uploads\/2021\/01\/logo-advanced.jpg\",\"width\":600,\"height\":600,\"caption\":\"Advanced Seeds\"},\"image\":{\"@id\":\"https:\/\/advancedseeds.com\/#\/schema\/logo\/image\/\"}}]}<\/script>\n<!-- \/ Yoast SEO Premium plugin. -->","yoast_head_json":{"title":"Animal Zookies - Advanced Seeds","robots":{"index":"index","follow":"follow","max-snippet":"max-snippet:-1","max-image-preview":"max-image-preview:large","max-video-preview":"max-video-preview:-1"},"canonical":"https:\/\/advancedseeds.com\/de\/tienda\/feminizadas\/animal-zookies-fem-advanced-seeds\/","og_locale":"de_DE","og_type":"article","og_title":"Animal Zookies","og_description":"-","og_url":"https:\/\/advancedseeds.com\/de\/tienda\/feminizadas\/animal-zookies-fem-advanced-seeds\/","og_site_name":"Advanced Seeds","article_modified_time":"2025-03-22T16:56:06+00:00","og_image":[{"width":505,"height":757,"url":"https:\/\/advancedseeds.com\/web\/wp-content\/uploads\/2024\/02\/animal-zookies.jpg","type":"image\/jpeg"}],"twitter_card":"summary_large_image","twitter_misc":{"Gesch\u00e4tzte Lesezeit":"7\u00a0Minuten"},"schema":{"@context":"https:\/\/schema.org","@graph":[{"@type":"WebPage","@id":"https:\/\/advancedseeds.com\/tienda\/feminizadas\/animal-zookies-fem-advanced-seeds\/","url":"https:\/\/advancedseeds.com\/tienda\/feminizadas\/animal-zookies-fem-advanced-seeds\/","name":"Animal Zookies - Advanced Seeds","isPartOf":{"@id":"https:\/\/advancedseeds.com\/#website"},"primaryImageOfPage":{"@id":"https:\/\/advancedseeds.com\/tienda\/feminizadas\/animal-zookies-fem-advanced-seeds\/#primaryimage"},"image":{"@id":"https:\/\/advancedseeds.com\/tienda\/feminizadas\/animal-zookies-fem-advanced-seeds\/#primaryimage"},"thumbnailUrl":"https:\/\/advancedseeds.com\/web\/wp-content\/uploads\/2024\/02\/animal-zookies.jpg","datePublished":"2024-02-22T11:30:55+00:00","dateModified":"2025-03-22T16:56:06+00:00","breadcrumb":{"@id":"https:\/\/advancedseeds.com\/tienda\/feminizadas\/animal-zookies-fem-advanced-seeds\/#breadcrumb"},"inLanguage":"de","potentialAction":[{"@type":"ReadAction","target":["https:\/\/advancedseeds.com\/tienda\/feminizadas\/animal-zookies-fem-advanced-seeds\/"]}]},{"@type":"ImageObject","inLanguage":"de","@id":"https:\/\/advancedseeds.com\/tienda\/feminizadas\/animal-zookies-fem-advanced-seeds\/#primaryimage","url":"https:\/\/advancedseeds.com\/web\/wp-content\/uploads\/2024\/02\/animal-zookies.jpg","contentUrl":"https:\/\/advancedseeds.com\/web\/wp-content\/uploads\/2024\/02\/animal-zookies.jpg","width":505,"height":757},{"@type":"BreadcrumbList","@id":"https:\/\/advancedseeds.com\/tienda\/feminizadas\/animal-zookies-fem-advanced-seeds\/#breadcrumb","itemListElement":[{"@type":"ListItem","position":1,"name":"Home","item":"https:\/\/advancedseeds.com\/"},{"@type":"ListItem","position":2,"name":"Tienda","item":"https:\/\/advancedseeds.com\/"},{"@type":"ListItem","position":3,"name":"Animal Zookies"}]},{"@type":"WebSite","@id":"https:\/\/advancedseeds.com\/#website","url":"https:\/\/advancedseeds.com\/","name":"Advanced Seeds","description":"Fortschrittliche Genetik in feminisierten und automatischen Samen.","publisher":{"@id":"https:\/\/advancedseeds.com\/#organization"},"potentialAction":[{"@type":"SearchAction","target":{"@type":"EntryPoint","urlTemplate":"https:\/\/advancedseeds.com\/?s={search_term_string}"},"query-input":{"@type":"PropertyValueSpecification","valueRequired":true,"valueName":"search_term_string"}}],"inLanguage":"de"},{"@type":"Organization","@id":"https:\/\/advancedseeds.com\/#organization","name":"Advanced Seeds","url":"https:\/\/advancedseeds.com\/","logo":{"@type":"ImageObject","inLanguage":"de","@id":"https:\/\/advancedseeds.com\/#\/schema\/logo\/image\/","url":"https:\/\/advancedseeds.com\/web\/wp-content\/uploads\/2021\/01\/logo-advanced.jpg","contentUrl":"https:\/\/advancedseeds.com\/web\/wp-content\/uploads\/2021\/01\/logo-advanced.jpg","width":600,"height":600,"caption":"Advanced Seeds"},"image":{"@id":"https:\/\/advancedseeds.com\/#\/schema\/logo\/image\/"}}]}},"_links":{"self":[{"href":"https:\/\/advancedseeds.com\/de\/wp-json\/wp\/v2\/product\/13694","targetHints":{"allow":["GET"]}}],"collection":[{"href":"https:\/\/advancedseeds.com\/de\/wp-json\/wp\/v2\/product"}],"about":[{"href":"https:\/\/advancedseeds.com\/de\/wp-json\/wp\/v2\/types\/product"}],"replies":[{"embeddable":true,"href":"https:\/\/advancedseeds.com\/de\/wp-json\/wp\/v2\/comments?post=13694"}],"wp:featuredmedia":[{"embeddable":true,"href":"https:\/\/advancedseeds.com\/de\/wp-json\/wp\/v2\/media\/19806"}],"wp:attachment":[{"href":"https:\/\/advancedseeds.com\/de\/wp-json\/wp\/v2\/media?parent=13694"}],"wp:term":[{"taxonomy":"product_brand","embeddable":true,"href":"https:\/\/advancedseeds.com\/de\/wp-json\/wp\/v2\/product_brand?post=13694"},{"taxonomy":"product_cat","embeddable":true,"href":"https:\/\/advancedseeds.com\/de\/wp-json\/wp\/v2\/product_cat?post=13694"},{"taxonomy":"product_tag","embeddable":true,"href":"https:\/\/advancedseeds.com\/de\/wp-json\/wp\/v2\/product_tag?post=13694"}],"curies":[{"name":"wp","href":"https:\/\/api.w.org\/{rel}","templated":true}]}}