{"id":13695,"date":"2024-02-22T12:30:55","date_gmt":"2024-02-22T11:30:55","guid":{"rendered":"https:\/\/advancedseeds.com\/web\/?post_type=product&#038;p=13695"},"modified":"2025-03-22T18:17:11","modified_gmt":"2025-03-22T17:17:11","slug":"auto-forbidden-fruit-cake","status":"publish","type":"product","link":"https:\/\/advancedseeds.com\/de\/tienda\/automaticas\/auto-forbidden-fruit-cake\/","title":{"rendered":"Auto Forbidden Fruit Cake"},"content":{"rendered":"<p><span style=\"font-weight: 400\">Probiere Auto Forbidden Fruit Cake, ein Weed, das Dich mit seinem 22% THC umhaut. Schnelle und \u00fcppige Ernte, au\u00dfergew\u00f6hnlicher Geschmack und erstklassige Wirkung.<\/span><\/p>\n<p><span style=\"font-weight: 400\">Die <\/span><a href=\"https:\/\/advancedseeds.com\/web\/categoria-producto\/automaticas\/\"><b>Autoflowering-Samen<\/b><\/a><b> Auto Forbidden Fruit Cake von Advanced Seeds<\/b><span style=\"font-weight: 400\"> kombinieren das Beste von Forbidden Fruit Cake mit der Geschwindigkeit einer autoflowering Sorte. Dieser Polyhybrid beeindruckt durch seine hohe Potenz bei einem vollen Wachstumszyklus von nur 75 Tagen. Ideal f\u00fcr alle, die auf der Suche nach Effizienz, Geschmack und Potenz sind, oder f\u00fcr Anbauanf\u00e4nger, die eine m\u00fchelose Ernte w\u00fcnschen.<\/span><\/p>\n<h2><span style=\"font-weight: 400\">Was sind die genetischen Eigenschaften dieser Samen?<\/span><\/h2>\n<p><span style=\"font-weight: 400\">Auto Forbidden Fruit Cake ist ein Polyhybrid <\/span><b>erstellt von <\/b><a href=\"https:\/\/advancedseeds.com\/web\/producto\/forbidden-fruit-cake\/\"><b>Forbidden Fruit Cake<\/b><\/a><b> und eine autoflowering Sorte<\/b><span style=\"font-weight: 400\"> die aufgrund ihrer genetischen \u00c4hnlichkeit ausgew\u00e4hlt wurden. Diese Kombination f\u00fchrt zu einer <\/span><b>\u00fcberwiegend Indica-Sorte<\/b><span style=\"font-weight: 400\"> die die au\u00dfergew\u00f6hnlichen Qualit\u00e4ten von Forbidden Fruit Cake beibeh\u00e4lt, wie z.B. den hohen THC-Gehalt und das einzigartige Geschmacksprofil, aber mit dem zus\u00e4tzlichen Vorteil eines k\u00fcrzeren Lebenszyklus und einer gr\u00f6\u00dferen Leichtigkeit beim Anbau. Die autoflowering Genetik beschleunigt den Bl\u00fcteprozess, ohne andere Genetik zu beeintr\u00e4chtigen, was sie ideal f\u00fcr schnelle und effiziente Ernten macht.<\/span><\/p>\n<h2><span style=\"font-weight: 400\">Wie sehen die Auto Forbidden Fruit Cake autoflowering Samen von Advanced Seeds aus?<\/span><\/h2>\n<p><span style=\"font-weight: 400\">Auto Forbidden Fruit Cake zeigt eine <\/span><b>beeindruckende \u00c4sthetik<\/b><span style=\"font-weight: 400\"> egal, wie man es betrachtet. Diese kleine, aber robuste Pflanze hat eine typische Indica-Struktur, <\/span><b>kurz, mit Stamm und \u00c4sten von gutem Kaliber<\/b><span style=\"font-weight: 400\">. Seine Knospen sind so dicht und harzig wie die der normal bl\u00fchenden Version und bieten ein visuelles Spektakel w\u00e4hrend der Bl\u00fctezeit mit <\/span><b>Farbt\u00f6ne von violett bis lindgr\u00fcn<\/b><span style=\"font-weight: 400\">. Sein Aussehen ist ein klares Indiz f\u00fcr seine Leistung und Qualit\u00e4t und macht das Auto Forbidden Fruit Cake zu einer attraktiven und produktiven Wahl.<\/span><\/p>\n<h2><span style=\"font-weight: 400\">Wie werden diese Samen im Innen- und Au\u00dfenbereich angebaut?<\/span><\/h2>\n<p><span style=\"font-weight: 400\">Sie ist eine wirklich schnelle, robuste und einfach zu z\u00fcchtende Pflanze, die sich gut an Innen- und Au\u00dfenbereiche anpasst. Ihre autoflowering Genetik vereinfacht den Anbauprozess, da sie keine \u00c4nderungen im Lichtzyklus ben\u00f6tigt, um zu bl\u00fchen. <\/span><\/p>\n<h2><span style=\"font-weight: 400\">Innenanbau:<\/span><\/h2>\n<p><span style=\"font-weight: 400\">Am besten funktioniert es mit einer <\/span><b>Photoperiode von 20 Stunden Licht und 4 Stunden Dunkelheit<\/b><span style=\"font-weight: 400\">und sind dankbar f\u00fcr die <\/span><b>mindestens 11 Liter Substrat<\/b><span style=\"font-weight: 400\"> um die Entwicklung des Wurzelsystems nicht zu behindern.<\/span><\/p>\n<h2><span style=\"font-weight: 400\">Anbau im Freien:<\/span><\/h2>\n<p><span style=\"font-weight: 400\">Ihre Widerstandsf\u00e4higkeit und Anpassungsf\u00e4higkeit machen sie zu einer soliden Wahl f\u00fcr eine Vielzahl von Klimazonen und Bedingungen. Obwohl sie k\u00e4ltetoleranter ist als photodependente Sorten, ist die beste Jahreszeit f\u00fcr den Anbau im Freien der mittlere Fr\u00fchling bis zum Sp\u00e4tsommer. Die besten Ergebnisse erzielen Sie, wenn Sie die Pflanze in <\/span><b>T\u00f6pfe von 20 Litern oder mehr<\/b><span style=\"font-weight: 400\">stellen Sie sie an den sonnigsten Standort, der Ihnen zur Verf\u00fcgung steht, und <\/span><b>Tutoren einrichten<\/b><span style=\"font-weight: 400\"> um seine Widerstandsf\u00e4higkeit zu st\u00e4rken.<\/span><\/p>\n<h2><span style=\"font-weight: 400\">Wann werden die autoflowering Auto Forbidden Fruit Cake-Samen von Advanced Seeds geerntet?<\/span><\/h2>\n<p><span style=\"font-weight: 400\">Schnelligkeit ist einer der Hauptvorteile von Auto Forbidden Fruit Cake. Von der Keimung bis zur Ernte absolviert diese Sorte ihre <\/span><b>Lebenszyklus in etwa 75 Tagen<\/b><span style=\"font-weight: 400\">. Auf diese Weise k\u00f6nnen die Erzeuger mehrere Ernten in einer Saison erzielen, insbesondere im Freien, wo <\/span><b>kann von Fr\u00fchjahr bis Herbst geerntet werden<\/b><span style=\"font-weight: 400\"> keine Probleme.<\/span><\/p>\n<h2><span style=\"font-weight: 400\">Wie viel produzieren diese Samen?<\/span><\/h2>\n<p><span style=\"font-weight: 400\">Obwohl sie eine autoflowering Sorte ist, bietet Auto Forbidden Fruit Cake beeindruckende Ertr\u00e4ge. Im Innenbereich k\u00f6nnen Sie Folgendes erwarten <\/span><b>etwa 550 gr\/m2<\/b><span style=\"font-weight: 400\">im Freiland kann jede Pflanze <\/span><b>zwischen 60 und 200 Gramm<\/b><span style=\"font-weight: 400\">. Bemerkenswert ist auch der Harzertrag, der f\u00fcr eine automatisch bl\u00fchende Sorte \u00fcberraschend ist.<\/span><\/p>\n<h2><span style=\"font-weight: 400\">Wie ist das Aroma und der Geschmack von Auto Forbidden Fruit Cake by Advanced Seeds?<\/span><\/h2>\n<p><span style=\"font-weight: 400\">Das Aroma und der Geschmack von Auto Forbidden Fruit Cake sind intensiv und k\u00f6stlich, mit einem hervorragenden <\/span><b>Waldfr\u00fcchte und w\u00fcrzige Nuancen, mit einem s\u00fc\u00dfen Charakter und Zitrusnoten.<\/b><span style=\"font-weight: 400\"> Beim R\u00e4uchern tritt der Zitrusgeschmack in den Vordergrund und hinterl\u00e4sst einen angenehmen und erfrischenden Nachgeschmack, der S\u00fc\u00dfe und S\u00e4ure perfekt kombiniert.<\/span><\/p>\n<h2><span style=\"font-weight: 400\">Welche Wirkung hat dieses Marihuana?<\/span><\/h2>\n<p><span style=\"font-weight: 400\">Auto Forbidden Fruit Cake, mit seinem <\/span><b>22% von THC<\/b><span style=\"font-weight: 400\">erzeugt eine starke und lang anhaltende Wirkung. Zun\u00e4chst verursacht es ein Gef\u00fchl von <\/span><b>Euphorie und geistiges Hochgef\u00fchl<\/b><span style=\"font-weight: 400\">ohne \u00fcberw\u00e4ltigend zu sein, gefolgt von einem <\/span><b>tiefe k\u00f6rperliche Entspannung<\/b><span style=\"font-weight: 400\"> die mehr als 2 Stunden dauern k\u00f6nnen.<\/span><\/p>\n<h2><span style=\"font-weight: 400\">Kaufen Sie Auto Forbidden Fruit Cake autoflowering Samen zum besten Preis<\/span><\/h2>\n<p><span style=\"font-weight: 400\">Auto Forbidden Fruit Cake-Samen von Advanced Seeds sind eine au\u00dfergew\u00f6hnliche Wahl f\u00fcr diejenigen, die eine schnelle, potente Sorte mit einem unvergesslichen Geschmack suchen. Erh\u00e4ltlich bei Advanced Seeds zu den besten Preisen, stellen diese Samen sicher und garantieren, dass Z\u00fcchter eine Rekordernte von hoher Qualit\u00e4t erhalten.<\/span><\/p>\n<h2>H\u00e4ufig gestellte Fragen \u00fcber Auto Forbiden Fruit Cake:<\/h2>\n<h3><span style=\"font-weight: 400\">Ist Auto Forbidden Fruit Cake f\u00fcr Anbauanf\u00e4nger geeignet?<\/span><\/h3>\n<p><span style=\"font-weight: 400\">Ja, ihre selbstbl\u00fchende Natur und ihre Widerstandsf\u00e4higkeit machen sie zu einer ausgezeichneten Wahl f\u00fcr diejenigen, die mit dem Cannabisanbau beginnen.<\/span><\/p>\n<h3><span style=\"font-weight: 400\">Welche Art von Substrat ist f\u00fcr Auto Forbidden Fruit Cake am besten geeignet?<\/span><\/h3>\n<p><span style=\"font-weight: 400\">Ein gut durchl\u00fcftetes, n\u00e4hrstoffreiches Substrat mit mittlerem Feuchtigkeitsgehalt ist ideal f\u00fcr seine Entwicklung.<\/span><\/p>\n<h3><span style=\"font-weight: 400\">Wann ist der beste Zeitpunkt f\u00fcr die Ernte von Auto Forbidden Fruit Cake, um eine maximale Wirkung zu erzielen?<\/span><\/h3>\n<p><span style=\"font-weight: 400\">Das Beobachten der Trichome und das Ernten, wenn sie um die bernsteinfarbene 40% herum sind, gew\u00e4hrleistet maximale Potenz und das beste Terpenprofil.<\/span><\/p>\n<h3><span style=\"font-weight: 400\">Was sind die Nebenwirkungen der Einnahme von Auto Forbidden Fruit Cake?<\/span><\/h3>\n<p><span style=\"font-weight: 400\">Wie bei jeder potenten Cannabissorte kann sie Mund- und Augentrockenheit und bei ungewohnten Konsumenten Angstzust\u00e4nde oder Paranoia hervorrufen.<\/span><\/p>\n<h3><span style=\"font-weight: 400\">Welche Vorsichtsma\u00dfnahmen sollten beim Anbau von Auto Forbidden Fruit Cake im Freien getroffen werden?<\/span><\/h3>\n<p><span style=\"font-weight: 400\">Der Schutz der Pflanzen vor Sch\u00e4dlingen, Krankheiten und extremen Witterungsbedingungen ist f\u00fcr eine erfolgreiche Ernte unerl\u00e4sslich. Andererseits ist auch das Setzen von St\u00fctzpf\u00e4hlen eine gute Idee, um die Ertr\u00e4ge zu steigern.<\/span><\/p>","protected":false},"excerpt":{"rendered":"<p>-<\/p>","protected":false},"featured_media":19805,"comment_status":"open","ping_status":"closed","template":"","meta":{"_acf_changed":false},"product_brand":[],"product_cat":[70],"product_tag":[],"class_list":{"0":"post-13695","1":"product","2":"type-product","3":"status-publish","4":"has-post-thumbnail","6":"product_cat-automaticas","8":"first","9":"instock","10":"taxable","11":"shipping-taxable","12":"purchasable","13":"product-type-variable"},"acf":[],"yoast_head":"<!-- This site is optimized with the Yoast SEO Premium plugin v26.3 (Yoast SEO v26.6) - https:\/\/yoast.com\/wordpress\/plugins\/seo\/ -->\n<title>Auto Forbidden Fruit Cake - Advanced Seeds<\/title>\n<meta name=\"robots\" content=\"index, follow, max-snippet:-1, max-image-preview:large, max-video-preview:-1\" \/>\n<link rel=\"canonical\" href=\"https:\/\/advancedseeds.com\/de\/tienda\/automaticas\/auto-forbidden-fruit-cake\/\" \/>\n<meta property=\"og:locale\" content=\"de_DE\" \/>\n<meta property=\"og:type\" content=\"article\" \/>\n<meta property=\"og:title\" content=\"Auto Forbidden Fruit Cake\" \/>\n<meta property=\"og:description\" content=\"-\" \/>\n<meta property=\"og:url\" content=\"https:\/\/advancedseeds.com\/de\/tienda\/automaticas\/auto-forbidden-fruit-cake\/\" \/>\n<meta property=\"og:site_name\" content=\"Advanced Seeds\" \/>\n<meta property=\"article:modified_time\" content=\"2025-03-22T17:17:11+00:00\" \/>\n<meta property=\"og:image\" content=\"https:\/\/advancedseeds.com\/web\/wp-content\/uploads\/2024\/02\/auto-forbidden-fruit-cake-scaled.jpg\" \/>\n\t<meta property=\"og:image:width\" content=\"1706\" \/>\n\t<meta property=\"og:image:height\" content=\"2560\" \/>\n\t<meta property=\"og:image:type\" content=\"image\/jpeg\" \/>\n<meta name=\"twitter:card\" content=\"summary_large_image\" \/>\n<meta name=\"twitter:label1\" content=\"Gesch\u00e4tzte Lesezeit\" \/>\n\t<meta name=\"twitter:data1\" content=\"5\u00a0Minuten\" \/>\n<script type=\"application\/ld+json\" class=\"yoast-schema-graph\">{\"@context\":\"https:\/\/schema.org\",\"@graph\":[{\"@type\":\"WebPage\",\"@id\":\"https:\/\/advancedseeds.com\/tienda\/automaticas\/auto-forbidden-fruit-cake\/\",\"url\":\"https:\/\/advancedseeds.com\/tienda\/automaticas\/auto-forbidden-fruit-cake\/\",\"name\":\"Auto Forbidden Fruit Cake - Advanced Seeds\",\"isPartOf\":{\"@id\":\"https:\/\/advancedseeds.com\/#website\"},\"primaryImageOfPage\":{\"@id\":\"https:\/\/advancedseeds.com\/tienda\/automaticas\/auto-forbidden-fruit-cake\/#primaryimage\"},\"image\":{\"@id\":\"https:\/\/advancedseeds.com\/tienda\/automaticas\/auto-forbidden-fruit-cake\/#primaryimage\"},\"thumbnailUrl\":\"https:\/\/advancedseeds.com\/web\/wp-content\/uploads\/2024\/02\/auto-forbidden-fruit-cake-scaled.jpg\",\"datePublished\":\"2024-02-22T11:30:55+00:00\",\"dateModified\":\"2025-03-22T17:17:11+00:00\",\"breadcrumb\":{\"@id\":\"https:\/\/advancedseeds.com\/tienda\/automaticas\/auto-forbidden-fruit-cake\/#breadcrumb\"},\"inLanguage\":\"de\",\"potentialAction\":[{\"@type\":\"ReadAction\",\"target\":[\"https:\/\/advancedseeds.com\/tienda\/automaticas\/auto-forbidden-fruit-cake\/\"]}]},{\"@type\":\"ImageObject\",\"inLanguage\":\"de\",\"@id\":\"https:\/\/advancedseeds.com\/tienda\/automaticas\/auto-forbidden-fruit-cake\/#primaryimage\",\"url\":\"https:\/\/advancedseeds.com\/web\/wp-content\/uploads\/2024\/02\/auto-forbidden-fruit-cake-scaled.jpg\",\"contentUrl\":\"https:\/\/advancedseeds.com\/web\/wp-content\/uploads\/2024\/02\/auto-forbidden-fruit-cake-scaled.jpg\",\"width\":1706,\"height\":2560},{\"@type\":\"BreadcrumbList\",\"@id\":\"https:\/\/advancedseeds.com\/tienda\/automaticas\/auto-forbidden-fruit-cake\/#breadcrumb\",\"itemListElement\":[{\"@type\":\"ListItem\",\"position\":1,\"name\":\"Home\",\"item\":\"https:\/\/advancedseeds.com\/\"},{\"@type\":\"ListItem\",\"position\":2,\"name\":\"Tienda\",\"item\":\"https:\/\/advancedseeds.com\/\"},{\"@type\":\"ListItem\",\"position\":3,\"name\":\"Auto Forbidden Fruit Cake\"}]},{\"@type\":\"WebSite\",\"@id\":\"https:\/\/advancedseeds.com\/#website\",\"url\":\"https:\/\/advancedseeds.com\/\",\"name\":\"Advanced Seeds\",\"description\":\"Gen\u00e9ticas Avanzadas en semillas feminizadas y autom\u00e1ticas.\",\"publisher\":{\"@id\":\"https:\/\/advancedseeds.com\/#organization\"},\"potentialAction\":[{\"@type\":\"SearchAction\",\"target\":{\"@type\":\"EntryPoint\",\"urlTemplate\":\"https:\/\/advancedseeds.com\/?s={search_term_string}\"},\"query-input\":{\"@type\":\"PropertyValueSpecification\",\"valueRequired\":true,\"valueName\":\"search_term_string\"}}],\"inLanguage\":\"de\"},{\"@type\":\"Organization\",\"@id\":\"https:\/\/advancedseeds.com\/#organization\",\"name\":\"Advanced Seeds\",\"url\":\"https:\/\/advancedseeds.com\/\",\"logo\":{\"@type\":\"ImageObject\",\"inLanguage\":\"de\",\"@id\":\"https:\/\/advancedseeds.com\/#\/schema\/logo\/image\/\",\"url\":\"https:\/\/advancedseeds.com\/web\/wp-content\/uploads\/2021\/01\/logo-advanced.jpg\",\"contentUrl\":\"https:\/\/advancedseeds.com\/web\/wp-content\/uploads\/2021\/01\/logo-advanced.jpg\",\"width\":600,\"height\":600,\"caption\":\"Advanced Seeds\"},\"image\":{\"@id\":\"https:\/\/advancedseeds.com\/#\/schema\/logo\/image\/\"}}]}<\/script>\n<!-- \/ Yoast SEO Premium plugin. -->","yoast_head_json":{"title":"Auto Forbidden Fruit Cake - Advanced Seeds","robots":{"index":"index","follow":"follow","max-snippet":"max-snippet:-1","max-image-preview":"max-image-preview:large","max-video-preview":"max-video-preview:-1"},"canonical":"https:\/\/advancedseeds.com\/de\/tienda\/automaticas\/auto-forbidden-fruit-cake\/","og_locale":"de_DE","og_type":"article","og_title":"Auto Forbidden Fruit Cake","og_description":"-","og_url":"https:\/\/advancedseeds.com\/de\/tienda\/automaticas\/auto-forbidden-fruit-cake\/","og_site_name":"Advanced Seeds","article_modified_time":"2025-03-22T17:17:11+00:00","og_image":[{"width":1706,"height":2560,"url":"https:\/\/advancedseeds.com\/web\/wp-content\/uploads\/2024\/02\/auto-forbidden-fruit-cake-scaled.jpg","type":"image\/jpeg"}],"twitter_card":"summary_large_image","twitter_misc":{"Gesch\u00e4tzte Lesezeit":"5\u00a0Minuten"},"schema":{"@context":"https:\/\/schema.org","@graph":[{"@type":"WebPage","@id":"https:\/\/advancedseeds.com\/tienda\/automaticas\/auto-forbidden-fruit-cake\/","url":"https:\/\/advancedseeds.com\/tienda\/automaticas\/auto-forbidden-fruit-cake\/","name":"Auto Forbidden Fruit Cake - Advanced Seeds","isPartOf":{"@id":"https:\/\/advancedseeds.com\/#website"},"primaryImageOfPage":{"@id":"https:\/\/advancedseeds.com\/tienda\/automaticas\/auto-forbidden-fruit-cake\/#primaryimage"},"image":{"@id":"https:\/\/advancedseeds.com\/tienda\/automaticas\/auto-forbidden-fruit-cake\/#primaryimage"},"thumbnailUrl":"https:\/\/advancedseeds.com\/web\/wp-content\/uploads\/2024\/02\/auto-forbidden-fruit-cake-scaled.jpg","datePublished":"2024-02-22T11:30:55+00:00","dateModified":"2025-03-22T17:17:11+00:00","breadcrumb":{"@id":"https:\/\/advancedseeds.com\/tienda\/automaticas\/auto-forbidden-fruit-cake\/#breadcrumb"},"inLanguage":"de","potentialAction":[{"@type":"ReadAction","target":["https:\/\/advancedseeds.com\/tienda\/automaticas\/auto-forbidden-fruit-cake\/"]}]},{"@type":"ImageObject","inLanguage":"de","@id":"https:\/\/advancedseeds.com\/tienda\/automaticas\/auto-forbidden-fruit-cake\/#primaryimage","url":"https:\/\/advancedseeds.com\/web\/wp-content\/uploads\/2024\/02\/auto-forbidden-fruit-cake-scaled.jpg","contentUrl":"https:\/\/advancedseeds.com\/web\/wp-content\/uploads\/2024\/02\/auto-forbidden-fruit-cake-scaled.jpg","width":1706,"height":2560},{"@type":"BreadcrumbList","@id":"https:\/\/advancedseeds.com\/tienda\/automaticas\/auto-forbidden-fruit-cake\/#breadcrumb","itemListElement":[{"@type":"ListItem","position":1,"name":"Home","item":"https:\/\/advancedseeds.com\/"},{"@type":"ListItem","position":2,"name":"Tienda","item":"https:\/\/advancedseeds.com\/"},{"@type":"ListItem","position":3,"name":"Auto Forbidden Fruit Cake"}]},{"@type":"WebSite","@id":"https:\/\/advancedseeds.com\/#website","url":"https:\/\/advancedseeds.com\/","name":"Advanced Seeds","description":"Fortschrittliche Genetik in feminisierten und automatischen Samen.","publisher":{"@id":"https:\/\/advancedseeds.com\/#organization"},"potentialAction":[{"@type":"SearchAction","target":{"@type":"EntryPoint","urlTemplate":"https:\/\/advancedseeds.com\/?s={search_term_string}"},"query-input":{"@type":"PropertyValueSpecification","valueRequired":true,"valueName":"search_term_string"}}],"inLanguage":"de"},{"@type":"Organization","@id":"https:\/\/advancedseeds.com\/#organization","name":"Advanced Seeds","url":"https:\/\/advancedseeds.com\/","logo":{"@type":"ImageObject","inLanguage":"de","@id":"https:\/\/advancedseeds.com\/#\/schema\/logo\/image\/","url":"https:\/\/advancedseeds.com\/web\/wp-content\/uploads\/2021\/01\/logo-advanced.jpg","contentUrl":"https:\/\/advancedseeds.com\/web\/wp-content\/uploads\/2021\/01\/logo-advanced.jpg","width":600,"height":600,"caption":"Advanced Seeds"},"image":{"@id":"https:\/\/advancedseeds.com\/#\/schema\/logo\/image\/"}}]}},"_links":{"self":[{"href":"https:\/\/advancedseeds.com\/de\/wp-json\/wp\/v2\/product\/13695","targetHints":{"allow":["GET"]}}],"collection":[{"href":"https:\/\/advancedseeds.com\/de\/wp-json\/wp\/v2\/product"}],"about":[{"href":"https:\/\/advancedseeds.com\/de\/wp-json\/wp\/v2\/types\/product"}],"replies":[{"embeddable":true,"href":"https:\/\/advancedseeds.com\/de\/wp-json\/wp\/v2\/comments?post=13695"}],"wp:featuredmedia":[{"embeddable":true,"href":"https:\/\/advancedseeds.com\/de\/wp-json\/wp\/v2\/media\/19805"}],"wp:attachment":[{"href":"https:\/\/advancedseeds.com\/de\/wp-json\/wp\/v2\/media?parent=13695"}],"wp:term":[{"taxonomy":"product_brand","embeddable":true,"href":"https:\/\/advancedseeds.com\/de\/wp-json\/wp\/v2\/product_brand?post=13695"},{"taxonomy":"product_cat","embeddable":true,"href":"https:\/\/advancedseeds.com\/de\/wp-json\/wp\/v2\/product_cat?post=13695"},{"taxonomy":"product_tag","embeddable":true,"href":"https:\/\/advancedseeds.com\/de\/wp-json\/wp\/v2\/product_tag?post=13695"}],"curies":[{"name":"wp","href":"https:\/\/api.w.org\/{rel}","templated":true}]}}