{"id":13696,"date":"2024-02-22T12:30:55","date_gmt":"2024-02-22T11:30:55","guid":{"rendered":"https:\/\/advancedseeds.com\/web\/?post_type=product&#038;p=13696"},"modified":"2025-03-22T18:30:00","modified_gmt":"2025-03-22T17:30:00","slug":"critical-lemon-fast-fem-advanced-seeds","status":"publish","type":"product","link":"https:\/\/advancedseeds.com\/de\/tienda\/feminizadas\/critical-lemon-fast-fem-advanced-seeds\/","title":{"rendered":"Critical Lemon Fast"},"content":{"rendered":"<p><b>Critical Lemon Fast von Advanced Seeds sind <\/b><a href=\"https:\/\/advancedseeds.com\/web\/categoria-producto\/fast\/\"><b>Schnelle feminisierte Samen<\/b><\/a><b> bl\u00fchende<\/b> <b>ultraschnell <\/b><span style=\"font-weight: 400\">die das Beste aus zwei Welten vereint: Potenz und Geschwindigkeit. Dieser indicadominante Hybrid ist die schnelle Version von Critical Lemon und zeichnet sich durch 21% THC und eine Bl\u00fctezeit von nur 50\/55 Tagen aus. Perfekt f\u00fcr Z\u00fcchter, die Geschwindigkeit suchen, ohne auf Geschmack und Potenz verzichten zu m\u00fcssen.<\/span><\/p>\n<h2><span style=\"font-weight: 400\">Was sind die genetischen Eigenschaften dieser Samen?<\/span><\/h2>\n<p><span style=\"font-weight: 400\">Critical Lemon Fast-Samen von Advanced Seeds sind das Ergebnis einer innovativen <\/span><b>Kreuzung zwischen <\/b><a href=\"https:\/\/advancedseeds.com\/web\/producto\/critical-lemon\/\"><b>Critical Lemon<\/b><\/a><b> und eine autoflowering Sorte der Critical-Genetik<\/b><span style=\"font-weight: 400\">. Diese Kombination hat einen indicadominierten Hybriden hervorgebracht, der alle w\u00fcnschenswerten Eigenschaften seiner Eltern beibeh\u00e4lt: die Widerstandsf\u00e4higkeit und schnelle Bl\u00fcte von Critical, zusammen mit dem k\u00f6stlichen zitronigen Aroma und Geschmack von Critical Lemon.<\/span><\/p>\n<h2><span style=\"font-weight: 400\">Wie sehen die Advanced Seeds Critical Lemon Fast Pflanzen aus?<\/span><\/h2>\n<p><span style=\"font-weight: 400\">In Bezug auf das Aussehen zeigt Critical Lemon Fast eine imposante Struktur, mit einer kompakten und starken Morphologie, die eher typisch f\u00fcr Indica-Sorten ist. Diese Pflanze erreicht eine <\/span><b>moderate H\u00f6he<\/b><span style=\"font-weight: 400\">Sie ist ideal f\u00fcr den Anbau auf kleinem Raum im Innenbereich und um im Freien unbemerkt zu bleiben. Ihre Knospen sind sehr dicht, mit einer <\/span><b>attraktive Beschichtung mit Trichomen, die ihm ein samtiges Aussehen verleihen<\/b><span style=\"font-weight: 400\">. Au\u00dferdem nehmen die Knospen w\u00e4hrend der Bl\u00fctezeit sch\u00f6ne, auff\u00e4llige Farbt\u00f6ne an, was sie nicht nur zu einer produktiven, sondern auch zu einer visuell beeindruckenden Pflanze macht.<\/span><\/p>\n<h2><span style=\"font-weight: 400\">Wie werden diese Samen im Innen- und Au\u00dfenbereich angebaut?<\/span><\/h2>\n<p><span style=\"font-weight: 400\">Critical Lemon Fast ist eine Sorte, die sich durch ihre Widerstandsf\u00e4higkeit in verschiedenen Anbauumgebungen auszeichnet.<\/span><\/p>\n<h3><span style=\"font-weight: 400\"> Innenanbau:<\/span><\/h3>\n<p><span style=\"font-weight: 400\">Durch ihre geringe Gr\u00f6\u00dfe ist sie ideal f\u00fcr den Anbau in der Garderobe und eignet sich gut f\u00fcr Techniken wie SCROG und Supercropping. <\/span><b>Sie k\u00f6nnen ihm 4 bis 5 Wochen vegetatives Wachstum geben.<\/b><span style=\"font-weight: 400\">W\u00e4hrend dieser Zeit wird das SCROG-Netz beschnitten und \"vern\u00e4ht\", bis die meisten L\u00f6cher abgedeckt sind, <\/span><b>zu diesem Zeitpunkt k\u00f6nnen Sie die Photoperiode \u00e4ndern<\/b><span style=\"font-weight: 400\"> bis zur Bl\u00fcte.<\/span><\/p>\n<h3><span style=\"font-weight: 400\">Anbau im Freien: <\/span><\/h3>\n<p><span style=\"font-weight: 400\">Sie zeigt eine <\/span><b>kr\u00e4ftiges Wachstum wie kaum ein anderer<\/b><span style=\"font-weight: 400\">Sie passen sich gut an unterschiedliche klimatische Bedingungen an und bl\u00fchen schnell in jeder Umgebung. Dies sind spezielle Samen f\u00fcr Regionen mit kurzem Sommer, da sie <\/span><b>kann vor dem Eintreffen von kaltem und regnerischem Wetter geerntet werden<\/b><span style=\"font-weight: 400\">. Wie im Haus ist es ideal, mehrmals w\u00e4hrend der Vegetationsperiode zu schneiden, um die maximale Anzahl von Knospen zu erhalten, die sich schlie\u00dflich zu gro\u00dfen Knospen entwickeln.<\/span><\/p>\n<h2><span style=\"font-weight: 400\">Wann werden die feminisierten Critical Lemon Fast-Samen von Advanced Seeds geerntet?<\/span><\/h2>\n<p><span style=\"font-weight: 400\">Einer der Hauptvorteile der Critical Lemon Fast ist ihre verk\u00fcrzte Bl\u00fctezeit. Im Innenbereich k\u00f6nnen die Z\u00fcchter mit einer schnellen Bl\u00fctezeit von <\/span><b>etwa 50-55 Tage<\/b><span style=\"font-weight: 400\">. Im Freien ist er ab dem folgenden Zeitpunkt erntereif <\/span><b>Mitte bis Ende September<\/b><span style=\"font-weight: 400\"> in der n\u00f6rdlichen Hemisph\u00e4re. Diese schnelle Bl\u00fcte erm\u00f6glicht es den Z\u00fcchtern, das Beste aus den Wachstumsperioden zu machen und ohne klimatische Probleme zu ernten.<\/span><\/p>\n<h2><span style=\"font-weight: 400\">Wie viel produzieren diese Samen?<\/span><\/h2>\n<p><span style=\"font-weight: 400\">Critical Lemon Fast ist nicht nur schnell, sondern auch gro\u00dfz\u00fcgig in der Produktion. Im Innenbereich k\u00f6nnen die Z\u00fcchter mit Ertr\u00e4gen von <\/span><b>zwischen 500 und 550 gr\/m2<\/b><span style=\"font-weight: 400\">. Im Freien kann jede Pflanze Folgendes produzieren <\/span><b>\u00fcber 500 Gramm<\/b><span style=\"font-weight: 400\">Es muss jedoch klar sein, dass dies sehr relativ ist und von vielen Faktoren abh\u00e4ngt.<\/span><\/p>\n<h2><span style=\"font-weight: 400\">Wie ist das Aroma und der Geschmack von Critical Lemon Fast von Advanced Seeds?<\/span><\/h2>\n<p><span style=\"font-weight: 400\">Das organoleptische Profil von Critical Lemon Fast ist sehr ausgepr\u00e4gt <\/span><b>Zitrusfr\u00fcchte, s\u00fc\u00df und fruchtig<\/b><span style=\"font-weight: 400\">. Dieses Kraut zeichnet sich durch sein intensives Aroma von Zitrone und Grapefruit aus, das es von Critical Lemon geerbt hat, und wird erg\u00e4nzt durch <\/span><b>fruchtige, blumige und herbe Nuancen<\/b><span style=\"font-weight: 400\"> charakteristisch f\u00fcr ihre Critical-Genetik. Beim Rauchen genie\u00dfen die Konsumenten einen dominanten zitronigen Geschmack mit einem lang anhaltenden Nachgeschmack, der dazu einl\u00e4dt, sein exquisites Bouquet weiter zu genie\u00dfen.<\/span><\/p>\n<h2><span style=\"font-weight: 400\">Welche Wirkung hat dieses Marihuana?<\/span><\/h2>\n<p><span style=\"font-weight: 400\">Mit einem Inhalt von <\/span><b>THC von 21%<\/b><span style=\"font-weight: 400\">Critical Lemon Fast erzeugt eine starke, vollmundige Wirkung, die f\u00fcr indicadominierte Sorten charakteristisch ist. Sie erzeugt ein Gef\u00fchl von <\/span><b>k\u00f6rperliche Entspannung, begleitet von einem leichten zerebralen Impuls<\/b><span style=\"font-weight: 400\">Es ist ideal, um sich am Ende des Tages zu entspannen oder um allt\u00e4gliche Spannungen abzubauen. Dank seiner ausgewogenen Wirkung eignet er sich sowohl f\u00fcr den Freizeitgebrauch als auch f\u00fcr die medizinische Anwendung und ist eine beliebte Wahl f\u00fcr die Behandlung von Symptomen wie Stress, Angst und Schlaflosigkeit.<\/span><\/p>\n<h2><span style=\"font-weight: 400\">Feminisierte Critical Lemon Fast Samen zum besten Preis kaufen.<\/span><\/h2>\n<p><span style=\"font-weight: 400\">\u00dcberlegen Sie nicht lange, die feminisierten Samen Critical Lemon Fast von Advanced Seeds sind die L\u00f6sung, die Sie f\u00fcr Ihren Anbau brauchen. Diese Samen, die online bei Advancedseeds.com erh\u00e4ltlich sind, bieten ein hervorragendes Preis-Leistungs-Verh\u00e4ltnis und sorgen daf\u00fcr, dass die Z\u00fcchter in k\u00fcrzester Zeit eine reiche Ernte von hoher Qualit\u00e4t erhalten.<\/span><\/p>\n<h2><span style=\"font-weight: 400\">H\u00e4ufig gestellte Fragen \u00fcber Critical Lemon<\/span><\/h2>\n<h3><span style=\"font-weight: 400\">Ist Critical Lemon Fast f\u00fcr Anf\u00e4nger geeignet?<\/span><\/h3>\n<p><span style=\"font-weight: 400\">Ja, dank der schnellen Bl\u00fcte und der einfachen Kultivierung ist sie ideal f\u00fcr Anf\u00e4nger und erfahrene Z\u00fcchter.<\/span><\/p>\n<h3><span style=\"font-weight: 400\">Wie kann man die Stromversorgung des Critical Lemon Fast w\u00e4hrend seiner Lebensdauer verwalten?<\/span><\/h3>\n<p><span style=\"font-weight: 400\">Es ist wichtig, die Ern\u00e4hrung an die spezifischen Bed\u00fcrfnisse der einzelnen Wachstumsphasen anzupassen, wobei der Schwerpunkt auf Makron\u00e4hrstoffen w\u00e4hrend der Bl\u00fctephase liegt.<\/span><\/p>\n<h3><span style=\"font-weight: 400\">Welche Nebenwirkungen hat die Einnahme von Critical Lemon Fast?<\/span><\/h3>\n<p><span style=\"font-weight: 400\">Kann Mund- und Augentrockenheit und in hohen Dosen Angstgef\u00fchle oder Paranoia bei Konsumenten verursachen, die nicht an die Wirkung gew\u00f6hnt sind.<\/span><\/p>\n<h3><span style=\"font-weight: 400\">Wie wirken sich die klimatischen Bedingungen auf den Anbau von Critical Lemon Fast aus?<\/span><\/h3>\n<p><span style=\"font-weight: 400\">Critical Lemon Fast ist winterhart, aber ein mildes und stabiles Klima ist ideal f\u00fcr eine optimale Entwicklung.<\/span><\/p>\n<h3><span style=\"font-weight: 400\">Wann ist der beste Zeitpunkt, um Critical Lemon Fast ins Freie zu pflanzen?<\/span><\/h3>\n<p><span style=\"font-weight: 400\">Es sollte klar sein, dass die Bl\u00fctezeit fr\u00fcher beginnt als bei der normalen Version, so dass die Samen auch fr\u00fcher gekeimt werden sollten, wenn die Absicht besteht, so gro\u00df wie m\u00f6glich zu werden.<\/span><\/p>","protected":false},"excerpt":{"rendered":"<p><span style=\"font-weight: 400\">Entdecken Sie Critical Lemon Fast und kaufen Sie Samen zum besten Preis, schnelle Indica mit 21% THC. Zitrusgeschmack, schnelle Ernte.<\/span><\/p>","protected":false},"featured_media":19804,"comment_status":"open","ping_status":"closed","template":"","meta":{"_acf_changed":false},"product_brand":[],"product_cat":[69],"product_tag":[],"class_list":{"0":"post-13696","1":"product","2":"type-product","3":"status-publish","4":"has-post-thumbnail","6":"product_cat-feminizadas","8":"first","9":"instock","10":"taxable","11":"shipping-taxable","12":"purchasable","13":"product-type-variable"},"acf":[],"yoast_head":"<!-- This site is optimized with the Yoast SEO Premium plugin v26.3 (Yoast SEO v26.6) - https:\/\/yoast.com\/wordpress\/plugins\/seo\/ -->\n<title>Critical Lemon Fast - Advanced Seeds<\/title>\n<meta name=\"robots\" content=\"index, follow, max-snippet:-1, max-image-preview:large, max-video-preview:-1\" \/>\n<link rel=\"canonical\" href=\"https:\/\/advancedseeds.com\/de\/tienda\/feminizadas\/critical-lemon-fast-fem-advanced-seeds\/\" \/>\n<meta property=\"og:locale\" content=\"de_DE\" \/>\n<meta property=\"og:type\" content=\"article\" \/>\n<meta property=\"og:title\" content=\"Critical Lemon Fast\" \/>\n<meta property=\"og:description\" content=\"Descubre Critical Lemon Fast y compra las semillas al mejor precio, \u00edndica r\u00e1pida con 21% THC. Sabor c\u00edtrico, cosecha veloz.\" \/>\n<meta property=\"og:url\" content=\"https:\/\/advancedseeds.com\/de\/tienda\/feminizadas\/critical-lemon-fast-fem-advanced-seeds\/\" \/>\n<meta property=\"og:site_name\" content=\"Advanced Seeds\" \/>\n<meta property=\"article:modified_time\" content=\"2025-03-22T17:30:00+00:00\" \/>\n<meta property=\"og:image\" content=\"https:\/\/advancedseeds.com\/web\/wp-content\/uploads\/2024\/02\/Critical-Lemon-Fast.jpg\" \/>\n\t<meta property=\"og:image:width\" content=\"1644\" \/>\n\t<meta property=\"og:image:height\" content=\"2466\" \/>\n\t<meta property=\"og:image:type\" content=\"image\/jpeg\" \/>\n<meta name=\"twitter:card\" content=\"summary_large_image\" \/>\n<meta name=\"twitter:label1\" content=\"Gesch\u00e4tzte Lesezeit\" \/>\n\t<meta name=\"twitter:data1\" content=\"5\u00a0Minuten\" \/>\n<script type=\"application\/ld+json\" class=\"yoast-schema-graph\">{\"@context\":\"https:\/\/schema.org\",\"@graph\":[{\"@type\":\"WebPage\",\"@id\":\"https:\/\/advancedseeds.com\/tienda\/feminizadas\/critical-lemon-fast-fem-advanced-seeds\/\",\"url\":\"https:\/\/advancedseeds.com\/tienda\/feminizadas\/critical-lemon-fast-fem-advanced-seeds\/\",\"name\":\"Critical Lemon Fast - Advanced Seeds\",\"isPartOf\":{\"@id\":\"https:\/\/advancedseeds.com\/#website\"},\"primaryImageOfPage\":{\"@id\":\"https:\/\/advancedseeds.com\/tienda\/feminizadas\/critical-lemon-fast-fem-advanced-seeds\/#primaryimage\"},\"image\":{\"@id\":\"https:\/\/advancedseeds.com\/tienda\/feminizadas\/critical-lemon-fast-fem-advanced-seeds\/#primaryimage\"},\"thumbnailUrl\":\"https:\/\/advancedseeds.com\/web\/wp-content\/uploads\/2024\/02\/Critical-Lemon-Fast.jpg\",\"datePublished\":\"2024-02-22T11:30:55+00:00\",\"dateModified\":\"2025-03-22T17:30:00+00:00\",\"breadcrumb\":{\"@id\":\"https:\/\/advancedseeds.com\/tienda\/feminizadas\/critical-lemon-fast-fem-advanced-seeds\/#breadcrumb\"},\"inLanguage\":\"de\",\"potentialAction\":[{\"@type\":\"ReadAction\",\"target\":[\"https:\/\/advancedseeds.com\/tienda\/feminizadas\/critical-lemon-fast-fem-advanced-seeds\/\"]}]},{\"@type\":\"ImageObject\",\"inLanguage\":\"de\",\"@id\":\"https:\/\/advancedseeds.com\/tienda\/feminizadas\/critical-lemon-fast-fem-advanced-seeds\/#primaryimage\",\"url\":\"https:\/\/advancedseeds.com\/web\/wp-content\/uploads\/2024\/02\/Critical-Lemon-Fast.jpg\",\"contentUrl\":\"https:\/\/advancedseeds.com\/web\/wp-content\/uploads\/2024\/02\/Critical-Lemon-Fast.jpg\",\"width\":1644,\"height\":2466},{\"@type\":\"BreadcrumbList\",\"@id\":\"https:\/\/advancedseeds.com\/tienda\/feminizadas\/critical-lemon-fast-fem-advanced-seeds\/#breadcrumb\",\"itemListElement\":[{\"@type\":\"ListItem\",\"position\":1,\"name\":\"Home\",\"item\":\"https:\/\/advancedseeds.com\/\"},{\"@type\":\"ListItem\",\"position\":2,\"name\":\"Tienda\",\"item\":\"https:\/\/advancedseeds.com\/\"},{\"@type\":\"ListItem\",\"position\":3,\"name\":\"Critical Lemon Fast\"}]},{\"@type\":\"WebSite\",\"@id\":\"https:\/\/advancedseeds.com\/#website\",\"url\":\"https:\/\/advancedseeds.com\/\",\"name\":\"Advanced Seeds\",\"description\":\"Gen\u00e9ticas Avanzadas en semillas feminizadas y autom\u00e1ticas.\",\"publisher\":{\"@id\":\"https:\/\/advancedseeds.com\/#organization\"},\"potentialAction\":[{\"@type\":\"SearchAction\",\"target\":{\"@type\":\"EntryPoint\",\"urlTemplate\":\"https:\/\/advancedseeds.com\/?s={search_term_string}\"},\"query-input\":{\"@type\":\"PropertyValueSpecification\",\"valueRequired\":true,\"valueName\":\"search_term_string\"}}],\"inLanguage\":\"de\"},{\"@type\":\"Organization\",\"@id\":\"https:\/\/advancedseeds.com\/#organization\",\"name\":\"Advanced Seeds\",\"url\":\"https:\/\/advancedseeds.com\/\",\"logo\":{\"@type\":\"ImageObject\",\"inLanguage\":\"de\",\"@id\":\"https:\/\/advancedseeds.com\/#\/schema\/logo\/image\/\",\"url\":\"https:\/\/advancedseeds.com\/web\/wp-content\/uploads\/2021\/01\/logo-advanced.jpg\",\"contentUrl\":\"https:\/\/advancedseeds.com\/web\/wp-content\/uploads\/2021\/01\/logo-advanced.jpg\",\"width\":600,\"height\":600,\"caption\":\"Advanced Seeds\"},\"image\":{\"@id\":\"https:\/\/advancedseeds.com\/#\/schema\/logo\/image\/\"}}]}<\/script>\n<!-- \/ Yoast SEO Premium plugin. -->","yoast_head_json":{"title":"Critical Lemon Fast - Advanced Seeds","robots":{"index":"index","follow":"follow","max-snippet":"max-snippet:-1","max-image-preview":"max-image-preview:large","max-video-preview":"max-video-preview:-1"},"canonical":"https:\/\/advancedseeds.com\/de\/tienda\/feminizadas\/critical-lemon-fast-fem-advanced-seeds\/","og_locale":"de_DE","og_type":"article","og_title":"Critical Lemon Fast","og_description":"Descubre Critical Lemon Fast y compra las semillas al mejor precio, \u00edndica r\u00e1pida con 21% THC. Sabor c\u00edtrico, cosecha veloz.","og_url":"https:\/\/advancedseeds.com\/de\/tienda\/feminizadas\/critical-lemon-fast-fem-advanced-seeds\/","og_site_name":"Advanced Seeds","article_modified_time":"2025-03-22T17:30:00+00:00","og_image":[{"width":1644,"height":2466,"url":"https:\/\/advancedseeds.com\/web\/wp-content\/uploads\/2024\/02\/Critical-Lemon-Fast.jpg","type":"image\/jpeg"}],"twitter_card":"summary_large_image","twitter_misc":{"Gesch\u00e4tzte Lesezeit":"5\u00a0Minuten"},"schema":{"@context":"https:\/\/schema.org","@graph":[{"@type":"WebPage","@id":"https:\/\/advancedseeds.com\/tienda\/feminizadas\/critical-lemon-fast-fem-advanced-seeds\/","url":"https:\/\/advancedseeds.com\/tienda\/feminizadas\/critical-lemon-fast-fem-advanced-seeds\/","name":"Critical Lemon Fast - Advanced Seeds","isPartOf":{"@id":"https:\/\/advancedseeds.com\/#website"},"primaryImageOfPage":{"@id":"https:\/\/advancedseeds.com\/tienda\/feminizadas\/critical-lemon-fast-fem-advanced-seeds\/#primaryimage"},"image":{"@id":"https:\/\/advancedseeds.com\/tienda\/feminizadas\/critical-lemon-fast-fem-advanced-seeds\/#primaryimage"},"thumbnailUrl":"https:\/\/advancedseeds.com\/web\/wp-content\/uploads\/2024\/02\/Critical-Lemon-Fast.jpg","datePublished":"2024-02-22T11:30:55+00:00","dateModified":"2025-03-22T17:30:00+00:00","breadcrumb":{"@id":"https:\/\/advancedseeds.com\/tienda\/feminizadas\/critical-lemon-fast-fem-advanced-seeds\/#breadcrumb"},"inLanguage":"de","potentialAction":[{"@type":"ReadAction","target":["https:\/\/advancedseeds.com\/tienda\/feminizadas\/critical-lemon-fast-fem-advanced-seeds\/"]}]},{"@type":"ImageObject","inLanguage":"de","@id":"https:\/\/advancedseeds.com\/tienda\/feminizadas\/critical-lemon-fast-fem-advanced-seeds\/#primaryimage","url":"https:\/\/advancedseeds.com\/web\/wp-content\/uploads\/2024\/02\/Critical-Lemon-Fast.jpg","contentUrl":"https:\/\/advancedseeds.com\/web\/wp-content\/uploads\/2024\/02\/Critical-Lemon-Fast.jpg","width":1644,"height":2466},{"@type":"BreadcrumbList","@id":"https:\/\/advancedseeds.com\/tienda\/feminizadas\/critical-lemon-fast-fem-advanced-seeds\/#breadcrumb","itemListElement":[{"@type":"ListItem","position":1,"name":"Home","item":"https:\/\/advancedseeds.com\/"},{"@type":"ListItem","position":2,"name":"Tienda","item":"https:\/\/advancedseeds.com\/"},{"@type":"ListItem","position":3,"name":"Critical Lemon Fast"}]},{"@type":"WebSite","@id":"https:\/\/advancedseeds.com\/#website","url":"https:\/\/advancedseeds.com\/","name":"Advanced Seeds","description":"Fortschrittliche Genetik in feminisierten und automatischen Samen.","publisher":{"@id":"https:\/\/advancedseeds.com\/#organization"},"potentialAction":[{"@type":"SearchAction","target":{"@type":"EntryPoint","urlTemplate":"https:\/\/advancedseeds.com\/?s={search_term_string}"},"query-input":{"@type":"PropertyValueSpecification","valueRequired":true,"valueName":"search_term_string"}}],"inLanguage":"de"},{"@type":"Organization","@id":"https:\/\/advancedseeds.com\/#organization","name":"Advanced Seeds","url":"https:\/\/advancedseeds.com\/","logo":{"@type":"ImageObject","inLanguage":"de","@id":"https:\/\/advancedseeds.com\/#\/schema\/logo\/image\/","url":"https:\/\/advancedseeds.com\/web\/wp-content\/uploads\/2021\/01\/logo-advanced.jpg","contentUrl":"https:\/\/advancedseeds.com\/web\/wp-content\/uploads\/2021\/01\/logo-advanced.jpg","width":600,"height":600,"caption":"Advanced Seeds"},"image":{"@id":"https:\/\/advancedseeds.com\/#\/schema\/logo\/image\/"}}]}},"_links":{"self":[{"href":"https:\/\/advancedseeds.com\/de\/wp-json\/wp\/v2\/product\/13696","targetHints":{"allow":["GET"]}}],"collection":[{"href":"https:\/\/advancedseeds.com\/de\/wp-json\/wp\/v2\/product"}],"about":[{"href":"https:\/\/advancedseeds.com\/de\/wp-json\/wp\/v2\/types\/product"}],"replies":[{"embeddable":true,"href":"https:\/\/advancedseeds.com\/de\/wp-json\/wp\/v2\/comments?post=13696"}],"wp:featuredmedia":[{"embeddable":true,"href":"https:\/\/advancedseeds.com\/de\/wp-json\/wp\/v2\/media\/19804"}],"wp:attachment":[{"href":"https:\/\/advancedseeds.com\/de\/wp-json\/wp\/v2\/media?parent=13696"}],"wp:term":[{"taxonomy":"product_brand","embeddable":true,"href":"https:\/\/advancedseeds.com\/de\/wp-json\/wp\/v2\/product_brand?post=13696"},{"taxonomy":"product_cat","embeddable":true,"href":"https:\/\/advancedseeds.com\/de\/wp-json\/wp\/v2\/product_cat?post=13696"},{"taxonomy":"product_tag","embeddable":true,"href":"https:\/\/advancedseeds.com\/de\/wp-json\/wp\/v2\/product_tag?post=13696"}],"curies":[{"name":"wp","href":"https:\/\/api.w.org\/{rel}","templated":true}]}}