{"id":14875,"date":"2024-05-31T09:20:44","date_gmt":"2024-05-31T08:20:44","guid":{"rendered":"https:\/\/advancedseeds.com\/web\/?post_type=product&#038;p=14875"},"modified":"2025-03-22T18:22:42","modified_gmt":"2025-03-22T17:22:42","slug":"auto-rainbow-sherbet-11-fem-advanced-seeds","status":"publish","type":"product","link":"https:\/\/advancedseeds.com\/de\/tienda\/automaticas\/auto-rainbow-sherbet-11-fem-advanced-seeds\/","title":{"rendered":"Auto Rainbow Sherbet #11"},"content":{"rendered":"<p><span style=\"font-weight: 400\">Entdecken Sie Auto Rainbow Sherbet#11, eine einzigartige autoflowering Sorte.<\/span><\/p>\n<p><span style=\"font-weight: 400\">Die<\/span><a href=\"https:\/\/advancedseeds.com\/web\/categoria-producto\/automaticas\/\"> <b>Automatisches Saatgut<\/b><\/a><b> Auto Rainbow Sherbet#11<\/b><span style=\"font-weight: 400\"> von Advanced Seeds sind ein Genuss f\u00fcr die Sinne und eine perfekte Wahl f\u00fcr Z\u00fcchter aller Stufen. Mit einem schnellen Lebenszyklus und au\u00dfergew\u00f6hnlichem Geschmack ist diese Sorte ideal f\u00fcr diejenigen, die Qualit\u00e4t und Effizienz suchen.<\/span><\/p>\n<h2><span style=\"font-weight: 400\">Was sind die genetischen Eigenschaften dieser Samen?<\/span><\/h2>\n<p><span style=\"font-weight: 400\">Auto Rainbow Sherbet#11 ist das Ergebnis einer sorgf\u00e4ltigen genetischen Auswahl, <\/span><b>Kombination von Rainbow Sherbet#11 mit einem automatischen Stamm<\/b><span style=\"font-weight: 400\"> um die f\u00fcr das Autoflowering verantwortlichen Gene zu vererben. Diese genetische Vererbung gew\u00e4hrleistet eine <\/span><b>perfekte Balance zwischen Indica und Sativa<\/b><span style=\"font-weight: 400\">Das Ergebnis sind kr\u00e4ftige und schnell wachsende Pflanzen, ideale Eigenschaften f\u00fcr eine autoflowering Version.<\/span><\/p>\n<h2><span style=\"font-weight: 400\">Wie sieht Auto Rainbow Sherbet#11 aus?<\/span><\/h2>\n<p><span style=\"font-weight: 400\">Die Auto Rainbow Sherbet#11 hat ein sch\u00f6nes Aussehen und eine kompaktere Struktur im Vergleich zu ihrer photoperiodischen Version. <\/span><b>Ihre Knospen sind sehr volumin\u00f6s und mit gl\u00e4nzendem Harz impr\u00e4gniert.<\/b><span style=\"font-weight: 400\"> und klebrig. Die F\u00e4rbung dieser Bl\u00fcten ist ein optisches Spektakel: helle Gr\u00fcnt\u00f6ne mit <\/span><b>violette Farbt\u00f6ne und orangefarbene Bl\u00fctenstempel<\/b><span style=\"font-weight: 400\"> vibrierend.<\/span><\/p>\n<h2><span style=\"font-weight: 400\">Wie werden diese Samen im Innen- und Au\u00dfenbereich angebaut?<\/span><\/h2>\n<h3><span style=\"font-weight: 400\">Innenanbau:<\/span><\/h3>\n<p><span style=\"font-weight: 400\">Auto Rainbow Sherbet#11 ist eine Sorte, die in jeden Raum passt, von kleinen Schr\u00e4nken bis zu gro\u00dfen Gew\u00e4chsh\u00e4usern. Ihre autoflowering Natur vereinfacht den Anbauprozess, da sie <\/span><b>erfordert keine \u00c4nderung des Lichtzyklus.<\/b><span style=\"font-weight: 400\"> F\u00fcr beste Ergebnisse empfiehlt es sich, eine <\/span><b>konstante Photoperiode von 20 Stunden Licht und 4 Stunden Dunkelheit<\/b><span style=\"font-weight: 400\">eine kontrollierte Umgebung in Bezug auf Luftfeuchtigkeit und Temperatur aufrechterhalten und n\u00e4hrstoffreiche Substrate verwenden.<\/span><\/p>\n<h3><span style=\"font-weight: 400\">Anbau im Freien:<\/span><\/h3>\n<p><span style=\"font-weight: 400\">Auto Rainbow Sherbet#11, profitiert stark von der Jahreszeit vom sp\u00e4ten Fr\u00fchjahr bis zum Sp\u00e4therbst, aber <\/span><b>kann fast das ganze Jahr \u00fcber angebaut werden, au\u00dfer im Winter<\/b><span style=\"font-weight: 400\">. Sie ist winterhart und anpassungsf\u00e4hig, ideal f\u00fcr Balkone, Terrassen oder Innenh\u00f6fe, wo sie unauff\u00e4lliger sein soll als normale bl\u00fchende Pflanzen. Wir empfehlen eine <\/span><b>bel\u00fcftetes und n\u00e4hrstoffreiches Substrat<\/b><span style=\"font-weight: 400\">Obwohl es sich um eine winterharte Pflanze handelt, ist es keine schlechte Idee, sie m\u00f6glichst mit nat\u00fcrlichen Produkten vor Sch\u00e4dlingen und Pilzen zu sch\u00fctzen.<\/span><\/p>\n<h2><span style=\"font-weight: 400\">Wann wird Auto Rainbow Sherbet#11 geerntet?<\/span><\/h2>\n<p><span style=\"font-weight: 400\">Der Auto Rainbow Sherbet#11 hat einen schnellen Lebenszyklus, von <\/span><b>etwa 10-11 Wochen ab Keimung<\/b><span style=\"font-weight: 400\"> bis zur Ernte. Auf diese Weise k\u00f6nnen die Erzeuger mehrere Ernten pro Jahr erzielen, insbesondere in warmen und stabilen Klimazonen.<\/span><\/p>\n<h2><span style=\"font-weight: 400\">Wie viel produzieren diese Samen?<\/span><\/h2>\n<p><span style=\"font-weight: 400\">Obwohl sie eine autoflowering Sorte ist, \u00fcberrascht Auto Rainbow Sherbet#11 mit ihren Ertr\u00e4gen. Im Innenbereich ist es m\u00f6glich, folgende Ertr\u00e4ge zu erzielen <\/span><b>etwa 500 g\/m\u00b2.<\/b><span style=\"font-weight: 400\">Im Freien kann jede Pflanze bis zu 200 g produzieren. Ihre Terpenproduktion ist beeindruckend, etwas, das bei automatischen Sorten nicht so \u00fcblich ist.<\/span><\/p>\n<h2><span style=\"font-weight: 400\">Wie ist der Geruch und Geschmack von Auto Rainbow Sherbet#11?<\/span><\/h2>\n<p><span style=\"font-weight: 400\">Die folgenden Punkte sind hervorzuheben <\/span><b>s\u00fc\u00dfe und zitrusartige Aromen mit einem fruchtigen und blumigen Touch<\/b><span style=\"font-weight: 400\">und bietet ein umfassendes sensorisches Erlebnis. Beim Rauchen oder Verdampfen werden intensive fruchtige Aromen freigesetzt, mit dominanten Noten von <\/span><b>Guave <\/b><span style=\"font-weight: 400\">und Zitrusfr\u00fcchten und einem lang anhaltenden, angenehmen Bouquet.<\/span><\/p>\n<h2><span style=\"font-weight: 400\">Welche Wirkung hat dieses Marihuana?<\/span><\/h2>\n<p><span style=\"font-weight: 400\">Auto Rainbow Sherbet#11 bietet eine <\/span><b>gute Balance zwischen k\u00f6rperlicher Entspannung und geistiger Anregung<\/b><span style=\"font-weight: 400\">Es ist, als w\u00fcrde man eine K\u00f6rpermassage bekommen, w\u00e4hrend die Gedanken rasen. Obwohl die Wirkung stark ist, ist sie nicht \u00fcberw\u00e4ltigend, so dass sie sich f\u00fcr den Genuss am Tag oder in der Nacht eignet, sei es f\u00fcr den Freizeitgebrauch oder f\u00fcr therapeutische Zwecke.<\/span><\/p>\n<h2><span style=\"font-weight: 400\">Auto Rainbow Sherbet#11 zum besten Preis kaufen bei Advanced Seeds<\/span><\/h2>\n<p><span style=\"font-weight: 400\">Bei Advancedseeds.com k\u00f6nnen Sie Ihre Auto Rainbow Sherbet#11 Samen zum besten Preis kaufen. Erleben Sie das Vergn\u00fcgen, eine der schmackhaftesten und am einfachsten zu handhabenden autoflowering Sorten auf dem Markt anzubauen - verpassen Sie es nicht!<\/span><\/p>\n<h2><span style=\"font-weight: 400\">H\u00e4ufig gestellte Fragen \u00fcber Auto Rainbow Brausepulver:<\/span><\/h2>\n<h3><span style=\"font-weight: 400\">Muss ich den Lichtzyklus f\u00fcr Auto Rainbow Sherbet#11 \u00e4ndern?<\/span><\/h3>\n<p><span style=\"font-weight: 400\">Nein, da sie autoflowering ist, bl\u00fcht sie unabh\u00e4ngig vom Lichtzyklus.<\/span><\/p>\n<h3><span style=\"font-weight: 400\">Wie wirkt sich das Klima auf den Freilandanbau von Auto Rainbow Sherbet#11 aus?<\/span><\/h3>\n<p><span style=\"font-weight: 400\">Sie ist winterhart, aber in kalten Klimazonen kann sich ihr Zyklus etwas verl\u00e4ngern.<\/span><\/p>","protected":false},"excerpt":{"rendered":"<p>-<\/p>","protected":false},"featured_media":19798,"comment_status":"open","ping_status":"closed","template":"","meta":{"_acf_changed":false},"product_brand":[],"product_cat":[70],"product_tag":[],"class_list":{"0":"post-14875","1":"product","2":"type-product","3":"status-publish","4":"has-post-thumbnail","6":"product_cat-automaticas","8":"first","9":"instock","10":"taxable","11":"shipping-taxable","12":"purchasable","13":"product-type-variable"},"acf":[],"yoast_head":"<!-- This site is optimized with the Yoast SEO Premium plugin v26.3 (Yoast SEO v26.6) - https:\/\/yoast.com\/wordpress\/plugins\/seo\/ -->\n<title>Auto Rainbow Sherbet #11 - Advanced Seeds<\/title>\n<meta name=\"robots\" content=\"index, follow, max-snippet:-1, max-image-preview:large, max-video-preview:-1\" \/>\n<link rel=\"canonical\" href=\"https:\/\/advancedseeds.com\/de\/tienda\/automaticas\/auto-rainbow-sherbet-11-fem-advanced-seeds\/\" \/>\n<meta property=\"og:locale\" content=\"de_DE\" \/>\n<meta property=\"og:type\" content=\"article\" \/>\n<meta property=\"og:title\" content=\"Auto Rainbow Sherbet #11\" \/>\n<meta property=\"og:description\" content=\"-\" \/>\n<meta property=\"og:url\" content=\"https:\/\/advancedseeds.com\/de\/tienda\/automaticas\/auto-rainbow-sherbet-11-fem-advanced-seeds\/\" \/>\n<meta property=\"og:site_name\" content=\"Advanced Seeds\" \/>\n<meta property=\"article:modified_time\" content=\"2025-03-22T17:22:42+00:00\" \/>\n<meta property=\"og:image\" content=\"https:\/\/advancedseeds.com\/web\/wp-content\/uploads\/2024\/05\/Auto-Rainbow-Sherbet-scaled.jpg\" \/>\n\t<meta property=\"og:image:width\" content=\"1707\" \/>\n\t<meta property=\"og:image:height\" content=\"2560\" \/>\n\t<meta property=\"og:image:type\" content=\"image\/jpeg\" \/>\n<meta name=\"twitter:card\" content=\"summary_large_image\" \/>\n<meta name=\"twitter:label1\" content=\"Gesch\u00e4tzte Lesezeit\" \/>\n\t<meta name=\"twitter:data1\" content=\"3\u00a0Minuten\" \/>\n<script type=\"application\/ld+json\" class=\"yoast-schema-graph\">{\"@context\":\"https:\/\/schema.org\",\"@graph\":[{\"@type\":\"WebPage\",\"@id\":\"https:\/\/advancedseeds.com\/tienda\/automaticas\/auto-rainbow-sherbet-11-fem-advanced-seeds\/\",\"url\":\"https:\/\/advancedseeds.com\/tienda\/automaticas\/auto-rainbow-sherbet-11-fem-advanced-seeds\/\",\"name\":\"Auto Rainbow Sherbet #11 - Advanced Seeds\",\"isPartOf\":{\"@id\":\"https:\/\/advancedseeds.com\/#website\"},\"primaryImageOfPage\":{\"@id\":\"https:\/\/advancedseeds.com\/tienda\/automaticas\/auto-rainbow-sherbet-11-fem-advanced-seeds\/#primaryimage\"},\"image\":{\"@id\":\"https:\/\/advancedseeds.com\/tienda\/automaticas\/auto-rainbow-sherbet-11-fem-advanced-seeds\/#primaryimage\"},\"thumbnailUrl\":\"https:\/\/advancedseeds.com\/web\/wp-content\/uploads\/2024\/05\/Auto-Rainbow-Sherbet-scaled.jpg\",\"datePublished\":\"2024-05-31T08:20:44+00:00\",\"dateModified\":\"2025-03-22T17:22:42+00:00\",\"breadcrumb\":{\"@id\":\"https:\/\/advancedseeds.com\/tienda\/automaticas\/auto-rainbow-sherbet-11-fem-advanced-seeds\/#breadcrumb\"},\"inLanguage\":\"de\",\"potentialAction\":[{\"@type\":\"ReadAction\",\"target\":[\"https:\/\/advancedseeds.com\/tienda\/automaticas\/auto-rainbow-sherbet-11-fem-advanced-seeds\/\"]}]},{\"@type\":\"ImageObject\",\"inLanguage\":\"de\",\"@id\":\"https:\/\/advancedseeds.com\/tienda\/automaticas\/auto-rainbow-sherbet-11-fem-advanced-seeds\/#primaryimage\",\"url\":\"https:\/\/advancedseeds.com\/web\/wp-content\/uploads\/2024\/05\/Auto-Rainbow-Sherbet-scaled.jpg\",\"contentUrl\":\"https:\/\/advancedseeds.com\/web\/wp-content\/uploads\/2024\/05\/Auto-Rainbow-Sherbet-scaled.jpg\",\"width\":1707,\"height\":2560},{\"@type\":\"BreadcrumbList\",\"@id\":\"https:\/\/advancedseeds.com\/tienda\/automaticas\/auto-rainbow-sherbet-11-fem-advanced-seeds\/#breadcrumb\",\"itemListElement\":[{\"@type\":\"ListItem\",\"position\":1,\"name\":\"Home\",\"item\":\"https:\/\/advancedseeds.com\/\"},{\"@type\":\"ListItem\",\"position\":2,\"name\":\"Tienda\",\"item\":\"https:\/\/advancedseeds.com\/\"},{\"@type\":\"ListItem\",\"position\":3,\"name\":\"Auto Rainbow Sherbet #11\"}]},{\"@type\":\"WebSite\",\"@id\":\"https:\/\/advancedseeds.com\/#website\",\"url\":\"https:\/\/advancedseeds.com\/\",\"name\":\"Advanced Seeds\",\"description\":\"Gen\u00e9ticas Avanzadas en semillas feminizadas y autom\u00e1ticas.\",\"publisher\":{\"@id\":\"https:\/\/advancedseeds.com\/#organization\"},\"potentialAction\":[{\"@type\":\"SearchAction\",\"target\":{\"@type\":\"EntryPoint\",\"urlTemplate\":\"https:\/\/advancedseeds.com\/?s={search_term_string}\"},\"query-input\":{\"@type\":\"PropertyValueSpecification\",\"valueRequired\":true,\"valueName\":\"search_term_string\"}}],\"inLanguage\":\"de\"},{\"@type\":\"Organization\",\"@id\":\"https:\/\/advancedseeds.com\/#organization\",\"name\":\"Advanced Seeds\",\"url\":\"https:\/\/advancedseeds.com\/\",\"logo\":{\"@type\":\"ImageObject\",\"inLanguage\":\"de\",\"@id\":\"https:\/\/advancedseeds.com\/#\/schema\/logo\/image\/\",\"url\":\"https:\/\/advancedseeds.com\/web\/wp-content\/uploads\/2021\/01\/logo-advanced.jpg\",\"contentUrl\":\"https:\/\/advancedseeds.com\/web\/wp-content\/uploads\/2021\/01\/logo-advanced.jpg\",\"width\":600,\"height\":600,\"caption\":\"Advanced Seeds\"},\"image\":{\"@id\":\"https:\/\/advancedseeds.com\/#\/schema\/logo\/image\/\"}}]}<\/script>\n<!-- \/ Yoast SEO Premium plugin. -->","yoast_head_json":{"title":"Auto Rainbow Sherbet #11 - Advanced Seeds","robots":{"index":"index","follow":"follow","max-snippet":"max-snippet:-1","max-image-preview":"max-image-preview:large","max-video-preview":"max-video-preview:-1"},"canonical":"https:\/\/advancedseeds.com\/de\/tienda\/automaticas\/auto-rainbow-sherbet-11-fem-advanced-seeds\/","og_locale":"de_DE","og_type":"article","og_title":"Auto Rainbow Sherbet #11","og_description":"-","og_url":"https:\/\/advancedseeds.com\/de\/tienda\/automaticas\/auto-rainbow-sherbet-11-fem-advanced-seeds\/","og_site_name":"Advanced Seeds","article_modified_time":"2025-03-22T17:22:42+00:00","og_image":[{"width":1707,"height":2560,"url":"https:\/\/advancedseeds.com\/web\/wp-content\/uploads\/2024\/05\/Auto-Rainbow-Sherbet-scaled.jpg","type":"image\/jpeg"}],"twitter_card":"summary_large_image","twitter_misc":{"Gesch\u00e4tzte Lesezeit":"3\u00a0Minuten"},"schema":{"@context":"https:\/\/schema.org","@graph":[{"@type":"WebPage","@id":"https:\/\/advancedseeds.com\/tienda\/automaticas\/auto-rainbow-sherbet-11-fem-advanced-seeds\/","url":"https:\/\/advancedseeds.com\/tienda\/automaticas\/auto-rainbow-sherbet-11-fem-advanced-seeds\/","name":"Auto Rainbow Sherbet #11 - Advanced Seeds","isPartOf":{"@id":"https:\/\/advancedseeds.com\/#website"},"primaryImageOfPage":{"@id":"https:\/\/advancedseeds.com\/tienda\/automaticas\/auto-rainbow-sherbet-11-fem-advanced-seeds\/#primaryimage"},"image":{"@id":"https:\/\/advancedseeds.com\/tienda\/automaticas\/auto-rainbow-sherbet-11-fem-advanced-seeds\/#primaryimage"},"thumbnailUrl":"https:\/\/advancedseeds.com\/web\/wp-content\/uploads\/2024\/05\/Auto-Rainbow-Sherbet-scaled.jpg","datePublished":"2024-05-31T08:20:44+00:00","dateModified":"2025-03-22T17:22:42+00:00","breadcrumb":{"@id":"https:\/\/advancedseeds.com\/tienda\/automaticas\/auto-rainbow-sherbet-11-fem-advanced-seeds\/#breadcrumb"},"inLanguage":"de","potentialAction":[{"@type":"ReadAction","target":["https:\/\/advancedseeds.com\/tienda\/automaticas\/auto-rainbow-sherbet-11-fem-advanced-seeds\/"]}]},{"@type":"ImageObject","inLanguage":"de","@id":"https:\/\/advancedseeds.com\/tienda\/automaticas\/auto-rainbow-sherbet-11-fem-advanced-seeds\/#primaryimage","url":"https:\/\/advancedseeds.com\/web\/wp-content\/uploads\/2024\/05\/Auto-Rainbow-Sherbet-scaled.jpg","contentUrl":"https:\/\/advancedseeds.com\/web\/wp-content\/uploads\/2024\/05\/Auto-Rainbow-Sherbet-scaled.jpg","width":1707,"height":2560},{"@type":"BreadcrumbList","@id":"https:\/\/advancedseeds.com\/tienda\/automaticas\/auto-rainbow-sherbet-11-fem-advanced-seeds\/#breadcrumb","itemListElement":[{"@type":"ListItem","position":1,"name":"Home","item":"https:\/\/advancedseeds.com\/"},{"@type":"ListItem","position":2,"name":"Tienda","item":"https:\/\/advancedseeds.com\/"},{"@type":"ListItem","position":3,"name":"Auto Rainbow Sherbet #11"}]},{"@type":"WebSite","@id":"https:\/\/advancedseeds.com\/#website","url":"https:\/\/advancedseeds.com\/","name":"Advanced Seeds","description":"Fortschrittliche Genetik in feminisierten und automatischen Samen.","publisher":{"@id":"https:\/\/advancedseeds.com\/#organization"},"potentialAction":[{"@type":"SearchAction","target":{"@type":"EntryPoint","urlTemplate":"https:\/\/advancedseeds.com\/?s={search_term_string}"},"query-input":{"@type":"PropertyValueSpecification","valueRequired":true,"valueName":"search_term_string"}}],"inLanguage":"de"},{"@type":"Organization","@id":"https:\/\/advancedseeds.com\/#organization","name":"Advanced Seeds","url":"https:\/\/advancedseeds.com\/","logo":{"@type":"ImageObject","inLanguage":"de","@id":"https:\/\/advancedseeds.com\/#\/schema\/logo\/image\/","url":"https:\/\/advancedseeds.com\/web\/wp-content\/uploads\/2021\/01\/logo-advanced.jpg","contentUrl":"https:\/\/advancedseeds.com\/web\/wp-content\/uploads\/2021\/01\/logo-advanced.jpg","width":600,"height":600,"caption":"Advanced Seeds"},"image":{"@id":"https:\/\/advancedseeds.com\/#\/schema\/logo\/image\/"}}]}},"_links":{"self":[{"href":"https:\/\/advancedseeds.com\/de\/wp-json\/wp\/v2\/product\/14875","targetHints":{"allow":["GET"]}}],"collection":[{"href":"https:\/\/advancedseeds.com\/de\/wp-json\/wp\/v2\/product"}],"about":[{"href":"https:\/\/advancedseeds.com\/de\/wp-json\/wp\/v2\/types\/product"}],"replies":[{"embeddable":true,"href":"https:\/\/advancedseeds.com\/de\/wp-json\/wp\/v2\/comments?post=14875"}],"wp:featuredmedia":[{"embeddable":true,"href":"https:\/\/advancedseeds.com\/de\/wp-json\/wp\/v2\/media\/19798"}],"wp:attachment":[{"href":"https:\/\/advancedseeds.com\/de\/wp-json\/wp\/v2\/media?parent=14875"}],"wp:term":[{"taxonomy":"product_brand","embeddable":true,"href":"https:\/\/advancedseeds.com\/de\/wp-json\/wp\/v2\/product_brand?post=14875"},{"taxonomy":"product_cat","embeddable":true,"href":"https:\/\/advancedseeds.com\/de\/wp-json\/wp\/v2\/product_cat?post=14875"},{"taxonomy":"product_tag","embeddable":true,"href":"https:\/\/advancedseeds.com\/de\/wp-json\/wp\/v2\/product_tag?post=14875"}],"curies":[{"name":"wp","href":"https:\/\/api.w.org\/{rel}","templated":true}]}}