{"id":14876,"date":"2024-05-31T09:20:44","date_gmt":"2024-05-31T08:20:44","guid":{"rendered":"https:\/\/advancedseeds.com\/web\/?post_type=product&#038;p=14876"},"modified":"2025-03-22T18:25:36","modified_gmt":"2025-03-22T17:25:36","slug":"auto-zerealz-milk-fem-advanced-seeds","status":"publish","type":"product","link":"https:\/\/advancedseeds.com\/de\/tienda\/automaticas\/auto-zerealz-milk-fem-advanced-seeds\/","title":{"rendered":"Auto Zerealz Milk"},"content":{"rendered":"<p><span style=\"font-weight: 400\">Entdecken Sie Auto Zereal Milk: Au\u00dfergew\u00f6hnlich im Geschmack, einfach im Anbau und schnell bl\u00fchend - perfekt f\u00fcr jeden Garten!<\/span><\/p>\n<p><span style=\"font-weight: 400\">Die<\/span><a href=\"https:\/\/advancedseeds.com\/web\/categoria-producto\/automaticas\/\"> <b>Autoflowering-Samen<\/b><\/a><b> Auto Zerealz Milk<\/b><span style=\"font-weight: 400\"> kombiniert das Beste aus dem einzigartigen Geschmack von Zerealz Milk mit dem Komfort einer autoflowering Sorte. Mach Dich bereit f\u00fcr eine vereinfachte Anbauerfahrung und eine schnelle Ernte ohne Qualit\u00e4tseinbu\u00dfen.<\/span><\/p>\n<h2><span style=\"font-weight: 400\">Was sind die genetischen Eigenschaften dieser Samen?<\/span><\/h2>\n<p><span style=\"font-weight: 400\">Auto Zereal Milk ist das Ergebnis der <\/span><b>Kreuzung zwischen Zerealz Milk und einer autoflowering Genetik.<\/b><span style=\"font-weight: 400\"> Sorgf\u00e4ltig ausgew\u00e4hlt, um ihre hervorragenden Eigenschaften nicht zu verderben. Diese Sorte bewahrt die <\/span><b>Indica-Dominanz<\/b><span style=\"font-weight: 400\"> der photoperiodischen Variante, jedoch mit dem Vorteil eines k\u00fcrzeren Lebenszyklus und einer gr\u00f6\u00dferen Widerstandsf\u00e4higkeit, was sich in der Einfachheit des Anbaus widerspiegelt.<\/span><\/p>\n<h2><span style=\"font-weight: 400\">Wie sieht Auto Zerealz Milk aus?<\/span><\/h2>\n<p><span style=\"font-weight: 400\">Auto Zerealz Milk verf\u00fcgt \u00fcber ein <\/span><b>kompakter und robuster Aufbau<\/b><span style=\"font-weight: 400\">Sie ist ideal f\u00fcr den Anbau auf engem Raum. Ihre Knospen sind fast so dicht und harzig wie die der normalen Version, obwohl <\/span><b>mehr Bl\u00e4tter pr\u00e4sentieren<\/b><span style=\"font-weight: 400\">Die F\u00e4rbung reicht von hellgr\u00fcn bis zu leuchtenden Oranget\u00f6nen. Diese Sorte zeichnet sich durch ihre visuelle Attraktivit\u00e4t und hohe Trichom-Produktion aus, was sie sowohl f\u00fcr den pers\u00f6nlichen Konsum als auch f\u00fcr die Extraktion perfekt macht.<\/span><\/p>\n<h2><span style=\"font-weight: 400\">Wie werden diese Samen im Innen- und Au\u00dfenbereich angebaut?<\/span><\/h2>\n<h3><span style=\"font-weight: 400\">Innenanbau:<\/span><\/h3>\n<p><span style=\"font-weight: 400\">Auto Zerealz Milk ist eine Sorte, die wenig Aufmerksamkeit erfordert und daher perfekt f\u00fcr Anf\u00e4nger geeignet ist. Sie ist perfekt geeignet f\u00fcr kleine R\u00e4ume wie <\/span><b>Mikrokulturen <\/b><span style=\"font-weight: 400\">und braucht keine Ver\u00e4nderungen im Lichtzyklus, um zu bl\u00fchen. Diese autoflowering Sorte <\/span><b>verzeiht h\u00e4ufige Fehler<\/b><span style=\"font-weight: 400\"> und liefert dennoch hervorragende Ergebnisse. Wenn Sie noch nicht viel Erfahrung haben, k\u00f6nnen Sie <\/span><b>Aussaat der Samen direkt in den endg\u00fcltigen Topf<\/b><span style=\"font-weight: 400\">Dies erspart Ihnen die Notwendigkeit von Transplantationen.<\/span><\/p>\n<h3><span style=\"font-weight: 400\">Anbau im Freien:<\/span><\/h3>\n<p><span style=\"font-weight: 400\">Auto Zerealz Milk kann aufgrund ihres kurzen Lebenszyklus und der F\u00e4higkeit zur Selbstbefruchtung mehrere Ernten in einer Saison einfahren. Sie ist resistent gegen Klimaschwankungen und Sch\u00e4dlinge und eignet sich aufgrund ihrer kompakten Gr\u00f6\u00dfe ideal f\u00fcr diskrete G\u00e4rten oder Balkone. Sie wird empfohlen f\u00fcr <\/span><b>Setzen von Bewehrungsst\u00e4ben<\/b><span style=\"font-weight: 400\"> f\u00fcr die Zweige und die Hauptspitze, so vermeiden Sie Bruchstellen und die Pflanzen liefern einen h\u00f6heren Ertrag.<\/span><\/p>\n<h2><span style=\"font-weight: 400\">Wann wird Auto Zerealz Milk geerntet?<\/span><\/h2>\n<p><span style=\"font-weight: 400\">Die Auto Zereal Milk durchl\u00e4uft ihren Zyklus von der Keimung bis zur Ernte in <\/span><b>etwa 70-75 Tage<\/b><span style=\"font-weight: 400\">sowohl im Innen- als auch im Au\u00dfenbereich. Dies erm\u00f6glicht es den Z\u00fcchtern, ihr Produkt schnell zu genie\u00dfen, ideal f\u00fcr diejenigen, die sofortige Ergebnisse w\u00fcnschen.<\/span><\/p>\n<h2><span style=\"font-weight: 400\">Wie viel produzieren diese Samen?<\/span><\/h2>\n<p><span style=\"font-weight: 400\">Trotz ihrer kompakten Gr\u00f6\u00dfe \u00fcberrascht die Auto Zereal Milk mit gro\u00dfz\u00fcgigen Ertr\u00e4gen, die bis zu <\/span><b>450 g\/m2 oder noch mehr<\/b><span style=\"font-weight: 400\"> im Innenbereich und 50-170 g pro Pflanze im Freien. Ihre Harzproduktion ist ebenfalls bemerkenswert, in diesem Sinne ist sie um Zereal Milk nicht zu beneiden.<\/span><\/p>\n<h2><span style=\"font-weight: 400\">Was ist das Aroma und der Geschmack von Auto Zerealz Milk?<\/span><\/h2>\n<p><span style=\"font-weight: 400\">Diese Sorte beh\u00e4lt das s\u00fc\u00dfe und cremige Geschmacksprofil ihrer photoperiodischen Version bei, mit <\/span><b>Noten von Vanille, Zitrusfr\u00fcchten und einem tropisch fruchtigen Nachgeschmack<\/b><span style=\"font-weight: 400\">. Das Aroma ist berauschend und der Geschmack langanhaltend und bietet ein exquisites sensorisches Erlebnis.<\/span><\/p>\n<h2><span style=\"font-weight: 400\">Welche Wirkung hat dieses Marihuana?<\/span><\/h2>\n<p><span style=\"font-weight: 400\">Auto Zerealz Milk bietet eine <\/span><b>ausgewogene und angenehme Wirkung<\/b><span style=\"font-weight: 400\">Die Kraft dieses Produkts ist f\u00fcr den Genuss zu jeder Tageszeit geeignet. <\/span><b>Ideal f\u00fcr gesellige oder kreative Momente<\/b><span style=\"font-weight: 400\">Sie vermittelt ein Gef\u00fchl von Euphorie und k\u00f6rperlicher Entspannung, ohne \u00fcberw\u00e4ltigend zu sein. Sie ist nicht so potent wie die regul\u00e4re Version, aber ihr THC-Gehalt \u00fcbersteigt leicht 20%.<\/span><\/p>\n<h2><span style=\"font-weight: 400\">Kaufen Sie Auto Zerealz Milk autoflowering Samen zum besten Preis<\/span><\/h2>\n<p><span style=\"font-weight: 400\">Holen Sie sich Ihre Auto Zereal Milk Samen von Advancedseeds.com und genie\u00dfen Sie einen problemlosen Anbau mit einem unschlagbaren Geschmack - verpassen Sie nicht diese au\u00dfergew\u00f6hnliche autoflowering Sorte!<\/span><\/p>\n<h2><span style=\"font-weight: 400\">H\u00e4ufig gestellte Fragen \u00fcber Zerealz Milk:<\/span><\/h2>\n<h3><span style=\"font-weight: 400\">Ist das Auto Zerealz Milk f\u00fcr Anf\u00e4nger geeignet?\u00a0<\/span><\/h3>\n<p><span style=\"font-weight: 400\">Ja, der einfache Anbau macht sie ideal f\u00fcr Anf\u00e4nger.<\/span><\/p>\n<h3><span style=\"font-weight: 400\">Was ist der Hauptunterschied zur photoperiodischen Version?\u00a0<\/span><\/h3>\n<p><span style=\"font-weight: 400\">Sie hat einen k\u00fcrzeren Lebenszyklus, ben\u00f6tigt keine Ver\u00e4nderungen im Lichtzyklus und ist resistenter gegen Stress.<\/span><\/p>\n<p>&nbsp;<\/p>","protected":false},"excerpt":{"rendered":"<p>-<\/p>","protected":false},"featured_media":19797,"comment_status":"open","ping_status":"closed","template":"","meta":{"_acf_changed":false},"product_brand":[],"product_cat":[70],"product_tag":[],"class_list":{"0":"post-14876","1":"product","2":"type-product","3":"status-publish","4":"has-post-thumbnail","6":"product_cat-automaticas","8":"first","9":"instock","10":"taxable","11":"shipping-taxable","12":"purchasable","13":"product-type-variable"},"acf":[],"yoast_head":"<!-- This site is optimized with the Yoast SEO Premium plugin v26.3 (Yoast SEO v26.6) - https:\/\/yoast.com\/wordpress\/plugins\/seo\/ -->\n<title>Auto Zerealz Milk - Advanced Seeds<\/title>\n<meta name=\"robots\" content=\"index, follow, max-snippet:-1, max-image-preview:large, max-video-preview:-1\" \/>\n<link rel=\"canonical\" href=\"https:\/\/advancedseeds.com\/de\/tienda\/automaticas\/auto-zerealz-milk-fem-advanced-seeds\/\" \/>\n<meta property=\"og:locale\" content=\"de_DE\" \/>\n<meta property=\"og:type\" content=\"article\" \/>\n<meta property=\"og:title\" content=\"Auto Zerealz Milk\" \/>\n<meta property=\"og:description\" content=\"-\" \/>\n<meta property=\"og:url\" content=\"https:\/\/advancedseeds.com\/de\/tienda\/automaticas\/auto-zerealz-milk-fem-advanced-seeds\/\" \/>\n<meta property=\"og:site_name\" content=\"Advanced Seeds\" \/>\n<meta property=\"article:modified_time\" content=\"2025-03-22T17:25:36+00:00\" \/>\n<meta property=\"og:image\" content=\"https:\/\/advancedseeds.com\/web\/wp-content\/uploads\/2024\/05\/Auto-Zerealz-Milk-scaled.jpg\" \/>\n\t<meta property=\"og:image:width\" content=\"1707\" \/>\n\t<meta property=\"og:image:height\" content=\"2560\" \/>\n\t<meta property=\"og:image:type\" content=\"image\/jpeg\" \/>\n<meta name=\"twitter:card\" content=\"summary_large_image\" \/>\n<meta name=\"twitter:label1\" content=\"Gesch\u00e4tzte Lesezeit\" \/>\n\t<meta name=\"twitter:data1\" content=\"4\u00a0Minuten\" \/>\n<script type=\"application\/ld+json\" class=\"yoast-schema-graph\">{\"@context\":\"https:\/\/schema.org\",\"@graph\":[{\"@type\":\"WebPage\",\"@id\":\"https:\/\/advancedseeds.com\/tienda\/automaticas\/auto-zerealz-milk-fem-advanced-seeds\/\",\"url\":\"https:\/\/advancedseeds.com\/tienda\/automaticas\/auto-zerealz-milk-fem-advanced-seeds\/\",\"name\":\"Auto Zerealz Milk - Advanced Seeds\",\"isPartOf\":{\"@id\":\"https:\/\/advancedseeds.com\/#website\"},\"primaryImageOfPage\":{\"@id\":\"https:\/\/advancedseeds.com\/tienda\/automaticas\/auto-zerealz-milk-fem-advanced-seeds\/#primaryimage\"},\"image\":{\"@id\":\"https:\/\/advancedseeds.com\/tienda\/automaticas\/auto-zerealz-milk-fem-advanced-seeds\/#primaryimage\"},\"thumbnailUrl\":\"https:\/\/advancedseeds.com\/web\/wp-content\/uploads\/2024\/05\/Auto-Zerealz-Milk-scaled.jpg\",\"datePublished\":\"2024-05-31T08:20:44+00:00\",\"dateModified\":\"2025-03-22T17:25:36+00:00\",\"breadcrumb\":{\"@id\":\"https:\/\/advancedseeds.com\/tienda\/automaticas\/auto-zerealz-milk-fem-advanced-seeds\/#breadcrumb\"},\"inLanguage\":\"de\",\"potentialAction\":[{\"@type\":\"ReadAction\",\"target\":[\"https:\/\/advancedseeds.com\/tienda\/automaticas\/auto-zerealz-milk-fem-advanced-seeds\/\"]}]},{\"@type\":\"ImageObject\",\"inLanguage\":\"de\",\"@id\":\"https:\/\/advancedseeds.com\/tienda\/automaticas\/auto-zerealz-milk-fem-advanced-seeds\/#primaryimage\",\"url\":\"https:\/\/advancedseeds.com\/web\/wp-content\/uploads\/2024\/05\/Auto-Zerealz-Milk-scaled.jpg\",\"contentUrl\":\"https:\/\/advancedseeds.com\/web\/wp-content\/uploads\/2024\/05\/Auto-Zerealz-Milk-scaled.jpg\",\"width\":1707,\"height\":2560},{\"@type\":\"BreadcrumbList\",\"@id\":\"https:\/\/advancedseeds.com\/tienda\/automaticas\/auto-zerealz-milk-fem-advanced-seeds\/#breadcrumb\",\"itemListElement\":[{\"@type\":\"ListItem\",\"position\":1,\"name\":\"Home\",\"item\":\"https:\/\/advancedseeds.com\/\"},{\"@type\":\"ListItem\",\"position\":2,\"name\":\"Tienda\",\"item\":\"https:\/\/advancedseeds.com\/\"},{\"@type\":\"ListItem\",\"position\":3,\"name\":\"Auto Zerealz Milk\"}]},{\"@type\":\"WebSite\",\"@id\":\"https:\/\/advancedseeds.com\/#website\",\"url\":\"https:\/\/advancedseeds.com\/\",\"name\":\"Advanced Seeds\",\"description\":\"Gen\u00e9ticas Avanzadas en semillas feminizadas y autom\u00e1ticas.\",\"publisher\":{\"@id\":\"https:\/\/advancedseeds.com\/#organization\"},\"potentialAction\":[{\"@type\":\"SearchAction\",\"target\":{\"@type\":\"EntryPoint\",\"urlTemplate\":\"https:\/\/advancedseeds.com\/?s={search_term_string}\"},\"query-input\":{\"@type\":\"PropertyValueSpecification\",\"valueRequired\":true,\"valueName\":\"search_term_string\"}}],\"inLanguage\":\"de\"},{\"@type\":\"Organization\",\"@id\":\"https:\/\/advancedseeds.com\/#organization\",\"name\":\"Advanced Seeds\",\"url\":\"https:\/\/advancedseeds.com\/\",\"logo\":{\"@type\":\"ImageObject\",\"inLanguage\":\"de\",\"@id\":\"https:\/\/advancedseeds.com\/#\/schema\/logo\/image\/\",\"url\":\"https:\/\/advancedseeds.com\/web\/wp-content\/uploads\/2021\/01\/logo-advanced.jpg\",\"contentUrl\":\"https:\/\/advancedseeds.com\/web\/wp-content\/uploads\/2021\/01\/logo-advanced.jpg\",\"width\":600,\"height\":600,\"caption\":\"Advanced Seeds\"},\"image\":{\"@id\":\"https:\/\/advancedseeds.com\/#\/schema\/logo\/image\/\"}}]}<\/script>\n<!-- \/ Yoast SEO Premium plugin. -->","yoast_head_json":{"title":"Auto Zerealz Milk - Advanced Seeds","robots":{"index":"index","follow":"follow","max-snippet":"max-snippet:-1","max-image-preview":"max-image-preview:large","max-video-preview":"max-video-preview:-1"},"canonical":"https:\/\/advancedseeds.com\/de\/tienda\/automaticas\/auto-zerealz-milk-fem-advanced-seeds\/","og_locale":"de_DE","og_type":"article","og_title":"Auto Zerealz Milk","og_description":"-","og_url":"https:\/\/advancedseeds.com\/de\/tienda\/automaticas\/auto-zerealz-milk-fem-advanced-seeds\/","og_site_name":"Advanced Seeds","article_modified_time":"2025-03-22T17:25:36+00:00","og_image":[{"width":1707,"height":2560,"url":"https:\/\/advancedseeds.com\/web\/wp-content\/uploads\/2024\/05\/Auto-Zerealz-Milk-scaled.jpg","type":"image\/jpeg"}],"twitter_card":"summary_large_image","twitter_misc":{"Gesch\u00e4tzte Lesezeit":"4\u00a0Minuten"},"schema":{"@context":"https:\/\/schema.org","@graph":[{"@type":"WebPage","@id":"https:\/\/advancedseeds.com\/tienda\/automaticas\/auto-zerealz-milk-fem-advanced-seeds\/","url":"https:\/\/advancedseeds.com\/tienda\/automaticas\/auto-zerealz-milk-fem-advanced-seeds\/","name":"Auto Zerealz Milk - Advanced Seeds","isPartOf":{"@id":"https:\/\/advancedseeds.com\/#website"},"primaryImageOfPage":{"@id":"https:\/\/advancedseeds.com\/tienda\/automaticas\/auto-zerealz-milk-fem-advanced-seeds\/#primaryimage"},"image":{"@id":"https:\/\/advancedseeds.com\/tienda\/automaticas\/auto-zerealz-milk-fem-advanced-seeds\/#primaryimage"},"thumbnailUrl":"https:\/\/advancedseeds.com\/web\/wp-content\/uploads\/2024\/05\/Auto-Zerealz-Milk-scaled.jpg","datePublished":"2024-05-31T08:20:44+00:00","dateModified":"2025-03-22T17:25:36+00:00","breadcrumb":{"@id":"https:\/\/advancedseeds.com\/tienda\/automaticas\/auto-zerealz-milk-fem-advanced-seeds\/#breadcrumb"},"inLanguage":"de","potentialAction":[{"@type":"ReadAction","target":["https:\/\/advancedseeds.com\/tienda\/automaticas\/auto-zerealz-milk-fem-advanced-seeds\/"]}]},{"@type":"ImageObject","inLanguage":"de","@id":"https:\/\/advancedseeds.com\/tienda\/automaticas\/auto-zerealz-milk-fem-advanced-seeds\/#primaryimage","url":"https:\/\/advancedseeds.com\/web\/wp-content\/uploads\/2024\/05\/Auto-Zerealz-Milk-scaled.jpg","contentUrl":"https:\/\/advancedseeds.com\/web\/wp-content\/uploads\/2024\/05\/Auto-Zerealz-Milk-scaled.jpg","width":1707,"height":2560},{"@type":"BreadcrumbList","@id":"https:\/\/advancedseeds.com\/tienda\/automaticas\/auto-zerealz-milk-fem-advanced-seeds\/#breadcrumb","itemListElement":[{"@type":"ListItem","position":1,"name":"Home","item":"https:\/\/advancedseeds.com\/"},{"@type":"ListItem","position":2,"name":"Tienda","item":"https:\/\/advancedseeds.com\/"},{"@type":"ListItem","position":3,"name":"Auto Zerealz Milk"}]},{"@type":"WebSite","@id":"https:\/\/advancedseeds.com\/#website","url":"https:\/\/advancedseeds.com\/","name":"Advanced Seeds","description":"Fortschrittliche Genetik in feminisierten und automatischen Samen.","publisher":{"@id":"https:\/\/advancedseeds.com\/#organization"},"potentialAction":[{"@type":"SearchAction","target":{"@type":"EntryPoint","urlTemplate":"https:\/\/advancedseeds.com\/?s={search_term_string}"},"query-input":{"@type":"PropertyValueSpecification","valueRequired":true,"valueName":"search_term_string"}}],"inLanguage":"de"},{"@type":"Organization","@id":"https:\/\/advancedseeds.com\/#organization","name":"Advanced Seeds","url":"https:\/\/advancedseeds.com\/","logo":{"@type":"ImageObject","inLanguage":"de","@id":"https:\/\/advancedseeds.com\/#\/schema\/logo\/image\/","url":"https:\/\/advancedseeds.com\/web\/wp-content\/uploads\/2021\/01\/logo-advanced.jpg","contentUrl":"https:\/\/advancedseeds.com\/web\/wp-content\/uploads\/2021\/01\/logo-advanced.jpg","width":600,"height":600,"caption":"Advanced Seeds"},"image":{"@id":"https:\/\/advancedseeds.com\/#\/schema\/logo\/image\/"}}]}},"_links":{"self":[{"href":"https:\/\/advancedseeds.com\/de\/wp-json\/wp\/v2\/product\/14876","targetHints":{"allow":["GET"]}}],"collection":[{"href":"https:\/\/advancedseeds.com\/de\/wp-json\/wp\/v2\/product"}],"about":[{"href":"https:\/\/advancedseeds.com\/de\/wp-json\/wp\/v2\/types\/product"}],"replies":[{"embeddable":true,"href":"https:\/\/advancedseeds.com\/de\/wp-json\/wp\/v2\/comments?post=14876"}],"wp:featuredmedia":[{"embeddable":true,"href":"https:\/\/advancedseeds.com\/de\/wp-json\/wp\/v2\/media\/19797"}],"wp:attachment":[{"href":"https:\/\/advancedseeds.com\/de\/wp-json\/wp\/v2\/media?parent=14876"}],"wp:term":[{"taxonomy":"product_brand","embeddable":true,"href":"https:\/\/advancedseeds.com\/de\/wp-json\/wp\/v2\/product_brand?post=14876"},{"taxonomy":"product_cat","embeddable":true,"href":"https:\/\/advancedseeds.com\/de\/wp-json\/wp\/v2\/product_cat?post=14876"},{"taxonomy":"product_tag","embeddable":true,"href":"https:\/\/advancedseeds.com\/de\/wp-json\/wp\/v2\/product_tag?post=14876"}],"curies":[{"name":"wp","href":"https:\/\/api.w.org\/{rel}","templated":true}]}}