{"id":14917,"date":"2024-05-31T09:20:51","date_gmt":"2024-05-31T08:20:51","guid":{"rendered":"https:\/\/advancedseeds.com\/web\/?post_type=product&#038;p=14917"},"modified":"2025-03-22T17:16:15","modified_gmt":"2025-03-22T16:16:15","slug":"zerealz-milk-fem-advanced-seeds","status":"publish","type":"product","link":"https:\/\/advancedseeds.com\/de\/tienda\/feminizadas\/zerealz-milk-fem-advanced-seeds\/","title":{"rendered":"Zerealz Milk"},"content":{"rendered":"<p><a href=\"https:\/\/advancedseeds.com\/web\/categoria-producto\/feminizadas\/\"><b>Feminisierte Samen<\/b><\/a><b> Zerealz Milk von Advanced Seeds<\/b>Ein echtes Juwel f\u00fcr Z\u00fcchter, die au\u00dfergew\u00f6hnliche Aromen sch\u00e4tzen. Wenn Sie eine hohe Toleranz gegen\u00fcber THC haben, werden Sie ihre Potenz zu sch\u00e4tzen wissen, und wenn Sie neu im Selbstanbau von Cannabis sind, werden Sie die Einfachheit des Anbaus zu sch\u00e4tzen wissen.<\/p>\n<h2>Was sind die genetischen Eigenschaften dieser Samen?<\/h2>\n<p>Zereal Milk ist ein Hybrid mit <b>Indica-Dominanz<\/b> (70% indica\/30% sativa), das Ergebnis der <b>Kreuzung zwischen Zerealz Milk und<\/b><a href=\"https:\/\/advancedseeds.com\/web\/producto\/zkittlez\/\"> <b>Zkittlez<\/b><\/a>. Diese Abstammung garantiert eine robuste und stabile Genetik mit einer ausgewogenen Mischung der organoleptischen Eigenschaften ihrer ber\u00fchmten Eltern, die f\u00fcr ihren s\u00fc\u00dfen Geschmack und ihre angenehme Wirkung bekannt sind.<\/p>\n<h2>Wie sehen die feminisierten Zerealz Milk-Samen aus?<\/h2>\n<p>Die Zereal Milk-Pflanzen haben eine starke Struktur, dank ihres kurzen Abstands zwischen den Knoten, w\u00e4hrend der vegetativen Phase ist sie in der Lage, eine <b>viele Triebe auf kleinem Raum<\/b>. Nach der Bl\u00fcte strecken sie sich, um zwischen den Knoten Platz f\u00fcr die Knospen zu schaffen, die sich aus der Konzentration der Bl\u00fcten ergeben. Die F\u00e4rbung dieser Bl\u00fcten variiert <b>von mintgr\u00fcnen T\u00f6nen bis zu orangefarbenen Akzenten<\/b>was sie visuell ansprechend macht.<\/p>\n<h2>Wie werden diese Samen im Innen- und Au\u00dfenbereich angebaut?<\/h2>\n<h3>Innenanbau:<\/h3>\n<p>Zerealz Milk kann nat\u00fcrlich wachsen und gute Ertr\u00e4ge liefern, aber es k\u00f6nnen auch Methoden zur Ertragsoptimierung angewendet werden, da sie im Allgemeinen gut reagiert. Ihre Indica-Natur macht es einfach, den Raum zu verwalten, und Sie k\u00f6nnen bis zu<b> 16 Pflanzen\/m2 in 7-Liter-T\u00f6pfen<\/b>. Um sein Potenzial zu maximieren, wird empfohlen, dem Substrat Mikroorganismen beizumischen, und f\u00fcr den besten Geschmack wird der Anbau mit organischen D\u00fcngemitteln empfohlen.<\/p>\n<h3>Anbau im Freien:<\/h3>\n<p>Zerealz Milk ist eine Sorte, die gegen klimatische Schwankungen und bestimmte Sch\u00e4dlinge resistent ist, aber es kann nicht schaden, vorbeugend Pflanzenschutzmittel einzusetzen, <b>unter besonderer Ber\u00fccksichtigung von Fungiziden<\/b>. In dieser Umgebung profitiert sie von einem gro\u00dfz\u00fcgigen unterirdischen Raum, um ihr Wurzelsystem zu entwickeln und ihr maximales Produktionspotenzial zu erreichen. Knausern Sie nicht mit dem Substrat und <b>Geben Sie jeder Pflanze mindestens einen 50-Liter-Beutel mit cannabisspezifischer Erde.<\/b>.<\/p>\n<h2>Wann wird das feminisierte Saatgut Zerealz Milk geerntet?<\/h2>\n<p>Die Bl\u00fctezeit von Zereal Milk im Innenbereich ist in der Regel <b>8 bis 10 Wochen<\/b>Hier k\u00f6nnen Sie ein wenig mit dem Reifezeitpunkt \"spielen\" und ihn an Ihre pers\u00f6nlichen Vorlieben in Bezug auf die Art der Wirkung anpassen. Im Freien wird er auf der Nordhalbkugel in der Regel in der ersten Oktoberh\u00e4lfte geerntet, w\u00e4hrend er auf der S\u00fcdhalbkugel Anfang April geerntet wird.<\/p>\n<h2>Wie viel produzieren diese Samen?<\/h2>\n<p>Zereal Milk bietet beeindruckende Ertr\u00e4ge: <b>bis zu 550 g\/m2<\/b> im Innenbereich und mehr als 800 g pro Pflanze im Freien, direkt in der Erde und mit vielen Stunden direkter Sonneneinstrahlung angebaut. Dar\u00fcber hinaus zeichnet sie sich durch eine hohe Produktion von \u00e4therischen \u00d6len aus, so dass Sie neben der Quantit\u00e4t auch die Qualit\u00e4t erhalten.<\/p>\n<h2>Wie ist das Aroma und der Geschmack von Zerealz Milk feminisierten Samen?<\/h2>\n<p>\u00dcberwiegend <b>s\u00fc\u00dfe und cremige Noten, die an Vanille erinnern, mit einem Hauch von Zitrusfr\u00fcchten und tropischen Noten<\/b>. Der Geschmack ist reichhaltig und langanhaltend und hinterl\u00e4sst einen s\u00fc\u00dfen und s\u00fcchtig machenden Nachgeschmack, den man gar nicht mehr loswerden m\u00f6chte. Man k\u00f6nnte sagen, es ist eine gro\u00dfartige Kombination aus dem Geschmack seiner Eltern.<\/p>\n<h2>Welche Wirkung hat dieses Marihuana?<\/h2>\n<p>Zerealz Milk bietet eine ausgewogene und soziale Wirkung, vor allem f\u00fcr jene N\u00e4chte, in denen man sich wohlf\u00fchlen, aber nicht einschlafen m\u00f6chte. Mit einem ungew\u00f6hnlich hohen THC-Gehalt liefert sie ein <b>freudige Euphorie und sp\u00fcrbare Entspannung des K\u00f6rpers<\/b>Es ist ideal f\u00fcr Gespr\u00e4che und kreative Aktivit\u00e4ten. Es ist auch eine therapeutische Option zur Schmerz- und Stresslinderung.<\/p>\n<h3>Feminisierte Zerealz Milk Samen zum besten Preis kaufen.<\/h3>\n<p>Holen Sie sich Ihre Zerealz Milk feminisierten Samen bei Advancedseeds.com und erleben Sie den Anbau einer einzigartigen Sorte, die Geschmack, Wirkung und Ertrag vereint - verpassen Sie nicht die Gelegenheit, diese au\u00dfergew\u00f6hnliche Sorte anzubauen!<\/p>\n<h2>H\u00e4ufig gestellte Fragen \u00fcber Zerealz Milk:<\/h2>\n<h3>Welche Anbautechniken sind ideal f\u00fcr Zerealz Milk?<\/h3>\n<p>Die SCROG-Technik funktioniert sehr gut und erm\u00f6glicht eine gleichm\u00e4\u00dfige Verteilung des Lichts und einen h\u00f6heren Ertrag.<\/p>\n<h3>Ist Zerealz Milk f\u00fcr Extraktionen geeignet?<\/h3>\n<p>Ja, durch die hohe Harzproduktion eignet sie sich hervorragend zur Herstellung von hochwertigem Haschisch oder Kolophonium.<\/p>\n<h3>Welche Vorsichtsma\u00dfnahmen sollten beim Anbau von Zerealz Milk getroffen werden?<\/h3>\n<p>Die \u00dcberwachung des pH-Werts und der Luftfeuchtigkeit ist entscheidend, um Probleme wie Pilzbefall oder Pflanzenstress zu vermeiden.<\/p>","protected":false},"excerpt":{"rendered":"<p>-<\/p>","protected":false},"featured_media":19796,"comment_status":"open","ping_status":"closed","template":"","meta":{"_acf_changed":false},"product_brand":[],"product_cat":[69],"product_tag":[],"class_list":{"0":"post-14917","1":"product","2":"type-product","3":"status-publish","4":"has-post-thumbnail","6":"product_cat-feminizadas","8":"first","9":"instock","10":"taxable","11":"shipping-taxable","12":"purchasable","13":"product-type-variable"},"acf":[],"yoast_head":"<!-- This site is optimized with the Yoast SEO Premium plugin v26.3 (Yoast SEO v26.6) - https:\/\/yoast.com\/wordpress\/plugins\/seo\/ -->\n<title>Zerealz Milk - Advanced Seeds<\/title>\n<meta name=\"robots\" content=\"index, follow, max-snippet:-1, max-image-preview:large, max-video-preview:-1\" \/>\n<link rel=\"canonical\" href=\"https:\/\/advancedseeds.com\/de\/tienda\/feminizadas\/zerealz-milk-fem-advanced-seeds\/\" \/>\n<meta property=\"og:locale\" content=\"de_DE\" \/>\n<meta property=\"og:type\" content=\"article\" \/>\n<meta property=\"og:title\" content=\"Zerealz Milk\" \/>\n<meta property=\"og:description\" content=\"-\" \/>\n<meta property=\"og:url\" content=\"https:\/\/advancedseeds.com\/de\/tienda\/feminizadas\/zerealz-milk-fem-advanced-seeds\/\" \/>\n<meta property=\"og:site_name\" content=\"Advanced Seeds\" \/>\n<meta property=\"article:modified_time\" content=\"2025-03-22T16:16:15+00:00\" \/>\n<meta property=\"og:image\" content=\"https:\/\/advancedseeds.com\/web\/wp-content\/uploads\/2024\/05\/Zerealz-Milk-scaled.jpg\" \/>\n\t<meta property=\"og:image:width\" content=\"1707\" \/>\n\t<meta property=\"og:image:height\" content=\"2560\" \/>\n\t<meta property=\"og:image:type\" content=\"image\/jpeg\" \/>\n<meta name=\"twitter:card\" content=\"summary_large_image\" \/>\n<meta name=\"twitter:label1\" content=\"Gesch\u00e4tzte Lesezeit\" \/>\n\t<meta name=\"twitter:data1\" content=\"4\u00a0Minuten\" \/>\n<script type=\"application\/ld+json\" class=\"yoast-schema-graph\">{\"@context\":\"https:\/\/schema.org\",\"@graph\":[{\"@type\":\"WebPage\",\"@id\":\"https:\/\/advancedseeds.com\/tienda\/feminizadas\/zerealz-milk-fem-advanced-seeds\/\",\"url\":\"https:\/\/advancedseeds.com\/tienda\/feminizadas\/zerealz-milk-fem-advanced-seeds\/\",\"name\":\"Zerealz Milk - Advanced Seeds\",\"isPartOf\":{\"@id\":\"https:\/\/advancedseeds.com\/#website\"},\"primaryImageOfPage\":{\"@id\":\"https:\/\/advancedseeds.com\/tienda\/feminizadas\/zerealz-milk-fem-advanced-seeds\/#primaryimage\"},\"image\":{\"@id\":\"https:\/\/advancedseeds.com\/tienda\/feminizadas\/zerealz-milk-fem-advanced-seeds\/#primaryimage\"},\"thumbnailUrl\":\"https:\/\/advancedseeds.com\/web\/wp-content\/uploads\/2024\/05\/Zerealz-Milk-scaled.jpg\",\"datePublished\":\"2024-05-31T08:20:51+00:00\",\"dateModified\":\"2025-03-22T16:16:15+00:00\",\"breadcrumb\":{\"@id\":\"https:\/\/advancedseeds.com\/tienda\/feminizadas\/zerealz-milk-fem-advanced-seeds\/#breadcrumb\"},\"inLanguage\":\"de\",\"potentialAction\":[{\"@type\":\"ReadAction\",\"target\":[\"https:\/\/advancedseeds.com\/tienda\/feminizadas\/zerealz-milk-fem-advanced-seeds\/\"]}]},{\"@type\":\"ImageObject\",\"inLanguage\":\"de\",\"@id\":\"https:\/\/advancedseeds.com\/tienda\/feminizadas\/zerealz-milk-fem-advanced-seeds\/#primaryimage\",\"url\":\"https:\/\/advancedseeds.com\/web\/wp-content\/uploads\/2024\/05\/Zerealz-Milk-scaled.jpg\",\"contentUrl\":\"https:\/\/advancedseeds.com\/web\/wp-content\/uploads\/2024\/05\/Zerealz-Milk-scaled.jpg\",\"width\":1707,\"height\":2560},{\"@type\":\"BreadcrumbList\",\"@id\":\"https:\/\/advancedseeds.com\/tienda\/feminizadas\/zerealz-milk-fem-advanced-seeds\/#breadcrumb\",\"itemListElement\":[{\"@type\":\"ListItem\",\"position\":1,\"name\":\"Home\",\"item\":\"https:\/\/advancedseeds.com\/\"},{\"@type\":\"ListItem\",\"position\":2,\"name\":\"Tienda\",\"item\":\"https:\/\/advancedseeds.com\/\"},{\"@type\":\"ListItem\",\"position\":3,\"name\":\"Zerealz Milk\"}]},{\"@type\":\"WebSite\",\"@id\":\"https:\/\/advancedseeds.com\/#website\",\"url\":\"https:\/\/advancedseeds.com\/\",\"name\":\"Advanced Seeds\",\"description\":\"Gen\u00e9ticas Avanzadas en semillas feminizadas y autom\u00e1ticas.\",\"publisher\":{\"@id\":\"https:\/\/advancedseeds.com\/#organization\"},\"potentialAction\":[{\"@type\":\"SearchAction\",\"target\":{\"@type\":\"EntryPoint\",\"urlTemplate\":\"https:\/\/advancedseeds.com\/?s={search_term_string}\"},\"query-input\":{\"@type\":\"PropertyValueSpecification\",\"valueRequired\":true,\"valueName\":\"search_term_string\"}}],\"inLanguage\":\"de\"},{\"@type\":\"Organization\",\"@id\":\"https:\/\/advancedseeds.com\/#organization\",\"name\":\"Advanced Seeds\",\"url\":\"https:\/\/advancedseeds.com\/\",\"logo\":{\"@type\":\"ImageObject\",\"inLanguage\":\"de\",\"@id\":\"https:\/\/advancedseeds.com\/#\/schema\/logo\/image\/\",\"url\":\"https:\/\/advancedseeds.com\/web\/wp-content\/uploads\/2021\/01\/logo-advanced.jpg\",\"contentUrl\":\"https:\/\/advancedseeds.com\/web\/wp-content\/uploads\/2021\/01\/logo-advanced.jpg\",\"width\":600,\"height\":600,\"caption\":\"Advanced Seeds\"},\"image\":{\"@id\":\"https:\/\/advancedseeds.com\/#\/schema\/logo\/image\/\"}}]}<\/script>\n<!-- \/ Yoast SEO Premium plugin. -->","yoast_head_json":{"title":"Zerealz Milk - Advanced Seeds","robots":{"index":"index","follow":"follow","max-snippet":"max-snippet:-1","max-image-preview":"max-image-preview:large","max-video-preview":"max-video-preview:-1"},"canonical":"https:\/\/advancedseeds.com\/de\/tienda\/feminizadas\/zerealz-milk-fem-advanced-seeds\/","og_locale":"de_DE","og_type":"article","og_title":"Zerealz Milk","og_description":"-","og_url":"https:\/\/advancedseeds.com\/de\/tienda\/feminizadas\/zerealz-milk-fem-advanced-seeds\/","og_site_name":"Advanced Seeds","article_modified_time":"2025-03-22T16:16:15+00:00","og_image":[{"width":1707,"height":2560,"url":"https:\/\/advancedseeds.com\/web\/wp-content\/uploads\/2024\/05\/Zerealz-Milk-scaled.jpg","type":"image\/jpeg"}],"twitter_card":"summary_large_image","twitter_misc":{"Gesch\u00e4tzte Lesezeit":"4\u00a0Minuten"},"schema":{"@context":"https:\/\/schema.org","@graph":[{"@type":"WebPage","@id":"https:\/\/advancedseeds.com\/tienda\/feminizadas\/zerealz-milk-fem-advanced-seeds\/","url":"https:\/\/advancedseeds.com\/tienda\/feminizadas\/zerealz-milk-fem-advanced-seeds\/","name":"Zerealz Milk - Advanced Seeds","isPartOf":{"@id":"https:\/\/advancedseeds.com\/#website"},"primaryImageOfPage":{"@id":"https:\/\/advancedseeds.com\/tienda\/feminizadas\/zerealz-milk-fem-advanced-seeds\/#primaryimage"},"image":{"@id":"https:\/\/advancedseeds.com\/tienda\/feminizadas\/zerealz-milk-fem-advanced-seeds\/#primaryimage"},"thumbnailUrl":"https:\/\/advancedseeds.com\/web\/wp-content\/uploads\/2024\/05\/Zerealz-Milk-scaled.jpg","datePublished":"2024-05-31T08:20:51+00:00","dateModified":"2025-03-22T16:16:15+00:00","breadcrumb":{"@id":"https:\/\/advancedseeds.com\/tienda\/feminizadas\/zerealz-milk-fem-advanced-seeds\/#breadcrumb"},"inLanguage":"de","potentialAction":[{"@type":"ReadAction","target":["https:\/\/advancedseeds.com\/tienda\/feminizadas\/zerealz-milk-fem-advanced-seeds\/"]}]},{"@type":"ImageObject","inLanguage":"de","@id":"https:\/\/advancedseeds.com\/tienda\/feminizadas\/zerealz-milk-fem-advanced-seeds\/#primaryimage","url":"https:\/\/advancedseeds.com\/web\/wp-content\/uploads\/2024\/05\/Zerealz-Milk-scaled.jpg","contentUrl":"https:\/\/advancedseeds.com\/web\/wp-content\/uploads\/2024\/05\/Zerealz-Milk-scaled.jpg","width":1707,"height":2560},{"@type":"BreadcrumbList","@id":"https:\/\/advancedseeds.com\/tienda\/feminizadas\/zerealz-milk-fem-advanced-seeds\/#breadcrumb","itemListElement":[{"@type":"ListItem","position":1,"name":"Home","item":"https:\/\/advancedseeds.com\/"},{"@type":"ListItem","position":2,"name":"Tienda","item":"https:\/\/advancedseeds.com\/"},{"@type":"ListItem","position":3,"name":"Zerealz Milk"}]},{"@type":"WebSite","@id":"https:\/\/advancedseeds.com\/#website","url":"https:\/\/advancedseeds.com\/","name":"Advanced Seeds","description":"Fortschrittliche Genetik in feminisierten und automatischen Samen.","publisher":{"@id":"https:\/\/advancedseeds.com\/#organization"},"potentialAction":[{"@type":"SearchAction","target":{"@type":"EntryPoint","urlTemplate":"https:\/\/advancedseeds.com\/?s={search_term_string}"},"query-input":{"@type":"PropertyValueSpecification","valueRequired":true,"valueName":"search_term_string"}}],"inLanguage":"de"},{"@type":"Organization","@id":"https:\/\/advancedseeds.com\/#organization","name":"Advanced Seeds","url":"https:\/\/advancedseeds.com\/","logo":{"@type":"ImageObject","inLanguage":"de","@id":"https:\/\/advancedseeds.com\/#\/schema\/logo\/image\/","url":"https:\/\/advancedseeds.com\/web\/wp-content\/uploads\/2021\/01\/logo-advanced.jpg","contentUrl":"https:\/\/advancedseeds.com\/web\/wp-content\/uploads\/2021\/01\/logo-advanced.jpg","width":600,"height":600,"caption":"Advanced Seeds"},"image":{"@id":"https:\/\/advancedseeds.com\/#\/schema\/logo\/image\/"}}]}},"_links":{"self":[{"href":"https:\/\/advancedseeds.com\/de\/wp-json\/wp\/v2\/product\/14917","targetHints":{"allow":["GET"]}}],"collection":[{"href":"https:\/\/advancedseeds.com\/de\/wp-json\/wp\/v2\/product"}],"about":[{"href":"https:\/\/advancedseeds.com\/de\/wp-json\/wp\/v2\/types\/product"}],"replies":[{"embeddable":true,"href":"https:\/\/advancedseeds.com\/de\/wp-json\/wp\/v2\/comments?post=14917"}],"wp:featuredmedia":[{"embeddable":true,"href":"https:\/\/advancedseeds.com\/de\/wp-json\/wp\/v2\/media\/19796"}],"wp:attachment":[{"href":"https:\/\/advancedseeds.com\/de\/wp-json\/wp\/v2\/media?parent=14917"}],"wp:term":[{"taxonomy":"product_brand","embeddable":true,"href":"https:\/\/advancedseeds.com\/de\/wp-json\/wp\/v2\/product_brand?post=14917"},{"taxonomy":"product_cat","embeddable":true,"href":"https:\/\/advancedseeds.com\/de\/wp-json\/wp\/v2\/product_cat?post=14917"},{"taxonomy":"product_tag","embeddable":true,"href":"https:\/\/advancedseeds.com\/de\/wp-json\/wp\/v2\/product_tag?post=14917"}],"curies":[{"name":"wp","href":"https:\/\/api.w.org\/{rel}","templated":true}]}}