{"id":19588,"date":"2025-02-28T12:16:47","date_gmt":"2025-02-28T11:16:47","guid":{"rendered":"https:\/\/advancedseeds.com\/web\/?post_type=product&#038;p=19588"},"modified":"2025-03-22T16:48:07","modified_gmt":"2025-03-22T15:48:07","slug":"garlicane","status":"publish","type":"product","link":"https:\/\/advancedseeds.com\/de\/tienda\/feminizadas\/garlicane\/","title":{"rendered":"Garlicane"},"content":{"rendered":"<p><span style=\"font-weight: 400\">Sehen Sie sich die neue<\/span> <a href=\"https:\/\/advancedseeds.com\/web\/\"><b>Marihuana-Samen<\/b><\/a><b> feminisiert Garlicane<\/b><span style=\"font-weight: 400\"> von Advanced Seeds! Dieser \u00fcberwiegend Indica-Hybrid, eine Kreuzung zwischen GMO und Slurricane, ist eine Bombe an Geschmack und Potenz. Mit 23% THC verspricht sie, ein Star in Deinem Cannabis-Garten zu werden. Lesen Sie weiter, um zu sehen, was diese Samen zu bieten haben.<\/span><\/p>\n<h2><span style=\"font-weight: 400\">Was sind die genetischen Eigenschaften dieser Samen?<\/span><\/h2>\n<p><span style=\"font-weight: 400\">Garlicane feminisierte Samen sind ein Beweis f\u00fcr moderne Cannabisgenetik. Entstanden aus einer <\/span><b>Kreuzung zwischen GVO und <\/b><a href=\"https:\/\/advancedseeds.com\/web\/producto\/slurricane\/\"><b>Slurricane<\/b><\/a><span style=\"font-weight: 400\">diese Samen <\/span><b>indica-dominant<\/b><span style=\"font-weight: 400\"> verk\u00f6rpern die w\u00fcnschenswertesten Eigenschaften ihrer Vorfahren. Einerseits ist GMO, auch Garlic Cookies genannt, f\u00fcr seine Robustheit und Potenz bekannt und bringt ein genetisches Erbe mit, das eine starke und widerstandsf\u00e4hige Ernte garantiert. Andererseits erg\u00e4nzt Slurricane mit seinem aromatischen Profil und seiner ausgewogenen Wirkung die Mischung perfekt, so dass eine Pflanze entsteht, die nicht nur stark ist, sondern auch dem Gaumen schmeichelt. Diese genetische Kreuzung schafft eine perfekte Synergie und bietet den Z\u00fcchtern eine Pflanze mit einem ausgewogenen Cannabinoidprofil und kr\u00e4ftigem Wachstum.<\/span><\/p>\n<h2><span style=\"font-weight: 400\">Wie sieht das Advanced Seeds Garlicane aus?<\/span><\/h2>\n<p><span style=\"font-weight: 400\">Optisch ist die Garlicane ein Wunderwerk. Die Pflanze weist eine buschige und starke Struktur auf, typisch f\u00fcr Indica-Sorten, aber mit einem Hauch von Eleganz, der den Unterschied ausmacht. Die St\u00e4ngel sind dick und robust und in der Lage, das Gewicht der fetten, schweren Knospen zu tragen, die sie entwickelt. Die tief dunkelgr\u00fcnen Bl\u00e4tter bilden einen sch\u00f6nen Kontrast zu den mit gro\u00dfen Trichomen bedeckten Knospen. Wenn die Ernte naht, <\/span><b>die Knospen k\u00f6nnen eine Farbpalette von olivgr\u00fcn bis tiefviolett aufweisen<\/b><span style=\"font-weight: 400\">abh\u00e4ngig von den Anbaubedingungen und dem angebauten Ph\u00e4notyp.<\/span><\/p>\n<h2><span style=\"font-weight: 400\">Wie werden diese Samen im Innen- und Au\u00dfenbereich angebaut?<\/span><\/h2>\n<p><span style=\"font-weight: 400\">Garlicane ist eine anpassungsf\u00e4hige und vielseitige Sorte, die sich sowohl f\u00fcr den Innen- als auch f\u00fcr den Au\u00dfenanbau in jedem Anbausystem eignet. <\/span><\/p>\n<h3><span style=\"font-weight: 400\">Innenanbau: <\/span><\/h3>\n<p><span style=\"font-weight: 400\">Durch ihre kontrollierte H\u00f6he ist sie auch auf engem Raum leicht zu handhaben, w\u00e4hrend ihre schnelle Bl\u00fctezeit ideal f\u00fcr kommerzielle Anbauer ist. Dank ihrer \u00fcppigen Verzweigung, <\/span><b>Reagiert sehr gut auf das Beschneiden und liefert mit der SCROG-Methode sehr gute Ertr\u00e4ge.<\/b><span style=\"font-weight: 400\">Aber wenn Sie nicht mit dem Netz herumspielen wollen, k\u00f6nnen Sie sie auch nat\u00fcrlich wachsen lassen.<\/span><\/p>\n<h3><span style=\"font-weight: 400\">Anbau im Freien: <\/span><\/h3>\n<p><span style=\"font-weight: 400\">Garlicane ist eine dieser Pflanzen, die so viel Platz erobern, wie man ihr zugesteht. Sie streckt sich und erreicht ihr volles Potenzial in Bezug auf Gr\u00f6\u00dfe und Ertrag, wenn sie direkt in den Boden verpflanzt wird. Diese Sorte reagiert au\u00dfergew\u00f6hnlich gut auf das Gie\u00dfen und andere Erziehungsmethoden, wie z. B. <\/span><b>Topping oder Unterf\u00fctterung<\/b><span style=\"font-weight: 400\">So k\u00f6nnen erfahrene Anbauer den Ertrag und die Qualit\u00e4t weiter optimieren. Der einzige Schwachpunkt ist vielleicht seine <\/span><b>Anf\u00e4lligkeit f\u00fcr Pilzbefall<\/b><span style=\"font-weight: 400\">Aufgrund der Dichte und H\u00e4rte der Knospen ist es ratsam, vorbeugend Fungizide einzusetzen.<\/span><\/p>\n<h2><span style=\"font-weight: 400\">Wann werden die feminisierten Samen Advanced Seeds Garlicane geerntet?<\/span><\/h2>\n<p><span style=\"font-weight: 400\">Die Bl\u00fctephase der Garlicane ist eine kritische und aufregende Zeit. Im Innenbereich k\u00f6nnen die Z\u00fcchter erwarten, dass die Pflanze ihren Bl\u00fctezyklus in <\/span><b>etwa 55-60 Tage<\/b><span style=\"font-weight: 400\">Das ist ein relativ kurzes Zeitfenster f\u00fcr eine Sorte mit dieser Potenz. Im Freien ist die Ernte in der Regel fertig in <\/span><b>Anfang Oktober<\/b><span style=\"font-weight: 400\"> in der n\u00f6rdlichen Hemisph\u00e4re, so dass die Erzeuger die ersten Fr\u00f6ste im Herbst vermeiden k\u00f6nnen. Die richtige Bestimmung des optimalen Erntezeitpunkts ist von entscheidender Bedeutung; die Trichome m\u00fcssen sorgf\u00e4ltig beobachtet werden, um das perfekte Gleichgewicht zwischen Potenz, Geschmack und Wirkung zu bestimmen.<\/span><\/p>\n<h2><span style=\"font-weight: 400\">Wie viel produzieren diese Samen?<\/span><\/h2>\n<p><span style=\"font-weight: 400\">In Bezug auf die Produktion steht Garlicane an der Spitze des Cannabis-Spektrums und kann sogar die folgenden Werte erreichen <\/span><b>\u00dcberschreitung der begehrten Gramm\/Watt-Grenze<\/b><span style=\"font-weight: 400\"> im Innenanbau. Unter idealen Indoor-Bedingungen k\u00f6nnen die Z\u00fcchter mit Ernten von <\/span><b>etwa 600 gr\/m2<\/b><span style=\"font-weight: 400\">. Im Freien, mit gen\u00fcgend Platz und der richtigen Pflege, kann jede Pflanze <\/span><b>\u00fcber 1200 Gramm<\/b><span style=\"font-weight: 400\">. Neben der Quantit\u00e4t ist auch die Qualit\u00e4t der Knospen au\u00dfergew\u00f6hnlich, mit einer hohen THC-Konzentration und Harzproduktion, die sie ideal f\u00fcr die Herstellung von hochwertigen Extrakten macht.<\/span><\/p>\n<h2><span style=\"font-weight: 400\">Wie ist der Geruch und Geschmack von Garlicane?<\/span><\/h2>\n<p><span style=\"font-weight: 400\">Das Aroma- und Geschmacksprofil von Garlicane ist komplex und verf\u00fchrerisch, <\/span><b>sehr \u00fcberraschend, wenn sie das erste Mal getestet wird<\/b><span style=\"font-weight: 400\">. Nach der Inhalation erleben die Anwender ein <\/span><b>intensiver und w\u00fcrziger Geschmack, mit Noten von Pfeffer, Knoblauch und Kastanien, verwoben mit einem subtilen Hauch von Minze und Limette<\/b><span style=\"font-weight: 400\">dank Limonen und Menthol, 2 der dominierenden Terpene in dieser Sorte. Dieses komplexe Geschmacksprofil macht Garlicane zu einem einzigartigen Erlebnis f\u00fcr Cannabis-Liebhaber und bietet eine sensorische Reise jenseits des Gew\u00f6hnlichen. Der Nachgeschmack ist ebenso beeindruckend und hinterl\u00e4sst ein lang anhaltendes und angenehmes Mundgef\u00fchl.<\/span><\/p>\n<h2><span style=\"font-weight: 400\">Welche Wirkung hat dieses Marihuana?<\/span><\/h2>\n<p><span style=\"font-weight: 400\">Die Wirkung von Garlicane ist stark und sehr lang anhaltend, die Art von Wirkung, die man mit sich f\u00fchren muss. <\/span><b>Sei vorsichtig, wenn du keine hohe Toleranz hast<\/b><span style=\"font-weight: 400\"> zu psychoaktiven Cannabinoiden. Mit ihrem hohen THC-Gehalt l\u00f6st diese Sorte einen Zustand tiefer Entspannung und ein allgemeines Wohlbefinden aus. Sie ist ideal f\u00fcr diejenigen, die <\/span><b>Momente der Entspannung und des Ausruhens<\/b><span style=\"font-weight: 400\">besonders am Ende des Tages. Medizinische Nutzer werden seine F\u00e4higkeit zu sch\u00e4tzen wissen, Symptome wie Angst, Kopfschmerzen und M\u00fcdigkeit zu lindern, w\u00e4hrend Freizeitkonsumenten seine starke ausweichende Wirkung genie\u00dfen werden.<\/span><\/p>\n<h2><span style=\"font-weight: 400\">Feminisierte Samen Garlicane zum besten Preis kaufen.<\/span><\/h2>\n<p><span style=\"font-weight: 400\">Garlicane von Advanced Seeds ist eine erstklassige Wahl f\u00fcr jeden Cannabisz\u00fcchter oder -liebhaber. Mit ihrer au\u00dfergew\u00f6hnlichen Genetik, ihrem einzigartigen Geschmack und ihrer starken Wirkung bieten diese Samen einen unglaublichen Wert. Erh\u00e4ltlich bei Advancedseeds.com zum besten Preis online, sind sie eine sichere Investition f\u00fcr einen hochwertigen Cannabis-Garten - warten Sie nicht l\u00e4nger, um die Kraft und den Geschmack von Garlicane zu erleben!<\/span><\/p>\n<h2><span style=\"font-weight: 400\">H\u00e4ufig gestellte Fragen \u00fcber Garlicane<\/span><\/h2>\n<h3><span style=\"font-weight: 400\">Welche Art von Substrat ist f\u00fcr Garlicane am besten geeignet?<\/span><\/h3>\n<p><span style=\"font-weight: 400\">Ein gut durchl\u00fcftetes und n\u00e4hrstoffreiches Substrat ist ideal f\u00fcr eine optimale Entwicklung.<\/span><\/p>\n<h3><span style=\"font-weight: 400\">Wie kann ich die Leistung des Garlicane in Innenr\u00e4umen optimieren?<\/span><\/h3>\n<p><span style=\"font-weight: 400\">Verwenden Sie Techniken wie SCROG oder Supercropping und sorgen Sie f\u00fcr ausreichend Licht und Bel\u00fcftung.<\/span><\/p>\n<h3><span style=\"font-weight: 400\">Was sind die medizinischen Wirkungen von Garlicane?<\/span><\/h3>\n<p><span style=\"font-weight: 400\">Er ist f\u00fcr seine entspannenden Eigenschaften bekannt und hilft bei Angstzust\u00e4nden, Kopfschmerzen und M\u00fcdigkeit.<\/span><\/p>\n<h3><span style=\"font-weight: 400\">Was sind die Herausforderungen beim Anbau von Garlicane?<\/span><\/h3>\n<p><span style=\"font-weight: 400\">Obwohl sie winterhart ist, muss sie gut ern\u00e4hrt und bew\u00e4ssert werden, um ihr volles Potenzial zu erreichen.<\/span><\/p>\n<h3><span style=\"font-weight: 400\">Wie lassen sich die Knospen von Garlicane am besten trocknen und aush\u00e4rten?<\/span><\/h3>\n<p><span style=\"font-weight: 400\">Langsame Trocknung und sorgf\u00e4ltige Reifung sind der Schl\u00fcssel zum Erhalt des Terpenprofils.<\/span><\/p>\n<h3><span style=\"font-weight: 400\">Ist Garlicane f\u00fcr den therapeutischen Einsatz geeignet?<\/span><\/h3>\n<p><span style=\"font-weight: 400\">Ja, ihr hoher THC-Gehalt und ihr Terpenprofil machen sie zu einem wirksamen Mittel f\u00fcr verschiedene medizinische Zwecke.<\/span><\/p>","protected":false},"excerpt":{"rendered":"<p><span style=\"font-weight: 400\">Entdecken Sie Garlicane, einen Indica-Hybrid mit einem beeindruckenden THC-Gehalt von 23%. Ein einzigartiger Geschmack, den Du nicht vergessen wirst, ideal f\u00fcr erfahrene Z\u00fcchter.<\/span><\/p>","protected":false},"featured_media":19866,"comment_status":"open","ping_status":"closed","template":"","meta":{"_acf_changed":false},"product_brand":[],"product_cat":[69],"product_tag":[],"class_list":{"0":"post-19588","1":"product","2":"type-product","3":"status-publish","4":"has-post-thumbnail","6":"product_cat-feminizadas","8":"first","9":"instock","10":"taxable","11":"shipping-taxable","12":"purchasable","13":"product-type-variable"},"acf":[],"yoast_head":"<!-- This site is optimized with the Yoast SEO Premium plugin v26.3 (Yoast SEO v26.6) - https:\/\/yoast.com\/wordpress\/plugins\/seo\/ -->\n<title>Garlicane - Advanced Seeds<\/title>\n<meta name=\"robots\" content=\"index, follow, max-snippet:-1, max-image-preview:large, max-video-preview:-1\" \/>\n<link rel=\"canonical\" href=\"https:\/\/advancedseeds.com\/de\/tienda\/feminizadas\/garlicane\/\" \/>\n<meta property=\"og:locale\" content=\"de_DE\" \/>\n<meta property=\"og:type\" content=\"article\" \/>\n<meta property=\"og:title\" content=\"Garlicane\" \/>\n<meta property=\"og:description\" content=\"Descubre Garlicane, h\u00edbrido \u00edndica con un impresionante 23% de THC. Sabor \u00fanico de los que no se olvidan, ideal para cultivadores expertos.\" \/>\n<meta property=\"og:url\" content=\"https:\/\/advancedseeds.com\/de\/tienda\/feminizadas\/garlicane\/\" \/>\n<meta property=\"og:site_name\" content=\"Advanced Seeds\" \/>\n<meta property=\"article:modified_time\" content=\"2025-03-22T15:48:07+00:00\" \/>\n<meta property=\"og:image\" content=\"https:\/\/advancedseeds.com\/web\/wp-content\/uploads\/2025\/02\/Garlicane-1.jpg\" \/>\n\t<meta property=\"og:image:width\" content=\"445\" \/>\n\t<meta property=\"og:image:height\" content=\"667\" \/>\n\t<meta property=\"og:image:type\" content=\"image\/jpeg\" \/>\n<meta name=\"twitter:card\" content=\"summary_large_image\" \/>\n<meta name=\"twitter:label1\" content=\"Gesch\u00e4tzte Lesezeit\" \/>\n\t<meta name=\"twitter:data1\" content=\"6\u00a0Minuten\" \/>\n<script type=\"application\/ld+json\" class=\"yoast-schema-graph\">{\"@context\":\"https:\/\/schema.org\",\"@graph\":[{\"@type\":\"WebPage\",\"@id\":\"https:\/\/advancedseeds.com\/tienda\/feminizadas\/garlicane\/\",\"url\":\"https:\/\/advancedseeds.com\/tienda\/feminizadas\/garlicane\/\",\"name\":\"Garlicane - Advanced Seeds\",\"isPartOf\":{\"@id\":\"https:\/\/advancedseeds.com\/#website\"},\"primaryImageOfPage\":{\"@id\":\"https:\/\/advancedseeds.com\/tienda\/feminizadas\/garlicane\/#primaryimage\"},\"image\":{\"@id\":\"https:\/\/advancedseeds.com\/tienda\/feminizadas\/garlicane\/#primaryimage\"},\"thumbnailUrl\":\"https:\/\/advancedseeds.com\/web\/wp-content\/uploads\/2025\/02\/Garlicane-1.jpg\",\"datePublished\":\"2025-02-28T11:16:47+00:00\",\"dateModified\":\"2025-03-22T15:48:07+00:00\",\"breadcrumb\":{\"@id\":\"https:\/\/advancedseeds.com\/tienda\/feminizadas\/garlicane\/#breadcrumb\"},\"inLanguage\":\"de\",\"potentialAction\":[{\"@type\":\"ReadAction\",\"target\":[\"https:\/\/advancedseeds.com\/tienda\/feminizadas\/garlicane\/\"]}]},{\"@type\":\"ImageObject\",\"inLanguage\":\"de\",\"@id\":\"https:\/\/advancedseeds.com\/tienda\/feminizadas\/garlicane\/#primaryimage\",\"url\":\"https:\/\/advancedseeds.com\/web\/wp-content\/uploads\/2025\/02\/Garlicane-1.jpg\",\"contentUrl\":\"https:\/\/advancedseeds.com\/web\/wp-content\/uploads\/2025\/02\/Garlicane-1.jpg\",\"width\":445,\"height\":667},{\"@type\":\"BreadcrumbList\",\"@id\":\"https:\/\/advancedseeds.com\/tienda\/feminizadas\/garlicane\/#breadcrumb\",\"itemListElement\":[{\"@type\":\"ListItem\",\"position\":1,\"name\":\"Home\",\"item\":\"https:\/\/advancedseeds.com\/\"},{\"@type\":\"ListItem\",\"position\":2,\"name\":\"Tienda\",\"item\":\"https:\/\/advancedseeds.com\/\"},{\"@type\":\"ListItem\",\"position\":3,\"name\":\"Garlicane\"}]},{\"@type\":\"WebSite\",\"@id\":\"https:\/\/advancedseeds.com\/#website\",\"url\":\"https:\/\/advancedseeds.com\/\",\"name\":\"Advanced Seeds\",\"description\":\"Gen\u00e9ticas Avanzadas en semillas feminizadas y autom\u00e1ticas.\",\"publisher\":{\"@id\":\"https:\/\/advancedseeds.com\/#organization\"},\"potentialAction\":[{\"@type\":\"SearchAction\",\"target\":{\"@type\":\"EntryPoint\",\"urlTemplate\":\"https:\/\/advancedseeds.com\/?s={search_term_string}\"},\"query-input\":{\"@type\":\"PropertyValueSpecification\",\"valueRequired\":true,\"valueName\":\"search_term_string\"}}],\"inLanguage\":\"de\"},{\"@type\":\"Organization\",\"@id\":\"https:\/\/advancedseeds.com\/#organization\",\"name\":\"Advanced Seeds\",\"url\":\"https:\/\/advancedseeds.com\/\",\"logo\":{\"@type\":\"ImageObject\",\"inLanguage\":\"de\",\"@id\":\"https:\/\/advancedseeds.com\/#\/schema\/logo\/image\/\",\"url\":\"https:\/\/advancedseeds.com\/web\/wp-content\/uploads\/2021\/01\/logo-advanced.jpg\",\"contentUrl\":\"https:\/\/advancedseeds.com\/web\/wp-content\/uploads\/2021\/01\/logo-advanced.jpg\",\"width\":600,\"height\":600,\"caption\":\"Advanced Seeds\"},\"image\":{\"@id\":\"https:\/\/advancedseeds.com\/#\/schema\/logo\/image\/\"}}]}<\/script>\n<!-- \/ Yoast SEO Premium plugin. -->","yoast_head_json":{"title":"Garlicane - Advanced Seeds","robots":{"index":"index","follow":"follow","max-snippet":"max-snippet:-1","max-image-preview":"max-image-preview:large","max-video-preview":"max-video-preview:-1"},"canonical":"https:\/\/advancedseeds.com\/de\/tienda\/feminizadas\/garlicane\/","og_locale":"de_DE","og_type":"article","og_title":"Garlicane","og_description":"Descubre Garlicane, h\u00edbrido \u00edndica con un impresionante 23% de THC. Sabor \u00fanico de los que no se olvidan, ideal para cultivadores expertos.","og_url":"https:\/\/advancedseeds.com\/de\/tienda\/feminizadas\/garlicane\/","og_site_name":"Advanced Seeds","article_modified_time":"2025-03-22T15:48:07+00:00","og_image":[{"width":445,"height":667,"url":"https:\/\/advancedseeds.com\/web\/wp-content\/uploads\/2025\/02\/Garlicane-1.jpg","type":"image\/jpeg"}],"twitter_card":"summary_large_image","twitter_misc":{"Gesch\u00e4tzte Lesezeit":"6\u00a0Minuten"},"schema":{"@context":"https:\/\/schema.org","@graph":[{"@type":"WebPage","@id":"https:\/\/advancedseeds.com\/tienda\/feminizadas\/garlicane\/","url":"https:\/\/advancedseeds.com\/tienda\/feminizadas\/garlicane\/","name":"Garlicane - Advanced Seeds","isPartOf":{"@id":"https:\/\/advancedseeds.com\/#website"},"primaryImageOfPage":{"@id":"https:\/\/advancedseeds.com\/tienda\/feminizadas\/garlicane\/#primaryimage"},"image":{"@id":"https:\/\/advancedseeds.com\/tienda\/feminizadas\/garlicane\/#primaryimage"},"thumbnailUrl":"https:\/\/advancedseeds.com\/web\/wp-content\/uploads\/2025\/02\/Garlicane-1.jpg","datePublished":"2025-02-28T11:16:47+00:00","dateModified":"2025-03-22T15:48:07+00:00","breadcrumb":{"@id":"https:\/\/advancedseeds.com\/tienda\/feminizadas\/garlicane\/#breadcrumb"},"inLanguage":"de","potentialAction":[{"@type":"ReadAction","target":["https:\/\/advancedseeds.com\/tienda\/feminizadas\/garlicane\/"]}]},{"@type":"ImageObject","inLanguage":"de","@id":"https:\/\/advancedseeds.com\/tienda\/feminizadas\/garlicane\/#primaryimage","url":"https:\/\/advancedseeds.com\/web\/wp-content\/uploads\/2025\/02\/Garlicane-1.jpg","contentUrl":"https:\/\/advancedseeds.com\/web\/wp-content\/uploads\/2025\/02\/Garlicane-1.jpg","width":445,"height":667},{"@type":"BreadcrumbList","@id":"https:\/\/advancedseeds.com\/tienda\/feminizadas\/garlicane\/#breadcrumb","itemListElement":[{"@type":"ListItem","position":1,"name":"Home","item":"https:\/\/advancedseeds.com\/"},{"@type":"ListItem","position":2,"name":"Tienda","item":"https:\/\/advancedseeds.com\/"},{"@type":"ListItem","position":3,"name":"Garlicane"}]},{"@type":"WebSite","@id":"https:\/\/advancedseeds.com\/#website","url":"https:\/\/advancedseeds.com\/","name":"Advanced Seeds","description":"Fortschrittliche Genetik in feminisierten und automatischen Samen.","publisher":{"@id":"https:\/\/advancedseeds.com\/#organization"},"potentialAction":[{"@type":"SearchAction","target":{"@type":"EntryPoint","urlTemplate":"https:\/\/advancedseeds.com\/?s={search_term_string}"},"query-input":{"@type":"PropertyValueSpecification","valueRequired":true,"valueName":"search_term_string"}}],"inLanguage":"de"},{"@type":"Organization","@id":"https:\/\/advancedseeds.com\/#organization","name":"Advanced Seeds","url":"https:\/\/advancedseeds.com\/","logo":{"@type":"ImageObject","inLanguage":"de","@id":"https:\/\/advancedseeds.com\/#\/schema\/logo\/image\/","url":"https:\/\/advancedseeds.com\/web\/wp-content\/uploads\/2021\/01\/logo-advanced.jpg","contentUrl":"https:\/\/advancedseeds.com\/web\/wp-content\/uploads\/2021\/01\/logo-advanced.jpg","width":600,"height":600,"caption":"Advanced Seeds"},"image":{"@id":"https:\/\/advancedseeds.com\/#\/schema\/logo\/image\/"}}]}},"_links":{"self":[{"href":"https:\/\/advancedseeds.com\/de\/wp-json\/wp\/v2\/product\/19588","targetHints":{"allow":["GET"]}}],"collection":[{"href":"https:\/\/advancedseeds.com\/de\/wp-json\/wp\/v2\/product"}],"about":[{"href":"https:\/\/advancedseeds.com\/de\/wp-json\/wp\/v2\/types\/product"}],"replies":[{"embeddable":true,"href":"https:\/\/advancedseeds.com\/de\/wp-json\/wp\/v2\/comments?post=19588"}],"wp:featuredmedia":[{"embeddable":true,"href":"https:\/\/advancedseeds.com\/de\/wp-json\/wp\/v2\/media\/19866"}],"wp:attachment":[{"href":"https:\/\/advancedseeds.com\/de\/wp-json\/wp\/v2\/media?parent=19588"}],"wp:term":[{"taxonomy":"product_brand","embeddable":true,"href":"https:\/\/advancedseeds.com\/de\/wp-json\/wp\/v2\/product_brand?post=19588"},{"taxonomy":"product_cat","embeddable":true,"href":"https:\/\/advancedseeds.com\/de\/wp-json\/wp\/v2\/product_cat?post=19588"},{"taxonomy":"product_tag","embeddable":true,"href":"https:\/\/advancedseeds.com\/de\/wp-json\/wp\/v2\/product_tag?post=19588"}],"curies":[{"name":"wp","href":"https:\/\/api.w.org\/{rel}","templated":true}]}}