{"id":20051,"date":"2025-03-11T12:58:00","date_gmt":"2025-03-11T11:58:00","guid":{"rendered":"https:\/\/advancedseeds.com\/web\/tienda\/sin%20categor\u00eda\/automatic-collection-2-advanced-seeds\/"},"modified":"2026-04-15T10:45:14","modified_gmt":"2026-04-15T09:45:14","slug":"automatic-collection-2-advanced-seeds","status":"publish","type":"product","link":"https:\/\/advancedseeds.com\/de\/tienda\/colecciones\/automatic-collection-2-advanced-seeds\/","title":{"rendered":"Automatic Collection #2 \u2013 Advanced Seeds"},"content":{"rendered":"<h2>Auto Blue Diesel<\/h2>\n<p>THC: 16%<br \/>\nAusbeute: 400 - 500 g<br \/>\nInnenh\u00f6he: 60 - 90 cm<br \/>\n\u00c4u\u00dfere H\u00f6he: 0,9 - 1,4 m<br \/>\nBl\u00fctezeit: 55 - 60 Tage<br \/>\nErnte: Apr - Nov.<\/p>\n<p>Auto Biodiesel Mass x Auto Blueberry, zwei der bekanntesten und am meisten ausgezeichneten Genetiken aller Zeiten, vereint in einer neuen autoflowering Sorte. Au\u00dfergew\u00f6hnlich in Aroma und Geschmack, da sie die fruchtige Note ihrer Vorfahren beibeh\u00e4lt, auf der einen Seite das saure und zitrische Aroma der Diesel-Genetik und auf der anderen Seite den f\u00fcr Blueberry typischen Geschmack von Beeren. Ihr Harzproduktionsniveau ist spektakul\u00e4r.<\/p>\n<h2>Auto Kaya 47<\/h2>\n<p>THC: 18%<br \/>\nAusbeute: 400 - 500 g<br \/>\nInnenh\u00f6he: 70 - 100 cm<br \/>\nAu\u00dfenh\u00f6he: 0,9 - 1,5 m<br \/>\nBl\u00fctezeit: 70 - 80 Tage<br \/>\nErnte: Apr - Nov.<\/p>\n<p>Die Erntezeit liegt zwischen 70 und 80 Tagen nach der Aussaat, unabh\u00e4ngig von der Photoperiode. Es handelt sich um eine mittelgro\u00dfe Pflanze, die dazu neigt, sich stark zu verzweigen, so dass bei entsprechender Pflege gute Ernten erzielt werden k\u00f6nnen. S\u00fc\u00dfer und fruchtiger Geruch und Geschmack. Gute Resistenz gegen Pilzbefall. Wie bei allen autoflowering Pflanzen ist es ratsam, direkt in den endg\u00fcltigen Topf zu s\u00e4en, um das Umpflanzen zu vermeiden und so eine maximale Gr\u00f6\u00dfe und Produktion zu erreichen.<\/p>\n<h2>Auto Somango<\/h2>\n<p>THC: 15%<br \/>\nAusbeute: 400 - 450 g<br \/>\nInnenh\u00f6he: 70 - 100 cm<br \/>\n\u00c4u\u00dfere H\u00f6he: 0,9 - 1,4 m<br \/>\nBl\u00fctezeit: 60 - 65 Tage<br \/>\nErnte: Apr - Nov.<\/p>\n<p>Machen Sie sich bereit, diese neue Generation Autoflowering zu genie\u00dfen. Sie ist das Ergebnis einer neuen Kombination von Jack Herer x Big Skunk und Auto-Genetik. Unverwechselbares Aroma und Geschmack von tropischen Fr\u00fcchten bestimmt, um die anspruchsvollsten Gaumen zu erfreuen, sicherlich eine der leckersten Auto auf dem Markt. Hervorragendes Produktionsniveau dank der \u00fcppigen seitlichen Verzweigung und der Knospen von gutem Kaliber. Ihre narkotische Kraft ist moderat, was sie ideal f\u00fcr den t\u00e4glichen Konsum macht.<\/p>","protected":false},"excerpt":{"rendered":"<p>2x Auto Blue Diesel<br \/>\n- Innenh\u00f6he: 60 - 90 cm.<br \/>\n- Bl\u00fctezeit: 55 - 60 Tage.<br \/>\n- Ausbeute: 400 - 500 gr\/m2.<br \/>\n- \u00c4u\u00dfere H\u00f6he: 90 - 140 cm.<br \/>\n- Ernte: Apr - Nov.<br \/>\n- THC: 16%<\/p>\n<p>2x Auto Kaya 47<br \/>\n- Innenh\u00f6he: 70 - 100 cm.<br \/>\n- Bl\u00fctezeit: 70 - 80 Tage.<br \/>\n- Ausbeute: 400 - 500 gr\/m2.<br \/>\n- \u00c4u\u00dfere H\u00f6he: 90 - 150 cm.<br \/>\n- Ernte: Apr - Nov.<br \/>\n- THC: 18%<\/p>\n<p>2x Auto Somango<br \/>\n- Innenh\u00f6he: 70 - 100 cm.<br \/>\n- Bl\u00fctezeit: 60 - 65 Tage.<br \/>\n- Ausbeute: 400 - 450 gr\/m2.<br \/>\n- \u00c4u\u00dfere H\u00f6he: 90 - 140 cm.<br \/>\n- Ernte: Apr - Nov.<br \/>\n- THC: 15%<\/p>","protected":false},"featured_media":20300,"comment_status":"open","ping_status":"closed","template":"","meta":{"_acf_changed":false},"product_brand":[],"product_cat":[71],"product_tag":[],"class_list":{"0":"post-20051","1":"product","2":"type-product","3":"status-publish","4":"has-post-thumbnail","6":"product_cat-colecciones","8":"first","9":"outofstock","10":"taxable","11":"shipping-taxable","12":"purchasable","13":"product-type-simple"},"acf":[],"yoast_head":"<!-- This site is optimized with the Yoast SEO Premium plugin v26.3 (Yoast SEO v26.6) - https:\/\/yoast.com\/wordpress\/plugins\/seo\/ -->\n<title>Automatic Collection #2 - Advanced Seeds - Advanced Seeds<\/title>\n<meta name=\"robots\" content=\"index, follow, max-snippet:-1, max-image-preview:large, max-video-preview:-1\" \/>\n<link rel=\"canonical\" href=\"https:\/\/advancedseeds.com\/de\/tienda\/colecciones\/automatic-collection-2-advanced-seeds\/\" \/>\n<meta property=\"og:locale\" content=\"de_DE\" \/>\n<meta property=\"og:type\" content=\"article\" \/>\n<meta property=\"og:title\" content=\"Automatic Collection #2 - Advanced Seeds\" \/>\n<meta property=\"og:description\" content=\"2x Auto Blue Diesel - Altura interior: 60 - 90 cm. - Floraci\u00f3n: 55 - 60 d\u00edas. - Producci\u00f3n: 400 - 500 gr\/m2. - Altura exterior: 90 - 140 cm. - Cosecha: Apr - Nov. - THC: 16%  2x Auto Kaya 47 - Altura interior: 70 - 100 cm. - Floraci\u00f3n: 70 - 80 d\u00edas. - Producci\u00f3n: 400 - 500 gr\/m2. - Altura exterior: 90 - 150 cm. - Cosecha: Apr - Nov. - THC: 18%  2x Auto Somango - Altura interior: 70 - 100 cm. - Floraci\u00f3n: 60 - 65 d\u00edas. - Producci\u00f3n: 400 - 450 gr\/m2. - Altura exterior: 90 - 140 cm. - Cosecha: Apr - Nov. - THC: 15%\" \/>\n<meta property=\"og:url\" content=\"https:\/\/advancedseeds.com\/de\/tienda\/colecciones\/automatic-collection-2-advanced-seeds\/\" \/>\n<meta property=\"og:site_name\" content=\"Advanced Seeds\" \/>\n<meta property=\"article:modified_time\" content=\"2026-04-15T09:45:14+00:00\" \/>\n<meta property=\"og:image\" content=\"https:\/\/advancedseeds.com\/web\/wp-content\/uploads\/2025\/03\/aucol2-1.jpg\" \/>\n\t<meta property=\"og:image:width\" content=\"819\" \/>\n\t<meta property=\"og:image:height\" content=\"1232\" \/>\n\t<meta property=\"og:image:type\" content=\"image\/jpeg\" \/>\n<meta name=\"twitter:card\" content=\"summary_large_image\" \/>\n<meta name=\"twitter:label1\" content=\"Gesch\u00e4tzte Lesezeit\" \/>\n\t<meta name=\"twitter:data1\" content=\"2\u00a0Minuten\" \/>\n<script type=\"application\/ld+json\" class=\"yoast-schema-graph\">{\"@context\":\"https:\/\/schema.org\",\"@graph\":[{\"@type\":\"WebPage\",\"@id\":\"https:\/\/advancedseeds.com\/tienda\/colecciones\/automatic-collection-2-advanced-seeds\/\",\"url\":\"https:\/\/advancedseeds.com\/tienda\/colecciones\/automatic-collection-2-advanced-seeds\/\",\"name\":\"Automatic Collection #2 - Advanced Seeds - Advanced Seeds\",\"isPartOf\":{\"@id\":\"https:\/\/advancedseeds.com\/#website\"},\"primaryImageOfPage\":{\"@id\":\"https:\/\/advancedseeds.com\/tienda\/colecciones\/automatic-collection-2-advanced-seeds\/#primaryimage\"},\"image\":{\"@id\":\"https:\/\/advancedseeds.com\/tienda\/colecciones\/automatic-collection-2-advanced-seeds\/#primaryimage\"},\"thumbnailUrl\":\"https:\/\/advancedseeds.com\/web\/wp-content\/uploads\/2025\/03\/aucol2-1.jpg\",\"datePublished\":\"2025-03-11T11:58:00+00:00\",\"dateModified\":\"2026-04-15T09:45:14+00:00\",\"breadcrumb\":{\"@id\":\"https:\/\/advancedseeds.com\/tienda\/colecciones\/automatic-collection-2-advanced-seeds\/#breadcrumb\"},\"inLanguage\":\"de\",\"potentialAction\":[{\"@type\":\"ReadAction\",\"target\":[\"https:\/\/advancedseeds.com\/tienda\/colecciones\/automatic-collection-2-advanced-seeds\/\"]}]},{\"@type\":\"ImageObject\",\"inLanguage\":\"de\",\"@id\":\"https:\/\/advancedseeds.com\/tienda\/colecciones\/automatic-collection-2-advanced-seeds\/#primaryimage\",\"url\":\"https:\/\/advancedseeds.com\/web\/wp-content\/uploads\/2025\/03\/aucol2-1.jpg\",\"contentUrl\":\"https:\/\/advancedseeds.com\/web\/wp-content\/uploads\/2025\/03\/aucol2-1.jpg\",\"width\":819,\"height\":1232},{\"@type\":\"BreadcrumbList\",\"@id\":\"https:\/\/advancedseeds.com\/tienda\/colecciones\/automatic-collection-2-advanced-seeds\/#breadcrumb\",\"itemListElement\":[{\"@type\":\"ListItem\",\"position\":1,\"name\":\"Home\",\"item\":\"https:\/\/advancedseeds.com\/\"},{\"@type\":\"ListItem\",\"position\":2,\"name\":\"Tienda\",\"item\":\"https:\/\/advancedseeds.com\/\"},{\"@type\":\"ListItem\",\"position\":3,\"name\":\"Automatic Collection #2 &#8211; Advanced Seeds\"}]},{\"@type\":\"WebSite\",\"@id\":\"https:\/\/advancedseeds.com\/#website\",\"url\":\"https:\/\/advancedseeds.com\/\",\"name\":\"Advanced Seeds\",\"description\":\"Gen\u00e9ticas Avanzadas en semillas feminizadas y autom\u00e1ticas.\",\"publisher\":{\"@id\":\"https:\/\/advancedseeds.com\/#organization\"},\"potentialAction\":[{\"@type\":\"SearchAction\",\"target\":{\"@type\":\"EntryPoint\",\"urlTemplate\":\"https:\/\/advancedseeds.com\/?s={search_term_string}\"},\"query-input\":{\"@type\":\"PropertyValueSpecification\",\"valueRequired\":true,\"valueName\":\"search_term_string\"}}],\"inLanguage\":\"de\"},{\"@type\":\"Organization\",\"@id\":\"https:\/\/advancedseeds.com\/#organization\",\"name\":\"Advanced Seeds\",\"url\":\"https:\/\/advancedseeds.com\/\",\"logo\":{\"@type\":\"ImageObject\",\"inLanguage\":\"de\",\"@id\":\"https:\/\/advancedseeds.com\/#\/schema\/logo\/image\/\",\"url\":\"https:\/\/advancedseeds.com\/web\/wp-content\/uploads\/2021\/01\/logo-advanced.jpg\",\"contentUrl\":\"https:\/\/advancedseeds.com\/web\/wp-content\/uploads\/2021\/01\/logo-advanced.jpg\",\"width\":600,\"height\":600,\"caption\":\"Advanced Seeds\"},\"image\":{\"@id\":\"https:\/\/advancedseeds.com\/#\/schema\/logo\/image\/\"}}]}<\/script>\n<!-- \/ Yoast SEO Premium plugin. -->","yoast_head_json":{"title":"Automatic Collection #2 - Advanced Seeds - Advanced Seeds","robots":{"index":"index","follow":"follow","max-snippet":"max-snippet:-1","max-image-preview":"max-image-preview:large","max-video-preview":"max-video-preview:-1"},"canonical":"https:\/\/advancedseeds.com\/de\/tienda\/colecciones\/automatic-collection-2-advanced-seeds\/","og_locale":"de_DE","og_type":"article","og_title":"Automatic Collection #2 - Advanced Seeds","og_description":"2x Auto Blue Diesel - Altura interior: 60 - 90 cm. - Floraci\u00f3n: 55 - 60 d\u00edas. - Producci\u00f3n: 400 - 500 gr\/m2. - Altura exterior: 90 - 140 cm. - Cosecha: Apr - Nov. - THC: 16%  2x Auto Kaya 47 - Altura interior: 70 - 100 cm. - Floraci\u00f3n: 70 - 80 d\u00edas. - Producci\u00f3n: 400 - 500 gr\/m2. - Altura exterior: 90 - 150 cm. - Cosecha: Apr - Nov. - THC: 18%  2x Auto Somango - Altura interior: 70 - 100 cm. - Floraci\u00f3n: 60 - 65 d\u00edas. - Producci\u00f3n: 400 - 450 gr\/m2. - Altura exterior: 90 - 140 cm. - Cosecha: Apr - Nov. - THC: 15%","og_url":"https:\/\/advancedseeds.com\/de\/tienda\/colecciones\/automatic-collection-2-advanced-seeds\/","og_site_name":"Advanced Seeds","article_modified_time":"2026-04-15T09:45:14+00:00","og_image":[{"width":819,"height":1232,"url":"https:\/\/advancedseeds.com\/web\/wp-content\/uploads\/2025\/03\/aucol2-1.jpg","type":"image\/jpeg"}],"twitter_card":"summary_large_image","twitter_misc":{"Gesch\u00e4tzte Lesezeit":"2\u00a0Minuten"},"schema":{"@context":"https:\/\/schema.org","@graph":[{"@type":"WebPage","@id":"https:\/\/advancedseeds.com\/tienda\/colecciones\/automatic-collection-2-advanced-seeds\/","url":"https:\/\/advancedseeds.com\/tienda\/colecciones\/automatic-collection-2-advanced-seeds\/","name":"Automatic Collection #2 - Advanced Seeds - Advanced Seeds","isPartOf":{"@id":"https:\/\/advancedseeds.com\/#website"},"primaryImageOfPage":{"@id":"https:\/\/advancedseeds.com\/tienda\/colecciones\/automatic-collection-2-advanced-seeds\/#primaryimage"},"image":{"@id":"https:\/\/advancedseeds.com\/tienda\/colecciones\/automatic-collection-2-advanced-seeds\/#primaryimage"},"thumbnailUrl":"https:\/\/advancedseeds.com\/web\/wp-content\/uploads\/2025\/03\/aucol2-1.jpg","datePublished":"2025-03-11T11:58:00+00:00","dateModified":"2026-04-15T09:45:14+00:00","breadcrumb":{"@id":"https:\/\/advancedseeds.com\/tienda\/colecciones\/automatic-collection-2-advanced-seeds\/#breadcrumb"},"inLanguage":"de","potentialAction":[{"@type":"ReadAction","target":["https:\/\/advancedseeds.com\/tienda\/colecciones\/automatic-collection-2-advanced-seeds\/"]}]},{"@type":"ImageObject","inLanguage":"de","@id":"https:\/\/advancedseeds.com\/tienda\/colecciones\/automatic-collection-2-advanced-seeds\/#primaryimage","url":"https:\/\/advancedseeds.com\/web\/wp-content\/uploads\/2025\/03\/aucol2-1.jpg","contentUrl":"https:\/\/advancedseeds.com\/web\/wp-content\/uploads\/2025\/03\/aucol2-1.jpg","width":819,"height":1232},{"@type":"BreadcrumbList","@id":"https:\/\/advancedseeds.com\/tienda\/colecciones\/automatic-collection-2-advanced-seeds\/#breadcrumb","itemListElement":[{"@type":"ListItem","position":1,"name":"Home","item":"https:\/\/advancedseeds.com\/"},{"@type":"ListItem","position":2,"name":"Tienda","item":"https:\/\/advancedseeds.com\/"},{"@type":"ListItem","position":3,"name":"Automatic Collection #2 &#8211; Advanced Seeds"}]},{"@type":"WebSite","@id":"https:\/\/advancedseeds.com\/#website","url":"https:\/\/advancedseeds.com\/","name":"Advanced Seeds","description":"Fortschrittliche Genetik in feminisierten und automatischen Samen.","publisher":{"@id":"https:\/\/advancedseeds.com\/#organization"},"potentialAction":[{"@type":"SearchAction","target":{"@type":"EntryPoint","urlTemplate":"https:\/\/advancedseeds.com\/?s={search_term_string}"},"query-input":{"@type":"PropertyValueSpecification","valueRequired":true,"valueName":"search_term_string"}}],"inLanguage":"de"},{"@type":"Organization","@id":"https:\/\/advancedseeds.com\/#organization","name":"Advanced Seeds","url":"https:\/\/advancedseeds.com\/","logo":{"@type":"ImageObject","inLanguage":"de","@id":"https:\/\/advancedseeds.com\/#\/schema\/logo\/image\/","url":"https:\/\/advancedseeds.com\/web\/wp-content\/uploads\/2021\/01\/logo-advanced.jpg","contentUrl":"https:\/\/advancedseeds.com\/web\/wp-content\/uploads\/2021\/01\/logo-advanced.jpg","width":600,"height":600,"caption":"Advanced Seeds"},"image":{"@id":"https:\/\/advancedseeds.com\/#\/schema\/logo\/image\/"}}]}},"_links":{"self":[{"href":"https:\/\/advancedseeds.com\/de\/wp-json\/wp\/v2\/product\/20051","targetHints":{"allow":["GET"]}}],"collection":[{"href":"https:\/\/advancedseeds.com\/de\/wp-json\/wp\/v2\/product"}],"about":[{"href":"https:\/\/advancedseeds.com\/de\/wp-json\/wp\/v2\/types\/product"}],"replies":[{"embeddable":true,"href":"https:\/\/advancedseeds.com\/de\/wp-json\/wp\/v2\/comments?post=20051"}],"wp:featuredmedia":[{"embeddable":true,"href":"https:\/\/advancedseeds.com\/de\/wp-json\/wp\/v2\/media\/20300"}],"wp:attachment":[{"href":"https:\/\/advancedseeds.com\/de\/wp-json\/wp\/v2\/media?parent=20051"}],"wp:term":[{"taxonomy":"product_brand","embeddable":true,"href":"https:\/\/advancedseeds.com\/de\/wp-json\/wp\/v2\/product_brand?post=20051"},{"taxonomy":"product_cat","embeddable":true,"href":"https:\/\/advancedseeds.com\/de\/wp-json\/wp\/v2\/product_cat?post=20051"},{"taxonomy":"product_tag","embeddable":true,"href":"https:\/\/advancedseeds.com\/de\/wp-json\/wp\/v2\/product_tag?post=20051"}],"curies":[{"name":"wp","href":"https:\/\/api.w.org\/{rel}","templated":true}]}}