{"id":20053,"date":"2025-03-11T12:58:00","date_gmt":"2025-03-11T11:58:00","guid":{"rendered":"https:\/\/advancedseeds.com\/web\/tienda\/sin%20categor\u00eda\/automatic-collection-3-advanced-seeds\/"},"modified":"2026-04-15T10:45:14","modified_gmt":"2026-04-15T09:45:14","slug":"automatic-collection-3-advanced-seeds","status":"publish","type":"product","link":"https:\/\/advancedseeds.com\/de\/tienda\/colecciones\/automatic-collection-3-advanced-seeds\/","title":{"rendered":"Automatic Collection #3 \u2013 Advanced Seeds"},"content":{"rendered":"<h2>Auto Critical Mass<\/h2>\n<p>THC: 16%<\/p>\n<p>Ausbeute: 400 - 500 g<\/p>\n<p>Innenh\u00f6he: 60 - 90 cm<\/p>\n<p>\u00c4u\u00dfere H\u00f6he: 0,9 - 1,4 m<\/p>\n<p>Bl\u00fctezeit: 55 - 60 Tage<\/p>\n<p>Ernte: Apr - Nov.<\/p>\n<h2 class=\"western\"><b>Was sind die genetischen Eigenschaften von Auto Critical Mass?<\/b><\/h2>\n<p>Auto Critical Mass ist das Ergebnis einer meisterhaften Kreuzung zwischen dem legend\u00e4ren<a href=\"https:\/\/advancedseeds.com\/web\/producto\/critical-mass\/\"> Critical Mass<\/a> und einer Auswahl von Ruderalis Skunk. Diese Kreuzung hat die s\u00fc\u00dfen und fruchtigen Aromen beibehalten, die ihren Skunk#1-Vorfahren charakterisieren, w\u00e4hrend sie ihren Lebenszyklus beschleunigt hat. Stressresistenz und starke Hybridkraft zeichnen diese au\u00dfergew\u00f6hnliche Sorte ebenfalls aus.<\/p>\n<p>Diese Kreuzung hat eine blitzschnelle Sorte hervorgebracht, die gleichzeitig die Aromen beibeh\u00e4lt, die Dir den Speichel in die Augen treiben, und eine Potenz, die es in sich hat. Was ist sie? Nun, es ist eine Mischung mit leichtem Indica-Schwung, also mach die Couch bereit, denn Du wirst eine gute Zeit haben wollen.<\/p>\n<h2 class=\"western\"><b>Wie sieht Auto Critical Mass aus?<\/b><\/h2>\n<p>Auto Critical Mass-Pflanzen weisen eine kompakte, aber robuste Morphologie auf. Kr\u00e4ftige St\u00e4mme und sattgr\u00fcne Bl\u00e4tter schaffen eine ideale Struktur f\u00fcr die Entwicklung dichter Knospen. Der Abstand zwischen den Knoten ist ausreichend, um eine exzellente Lichtdurchdringung zu erm\u00f6glichen, was zu einer reichlichen Harzproduktion und schillernd bunten Knospen f\u00fchrt.<\/p>\n<h2 class=\"western\"><b>Wie werden diese Samen im Innen- und Au\u00dfenbereich angebaut?<\/b><\/h2>\n<p>Wachsende Auto Critical Mass autoflowering Samen ist ein Kinderspiel. In Innenr\u00e4umen sind diese Pflanzen nicht anspruchsvoll mit Lichtzyklen, aber sie sch\u00e4tzen es, so viel Licht wie m\u00f6glich zu haben, wobei die 18\/6 oder 20\/4 Photoperiode in diesem Sinne sehr interessant ist.<\/p>\n<p>Mit ein wenig Pflege und gutem Licht k\u00f6nnen sie in gro\u00dfem Stil angebaut werden. Wenn Sie wenig Platz haben, k\u00f6nnen Sie mit der SOG-Technik einen beeindruckenden Miniaturgarten anlegen. Und wenn Sie ihnen im Freien mindestens f\u00fcnf Stunden direktes Sonnenlicht geben, werden Sie sehen, wie gl\u00fccklich und prall sie wachsen. Sie sind Allesk\u00f6nner, und wenn Sie sie gut behandeln, werden sie auch Sie besser behandeln. Hier sind einige Tipps, wie Sie hervorragende Ernten erzielen k\u00f6nnen:<\/p>\n<h3 class=\"western\">Innenanbau:<\/h3>\n<p>Es verwendet ein n\u00e4hrstoffreiches Substrat, um ein gesundes Wachstum von Anfang an zu f\u00f6rdern.<\/p>\n<p>Halten Sie die Luftfeuchtigkeit w\u00e4hrend der Wachstumsphase bei 50-70% und w\u00e4hrend der Bl\u00fcte bei 40%.<\/p>\n<p>Bietet einen Lichtzyklus von 18-20 Stunden pro Tag f\u00fcr eine optimale Entwicklung.<\/p>\n<p>Kontrollieren Sie Temperatur und Bel\u00fcftung sorgf\u00e4ltig, um Schimmelprobleme zu vermeiden.<\/p>\n<p>F\u00fchren Sie leichte Entbl\u00e4tterungen durch, um die Luftzirkulation und die Lichteinwirkung zu verbessern.<\/p>\n<p>Experimentieren Sie mit stressarmen Trainingstechniken (LST), um die Knospenproduktion zu steigern und Ihren Platz optimal zu nutzen.<\/p>\n<h3 class=\"western\">Anbau im Freien:<\/h3>\n<p>W\u00e4hlen Sie einen Standort mit mindestens 5-6 Stunden direkter Sonneneinstrahlung pro Tag f\u00fcr ein optimales Wachstum.<\/p>\n<p>Achten Sie darauf, dass das Substrat gut durchl\u00e4ssig und mit organischen N\u00e4hrstoffen angereichert ist.<\/p>\n<p>Gie\u00dfen Sie ausgewogen, um Staun\u00e4sse zu vermeiden.<\/p>\n<p>Sch\u00fctzen Sie Ihre Pflanzen vor starkem Regen und ung\u00fcnstigen Wetterbedingungen.<\/p>\n<p>Schneiden Sie strategisch, um die Luftzirkulation und die Sonneneinstrahlung zu verbessern.<\/p>\n<h2 class=\"western\"><b>Wann wird Auto Critical Mass geerntet?<\/b><\/h2>\n<p>Die Erntezeit h\u00e4ngt davon ab, ob Sie im Haus oder im Freien anbauen. In Innenr\u00e4umen k\u00f6nnen Sie nach etwa 70 Tagen nach der Keimung ernten. Im Freien k\u00f6nnen Sie nach 10-11 Wochen Anbauzeit ernten. Die richtige Reifung kann die Wirkung der Knospen beeinflussen, also w\u00e4hlen Sie den Zeitpunkt mit Bedacht.<\/p>\n<h2 class=\"western\"><b>Wie viel produzieren diese Samen?<\/b><\/h2>\n<p>Die Auto Critical Mass ist f\u00fcr ihre hohen Ertr\u00e4ge bekannt. Im Innenbereich k\u00f6nnen Sie bis zu <b>500 Gramm oder mehr<\/b> pro Quadratmeter. Im Freien k\u00f6nnen die Pflanzen mit ebenso beeindruckenden Ernten \u00fcberraschen, und was ist mit dem Harz? Nun, wenn Sie gerne extrahieren, werden Sie genug haben, um eine Party zu feiern...<\/p>\n<h2 class=\"western\"><b>Wie ist der Geruch und Geschmack von Auto Critical Mass?<\/b><\/h2>\n<p>Auto Critical Mass bietet ein au\u00dfergew\u00f6hnliches Aroma und Geschmack. Sie werden erleben <b>s\u00fc\u00dfe und fruchtige Noten<\/b> die Sie an ihre Critical Mass-Abstammung erinnern wird. Die in dieser Sorte enthaltenen Terpene erzeugen ein k\u00f6stliches Bouquet mit einem Geschmack, der Sie beim Ein- und Ausatmen in einen S\u00fc\u00dfwarenladen versetzt.<\/p>\n<h2 class=\"western\"><b>Welche Wirkung hat dieses Marihuana?<\/b><\/h2>\n<p>Auto Critical Mass erzeugt eine starke und ausgewogene Wirkung auf K\u00f6rper und Geist, mit einem THC-Gehalt von bis zu 16%. Du wirst ein <b>entspannendes und euphorisches Gef\u00fchl<\/b> das Stress, \u00c4ngste und Schmerzen lindern kann. Die Nebenwirkungen sind minimal, so dass es eine vielseitige Wahl f\u00fcr Benutzer aller Stufen ist.<\/p>\n<h2 class=\"western\"><b>Auto Critical Mass zum besten Preis kaufen<\/b><\/h2>\n<p>Wenn Sie Ihre Auto Critical Mass-Samen von Advanced Seeds zum besten Preis online kaufen m\u00f6chten, sind Sie hier genau richtig. Beginnen Sie Ihre aufregende Wachstumsreise mit dieser au\u00dfergew\u00f6hnlichen Sorte, bestellen Sie noch heute und entdecken Sie alles, was Auto Critical Mass zu bieten hat!<\/p>\n<h2 class=\"western\"><b>H\u00e4ufig gestellte Fragen \u00fcber Auto Critical Mass:<\/b><\/h2>\n<h3 class=\"western\">Wie hoch ist der THC-Gehalt dieser Samen?<\/h3>\n<p>Auto Critical Mass kann bis zu 16% THC erreichen und bietet eine starke Wirkung.<\/p>\n<h3 class=\"western\">Sind sie f\u00fcr Anbauanf\u00e4nger geeignet?<\/h3>\n<p>Ja, diese Samen sind ideal f\u00fcr Anf\u00e4nger, da sie leicht anzubauen und sehr widerstandsf\u00e4hig sind.<\/p>\n<h3 class=\"western\">Was ist die Leistung im Freien?<\/h3>\n<p>Im Freiland kann man je nach den Wachstumsbedingungen mit guten Ernten rechnen.<\/p>\n<h3 class=\"western\">Was sind die medizinischen Vorteile von Auto Critical Mass?<\/h3>\n<p>Diese Sorte ist daf\u00fcr bekannt, dass sie Stress, \u00c4ngste und Schmerzen lindert und auch therapeutische Eigenschaften hat.<\/p>\n<h2>Auto New York City Diesel<\/h2>\n<p>THC: 14%<br \/>\nAusbeute: 400 - 450 g<br \/>\nInnenh\u00f6he: 75 - 100 cm<br \/>\n\u00c4u\u00dfere H\u00f6he: 0,9 - 1,6 m<br \/>\nBl\u00fctezeit: 60 - 65 Tage<br \/>\nErnte: Apr - Nov.<\/p>\n<p>Kreuzung zwischen einer mexikanischen Sativa (40%) und einer afghanischen Indica (60%). Wir haben in diesem Autoflowering-Hybriden die ganze Essenz der Diesel-Genetik eingefangen, ausgezeichnetes Aroma und Geschmack von Zitrusfr\u00fcchten, Grapefruit, Mandarine, Orange ... mit s\u00fc\u00dfen Noten von Trauben und Gew\u00fcrzen. Seine Sativa Teil erm\u00f6glicht es, eine gute Gr\u00f6\u00dfe zu erreichen, entwickelt enthalten Verzweigung, ideal f\u00fcr beide Indoor und Outdoor.<\/p>\n<h2>Auto Gorilla Blue<\/h2>\n<p>THC: 20%<\/p>\n<p>Ausbeute: 450 - 500 gr\/m2<\/p>\n<p>H\u00f6he innen: 60 - 90 cm<\/p>\n<p>H\u00f6he im Freien: 100 - 150 cm<\/p>\n<p>Bl\u00fctezeit: 60 - 70 Tage.<\/p>\n<p>Ernte: Apr - Nov.<\/p>\n<p>Auto Gorilla Blue hat eine sehr psychoaktive Wirkung, mit 20% THC werden wir einen euphorischen Rausch erleben, der bald einer k\u00f6rperlichen Entspannung und Freude weicht.<br \/>\nDie Pflanze ist sehr einfach zu z\u00fcchten, so dass sie Anf\u00e4ngern empfohlen wird, aber ihre Wirkung wird auch die erfahrensten Z\u00fcchter beeindrucken. Kurze Wachstumszeit erm\u00f6glicht es Ihnen, dieses Wunderwerk sehr bald zu genie\u00dfen. Extrem harzig und klebrig Knospen, mit s\u00fc\u00dfen Kiefer und erdigen Geschmack und Diesel Aromen.<\/p>","protected":false},"excerpt":{"rendered":"<p>2x Auto Critical Mass<br \/>\n- Innenh\u00f6he: 80 - 100 cm.<br \/>\n- Bl\u00fctezeit: 60 - 70 Tage.<br \/>\n- Ausbeute: 450 - 550 gr\/m2.<br \/>\n- Au\u00dfenh\u00f6he: 100 - 150 cm.<br \/>\n- Ernte: Apr - Nov.<br \/>\n- THC: 14%<\/p>\n<p>2x Auto NYC Diesel<br \/>\n- Innenh\u00f6he: 75 - 100 cm.<br \/>\n- Bl\u00fctezeit: 60 - 65 Tage.<br \/>\n- Ausbeute: 400 - 450 gr\/m2.<br \/>\n- \u00c4u\u00dfere H\u00f6he: 90 - 160 cm.<br \/>\n- Ernte: Apr - Nov.<br \/>\n- THC: 14%<\/p>\n<p>2x Auto Gorilla Blue<br \/>\n- Innenh\u00f6he: 70 - 90 cm.<br \/>\n- Bl\u00fctezeit: 60 - 70 Tage.<br \/>\n- Ausbeute: 450 - 500 gr\/m2.<br \/>\n- \u00c4u\u00dfere H\u00f6he: 90 - 140 cm.<br \/>\n- Ernte: Apr - Nov.<br \/>\n- THC: 20%<\/p>","protected":false},"featured_media":20301,"comment_status":"open","ping_status":"closed","template":"","meta":{"_acf_changed":false},"product_brand":[],"product_cat":[71],"product_tag":[],"class_list":{"0":"post-20053","1":"product","2":"type-product","3":"status-publish","4":"has-post-thumbnail","6":"product_cat-colecciones","8":"first","9":"instock","10":"taxable","11":"shipping-taxable","12":"purchasable","13":"product-type-simple"},"acf":[],"yoast_head":"<!-- This site is optimized with the Yoast SEO Premium plugin v26.3 (Yoast SEO v26.6) - https:\/\/yoast.com\/wordpress\/plugins\/seo\/ -->\n<title>Automatic Collection #3 - Advanced Seeds - Advanced Seeds<\/title>\n<meta name=\"robots\" content=\"index, follow, max-snippet:-1, max-image-preview:large, max-video-preview:-1\" \/>\n<link rel=\"canonical\" href=\"https:\/\/advancedseeds.com\/de\/tienda\/colecciones\/automatic-collection-3-advanced-seeds\/\" \/>\n<meta property=\"og:locale\" content=\"de_DE\" \/>\n<meta property=\"og:type\" content=\"article\" \/>\n<meta property=\"og:title\" content=\"Automatic Collection #3 - Advanced Seeds\" \/>\n<meta property=\"og:description\" content=\"2x Auto Critical Mass - Altura interior: 80 - 100 cm. - Floraci\u00f3n: 60 - 70 d\u00edas. - Producci\u00f3n: 450 - 550 gr\/m2. - Altura exterior: 100 - 150 cm. - Cosecha: Apr - Nov. - THC: 14%  2x Auto NYC Diesel - Altura interior: 75 - 100 cm. - Floraci\u00f3n: 60 - 65 d\u00edas. - Producci\u00f3n: 400 - 450 gr\/m2. - Altura exterior: 90 - 160 cm. - Cosecha: Apr - Nov. - THC: 14%  2x Auto Gorilla Blue - Altura interior: 70 - 90 cm. - Floraci\u00f3n: 60 - 70 d\u00edas. - Producci\u00f3n: 450 - 500 gr\/m2. - Altura exterior: 90 - 140 cm. - Cosecha: Apr - Nov. - THC: 20%\" \/>\n<meta property=\"og:url\" content=\"https:\/\/advancedseeds.com\/de\/tienda\/colecciones\/automatic-collection-3-advanced-seeds\/\" \/>\n<meta property=\"og:site_name\" content=\"Advanced Seeds\" \/>\n<meta property=\"article:modified_time\" content=\"2026-04-15T09:45:14+00:00\" \/>\n<meta property=\"og:image\" content=\"https:\/\/advancedseeds.com\/web\/wp-content\/uploads\/2025\/03\/aucol3.jpg\" \/>\n\t<meta property=\"og:image:width\" content=\"819\" \/>\n\t<meta property=\"og:image:height\" content=\"1232\" \/>\n\t<meta property=\"og:image:type\" content=\"image\/jpeg\" \/>\n<meta name=\"twitter:card\" content=\"summary_large_image\" \/>\n<meta name=\"twitter:label1\" content=\"Gesch\u00e4tzte Lesezeit\" \/>\n\t<meta name=\"twitter:data1\" content=\"6\u00a0Minuten\" \/>\n<script type=\"application\/ld+json\" class=\"yoast-schema-graph\">{\"@context\":\"https:\/\/schema.org\",\"@graph\":[{\"@type\":\"WebPage\",\"@id\":\"https:\/\/advancedseeds.com\/tienda\/colecciones\/automatic-collection-3-advanced-seeds\/\",\"url\":\"https:\/\/advancedseeds.com\/tienda\/colecciones\/automatic-collection-3-advanced-seeds\/\",\"name\":\"Automatic Collection #3 - Advanced Seeds - Advanced Seeds\",\"isPartOf\":{\"@id\":\"https:\/\/advancedseeds.com\/#website\"},\"primaryImageOfPage\":{\"@id\":\"https:\/\/advancedseeds.com\/tienda\/colecciones\/automatic-collection-3-advanced-seeds\/#primaryimage\"},\"image\":{\"@id\":\"https:\/\/advancedseeds.com\/tienda\/colecciones\/automatic-collection-3-advanced-seeds\/#primaryimage\"},\"thumbnailUrl\":\"https:\/\/advancedseeds.com\/web\/wp-content\/uploads\/2025\/03\/aucol3.jpg\",\"datePublished\":\"2025-03-11T11:58:00+00:00\",\"dateModified\":\"2026-04-15T09:45:14+00:00\",\"breadcrumb\":{\"@id\":\"https:\/\/advancedseeds.com\/tienda\/colecciones\/automatic-collection-3-advanced-seeds\/#breadcrumb\"},\"inLanguage\":\"de\",\"potentialAction\":[{\"@type\":\"ReadAction\",\"target\":[\"https:\/\/advancedseeds.com\/tienda\/colecciones\/automatic-collection-3-advanced-seeds\/\"]}]},{\"@type\":\"ImageObject\",\"inLanguage\":\"de\",\"@id\":\"https:\/\/advancedseeds.com\/tienda\/colecciones\/automatic-collection-3-advanced-seeds\/#primaryimage\",\"url\":\"https:\/\/advancedseeds.com\/web\/wp-content\/uploads\/2025\/03\/aucol3.jpg\",\"contentUrl\":\"https:\/\/advancedseeds.com\/web\/wp-content\/uploads\/2025\/03\/aucol3.jpg\",\"width\":819,\"height\":1232},{\"@type\":\"BreadcrumbList\",\"@id\":\"https:\/\/advancedseeds.com\/tienda\/colecciones\/automatic-collection-3-advanced-seeds\/#breadcrumb\",\"itemListElement\":[{\"@type\":\"ListItem\",\"position\":1,\"name\":\"Home\",\"item\":\"https:\/\/advancedseeds.com\/\"},{\"@type\":\"ListItem\",\"position\":2,\"name\":\"Tienda\",\"item\":\"https:\/\/advancedseeds.com\/\"},{\"@type\":\"ListItem\",\"position\":3,\"name\":\"Automatic Collection #3 &#8211; Advanced Seeds\"}]},{\"@type\":\"WebSite\",\"@id\":\"https:\/\/advancedseeds.com\/#website\",\"url\":\"https:\/\/advancedseeds.com\/\",\"name\":\"Advanced Seeds\",\"description\":\"Gen\u00e9ticas Avanzadas en semillas feminizadas y autom\u00e1ticas.\",\"publisher\":{\"@id\":\"https:\/\/advancedseeds.com\/#organization\"},\"potentialAction\":[{\"@type\":\"SearchAction\",\"target\":{\"@type\":\"EntryPoint\",\"urlTemplate\":\"https:\/\/advancedseeds.com\/?s={search_term_string}\"},\"query-input\":{\"@type\":\"PropertyValueSpecification\",\"valueRequired\":true,\"valueName\":\"search_term_string\"}}],\"inLanguage\":\"de\"},{\"@type\":\"Organization\",\"@id\":\"https:\/\/advancedseeds.com\/#organization\",\"name\":\"Advanced Seeds\",\"url\":\"https:\/\/advancedseeds.com\/\",\"logo\":{\"@type\":\"ImageObject\",\"inLanguage\":\"de\",\"@id\":\"https:\/\/advancedseeds.com\/#\/schema\/logo\/image\/\",\"url\":\"https:\/\/advancedseeds.com\/web\/wp-content\/uploads\/2021\/01\/logo-advanced.jpg\",\"contentUrl\":\"https:\/\/advancedseeds.com\/web\/wp-content\/uploads\/2021\/01\/logo-advanced.jpg\",\"width\":600,\"height\":600,\"caption\":\"Advanced Seeds\"},\"image\":{\"@id\":\"https:\/\/advancedseeds.com\/#\/schema\/logo\/image\/\"}}]}<\/script>\n<!-- \/ Yoast SEO Premium plugin. -->","yoast_head_json":{"title":"Automatic Collection #3 - Advanced Seeds - Advanced Seeds","robots":{"index":"index","follow":"follow","max-snippet":"max-snippet:-1","max-image-preview":"max-image-preview:large","max-video-preview":"max-video-preview:-1"},"canonical":"https:\/\/advancedseeds.com\/de\/tienda\/colecciones\/automatic-collection-3-advanced-seeds\/","og_locale":"de_DE","og_type":"article","og_title":"Automatic Collection #3 - Advanced Seeds","og_description":"2x Auto Critical Mass - Altura interior: 80 - 100 cm. - Floraci\u00f3n: 60 - 70 d\u00edas. - Producci\u00f3n: 450 - 550 gr\/m2. - Altura exterior: 100 - 150 cm. - Cosecha: Apr - Nov. - THC: 14%  2x Auto NYC Diesel - Altura interior: 75 - 100 cm. - Floraci\u00f3n: 60 - 65 d\u00edas. - Producci\u00f3n: 400 - 450 gr\/m2. - Altura exterior: 90 - 160 cm. - Cosecha: Apr - Nov. - THC: 14%  2x Auto Gorilla Blue - Altura interior: 70 - 90 cm. - Floraci\u00f3n: 60 - 70 d\u00edas. - Producci\u00f3n: 450 - 500 gr\/m2. - Altura exterior: 90 - 140 cm. - Cosecha: Apr - Nov. - THC: 20%","og_url":"https:\/\/advancedseeds.com\/de\/tienda\/colecciones\/automatic-collection-3-advanced-seeds\/","og_site_name":"Advanced Seeds","article_modified_time":"2026-04-15T09:45:14+00:00","og_image":[{"width":819,"height":1232,"url":"https:\/\/advancedseeds.com\/web\/wp-content\/uploads\/2025\/03\/aucol3.jpg","type":"image\/jpeg"}],"twitter_card":"summary_large_image","twitter_misc":{"Gesch\u00e4tzte Lesezeit":"6\u00a0Minuten"},"schema":{"@context":"https:\/\/schema.org","@graph":[{"@type":"WebPage","@id":"https:\/\/advancedseeds.com\/tienda\/colecciones\/automatic-collection-3-advanced-seeds\/","url":"https:\/\/advancedseeds.com\/tienda\/colecciones\/automatic-collection-3-advanced-seeds\/","name":"Automatic Collection #3 - Advanced Seeds - Advanced Seeds","isPartOf":{"@id":"https:\/\/advancedseeds.com\/#website"},"primaryImageOfPage":{"@id":"https:\/\/advancedseeds.com\/tienda\/colecciones\/automatic-collection-3-advanced-seeds\/#primaryimage"},"image":{"@id":"https:\/\/advancedseeds.com\/tienda\/colecciones\/automatic-collection-3-advanced-seeds\/#primaryimage"},"thumbnailUrl":"https:\/\/advancedseeds.com\/web\/wp-content\/uploads\/2025\/03\/aucol3.jpg","datePublished":"2025-03-11T11:58:00+00:00","dateModified":"2026-04-15T09:45:14+00:00","breadcrumb":{"@id":"https:\/\/advancedseeds.com\/tienda\/colecciones\/automatic-collection-3-advanced-seeds\/#breadcrumb"},"inLanguage":"de","potentialAction":[{"@type":"ReadAction","target":["https:\/\/advancedseeds.com\/tienda\/colecciones\/automatic-collection-3-advanced-seeds\/"]}]},{"@type":"ImageObject","inLanguage":"de","@id":"https:\/\/advancedseeds.com\/tienda\/colecciones\/automatic-collection-3-advanced-seeds\/#primaryimage","url":"https:\/\/advancedseeds.com\/web\/wp-content\/uploads\/2025\/03\/aucol3.jpg","contentUrl":"https:\/\/advancedseeds.com\/web\/wp-content\/uploads\/2025\/03\/aucol3.jpg","width":819,"height":1232},{"@type":"BreadcrumbList","@id":"https:\/\/advancedseeds.com\/tienda\/colecciones\/automatic-collection-3-advanced-seeds\/#breadcrumb","itemListElement":[{"@type":"ListItem","position":1,"name":"Home","item":"https:\/\/advancedseeds.com\/"},{"@type":"ListItem","position":2,"name":"Tienda","item":"https:\/\/advancedseeds.com\/"},{"@type":"ListItem","position":3,"name":"Automatic Collection #3 &#8211; Advanced Seeds"}]},{"@type":"WebSite","@id":"https:\/\/advancedseeds.com\/#website","url":"https:\/\/advancedseeds.com\/","name":"Advanced Seeds","description":"Fortschrittliche Genetik in feminisierten und automatischen Samen.","publisher":{"@id":"https:\/\/advancedseeds.com\/#organization"},"potentialAction":[{"@type":"SearchAction","target":{"@type":"EntryPoint","urlTemplate":"https:\/\/advancedseeds.com\/?s={search_term_string}"},"query-input":{"@type":"PropertyValueSpecification","valueRequired":true,"valueName":"search_term_string"}}],"inLanguage":"de"},{"@type":"Organization","@id":"https:\/\/advancedseeds.com\/#organization","name":"Advanced Seeds","url":"https:\/\/advancedseeds.com\/","logo":{"@type":"ImageObject","inLanguage":"de","@id":"https:\/\/advancedseeds.com\/#\/schema\/logo\/image\/","url":"https:\/\/advancedseeds.com\/web\/wp-content\/uploads\/2021\/01\/logo-advanced.jpg","contentUrl":"https:\/\/advancedseeds.com\/web\/wp-content\/uploads\/2021\/01\/logo-advanced.jpg","width":600,"height":600,"caption":"Advanced Seeds"},"image":{"@id":"https:\/\/advancedseeds.com\/#\/schema\/logo\/image\/"}}]}},"_links":{"self":[{"href":"https:\/\/advancedseeds.com\/de\/wp-json\/wp\/v2\/product\/20053","targetHints":{"allow":["GET"]}}],"collection":[{"href":"https:\/\/advancedseeds.com\/de\/wp-json\/wp\/v2\/product"}],"about":[{"href":"https:\/\/advancedseeds.com\/de\/wp-json\/wp\/v2\/types\/product"}],"replies":[{"embeddable":true,"href":"https:\/\/advancedseeds.com\/de\/wp-json\/wp\/v2\/comments?post=20053"}],"wp:featuredmedia":[{"embeddable":true,"href":"https:\/\/advancedseeds.com\/de\/wp-json\/wp\/v2\/media\/20301"}],"wp:attachment":[{"href":"https:\/\/advancedseeds.com\/de\/wp-json\/wp\/v2\/media?parent=20053"}],"wp:term":[{"taxonomy":"product_brand","embeddable":true,"href":"https:\/\/advancedseeds.com\/de\/wp-json\/wp\/v2\/product_brand?post=20053"},{"taxonomy":"product_cat","embeddable":true,"href":"https:\/\/advancedseeds.com\/de\/wp-json\/wp\/v2\/product_cat?post=20053"},{"taxonomy":"product_tag","embeddable":true,"href":"https:\/\/advancedseeds.com\/de\/wp-json\/wp\/v2\/product_tag?post=20053"}],"curies":[{"name":"wp","href":"https:\/\/api.w.org\/{rel}","templated":true}]}}