{"id":20061,"date":"2025-03-11T12:58:01","date_gmt":"2025-03-11T11:58:01","guid":{"rendered":"https:\/\/advancedseeds.com\/web\/tienda\/sin%20categor\u00eda\/automatic-collection-7-advanced-seeds\/"},"modified":"2026-04-15T10:45:16","modified_gmt":"2026-04-15T09:45:16","slug":"automatic-collection-7-advanced-seeds","status":"publish","type":"product","link":"https:\/\/advancedseeds.com\/de\/tienda\/colecciones\/automatic-collection-7-advanced-seeds\/","title":{"rendered":"Automatic Collection #7 \u2013 Advanced Seeds"},"content":{"rendered":"<h2>Auto Somango Glue<\/h2>\n<p>THC: 21%<\/p>\n<p>Ausbeute: 500 - 550 g<\/p>\n<p>Innenh\u00f6he: 70 - 90 cm<\/p>\n<p>Au\u00dfenh\u00f6he: 0,9 - 1,3 m<\/p>\n<p>Vollst\u00e4ndiger Zyklus: 55 - 60 Tage<\/p>\n<p>Ernte: Apr - Nov.<\/p>\n<h2 class=\"western\"><b>Was sind die genetischen Eigenschaften dieser Samen?<\/b><\/h2>\n<p>Die Genetik von Auto Somango Glue leitet sich von einer <b>Kreuzung zwischen Gorilla Glue #4 und Somango, die anschlie\u00dfend mit einer autoflowering Sorte gekreuzt wurde. <\/b>um die Gene einzuschlie\u00dfen, die eine spontane Bl\u00fcte nach 3 bis 4 Wochen Lebenszeit verursachen. Gorilla Glue #4 ist f\u00fcr ihren hohen THC-Gehalt und ihre starke Wirkung bekannt, w\u00e4hrend Somango ein exotisches und schmackhaftes Aromaprofil mitbringt. Diese genetische Kombination hat eine \u00fcberwiegend aus Indica bestehende Sorte hervorgebracht, die sich durch ihre Robustheit und ihre Anpassungsf\u00e4higkeit an unterschiedliche Wachstumsbedingungen auszeichnet und gleichzeitig ein komplexes aromatisches Profil und eine ausgewogene psychoaktive Wirkung aufweist.<\/p>\n<h2 class=\"western\"><b>Wie sieht Auto Somango Glue aus?<\/b><\/h2>\n<p>Die Auto Somango Glue zeichnet sich durch ihre kr\u00e4ftige, offene und verzweigte Struktur aus, mit einem moderaten Wachstum, das sie ideal f\u00fcr kleine R\u00e4ume macht. Ihre Bl\u00e4tter sind tiefgr\u00fcn, mit dicken St\u00e4mmen, die dichte, schwere Knospen tragen. Diese Knospen sind nicht nur gro\u00df und kompakt, sondern auch eindrucksvoll mit gl\u00e4nzenden Trichomen bedeckt, was auf eine hohe Produktion von \u00e4therischen \u00d6len hinweist, die reich an Wirkstoffen sind. Wenn sie reif ist, kann die Pflanze <b>violette und r\u00f6tliche T\u00f6ne<\/b>vor allem bei niedrigeren Temperaturen, was sein ohnehin schon beeindruckendes Profil noch attraktiver macht.<\/p>\n<h2 class=\"western\"><b>Wie werden diese Samen im Innen- und Au\u00dfenbereich angebaut?<\/b><\/h2>\n<p>Auto Somango Glue ist eine vielseitige Sorte, die sowohl f\u00fcr den Innen- als auch f\u00fcr den Au\u00dfenanbau geeignet ist.<\/p>\n<h3 class=\"western\">Innenanbau:<\/h3>\n<p>Ein Lichtzyklus von 20\/4 wird empfohlen, um ihr Potenzial zu maximieren, aber wenn Sie das Gef\u00fchl haben, dass dies eine zu gro\u00dfe Lichtverschwendung ist, sollten Sie wissen, dass sie mit jeder Photoperiode angebaut werden k\u00f6nnen. Die Pflanze reagiert gut auf <b>LST-Techniken<\/b> (Low Stress Training), um ein gleichm\u00e4\u00dfigeres Wachstum zu f\u00f6rdern und die Produktion zu steigern.<\/p>\n<h3 class=\"western\">Anbau im Freien:<\/h3>\n<p>Sie w\u00e4chst sehr stark und nimmt jeden Platz ein, der ihr zur Verf\u00fcgung steht. Daher ist es wichtig, ihr ausreichend Platz und direktes Sonnenlicht zu bieten sowie ein Pflanzgef\u00e4\u00df, das gro\u00df genug ist, um sie wachsen zu lassen. <b>minus 20 Liter<\/b> Kapazit\u00e4t. Diese Sorte ist resistent gegen Sch\u00e4dlinge und Pilze, aber es ist immer ratsam, ein sauberes und kontrolliertes Anbauumfeld zu erhalten, und es ist keine schlechte Idee, vorbeugend Pflanzenschutzmittel anzuwenden.<\/p>\n<p>Im Innen- und Au\u00dfenbereich: Wenn Sie nicht sicher sind, dass Sie die Pflanzen ohne Stress umpflanzen k\u00f6nnen, lassen Sie es lieber bleiben, <b>Einpflanzen der Samen in den endg\u00fcltigen Topf<\/b> und weichen Sie das gesamte Substrat erst ein, wenn die Pflanzen mindestens 15 bis 20 cm hoch sind.<\/p>\n<h2 class=\"western\"><b>Wann wird Auto Somango Glue geerntet?<\/b><\/h2>\n<p>In Innenr\u00e4umen hat das Auto Somango Glue eine extrem kurze Lebensdauer, von <b>etwa 60 Tage nach dem Auflaufen der S\u00e4mlinge<\/b>. Im Freien ist die beste Zeit f\u00fcr den Anbau dieser Samen der sp\u00e4te Fr\u00fchling bis zum Sp\u00e4tsommer, so dass Sie die Vorteile des nat\u00fcrlichen Licht- und Temperaturzyklus voll aussch\u00f6pfen k\u00f6nnen. Die richtige Reifung der Knospen ist entscheidend, um ein volles Terpenprofil und maximale Potenz zu gew\u00e4hrleisten.<\/p>\n<h2 class=\"western\"><b>Wie viel Saatgut kann man produzieren?<\/b><\/h2>\n<p>Was den Ertrag angeht, ist Auto Somango Glue eine sehr gro\u00dfz\u00fcgige Sorte. Im Innenbereich k\u00f6nnen die Z\u00fcchter mit Ertr\u00e4gen von bis zu <b>550 g\/m\u00b2.<\/b>Das h\u00e4ngt von der St\u00e4rke des Lichts, der Ern\u00e4hrung der Pflanzen und den allgemeinen F\u00e4higkeiten des Z\u00fcchters ab. Im Freien, unter optimalen Bedingungen, kann jede Pflanze Folgendes produzieren <b>mehr als 100 g trocken<\/b>. Dar\u00fcber hinaus machen Menge und Qualit\u00e4t des Harzes das Auto Somango Glue zu einer hervorragenden Wahl f\u00fcr Extraktionen und Konzentrate.<\/p>\n<h2 class=\"western\"><b>Wie ist das Aroma und der Geschmack von Auto Somango Glue?<\/b><\/h2>\n<p>\u00dcberwiegend <b>tropische und s\u00fc\u00dfe Noten<\/b> vererbt von Somango, erg\u00e4nzt durch frische Kiefer und erdige Untert\u00f6ne von Gorilla Glue #4. Je nach Ph\u00e4notyp k\u00f6nnen auch die folgenden Merkmale vorhanden sein <b>Zitrus- und Dieselt\u00f6ne<\/b>. Diese Kombination von Aromen bietet ein reichhaltiges und komplexes Erlebnis sowohl beim Ein- als auch beim Ausatmen.<\/p>\n<h2 class=\"western\"><b>Welche Wirkung hat dieses Marihuana?<\/b><\/h2>\n<p>Mit einem Inhalt von <b>THC von 21%,<\/b> Auto Somango Glue bietet eine <b>ausgewogene und angenehme Wirkung<\/b>. Anfangs kann sie aktiv und energiegeladen sein, um mit der Zeit in eine moderate Entspannung \u00fcberzugehen. Diese ausgewogene Wirkung macht sie sowohl f\u00fcr die Freizeit als auch f\u00fcr die Therapie geeignet und hilft, Stress und \u00c4ngste abzubauen.<\/p>\n<h2 class=\"western\"><b>Auto Somango Glue zum besten Preis kaufen<\/b><\/h2>\n<p>Sind Sie bereit, den tropischen Geschmack und die ausgewogene Potenz von Auto Somango Glue zu erleben? Bestellen Sie jetzt Ihre Auto Somango Glue autoflowering Samen von Advanced Seeds zum besten Preis online und genie\u00dfen Sie eine der komplettesten Sorten auf dem Markt!<\/p>\n<h2 class=\"western\"><b>H\u00e4ufig gestellte Fragen \u00fcber Auto Somango Glue<\/b><\/h2>\n<h3 class=\"western\">Braucht Auto Somango Glue besondere Pflege?<\/h3>\n<p>Auto Somango Glue ist eine recht robuste Sorte, die jedoch von einer ausgewogenen Ern\u00e4hrung und ausreichender Bew\u00e4sserung profitiert, um ihr volles Potenzial zu entfalten.<\/p>\n<h3 class=\"western\">Ist es f\u00fcr Anf\u00e4nger geeignet?<\/h3>\n<p>Ja, dank ihrer einfachen Kultivierung und ihrer Widerstandsf\u00e4higkeit ist sie eine ausgezeichnete Wahl f\u00fcr alle, die in die Welt des Selbstanbaus einsteigen.<\/p>\n<h3 class=\"western\">Welche Art von Licht ist f\u00fcr den Innenanbau am besten geeignet?<\/h3>\n<p>Die Auto Somango Glue spricht gut auf LED-Vollspektrum-Licht an, was ihr Wachstum und ihre Bl\u00fctezeit maximiert.<\/p>\n<h3 class=\"western\">Wie geht man mit dem Geruch beim Anbau von Auto Somango Glue um?<\/h3>\n<p>Die Verwendung von Aktivkohlefiltern ist ein wirksames Mittel zur Bek\u00e4mpfung des intensiven Geruchs, den Auto Somango Glue w\u00e4hrend der Bl\u00fctezeit entwickeln kann.<\/p>\n<p>&nbsp;<\/p>\n<h2>Auto Watermelon OG<\/h2>\n<p>THC: 20%<\/p>\n<p>Ausbeute: 450 - 500 g<\/p>\n<p>Innenh\u00f6he: 70 - 90 cm<\/p>\n<p>Au\u00dfenh\u00f6he: 1,2 - 1,5 m<\/p>\n<p>Vollst\u00e4ndiger Zyklus: 65 - 70 Tage.<\/p>\n<p>Ernte: Apr - Nov.<\/p>\n<h2 class=\"western\"><b>Was sind die genetischen Eigenschaften dieser Samen?<\/b><\/h2>\n<p>Auto Watermelon OG ist ein ausgewogener Hybrid aus Indica und Sativa, geboren aus der <b>Kreuzung zwischen einer autoflowering mit dem Hybrid Melon Purple x Black OG<\/b>. Diese Genetik verleiht ihr besondere Eigenschaften: einerseits die Robustheit und entspannende Wirkung der Indica, andererseits die Lebendigkeit und den fruchtigen Geschmack der Sativa. Ihre Eltern verleihen ihr eine genetische Komplexit\u00e4t, die sich in einer Pflanze mit einem hohen Potenzial sowohl in Bezug auf die Produktion als auch auf die Knospenqualit\u00e4t niederschl\u00e4gt. Auch wenn es sich haupts\u00e4chlich um eine Indica handelt, ist der erste Teil der Wirkung sehr anregend.<\/p>\n<h2 class=\"western\"><b>Wie sieht das Auto Watermelon OG aus?<\/b><\/h2>\n<p>Auto Watermelon OG entwickelt eine mittelgro\u00dfe und robuste Struktur mit einer \u00fcppigen Verzweigung, die aus den unteren Teilen der Pflanze herausw\u00e4chst und eine f\u00fcr Hybridsorten typische Morphologie aufweist. Seine Bl\u00e4tter zeigen <b>Violett- und Schwarzt\u00f6ne<\/b>Die Knospen sind dicht, titanhart und mit einer gro\u00dfz\u00fcgigen Schicht von Trichomen bedeckt, sowohl die Bl\u00fctenkelche als auch die angrenzenden Bl\u00e4tter. Die Knospen sind dicht, hart wie Titan und mit einer gro\u00dfz\u00fcgigen Schicht von Trichomen bedeckt, sowohl die Bl\u00fctenkelche als auch die angrenzenden Bl\u00e4tter. Dieses Merkmal ist nicht nur \u00e4sthetisch ansprechend, sondern weist auch auf eine <b>hohe Konzentration von Terpenen und Flavonoiden<\/b>.<\/p>\n<h2 class=\"western\"><b>Wie werden diese Samen im Innen- und Au\u00dfenbereich angebaut?<\/b><\/h2>\n<h3 class=\"western\">Innenanbau:<\/h3>\n<p>Auto Watermelon OG entfaltet sein volles Potenzial in Hydrokulturen, aber auch bei der Pflanzung in <b>T\u00f6pfe von 11 Litern oder mehr<\/b>. Wie bei anderen autoflowering Sorten wird eine Photoperiode von 20\/4 w\u00e4hrend der gesamten Lebensdauer der Pflanzen und ein gut bel\u00fcftetes Substrat empfohlen, damit sich das Wurzelsystem so schnell wie m\u00f6glich entwickeln kann. Es ist eine gute Idee zu <b>Mikro-Leben hinzuf\u00fcgen<\/b> auf das Substrat und\/oder die ersten Bew\u00e4sserungen, entweder Trichoderma oder Mykorrhiza.<\/p>\n<h3 class=\"western\">Anbau im Freien.<\/h3>\n<p>Diese Sorte passt sich gut an verschiedene Klimazonen an und kann eine H\u00f6he von bis zu 1,5 Metern erreichen. Ihre Widerstandsf\u00e4higkeit gegen\u00fcber ung\u00fcnstigen Witterungsbedingungen und Sch\u00e4dlingen macht sie zu einer soliden Wahl f\u00fcr Anbauer aller Stufen, insbesondere f\u00fcr unerfahrene. Interessant <b>Tutoren oder irgendeine Art von Struktur einrichten<\/b> Die Zweige k\u00f6nnen durch ein Spalier gest\u00fctzt werden, von dem die Triebe im Laufe des Wachstums entfernt werden k\u00f6nnen, wodurch auch der Lichteinfall in den unteren und inneren Teil der Pflanzen verbessert wird.<\/p>\n<h2 class=\"western\"><b>Wann wird das Auto Watermelon OG geerntet?<\/b><\/h2>\n<p>Der komplette Zyklus dieser Sorte, von der Keimung des Setzlings bis zur Ernte der Knospen von Auto Watermelon OG indoor und outdoor dauert <b>zwischen 65 und 70 Tagen<\/b>. Wenn Sie eine eher k\u00f6rperliche und entspannende Wirkung w\u00fcnschen, lassen Sie sie eine weitere Woche reifen, aber wenn Sie es vorziehen, mehr psychoaktiv und euphorisch zu sein, schneiden Sie sie nach maximal 70 Tagen.<\/p>\n<h2 class=\"western\"><b>Wie viel Saatgut kann man produzieren?<\/b><\/h2>\n<p>Auto Watermelon OG ist bemerkenswert produktiv in Bezug auf Bl\u00fcten, Trichome, THC und Terpene. Im Innenbereich kann sie bis zu <b>550 g\/m\u00b2.<\/b> von schweren Knospen unter trockenen Bedingungen, w\u00e4hrend im Freien jede Pflanze <b>zwischen 50 und 150 Gramm<\/b>. Diese hohe Produktion macht es zu einer ausgezeichneten Wahl f\u00fcr diejenigen, die eine Kombination aus Quantit\u00e4t und Qualit\u00e4t in der k\u00fcrzest m\u00f6glichen Zeit suchen.<\/p>\n<h2 class=\"western\"><b>Wie ist das Aroma und der Geschmack von Auto Watermelon OG?<\/b><\/h2>\n<p>Das Aroma- und Geschmacksprofil von Auto Watermelon OG ist eine seiner Hauptattraktionen. Vorwiegend <b>s\u00fc\u00dfe und erfrischende Noten von Wassermelone, mit einem erdigen Unterton<\/b> was das Erlebnis noch komplexer macht. Beim Verzehr intensiviert sich der fruchtige Geschmack und hinterl\u00e4sst einen lang anhaltenden und sehr angenehmen Nachgeschmack. Es wird eine Reifezeit von mindestens 2 Monaten empfohlen, damit sich die organoleptischen Eigenschaften festigen und das restliche Chlorophyll vollst\u00e4ndig verschwinden kann.<\/p>\n<h2 class=\"western\"><b>Welche Wirkung hat dieses Marihuana?<\/b><\/h2>\n<p>Mit einem THC-Gehalt von mehr als <b>20%<\/b>Auto Watermelon OG hat eine ausgewogene Wirkung auf K\u00f6rper und Geist: <b>anregend und zerebral zu Beginn, gefolgt von einer tiefen und angenehmen k\u00f6rperlichen Entspannung<\/b>. Es ist perfekt f\u00fcr den Gebrauch am Nachmittag und Abend und hilft Ihnen, sich nach einem anstrengenden Tag zu entspannen, da es Ihnen hilft, den Problemen des t\u00e4glichen Lebens zu entfliehen.<\/p>\n<h2 class=\"western\"><b>Auto Watermelon OG zum besten Preis kaufen<\/b><\/h2>\n<p>F\u00fcr diejenigen, die nach einer Sorte mit einem einzigartigen Geschmacksprofil und einer ausgewogenen Wirkung suchen, sind die Auto Watermelon OG autoflowering Samen von Advanced Seeds die ideale Wahl. Kaufen Sie jetzt und erleben Sie den Anbau und den Genuss einer der k\u00f6stlichsten Sorten auf dem Markt!<\/p>\n<h2 class=\"western\"><b>H\u00e4ufig gestellte Fragen zum Auto Watermelon OG<\/b><\/h2>\n<h3 class=\"western\">Wie wirkt sich das Licht auf das Auto Watermelon OG in Innenr\u00e4umen aus?<\/h3>\n<p>Eine gute Beleuchtung ist entscheidend. F\u00fcr ein optimales Wachstum und eine \u00fcppige Bl\u00fcte wird Vollspektrum-LED-Licht empfohlen.<\/p>\n<h3 class=\"western\">Wann ist der beste Zeitpunkt f\u00fcr die Ernte des Auto Watermelon OG?<\/h3>\n<p>Die Ernte ist fertig, wenn die Trichome ein milchiges oder bernsteinfarbenes Aussehen haben, was bedeutet, dass die Cannabinoide und Terpene ihren H\u00f6hepunkt erreicht haben.<\/p>\n<h3 class=\"western\">Wie werden Sch\u00e4dlinge in Auto Watermelon OG bek\u00e4mpft?<\/h3>\n<p>Es ist ratsam, vorbeugende und biologische Methoden zur Sch\u00e4dlingsbek\u00e4mpfung anzuwenden und ein sauberes und gesundes Anbauumfeld zu erhalten.<\/p>\n<h3 class=\"western\">Welche Topfgr\u00f6\u00dfe ist ideal f\u00fcr Auto Watermelon OG?<\/h3>\n<p>Im Innenbereich sind T\u00f6pfe mit 7 bis 11 Litern Inhalt ideal, w\u00e4hrend im Freien gr\u00f6\u00dfere T\u00f6pfe verwendet werden k\u00f6nnen, um eine bessere Wurzelentwicklung zu erm\u00f6glichen.<\/p>\n<p>&nbsp;<\/p>\n<h2>Auto Shark Widow<\/h2>\n<p>THC: 17%<br \/>\nAusbeute: 400 - 450 g<br \/>\nInnenh\u00f6he: 70 - 90 cm<br \/>\n\u00c4u\u00dfere H\u00f6he: 1,2 - 2,2 m<br \/>\nBl\u00fctezeit: 55 - 60 Tage<br \/>\nErnte: 15 - 30 Sept.<\/p>\n<p>Autoflowering Version von Shark Widow. Indica 100%, es vervollst\u00e4ndigt Bl\u00fcte in weniger als 60 Tagen. Es ist eine Pflanze von mittlerer Gr\u00f6\u00dfe und Verzweigung enthalten, entwickelt dicke, dichte und lange Knospen, mit einer beeindruckenden Menge an Harz, ist dies, weil die Anlage Trichome in H\u00fclle und F\u00fclle von den ersten Tagen der Bl\u00fcte produziert. Macht mit durchdringenden und intensiven Aroma und Geschmack, mit s\u00fc\u00dfen und fruchtigen Nuancen.<\/p>","protected":false},"excerpt":{"rendered":"<p>2x Auto Somango Glue<br \/>\n- Innenh\u00f6he: 70 - 90 cm.<br \/>\n- Bl\u00fctezeit: 55 - 60 Tage.<br \/>\n- Ausbeute: 500 - 550 gr\/m2.<br \/>\n- Au\u00dfenh\u00f6he: 90 - 130 cm.<br \/>\n- Ernte: Apr - Nov.<br \/>\n- THC: 21%<\/p>\n<p>2x Auto Watermelon OG<br \/>\n- Innenh\u00f6he: 70 - 90 cm.<br \/>\n- Bl\u00fctezeit: 65 - 70 Tage.<br \/>\n- Ausbeute: 450 - 500 gr\/m2.<br \/>\n- \u00c4u\u00dfere H\u00f6he: 120 - 150 cm.<br \/>\n- Ernte: Apr - Nov.<br \/>\n- THC: 20%<\/p>\n<p>2x Auto Shark Widow<br \/>\n- Innenh\u00f6he: 60 - 90 cm.<br \/>\n- Bl\u00fctezeit: 60 - 65 Tage.<br \/>\n- Ausbeute: 450 - 500 gr\/m2.<br \/>\n- Au\u00dfenh\u00f6he: 100 - 150 cm.<br \/>\n- Ernte: Apr - Nov.<br \/>\n- THC: 16%<\/p>","protected":false},"featured_media":20306,"comment_status":"open","ping_status":"closed","template":"","meta":{"_acf_changed":false},"product_brand":[],"product_cat":[71],"product_tag":[],"class_list":{"0":"post-20061","1":"product","2":"type-product","3":"status-publish","4":"has-post-thumbnail","6":"product_cat-colecciones","8":"first","9":"instock","10":"taxable","11":"shipping-taxable","12":"purchasable","13":"product-type-simple"},"acf":[],"yoast_head":"<!-- This site is optimized with the Yoast SEO Premium plugin v26.3 (Yoast SEO v26.6) - https:\/\/yoast.com\/wordpress\/plugins\/seo\/ -->\n<title>Automatic Collection #7 - Advanced Seeds - Advanced Seeds<\/title>\n<meta name=\"robots\" content=\"index, follow, max-snippet:-1, max-image-preview:large, max-video-preview:-1\" \/>\n<link rel=\"canonical\" href=\"https:\/\/advancedseeds.com\/de\/tienda\/colecciones\/automatic-collection-7-advanced-seeds\/\" \/>\n<meta property=\"og:locale\" content=\"de_DE\" \/>\n<meta property=\"og:type\" content=\"article\" \/>\n<meta property=\"og:title\" content=\"Automatic Collection #7 - Advanced Seeds\" \/>\n<meta property=\"og:description\" content=\"2x Auto Somango Glue - Altura interior: 70 - 90 cm. - Floraci\u00f3n: 55 - 60 d\u00edas. - Producci\u00f3n: 500 - 550 gr\/m2. - Altura exterior: 90 - 130 cm. - Cosecha: Apr - Nov. - THC: 21%  2x Auto Watermelon OG - Altura interior: 70 - 90 cm. - Floraci\u00f3n: 65 - 70 d\u00edas. - Producci\u00f3n: 450 - 500 gr\/m2. - Altura exterior: 120 - 150 cm. - Cosecha: Apr - Nov. - THC: 20%  2x Auto Shark Widow - Altura interior: 60 - 90 cm. - Floraci\u00f3n: 60 - 65 d\u00edas. - Producci\u00f3n: 450 - 500 gr\/m2. - Altura exterior: 100 - 150 cm. - Cosecha: Apr - Nov. - THC: 16%\" \/>\n<meta property=\"og:url\" content=\"https:\/\/advancedseeds.com\/de\/tienda\/colecciones\/automatic-collection-7-advanced-seeds\/\" \/>\n<meta property=\"og:site_name\" content=\"Advanced Seeds\" \/>\n<meta property=\"article:modified_time\" content=\"2026-04-15T09:45:16+00:00\" \/>\n<meta property=\"og:image\" content=\"https:\/\/advancedseeds.com\/web\/wp-content\/uploads\/2025\/03\/aucol7.jpg\" \/>\n\t<meta property=\"og:image:width\" content=\"819\" \/>\n\t<meta property=\"og:image:height\" content=\"1232\" \/>\n\t<meta property=\"og:image:type\" content=\"image\/jpeg\" \/>\n<meta name=\"twitter:card\" content=\"summary_large_image\" \/>\n<meta name=\"twitter:label1\" content=\"Gesch\u00e4tzte Lesezeit\" \/>\n\t<meta name=\"twitter:data1\" content=\"10\u00a0Minuten\" \/>\n<script type=\"application\/ld+json\" class=\"yoast-schema-graph\">{\"@context\":\"https:\/\/schema.org\",\"@graph\":[{\"@type\":\"WebPage\",\"@id\":\"https:\/\/advancedseeds.com\/tienda\/colecciones\/automatic-collection-7-advanced-seeds\/\",\"url\":\"https:\/\/advancedseeds.com\/tienda\/colecciones\/automatic-collection-7-advanced-seeds\/\",\"name\":\"Automatic Collection #7 - Advanced Seeds - Advanced Seeds\",\"isPartOf\":{\"@id\":\"https:\/\/advancedseeds.com\/#website\"},\"primaryImageOfPage\":{\"@id\":\"https:\/\/advancedseeds.com\/tienda\/colecciones\/automatic-collection-7-advanced-seeds\/#primaryimage\"},\"image\":{\"@id\":\"https:\/\/advancedseeds.com\/tienda\/colecciones\/automatic-collection-7-advanced-seeds\/#primaryimage\"},\"thumbnailUrl\":\"https:\/\/advancedseeds.com\/web\/wp-content\/uploads\/2025\/03\/aucol7.jpg\",\"datePublished\":\"2025-03-11T11:58:01+00:00\",\"dateModified\":\"2026-04-15T09:45:16+00:00\",\"breadcrumb\":{\"@id\":\"https:\/\/advancedseeds.com\/tienda\/colecciones\/automatic-collection-7-advanced-seeds\/#breadcrumb\"},\"inLanguage\":\"de\",\"potentialAction\":[{\"@type\":\"ReadAction\",\"target\":[\"https:\/\/advancedseeds.com\/tienda\/colecciones\/automatic-collection-7-advanced-seeds\/\"]}]},{\"@type\":\"ImageObject\",\"inLanguage\":\"de\",\"@id\":\"https:\/\/advancedseeds.com\/tienda\/colecciones\/automatic-collection-7-advanced-seeds\/#primaryimage\",\"url\":\"https:\/\/advancedseeds.com\/web\/wp-content\/uploads\/2025\/03\/aucol7.jpg\",\"contentUrl\":\"https:\/\/advancedseeds.com\/web\/wp-content\/uploads\/2025\/03\/aucol7.jpg\",\"width\":819,\"height\":1232},{\"@type\":\"BreadcrumbList\",\"@id\":\"https:\/\/advancedseeds.com\/tienda\/colecciones\/automatic-collection-7-advanced-seeds\/#breadcrumb\",\"itemListElement\":[{\"@type\":\"ListItem\",\"position\":1,\"name\":\"Home\",\"item\":\"https:\/\/advancedseeds.com\/\"},{\"@type\":\"ListItem\",\"position\":2,\"name\":\"Tienda\",\"item\":\"https:\/\/advancedseeds.com\/\"},{\"@type\":\"ListItem\",\"position\":3,\"name\":\"Automatic Collection #7 &#8211; Advanced Seeds\"}]},{\"@type\":\"WebSite\",\"@id\":\"https:\/\/advancedseeds.com\/#website\",\"url\":\"https:\/\/advancedseeds.com\/\",\"name\":\"Advanced Seeds\",\"description\":\"Gen\u00e9ticas Avanzadas en semillas feminizadas y autom\u00e1ticas.\",\"publisher\":{\"@id\":\"https:\/\/advancedseeds.com\/#organization\"},\"potentialAction\":[{\"@type\":\"SearchAction\",\"target\":{\"@type\":\"EntryPoint\",\"urlTemplate\":\"https:\/\/advancedseeds.com\/?s={search_term_string}\"},\"query-input\":{\"@type\":\"PropertyValueSpecification\",\"valueRequired\":true,\"valueName\":\"search_term_string\"}}],\"inLanguage\":\"de\"},{\"@type\":\"Organization\",\"@id\":\"https:\/\/advancedseeds.com\/#organization\",\"name\":\"Advanced Seeds\",\"url\":\"https:\/\/advancedseeds.com\/\",\"logo\":{\"@type\":\"ImageObject\",\"inLanguage\":\"de\",\"@id\":\"https:\/\/advancedseeds.com\/#\/schema\/logo\/image\/\",\"url\":\"https:\/\/advancedseeds.com\/web\/wp-content\/uploads\/2021\/01\/logo-advanced.jpg\",\"contentUrl\":\"https:\/\/advancedseeds.com\/web\/wp-content\/uploads\/2021\/01\/logo-advanced.jpg\",\"width\":600,\"height\":600,\"caption\":\"Advanced Seeds\"},\"image\":{\"@id\":\"https:\/\/advancedseeds.com\/#\/schema\/logo\/image\/\"}}]}<\/script>\n<!-- \/ Yoast SEO Premium plugin. -->","yoast_head_json":{"title":"Automatic Collection #7 - Advanced Seeds - Advanced Seeds","robots":{"index":"index","follow":"follow","max-snippet":"max-snippet:-1","max-image-preview":"max-image-preview:large","max-video-preview":"max-video-preview:-1"},"canonical":"https:\/\/advancedseeds.com\/de\/tienda\/colecciones\/automatic-collection-7-advanced-seeds\/","og_locale":"de_DE","og_type":"article","og_title":"Automatic Collection #7 - Advanced Seeds","og_description":"2x Auto Somango Glue - Altura interior: 70 - 90 cm. - Floraci\u00f3n: 55 - 60 d\u00edas. - Producci\u00f3n: 500 - 550 gr\/m2. - Altura exterior: 90 - 130 cm. - Cosecha: Apr - Nov. - THC: 21%  2x Auto Watermelon OG - Altura interior: 70 - 90 cm. - Floraci\u00f3n: 65 - 70 d\u00edas. - Producci\u00f3n: 450 - 500 gr\/m2. - Altura exterior: 120 - 150 cm. - Cosecha: Apr - Nov. - THC: 20%  2x Auto Shark Widow - Altura interior: 60 - 90 cm. - Floraci\u00f3n: 60 - 65 d\u00edas. - Producci\u00f3n: 450 - 500 gr\/m2. - Altura exterior: 100 - 150 cm. - Cosecha: Apr - Nov. - THC: 16%","og_url":"https:\/\/advancedseeds.com\/de\/tienda\/colecciones\/automatic-collection-7-advanced-seeds\/","og_site_name":"Advanced Seeds","article_modified_time":"2026-04-15T09:45:16+00:00","og_image":[{"width":819,"height":1232,"url":"https:\/\/advancedseeds.com\/web\/wp-content\/uploads\/2025\/03\/aucol7.jpg","type":"image\/jpeg"}],"twitter_card":"summary_large_image","twitter_misc":{"Gesch\u00e4tzte Lesezeit":"10\u00a0Minuten"},"schema":{"@context":"https:\/\/schema.org","@graph":[{"@type":"WebPage","@id":"https:\/\/advancedseeds.com\/tienda\/colecciones\/automatic-collection-7-advanced-seeds\/","url":"https:\/\/advancedseeds.com\/tienda\/colecciones\/automatic-collection-7-advanced-seeds\/","name":"Automatic Collection #7 - Advanced Seeds - Advanced Seeds","isPartOf":{"@id":"https:\/\/advancedseeds.com\/#website"},"primaryImageOfPage":{"@id":"https:\/\/advancedseeds.com\/tienda\/colecciones\/automatic-collection-7-advanced-seeds\/#primaryimage"},"image":{"@id":"https:\/\/advancedseeds.com\/tienda\/colecciones\/automatic-collection-7-advanced-seeds\/#primaryimage"},"thumbnailUrl":"https:\/\/advancedseeds.com\/web\/wp-content\/uploads\/2025\/03\/aucol7.jpg","datePublished":"2025-03-11T11:58:01+00:00","dateModified":"2026-04-15T09:45:16+00:00","breadcrumb":{"@id":"https:\/\/advancedseeds.com\/tienda\/colecciones\/automatic-collection-7-advanced-seeds\/#breadcrumb"},"inLanguage":"de","potentialAction":[{"@type":"ReadAction","target":["https:\/\/advancedseeds.com\/tienda\/colecciones\/automatic-collection-7-advanced-seeds\/"]}]},{"@type":"ImageObject","inLanguage":"de","@id":"https:\/\/advancedseeds.com\/tienda\/colecciones\/automatic-collection-7-advanced-seeds\/#primaryimage","url":"https:\/\/advancedseeds.com\/web\/wp-content\/uploads\/2025\/03\/aucol7.jpg","contentUrl":"https:\/\/advancedseeds.com\/web\/wp-content\/uploads\/2025\/03\/aucol7.jpg","width":819,"height":1232},{"@type":"BreadcrumbList","@id":"https:\/\/advancedseeds.com\/tienda\/colecciones\/automatic-collection-7-advanced-seeds\/#breadcrumb","itemListElement":[{"@type":"ListItem","position":1,"name":"Home","item":"https:\/\/advancedseeds.com\/"},{"@type":"ListItem","position":2,"name":"Tienda","item":"https:\/\/advancedseeds.com\/"},{"@type":"ListItem","position":3,"name":"Automatic Collection #7 &#8211; Advanced Seeds"}]},{"@type":"WebSite","@id":"https:\/\/advancedseeds.com\/#website","url":"https:\/\/advancedseeds.com\/","name":"Advanced Seeds","description":"Fortschrittliche Genetik in feminisierten und automatischen Samen.","publisher":{"@id":"https:\/\/advancedseeds.com\/#organization"},"potentialAction":[{"@type":"SearchAction","target":{"@type":"EntryPoint","urlTemplate":"https:\/\/advancedseeds.com\/?s={search_term_string}"},"query-input":{"@type":"PropertyValueSpecification","valueRequired":true,"valueName":"search_term_string"}}],"inLanguage":"de"},{"@type":"Organization","@id":"https:\/\/advancedseeds.com\/#organization","name":"Advanced Seeds","url":"https:\/\/advancedseeds.com\/","logo":{"@type":"ImageObject","inLanguage":"de","@id":"https:\/\/advancedseeds.com\/#\/schema\/logo\/image\/","url":"https:\/\/advancedseeds.com\/web\/wp-content\/uploads\/2021\/01\/logo-advanced.jpg","contentUrl":"https:\/\/advancedseeds.com\/web\/wp-content\/uploads\/2021\/01\/logo-advanced.jpg","width":600,"height":600,"caption":"Advanced Seeds"},"image":{"@id":"https:\/\/advancedseeds.com\/#\/schema\/logo\/image\/"}}]}},"_links":{"self":[{"href":"https:\/\/advancedseeds.com\/de\/wp-json\/wp\/v2\/product\/20061","targetHints":{"allow":["GET"]}}],"collection":[{"href":"https:\/\/advancedseeds.com\/de\/wp-json\/wp\/v2\/product"}],"about":[{"href":"https:\/\/advancedseeds.com\/de\/wp-json\/wp\/v2\/types\/product"}],"replies":[{"embeddable":true,"href":"https:\/\/advancedseeds.com\/de\/wp-json\/wp\/v2\/comments?post=20061"}],"wp:featuredmedia":[{"embeddable":true,"href":"https:\/\/advancedseeds.com\/de\/wp-json\/wp\/v2\/media\/20306"}],"wp:attachment":[{"href":"https:\/\/advancedseeds.com\/de\/wp-json\/wp\/v2\/media?parent=20061"}],"wp:term":[{"taxonomy":"product_brand","embeddable":true,"href":"https:\/\/advancedseeds.com\/de\/wp-json\/wp\/v2\/product_brand?post=20061"},{"taxonomy":"product_cat","embeddable":true,"href":"https:\/\/advancedseeds.com\/de\/wp-json\/wp\/v2\/product_cat?post=20061"},{"taxonomy":"product_tag","embeddable":true,"href":"https:\/\/advancedseeds.com\/de\/wp-json\/wp\/v2\/product_tag?post=20061"}],"curies":[{"name":"wp","href":"https:\/\/api.w.org\/{rel}","templated":true}]}}