{"id":20065,"date":"2025-03-11T12:58:01","date_gmt":"2025-03-11T11:58:01","guid":{"rendered":"https:\/\/advancedseeds.com\/web\/tienda\/sin%20categor\u00eda\/feminized-collection-2-advanced-seeds\/"},"modified":"2026-04-15T10:45:14","modified_gmt":"2026-04-15T09:45:14","slug":"feminized-collection-2-advanced-seeds","status":"publish","type":"product","link":"https:\/\/advancedseeds.com\/de\/tienda\/colecciones\/feminized-collection-2-advanced-seeds\/","title":{"rendered":"Feminized Collection  #2 Advanced Seeds"},"content":{"rendered":"<h2>Critical<\/h2>\n<p>THC: 16%<\/p>\n<p>Ausbeute: 450 - 500 g<\/p>\n<p>Innenh\u00f6he: 70 - 90 cm<\/p>\n<p>\u00c4u\u00dfere H\u00f6he: 2,0 - 3,0 m<\/p>\n<p>Bl\u00fctezeit: 45 - 55 Tage<\/p>\n<p>Ernte: 1 - 15 Okt.<\/p>\n<h2 class=\"western\">Was sind die genetischen Eigenschaften dieser Samen?<\/h2>\n<p>Die Critical von Advanced Seeds entstammt einer beeindruckenden Abstammung, die das Beste von Indica und Sativa in sich vereint. Diese bemerkenswert indicadominierte Sorte erbt die Robustheit und die \u00fcppigen Ertr\u00e4ge ihrer Vorfahren. Die Eltern von Critical bringen einzigartige Eigenschaften mit sich: Einerseits ist Big Bud in der Lage, riesige, harzige Knospen zu produzieren, w\u00e4hrend die Skunk#1 mit ihrer Widerstandsf\u00e4higkeit und Anbaufreundlichkeit dazu beitr\u00e4gt. Diese genetische Kombination resultiert in einer Pflanze, die nicht nur einfach anzubauen ist, sondern auch in der Lage ist, in k\u00fcrzester Zeit eine gro\u00dfe Menge an Knospen zu produzieren.<\/p>\n<h2 class=\"western\">Wie sieht das Advanced Seeds Critical aus?<\/h2>\n<p>Das Aussehen von Critical ist wirklich atemberaubend. Die Pflanze w\u00e4chst mit einer unbeholfenen Struktur, mit einem gro\u00dfen Abstand zwischen den Knoten und vielen kr\u00e4ftigen Knospen, wie es bei Indicas der Fall ist, aber mit einer Wucht, die an Sativas erinnert. Die St\u00e4ngel sind schlank und biegsam, k\u00f6nnen aber das Gewicht der dichten, steinigen Knospen nicht tragen. Die Bl\u00e4tter der Critical sind hellgr\u00fcn und gl\u00e4nzend, mit einer Textur, die auf ihre hohe genetische Qualit\u00e4t hinweist. Was die Knospen betrifft, so sind sie das Juwel in der Krone: gro\u00df, kompakt, mit vielen Stempeln und mit einer gro\u00dfz\u00fcgigen Schicht aus gl\u00e4nzendem Harz bedeckt. Wenn die Pflanze reift, k\u00f6nnen die Knospen violette oder bl\u00e4uliche Farbt\u00f6ne aufweisen, besonders bei k\u00fchleren Temperaturen.<\/p>\n<h2 class=\"western\">Wie werden diese Samen im Innen- und Au\u00dfenbereich angebaut?<\/h2>\n<h3 class=\"western\">Innenanbau:<\/h3>\n<p>Critical eignet sich hervorragend f\u00fcr eine Vielzahl von Anbaumethoden. Sie reagiert au\u00dfergew\u00f6hnlich gut auf die Technik des apikalen R\u00fcckschnitts, wodurch die Anbauer den Platz und das Licht maximieren k\u00f6nnen. Ihre Reaktion auf Supercropping- und SCROG-Methoden ist beeindruckend. Sie verteilt ihre Energie gleichm\u00e4\u00dfig f\u00fcr ein ausgewogenes Wachstum und eine maximale Produktion. Diese Sorte ist ideal f\u00fcr alle, die ihre Ertr\u00e4ge auf kleinem Raum maximieren wollen. Mit einem guten N\u00e4hrstoffmanagement und einem angemessenen Lichtzyklus kann Critical Rekordernten von harzigen und potenten Knospen produzieren. Das Spalieren ist obligatorisch, um die \u00c4ste zu verst\u00e4rken, da die Pflanzen sonst irgendwann aufh\u00f6ren, mehr Gewicht zu produzieren, weil sie es nicht mehr tragen k\u00f6nnen.<\/p>\n<h3 class=\"western\">Anbau im Freien:<\/h3>\n<p>Critical breitet sich mit einer Freiheit aus, die nur wenige andere Sorten bieten k\u00f6nnen. Dank ihrer Hybridgenetik entwickelt sie ein starkes Wurzelsystem, das es ihr erm\u00f6glicht, N\u00e4hrstoffe effizient zu absorbieren und klimatischen Schwankungen besser zu widerstehen als andere Sorten. Es ist wichtig, dass die Wurzeln gen\u00fcgend Platz haben, um sich auszubreiten und das direkte Sonnenlicht optimal zu nutzen. Unter optimalen Bedingungen kann Critical eine beachtliche H\u00f6he erreichen und Ertr\u00e4ge von \u00fcber 1000 Gramm pro Pflanze liefern. Die Anpflanzung in direkter Erde oder in gro\u00dfen T\u00f6pfen ist ideal, um ihr Wachstums- und Ertragspotenzial auszusch\u00f6pfen. Sie eignen sich besonders gut f\u00fcr Spaliersysteme, wie sie \u00fcblicherweise f\u00fcr den Tomatenanbau verwendet werden, da sie so ihre zahlreichen \u00c4ste perfekt abst\u00fctzen k\u00f6nnen.<\/p>\n<h2 class=\"western\">Wann wird das feminisierte Saatgut Advanced Seeds Critical geerntet?<\/h2>\n<p>Der Bl\u00fctezyklus der Critical ist recht kurz, was sie ideal f\u00fcr Anbauer macht, die eine schnelle Fruchtfolge anstreben. Im Innenbereich liegt die Bl\u00fctezeit zwischen 45 und 55 Tagen. Im Freien erfolgt die Ernte in der Regel Ende September oder Anfang Oktober in der n\u00f6rdlichen Hemisph\u00e4re und Ende M\u00e4rz oder Anfang April in der s\u00fcdlichen Hemisph\u00e4re. Eine sorgf\u00e4ltige Beobachtung der Trichome ist entscheidend, um den optimalen Erntezeitpunkt zu bestimmen. Ein zu fr\u00fcher Schnitt f\u00fchrt zu einer eher zerebralen Wirkung, w\u00e4hrend eine sp\u00e4te Ernte die entspannende und beruhigende Wirkung verst\u00e4rkt.<\/p>\n<h2 class=\"western\">Wie viel produzieren diese Samen?<\/h2>\n<p>Der Ertrag von Critical ist einfach spektakul\u00e4r, einer der h\u00f6chsten auf dem Markt. In Innenr\u00e4umen kann sie unter optimalen Bedingungen zwischen 450 und 600 Gramm pro Quadratmeter produzieren. Im Freien, mit gen\u00fcgend Platz und N\u00e4hrstoffen, k\u00f6nnen die Pflanzen mehr als 1000 Gramm pro St\u00fcck produzieren. Die Menge an Harz, die diese Sorte produziert, ist bemerkenswert, \u00fcberraschend f\u00fcr einen Skunk-Hybriden, was sie zu einer hervorragenden Wahl f\u00fcr die Herstellung von Konzentraten und Extraktionen macht. Die Qualit\u00e4t der \u00e4therischen \u00d6le ist au\u00dfergew\u00f6hnlich und bietet nicht nur Quantit\u00e4t, sondern auch Qualit\u00e4t in der Ernte.<\/p>\n<h2 class=\"western\">Wie ist das Aroma und der Geschmack von Advanced Seeds Critical feminisierten Samen?<\/h2>\n<p>Sobald Sie Ihre Nase in die N\u00e4he der Bl\u00fcten bringen, vermischen sich Zitrus- und s\u00fc\u00dfe Noten mit erdigen Nuancen und schaffen ein einzigartiges Geruchserlebnis. Beim Verkosten intensivieren sich die Aromen und enth\u00fcllen Schichten von reifen Fr\u00fcchten und einen Hauch von Kr\u00e4utern. Beim Einatmen ist der Geschmack reichhaltig und umh\u00fcllend, und beim Ausatmen hinterl\u00e4sst er einen frischen und lang anhaltenden Nachgeschmack. Das Bouquet ist komplex und ausgewogen und macht jeden Zug zu einem unvergesslichen Erlebnis.<\/p>\n<h2 class=\"western\">Welche Wirkung hat dieses Marihuana?<\/h2>\n<p>Die Potenz von Critical ist unter Cannabis-Enthusiasten wohlbekannt, nicht so sehr wegen ihrer Intensit\u00e4t als vielmehr wegen ihrer Qualit\u00e4t. Ihre Wirkung ist ein perfektes Gleichgewicht zwischen k\u00f6rperlicher Entspannung und geistiger Stimulation. Mit einem THC-Gehalt von etwa 16% kann diese Sorte ein Gef\u00fchl der Euphorie und des Wohlbefindens hervorrufen, ideal, um sich nach einem langen Tag zu entspannen. Trotz ihrer Potenz ist die Wirkung \u00fcberschaubar und neigt nicht zu Angstzust\u00e4nden oder Paranoia, was sie f\u00fcr ein breites Spektrum von Konsumenten geeignet macht. Achten Sie nicht so sehr auf die THC-Menge, denn in diesem Fall wird die entourage Wirkung durch das Terpenprofil, das dieses Weed enth\u00e4lt, stark intensiviert.<\/p>\n<h2 class=\"western\">Advanced Seeds feminisierte Samen Critical zum besten Preis kaufen.<\/h2>\n<p>Wenn Sie auf der Suche nach einer Sorte sind, die au\u00dfergew\u00f6hnlichen Geschmack, hohe Ertr\u00e4ge und problemlosen Anbau vereint, dann sind die feminisierten Samen Critical von Advanced Seeds die beste Wahl f\u00fcr Sie. Verpassen Sie nicht die Gelegenheit, Critical anzubauen, ein wahres Juwel in der Cannabiswelt!<\/p>\n<h2 class=\"western\">H\u00e4ufig gestellte Fragen \u00fcber Critical<\/h2>\n<h3 class=\"western\">Ist Critical resistent gegen Sch\u00e4dlinge und Krankheiten?<\/h3>\n<p>Ja, dank seiner robusten Genetik weist Critical eine gute Resistenz gegen g\u00e4ngige Sch\u00e4dlinge und Krankheiten auf.<\/p>\n<h3 class=\"western\">Braucht Critical viel Wasser?<\/h3>\n<p>Critical bevorzugt eine m\u00e4\u00dfige Bew\u00e4sserung und vermeidet Staun\u00e4sse, um Wurzelprobleme zu vermeiden.<\/p>\n<h3 class=\"western\">Kann Critical von Anf\u00e4ngern angebaut werden?<\/h3>\n<p>Ja, ihr einfacher Anbau macht sie ideal f\u00fcr Anf\u00e4nger in der Cannabiswelt.<\/p>\n<h3 class=\"western\">Wie unterscheidet sich die Wirkung von Critical von anderen Indicas?<\/h3>\n<p>Critical bietet eine einzigartige Balance zwischen Entspannung und Euphorie, ohne zu \u00fcberw\u00e4ltigend zu sein.<\/p>\n<h3 class=\"western\">Ist Critical f\u00fcr den Anbau in Hydrokultur geeignet?<\/h3>\n<p>Ja, in Hydrokultur kann Critical sein volles Wachstums- und Produktionspotenzial erreichen.<\/p>\n<p>&nbsp;<\/p>\n<p>&nbsp;<\/p>\n<h2>Gelato #33<\/h2>\n<p>Genetik: Sunset Sherbert x G.S.C Thin Mints<\/p>\n<p>Ausbeute: 550 - 600 gr\/m2<\/p>\n<p>THC: 25%<\/p>\n<p>Innenh\u00f6he: 90 - 120 cm<\/p>\n<p>H\u00f6he im Freien: 200 - 250 cm<\/p>\n<p>Bl\u00fctezeit im Haus: 55 - 60 Tage.<\/p>\n<p>Ernte im Freien: 15 - 30 September.<\/p>\n<h2 class=\"western\">Was sind die genetischen Eigenschaften dieser Samen?<\/h2>\n<p>&nbsp;<\/p>\n<p>Gelato #33 ist das Ergebnis der Kreuzung von Sunset Sherbert und Thin Mint Cookies. Advanced Seeds hat diese Sorte durch die Auswahl eines gro\u00dfartigen Ph\u00e4notyps dieser Genetik perfektioniert und eine perfekte Balance zwischen Potenz und Geschmack erreicht. Wenn ihre Vorg\u00e4nger f\u00fcr sich selbst sprechen, k\u00f6nnen Sie sich auch ihre Erben Runtz oder Ice Cream Cake ansehen, um eine Vorstellung von ihrer genetischen Gr\u00f6\u00dfe zu bekommen.<\/p>\n<p>&nbsp;<\/p>\n<h2 class=\"western\">Wie sieht die Gelato #33 aus?<\/h2>\n<p>&nbsp;<\/p>\n<p>Gelato #33 zeichnet sich durch eine beeindruckende Struktur aus: robust, mit einer H\u00f6he von \u00fcber einem Meter im Innenbereich und bis zu 2,5 Metern im Freien. Die Bl\u00e4tter sind die meiste Zeit der Ernte leuchtend gr\u00fcn, nehmen aber zum Ende hin einen violetten Farbton an. Die Knospen sind \u00fcber die gesamte L\u00e4nge der Pflanze verteilt und bilden einen mittelhohen Internodienabstand. Am Ende der Bl\u00fctezeit sind die Knospen der Gelato #33 mit einer dichten Schicht von Trichomen bedeckt, die ihnen ein auffallend kristallines Aussehen verleihen, das durch die dunklen Farben der Bl\u00fctenkelche in Kombination mit den orangefarbenen Stempeln noch unterstrichen wird.<\/p>\n<p>&nbsp;<\/p>\n<h2 class=\"western\">Wie werden diese Samen im Innen- und Au\u00dfenbereich angebaut?<\/h2>\n<p>&nbsp;<\/p>\n<p>In Innenr\u00e4umen erfordert die Gelato #33 besondere Aufmerksamkeit, um ihre H\u00f6he zu kontrollieren. Wenn Sie sich entscheiden, den Hauptstamm nicht zu beschneiden, sollten Sie dies bedenken, da er sich w\u00e4hrend der Vorbl\u00fcte leicht verdreifachen kann. Eine Vegetationsperiode von h\u00f6chstens 20 Tagen ab dem ersten Paar echter Bl\u00e4tter wird empfohlen, damit sie sich nicht so stark strecken. Mit Techniken wie Topping oder LST k\u00f6nnen Sie die Lichtverteilung verbessern und den Ertrag steigern, so dass Sie mit 12 Pflanzen\/m2 den gesamten beleuchteten Raum mit sch\u00f6nen Knospen f\u00fcllen k\u00f6nnen.<\/p>\n<p>&nbsp;<\/p>\n<p>Im Freien wird Gelato #33 zur K\u00f6nigin Deines Gartens, wenn Du ihr mindestens 40 Liter cannabisspezifische Erde gibst. Mit gen\u00fcgend Platz und mindestens 6 Stunden direktem Sonnenlicht kann sie beeindruckende H\u00f6hen erreichen und reiche Ertr\u00e4ge liefern. Sie ist eine fr\u00fch bl\u00fchende Sorte, so dass die letzte Transplantation im sp\u00e4ten Fr\u00fchjahr erfolgen kann, denn sobald die Tage k\u00fcrzer werden, werden Sie die ersten Vorbl\u00fcten erscheinen sehen.<\/p>\n<p>&nbsp;<\/p>\n<h2 class=\"western\">Wann werden die feminisierten Gelato #33-Samen geerntet?<\/h2>\n<p>&nbsp;<\/p>\n<p>Im Innenbereich ist Gelato #33 nach 55-60 Tagen der Bl\u00fcte erntereif. Im Freien wird sie Ende September geerntet, was fr\u00fche Herbstregen vermeidet und eine hervorragende Qualit\u00e4t der Knospen garantiert.<\/p>\n<h2 class=\"western\"><\/h2>\n<h2 class=\"western\">Wie viel produzieren diese Samen?<\/h2>\n<p>&nbsp;<\/p>\n<p>Im Innenbereich k\u00f6nnen die Z\u00fcchter mit einem Ertrag von \u00fcber 450 g\/m2 rechnen, w\u00e4hrend die Pflanzen im Freien bis zu 1 kg pro Pflanze erreichen k\u00f6nnen. Die Qualit\u00e4t der Knospen und die reichliche Trichom-Produktion machen sie au\u00dferdem ideal f\u00fcr Extraktionen.<\/p>\n<p>&nbsp;<\/p>\n<h2 class=\"western\">Wie ist der Geruch und Geschmack von Gelato #33?<\/h2>\n<p>&nbsp;<\/p>\n<p>Der Geschmack des Gelato #33 ist sein herausragendstes Merkmal. Er bietet ein s\u00fc\u00dfes, erfrischendes Profil mit Zitrusnoten, die auch beim Verbrennen nicht an Intensit\u00e4t verlieren. Dieses komplexe aromatische Bouquet bleibt am Gaumen haften und hinterl\u00e4sst einen angenehmen und lang anhaltenden Nachgeschmack. Ihr Terpenprofil ist reichhaltig und bietet ein umfassendes sensorisches Erlebnis.<\/p>\n<p>&nbsp;<\/p>\n<h2 class=\"western\">Welche Wirkung hat dieses Marihuana?<\/h2>\n<p>&nbsp;<\/p>\n<p>Gelato #33, mit einem h\u00f6heren THC-Gehalt als 23%, bietet eine starke und lang anhaltende Wirkung. Obwohl sie aufgrund ihrer hohen Psychoaktivit\u00e4t \u00fcberwiegend sativafarben ist, ist ihre Wirkung im Wesentlichen ausgewogen und beginnt mit einem euphorischen zerebralen Gef\u00fchl, das allm\u00e4hlich in eine angenehme k\u00f6rperliche Entspannung \u00fcbergeht.<\/p>\n<p>&nbsp;<\/p>\n<p>Feminisierte Samen Gelato #33 zum besten Preis kaufen.<\/p>\n<p>&nbsp;<\/p>\n<p>Warten Sie nicht l\u00e4nger, um den au\u00dfergew\u00f6hnlichen Geschmack und die Wirkung von Gelato #33 zu erleben. Kaufen Sie diese feminisierten Samen zum besten Preis online und entdecken Sie, warum sie eine der herausragendsten Sorten von Advanced Seeds und dem modernen Cannabis-Markt im Allgemeinen ist.<\/p>\n<p>&nbsp;<\/p>\n<h2 class=\"western\">FAQs<\/h2>\n<p>&nbsp;<\/p>\n<h3 class=\"western\">Ist Gelato #33 f\u00fcr Anf\u00e4nger geeignet?<\/h3>\n<p>Trotz ihrer Potenz ist Gelato #33 eine \u00fcberschaubare Sorte und eine gute Wahl f\u00fcr Anbauanf\u00e4nger.<\/p>\n<h3 class=\"western\">Welche Anbautechniken maximieren den Ertrag von Gelato #33 im Innenanbau?<\/h3>\n<p>SCROG und LST werden dringend empfohlen, um ihr Produktionspotenzial voll auszusch\u00f6pfen.<\/p>\n<h3 class=\"western\">Wie wirkt sich das Klima auf den Freilandanbau von Gelato #33 aus?<\/h3>\n<p>Sie bevorzugt trockenes Klima mit geringer Luftfeuchtigkeit, ist aber robust und passt sich gut an unterschiedliche klimatische Bedingungen an.<\/p>\n<h3 class=\"western\">Wann ist der beste Zeitpunkt f\u00fcr die Ernte von Gelato #33?<\/h3>\n<p>In Innenr\u00e4umen nach 55-60 Tagen der Bl\u00fcte, im Freien am besten Ende September.<\/p>\n<p>&nbsp;<\/p>\n<h2>Somango Widow<\/h2>\n<p>THC: 17%<br \/>\nAusbeute: 400 - 450 g<br \/>\nInnenh\u00f6he: 60 - 80 cm<br \/>\n\u00c4u\u00dfere H\u00f6he: 1,5 - 2,5 m<br \/>\nBl\u00fctezeit: 55 - 60 Tage<br \/>\nErnte: 1 - 15 Okt.<\/p>\n<p>Wir haben unsere hervorragende Early Widow-Genetik mit der k\u00f6stlichen und aromatischen Somango kombiniert. Somango Widow ist eine eindeutig indicadominierte Pflanze, die die Potenz und die hohe Harzproduktion der Widow beibeh\u00e4lt, aber eine \u00fcppigere Verzweigung und eine gr\u00f6\u00dfere Statur aufweist. Sie hat von der Somango ihr tropisches Fruchtaroma und ihren s\u00fc\u00dfen Mangogeschmack geerbt.<\/p>","protected":false},"excerpt":{"rendered":"<p>2x Critical<br \/>\n- Innenh\u00f6he: 70 - 90 cm.<br \/>\n- Bl\u00fctezeit: 45 - 55 Tage.<br \/>\n- Ausbeute: 450 - 500 gr\/m2.<br \/>\n- \u00c4u\u00dfere H\u00f6he: 200 - 300 cm.<br \/>\n- Erntezeit: 01 - 15 Okt.<br \/>\n- THC: 16%<\/p>\n<p>2x Gelato #33<br \/>\n- Innenh\u00f6he: 90 - 120 cm.<br \/>\n- Bl\u00fctezeit: 55 - 60 Tage.<br \/>\n- Ausbeute: 550 - 600 gr\/m2.<br \/>\n- \u00c4u\u00dfere H\u00f6he: 200 - 250 cm.<br \/>\n- Ernte: 20 - 30 September.<br \/>\n- THC: 25%<\/p>\n<p>2x Somango Widow<br \/>\n- Innenh\u00f6he: 60 - 80 cm.<br \/>\n- Bl\u00fctezeit: 55 - 60 Tage.<br \/>\n- Ausbeute: 400 - 450 gr\/m2.<br \/>\n- Au\u00dfenh\u00f6he: 150 - 250 cm.<br \/>\n- Erntezeit: 01 - 15 Okt.<br \/>\n- THC: 17%<\/p>","protected":false},"featured_media":20308,"comment_status":"open","ping_status":"closed","template":"","meta":{"_acf_changed":false},"product_brand":[],"product_cat":[71],"product_tag":[],"class_list":{"0":"post-20065","1":"product","2":"type-product","3":"status-publish","4":"has-post-thumbnail","6":"product_cat-colecciones","8":"first","9":"outofstock","10":"taxable","11":"shipping-taxable","12":"purchasable","13":"product-type-simple"},"acf":[],"yoast_head":"<!-- This site is optimized with the Yoast SEO Premium plugin v26.3 (Yoast SEO v26.6) - https:\/\/yoast.com\/wordpress\/plugins\/seo\/ -->\n<title>Feminized Collection #2 Advanced Seeds - Advanced Seeds<\/title>\n<meta name=\"robots\" content=\"index, follow, max-snippet:-1, max-image-preview:large, max-video-preview:-1\" \/>\n<link rel=\"canonical\" href=\"https:\/\/advancedseeds.com\/de\/tienda\/colecciones\/feminized-collection-2-advanced-seeds\/\" \/>\n<meta property=\"og:locale\" content=\"de_DE\" \/>\n<meta property=\"og:type\" content=\"article\" \/>\n<meta property=\"og:title\" content=\"Feminized Collection #2 Advanced Seeds\" \/>\n<meta property=\"og:description\" content=\"2x Critical - Altura interior: 70 - 90 cm. - Floraci\u00f3n: 45 - 55 d\u00edas. - Producci\u00f3n: 450 - 500 gr\/m2. - Altura exterior: 200 - 300 cm. - Cosecha: 01 - 15 Oct. - THC: 16%  2x Gelato #33 - Altura interior: 90 - 120 cm. - Floraci\u00f3n: 55 - 60 d\u00edas. - Producci\u00f3n: 550 - 600 gr\/m2. - Altura exterior: 200 - 250 cm. - Cosecha: 20 - 30 Sept. - THC: 25%  2x Somango Widow - Altura interior: 60 - 80 cm. - Floraci\u00f3n: 55 - 60 d\u00edas. - Producci\u00f3n: 400 - 450 gr\/m2. - Altura exterior: 150 - 250 cm. - Cosecha: 01 - 15 Oct. - THC: 17%\" \/>\n<meta property=\"og:url\" content=\"https:\/\/advancedseeds.com\/de\/tienda\/colecciones\/feminized-collection-2-advanced-seeds\/\" \/>\n<meta property=\"og:site_name\" content=\"Advanced Seeds\" \/>\n<meta property=\"article:modified_time\" content=\"2026-04-15T09:45:14+00:00\" \/>\n<meta property=\"og:image\" content=\"https:\/\/advancedseeds.com\/web\/wp-content\/uploads\/2025\/03\/femcol2.jpg\" \/>\n\t<meta property=\"og:image:width\" content=\"819\" \/>\n\t<meta property=\"og:image:height\" content=\"1232\" \/>\n\t<meta property=\"og:image:type\" content=\"image\/jpeg\" \/>\n<meta name=\"twitter:card\" content=\"summary_large_image\" \/>\n<meta name=\"twitter:label1\" content=\"Gesch\u00e4tzte Lesezeit\" \/>\n\t<meta name=\"twitter:data1\" content=\"10\u00a0Minuten\" \/>\n<script type=\"application\/ld+json\" class=\"yoast-schema-graph\">{\"@context\":\"https:\/\/schema.org\",\"@graph\":[{\"@type\":\"WebPage\",\"@id\":\"https:\/\/advancedseeds.com\/tienda\/colecciones\/feminized-collection-2-advanced-seeds\/\",\"url\":\"https:\/\/advancedseeds.com\/tienda\/colecciones\/feminized-collection-2-advanced-seeds\/\",\"name\":\"Feminized Collection #2 Advanced Seeds - Advanced Seeds\",\"isPartOf\":{\"@id\":\"https:\/\/advancedseeds.com\/#website\"},\"primaryImageOfPage\":{\"@id\":\"https:\/\/advancedseeds.com\/tienda\/colecciones\/feminized-collection-2-advanced-seeds\/#primaryimage\"},\"image\":{\"@id\":\"https:\/\/advancedseeds.com\/tienda\/colecciones\/feminized-collection-2-advanced-seeds\/#primaryimage\"},\"thumbnailUrl\":\"https:\/\/advancedseeds.com\/web\/wp-content\/uploads\/2025\/03\/femcol2.jpg\",\"datePublished\":\"2025-03-11T11:58:01+00:00\",\"dateModified\":\"2026-04-15T09:45:14+00:00\",\"breadcrumb\":{\"@id\":\"https:\/\/advancedseeds.com\/tienda\/colecciones\/feminized-collection-2-advanced-seeds\/#breadcrumb\"},\"inLanguage\":\"de\",\"potentialAction\":[{\"@type\":\"ReadAction\",\"target\":[\"https:\/\/advancedseeds.com\/tienda\/colecciones\/feminized-collection-2-advanced-seeds\/\"]}]},{\"@type\":\"ImageObject\",\"inLanguage\":\"de\",\"@id\":\"https:\/\/advancedseeds.com\/tienda\/colecciones\/feminized-collection-2-advanced-seeds\/#primaryimage\",\"url\":\"https:\/\/advancedseeds.com\/web\/wp-content\/uploads\/2025\/03\/femcol2.jpg\",\"contentUrl\":\"https:\/\/advancedseeds.com\/web\/wp-content\/uploads\/2025\/03\/femcol2.jpg\",\"width\":819,\"height\":1232},{\"@type\":\"BreadcrumbList\",\"@id\":\"https:\/\/advancedseeds.com\/tienda\/colecciones\/feminized-collection-2-advanced-seeds\/#breadcrumb\",\"itemListElement\":[{\"@type\":\"ListItem\",\"position\":1,\"name\":\"Home\",\"item\":\"https:\/\/advancedseeds.com\/\"},{\"@type\":\"ListItem\",\"position\":2,\"name\":\"Tienda\",\"item\":\"https:\/\/advancedseeds.com\/\"},{\"@type\":\"ListItem\",\"position\":3,\"name\":\"Feminized Collection #2 Advanced Seeds\"}]},{\"@type\":\"WebSite\",\"@id\":\"https:\/\/advancedseeds.com\/#website\",\"url\":\"https:\/\/advancedseeds.com\/\",\"name\":\"Advanced Seeds\",\"description\":\"Gen\u00e9ticas Avanzadas en semillas feminizadas y autom\u00e1ticas.\",\"publisher\":{\"@id\":\"https:\/\/advancedseeds.com\/#organization\"},\"potentialAction\":[{\"@type\":\"SearchAction\",\"target\":{\"@type\":\"EntryPoint\",\"urlTemplate\":\"https:\/\/advancedseeds.com\/?s={search_term_string}\"},\"query-input\":{\"@type\":\"PropertyValueSpecification\",\"valueRequired\":true,\"valueName\":\"search_term_string\"}}],\"inLanguage\":\"de\"},{\"@type\":\"Organization\",\"@id\":\"https:\/\/advancedseeds.com\/#organization\",\"name\":\"Advanced Seeds\",\"url\":\"https:\/\/advancedseeds.com\/\",\"logo\":{\"@type\":\"ImageObject\",\"inLanguage\":\"de\",\"@id\":\"https:\/\/advancedseeds.com\/#\/schema\/logo\/image\/\",\"url\":\"https:\/\/advancedseeds.com\/web\/wp-content\/uploads\/2021\/01\/logo-advanced.jpg\",\"contentUrl\":\"https:\/\/advancedseeds.com\/web\/wp-content\/uploads\/2021\/01\/logo-advanced.jpg\",\"width\":600,\"height\":600,\"caption\":\"Advanced Seeds\"},\"image\":{\"@id\":\"https:\/\/advancedseeds.com\/#\/schema\/logo\/image\/\"}}]}<\/script>\n<!-- \/ Yoast SEO Premium plugin. -->","yoast_head_json":{"title":"Feminized Collection #2 Advanced Seeds - Advanced Seeds","robots":{"index":"index","follow":"follow","max-snippet":"max-snippet:-1","max-image-preview":"max-image-preview:large","max-video-preview":"max-video-preview:-1"},"canonical":"https:\/\/advancedseeds.com\/de\/tienda\/colecciones\/feminized-collection-2-advanced-seeds\/","og_locale":"de_DE","og_type":"article","og_title":"Feminized Collection #2 Advanced Seeds","og_description":"2x Critical - Altura interior: 70 - 90 cm. - Floraci\u00f3n: 45 - 55 d\u00edas. - Producci\u00f3n: 450 - 500 gr\/m2. - Altura exterior: 200 - 300 cm. - Cosecha: 01 - 15 Oct. - THC: 16%  2x Gelato #33 - Altura interior: 90 - 120 cm. - Floraci\u00f3n: 55 - 60 d\u00edas. - Producci\u00f3n: 550 - 600 gr\/m2. - Altura exterior: 200 - 250 cm. - Cosecha: 20 - 30 Sept. - THC: 25%  2x Somango Widow - Altura interior: 60 - 80 cm. - Floraci\u00f3n: 55 - 60 d\u00edas. - Producci\u00f3n: 400 - 450 gr\/m2. - Altura exterior: 150 - 250 cm. - Cosecha: 01 - 15 Oct. - THC: 17%","og_url":"https:\/\/advancedseeds.com\/de\/tienda\/colecciones\/feminized-collection-2-advanced-seeds\/","og_site_name":"Advanced Seeds","article_modified_time":"2026-04-15T09:45:14+00:00","og_image":[{"width":819,"height":1232,"url":"https:\/\/advancedseeds.com\/web\/wp-content\/uploads\/2025\/03\/femcol2.jpg","type":"image\/jpeg"}],"twitter_card":"summary_large_image","twitter_misc":{"Gesch\u00e4tzte Lesezeit":"10\u00a0Minuten"},"schema":{"@context":"https:\/\/schema.org","@graph":[{"@type":"WebPage","@id":"https:\/\/advancedseeds.com\/tienda\/colecciones\/feminized-collection-2-advanced-seeds\/","url":"https:\/\/advancedseeds.com\/tienda\/colecciones\/feminized-collection-2-advanced-seeds\/","name":"Feminized Collection #2 Advanced Seeds - Advanced Seeds","isPartOf":{"@id":"https:\/\/advancedseeds.com\/#website"},"primaryImageOfPage":{"@id":"https:\/\/advancedseeds.com\/tienda\/colecciones\/feminized-collection-2-advanced-seeds\/#primaryimage"},"image":{"@id":"https:\/\/advancedseeds.com\/tienda\/colecciones\/feminized-collection-2-advanced-seeds\/#primaryimage"},"thumbnailUrl":"https:\/\/advancedseeds.com\/web\/wp-content\/uploads\/2025\/03\/femcol2.jpg","datePublished":"2025-03-11T11:58:01+00:00","dateModified":"2026-04-15T09:45:14+00:00","breadcrumb":{"@id":"https:\/\/advancedseeds.com\/tienda\/colecciones\/feminized-collection-2-advanced-seeds\/#breadcrumb"},"inLanguage":"de","potentialAction":[{"@type":"ReadAction","target":["https:\/\/advancedseeds.com\/tienda\/colecciones\/feminized-collection-2-advanced-seeds\/"]}]},{"@type":"ImageObject","inLanguage":"de","@id":"https:\/\/advancedseeds.com\/tienda\/colecciones\/feminized-collection-2-advanced-seeds\/#primaryimage","url":"https:\/\/advancedseeds.com\/web\/wp-content\/uploads\/2025\/03\/femcol2.jpg","contentUrl":"https:\/\/advancedseeds.com\/web\/wp-content\/uploads\/2025\/03\/femcol2.jpg","width":819,"height":1232},{"@type":"BreadcrumbList","@id":"https:\/\/advancedseeds.com\/tienda\/colecciones\/feminized-collection-2-advanced-seeds\/#breadcrumb","itemListElement":[{"@type":"ListItem","position":1,"name":"Home","item":"https:\/\/advancedseeds.com\/"},{"@type":"ListItem","position":2,"name":"Tienda","item":"https:\/\/advancedseeds.com\/"},{"@type":"ListItem","position":3,"name":"Feminized Collection #2 Advanced Seeds"}]},{"@type":"WebSite","@id":"https:\/\/advancedseeds.com\/#website","url":"https:\/\/advancedseeds.com\/","name":"Advanced Seeds","description":"Fortschrittliche Genetik in feminisierten und automatischen Samen.","publisher":{"@id":"https:\/\/advancedseeds.com\/#organization"},"potentialAction":[{"@type":"SearchAction","target":{"@type":"EntryPoint","urlTemplate":"https:\/\/advancedseeds.com\/?s={search_term_string}"},"query-input":{"@type":"PropertyValueSpecification","valueRequired":true,"valueName":"search_term_string"}}],"inLanguage":"de"},{"@type":"Organization","@id":"https:\/\/advancedseeds.com\/#organization","name":"Advanced Seeds","url":"https:\/\/advancedseeds.com\/","logo":{"@type":"ImageObject","inLanguage":"de","@id":"https:\/\/advancedseeds.com\/#\/schema\/logo\/image\/","url":"https:\/\/advancedseeds.com\/web\/wp-content\/uploads\/2021\/01\/logo-advanced.jpg","contentUrl":"https:\/\/advancedseeds.com\/web\/wp-content\/uploads\/2021\/01\/logo-advanced.jpg","width":600,"height":600,"caption":"Advanced Seeds"},"image":{"@id":"https:\/\/advancedseeds.com\/#\/schema\/logo\/image\/"}}]}},"_links":{"self":[{"href":"https:\/\/advancedseeds.com\/de\/wp-json\/wp\/v2\/product\/20065","targetHints":{"allow":["GET"]}}],"collection":[{"href":"https:\/\/advancedseeds.com\/de\/wp-json\/wp\/v2\/product"}],"about":[{"href":"https:\/\/advancedseeds.com\/de\/wp-json\/wp\/v2\/types\/product"}],"replies":[{"embeddable":true,"href":"https:\/\/advancedseeds.com\/de\/wp-json\/wp\/v2\/comments?post=20065"}],"wp:featuredmedia":[{"embeddable":true,"href":"https:\/\/advancedseeds.com\/de\/wp-json\/wp\/v2\/media\/20308"}],"wp:attachment":[{"href":"https:\/\/advancedseeds.com\/de\/wp-json\/wp\/v2\/media?parent=20065"}],"wp:term":[{"taxonomy":"product_brand","embeddable":true,"href":"https:\/\/advancedseeds.com\/de\/wp-json\/wp\/v2\/product_brand?post=20065"},{"taxonomy":"product_cat","embeddable":true,"href":"https:\/\/advancedseeds.com\/de\/wp-json\/wp\/v2\/product_cat?post=20065"},{"taxonomy":"product_tag","embeddable":true,"href":"https:\/\/advancedseeds.com\/de\/wp-json\/wp\/v2\/product_tag?post=20065"}],"curies":[{"name":"wp","href":"https:\/\/api.w.org\/{rel}","templated":true}]}}