{"id":20067,"date":"2025-03-11T12:58:01","date_gmt":"2025-03-11T11:58:01","guid":{"rendered":"https:\/\/advancedseeds.com\/web\/tienda\/sin%20categor\u00eda\/feminized-collection-3-advanced-seeds\/"},"modified":"2026-04-15T10:45:14","modified_gmt":"2026-04-15T09:45:14","slug":"feminized-collection-3-advanced-seeds","status":"publish","type":"product","link":"https:\/\/advancedseeds.com\/de\/tienda\/colecciones\/feminized-collection-3-advanced-seeds\/","title":{"rendered":"Feminized Collection  #3 Advanced Seeds"},"content":{"rendered":"<h2>Fr\u00fche Witwe<\/h2>\n<p>THC: 16%<br \/>\nAusbeute: 400 - 450 g<br \/>\nInnenh\u00f6he: 60 - 90 cm<br \/>\nH\u00f6he Au\u00dfen: 1,6 - 2,5 m<br \/>\nBl\u00fctezeit: 50 - 60 Tage<br \/>\nErnte: 10 - 20 Okt.<\/p>\n<p>Indica-dominant, die Menge an Harz, die jede Knospe produzieren kann, entsch\u00e4digt f\u00fcr ihr m\u00e4\u00dfiges Wachstum. Intensives, bitters\u00fc\u00dfes Aroma, das mit fortschreitender Bl\u00fcte zunimmt und alarmierend werden kann. Im Innenbereich empfehlen wir eine Wachstumszeit von 4 Wochen, um Pflanzen einer bestimmten Gr\u00f6\u00dfe zu erhalten. Im Freien ist sie leicht zu kultivieren, da es sich um kompakte und robuste Exemplare handelt.<\/p>\n<p>&nbsp;<\/p>\n<h2>Schwere Knospe<\/h2>\n<p>THC: 18%<br \/>\nAusbeute: 400 - 500 g<br \/>\nInnenh\u00f6he: 70 - 90 cm<br \/>\n\u00c4u\u00dfere H\u00f6he: 2,0 - 2,5 m<br \/>\nBl\u00fctezeit: 55 - 60 Tage<br \/>\nErnte: 1 - 15 Sept.<\/p>\n<p>Kreuzung von Sorten, die aufgrund ihres vielseitigen Wachstums und ihrer Resistenz gegen Sch\u00e4dlinge ausgew\u00e4hlt wurden, mit einem robusten Strukturmuster. Pflanze mit zarten und s\u00fc\u00dfen Aromen, mit einem Hauch von Mandarinen-Zitrus und leicht Menthol Aromen, mit einem extrem glatten Rauch am Gaumen raten es f\u00fcr Raucher von Cannabis ohne jede Art von Tabakmischung.<\/p>\n<p>&nbsp;<\/p>\n<h2>Kaya 47<\/h2>\n<p>THC: 22%<br \/>\nAusbeute: 400 - 500 g<br \/>\nInnenh\u00f6he: 60 - 80 cm<br \/>\n\u00c4u\u00dfere H\u00f6he: 2,0 - 3,0 m<br \/>\nBl\u00fctezeit: 60 - 65 Tage<br \/>\nErnte: 10 - 20 Okt.<\/p>\n<p>Familienpflanze der legend\u00e4ren AK-47. Ausgew\u00e4hlt, weil sie eine k\u00fcrzere Bl\u00fctezeit, h\u00f6here Ertr\u00e4ge und eine gro\u00dfe Harzproduktion bietet. Sie \u00fcbernimmt von ihren verschiedenen Vorfahren (kolumbianisch, mexikanisch, thail\u00e4ndisch, afghanisch) erkennbare Merkmale wie einen starken Geruch und ein gutes Verh\u00e4ltnis zwischen Kelch und Blatt. Im Innenbereich kann sie bei 12 Stunden ab dem ersten Tag angebaut werden und in nur 90 Tagen eine Rekordernte einfahren.<\/p>","protected":false},"excerpt":{"rendered":"<p>2x Early Widow<br \/>\n- Innenh\u00f6he: 60 - 90 cm.<br \/>\n- Bl\u00fctezeit: 50 - 60 Tage.<br \/>\n- Ausbeute: 400 - 450 gr\/m2.<br \/>\n- Au\u00dfenh\u00f6he: 160 - 250 cm.<br \/>\n- Ernte: 10 - 20 Okt.<br \/>\n- THC: 16%<\/p>\n<p>2x Heavy Bud<br \/>\n- Innenh\u00f6he: 70 - 90 cm.<br \/>\n- Bl\u00fctezeit: 55 - 60 Tage.<br \/>\n- Ausbeute: 400 - 500 gr\/m2.<br \/>\n- \u00c4u\u00dfere H\u00f6he: 200 - 250 cm.<br \/>\n- Ernte: 01 - 15 Sept.<br \/>\n- THC: 18%<\/p>\n<p>2x Kaya 47<br \/>\n- Innenh\u00f6he: 60 - 80 cm.<br \/>\n- Bl\u00fctezeit: 60 - 65 Tage.<br \/>\n- Ausbeute: 400 - 500 gr\/m2.<br \/>\n- \u00c4u\u00dfere H\u00f6he: 200 - 300 cm.<br \/>\n- Ernte: 10 - 20 Okt.<br \/>\n- THC: 22%<\/p>","protected":false},"featured_media":20309,"comment_status":"open","ping_status":"closed","template":"","meta":{"_acf_changed":false},"product_brand":[],"product_cat":[71],"product_tag":[],"class_list":{"0":"post-20067","1":"product","2":"type-product","3":"status-publish","4":"has-post-thumbnail","6":"product_cat-colecciones","8":"first","9":"outofstock","10":"taxable","11":"shipping-taxable","12":"purchasable","13":"product-type-simple"},"acf":[],"yoast_head":"<!-- This site is optimized with the Yoast SEO Premium plugin v26.3 (Yoast SEO v26.6) - https:\/\/yoast.com\/wordpress\/plugins\/seo\/ -->\n<title>Feminized Collection #3 Advanced Seeds - Advanced Seeds<\/title>\n<meta name=\"robots\" content=\"index, follow, max-snippet:-1, max-image-preview:large, max-video-preview:-1\" \/>\n<link rel=\"canonical\" href=\"https:\/\/advancedseeds.com\/de\/tienda\/colecciones\/feminized-collection-3-advanced-seeds\/\" \/>\n<meta property=\"og:locale\" content=\"de_DE\" \/>\n<meta property=\"og:type\" content=\"article\" \/>\n<meta property=\"og:title\" content=\"Feminized Collection #3 Advanced Seeds\" \/>\n<meta property=\"og:description\" content=\"2x Early Widow - Altura interior: 60 - 90 cm. - Floraci\u00f3n: 50 - 60 d\u00edas. - Producci\u00f3n: 400 - 450 gr\/m2. - Altura exterior: 160 - 250 cm. - Cosecha: 10 - 20 Oct. - THC: 16%  2x Heavy Bud - Altura interior: 70 - 90 cm. - Floraci\u00f3n: 55 - 60 d\u00edas. - Producci\u00f3n: 400 - 500 gr\/m2. - Altura exterior: 200 - 250 cm. - Cosecha: 01 - 15 Sept. - THC: 18%  2x Kaya 47 - Altura interior: 60 - 80 cm. - Floraci\u00f3n: 60 - 65 d\u00edas. - Producci\u00f3n: 400 - 500 gr\/m2. - Altura exterior: 200 - 300 cm. - Cosecha: 10 - 20 Oct. - THC: 22%\" \/>\n<meta property=\"og:url\" content=\"https:\/\/advancedseeds.com\/de\/tienda\/colecciones\/feminized-collection-3-advanced-seeds\/\" \/>\n<meta property=\"og:site_name\" content=\"Advanced Seeds\" \/>\n<meta property=\"article:modified_time\" content=\"2026-04-15T09:45:14+00:00\" \/>\n<meta property=\"og:image\" content=\"https:\/\/advancedseeds.com\/web\/wp-content\/uploads\/2025\/03\/femcol3.jpg\" \/>\n\t<meta property=\"og:image:width\" content=\"819\" \/>\n\t<meta property=\"og:image:height\" content=\"1232\" \/>\n\t<meta property=\"og:image:type\" content=\"image\/jpeg\" \/>\n<meta name=\"twitter:card\" content=\"summary_large_image\" \/>\n<meta name=\"twitter:label1\" content=\"Gesch\u00e4tzte Lesezeit\" \/>\n\t<meta name=\"twitter:data1\" content=\"1\u00a0Minute\" \/>\n<script type=\"application\/ld+json\" class=\"yoast-schema-graph\">{\"@context\":\"https:\/\/schema.org\",\"@graph\":[{\"@type\":\"WebPage\",\"@id\":\"https:\/\/advancedseeds.com\/tienda\/colecciones\/feminized-collection-3-advanced-seeds\/\",\"url\":\"https:\/\/advancedseeds.com\/tienda\/colecciones\/feminized-collection-3-advanced-seeds\/\",\"name\":\"Feminized Collection #3 Advanced Seeds - Advanced Seeds\",\"isPartOf\":{\"@id\":\"https:\/\/advancedseeds.com\/#website\"},\"primaryImageOfPage\":{\"@id\":\"https:\/\/advancedseeds.com\/tienda\/colecciones\/feminized-collection-3-advanced-seeds\/#primaryimage\"},\"image\":{\"@id\":\"https:\/\/advancedseeds.com\/tienda\/colecciones\/feminized-collection-3-advanced-seeds\/#primaryimage\"},\"thumbnailUrl\":\"https:\/\/advancedseeds.com\/web\/wp-content\/uploads\/2025\/03\/femcol3.jpg\",\"datePublished\":\"2025-03-11T11:58:01+00:00\",\"dateModified\":\"2026-04-15T09:45:14+00:00\",\"breadcrumb\":{\"@id\":\"https:\/\/advancedseeds.com\/tienda\/colecciones\/feminized-collection-3-advanced-seeds\/#breadcrumb\"},\"inLanguage\":\"de\",\"potentialAction\":[{\"@type\":\"ReadAction\",\"target\":[\"https:\/\/advancedseeds.com\/tienda\/colecciones\/feminized-collection-3-advanced-seeds\/\"]}]},{\"@type\":\"ImageObject\",\"inLanguage\":\"de\",\"@id\":\"https:\/\/advancedseeds.com\/tienda\/colecciones\/feminized-collection-3-advanced-seeds\/#primaryimage\",\"url\":\"https:\/\/advancedseeds.com\/web\/wp-content\/uploads\/2025\/03\/femcol3.jpg\",\"contentUrl\":\"https:\/\/advancedseeds.com\/web\/wp-content\/uploads\/2025\/03\/femcol3.jpg\",\"width\":819,\"height\":1232},{\"@type\":\"BreadcrumbList\",\"@id\":\"https:\/\/advancedseeds.com\/tienda\/colecciones\/feminized-collection-3-advanced-seeds\/#breadcrumb\",\"itemListElement\":[{\"@type\":\"ListItem\",\"position\":1,\"name\":\"Home\",\"item\":\"https:\/\/advancedseeds.com\/\"},{\"@type\":\"ListItem\",\"position\":2,\"name\":\"Tienda\",\"item\":\"https:\/\/advancedseeds.com\/\"},{\"@type\":\"ListItem\",\"position\":3,\"name\":\"Feminized Collection #3 Advanced Seeds\"}]},{\"@type\":\"WebSite\",\"@id\":\"https:\/\/advancedseeds.com\/#website\",\"url\":\"https:\/\/advancedseeds.com\/\",\"name\":\"Advanced Seeds\",\"description\":\"Gen\u00e9ticas Avanzadas en semillas feminizadas y autom\u00e1ticas.\",\"publisher\":{\"@id\":\"https:\/\/advancedseeds.com\/#organization\"},\"potentialAction\":[{\"@type\":\"SearchAction\",\"target\":{\"@type\":\"EntryPoint\",\"urlTemplate\":\"https:\/\/advancedseeds.com\/?s={search_term_string}\"},\"query-input\":{\"@type\":\"PropertyValueSpecification\",\"valueRequired\":true,\"valueName\":\"search_term_string\"}}],\"inLanguage\":\"de\"},{\"@type\":\"Organization\",\"@id\":\"https:\/\/advancedseeds.com\/#organization\",\"name\":\"Advanced Seeds\",\"url\":\"https:\/\/advancedseeds.com\/\",\"logo\":{\"@type\":\"ImageObject\",\"inLanguage\":\"de\",\"@id\":\"https:\/\/advancedseeds.com\/#\/schema\/logo\/image\/\",\"url\":\"https:\/\/advancedseeds.com\/web\/wp-content\/uploads\/2021\/01\/logo-advanced.jpg\",\"contentUrl\":\"https:\/\/advancedseeds.com\/web\/wp-content\/uploads\/2021\/01\/logo-advanced.jpg\",\"width\":600,\"height\":600,\"caption\":\"Advanced Seeds\"},\"image\":{\"@id\":\"https:\/\/advancedseeds.com\/#\/schema\/logo\/image\/\"}}]}<\/script>\n<!-- \/ Yoast SEO Premium plugin. -->","yoast_head_json":{"title":"Feminized Collection #3 Advanced Seeds - Advanced Seeds","robots":{"index":"index","follow":"follow","max-snippet":"max-snippet:-1","max-image-preview":"max-image-preview:large","max-video-preview":"max-video-preview:-1"},"canonical":"https:\/\/advancedseeds.com\/de\/tienda\/colecciones\/feminized-collection-3-advanced-seeds\/","og_locale":"de_DE","og_type":"article","og_title":"Feminized Collection #3 Advanced Seeds","og_description":"2x Early Widow - Altura interior: 60 - 90 cm. - Floraci\u00f3n: 50 - 60 d\u00edas. - Producci\u00f3n: 400 - 450 gr\/m2. - Altura exterior: 160 - 250 cm. - Cosecha: 10 - 20 Oct. - THC: 16%  2x Heavy Bud - Altura interior: 70 - 90 cm. - Floraci\u00f3n: 55 - 60 d\u00edas. - Producci\u00f3n: 400 - 500 gr\/m2. - Altura exterior: 200 - 250 cm. - Cosecha: 01 - 15 Sept. - THC: 18%  2x Kaya 47 - Altura interior: 60 - 80 cm. - Floraci\u00f3n: 60 - 65 d\u00edas. - Producci\u00f3n: 400 - 500 gr\/m2. - Altura exterior: 200 - 300 cm. - Cosecha: 10 - 20 Oct. - THC: 22%","og_url":"https:\/\/advancedseeds.com\/de\/tienda\/colecciones\/feminized-collection-3-advanced-seeds\/","og_site_name":"Advanced Seeds","article_modified_time":"2026-04-15T09:45:14+00:00","og_image":[{"width":819,"height":1232,"url":"https:\/\/advancedseeds.com\/web\/wp-content\/uploads\/2025\/03\/femcol3.jpg","type":"image\/jpeg"}],"twitter_card":"summary_large_image","twitter_misc":{"Gesch\u00e4tzte Lesezeit":"1\u00a0Minute"},"schema":{"@context":"https:\/\/schema.org","@graph":[{"@type":"WebPage","@id":"https:\/\/advancedseeds.com\/tienda\/colecciones\/feminized-collection-3-advanced-seeds\/","url":"https:\/\/advancedseeds.com\/tienda\/colecciones\/feminized-collection-3-advanced-seeds\/","name":"Feminized Collection #3 Advanced Seeds - Advanced Seeds","isPartOf":{"@id":"https:\/\/advancedseeds.com\/#website"},"primaryImageOfPage":{"@id":"https:\/\/advancedseeds.com\/tienda\/colecciones\/feminized-collection-3-advanced-seeds\/#primaryimage"},"image":{"@id":"https:\/\/advancedseeds.com\/tienda\/colecciones\/feminized-collection-3-advanced-seeds\/#primaryimage"},"thumbnailUrl":"https:\/\/advancedseeds.com\/web\/wp-content\/uploads\/2025\/03\/femcol3.jpg","datePublished":"2025-03-11T11:58:01+00:00","dateModified":"2026-04-15T09:45:14+00:00","breadcrumb":{"@id":"https:\/\/advancedseeds.com\/tienda\/colecciones\/feminized-collection-3-advanced-seeds\/#breadcrumb"},"inLanguage":"de","potentialAction":[{"@type":"ReadAction","target":["https:\/\/advancedseeds.com\/tienda\/colecciones\/feminized-collection-3-advanced-seeds\/"]}]},{"@type":"ImageObject","inLanguage":"de","@id":"https:\/\/advancedseeds.com\/tienda\/colecciones\/feminized-collection-3-advanced-seeds\/#primaryimage","url":"https:\/\/advancedseeds.com\/web\/wp-content\/uploads\/2025\/03\/femcol3.jpg","contentUrl":"https:\/\/advancedseeds.com\/web\/wp-content\/uploads\/2025\/03\/femcol3.jpg","width":819,"height":1232},{"@type":"BreadcrumbList","@id":"https:\/\/advancedseeds.com\/tienda\/colecciones\/feminized-collection-3-advanced-seeds\/#breadcrumb","itemListElement":[{"@type":"ListItem","position":1,"name":"Home","item":"https:\/\/advancedseeds.com\/"},{"@type":"ListItem","position":2,"name":"Tienda","item":"https:\/\/advancedseeds.com\/"},{"@type":"ListItem","position":3,"name":"Feminized Collection #3 Advanced Seeds"}]},{"@type":"WebSite","@id":"https:\/\/advancedseeds.com\/#website","url":"https:\/\/advancedseeds.com\/","name":"Advanced Seeds","description":"Fortschrittliche Genetik in feminisierten und automatischen Samen.","publisher":{"@id":"https:\/\/advancedseeds.com\/#organization"},"potentialAction":[{"@type":"SearchAction","target":{"@type":"EntryPoint","urlTemplate":"https:\/\/advancedseeds.com\/?s={search_term_string}"},"query-input":{"@type":"PropertyValueSpecification","valueRequired":true,"valueName":"search_term_string"}}],"inLanguage":"de"},{"@type":"Organization","@id":"https:\/\/advancedseeds.com\/#organization","name":"Advanced Seeds","url":"https:\/\/advancedseeds.com\/","logo":{"@type":"ImageObject","inLanguage":"de","@id":"https:\/\/advancedseeds.com\/#\/schema\/logo\/image\/","url":"https:\/\/advancedseeds.com\/web\/wp-content\/uploads\/2021\/01\/logo-advanced.jpg","contentUrl":"https:\/\/advancedseeds.com\/web\/wp-content\/uploads\/2021\/01\/logo-advanced.jpg","width":600,"height":600,"caption":"Advanced Seeds"},"image":{"@id":"https:\/\/advancedseeds.com\/#\/schema\/logo\/image\/"}}]}},"_links":{"self":[{"href":"https:\/\/advancedseeds.com\/de\/wp-json\/wp\/v2\/product\/20067","targetHints":{"allow":["GET"]}}],"collection":[{"href":"https:\/\/advancedseeds.com\/de\/wp-json\/wp\/v2\/product"}],"about":[{"href":"https:\/\/advancedseeds.com\/de\/wp-json\/wp\/v2\/types\/product"}],"replies":[{"embeddable":true,"href":"https:\/\/advancedseeds.com\/de\/wp-json\/wp\/v2\/comments?post=20067"}],"wp:featuredmedia":[{"embeddable":true,"href":"https:\/\/advancedseeds.com\/de\/wp-json\/wp\/v2\/media\/20309"}],"wp:attachment":[{"href":"https:\/\/advancedseeds.com\/de\/wp-json\/wp\/v2\/media?parent=20067"}],"wp:term":[{"taxonomy":"product_brand","embeddable":true,"href":"https:\/\/advancedseeds.com\/de\/wp-json\/wp\/v2\/product_brand?post=20067"},{"taxonomy":"product_cat","embeddable":true,"href":"https:\/\/advancedseeds.com\/de\/wp-json\/wp\/v2\/product_cat?post=20067"},{"taxonomy":"product_tag","embeddable":true,"href":"https:\/\/advancedseeds.com\/de\/wp-json\/wp\/v2\/product_tag?post=20067"}],"curies":[{"name":"wp","href":"https:\/\/api.w.org\/{rel}","templated":true}]}}