{"id":20069,"date":"2025-03-11T12:58:01","date_gmt":"2025-03-11T11:58:01","guid":{"rendered":"https:\/\/advancedseeds.com\/web\/tienda\/sin%20categor\u00eda\/feminized-collection-4-advanced-seeds\/"},"modified":"2026-04-15T10:45:14","modified_gmt":"2026-04-15T09:45:14","slug":"feminized-collection-4-advanced-seeds","status":"publish","type":"product","link":"https:\/\/advancedseeds.com\/de\/tienda\/colecciones\/feminized-collection-4-advanced-seeds\/","title":{"rendered":"Feminized Collection  #4 Advanced Seeds"},"content":{"rendered":"<h2>Jack Plant<\/h2>\n<p>THC: 20%<br \/>\nAusbeute: 450 - 500 g<br \/>\nInnenh\u00f6he: 75 - 150 cm<br \/>\n\u00c4u\u00dfere H\u00f6he: 3,0 - 5,0 m<br \/>\nBl\u00fctezeit: 60 - 70 Tage<br \/>\nErnte: 15 - 30 Okt.<\/p>\n<p>Jack Herer ist eine Sativa-Kreuzung mit einem Hauch von Indica, um ihr einen s\u00fc\u00dfen Geschmack zu verleihen und die Bl\u00fctezeit zu verk\u00fcrzen. Unsere Jack Herer ist perfekt f\u00fcr Z\u00fcchter, die nach gro\u00dfen, produktiven Outdoor-Sativas suchen. Riesige Knospen und Sativa-Effekt. S\u00fc\u00dfes Aroma dank ihrer Indica-Genetik. Schimmelresistent. Im Freien kann sie bis zu 5 Meter hoch werden.<\/p>\n<p>&nbsp;<\/p>\n<p>&nbsp;<\/p>\n<h2>Kali 47<\/h2>\n<p>THC: 19%<br \/>\nAusbeute: 450 - 550 g<br \/>\nInnenh\u00f6he: 70 - 90 cm<br \/>\n\u00c4u\u00dfere H\u00f6he: 2,0 - 3,0 m<br \/>\nBl\u00fctezeit: 55 - 65 Tage<br \/>\nErnte: 10 - 20 Okt.<\/p>\n<p>Starke und kr\u00e4ftige Sativa-Hybride, mit exquisitem Aroma und einer starken und lang anhaltenden Wirkung. Kreuzung einer ausgew\u00e4hlten weiblichen Kali Mist, angepasst an das mediterrane Klima f\u00fcr mehr als 12 Jahre, x AK - 47, das Ergebnis ist eine Sativa mit einem kurzen Bl\u00fctezyklus und eine mehr als zufriedenstellende Leistung. Sie hat einen sehr s\u00fc\u00dfen Geschmack mit einem Hauch von Karamell, ihr Aroma ist frisch und fruchtig.<\/p>\n<p>&nbsp;<\/p>\n<p>&nbsp;<\/p>\n<h2>OG Kush S.F.V.<\/h2>\n<p>THC: 24%<br \/>\nAusbeute: 500 - 550 gr\/m2<br \/>\nH\u00f6he innen: 80 - 100 cm<br \/>\nH\u00f6he im Freien: 200 - 250 cm<br \/>\nBl\u00fctezeit: 60 - 65 Tage.<br \/>\nErnte: 1 - 10 Okt.<\/p>\n<h2 class=\"western\">Was sind die genetischen Eigenschaften dieser Samen?<\/h2>\n<p>&nbsp;<\/p>\n<p>OG Kush S.F.V., ein Hybrid <b>\u00fcberwiegend Indica<\/b>stammt aus dem <b>eine Kreuzung zwischen der kultigen OG Kush und der legend\u00e4ren Afghani.<\/b>. Diese Kombination schafft eine Sorte mit den w\u00fcnschenswertesten Eigenschaften, die sich ein Z\u00fcchter w\u00fcnschen kann: das intensive Aroma und der Geschmack der OG, zusammen mit der St\u00e4rke und dem Ertrag der Afghani. Diese Genetik macht sie zu einer vielseitigen und leistungsstarken Wahl sowohl f\u00fcr erfahrene Z\u00fcchter wegen ihrer Qualit\u00e4t als auch f\u00fcr Anf\u00e4nger wegen ihrer Unverw\u00fcstlichkeit.<\/p>\n<p>&nbsp;<\/p>\n<h2 class=\"western\">Wie sieht die OG Kush S.F.V. aus?<\/h2>\n<p>&nbsp;<\/p>\n<p>Vom Aussehen her ist OG Kush S.F.V. eine Pflanze, die eher wie eine Afghani Indica aussieht. Mit einer <b>s\u00e4ulenf\u00f6rmige Struktur<\/b> und vertikalem Wachstum ist sie perfekt f\u00fcr SOG-Anbautechniken geeignet. Ihre Bl\u00e4tter haben eine dunkelgr\u00fcne Farbe und die riesigen, steinigen, harzgef\u00fcllten Knospen werden in der letzten Phase der Bl\u00fcte extrem schwer und kompakt. Diese Knospen sehen nicht nur attraktiv aus, sondern sind aufgrund ihrer hohen Harzproduktion auch ideal f\u00fcr die Extraktion geeignet, was nicht \u00fcberrascht, da die Vorfahren dieser Sorten viele Jahre lang f\u00fcr die Haschisch-Extraktion ausgew\u00e4hlt wurden.<\/p>\n<p>&nbsp;<\/p>\n<h2 class=\"western\">Wie werden diese Samen im Innen- und Au\u00dfenbereich angebaut?<\/h2>\n<p>&nbsp;<\/p>\n<p>Im Innenanbau passt sich OG Kush S.F.V. gut an alle Arten von Systemen an, wobei sie wie alle Genetiksorten am besten im erdlosen Anbau funktioniert. Ihre Gr\u00f6\u00dfe erm\u00f6glicht ein effizientes Platzmanagement, und sie reagiert au\u00dfergew\u00f6hnlich gut auf die <b>Sea Of Green Methode<\/b> weil sie einen gro\u00dfen Teil der Produktion auf die zentrale Knospe konzentriert. W\u00e4hrend der Bl\u00fctephase verbraucht diese Sorte eine betr\u00e4chtliche Menge an N\u00e4hrstoffen, was sich in der Dichte und Qualit\u00e4t der Knospen widerspiegelt. Es ist durchaus m\u00f6glich, 16 Pflanzen\/m2 in 7-Liter-T\u00f6pfen anzubauen, und w\u00e4hrend der Vorbl\u00fctephase ist es interessant, eine <b>Bass- oder Lollipop-Beschneidung<\/b> alle niedrigen Zweige zu entfernen und nur die Hauptknospen jeder Pflanze zu belassen, wenn m\u00f6glich mit einigen Satellitenzweigen derjenigen, die auf einer guten H\u00f6he bleiben.<\/p>\n<p>&nbsp;<\/p>\n<p>Im Freien bevorzugt die OG Kush S.F.V. ein warmes, sonniges Klima wie das des Mittelmeerraums, wo sie eine beeindruckende H\u00f6he erreichen kann. Obwohl sie winterhart ist, sollte man sie gut ern\u00e4hren und vor Sch\u00e4dlingen und Krankheiten sch\u00fctzen, denn im Freien ist sie vielen Insekten, Pilzsporen und allen m\u00f6glichen Krankheitserregern ausgesetzt. Wenn Sie beginnen <b>Anwendung von Pflanzenschutzmitteln ab dem Vegetationsstadium<\/b> k\u00f6nnen Sie sich sp\u00e4ter in der Bl\u00fctezeit eine Menge \u00c4rger ersparen, also merken Sie es sich und vergessen Sie es nicht.<\/p>\n<h2 class=\"western\"><\/h2>\n<h2 class=\"western\">Wann wird OG Kush S.F.V. geerntet?<\/h2>\n<p>&nbsp;<\/p>\n<p>Die Wahl des Erntezeitpunkts ist bei dieser Sorte entscheidend, denn wenn man zu fr\u00fch erntet, verliert sie an Potenz, und wenn man zu sp\u00e4t erntet, verliert sie ihre Anmut, weil die Wirkung narkotischer und sedierender wird. Im Innenbereich ist OG Kush S.F.V. bereit f\u00fcr die Ernte nach <b>60-65 Tage der Bl\u00fcte<\/b>Es ist eine sehr dichte und harzige Knospen. Im Freien wird sie idealerweise zwischen dem 1. und 10. Oktober in der n\u00f6rdlichen Hemisph\u00e4re geerntet. In dieser Zeit k\u00f6nnen die Knospen ihr Terpen- und Cannabinoidprofil voll entfalten, was zu einem Endprodukt von h\u00f6chster Qualit\u00e4t f\u00fchrt.<\/p>\n<p>&nbsp;<\/p>\n<h2 class=\"western\">Wie viel produzieren diese Samen?<\/h2>\n<p>&nbsp;<\/p>\n<p>Die OG Kush S.F.V. ist f\u00fcr ihre au\u00dfergew\u00f6hnliche Leistung bekannt. In Innenr\u00e4umen kann es Folgendes produzieren <b>zwischen 500 und 550 gr\/m2<\/b>Im Freien, unter optimalen Bedingungen, k\u00f6nnen die Ertr\u00e4ge 600 Gramm pro Pflanze \u00fcbersteigen. Diese Sorte beeindruckt nicht nur durch ihre Quantit\u00e4t, sondern auch durch die Qualit\u00e4t ihrer Knospen, die dicht, voller Harz und mit einem sehr w\u00fcnschenswerten Terpen- und Cannabinoidprofil sind.<\/p>\n<p>&nbsp;<\/p>\n<h2 class=\"western\">Wie ist der Geruch und Geschmack von OG Kush S.F.V.?<\/h2>\n<p>&nbsp;<\/p>\n<p>Das Aroma und der Geschmack von OG Kush S.F.V. sind unverwechselbar und werden sehr gesch\u00e4tzt. Dominiert von <b>Noten von Kiefer und Zitrone<\/b>Das Aroma ist sehr stark und anhaltend in der Luft, so dass starke Geruchsfilter erforderlich sind. Der Geschmack ist ebenso komplex, mit einem Unterton <b>erdig <\/b>erg\u00e4nzt durch <b>Noten von Zitrusfr\u00fcchten und Sprudel<\/b>. Diese Kombination von Aromen und Geschmacksrichtungen macht die OG Kush S.F.V. zu einem einzigartigen Erlebnis f\u00fcr jeden Konsumenten, so sehr, dass sie irgendwann die bevorzugte Geschmacksrichtung f\u00fcr Millionen von Konsumenten wurde, darunter viele Rapper, die der Sorte sogar Songs widmeten.<\/p>\n<p>&nbsp;<\/p>\n<h2 class=\"western\">Welche Wirkung hat dieses Marihuana?<\/h2>\n<p>&nbsp;<\/p>\n<p>Die Wirkung von OG Kush S.F.V. ist so stark wie ihr Aroma. \u00dcberwiegend Indica, liefert es eine <b>tiefe und dauerhafte Entspannung des Gehirns und des K\u00f6rpers<\/b>Der hohe THC-Gehalt dieser Sorte liegt bei 24%. Mit einem hohen THC-Gehalt von etwa 24% ist diese Sorte ideal f\u00fcr diejenigen, die eine entspannende und beruhigende Wirkung suchen. Sie ist perfekt, um sich nach einem langen Tag zu entspannen oder um Spannungen und Schmerzen zu lindern.<\/p>\n<p>&nbsp;<\/p>\n<p>OG Kush S.F.V. Samen zum besten Preis kaufen<\/p>\n<p>&nbsp;<\/p>\n<p>Verpassen Sie nicht die Gelegenheit, OG Kush S.F.V. von Advanced Seeds anzubauen, eine Sorte, die nicht nur eine zufriedenstellende Ernte, sondern auch ein Endprodukt von h\u00f6chster Qualit\u00e4t verspricht. Erh\u00e4ltlich in unserem Online-Shop, ist diese Sorte eine sichere Investition f\u00fcr jeden Z\u00fcchter - kaufen Sie jetzt und erleben Sie die Au\u00dfergew\u00f6hnlichkeit von OG Kush S.F.V.!<\/p>\n<p>&nbsp;<\/p>\n<h2 class=\"western\">H\u00e4ufig gestellte Fragen<\/h2>\n<p>&nbsp;<\/p>\n<h3 class=\"western\">Wie kann man den pH-Wert und den EC-Wert bei der Kultivierung von OG Kush S.F.V. steuern?<\/h3>\n<p>Ein ausgewogener pH-Wert zwischen 6,0 und 6,5 und ein f\u00fcr jede Wachstumsphase geeigneter EC-Wert sind f\u00fcr eine optimale Entwicklung unerl\u00e4sslich.<\/p>\n<h3 class=\"western\">Welche Art von Licht ist f\u00fcr den Anbau in Innenr\u00e4umen am besten geeignet?<\/h3>\n<p>LED-Vollspektrumleuchten sind ideal, da sie die erforderliche Intensit\u00e4t ohne \u00fcberm\u00e4\u00dfige W\u00e4rmeentwicklung bieten.<\/p>\n<h3 class=\"western\">Was ist die beste Trocknungs- und Reifungstechnik f\u00fcr diese Sorte?<\/h3>\n<p>Die langsame Trocknung und die lange Reifung unter kontrollierten Bedingungen bei niedriger Temperatur und mittlerer Luftfeuchtigkeit verbessern seine aromatischen und geschmacklichen Eigenschaften.<\/p>\n<h3 class=\"western\">Wie wirken sich niedrige Temperaturen auf den Anbau von OG Kush S.F.V. aus?<\/h3>\n<p>K\u00e4ltere Temperaturen in der Nacht k\u00f6nnen die Farben der Knospen intensivieren und ihnen einen zus\u00e4tzlichen optischen Reiz verleihen, solange sie nicht unter etwa 12 \u00b0C fallen, da dies die Entwicklung der Pflanzen verlangsamt.<\/p>","protected":false},"excerpt":{"rendered":"<p>2x Jack Plant<br \/>\n- Innenh\u00f6he: 75 - 150 cm.<br \/>\n- Bl\u00fctezeit: 60 - 70 Tage.<br \/>\n- Ausbeute: 450 - 500 gr\/m2.<br \/>\n- Au\u00dfenh\u00f6he: 300 - 500 cm.<br \/>\n- Ernte: 15 - 30 Okt.<br \/>\n- THC: 20%<\/p>\n<p>2x Kali 47<br \/>\n- Innenh\u00f6he: 70 - 90 cm.<br \/>\n- Bl\u00fctezeit: 55 - 65 Tage.<br \/>\n- Ausbeute: 450 - 550 gr\/m2.<br \/>\n- \u00c4u\u00dfere H\u00f6he: 200 - 300 cm.<br \/>\n- Ernte: 10 - 20 Okt.<br \/>\n- THC: 19%<\/p>\n<p>2x OG Kush SFV<br \/>\n- Innenh\u00f6he: 80 - 100 cm.<br \/>\n- Bl\u00fctezeit: 60 - 65 Tage.<br \/>\n- Ausbeute: 500 - 550 gr\/m2.<br \/>\n- \u00c4u\u00dfere H\u00f6he: 200 - 250 cm.<br \/>\n- Ernte: 01 - 10 Okt.<br \/>\n- THC: 24%<\/p>","protected":false},"featured_media":20310,"comment_status":"open","ping_status":"closed","template":"","meta":{"_acf_changed":false},"product_brand":[],"product_cat":[71],"product_tag":[],"class_list":{"0":"post-20069","1":"product","2":"type-product","3":"status-publish","4":"has-post-thumbnail","6":"product_cat-colecciones","8":"first","9":"outofstock","10":"taxable","11":"shipping-taxable","12":"purchasable","13":"product-type-simple"},"acf":[],"yoast_head":"<!-- This site is optimized with the Yoast SEO Premium plugin v26.3 (Yoast SEO v26.6) - https:\/\/yoast.com\/wordpress\/plugins\/seo\/ -->\n<title>Feminized Collection #4 Advanced Seeds - Advanced Seeds<\/title>\n<meta name=\"robots\" content=\"index, follow, max-snippet:-1, max-image-preview:large, max-video-preview:-1\" \/>\n<link rel=\"canonical\" href=\"https:\/\/advancedseeds.com\/de\/tienda\/colecciones\/feminized-collection-4-advanced-seeds\/\" \/>\n<meta property=\"og:locale\" content=\"de_DE\" \/>\n<meta property=\"og:type\" content=\"article\" \/>\n<meta property=\"og:title\" content=\"Feminized Collection #4 Advanced Seeds\" \/>\n<meta property=\"og:description\" content=\"2x Jack Plant - Altura interior: 75 - 150 cm. - Floraci\u00f3n: 60 - 70 d\u00edas. - Producci\u00f3n: 450 - 500 gr\/m2. - Altura exterior: 300 - 500 cm. - Cosecha: 15 - 30 Oct. - THC: 20%  2x Kali 47 - Altura interior: 70 - 90 cm. - Floraci\u00f3n: 55 - 65 d\u00edas. - Producci\u00f3n: 450 - 550 gr\/m2. - Altura exterior: 200 - 300 cm. - Cosecha: 10 - 20 Oct. - THC: 19%  2x OG Kush SFV - Altura interior: 80 - 100 cm. - Floraci\u00f3n: 60 - 65 d\u00edas. - Producci\u00f3n: 500 - 550 gr\/m2. - Altura exterior: 200 - 250 cm. - Cosecha: 01 - 10 Oct. - THC: 24%\" \/>\n<meta property=\"og:url\" content=\"https:\/\/advancedseeds.com\/de\/tienda\/colecciones\/feminized-collection-4-advanced-seeds\/\" \/>\n<meta property=\"og:site_name\" content=\"Advanced Seeds\" \/>\n<meta property=\"article:modified_time\" content=\"2026-04-15T09:45:14+00:00\" \/>\n<meta property=\"og:image\" content=\"https:\/\/advancedseeds.com\/web\/wp-content\/uploads\/2025\/03\/femcol4.jpg\" \/>\n\t<meta property=\"og:image:width\" content=\"819\" \/>\n\t<meta property=\"og:image:height\" content=\"1232\" \/>\n\t<meta property=\"og:image:type\" content=\"image\/jpeg\" \/>\n<meta name=\"twitter:card\" content=\"summary_large_image\" \/>\n<meta name=\"twitter:label1\" content=\"Gesch\u00e4tzte Lesezeit\" \/>\n\t<meta name=\"twitter:data1\" content=\"7\u00a0Minuten\" \/>\n<script type=\"application\/ld+json\" class=\"yoast-schema-graph\">{\"@context\":\"https:\/\/schema.org\",\"@graph\":[{\"@type\":\"WebPage\",\"@id\":\"https:\/\/advancedseeds.com\/tienda\/colecciones\/feminized-collection-4-advanced-seeds\/\",\"url\":\"https:\/\/advancedseeds.com\/tienda\/colecciones\/feminized-collection-4-advanced-seeds\/\",\"name\":\"Feminized Collection #4 Advanced Seeds - Advanced Seeds\",\"isPartOf\":{\"@id\":\"https:\/\/advancedseeds.com\/#website\"},\"primaryImageOfPage\":{\"@id\":\"https:\/\/advancedseeds.com\/tienda\/colecciones\/feminized-collection-4-advanced-seeds\/#primaryimage\"},\"image\":{\"@id\":\"https:\/\/advancedseeds.com\/tienda\/colecciones\/feminized-collection-4-advanced-seeds\/#primaryimage\"},\"thumbnailUrl\":\"https:\/\/advancedseeds.com\/web\/wp-content\/uploads\/2025\/03\/femcol4.jpg\",\"datePublished\":\"2025-03-11T11:58:01+00:00\",\"dateModified\":\"2026-04-15T09:45:14+00:00\",\"breadcrumb\":{\"@id\":\"https:\/\/advancedseeds.com\/tienda\/colecciones\/feminized-collection-4-advanced-seeds\/#breadcrumb\"},\"inLanguage\":\"de\",\"potentialAction\":[{\"@type\":\"ReadAction\",\"target\":[\"https:\/\/advancedseeds.com\/tienda\/colecciones\/feminized-collection-4-advanced-seeds\/\"]}]},{\"@type\":\"ImageObject\",\"inLanguage\":\"de\",\"@id\":\"https:\/\/advancedseeds.com\/tienda\/colecciones\/feminized-collection-4-advanced-seeds\/#primaryimage\",\"url\":\"https:\/\/advancedseeds.com\/web\/wp-content\/uploads\/2025\/03\/femcol4.jpg\",\"contentUrl\":\"https:\/\/advancedseeds.com\/web\/wp-content\/uploads\/2025\/03\/femcol4.jpg\",\"width\":819,\"height\":1232},{\"@type\":\"BreadcrumbList\",\"@id\":\"https:\/\/advancedseeds.com\/tienda\/colecciones\/feminized-collection-4-advanced-seeds\/#breadcrumb\",\"itemListElement\":[{\"@type\":\"ListItem\",\"position\":1,\"name\":\"Home\",\"item\":\"https:\/\/advancedseeds.com\/\"},{\"@type\":\"ListItem\",\"position\":2,\"name\":\"Tienda\",\"item\":\"https:\/\/advancedseeds.com\/\"},{\"@type\":\"ListItem\",\"position\":3,\"name\":\"Feminized Collection #4 Advanced Seeds\"}]},{\"@type\":\"WebSite\",\"@id\":\"https:\/\/advancedseeds.com\/#website\",\"url\":\"https:\/\/advancedseeds.com\/\",\"name\":\"Advanced Seeds\",\"description\":\"Gen\u00e9ticas Avanzadas en semillas feminizadas y autom\u00e1ticas.\",\"publisher\":{\"@id\":\"https:\/\/advancedseeds.com\/#organization\"},\"potentialAction\":[{\"@type\":\"SearchAction\",\"target\":{\"@type\":\"EntryPoint\",\"urlTemplate\":\"https:\/\/advancedseeds.com\/?s={search_term_string}\"},\"query-input\":{\"@type\":\"PropertyValueSpecification\",\"valueRequired\":true,\"valueName\":\"search_term_string\"}}],\"inLanguage\":\"de\"},{\"@type\":\"Organization\",\"@id\":\"https:\/\/advancedseeds.com\/#organization\",\"name\":\"Advanced Seeds\",\"url\":\"https:\/\/advancedseeds.com\/\",\"logo\":{\"@type\":\"ImageObject\",\"inLanguage\":\"de\",\"@id\":\"https:\/\/advancedseeds.com\/#\/schema\/logo\/image\/\",\"url\":\"https:\/\/advancedseeds.com\/web\/wp-content\/uploads\/2021\/01\/logo-advanced.jpg\",\"contentUrl\":\"https:\/\/advancedseeds.com\/web\/wp-content\/uploads\/2021\/01\/logo-advanced.jpg\",\"width\":600,\"height\":600,\"caption\":\"Advanced Seeds\"},\"image\":{\"@id\":\"https:\/\/advancedseeds.com\/#\/schema\/logo\/image\/\"}}]}<\/script>\n<!-- \/ Yoast SEO Premium plugin. -->","yoast_head_json":{"title":"Feminized Collection #4 Advanced Seeds - Advanced Seeds","robots":{"index":"index","follow":"follow","max-snippet":"max-snippet:-1","max-image-preview":"max-image-preview:large","max-video-preview":"max-video-preview:-1"},"canonical":"https:\/\/advancedseeds.com\/de\/tienda\/colecciones\/feminized-collection-4-advanced-seeds\/","og_locale":"de_DE","og_type":"article","og_title":"Feminized Collection #4 Advanced Seeds","og_description":"2x Jack Plant - Altura interior: 75 - 150 cm. - Floraci\u00f3n: 60 - 70 d\u00edas. - Producci\u00f3n: 450 - 500 gr\/m2. - Altura exterior: 300 - 500 cm. - Cosecha: 15 - 30 Oct. - THC: 20%  2x Kali 47 - Altura interior: 70 - 90 cm. - Floraci\u00f3n: 55 - 65 d\u00edas. - Producci\u00f3n: 450 - 550 gr\/m2. - Altura exterior: 200 - 300 cm. - Cosecha: 10 - 20 Oct. - THC: 19%  2x OG Kush SFV - Altura interior: 80 - 100 cm. - Floraci\u00f3n: 60 - 65 d\u00edas. - Producci\u00f3n: 500 - 550 gr\/m2. - Altura exterior: 200 - 250 cm. - Cosecha: 01 - 10 Oct. - THC: 24%","og_url":"https:\/\/advancedseeds.com\/de\/tienda\/colecciones\/feminized-collection-4-advanced-seeds\/","og_site_name":"Advanced Seeds","article_modified_time":"2026-04-15T09:45:14+00:00","og_image":[{"width":819,"height":1232,"url":"https:\/\/advancedseeds.com\/web\/wp-content\/uploads\/2025\/03\/femcol4.jpg","type":"image\/jpeg"}],"twitter_card":"summary_large_image","twitter_misc":{"Gesch\u00e4tzte Lesezeit":"7\u00a0Minuten"},"schema":{"@context":"https:\/\/schema.org","@graph":[{"@type":"WebPage","@id":"https:\/\/advancedseeds.com\/tienda\/colecciones\/feminized-collection-4-advanced-seeds\/","url":"https:\/\/advancedseeds.com\/tienda\/colecciones\/feminized-collection-4-advanced-seeds\/","name":"Feminized Collection #4 Advanced Seeds - Advanced Seeds","isPartOf":{"@id":"https:\/\/advancedseeds.com\/#website"},"primaryImageOfPage":{"@id":"https:\/\/advancedseeds.com\/tienda\/colecciones\/feminized-collection-4-advanced-seeds\/#primaryimage"},"image":{"@id":"https:\/\/advancedseeds.com\/tienda\/colecciones\/feminized-collection-4-advanced-seeds\/#primaryimage"},"thumbnailUrl":"https:\/\/advancedseeds.com\/web\/wp-content\/uploads\/2025\/03\/femcol4.jpg","datePublished":"2025-03-11T11:58:01+00:00","dateModified":"2026-04-15T09:45:14+00:00","breadcrumb":{"@id":"https:\/\/advancedseeds.com\/tienda\/colecciones\/feminized-collection-4-advanced-seeds\/#breadcrumb"},"inLanguage":"de","potentialAction":[{"@type":"ReadAction","target":["https:\/\/advancedseeds.com\/tienda\/colecciones\/feminized-collection-4-advanced-seeds\/"]}]},{"@type":"ImageObject","inLanguage":"de","@id":"https:\/\/advancedseeds.com\/tienda\/colecciones\/feminized-collection-4-advanced-seeds\/#primaryimage","url":"https:\/\/advancedseeds.com\/web\/wp-content\/uploads\/2025\/03\/femcol4.jpg","contentUrl":"https:\/\/advancedseeds.com\/web\/wp-content\/uploads\/2025\/03\/femcol4.jpg","width":819,"height":1232},{"@type":"BreadcrumbList","@id":"https:\/\/advancedseeds.com\/tienda\/colecciones\/feminized-collection-4-advanced-seeds\/#breadcrumb","itemListElement":[{"@type":"ListItem","position":1,"name":"Home","item":"https:\/\/advancedseeds.com\/"},{"@type":"ListItem","position":2,"name":"Tienda","item":"https:\/\/advancedseeds.com\/"},{"@type":"ListItem","position":3,"name":"Feminized Collection #4 Advanced Seeds"}]},{"@type":"WebSite","@id":"https:\/\/advancedseeds.com\/#website","url":"https:\/\/advancedseeds.com\/","name":"Advanced Seeds","description":"Fortschrittliche Genetik in feminisierten und automatischen Samen.","publisher":{"@id":"https:\/\/advancedseeds.com\/#organization"},"potentialAction":[{"@type":"SearchAction","target":{"@type":"EntryPoint","urlTemplate":"https:\/\/advancedseeds.com\/?s={search_term_string}"},"query-input":{"@type":"PropertyValueSpecification","valueRequired":true,"valueName":"search_term_string"}}],"inLanguage":"de"},{"@type":"Organization","@id":"https:\/\/advancedseeds.com\/#organization","name":"Advanced Seeds","url":"https:\/\/advancedseeds.com\/","logo":{"@type":"ImageObject","inLanguage":"de","@id":"https:\/\/advancedseeds.com\/#\/schema\/logo\/image\/","url":"https:\/\/advancedseeds.com\/web\/wp-content\/uploads\/2021\/01\/logo-advanced.jpg","contentUrl":"https:\/\/advancedseeds.com\/web\/wp-content\/uploads\/2021\/01\/logo-advanced.jpg","width":600,"height":600,"caption":"Advanced Seeds"},"image":{"@id":"https:\/\/advancedseeds.com\/#\/schema\/logo\/image\/"}}]}},"_links":{"self":[{"href":"https:\/\/advancedseeds.com\/de\/wp-json\/wp\/v2\/product\/20069","targetHints":{"allow":["GET"]}}],"collection":[{"href":"https:\/\/advancedseeds.com\/de\/wp-json\/wp\/v2\/product"}],"about":[{"href":"https:\/\/advancedseeds.com\/de\/wp-json\/wp\/v2\/types\/product"}],"replies":[{"embeddable":true,"href":"https:\/\/advancedseeds.com\/de\/wp-json\/wp\/v2\/comments?post=20069"}],"wp:featuredmedia":[{"embeddable":true,"href":"https:\/\/advancedseeds.com\/de\/wp-json\/wp\/v2\/media\/20310"}],"wp:attachment":[{"href":"https:\/\/advancedseeds.com\/de\/wp-json\/wp\/v2\/media?parent=20069"}],"wp:term":[{"taxonomy":"product_brand","embeddable":true,"href":"https:\/\/advancedseeds.com\/de\/wp-json\/wp\/v2\/product_brand?post=20069"},{"taxonomy":"product_cat","embeddable":true,"href":"https:\/\/advancedseeds.com\/de\/wp-json\/wp\/v2\/product_cat?post=20069"},{"taxonomy":"product_tag","embeddable":true,"href":"https:\/\/advancedseeds.com\/de\/wp-json\/wp\/v2\/product_tag?post=20069"}],"curies":[{"name":"wp","href":"https:\/\/api.w.org\/{rel}","templated":true}]}}