{"id":20079,"date":"2025-03-11T12:58:02","date_gmt":"2025-03-11T11:58:02","guid":{"rendered":"https:\/\/advancedseeds.com\/web\/tienda\/sin%20categor\u00eda\/feminized-collection-9-advanced-seeds\/"},"modified":"2026-04-15T10:45:16","modified_gmt":"2026-04-15T09:45:16","slug":"feminized-collection-9-advanced-seeds","status":"publish","type":"product","link":"https:\/\/advancedseeds.com\/de\/tienda\/colecciones\/feminized-collection-9-advanced-seeds\/","title":{"rendered":"Feminized Collection  #9 Advanced Seeds"},"content":{"rendered":"<h2>Bruce Banner<\/h2>\n<p>THC: 24%<\/p>\n<p>Produktion: 550 - 600 g<\/p>\n<p>Innenh\u00f6he: 90 - 110 cm<\/p>\n<p>Au\u00dfenh\u00f6he: 2,0 - 2,5 m<\/p>\n<p>Bl\u00fctezeit: 60 - 65 Tage<\/p>\n<p>Ernte: 1 - 10 Okt.<\/p>\n<p>&nbsp;<\/p>\n<p>&nbsp;<\/p>\n<h2>Pineapple Glue<\/h2>\n<p>THC: 25%<br \/>\nAusbeute: 500 - 550 g<br \/>\nInnenh\u00f6he: 120 - 140 cm<br \/>\n\u00c4u\u00dfere H\u00f6he: 2,5 - 3,0 m<br \/>\nBl\u00fctezeit: 65 - 70 Tage<br \/>\nErnte: 1 - 10 Okt.<\/p>\n<h2 class=\"western\">Was sind die genetischen Eigenschaften dieser Samen?<\/h2>\n<p>&nbsp;<\/p>\n<p>Pineapple Glue ist ein gro\u00dfartiger Hybrid, das Ergebnis der <b>Kreuzung aus Ananas und Gorilla-Kleber<\/b>. Diese genetische Mischung hat eine Sorte mit einer perfekten Balance von Geschmack und Potenz geschaffen. Pineapple bringt ihren unverwechselbaren s\u00fc\u00dfen, tropischen Geschmack mit, w\u00e4hrend Gorilla Glue, bekannt f\u00fcr ihre hohe Harzproduktion und potente Wirkung, ihr Robustheit, Wirkungsintensit\u00e4t und Widerstandsf\u00e4higkeit verleiht. Diese Kombination ergibt eine Sorte, die nicht nur dem Gaumen schmeichelt, sondern auch in Bezug auf den Ertrag und die therapeutische Wirkung \u00e4u\u00dferst effektiv ist.<\/p>\n<p>&nbsp;<\/p>\n<h2 class=\"western\">Wie sieht die Pineapple Glue aus?<\/h2>\n<p>&nbsp;<\/p>\n<p>Pineapple Glue zeichnet sich durch einen explosiven Wuchs und eine feste, buschige Struktur aus. Die Pflanzen erreichen eine mittlere H\u00f6he, was sie im Innenbereich \u00fcberschaubar und im Au\u00dfenbereich unauff\u00e4llig macht. Ihre tief dunkelgr\u00fcnen Bl\u00e4tter stehen im Kontrast zu den goldenen, harzigen Knospen, die sie w\u00e4hrend der Bl\u00fctezeit entwickelt. Diese dichten, schweren Knospen sind \u00fcber und \u00fcber mit Trichomen bedeckt, was auf ihr Potenzial zur Produktion interessanter \u00e4therischer \u00d6le hinweist.<\/p>\n<h2 class=\"western\"><\/h2>\n<h2 class=\"western\">Wie werden diese Samen im Innen- und Au\u00dfenbereich angebaut?<\/h2>\n<h2 class=\"western\"><\/h2>\n<p>Im Innenanbau ist Pineapple Glue eine Sorte, die sich gut an eine Vielzahl von Anbaumethoden und -techniken anpassen l\u00e4sst. Mit einer H\u00f6he, die selten 1,2 Meter \u00fcberschreitet, es sei denn, man gibt ihr \u00fcberm\u00e4\u00dfig viel Vegetationszeit, ist sie ideal f\u00fcr begrenzten Raum. <b>Beschneidung anwenden<\/b> hilft, das Licht zu optimieren und die Ertr\u00e4ge zu steigern, aber es ist auch eine Option, sie frei wachsen zu lassen. Sie ist eine Pflanze, die gut auf eine ausgewogene F\u00fctterung und eine starke Beleuchtung reagiert, was sich in der reichlichen Produktion von aromatischen und harzigen Buds widerspiegelt.<\/p>\n<p>&nbsp;<\/p>\n<p>Im Freien gedeiht Pineapple Glue am besten in warmen, sonnigen Klimazonen, obwohl sie sich auch an gem\u00e4\u00dfigtere Klimazonen wie den Kontinent anpasst. Da sie eine H\u00f6he von bis zu 3 Metern erreicht, braucht sie viel Platz, um sich auszubreiten, sowohl unterirdisch f\u00fcr das Wurzelsystem als auch oberirdisch, da sie eine ziemlich invasive Pflanze ist. Die Anwendung von Techniken wie <b>Apikalschnitt oder FIM- und LST-Training <\/b>steigert die Produktion, w\u00e4hrend ein n\u00e4hrstoffreicher Boden und eine angemessene Bew\u00e4sserung unter Beachtung der Trockenzyklen die optimale Entwicklung der Knospen gew\u00e4hrleisten.<\/p>\n<h2 class=\"western\"><\/h2>\n<h2 class=\"western\">Wann wird die Pineapple Glue geerntet?<\/h2>\n<p>&nbsp;<\/p>\n<p>In Innenr\u00e4umen ben\u00f6tigt das Pineapple Glue etwa <b>65-70 Tage der Bl\u00fcte<\/b> bevor sie erntereif ist. Im Freien auf der Nordhalbkugel wird sie Anfang Oktober geerntet, wenn die Knospen ihr volles Potenzial in Bezug auf Aroma, Geschmack und Cannabinoidgehalt erreicht haben.<\/p>\n<p>&nbsp;<\/p>\n<h2 class=\"western\">Wie viel produzieren diese Samen?<\/h2>\n<p>&nbsp;<\/p>\n<p>Pineapple Glue ist eine ertragreiche Sorte, die sich ideal f\u00fcr Z\u00fcchter eignet, die eine hohe Produktion anstreben, ohne Kompromisse bei der Qualit\u00e4t einzugehen. Im Innenbereich k\u00f6nnen die Ertr\u00e4ge bis zu <b>etwa 500 g\/m\u00b2,<\/b> Im Freien k\u00f6nnen die Pflanzen jeweils \u00fcber 700 g produzieren. Diese reiche Ernte wird von einer hervorragenden Qualit\u00e4t begleitet, mit gro\u00dfen, dichten Knospen, die voller Terpene und Cannabinoide sind.<\/p>\n<p>&nbsp;<\/p>\n<h2 class=\"western\">Wie ist das Aroma und der Geschmack von Pineapple Glue?<\/h2>\n<p>&nbsp;<\/p>\n<p>Das Aromaprofil der Pineapple Glue ist ein tropischer Genuss, den man immer wieder genie\u00dfen m\u00f6chte. Der vorherrschende Geschmack ist der von <b>Ananas, mit s\u00fc\u00dfer und exotischer Note<\/b> die den Gaumen verf\u00fchren. Es gibt auch eine <b>Zitrusfr\u00fcchte-Hintergrund <\/b>die den Geschmack ausgleicht und ein komplexes und angenehmes Geschmackserlebnis bietet. Das Rauchen oder Verdampfen dieser Sorte bedeutet, eine Explosion au\u00dfergew\u00f6hnlicher Aromen zu genie\u00dfen.<\/p>\n<p>&nbsp;<\/p>\n<h2 class=\"western\">Welche Wirkung hat dieses Marihuana?<\/h2>\n<p>&nbsp;<\/p>\n<p>Mit einem <b>THC von 25%<\/b>Pineapple Glue bietet eine starke und lang anhaltende Wirkung wie nur wenige andere. Zun\u00e4chst erzeugt es eine <b>anregende Hirnsensation<\/b>ideal f\u00fcr kreative oder soziale Aktivit\u00e4ten. Nachfolgend, <b>entwickelt sich zur k\u00f6rperlichen Entspannung<\/b> Dadurch eignet es sich hervorragend zur Entspannung am Ende des Tages oder nach k\u00f6rperlichen Aktivit\u00e4ten. Seine ausgewogene Wirkung macht es zu einer geeigneten Wahl f\u00fcr eine Vielzahl von therapeutischen und entspannenden Anwendungen.<\/p>\n<p>&nbsp;<\/p>\n<p>Feminisierte Samen Pineapple Glue zum besten Preis kaufen.<\/p>\n<p>&nbsp;<\/p>\n<p>Pineapple Glue von Advanced Seeds ist mehr als nur eine Sorte; sie ist eine komplette Erfahrung, die man mindestens einmal im Leben probiert haben muss. Ihre einzigartige Kombination aus Geschmack, Wirkung und einfachem Anbau macht sie zu einer attraktiven Option f\u00fcr jeden Z\u00fcchter oder Konsumenten. Erh\u00e4ltlich zum besten Preis in unserem Online-Shop, verpassen Sie nicht die Gelegenheit, diese au\u00dfergew\u00f6hnliche Sorte anzubauen!<\/p>\n<p>&nbsp;<\/p>\n<h2 class=\"western\">FAQS (H\u00e4ufig gestellte Fragen)<\/h2>\n<p>&nbsp;<\/p>\n<h3 class=\"western\">Welche Vorkehrungen sollten beim Anbau getroffen werden, um sein Potenzial zu maximieren?<\/h3>\n<p>Vermeiden Sie Stress f\u00fcr die Pflanzen durch pl\u00f6tzliche Temperatur- und Feuchtigkeitsschwankungen und sorgen Sie f\u00fcr ausreichende Bel\u00fcftung.<\/p>\n<h3 class=\"western\">Wie l\u00e4sst sich die Qualit\u00e4t der Knospen in Innenr\u00e4umen verbessern?<\/h3>\n<p>Qualitativ hochwertige Beleuchtung wie moderne LED-Beleuchtung und ausreichende Bel\u00fcftung sind f\u00fcr die Entwicklung dichter, harziger Knospen unerl\u00e4sslich.<\/p>\n<p>&nbsp;<\/p>\n<p>&nbsp;<\/p>\n<h2>Banana Cookies<\/h2>\n<p>THC: 25%<\/p>\n<p>Produktion: 500 - 550 g<\/p>\n<p>Innenh\u00f6he: 80 - 110 cm<\/p>\n<p>Au\u00dfenh\u00f6he: 1,8 - 2,3 m<\/p>\n<p>Bl\u00fctezeit: 60 - 65 Tage<\/p>\n<p>Ernte: 1 - 10 Sept.<\/p>","protected":false},"excerpt":{"rendered":"<p>2x Bruce Banner<br \/>\n- Innenh\u00f6he: 90 - 110 cm.<br \/>\n- Bl\u00fctezeit: 60 - 65 Tage.<br \/>\n- Ausbeute: 550 - 600 gr\/m2.<br \/>\n- \u00c4u\u00dfere H\u00f6he: 200 - 250 cm.<br \/>\n- Erntezeit: 01 - 15 Okt.<br \/>\n- THC: 24%<\/p>\n<p>2x Pineapple Glue<br \/>\n- Innenh\u00f6he: 120 - 140 cm.<br \/>\n- Bl\u00fctezeit: 65 - 70 Tage.<br \/>\n- Ausbeute: 500 - 550 gr\/m2.<br \/>\n- Au\u00dfenh\u00f6he: 250 - 300 cm.<br \/>\n- Erntezeit: 01 - 15 Okt.<br \/>\n- THC: 25%<\/p>\n<p>2x Banana Cookies<br \/>\n- Innenh\u00f6he: 80 - 110 cm.<br \/>\n- Bl\u00fctezeit: 60 - 65 Tage.<br \/>\n- Ausbeute: 500 - 550 gr\/m2.<br \/>\n- Au\u00dfenh\u00f6he: 180 - 230 cm.<br \/>\n- Erntezeit: 01 - 15 Okt.<br \/>\n- THC: 25%<\/p>","protected":false},"featured_media":20315,"comment_status":"open","ping_status":"closed","template":"","meta":{"_acf_changed":false},"product_brand":[],"product_cat":[71],"product_tag":[],"class_list":{"0":"post-20079","1":"product","2":"type-product","3":"status-publish","4":"has-post-thumbnail","6":"product_cat-colecciones","8":"first","9":"instock","10":"taxable","11":"shipping-taxable","12":"purchasable","13":"product-type-simple"},"acf":[],"yoast_head":"<!-- This site is optimized with the Yoast SEO Premium plugin v26.3 (Yoast SEO v26.6) - https:\/\/yoast.com\/wordpress\/plugins\/seo\/ -->\n<title>Feminized Collection #9 Advanced Seeds - Advanced Seeds<\/title>\n<meta name=\"robots\" content=\"index, follow, max-snippet:-1, max-image-preview:large, max-video-preview:-1\" \/>\n<link rel=\"canonical\" href=\"https:\/\/advancedseeds.com\/de\/tienda\/colecciones\/feminized-collection-9-advanced-seeds\/\" \/>\n<meta property=\"og:locale\" content=\"de_DE\" \/>\n<meta property=\"og:type\" content=\"article\" \/>\n<meta property=\"og:title\" content=\"Feminized Collection #9 Advanced Seeds\" \/>\n<meta property=\"og:description\" content=\"2x Bruce Banner - Altura interior: 90 - 110 cm. - Floraci\u00f3n: 60 - 65 d\u00edas. - Producci\u00f3n: 550 - 600 gr\/m2. - Altura exterior: 200 - 250 cm. - Cosecha: 01 - 15 Oct. - THC: 24%  2x Pineapple Glue - Altura interior: 120 - 140 cm. - Floraci\u00f3n: 65 - 70 d\u00edas. - Producci\u00f3n: 500 - 550 gr\/m2. - Altura exterior: 250 - 300 cm. - Cosecha: 01 - 15 Oct. - THC: 25%  2x Banana Cookies - Altura interior: 80 - 110 cm. - Floraci\u00f3n: 60 - 65 d\u00edas. - Producci\u00f3n: 500 - 550 gr\/m2. - Altura exterior: 180 - 230 cm. - Cosecha: 01 - 15 Oct. - THC: 25%\" \/>\n<meta property=\"og:url\" content=\"https:\/\/advancedseeds.com\/de\/tienda\/colecciones\/feminized-collection-9-advanced-seeds\/\" \/>\n<meta property=\"og:site_name\" content=\"Advanced Seeds\" \/>\n<meta property=\"article:modified_time\" content=\"2026-04-15T09:45:16+00:00\" \/>\n<meta property=\"og:image\" content=\"https:\/\/advancedseeds.com\/web\/wp-content\/uploads\/2025\/03\/femcol9.jpg\" \/>\n\t<meta property=\"og:image:width\" content=\"819\" \/>\n\t<meta property=\"og:image:height\" content=\"1232\" \/>\n\t<meta property=\"og:image:type\" content=\"image\/jpeg\" \/>\n<meta name=\"twitter:card\" content=\"summary_large_image\" \/>\n<meta name=\"twitter:label1\" content=\"Gesch\u00e4tzte Lesezeit\" \/>\n\t<meta name=\"twitter:data1\" content=\"5\u00a0Minuten\" \/>\n<script type=\"application\/ld+json\" class=\"yoast-schema-graph\">{\"@context\":\"https:\/\/schema.org\",\"@graph\":[{\"@type\":\"WebPage\",\"@id\":\"https:\/\/advancedseeds.com\/tienda\/colecciones\/feminized-collection-9-advanced-seeds\/\",\"url\":\"https:\/\/advancedseeds.com\/tienda\/colecciones\/feminized-collection-9-advanced-seeds\/\",\"name\":\"Feminized Collection #9 Advanced Seeds - Advanced Seeds\",\"isPartOf\":{\"@id\":\"https:\/\/advancedseeds.com\/#website\"},\"primaryImageOfPage\":{\"@id\":\"https:\/\/advancedseeds.com\/tienda\/colecciones\/feminized-collection-9-advanced-seeds\/#primaryimage\"},\"image\":{\"@id\":\"https:\/\/advancedseeds.com\/tienda\/colecciones\/feminized-collection-9-advanced-seeds\/#primaryimage\"},\"thumbnailUrl\":\"https:\/\/advancedseeds.com\/web\/wp-content\/uploads\/2025\/03\/femcol9.jpg\",\"datePublished\":\"2025-03-11T11:58:02+00:00\",\"dateModified\":\"2026-04-15T09:45:16+00:00\",\"breadcrumb\":{\"@id\":\"https:\/\/advancedseeds.com\/tienda\/colecciones\/feminized-collection-9-advanced-seeds\/#breadcrumb\"},\"inLanguage\":\"de\",\"potentialAction\":[{\"@type\":\"ReadAction\",\"target\":[\"https:\/\/advancedseeds.com\/tienda\/colecciones\/feminized-collection-9-advanced-seeds\/\"]}]},{\"@type\":\"ImageObject\",\"inLanguage\":\"de\",\"@id\":\"https:\/\/advancedseeds.com\/tienda\/colecciones\/feminized-collection-9-advanced-seeds\/#primaryimage\",\"url\":\"https:\/\/advancedseeds.com\/web\/wp-content\/uploads\/2025\/03\/femcol9.jpg\",\"contentUrl\":\"https:\/\/advancedseeds.com\/web\/wp-content\/uploads\/2025\/03\/femcol9.jpg\",\"width\":819,\"height\":1232},{\"@type\":\"BreadcrumbList\",\"@id\":\"https:\/\/advancedseeds.com\/tienda\/colecciones\/feminized-collection-9-advanced-seeds\/#breadcrumb\",\"itemListElement\":[{\"@type\":\"ListItem\",\"position\":1,\"name\":\"Home\",\"item\":\"https:\/\/advancedseeds.com\/\"},{\"@type\":\"ListItem\",\"position\":2,\"name\":\"Tienda\",\"item\":\"https:\/\/advancedseeds.com\/\"},{\"@type\":\"ListItem\",\"position\":3,\"name\":\"Feminized Collection #9 Advanced Seeds\"}]},{\"@type\":\"WebSite\",\"@id\":\"https:\/\/advancedseeds.com\/#website\",\"url\":\"https:\/\/advancedseeds.com\/\",\"name\":\"Advanced Seeds\",\"description\":\"Gen\u00e9ticas Avanzadas en semillas feminizadas y autom\u00e1ticas.\",\"publisher\":{\"@id\":\"https:\/\/advancedseeds.com\/#organization\"},\"potentialAction\":[{\"@type\":\"SearchAction\",\"target\":{\"@type\":\"EntryPoint\",\"urlTemplate\":\"https:\/\/advancedseeds.com\/?s={search_term_string}\"},\"query-input\":{\"@type\":\"PropertyValueSpecification\",\"valueRequired\":true,\"valueName\":\"search_term_string\"}}],\"inLanguage\":\"de\"},{\"@type\":\"Organization\",\"@id\":\"https:\/\/advancedseeds.com\/#organization\",\"name\":\"Advanced Seeds\",\"url\":\"https:\/\/advancedseeds.com\/\",\"logo\":{\"@type\":\"ImageObject\",\"inLanguage\":\"de\",\"@id\":\"https:\/\/advancedseeds.com\/#\/schema\/logo\/image\/\",\"url\":\"https:\/\/advancedseeds.com\/web\/wp-content\/uploads\/2021\/01\/logo-advanced.jpg\",\"contentUrl\":\"https:\/\/advancedseeds.com\/web\/wp-content\/uploads\/2021\/01\/logo-advanced.jpg\",\"width\":600,\"height\":600,\"caption\":\"Advanced Seeds\"},\"image\":{\"@id\":\"https:\/\/advancedseeds.com\/#\/schema\/logo\/image\/\"}}]}<\/script>\n<!-- \/ Yoast SEO Premium plugin. -->","yoast_head_json":{"title":"Feminized Collection #9 Advanced Seeds - Advanced Seeds","robots":{"index":"index","follow":"follow","max-snippet":"max-snippet:-1","max-image-preview":"max-image-preview:large","max-video-preview":"max-video-preview:-1"},"canonical":"https:\/\/advancedseeds.com\/de\/tienda\/colecciones\/feminized-collection-9-advanced-seeds\/","og_locale":"de_DE","og_type":"article","og_title":"Feminized Collection #9 Advanced Seeds","og_description":"2x Bruce Banner - Altura interior: 90 - 110 cm. - Floraci\u00f3n: 60 - 65 d\u00edas. - Producci\u00f3n: 550 - 600 gr\/m2. - Altura exterior: 200 - 250 cm. - Cosecha: 01 - 15 Oct. - THC: 24%  2x Pineapple Glue - Altura interior: 120 - 140 cm. - Floraci\u00f3n: 65 - 70 d\u00edas. - Producci\u00f3n: 500 - 550 gr\/m2. - Altura exterior: 250 - 300 cm. - Cosecha: 01 - 15 Oct. - THC: 25%  2x Banana Cookies - Altura interior: 80 - 110 cm. - Floraci\u00f3n: 60 - 65 d\u00edas. - Producci\u00f3n: 500 - 550 gr\/m2. - Altura exterior: 180 - 230 cm. - Cosecha: 01 - 15 Oct. - THC: 25%","og_url":"https:\/\/advancedseeds.com\/de\/tienda\/colecciones\/feminized-collection-9-advanced-seeds\/","og_site_name":"Advanced Seeds","article_modified_time":"2026-04-15T09:45:16+00:00","og_image":[{"width":819,"height":1232,"url":"https:\/\/advancedseeds.com\/web\/wp-content\/uploads\/2025\/03\/femcol9.jpg","type":"image\/jpeg"}],"twitter_card":"summary_large_image","twitter_misc":{"Gesch\u00e4tzte Lesezeit":"5\u00a0Minuten"},"schema":{"@context":"https:\/\/schema.org","@graph":[{"@type":"WebPage","@id":"https:\/\/advancedseeds.com\/tienda\/colecciones\/feminized-collection-9-advanced-seeds\/","url":"https:\/\/advancedseeds.com\/tienda\/colecciones\/feminized-collection-9-advanced-seeds\/","name":"Feminized Collection #9 Advanced Seeds - Advanced Seeds","isPartOf":{"@id":"https:\/\/advancedseeds.com\/#website"},"primaryImageOfPage":{"@id":"https:\/\/advancedseeds.com\/tienda\/colecciones\/feminized-collection-9-advanced-seeds\/#primaryimage"},"image":{"@id":"https:\/\/advancedseeds.com\/tienda\/colecciones\/feminized-collection-9-advanced-seeds\/#primaryimage"},"thumbnailUrl":"https:\/\/advancedseeds.com\/web\/wp-content\/uploads\/2025\/03\/femcol9.jpg","datePublished":"2025-03-11T11:58:02+00:00","dateModified":"2026-04-15T09:45:16+00:00","breadcrumb":{"@id":"https:\/\/advancedseeds.com\/tienda\/colecciones\/feminized-collection-9-advanced-seeds\/#breadcrumb"},"inLanguage":"de","potentialAction":[{"@type":"ReadAction","target":["https:\/\/advancedseeds.com\/tienda\/colecciones\/feminized-collection-9-advanced-seeds\/"]}]},{"@type":"ImageObject","inLanguage":"de","@id":"https:\/\/advancedseeds.com\/tienda\/colecciones\/feminized-collection-9-advanced-seeds\/#primaryimage","url":"https:\/\/advancedseeds.com\/web\/wp-content\/uploads\/2025\/03\/femcol9.jpg","contentUrl":"https:\/\/advancedseeds.com\/web\/wp-content\/uploads\/2025\/03\/femcol9.jpg","width":819,"height":1232},{"@type":"BreadcrumbList","@id":"https:\/\/advancedseeds.com\/tienda\/colecciones\/feminized-collection-9-advanced-seeds\/#breadcrumb","itemListElement":[{"@type":"ListItem","position":1,"name":"Home","item":"https:\/\/advancedseeds.com\/"},{"@type":"ListItem","position":2,"name":"Tienda","item":"https:\/\/advancedseeds.com\/"},{"@type":"ListItem","position":3,"name":"Feminized Collection #9 Advanced Seeds"}]},{"@type":"WebSite","@id":"https:\/\/advancedseeds.com\/#website","url":"https:\/\/advancedseeds.com\/","name":"Advanced Seeds","description":"Fortschrittliche Genetik in feminisierten und automatischen Samen.","publisher":{"@id":"https:\/\/advancedseeds.com\/#organization"},"potentialAction":[{"@type":"SearchAction","target":{"@type":"EntryPoint","urlTemplate":"https:\/\/advancedseeds.com\/?s={search_term_string}"},"query-input":{"@type":"PropertyValueSpecification","valueRequired":true,"valueName":"search_term_string"}}],"inLanguage":"de"},{"@type":"Organization","@id":"https:\/\/advancedseeds.com\/#organization","name":"Advanced Seeds","url":"https:\/\/advancedseeds.com\/","logo":{"@type":"ImageObject","inLanguage":"de","@id":"https:\/\/advancedseeds.com\/#\/schema\/logo\/image\/","url":"https:\/\/advancedseeds.com\/web\/wp-content\/uploads\/2021\/01\/logo-advanced.jpg","contentUrl":"https:\/\/advancedseeds.com\/web\/wp-content\/uploads\/2021\/01\/logo-advanced.jpg","width":600,"height":600,"caption":"Advanced Seeds"},"image":{"@id":"https:\/\/advancedseeds.com\/#\/schema\/logo\/image\/"}}]}},"_links":{"self":[{"href":"https:\/\/advancedseeds.com\/de\/wp-json\/wp\/v2\/product\/20079","targetHints":{"allow":["GET"]}}],"collection":[{"href":"https:\/\/advancedseeds.com\/de\/wp-json\/wp\/v2\/product"}],"about":[{"href":"https:\/\/advancedseeds.com\/de\/wp-json\/wp\/v2\/types\/product"}],"replies":[{"embeddable":true,"href":"https:\/\/advancedseeds.com\/de\/wp-json\/wp\/v2\/comments?post=20079"}],"wp:featuredmedia":[{"embeddable":true,"href":"https:\/\/advancedseeds.com\/de\/wp-json\/wp\/v2\/media\/20315"}],"wp:attachment":[{"href":"https:\/\/advancedseeds.com\/de\/wp-json\/wp\/v2\/media?parent=20079"}],"wp:term":[{"taxonomy":"product_brand","embeddable":true,"href":"https:\/\/advancedseeds.com\/de\/wp-json\/wp\/v2\/product_brand?post=20079"},{"taxonomy":"product_cat","embeddable":true,"href":"https:\/\/advancedseeds.com\/de\/wp-json\/wp\/v2\/product_cat?post=20079"},{"taxonomy":"product_tag","embeddable":true,"href":"https:\/\/advancedseeds.com\/de\/wp-json\/wp\/v2\/product_tag?post=20079"}],"curies":[{"name":"wp","href":"https:\/\/api.w.org\/{rel}","templated":true}]}}