{"id":20081,"date":"2025-03-11T12:58:02","date_gmt":"2025-03-11T11:58:02","guid":{"rendered":"https:\/\/advancedseeds.com\/web\/tienda\/sin%20categor\u00eda\/feminized-collection-10-advanced-seeds\/"},"modified":"2026-04-15T10:45:16","modified_gmt":"2026-04-15T09:45:16","slug":"feminized-collection-10-advanced-seeds","status":"publish","type":"product","link":"https:\/\/advancedseeds.com\/de\/tienda\/colecciones\/feminized-collection-10-advanced-seeds\/","title":{"rendered":"Feminized Collection #10 Advanced Seeds"},"content":{"rendered":"<h2>Cherry Pie Fast<\/h2>\n<p>THC: 21%<\/p>\n<p>Ausbeute: 500 - 550 g<\/p>\n<p>Innenh\u00f6he: 70 - 90 cm<\/p>\n<p>\u00c4u\u00dfere H\u00f6he: 1,8 - 2,4 m<\/p>\n<p>Bl\u00fctezeit: 50 - 55 Tage<\/p>\n<p>Ernte: 1 - 10 Sept.<\/p>\n<p>Cherry Pie x Auto Cherry Pie. Schnelle Version unserer Cherry Pie. Pflanze mit einer gro\u00dfen Anzahl von Knospen mit lila T\u00f6nen. Fruchtiges Aroma mit einem Hauch von S\u00e4ure.<\/p>\n<p>&nbsp;<\/p>\n<p>&nbsp;<\/p>\n<h2>Gelato #33 Fast<\/h2>\n<p>THC: 24%<br \/>\nAusbeute: 500 - 550 g<br \/>\nInnenh\u00f6he: 80 - 110 cm<br \/>\n\u00c4u\u00dfere H\u00f6he: 1,9 - 2,4 m<br \/>\nBl\u00fctezeit: 45 - 55 Tage<br \/>\nErnte: 1 - 10 Sept.<\/p>\n<h2 class=\"western\">Was sind die genetischen Eigenschaften dieser Samen?<\/h2>\n<p>&nbsp;<\/p>\n<p>Gelato #33 Fast ist ein Indica\/Sativa-Hybrid, eine schnelle Version der beliebten <a href=\"https:\/\/advancedseeds.com\/web\/producto\/gelato-33\/\">Gelato #33<\/a> die best\u00e4ubt wurde von <a href=\"https:\/\/advancedseeds.com\/web\/producto\/auto-gelato-33\/\">Auto Gelato #33<\/a> um die Gene, die f\u00fcr das spontane Autoflowering verantwortlich sind, in alle Nachkommen einzubringen. Diese Kreuzung von ertragreicher Genetik hat zu einer Pflanze gef\u00fchrt, die die Essenz von Gelato in Bezug auf Geschmack und Wirkung beibeh\u00e4lt, aber mit einer viel schnelleren Bl\u00fctezeit. Das Erbe ihrer Eltern spiegelt sich in ihrer Robustheit und ihrer F\u00e4higkeit wider, in k\u00fcrzester Zeit eine gro\u00dfe Menge an Harz zu produzieren.<\/p>\n<p>&nbsp;<\/p>\n<h2 class=\"western\">Wie sieht die Gelato #33 Fast aus?<\/h2>\n<p>&nbsp;<\/p>\n<p>\u00c4u\u00dferlich entwickelt die Gelato #33 Fast eine solide, gestreckte Struktur, die etwas offener und verzweigter ist als bei der normalen Version. In Innenr\u00e4umen ist ihre Gr\u00f6\u00dfe recht \u00fcberschaubar, w\u00e4hrend sie im Freien bemerkenswerte H\u00f6hen erreichen kann, wenn sie viel Licht und Substrat hat. Ihre mittelgro\u00dfen, aber superharten Knospen sind ein optischer und olfaktorischer Genuss, mit Schattierungen von dunkelgr\u00fcn bis violett, die unter sehr kalten Bedingungen fast schwarz werden k\u00f6nnen.<\/p>\n<p>&nbsp;<\/p>\n<h2 class=\"western\">Wie werden diese Samen im Innen- und Au\u00dfenbereich angebaut?<\/h2>\n<p>&nbsp;<\/p>\n<p>Im Innenanbau ist Gelato #33 Fast ideal f\u00fcr diejenigen, die eine schnelle und effiziente Produktion suchen, sowie f\u00fcr unerfahrene Z\u00fcchter, die den Geschmack und die Wirkung des ber\u00fchmten Gelato genie\u00dfen m\u00f6chten. Denken Sie daran, dass es sich um eine photoperiodische Sorte handelt, d.h. sie ben\u00f6tigt w\u00e4hrend der Wachstumsphase 18 Stunden Licht pro Tag und mindestens 12 Stunden Dunkelheit w\u00e4hrend der Bl\u00fctezeit, die unbedingt eingehalten werden m\u00fcssen, um die Pflanzen nicht zu stressen.<\/p>\n<p>&nbsp;<\/p>\n<p>Beim Anbau im Freien oder in Gew\u00e4chsh\u00e4usern zeigt diese Sorte ihre Wuchskraft und Widerstandsf\u00e4higkeit auf bemerkenswertere Weise als beim Anbau in Innenr\u00e4umen, was sie perfekt f\u00fcr Anbauanf\u00e4nger macht. Dank ihrer schnellen Bl\u00fctezeit ist es m\u00f6glich, fr\u00fcher als bei normal bl\u00fchenden Sorten zu ernten und so die Risiken eines schlechten Herbstwetters zu vermeiden. Gelato #33 Fast passt sich gut an unterschiedliche klimatische Bedingungen an und zeigt eine hervorragende Resistenz gegen Sch\u00e4dlinge und Krankheiten. Es ist wichtig, Pf\u00e4hle zu setzen, damit die Pflanzen mehr Gewicht in den Knospen produzieren k\u00f6nnen, ohne dass die Gefahr besteht, dass die Zweige brechen.<\/p>\n<p>&nbsp;<\/p>\n<h2 class=\"western\">Wann werden die feminisierten Gelato #33 Fast-Samen geerntet?<\/h2>\n<p>&nbsp;<\/p>\n<p>Im Innenbereich wird Gelato #33 Fast nach 45-55 Tagen der Bl\u00fcte geerntet. Im Freien ist diese Sorte in der n\u00f6rdlichen Hemisph\u00e4re Anfang September erntereif, so dass die Anbauer den Herbstregen vermeiden und eine hochwertige Ernte sicherstellen k\u00f6nnen.<\/p>\n<p>&nbsp;<\/p>\n<h2 class=\"western\">Wie viel produzieren diese Samen?<\/h2>\n<p>&nbsp;<\/p>\n<p>Die Ertr\u00e4ge von Gelato #33 Fast sind sowohl im Innen- als auch im Au\u00dfenbereich beeindruckend. Unter kontrollierten Bedingungen sind Ertr\u00e4ge von bis zu 550 gr\/m\u00b2 m\u00f6glich, w\u00e4hrend im Freien jede Pflanze \u00fcber 600 Gramm harzige und potente Knospen produzieren kann.<\/p>\n<p>&nbsp;<\/p>\n<h2 class=\"western\">Wie ist das Aroma und der Geschmack von Gelato #33 Fast?<\/h2>\n<p>&nbsp;<\/p>\n<p>Das aromatische Profil von Gelato #33 Fast ist eines seiner herausragendsten Merkmale. Die Nutzer k\u00f6nnen eine reizvolle Verschmelzung von zitrusartigen, s\u00fc\u00dfen, erfrischenden und fruchtigen Aromen erwarten, die am Gaumen verweilen. Das Aroma ist ebenso ansprechend und bietet frische, Menthol- und Kraftstoffnoten, die die Geschmackskomplexit\u00e4t erg\u00e4nzen.<\/p>\n<p>&nbsp;<\/p>\n<h2 class=\"western\">Welche Wirkung hat dieses Marihuana?<\/h2>\n<p>&nbsp;<\/p>\n<p>Mit 24% THC bietet Gelato #33 Fast eine starke und ausgewogene Wirkung. Sie beginnt mit einer stimulierenden zerebralen Euphorie, die man den R\u00fccken hinunter und ins Gehirn flie\u00dfen sp\u00fcrt, wo sie es vollst\u00e4ndig aktiviert, gefolgt von einer tiefen k\u00f6rperlichen Entspannung, die nicht mit der Psychoaktivit\u00e4t endet, sondern noch stundenlang mit ihr verschmilzt. Es ist ideal, um es am Ende des Tages oder in Momenten der Mu\u00dfe und des Nachdenkens zu genie\u00dfen.<\/p>\n<p>&nbsp;<\/p>\n<p>Feminisierte Samen Gelato #33 Fast zum besten Preis kaufen.<\/p>\n<p>&nbsp;<\/p>\n<p>Z\u00f6gern Sie nicht und holen Sie sich Ihre Gelato #33 Fast Samen von Advanced Seeds. Genie\u00dfen Sie eine schnelle Bl\u00fcte, hohe Ertr\u00e4ge von Knospen und Trichomen, exquisite Aromen und potente Effekte, bestellen Sie noch heute und erleben Sie ein unvergessliches Wachstumserlebnis!<\/p>\n<p>&nbsp;<\/p>\n<h2 class=\"western\">FAQs<\/h2>\n<p>&nbsp;<\/p>\n<h3 class=\"western\">Ist Gelato #33 Fast f\u00fcr Beschneidetechniken geeignet?<\/h3>\n<p>Ja, er spricht gut auf Techniken wie Topping oder FIM an, um seine Produktion zu optimieren.<\/p>\n<h3 class=\"western\">Wie kann man die Bew\u00e4sserung in Gelato #33 Fast verwalten?<\/h3>\n<p>Eine \u00dcberw\u00e4sserung ist unbedingt zu vermeiden, vor allem in den fr\u00fchen Wachstumsstadien.<\/p>\n<h3 class=\"western\">Welche Art von Beleuchtung ist ideal f\u00fcr Gelato #33 Fast in Innenr\u00e4umen?<\/h3>\n<p>Vollspektrum-LED- oder SHP-Lampen sind ideal f\u00fcr die F\u00f6rderung eines gesunden Wachstums.<\/p>\n<h3 class=\"western\">Welche Vorsichtsma\u00dfnahmen sollten beim Anbau von Gelato #33 Fast im Freien getroffen werden?<\/h3>\n<p>Der Schutz vor Frost und eine gute Sonnenbestrahlung sind f\u00fcr seine Entwicklung unerl\u00e4sslich.<\/p>\n<p>&nbsp;<\/p>\n<p>&nbsp;<\/p>\n<h2>Zkittlez Fast<\/h2>\n<p>THC: 23%<br \/>\nAusbeute: 500 - 550 g<br \/>\nInnenh\u00f6he: 80 - 100 cm<br \/>\n\u00c4u\u00dfere H\u00f6he: 1,8 - 2,4 m<br \/>\nBl\u00fctezeit: 45 - 55 Tage<br \/>\nErnte: 10 - 20 Sept.<\/p>\n<h2 class=\"western\">Was sind die genetischen Eigenschaften dieser Samen?<\/h2>\n<p>Zkittlez Fast ist der <b>ein Ergebnis der Kreuzung des hochgelobten Zkittlez mit <a href=\"https:\/\/advancedseeds.com\/web\/producto\/auto-zkittlez\/\">Auto Zkittlez<\/a><\/b>Dies ist ein indicadominierter Hybrid, der die Essenz seiner Vorfahren beibeh\u00e4lt. Diese Hybrid-Genetik vereint das Beste von Grape Ape und Grapefruit, zwei Sorten, die f\u00fcr ihren einzigartigen Geschmack und ihre ausgewogene Wirkung bekannt sind. Sie wurde bei mehreren Cannabis-Wettbewerben zum Sieger gek\u00fcrt, was f\u00fcr ihre au\u00dfergew\u00f6hnliche Qualit\u00e4t spricht. Zkittlez Fast ist perfekt f\u00fcr alle, die einen intensiven Geschmack und eine kreative, entspannende Wirkung in k\u00fcrzester Zeit suchen.<\/p>\n<h2 class=\"western\"><\/h2>\n<h2 class=\"western\">Wie sieht Zkittlez Fast aus?<\/h2>\n<p>Zkittlez Fast zeichnet sich durch seine <b>dichte, au\u00dferordentlich harzige Bl\u00fcten in hellen Gr\u00fcnt\u00f6nen mit bl\u00e4ulichen oder violetten Reflexen<\/b>Die Pflanze erreicht eine m\u00e4\u00dfige H\u00f6he und eignet sich sowohl f\u00fcr den Innen- als auch f\u00fcr den Au\u00dfenanbau. Die Pflanze erreicht eine moderate H\u00f6he, perfekt f\u00fcr den Innen- und Au\u00dfenanbau. Die Verteilung ihrer Knoten erm\u00f6glicht eine ausgewogene Entwicklung, die die Bildung von gro\u00dfz\u00fcgigen und sehr dichten Knospen auf der ganzen Pflanze erleichtert. Ihre Harzproduktion ist bemerkenswert, fast so viel wie bei der normalen Version.<\/p>\n<p>&nbsp;<\/p>\n<h2 class=\"western\">Wie werden diese Samen im Innen- und Au\u00dfenbereich angebaut?<\/h2>\n<p>Im Innenanbau ist Zkittlez Fast eine Option. <b>ideal f\u00fcr ungeduldige Z\u00fcchter<\/b> die in kurzer Zeit ernten wollen, aber normal bl\u00fchende Samen w\u00fcnschen. Diese Sorte spricht gut auf Techniken an wie <b>SOG oder LST<\/b>was zu einer Steigerung der Produktion beitr\u00e4gt. Um sein aromatisches Profil voll zur Geltung zu bringen, wird die Verwendung von <b>organische D\u00fcngemittel<\/b>Die Wurzeln sollten vor dem Ernten gut gewaschen werden.<\/p>\n<p>&nbsp;<\/p>\n<p>Im Freien kann das Zkittlez Fast Folgendes erreichen <b>H\u00f6hen von bis zu 2,5 Metern oder so<\/b>und ist widerstandsf\u00e4hig gegen verschiedene klimatische Bedingungen und ist zudem <b>perfekt f\u00fcr kalte oder regnerische Klimazonen<\/b> dank der fr\u00fchen Ernte. F\u00fcr die besten Ergebnisse ist es ratsam, die Pflanze in <b>T\u00f6pfe \u00fcber 40 Liter<\/b>Ich sage das, weil viele Leute denken, dass sie auf die gleiche Weise angebaut werden wie autoflowering Pflanzen, und in diesem Fall sch\u00e4tzen sie es, mehr Substrat zu haben.<\/p>\n<p>&nbsp;<\/p>\n<h2 class=\"western\">Wann wird Zkittlez Fast geerntet?<\/h2>\n<p>Schnelligkeit ist einer der Hauptvorteile des Zkittlez Fast. Im Innenbereich ist sie in wenigen Tagen erntereif. <b>nur 45-55 Tage<\/b>In der n\u00f6rdlichen Hemisph\u00e4re kann sie im Freien Ende September geerntet werden. Outdoor-Grower in der s\u00fcdlichen Hemisph\u00e4re sch\u00e4tzen diese Sorten sehr, weil sie Ende M\u00e4rz geerntet werden k\u00f6nnen.<\/p>\n<p>&nbsp;<\/p>\n<h2 class=\"western\">Wie viel produzieren diese Samen?<\/h2>\n<p>Im Innenbereich k\u00f6nnen die Erzeuger Folgendes erwarten <b>bis zu 550 g\/m\u00b2.<\/b>Im Freien, unter den richtigen Bedingungen, kann die Produktion ebenso beeindruckend sein. Die Pflanze produziert dichte, harzige Knospen, die w\u00e4hrend des Trocknens kaum an Gewicht verlieren und mit jeder Ernte sowohl Quantit\u00e4t als auch Qualit\u00e4t garantieren.<\/p>\n<p>&nbsp;<\/p>\n<h2 class=\"western\">Wie ist das Aroma und der Geschmack von Zkittlez Fast?<\/h2>\n<p>Mit einem <b>frischer und ausgepr\u00e4gter Geschmack nach tropischen Fr\u00fcchten<\/b>Diese Sorte erfreut den Gaumen und beh\u00e4lt ihren Geschmack lange Zeit im Mund. Das Aroma ist ebenso ansprechend, aber sehr intensiv, mit s\u00fc\u00dfen, sauren und fruchtigen Noten, die zu einer umfassenden sensorischen Erfahrung einladen.<\/p>\n<p>&nbsp;<\/p>\n<h2 class=\"western\">Welche Wirkung hat dieses Marihuana?<\/h2>\n<p>Zkittlez Fast bietet eine ausgewogene und angenehme Wirkung. <b>Es beginnt mit einer kreativen zerebralen Euphorie und stabilisiert sich in einer k\u00f6rperlichen Entspannung.<\/b>Sie ist ideal, um sie zu jeder Tageszeit zu genie\u00dfen. Ihr THC-Gehalt von <b>23%<\/b> sorgt f\u00fcr eine starke, aber \u00fcberschaubare Wirkung, die sich sowohl f\u00fcr kreative T\u00e4tigkeiten als auch f\u00fcr die Entspannung eignet.<\/p>\n<p>&nbsp;<\/p>\n<p>Zkittlez Fast zum besten Preis kaufen bei Advancedseeds.com<\/p>\n<p>Sind Sie bereit, die schnelle und k\u00f6stliche Zkittlez Fast zu probieren? Ich versichere Ihnen, dass Sie es nicht bereuen werden, denn dies ist eines der besten Weeds, die heute erh\u00e4ltlich sind. Warten Sie nicht l\u00e4nger, um diese au\u00dfergew\u00f6hnliche Sorte anzubauen und zu genie\u00dfen!<\/p>\n<p>&nbsp;<\/p>\n<h2 class=\"western\">FAQs:<\/h2>\n<p>&nbsp;<\/p>\n<h3 class=\"western\">Welche Art von Substrat ist f\u00fcr Zkittlez Fast am besten geeignet?<\/h3>\n<p>F\u00fcr ein optimales Wachstum bevorzugt sie gut durchl\u00e4ssige, n\u00e4hrstoffreiche Substrate.<\/p>\n<p>&nbsp;<\/p>\n<h3 class=\"western\">Wie lassen sich Zkittlez Fast-Knospen am besten trocknen und aush\u00e4rten?<\/h3>\n<p>Langsame Trocknung und richtige Reifung sind der Schl\u00fcssel, um die intensiven Aromen und den Geschmack zu erhalten und den Cannabinoidgehalt zu erh\u00f6hen.<\/p>\n<p>&nbsp;<\/p>\n<h3 class=\"western\">Ist Zkittlez Fast f\u00fcr kalte Klimazonen geeignet?<\/h3>\n<p>Ja, dank ihrer schnellen Bl\u00fcte kann sie noch vor dem ersten Frost geerntet werden.<\/p>","protected":false},"excerpt":{"rendered":"<p>2x Cherry Pie Fast<br \/>\n- Innenh\u00f6he: 70 - 90 cm.<br \/>\n- Bl\u00fctezeit: 50 - 55 Tage.<br \/>\n- Ausbeute: 500 - 550 gr\/m2.<br \/>\n- Au\u00dfenh\u00f6he: 180 - 240 cm.<br \/>\n- Ernte: 01 - 10 Sept.<br \/>\n- THC: 21%<\/p>\n<p>2x Gelato #33 Fast<br \/>\n- Innenh\u00f6he: 80 - 110 cm.<br \/>\n- Bl\u00fctezeit: 45 - 55 Tage.<br \/>\n- Ausbeute: 500 - 550 gr\/m2.<br \/>\n- Au\u00dfenh\u00f6he: 190 - 240 cm.<br \/>\n- Ernte: 01 - 10 Sept.<br \/>\n- THC: 24%<\/p>\n<p>2x Zkittlez Fast<br \/>\n- Innenh\u00f6he: 80 - 100 cm.<br \/>\n- Bl\u00fctezeit: 45 - 55 Tage.<br \/>\n- Ausbeute: 500 - 550 gr\/m2.<br \/>\n- Au\u00dfenh\u00f6he: 180 - 240 cm.<br \/>\n- Ernte: 01 - 10 Sept.<br \/>\n- THC: 23%<\/p>","protected":false},"featured_media":20316,"comment_status":"open","ping_status":"closed","template":"","meta":{"_acf_changed":false},"product_brand":[],"product_cat":[71],"product_tag":[],"class_list":{"0":"post-20081","1":"product","2":"type-product","3":"status-publish","4":"has-post-thumbnail","6":"product_cat-colecciones","8":"first","9":"instock","10":"taxable","11":"shipping-taxable","12":"purchasable","13":"product-type-simple"},"acf":[],"yoast_head":"<!-- This site is optimized with the Yoast SEO Premium plugin v26.3 (Yoast SEO v26.6) - https:\/\/yoast.com\/wordpress\/plugins\/seo\/ -->\n<title>Feminized Collection #10 Advanced Seeds - Advanced Seeds<\/title>\n<meta name=\"robots\" content=\"index, follow, max-snippet:-1, max-image-preview:large, max-video-preview:-1\" \/>\n<link rel=\"canonical\" href=\"https:\/\/advancedseeds.com\/de\/tienda\/colecciones\/feminized-collection-10-advanced-seeds\/\" \/>\n<meta property=\"og:locale\" content=\"de_DE\" \/>\n<meta property=\"og:type\" content=\"article\" \/>\n<meta property=\"og:title\" content=\"Feminized Collection #10 Advanced Seeds\" \/>\n<meta property=\"og:description\" content=\"2x Cherry Pie Fast - Altura interior: 70 - 90 cm. - Floraci\u00f3n: 50 - 55 d\u00edas. - Producci\u00f3n: 500 - 550 gr\/m2. - Altura exterior: 180 - 240 cm. - Cosecha: 01 - 10 Sept. - THC: 21%  2x Gelato #33 Fast - Altura interior: 80 - 110 cm. - Floraci\u00f3n: 45 - 55 d\u00edas. - Producci\u00f3n: 500 - 550 gr\/m2. - Altura exterior: 190 - 240 cm. - Cosecha: 01 - 10 Sept. - THC: 24%  2x Zkittlez Fast - Altura interior: 80 - 100 cm. - Floraci\u00f3n: 45 - 55 d\u00edas. - Producci\u00f3n: 500 - 550 gr\/m2. - Altura exterior: 180 - 240 cm. - Cosecha: 01 - 10 Sept. - THC: 23%\" \/>\n<meta property=\"og:url\" content=\"https:\/\/advancedseeds.com\/de\/tienda\/colecciones\/feminized-collection-10-advanced-seeds\/\" \/>\n<meta property=\"og:site_name\" content=\"Advanced Seeds\" \/>\n<meta property=\"article:modified_time\" content=\"2026-04-15T09:45:16+00:00\" \/>\n<meta property=\"og:image\" content=\"https:\/\/advancedseeds.com\/web\/wp-content\/uploads\/2025\/03\/femcol10.jpg\" \/>\n\t<meta property=\"og:image:width\" content=\"819\" \/>\n\t<meta property=\"og:image:height\" content=\"1232\" \/>\n\t<meta property=\"og:image:type\" content=\"image\/jpeg\" \/>\n<meta name=\"twitter:card\" content=\"summary_large_image\" \/>\n<meta name=\"twitter:label1\" content=\"Gesch\u00e4tzte Lesezeit\" \/>\n\t<meta name=\"twitter:data1\" content=\"8\u00a0Minuten\" \/>\n<script type=\"application\/ld+json\" class=\"yoast-schema-graph\">{\"@context\":\"https:\/\/schema.org\",\"@graph\":[{\"@type\":\"WebPage\",\"@id\":\"https:\/\/advancedseeds.com\/tienda\/colecciones\/feminized-collection-10-advanced-seeds\/\",\"url\":\"https:\/\/advancedseeds.com\/tienda\/colecciones\/feminized-collection-10-advanced-seeds\/\",\"name\":\"Feminized Collection #10 Advanced Seeds - Advanced Seeds\",\"isPartOf\":{\"@id\":\"https:\/\/advancedseeds.com\/#website\"},\"primaryImageOfPage\":{\"@id\":\"https:\/\/advancedseeds.com\/tienda\/colecciones\/feminized-collection-10-advanced-seeds\/#primaryimage\"},\"image\":{\"@id\":\"https:\/\/advancedseeds.com\/tienda\/colecciones\/feminized-collection-10-advanced-seeds\/#primaryimage\"},\"thumbnailUrl\":\"https:\/\/advancedseeds.com\/web\/wp-content\/uploads\/2025\/03\/femcol10.jpg\",\"datePublished\":\"2025-03-11T11:58:02+00:00\",\"dateModified\":\"2026-04-15T09:45:16+00:00\",\"breadcrumb\":{\"@id\":\"https:\/\/advancedseeds.com\/tienda\/colecciones\/feminized-collection-10-advanced-seeds\/#breadcrumb\"},\"inLanguage\":\"de\",\"potentialAction\":[{\"@type\":\"ReadAction\",\"target\":[\"https:\/\/advancedseeds.com\/tienda\/colecciones\/feminized-collection-10-advanced-seeds\/\"]}]},{\"@type\":\"ImageObject\",\"inLanguage\":\"de\",\"@id\":\"https:\/\/advancedseeds.com\/tienda\/colecciones\/feminized-collection-10-advanced-seeds\/#primaryimage\",\"url\":\"https:\/\/advancedseeds.com\/web\/wp-content\/uploads\/2025\/03\/femcol10.jpg\",\"contentUrl\":\"https:\/\/advancedseeds.com\/web\/wp-content\/uploads\/2025\/03\/femcol10.jpg\",\"width\":819,\"height\":1232},{\"@type\":\"BreadcrumbList\",\"@id\":\"https:\/\/advancedseeds.com\/tienda\/colecciones\/feminized-collection-10-advanced-seeds\/#breadcrumb\",\"itemListElement\":[{\"@type\":\"ListItem\",\"position\":1,\"name\":\"Home\",\"item\":\"https:\/\/advancedseeds.com\/\"},{\"@type\":\"ListItem\",\"position\":2,\"name\":\"Tienda\",\"item\":\"https:\/\/advancedseeds.com\/\"},{\"@type\":\"ListItem\",\"position\":3,\"name\":\"Feminized Collection #10 Advanced Seeds\"}]},{\"@type\":\"WebSite\",\"@id\":\"https:\/\/advancedseeds.com\/#website\",\"url\":\"https:\/\/advancedseeds.com\/\",\"name\":\"Advanced Seeds\",\"description\":\"Gen\u00e9ticas Avanzadas en semillas feminizadas y autom\u00e1ticas.\",\"publisher\":{\"@id\":\"https:\/\/advancedseeds.com\/#organization\"},\"potentialAction\":[{\"@type\":\"SearchAction\",\"target\":{\"@type\":\"EntryPoint\",\"urlTemplate\":\"https:\/\/advancedseeds.com\/?s={search_term_string}\"},\"query-input\":{\"@type\":\"PropertyValueSpecification\",\"valueRequired\":true,\"valueName\":\"search_term_string\"}}],\"inLanguage\":\"de\"},{\"@type\":\"Organization\",\"@id\":\"https:\/\/advancedseeds.com\/#organization\",\"name\":\"Advanced Seeds\",\"url\":\"https:\/\/advancedseeds.com\/\",\"logo\":{\"@type\":\"ImageObject\",\"inLanguage\":\"de\",\"@id\":\"https:\/\/advancedseeds.com\/#\/schema\/logo\/image\/\",\"url\":\"https:\/\/advancedseeds.com\/web\/wp-content\/uploads\/2021\/01\/logo-advanced.jpg\",\"contentUrl\":\"https:\/\/advancedseeds.com\/web\/wp-content\/uploads\/2021\/01\/logo-advanced.jpg\",\"width\":600,\"height\":600,\"caption\":\"Advanced Seeds\"},\"image\":{\"@id\":\"https:\/\/advancedseeds.com\/#\/schema\/logo\/image\/\"}}]}<\/script>\n<!-- \/ Yoast SEO Premium plugin. -->","yoast_head_json":{"title":"Feminized Collection #10 Advanced Seeds - Advanced Seeds","robots":{"index":"index","follow":"follow","max-snippet":"max-snippet:-1","max-image-preview":"max-image-preview:large","max-video-preview":"max-video-preview:-1"},"canonical":"https:\/\/advancedseeds.com\/de\/tienda\/colecciones\/feminized-collection-10-advanced-seeds\/","og_locale":"de_DE","og_type":"article","og_title":"Feminized Collection #10 Advanced Seeds","og_description":"2x Cherry Pie Fast - Altura interior: 70 - 90 cm. - Floraci\u00f3n: 50 - 55 d\u00edas. - Producci\u00f3n: 500 - 550 gr\/m2. - Altura exterior: 180 - 240 cm. - Cosecha: 01 - 10 Sept. - THC: 21%  2x Gelato #33 Fast - Altura interior: 80 - 110 cm. - Floraci\u00f3n: 45 - 55 d\u00edas. - Producci\u00f3n: 500 - 550 gr\/m2. - Altura exterior: 190 - 240 cm. - Cosecha: 01 - 10 Sept. - THC: 24%  2x Zkittlez Fast - Altura interior: 80 - 100 cm. - Floraci\u00f3n: 45 - 55 d\u00edas. - Producci\u00f3n: 500 - 550 gr\/m2. - Altura exterior: 180 - 240 cm. - Cosecha: 01 - 10 Sept. - THC: 23%","og_url":"https:\/\/advancedseeds.com\/de\/tienda\/colecciones\/feminized-collection-10-advanced-seeds\/","og_site_name":"Advanced Seeds","article_modified_time":"2026-04-15T09:45:16+00:00","og_image":[{"width":819,"height":1232,"url":"https:\/\/advancedseeds.com\/web\/wp-content\/uploads\/2025\/03\/femcol10.jpg","type":"image\/jpeg"}],"twitter_card":"summary_large_image","twitter_misc":{"Gesch\u00e4tzte Lesezeit":"8\u00a0Minuten"},"schema":{"@context":"https:\/\/schema.org","@graph":[{"@type":"WebPage","@id":"https:\/\/advancedseeds.com\/tienda\/colecciones\/feminized-collection-10-advanced-seeds\/","url":"https:\/\/advancedseeds.com\/tienda\/colecciones\/feminized-collection-10-advanced-seeds\/","name":"Feminized Collection #10 Advanced Seeds - Advanced Seeds","isPartOf":{"@id":"https:\/\/advancedseeds.com\/#website"},"primaryImageOfPage":{"@id":"https:\/\/advancedseeds.com\/tienda\/colecciones\/feminized-collection-10-advanced-seeds\/#primaryimage"},"image":{"@id":"https:\/\/advancedseeds.com\/tienda\/colecciones\/feminized-collection-10-advanced-seeds\/#primaryimage"},"thumbnailUrl":"https:\/\/advancedseeds.com\/web\/wp-content\/uploads\/2025\/03\/femcol10.jpg","datePublished":"2025-03-11T11:58:02+00:00","dateModified":"2026-04-15T09:45:16+00:00","breadcrumb":{"@id":"https:\/\/advancedseeds.com\/tienda\/colecciones\/feminized-collection-10-advanced-seeds\/#breadcrumb"},"inLanguage":"de","potentialAction":[{"@type":"ReadAction","target":["https:\/\/advancedseeds.com\/tienda\/colecciones\/feminized-collection-10-advanced-seeds\/"]}]},{"@type":"ImageObject","inLanguage":"de","@id":"https:\/\/advancedseeds.com\/tienda\/colecciones\/feminized-collection-10-advanced-seeds\/#primaryimage","url":"https:\/\/advancedseeds.com\/web\/wp-content\/uploads\/2025\/03\/femcol10.jpg","contentUrl":"https:\/\/advancedseeds.com\/web\/wp-content\/uploads\/2025\/03\/femcol10.jpg","width":819,"height":1232},{"@type":"BreadcrumbList","@id":"https:\/\/advancedseeds.com\/tienda\/colecciones\/feminized-collection-10-advanced-seeds\/#breadcrumb","itemListElement":[{"@type":"ListItem","position":1,"name":"Home","item":"https:\/\/advancedseeds.com\/"},{"@type":"ListItem","position":2,"name":"Tienda","item":"https:\/\/advancedseeds.com\/"},{"@type":"ListItem","position":3,"name":"Feminized Collection #10 Advanced Seeds"}]},{"@type":"WebSite","@id":"https:\/\/advancedseeds.com\/#website","url":"https:\/\/advancedseeds.com\/","name":"Advanced Seeds","description":"Fortschrittliche Genetik in feminisierten und automatischen Samen.","publisher":{"@id":"https:\/\/advancedseeds.com\/#organization"},"potentialAction":[{"@type":"SearchAction","target":{"@type":"EntryPoint","urlTemplate":"https:\/\/advancedseeds.com\/?s={search_term_string}"},"query-input":{"@type":"PropertyValueSpecification","valueRequired":true,"valueName":"search_term_string"}}],"inLanguage":"de"},{"@type":"Organization","@id":"https:\/\/advancedseeds.com\/#organization","name":"Advanced Seeds","url":"https:\/\/advancedseeds.com\/","logo":{"@type":"ImageObject","inLanguage":"de","@id":"https:\/\/advancedseeds.com\/#\/schema\/logo\/image\/","url":"https:\/\/advancedseeds.com\/web\/wp-content\/uploads\/2021\/01\/logo-advanced.jpg","contentUrl":"https:\/\/advancedseeds.com\/web\/wp-content\/uploads\/2021\/01\/logo-advanced.jpg","width":600,"height":600,"caption":"Advanced Seeds"},"image":{"@id":"https:\/\/advancedseeds.com\/#\/schema\/logo\/image\/"}}]}},"_links":{"self":[{"href":"https:\/\/advancedseeds.com\/de\/wp-json\/wp\/v2\/product\/20081","targetHints":{"allow":["GET"]}}],"collection":[{"href":"https:\/\/advancedseeds.com\/de\/wp-json\/wp\/v2\/product"}],"about":[{"href":"https:\/\/advancedseeds.com\/de\/wp-json\/wp\/v2\/types\/product"}],"replies":[{"embeddable":true,"href":"https:\/\/advancedseeds.com\/de\/wp-json\/wp\/v2\/comments?post=20081"}],"wp:featuredmedia":[{"embeddable":true,"href":"https:\/\/advancedseeds.com\/de\/wp-json\/wp\/v2\/media\/20316"}],"wp:attachment":[{"href":"https:\/\/advancedseeds.com\/de\/wp-json\/wp\/v2\/media?parent=20081"}],"wp:term":[{"taxonomy":"product_brand","embeddable":true,"href":"https:\/\/advancedseeds.com\/de\/wp-json\/wp\/v2\/product_brand?post=20081"},{"taxonomy":"product_cat","embeddable":true,"href":"https:\/\/advancedseeds.com\/de\/wp-json\/wp\/v2\/product_cat?post=20081"},{"taxonomy":"product_tag","embeddable":true,"href":"https:\/\/advancedseeds.com\/de\/wp-json\/wp\/v2\/product_tag?post=20081"}],"curies":[{"name":"wp","href":"https:\/\/api.w.org\/{rel}","templated":true}]}}