{"id":2734,"date":"2021-08-23T10:52:05","date_gmt":"2021-08-23T09:52:05","guid":{"rendered":"https:\/\/advancedseeds.com\/web\/?post_type=product&#038;p=2734"},"modified":"2025-03-22T17:52:18","modified_gmt":"2025-03-22T16:52:18","slug":"amnesia-fast","status":"publish","type":"product","link":"https:\/\/advancedseeds.com\/de\/tienda\/fast\/amnesia-fast\/","title":{"rendered":"Amnesia Fast"},"content":{"rendered":"<p><span style=\"font-weight: 400\">Die <\/span><b>Amnesia Fast Samen von Advanced Seeds<\/b><span style=\"font-weight: 400\"> sind eine hervorragende Wahl f\u00fcr diejenigen, die Geschwindigkeit und Potenz in ihrem Anbau suchen. Diese schnelle und einfach zu z\u00fcchtende Version unserer Amnesia zeichnet sich durch gro\u00dfe Ertr\u00e4ge, harzige Knospen und einzigartige Resistenz gegen Sch\u00e4dlinge und Schimmel aus. Mach Dich bereit f\u00fcr ein au\u00dfergew\u00f6hnliches Wachstumserlebnis!<\/span><\/p>\n<h2><span style=\"font-weight: 400\">Was sind die genetischen Eigenschaften dieser Samen?<\/span><\/h2>\n<p><span style=\"font-weight: 400\">Die <\/span><a href=\"https:\/\/advancedseeds.com\/web\/categoria-producto\/fast\/\"><b>Samen schnelle Version<\/b><\/a><b> Amnesia<\/b><span style=\"font-weight: 400\"> sind eine sublime Kreuzung zwischen dem legend\u00e4ren Amnesia und unserer Automatikversion des Amnesia, dem beeindruckenden <\/span><a href=\"https:\/\/advancedseeds.com\/web\/producto\/auto-amnesia-xxl\/\"><span style=\"font-weight: 400\">Auto Amnesia XXL<\/span><\/a><span style=\"font-weight: 400\">\u00a0 . Dieser einzigartige Hybrid hat eine starke Sativa-Dominanz, was zu einer Pflanze mit beeindruckenden Eigenschaften und einer nat\u00fcrlichen Resistenz gegen Widrigkeiten f\u00fchrt.<\/span><\/p>\n<h2><span style=\"font-weight: 400\">Wie sehen die feminisierten Amnesia Fast-Samen aus?<\/span><\/h2>\n<p><span style=\"font-weight: 400\">Aus diesen Samen entsteht in Innenr\u00e4umen eine mittelgro\u00dfe Pflanze mit einer H\u00f6he zwischen 80 und 100 cm, im Freien kann sie 2,5 m erreichen. Ihre Morphologie ist nicht so hoch und langgestreckt wie die der normalen Photoperioden-Version, aber sie weist einen mittleren Abstand zwischen den Knoten auf, was die Dichte der Bl\u00fcten sp\u00e4ter verbessert. Die Knospen sind h\u00e4rter als sie aussehen, l\u00e4nglich und vollst\u00e4ndig mit Trichomen bedeckt, mit gro\u00dfen K\u00f6pfen, sowohl an den Kelchen als auch an den angrenzenden Bl\u00e4ttern.<\/span><\/p>\n<h2><span style=\"font-weight: 400\">Wie werden diese Samen im Innen- und Au\u00dfenbereich angebaut?<\/span><\/h2>\n<p><span style=\"font-weight: 400\">Als schnell bl\u00fchende photoperiodische Sorte bietet Amnesia Fast viele Vorteile f\u00fcr unerfahrene Z\u00fcchter, die Sorten mit Sativa-Effekt ernten m\u00f6chten. <\/span><\/p>\n<h3><span style=\"font-weight: 400\">Innenanbau:<\/span><\/h3>\n<p><span style=\"font-weight: 400\">Man kann sie nat\u00fcrlich wachsen lassen und sie werden gut gedeihen, aber wenn man sie apikal oder FIM beschneidet, gewinnt man aus zwei Gr\u00fcnden an Produktion: erstens, weil man mehr Hauptknospen erh\u00e4lt, und zweitens, weil das Beschneiden das Wachstum der zentralen Knospe verlangsamt und es den Seitenzweigen erm\u00f6glicht, ihre H\u00f6he zu erreichen, so dass man viele Spitzen hat, die viel Licht bekommen.\u00a0<\/span><\/p>\n<h3><span style=\"font-weight: 400\">Anbau im Freien:<\/span><\/h3>\n<p><span style=\"font-weight: 400\">Ihr schneller Bl\u00fctezyklus erm\u00f6glicht eine fr\u00fchere Ernte, so dass die Amnesia Fast-Samen eine perfekte Wahl f\u00fcr Z\u00fcchter sind, die in Regionen leben, in denen andere Sativa-Sorten nicht ohne Probleme geerntet werden k\u00f6nnen. Verwenden Sie Qualit\u00e4tssubstrate von bekannten Marken und halten Sie einen mittleren EC-Wert f\u00fcr optimale Ergebnisse ein. Beim Anbau im Freien ist ein Beschneiden sehr empfehlenswert, ebenso wie das Aufstellen von Spalieren zur Unterst\u00fctzung der Zweige.<\/span><\/p>\n<h2><span style=\"font-weight: 400\">Wann wird die Amnesia Fast geerntet?<\/span><\/h2>\n<p><span style=\"font-weight: 400\">Im Innenanbau ist die Amnesia Fast nach 65-70 Tagen Bl\u00fctezeit erntereif. Im Freien ist die Ernte zwischen 1-10 Oktober in der n\u00f6rdlichen Hemisph\u00e4re und Anfang M\u00e4rz in der s\u00fcdlichen Hemisph\u00e4re. Wenn Sie diese Sorte zu lange reifen lassen, verliert die Sativa-Wirkung ein wenig an Glanz, bedenken Sie dies, wenn Sie Euphorie und Psychoaktivit\u00e4t bevorzugen.<\/span><\/p>\n<h2><span style=\"font-weight: 400\">Wie viel produzieren diese Samen?<\/span><\/h2>\n<p><span style=\"font-weight: 400\">Unter normalen Bedingungen kann man in Innenr\u00e4umen zwischen 450 und 550 g\/m2 erzielen, abh\u00e4ngig von der Art und St\u00e4rke des Lichts, der Ern\u00e4hrung der Pflanzen und vor allem dem Geschick des Z\u00fcchters. Im Freien kann jede Pflanze beeindruckende Mengen produzieren, so viel wie jede lichtabh\u00e4ngige Sorte, und kann \u00fcber 800 Gramm erreichen, wenn sie reichlich Erde und Stunden mit direktem Sonnenlicht hat.<\/span><\/p>\n<h2><span style=\"font-weight: 400\">Wie ist das Aroma und der Geschmack von Amnesia Fast feminisierten Samen?<\/span><\/h2>\n<p><span style=\"font-weight: 400\">Machen Sie sich bereit f\u00fcr eine Reise der Sinne: ein zitroniges Aroma mit einem Hauch von Weihrauch und Gew\u00fcrzen und ein Geschmack, der das Beste aus Zitrusfr\u00fcchten mit blumigen und w\u00fcrzigen Noten kombiniert. Ein Genuss f\u00fcr die Sinne, den Sie gar nicht mehr aufh\u00f6ren m\u00f6chten zu genie\u00dfen, aber seien Sie vorsichtig, dass Sie es nicht \u00fcbertreiben, denn er hat es auch in sich.<\/span><\/p>\n<h2><span style=\"font-weight: 400\">Welche Wirkung hat dieses Marihuana?<\/span><\/h2>\n<p><span style=\"font-weight: 400\">Mit 18% THC bietet Amnesia Fast eine starke, stimulierende zerebrale Wirkung, die perfekt ist, um Kreativit\u00e4t zu entfesseln und Momente der Euphorie und des allgemeinen Wohlbefindens zu genie\u00dfen. Auf k\u00f6rperlicher Ebene beginnt sie mit einer schnelleren Herzfrequenz und l\u00e4dt dazu ein, alle m\u00f6glichen Aufgaben zu erledigen, aber nach einer Weile f\u00fchlt sie sich zunehmend entspannend an.<\/span><\/p>\n<h2><span style=\"font-weight: 400\">Feminisierte Samen Amnesia Fast zum besten Preis kaufen.<\/span><\/h2>\n<p><span style=\"font-weight: 400\">Bist Du bereit, Deinen Anbau auf die n\u00e4chste Stufe zu heben? Die feminisierten Samen Amnesia Fast von Advanced Seeds sind Ihre Eintrittskarte zu einer schnellen, reichhaltigen und potenten Ernte - kaufen Sie jetzt und erleben Sie exzellenten Anbau!<\/span><\/p>\n<p><span style=\"font-weight: 400\">Unten sehen Sie eine Vergleichstabelle zwischen verschiedenen Versionen der Amnesia Marihuana-Sorte:<\/span><\/p>\n<table>\n<tbody>\n<tr>\n<td><b>Eigenschaften<\/b><\/td>\n<td><b>Amnesia Fast<\/b><\/td>\n<td><b>Amnesia Feminisiert<\/b><\/td>\n<td><b>Auto Amnesia XXL<\/b><\/td>\n<td><b>Amnesia CBD<\/b><\/td>\n<\/tr>\n<tr>\n<td><span style=\"font-weight: 400\">Genetik<\/span><\/td>\n<td><span style=\"font-weight: 400\">Hybrid (Sativa-dominant)<\/span><\/td>\n<td><span style=\"font-weight: 400\">Sativa dominant<\/span><\/td>\n<td><span style=\"font-weight: 400\">Hybrid (Sativa-dominant)<\/span><\/td>\n<td><span style=\"font-weight: 400\">Hybrid mit hohem CBD-Gehalt<\/span><\/td>\n<\/tr>\n<tr>\n<td><span style=\"font-weight: 400\">THC<\/span><\/td>\n<td><span style=\"font-weight: 400\">18%<\/span><\/td>\n<td><span style=\"font-weight: 400\">18-25%<\/span><\/td>\n<td><span style=\"font-weight: 400\">14-16%<\/span><\/td>\n<td><span style=\"font-weight: 400\">6-12% (Verschiedenes)<\/span><\/td>\n<\/tr>\n<tr>\n<td><span style=\"font-weight: 400\">CBD<\/span><\/td>\n<td><span style=\"font-weight: 400\">Unter<\/span><\/td>\n<td><span style=\"font-weight: 400\">Unter<\/span><\/td>\n<td><span style=\"font-weight: 400\">Unter<\/span><\/td>\n<td><span style=\"font-weight: 400\">Hoch (unterschiedlich)<\/span><\/td>\n<\/tr>\n<tr>\n<td><span style=\"font-weight: 400\">Leistung in Innenr\u00e4umen<\/span><\/td>\n<td><span style=\"font-weight: 400\">450-550 g\/m2<\/span><\/td>\n<td><span style=\"font-weight: 400\">500-600 g\/m2<\/span><\/td>\n<td><span style=\"font-weight: 400\">550-600 g\/m2<\/span><\/td>\n<td><span style=\"font-weight: 400\">400-450 g\/m2<\/span><\/td>\n<\/tr>\n<tr>\n<td><span style=\"font-weight: 400\">Leistung im Freien<\/span><\/td>\n<td><span style=\"font-weight: 400\">400-800 g\/Pflanze<\/span><\/td>\n<td><span style=\"font-weight: 400\">600-800 g\/Pflanze<\/span><\/td>\n<td><span style=\"font-weight: 400\">100-200 g\/Pflanze<\/span><\/td>\n<td><span style=\"font-weight: 400\">300-400 g\/Pflanze<\/span><\/td>\n<\/tr>\n<tr>\n<td><span style=\"font-weight: 400\">Innere H\u00f6he<\/span><\/td>\n<td><span style=\"font-weight: 400\">80-100 cm<\/span><\/td>\n<td><span style=\"font-weight: 400\">70-150 cm<\/span><\/td>\n<td><span style=\"font-weight: 400\">80-100 cm<\/span><\/td>\n<td><span style=\"font-weight: 400\">80-120 cm<\/span><\/td>\n<\/tr>\n<tr>\n<td><span style=\"font-weight: 400\">\u00c4u\u00dfere H\u00f6he<\/span><\/td>\n<td><span style=\"font-weight: 400\">2,0-2,5 m<\/span><\/td>\n<td><span style=\"font-weight: 400\">2,5-3,5 m<\/span><\/td>\n<td><span style=\"font-weight: 400\">1,1-1,7 m<\/span><\/td>\n<td><span style=\"font-weight: 400\">1,5-2,0 m<\/span><\/td>\n<\/tr>\n<tr>\n<td><span style=\"font-weight: 400\">Bl\u00fctezeit<\/span><\/td>\n<td><span style=\"font-weight: 400\">65-70 Tage<\/span><\/td>\n<td><span style=\"font-weight: 400\">65-75 Tage<\/span><\/td>\n<td><span style=\"font-weight: 400\">70-80 Tage (ab Keimung)<\/span><\/td>\n<td><span style=\"font-weight: 400\">70-80 Tage<\/span><\/td>\n<\/tr>\n<tr>\n<td><span style=\"font-weight: 400\">Outdoor-Ernte<\/span><\/td>\n<td><span style=\"font-weight: 400\">1-10 Oktober<\/span><\/td>\n<td><span style=\"font-weight: 400\">Oktober<\/span><\/td>\n<td><span style=\"font-weight: 400\">10-11 Wochen ab Keimung<\/span><\/td>\n<td><span style=\"font-weight: 400\">Oktober<\/span><\/td>\n<\/tr>\n<tr>\n<td><span style=\"font-weight: 400\">Aroma und Geschmack<\/span><\/td>\n<td><span style=\"font-weight: 400\">Zitrone, Weihrauch, Gew\u00fcrze<\/span><\/td>\n<td><span style=\"font-weight: 400\">Zitrus, Haze, Gew\u00fcrz<\/span><\/td>\n<td><span style=\"font-weight: 400\">Zitrus, Haze<\/span><\/td>\n<td><span style=\"font-weight: 400\">Zitrus, s\u00fc\u00df, CBD<\/span><\/td>\n<\/tr>\n<tr>\n<td><span style=\"font-weight: 400\">Wirkung<\/span><\/td>\n<td><span style=\"font-weight: 400\">Euphorisch, zerebral<\/span><\/td>\n<td><span style=\"font-weight: 400\">Kraftvoll, euphorisch, zerebral<\/span><\/td>\n<td><span style=\"font-weight: 400\">Euphorisch, entspannend<\/span><\/td>\n<td><span style=\"font-weight: 400\">Entspannend, medizinisch<\/span><\/td>\n<\/tr>\n<tr>\n<td><span style=\"font-weight: 400\">Resistenz gegen Sch\u00e4dlinge\/Schimmel<\/span><\/td>\n<td><span style=\"font-weight: 400\">Hoch<\/span><\/td>\n<td><span style=\"font-weight: 400\">Hoch<\/span><\/td>\n<td><span style=\"font-weight: 400\">Hoch<\/span><\/td>\n<td><span style=\"font-weight: 400\">Mittel\/Hoch<\/span><\/td>\n<\/tr>\n<tr>\n<td><span style=\"font-weight: 400\">Schwierigkeit der Kultivierung<\/span><\/td>\n<td><span style=\"font-weight: 400\">Leicht\/Mittel<\/span><\/td>\n<td><span style=\"font-weight: 400\">Medien<\/span><\/td>\n<td><span style=\"font-weight: 400\">Einfach<\/span><\/td>\n<td><span style=\"font-weight: 400\">Medien<\/span><\/td>\n<\/tr>\n<tr>\n<td><span style=\"font-weight: 400\">Typ<\/span><\/td>\n<td><span style=\"font-weight: 400\">Photoperiodisch<\/span><\/td>\n<td><span style=\"font-weight: 400\">Photoperiodisch<\/span><\/td>\n<td><span style=\"font-weight: 400\">Autoflowering<\/span><\/td>\n<td><span style=\"font-weight: 400\">Photoperiodisch mit hohem CBD<\/span><\/td>\n<\/tr>\n<\/tbody>\n<\/table>\n<p>&nbsp;<\/p>\n<p>&nbsp;<\/p>","protected":false},"excerpt":{"rendered":"<p>Schnelle und einfach anzubauende Version unserer Amnesia mit einer einzigartigen Gr\u00f6\u00dfe und Widerstandsf\u00e4higkeit. Eine ertragreiche Pflanze mit harz- und zucker\u00fcberzogenen Knospen dank ihrer Sativa-Dominanz. Diese Sorte hat von Natur aus eine hohe Resistenz gegen Sch\u00e4dlinge und Schimmel. Zitronenaroma und -geschmack mit einem Hauch von Weihrauch und Gew\u00fcrzen.<\/p>","protected":false},"featured_media":19647,"comment_status":"open","ping_status":"closed","template":"","meta":{"_acf_changed":false},"product_brand":[],"product_cat":[80],"product_tag":[],"class_list":{"0":"post-2734","1":"product","2":"type-product","3":"status-publish","4":"has-post-thumbnail","6":"product_cat-fast","8":"first","9":"instock","10":"taxable","11":"shipping-taxable","12":"purchasable","13":"product-type-variable"},"acf":[],"yoast_head":"<!-- This site is optimized with the Yoast SEO Premium plugin v26.3 (Yoast SEO v26.6) - https:\/\/yoast.com\/wordpress\/plugins\/seo\/ -->\n<title>Amnesia Fast - Advanced Seeds<\/title>\n<meta name=\"robots\" content=\"index, follow, max-snippet:-1, max-image-preview:large, max-video-preview:-1\" \/>\n<link rel=\"canonical\" href=\"https:\/\/advancedseeds.com\/de\/tienda\/fast\/amnesia-fast\/\" \/>\n<meta property=\"og:locale\" content=\"de_DE\" \/>\n<meta property=\"og:type\" content=\"article\" \/>\n<meta property=\"og:title\" content=\"Amnesia Fast\" \/>\n<meta property=\"og:description\" content=\"Versi\u00f3n r\u00e1pida y de f\u00e1cil cultivo de nuestra Amnesia con un porte y resistencia \u00fanicos. Planta de gran producci\u00f3n de cogollos ba\u00f1ados de resina y az\u00facares gracias a su dominancia sativa. Esta cepa conserva de forma natural una alta resistencia a las plagas y el moho. Aroma y sabor a lim\u00f3n con matices de incienso y especias.\" \/>\n<meta property=\"og:url\" content=\"https:\/\/advancedseeds.com\/de\/tienda\/fast\/amnesia-fast\/\" \/>\n<meta property=\"og:site_name\" content=\"Advanced Seeds\" \/>\n<meta property=\"article:modified_time\" content=\"2025-03-22T16:52:18+00:00\" \/>\n<meta property=\"og:image\" content=\"https:\/\/advancedseeds.com\/web\/wp-content\/uploads\/2021\/08\/Amnesia-Fast-scaled.jpg\" \/>\n\t<meta property=\"og:image:width\" content=\"1928\" \/>\n\t<meta property=\"og:image:height\" content=\"2560\" \/>\n\t<meta property=\"og:image:type\" content=\"image\/jpeg\" \/>\n<meta name=\"twitter:card\" content=\"summary_large_image\" \/>\n<meta name=\"twitter:label1\" content=\"Gesch\u00e4tzte Lesezeit\" \/>\n\t<meta name=\"twitter:data1\" content=\"5\u00a0Minuten\" \/>\n<script type=\"application\/ld+json\" class=\"yoast-schema-graph\">{\"@context\":\"https:\/\/schema.org\",\"@graph\":[{\"@type\":\"WebPage\",\"@id\":\"https:\/\/advancedseeds.com\/tienda\/fast\/amnesia-fast\/\",\"url\":\"https:\/\/advancedseeds.com\/tienda\/fast\/amnesia-fast\/\",\"name\":\"Amnesia Fast - Advanced Seeds\",\"isPartOf\":{\"@id\":\"https:\/\/advancedseeds.com\/#website\"},\"primaryImageOfPage\":{\"@id\":\"https:\/\/advancedseeds.com\/tienda\/fast\/amnesia-fast\/#primaryimage\"},\"image\":{\"@id\":\"https:\/\/advancedseeds.com\/tienda\/fast\/amnesia-fast\/#primaryimage\"},\"thumbnailUrl\":\"https:\/\/advancedseeds.com\/web\/wp-content\/uploads\/2021\/08\/Amnesia-Fast-scaled.jpg\",\"datePublished\":\"2021-08-23T09:52:05+00:00\",\"dateModified\":\"2025-03-22T16:52:18+00:00\",\"breadcrumb\":{\"@id\":\"https:\/\/advancedseeds.com\/tienda\/fast\/amnesia-fast\/#breadcrumb\"},\"inLanguage\":\"de\",\"potentialAction\":[{\"@type\":\"ReadAction\",\"target\":[\"https:\/\/advancedseeds.com\/tienda\/fast\/amnesia-fast\/\"]}]},{\"@type\":\"ImageObject\",\"inLanguage\":\"de\",\"@id\":\"https:\/\/advancedseeds.com\/tienda\/fast\/amnesia-fast\/#primaryimage\",\"url\":\"https:\/\/advancedseeds.com\/web\/wp-content\/uploads\/2021\/08\/Amnesia-Fast-scaled.jpg\",\"contentUrl\":\"https:\/\/advancedseeds.com\/web\/wp-content\/uploads\/2021\/08\/Amnesia-Fast-scaled.jpg\",\"width\":1928,\"height\":2560},{\"@type\":\"BreadcrumbList\",\"@id\":\"https:\/\/advancedseeds.com\/tienda\/fast\/amnesia-fast\/#breadcrumb\",\"itemListElement\":[{\"@type\":\"ListItem\",\"position\":1,\"name\":\"Home\",\"item\":\"https:\/\/advancedseeds.com\/\"},{\"@type\":\"ListItem\",\"position\":2,\"name\":\"Tienda\",\"item\":\"https:\/\/advancedseeds.com\/\"},{\"@type\":\"ListItem\",\"position\":3,\"name\":\"Amnesia Fast\"}]},{\"@type\":\"WebSite\",\"@id\":\"https:\/\/advancedseeds.com\/#website\",\"url\":\"https:\/\/advancedseeds.com\/\",\"name\":\"Advanced Seeds\",\"description\":\"Gen\u00e9ticas Avanzadas en semillas feminizadas y autom\u00e1ticas.\",\"publisher\":{\"@id\":\"https:\/\/advancedseeds.com\/#organization\"},\"potentialAction\":[{\"@type\":\"SearchAction\",\"target\":{\"@type\":\"EntryPoint\",\"urlTemplate\":\"https:\/\/advancedseeds.com\/?s={search_term_string}\"},\"query-input\":{\"@type\":\"PropertyValueSpecification\",\"valueRequired\":true,\"valueName\":\"search_term_string\"}}],\"inLanguage\":\"de\"},{\"@type\":\"Organization\",\"@id\":\"https:\/\/advancedseeds.com\/#organization\",\"name\":\"Advanced Seeds\",\"url\":\"https:\/\/advancedseeds.com\/\",\"logo\":{\"@type\":\"ImageObject\",\"inLanguage\":\"de\",\"@id\":\"https:\/\/advancedseeds.com\/#\/schema\/logo\/image\/\",\"url\":\"https:\/\/advancedseeds.com\/web\/wp-content\/uploads\/2021\/01\/logo-advanced.jpg\",\"contentUrl\":\"https:\/\/advancedseeds.com\/web\/wp-content\/uploads\/2021\/01\/logo-advanced.jpg\",\"width\":600,\"height\":600,\"caption\":\"Advanced Seeds\"},\"image\":{\"@id\":\"https:\/\/advancedseeds.com\/#\/schema\/logo\/image\/\"}}]}<\/script>\n<!-- \/ Yoast SEO Premium plugin. -->","yoast_head_json":{"title":"Amnesia Fast - Advanced Seeds","robots":{"index":"index","follow":"follow","max-snippet":"max-snippet:-1","max-image-preview":"max-image-preview:large","max-video-preview":"max-video-preview:-1"},"canonical":"https:\/\/advancedseeds.com\/de\/tienda\/fast\/amnesia-fast\/","og_locale":"de_DE","og_type":"article","og_title":"Amnesia Fast","og_description":"Versi\u00f3n r\u00e1pida y de f\u00e1cil cultivo de nuestra Amnesia con un porte y resistencia \u00fanicos. Planta de gran producci\u00f3n de cogollos ba\u00f1ados de resina y az\u00facares gracias a su dominancia sativa. Esta cepa conserva de forma natural una alta resistencia a las plagas y el moho. Aroma y sabor a lim\u00f3n con matices de incienso y especias.","og_url":"https:\/\/advancedseeds.com\/de\/tienda\/fast\/amnesia-fast\/","og_site_name":"Advanced Seeds","article_modified_time":"2025-03-22T16:52:18+00:00","og_image":[{"width":1928,"height":2560,"url":"https:\/\/advancedseeds.com\/web\/wp-content\/uploads\/2021\/08\/Amnesia-Fast-scaled.jpg","type":"image\/jpeg"}],"twitter_card":"summary_large_image","twitter_misc":{"Gesch\u00e4tzte Lesezeit":"5\u00a0Minuten"},"schema":{"@context":"https:\/\/schema.org","@graph":[{"@type":"WebPage","@id":"https:\/\/advancedseeds.com\/tienda\/fast\/amnesia-fast\/","url":"https:\/\/advancedseeds.com\/tienda\/fast\/amnesia-fast\/","name":"Amnesia Fast - Advanced Seeds","isPartOf":{"@id":"https:\/\/advancedseeds.com\/#website"},"primaryImageOfPage":{"@id":"https:\/\/advancedseeds.com\/tienda\/fast\/amnesia-fast\/#primaryimage"},"image":{"@id":"https:\/\/advancedseeds.com\/tienda\/fast\/amnesia-fast\/#primaryimage"},"thumbnailUrl":"https:\/\/advancedseeds.com\/web\/wp-content\/uploads\/2021\/08\/Amnesia-Fast-scaled.jpg","datePublished":"2021-08-23T09:52:05+00:00","dateModified":"2025-03-22T16:52:18+00:00","breadcrumb":{"@id":"https:\/\/advancedseeds.com\/tienda\/fast\/amnesia-fast\/#breadcrumb"},"inLanguage":"de","potentialAction":[{"@type":"ReadAction","target":["https:\/\/advancedseeds.com\/tienda\/fast\/amnesia-fast\/"]}]},{"@type":"ImageObject","inLanguage":"de","@id":"https:\/\/advancedseeds.com\/tienda\/fast\/amnesia-fast\/#primaryimage","url":"https:\/\/advancedseeds.com\/web\/wp-content\/uploads\/2021\/08\/Amnesia-Fast-scaled.jpg","contentUrl":"https:\/\/advancedseeds.com\/web\/wp-content\/uploads\/2021\/08\/Amnesia-Fast-scaled.jpg","width":1928,"height":2560},{"@type":"BreadcrumbList","@id":"https:\/\/advancedseeds.com\/tienda\/fast\/amnesia-fast\/#breadcrumb","itemListElement":[{"@type":"ListItem","position":1,"name":"Home","item":"https:\/\/advancedseeds.com\/"},{"@type":"ListItem","position":2,"name":"Tienda","item":"https:\/\/advancedseeds.com\/"},{"@type":"ListItem","position":3,"name":"Amnesia Fast"}]},{"@type":"WebSite","@id":"https:\/\/advancedseeds.com\/#website","url":"https:\/\/advancedseeds.com\/","name":"Advanced Seeds","description":"Fortschrittliche Genetik in feminisierten und automatischen Samen.","publisher":{"@id":"https:\/\/advancedseeds.com\/#organization"},"potentialAction":[{"@type":"SearchAction","target":{"@type":"EntryPoint","urlTemplate":"https:\/\/advancedseeds.com\/?s={search_term_string}"},"query-input":{"@type":"PropertyValueSpecification","valueRequired":true,"valueName":"search_term_string"}}],"inLanguage":"de"},{"@type":"Organization","@id":"https:\/\/advancedseeds.com\/#organization","name":"Advanced Seeds","url":"https:\/\/advancedseeds.com\/","logo":{"@type":"ImageObject","inLanguage":"de","@id":"https:\/\/advancedseeds.com\/#\/schema\/logo\/image\/","url":"https:\/\/advancedseeds.com\/web\/wp-content\/uploads\/2021\/01\/logo-advanced.jpg","contentUrl":"https:\/\/advancedseeds.com\/web\/wp-content\/uploads\/2021\/01\/logo-advanced.jpg","width":600,"height":600,"caption":"Advanced Seeds"},"image":{"@id":"https:\/\/advancedseeds.com\/#\/schema\/logo\/image\/"}}]}},"_links":{"self":[{"href":"https:\/\/advancedseeds.com\/de\/wp-json\/wp\/v2\/product\/2734","targetHints":{"allow":["GET"]}}],"collection":[{"href":"https:\/\/advancedseeds.com\/de\/wp-json\/wp\/v2\/product"}],"about":[{"href":"https:\/\/advancedseeds.com\/de\/wp-json\/wp\/v2\/types\/product"}],"replies":[{"embeddable":true,"href":"https:\/\/advancedseeds.com\/de\/wp-json\/wp\/v2\/comments?post=2734"}],"wp:featuredmedia":[{"embeddable":true,"href":"https:\/\/advancedseeds.com\/de\/wp-json\/wp\/v2\/media\/19647"}],"wp:attachment":[{"href":"https:\/\/advancedseeds.com\/de\/wp-json\/wp\/v2\/media?parent=2734"}],"wp:term":[{"taxonomy":"product_brand","embeddable":true,"href":"https:\/\/advancedseeds.com\/de\/wp-json\/wp\/v2\/product_brand?post=2734"},{"taxonomy":"product_cat","embeddable":true,"href":"https:\/\/advancedseeds.com\/de\/wp-json\/wp\/v2\/product_cat?post=2734"},{"taxonomy":"product_tag","embeddable":true,"href":"https:\/\/advancedseeds.com\/de\/wp-json\/wp\/v2\/product_tag?post=2734"}],"curies":[{"name":"wp","href":"https:\/\/api.w.org\/{rel}","templated":true}]}}