{"id":2747,"date":"2021-08-23T12:04:38","date_gmt":"2021-08-23T11:04:38","guid":{"rendered":"https:\/\/advancedseeds.com\/web\/?post_type=product&#038;p=2747"},"modified":"2025-03-27T11:32:26","modified_gmt":"2025-03-27T10:32:26","slug":"slurricane","status":"publish","type":"product","link":"https:\/\/advancedseeds.com\/de\/tienda\/feminizadas\/slurricane\/","title":{"rendered":"Slurricane"},"content":{"rendered":"<p>Die <a href=\"https:\/\/advancedseeds.com\/web\/\"><b>Marihuana-Samen<\/b><\/a><b> feminisiert Slurricane<\/b> von Advanced Seeds sind eine wahre Revolution f\u00fcr Cannabisliebhaber. Die Kombination von Potenz mit au\u00dfergew\u00f6hnlichen Harzertr\u00e4gen und einem exquisiten Geschmack macht sie zur ersten Wahl f\u00fcr Kenner, die etwas Hochwertiges wollen, und warum auch nicht? Auch f\u00fcr mutige Konsumenten, die eine Spitzenwirkung erleben wollen.<\/p>\n<h2>Was sind die genetischen Eigenschaften dieser Samen?<\/h2>\n<p>Slurricane, ein Indica-dominanter Hybrid, ist das Ergebnis einer sorgf\u00e4ltigen Z\u00fcchtung. <b>Kreuzung aus Do-Si-Dos und Purple Punch<\/b>. Diese sorgf\u00e4ltig ausgew\u00e4hlte Genetik kombiniert die Robustheit und Potenz von Do-Si-Dos mit der S\u00fc\u00dfe und den Beerenaromen von Purple Punch. Diese Kombination schafft eine einzigartige Pflanze, nicht nur in Bezug auf die Potenz und den Geschmack, sondern auch in ihrer genetischen Stabilit\u00e4t. Diese Kreuzung ist ein Beispiel daf\u00fcr, wie zwei ikonische Sorten miteinander verschmelzen k\u00f6nnen, um etwas wirklich Au\u00dfergew\u00f6hnliches zu schaffen.<\/p>\n<h2>Wie sieht die Slurricane aus?<\/h2>\n<p>Slurricane zeichnet sich durch ihre beeindruckende \u00c4sthetik aus: eine mittelgro\u00dfe Pflanze mit einer soliden und kompakten Struktur, typisch f\u00fcr Indica-Sorten. Ihre St\u00e4ngel sind dick und robust und tragen das Gewicht der au\u00dferordentlich dichten und harzigen Knospen. Diese Knospen, wenn sie reif sind, k\u00f6nnen ein Spektakel von Farben zeigen, mit <b>Schattierungen von dunkelgr\u00fcn bis dunkelviolett<\/b>ein wahrer Augenschmaus. Die Harzproduktion ist bemerkenswert und hinterl\u00e4sst die Knospen gl\u00e4nzend und klebrig, perfekt f\u00fcr hochwertige Extraktionen.<\/p>\n<h2>Wie werden diese Samen im Innen- und Au\u00dfenbereich angebaut?<\/h2>\n<h3>Innen Culitvo:<\/h3>\n<p>Der Slurricane beweist seine Vielseitigkeit wie kaum ein anderer. Anpassungsf\u00e4hig an verschiedene Anbautechniken, wie z. B. <b>SOG und SCROG<\/b>Diese Sorte erm\u00f6glicht es dem Z\u00fcchter, den Platz und die Produktion zu maximieren. Wenn Sie so schnell wie m\u00f6glich fertig werden und so wenig wie m\u00f6glich arbeiten wollen, setzen Sie 16 Pflanzen\/m2 in 7-Liter-T\u00f6pfe, mit 3 Wochen Wachstum und dann in der Bl\u00fctezeit die SOG-Methode anwenden. Wenn es Ihnen hingegen nichts ausmacht, l\u00e4nger zu brauchen, und Sie lieber weniger Pflanzen anbauen m\u00f6chten, setzen Sie 9 Pflanzen\/m2 in 11-Liter-T\u00f6pfe und geben Sie ihnen etwa 5 Wochen vegetatives Wachstum, in denen Sie die Zeit nutzen k\u00f6nnen, um die Hauptspitze und dann die Nebenzweige zu beschneiden.<\/p>\n<h3>Anbau im Freien:<\/h3>\n<p>Slurricane zeigt umwerfende Farben, besonders in k\u00e4lteren Regionen. Diese Pflanze, die beeindruckende H\u00f6hen erreichen kann, genie\u00dft die direkte Sonne und entwickelt \u00fcppiges Laub und noch gr\u00f6\u00dfere, harzigere Knospen als im Innenbereich. Sie ist resistent gegen klimatische Ver\u00e4nderungen, bevorzugt jedoch warme, sonnige Standorte. Im Freien profitiert sie stark von Schnitt- und Erziehungsma\u00dfnahmen, die eine gr\u00f6\u00dfere Sonneneinstrahlung und eine bessere Luftzirkulation f\u00f6rdern. Ihre Resistenz gegen Sch\u00e4dlinge und Krankheiten macht sie zu einer verl\u00e4sslichen Wahl f\u00fcr Outdoor-Grower.<\/p>\n<h2>Wann wird Slurricane geerntet?<\/h2>\n<p>Die Bl\u00fctezeit von Slurricane im Innenbereich betr\u00e4gt ca. <b>55-60 Tage<\/b>. Im Freien k\u00f6nnen die Anbauer mit der Ernte in der ersten Oktoberh\u00e4lfte auf der Nordhalbkugel und Anfang April auf der S\u00fcdhalbkugel rechnen. Dieses Erntezeitfenster ist entscheidend, um das gesamte Cannabinoid- und Terpenprofil zu erfassen. Eine sp\u00e4te Ernte kann die Wirkungen und Aromen intensivieren, w\u00e4hrend eine fr\u00fche Ernte eine leichtere, zerebrale Wirkung hat.<\/p>\n<h2>Wie viel produzieren diese Samen?<\/h2>\n<p>Slurricane ist ein wahrer Champion in Sachen Produktion. In Innenr\u00e4umen k\u00f6nnen die Ertr\u00e4ge leicht bis zu <b>550 g\/m\u00b2.<\/b>Im Freien kann jede Pflanze unter idealen Bedingungen zwischen 700 und \u00fcber 1000 Gramm produzieren. Diese \u00fcppige Produktion geht nicht zu Lasten der Qualit\u00e4t: Die Knospen sind reich an THC und bieten ein vielf\u00e4ltiges und attraktives Aromaspektrum.<\/p>\n<h2>Wie ist der Geruch und Geschmack von Slurricane?<\/h2>\n<p>Der Geruch von Slurricane ist komplex und berauschend. Es \u00fcberwiegen s\u00fc\u00dfe und fruchtige Aromen, mit <b>deutliche Noten von Trauben, Beeren und anderen Fr\u00fcchten<\/b>. Diese Geschmackspalette ist zu einem gro\u00dfen Teil auf den Purple Punch zur\u00fcckzuf\u00fchren. Beim Einatmen sind die Aromen intensiv und umh\u00fcllend, w\u00e4hrend sie beim Ausatmen einen s\u00fc\u00dfen, anhaltenden Nachgeschmack am Gaumen hinterlassen. Das Bouquet von Slurricane ist ein wahrer Genuss f\u00fcr die Sinne und hat sich f\u00fcr viele Konsumenten zu einem Lieblingsaroma entwickelt.<\/p>\n<h2>Welche Wirkung hat dieses Marihuana?<\/h2>\n<p>Die Wirkung von Slurricane ist <b>kraftvoll und sehr k\u00f6rperlich<\/b>dank seines hohen THC-Gehalts. Sie ist ideal zum Entspannen nach einem langen Tag harter Arbeit und vermittelt ein Gef\u00fchl von Ruhe und Wohlbefinden. Trotz ihrer Potenz ist sie aus zerebraler Sicht nicht \u00fcberw\u00e4ltigend und bietet einen angenehmen und ausgewogenen Trip. Ihre therapeutische Wirkung ist bemerkenswert, sie ist eine ausgezeichnete Wahl zur Linderung von Stress, Schmerzen und zur Bek\u00e4mpfung von Schlaflosigkeit.<\/p>\n<h2>Kaufen Sie feminisierte Slurricane Samen zum besten Preis online bei Advanced Seeds<\/h2>\n<p>M\u00f6chten Sie die Kraft und den Geschmack von Slurricane erleben? Suchen Sie nicht weiter und bestellen Sie Ihre Samen jetzt zum besten Preis online - machen Sie sich bereit f\u00fcr ein au\u00dfergew\u00f6hnliches Wachstum und ein unvergessliches Erlebnis!<\/p>\n<h2>H\u00e4ufig gestellte Fragen \u00fcber Strawberry Banana<\/h2>\n<h3>Wird Slurricane f\u00fcr Extraktionen empfohlen?<\/h3>\n<p>Ihre hohe Harzproduktion und ihr Terpenprofil machen sie ideal f\u00fcr die Herstellung hochwertiger Konzentrate, mit Ertr\u00e4gen von \u00fcber 25% und einer beeindruckenden Konzentration an aromatischen Verbindungen und Cannabinoiden.<\/p>\n<h3>Welche Beleuchtungsanforderungen gelten f\u00fcr Slurricane im Innenbereich?<\/h3>\n<p>Ein Vollspektrum-LED-Licht, die LEC-Technologie oder hochintensive HPS sind ideal, um Ihr Wachstum und Ihre Harzproduktion zu maximieren.<\/p>\n<h3>Ist der Slurricane eine gute Wahl f\u00fcr Anbauanf\u00e4nger?<\/h3>\n<p>Ja, dank seiner Robustheit und Anpassungsf\u00e4higkeit ist er eine ausgezeichnete Wahl f\u00fcr alle, die mit dem Cannabisanbau beginnen.<\/p>\n<h3>Welchen Einfluss hat das Wetter auf Slurricane im Freien?<\/h3>\n<p>Slurricane passt sich gut an verschiedene Klimazonen an, bevorzugt aber sonnige und warme Bedingungen. In k\u00e4lteren Klimazonen kann sie zus\u00e4tzlichen Schutz ben\u00f6tigen.<\/p>\n<h3>Was sind die therapeutischen Vorteile von Slurricane?<\/h3>\n<p>Aufgrund ihres hohen THC-Gehalts wirkt sie schmerzlindernd, angstl\u00f6send und schlaff\u00f6rdernd und hat eine entspannende und beruhigende Wirkung.<\/p>","protected":false},"excerpt":{"rendered":"<p>-<\/p>","protected":false},"featured_media":20337,"comment_status":"open","ping_status":"closed","template":"","meta":{"_acf_changed":false},"product_brand":[],"product_cat":[69],"product_tag":[],"class_list":{"0":"post-2747","1":"product","2":"type-product","3":"status-publish","4":"has-post-thumbnail","6":"product_cat-feminizadas","8":"first","9":"instock","10":"taxable","11":"shipping-taxable","12":"purchasable","13":"product-type-variable"},"acf":[],"yoast_head":"<!-- This site is optimized with the Yoast SEO Premium plugin v26.3 (Yoast SEO v26.6) - https:\/\/yoast.com\/wordpress\/plugins\/seo\/ -->\n<title>Slurricane - Advanced Seeds<\/title>\n<meta name=\"robots\" content=\"index, follow, max-snippet:-1, max-image-preview:large, max-video-preview:-1\" \/>\n<link rel=\"canonical\" href=\"https:\/\/advancedseeds.com\/de\/tienda\/feminizadas\/slurricane\/\" \/>\n<meta property=\"og:locale\" content=\"de_DE\" \/>\n<meta property=\"og:type\" content=\"article\" \/>\n<meta property=\"og:title\" content=\"Slurricane\" \/>\n<meta property=\"og:description\" content=\"-\" \/>\n<meta property=\"og:url\" content=\"https:\/\/advancedseeds.com\/de\/tienda\/feminizadas\/slurricane\/\" \/>\n<meta property=\"og:site_name\" content=\"Advanced Seeds\" \/>\n<meta property=\"article:modified_time\" content=\"2025-03-27T10:32:26+00:00\" \/>\n<meta property=\"og:image\" content=\"https:\/\/advancedseeds.com\/web\/wp-content\/uploads\/2021\/08\/Slurricane-1-scaled.jpg\" \/>\n\t<meta property=\"og:image:width\" content=\"1929\" \/>\n\t<meta property=\"og:image:height\" content=\"2560\" \/>\n\t<meta property=\"og:image:type\" content=\"image\/jpeg\" \/>\n<meta name=\"twitter:card\" content=\"summary_large_image\" \/>\n<meta name=\"twitter:label1\" content=\"Gesch\u00e4tzte Lesezeit\" \/>\n\t<meta name=\"twitter:data1\" content=\"5\u00a0Minuten\" \/>\n<script type=\"application\/ld+json\" class=\"yoast-schema-graph\">{\"@context\":\"https:\/\/schema.org\",\"@graph\":[{\"@type\":\"WebPage\",\"@id\":\"https:\/\/advancedseeds.com\/tienda\/feminizadas\/slurricane\/\",\"url\":\"https:\/\/advancedseeds.com\/tienda\/feminizadas\/slurricane\/\",\"name\":\"Slurricane - Advanced Seeds\",\"isPartOf\":{\"@id\":\"https:\/\/advancedseeds.com\/#website\"},\"primaryImageOfPage\":{\"@id\":\"https:\/\/advancedseeds.com\/tienda\/feminizadas\/slurricane\/#primaryimage\"},\"image\":{\"@id\":\"https:\/\/advancedseeds.com\/tienda\/feminizadas\/slurricane\/#primaryimage\"},\"thumbnailUrl\":\"https:\/\/advancedseeds.com\/web\/wp-content\/uploads\/2021\/08\/Slurricane-1-scaled.jpg\",\"datePublished\":\"2021-08-23T11:04:38+00:00\",\"dateModified\":\"2025-03-27T10:32:26+00:00\",\"breadcrumb\":{\"@id\":\"https:\/\/advancedseeds.com\/tienda\/feminizadas\/slurricane\/#breadcrumb\"},\"inLanguage\":\"de\",\"potentialAction\":[{\"@type\":\"ReadAction\",\"target\":[\"https:\/\/advancedseeds.com\/tienda\/feminizadas\/slurricane\/\"]}]},{\"@type\":\"ImageObject\",\"inLanguage\":\"de\",\"@id\":\"https:\/\/advancedseeds.com\/tienda\/feminizadas\/slurricane\/#primaryimage\",\"url\":\"https:\/\/advancedseeds.com\/web\/wp-content\/uploads\/2021\/08\/Slurricane-1-scaled.jpg\",\"contentUrl\":\"https:\/\/advancedseeds.com\/web\/wp-content\/uploads\/2021\/08\/Slurricane-1-scaled.jpg\",\"width\":1929,\"height\":2560},{\"@type\":\"BreadcrumbList\",\"@id\":\"https:\/\/advancedseeds.com\/tienda\/feminizadas\/slurricane\/#breadcrumb\",\"itemListElement\":[{\"@type\":\"ListItem\",\"position\":1,\"name\":\"Home\",\"item\":\"https:\/\/advancedseeds.com\/\"},{\"@type\":\"ListItem\",\"position\":2,\"name\":\"Tienda\",\"item\":\"https:\/\/advancedseeds.com\/\"},{\"@type\":\"ListItem\",\"position\":3,\"name\":\"Slurricane\"}]},{\"@type\":\"WebSite\",\"@id\":\"https:\/\/advancedseeds.com\/#website\",\"url\":\"https:\/\/advancedseeds.com\/\",\"name\":\"Advanced Seeds\",\"description\":\"Gen\u00e9ticas Avanzadas en semillas feminizadas y autom\u00e1ticas.\",\"publisher\":{\"@id\":\"https:\/\/advancedseeds.com\/#organization\"},\"potentialAction\":[{\"@type\":\"SearchAction\",\"target\":{\"@type\":\"EntryPoint\",\"urlTemplate\":\"https:\/\/advancedseeds.com\/?s={search_term_string}\"},\"query-input\":{\"@type\":\"PropertyValueSpecification\",\"valueRequired\":true,\"valueName\":\"search_term_string\"}}],\"inLanguage\":\"de\"},{\"@type\":\"Organization\",\"@id\":\"https:\/\/advancedseeds.com\/#organization\",\"name\":\"Advanced Seeds\",\"url\":\"https:\/\/advancedseeds.com\/\",\"logo\":{\"@type\":\"ImageObject\",\"inLanguage\":\"de\",\"@id\":\"https:\/\/advancedseeds.com\/#\/schema\/logo\/image\/\",\"url\":\"https:\/\/advancedseeds.com\/web\/wp-content\/uploads\/2021\/01\/logo-advanced.jpg\",\"contentUrl\":\"https:\/\/advancedseeds.com\/web\/wp-content\/uploads\/2021\/01\/logo-advanced.jpg\",\"width\":600,\"height\":600,\"caption\":\"Advanced Seeds\"},\"image\":{\"@id\":\"https:\/\/advancedseeds.com\/#\/schema\/logo\/image\/\"}}]}<\/script>\n<!-- \/ Yoast SEO Premium plugin. -->","yoast_head_json":{"title":"Slurricane - Advanced Seeds","robots":{"index":"index","follow":"follow","max-snippet":"max-snippet:-1","max-image-preview":"max-image-preview:large","max-video-preview":"max-video-preview:-1"},"canonical":"https:\/\/advancedseeds.com\/de\/tienda\/feminizadas\/slurricane\/","og_locale":"de_DE","og_type":"article","og_title":"Slurricane","og_description":"-","og_url":"https:\/\/advancedseeds.com\/de\/tienda\/feminizadas\/slurricane\/","og_site_name":"Advanced Seeds","article_modified_time":"2025-03-27T10:32:26+00:00","og_image":[{"width":1929,"height":2560,"url":"https:\/\/advancedseeds.com\/web\/wp-content\/uploads\/2021\/08\/Slurricane-1-scaled.jpg","type":"image\/jpeg"}],"twitter_card":"summary_large_image","twitter_misc":{"Gesch\u00e4tzte Lesezeit":"5\u00a0Minuten"},"schema":{"@context":"https:\/\/schema.org","@graph":[{"@type":"WebPage","@id":"https:\/\/advancedseeds.com\/tienda\/feminizadas\/slurricane\/","url":"https:\/\/advancedseeds.com\/tienda\/feminizadas\/slurricane\/","name":"Slurricane - Advanced Seeds","isPartOf":{"@id":"https:\/\/advancedseeds.com\/#website"},"primaryImageOfPage":{"@id":"https:\/\/advancedseeds.com\/tienda\/feminizadas\/slurricane\/#primaryimage"},"image":{"@id":"https:\/\/advancedseeds.com\/tienda\/feminizadas\/slurricane\/#primaryimage"},"thumbnailUrl":"https:\/\/advancedseeds.com\/web\/wp-content\/uploads\/2021\/08\/Slurricane-1-scaled.jpg","datePublished":"2021-08-23T11:04:38+00:00","dateModified":"2025-03-27T10:32:26+00:00","breadcrumb":{"@id":"https:\/\/advancedseeds.com\/tienda\/feminizadas\/slurricane\/#breadcrumb"},"inLanguage":"de","potentialAction":[{"@type":"ReadAction","target":["https:\/\/advancedseeds.com\/tienda\/feminizadas\/slurricane\/"]}]},{"@type":"ImageObject","inLanguage":"de","@id":"https:\/\/advancedseeds.com\/tienda\/feminizadas\/slurricane\/#primaryimage","url":"https:\/\/advancedseeds.com\/web\/wp-content\/uploads\/2021\/08\/Slurricane-1-scaled.jpg","contentUrl":"https:\/\/advancedseeds.com\/web\/wp-content\/uploads\/2021\/08\/Slurricane-1-scaled.jpg","width":1929,"height":2560},{"@type":"BreadcrumbList","@id":"https:\/\/advancedseeds.com\/tienda\/feminizadas\/slurricane\/#breadcrumb","itemListElement":[{"@type":"ListItem","position":1,"name":"Home","item":"https:\/\/advancedseeds.com\/"},{"@type":"ListItem","position":2,"name":"Tienda","item":"https:\/\/advancedseeds.com\/"},{"@type":"ListItem","position":3,"name":"Slurricane"}]},{"@type":"WebSite","@id":"https:\/\/advancedseeds.com\/#website","url":"https:\/\/advancedseeds.com\/","name":"Advanced Seeds","description":"Fortschrittliche Genetik in feminisierten und automatischen Samen.","publisher":{"@id":"https:\/\/advancedseeds.com\/#organization"},"potentialAction":[{"@type":"SearchAction","target":{"@type":"EntryPoint","urlTemplate":"https:\/\/advancedseeds.com\/?s={search_term_string}"},"query-input":{"@type":"PropertyValueSpecification","valueRequired":true,"valueName":"search_term_string"}}],"inLanguage":"de"},{"@type":"Organization","@id":"https:\/\/advancedseeds.com\/#organization","name":"Advanced Seeds","url":"https:\/\/advancedseeds.com\/","logo":{"@type":"ImageObject","inLanguage":"de","@id":"https:\/\/advancedseeds.com\/#\/schema\/logo\/image\/","url":"https:\/\/advancedseeds.com\/web\/wp-content\/uploads\/2021\/01\/logo-advanced.jpg","contentUrl":"https:\/\/advancedseeds.com\/web\/wp-content\/uploads\/2021\/01\/logo-advanced.jpg","width":600,"height":600,"caption":"Advanced Seeds"},"image":{"@id":"https:\/\/advancedseeds.com\/#\/schema\/logo\/image\/"}}]}},"_links":{"self":[{"href":"https:\/\/advancedseeds.com\/de\/wp-json\/wp\/v2\/product\/2747","targetHints":{"allow":["GET"]}}],"collection":[{"href":"https:\/\/advancedseeds.com\/de\/wp-json\/wp\/v2\/product"}],"about":[{"href":"https:\/\/advancedseeds.com\/de\/wp-json\/wp\/v2\/types\/product"}],"replies":[{"embeddable":true,"href":"https:\/\/advancedseeds.com\/de\/wp-json\/wp\/v2\/comments?post=2747"}],"wp:featuredmedia":[{"embeddable":true,"href":"https:\/\/advancedseeds.com\/de\/wp-json\/wp\/v2\/media\/20337"}],"wp:attachment":[{"href":"https:\/\/advancedseeds.com\/de\/wp-json\/wp\/v2\/media?parent=2747"}],"wp:term":[{"taxonomy":"product_brand","embeddable":true,"href":"https:\/\/advancedseeds.com\/de\/wp-json\/wp\/v2\/product_brand?post=2747"},{"taxonomy":"product_cat","embeddable":true,"href":"https:\/\/advancedseeds.com\/de\/wp-json\/wp\/v2\/product_cat?post=2747"},{"taxonomy":"product_tag","embeddable":true,"href":"https:\/\/advancedseeds.com\/de\/wp-json\/wp\/v2\/product_tag?post=2747"}],"curies":[{"name":"wp","href":"https:\/\/api.w.org\/{rel}","templated":true}]}}