{"id":2753,"date":"2021-08-23T12:04:38","date_gmt":"2021-08-23T11:04:38","guid":{"rendered":"https:\/\/advancedseeds.com\/web\/?post_type=product&#038;p=2753"},"modified":"2025-03-22T17:16:36","modified_gmt":"2025-03-22T16:16:36","slug":"watermelon-og","status":"publish","type":"product","link":"https:\/\/advancedseeds.com\/de\/tienda\/feminizadas\/watermelon-og\/","title":{"rendered":"Watermelon OG"},"content":{"rendered":"<p>Entdecken Sie die <b>feminisierte Samen Watermelon OG<\/b>Die neue Sensation von Advanced Seeds ist ein wahrer Genuss f\u00fcr die Sinne. Dank ihrer au\u00dfergew\u00f6hnlichen Genetik zeichnet sich diese Sorte durch ihre beeindruckende Potenz und ihren k\u00f6stlichen Wassermelonengeschmack aus. Ideal sowohl f\u00fcr Experten als auch f\u00fcr Anf\u00e4nger in der Welt des Cannabisanbaus.<\/p>\n<h2>Was sind die genetischen Eigenschaften dieser Samen?<\/h2>\n<p>Watermelon OG ist das Ergebnis einer sorgf\u00e4ltigen genetischen Selektion, mit einer <b>perfekte Balance 50% indica und 50% sativa<\/b>\u00a0 . Diese Sorte nimmt das Beste von jeder Seite: die Entspannung und Robustheit der Indica, kombiniert mit der Energie und Euphorie der Sativa. Ihre genetische Abstammung basiert auf der <b>Wassermelone <\/b><a href=\"https:\/\/advancedseeds.com\/web\/producto\/zkittlez\/\"><b>Zkittlez <\/b><\/a><b>gekreuzt mit einem guten <\/b><a href=\"https:\/\/advancedseeds.com\/web\/producto\/og-kush-s-f-v\/\"><b>OG Kush<\/b><\/a>Der hohe THC-Gehalt von Watermelon OG macht sie sehr stark und einfach anzubauen, was sie ideal f\u00fcr alle Arten von Z\u00fcchtern macht. Mit einem sehr hohen THC-Anteil verspricht Watermelon OG nicht nur einen erfolgreichen Anbau, sondern auch ein au\u00dfergew\u00f6hnliches Raucherlebnis.<\/p>\n<h2>Wie sieht Watermelon OG aus?<\/h2>\n<p>Watermelon OG ist eine mittelgro\u00dfe Pflanze, die in Innenr\u00e4umen eine H\u00f6he von 80 bis 100 cm und im Freiland bis zu 2 m oder etwas mehr erreicht. Sie zeichnet sich durch ihren kr\u00e4ftigen Wuchs und <b>dunkle, klebrige und gl\u00e4nzende Knospen<\/b>die ein echtes optisches Spektakel sind. Wie Sie auf den Bildern dieser Pflanze sehen k\u00f6nnen, sehen diese Knospen dank ihrer glasigen <b>dicke Schicht von Trichomen<\/b>.<\/p>\n<h2>Wie werden diese Samen im Innen- und Au\u00dfenbereich angebaut?<\/h2>\n<h3>Innenanbau:<\/h3>\n<p>Watermelon OG ist eine fantastische Wahl f\u00fcr diejenigen, die ihren Platz und ihre Ertr\u00e4ge maximieren wollen, da man den Boden des Zuchtraums kaum sehen kann, weil er voller Knospen sein wird. Obwohl sie eine photoperiodische Sorte ist, ist ihre Bl\u00fctezeit relativ kurz, aber ich kann Ihnen versichern, dass sie diese Zeit gut nutzt, um wie ein Champion zu produzieren. Eine gute Klimakontrolle ist der Schl\u00fcssel, um Probleme zu vermeiden und eine reiche Ernte zu gew\u00e4hrleisten. <b>Sie k\u00f6nnen bis zu 12 oder sogar 16 Pflanzen\/m2 setzen, aber es ist nicht notwendig, mehr als 25 Tage Wachstum zu geben.<\/b> vegetativ, weil sie sonst au\u00dfer Kontrolle geraten k\u00f6nnen.<\/p>\n<h3>Anbau im Freien:<\/h3>\n<p>Watermelon OG im Freien ist eine vergn\u00fcgliche Erfahrung, die jeder Cannabiskonsument einmal in seinem Leben ausprobieren sollte. Diese Pflanze zeigt ihr volles Potenzial, wenn eine gute Menge an Substrat zur Verf\u00fcgung steht, vor allem, wenn es sich um die <b>Super-Boden<\/b>wo sie beeindruckende H\u00f6hen erreichen kann und hohe Ertr\u00e4ge sowie den besten Geschmack liefert. F\u00fcr beste Ergebnisse ist es ratsam, die Pflanze mit einem <b>mindestens 6 bis 7 Stunden direkte Sonneneinstrahlung<\/b>Au\u00dferdem st\u00fctzt sie ihre Zweige w\u00e4hrend der Bl\u00fctephase, um das Gewicht ihrer Knospen zu tragen.<\/p>\n<h2>Wann wird Watermelon OG geerntet?<\/h2>\n<p>Watermelon OG hat einen verlockend schnellen Bl\u00fctezyklus. Im Innenbereich ist sie bereit f\u00fcr die Ernte in <b>nur 55 bis 60 Tage<\/b>Das ist eine Rekordzeit f\u00fcr alle, die ungeduldig sind. Die Ernte im Freien findet statt bei <b>Ende September<\/b>Die Ernte ist ideal f\u00fcr alle, die die Vegetationsperiode auf der Nordhalbkugel optimal nutzen wollen. In der s\u00fcdlichen Hemisph\u00e4re wird er Ende M\u00e4rz geerntet, kurz bevor der gef\u00fcrchtete Herbstregen an den meisten Orten einsetzt.<\/p>\n<h2>Wie viel produzieren diese Samen?<\/h2>\n<p>Der Ertrag der Watermelon OG ist ebenso beeindruckend wie ihr Geschmack. Im Innenbereich k\u00f6nnen die Anbauer mit Ernten von <b>bis zu 550 g\/m\u00b2.<\/b>eine beachtliche Menge f\u00fcr ihre Gr\u00f6\u00dfe. Im Freien kann die Pflanze sogar noch gro\u00dfz\u00fcgiger sein, dank ihrer F\u00e4higkeit, sich auszubreiten und den nat\u00fcrlichen Raum zu nutzen, ist es nicht \u00fcberraschend, mehr als 700 Gramm pro Pflanze zu erhalten. Die Qualit\u00e4t der Knospen ist bemerkenswert, mit einer dichten Schicht von Harz, die sie ideal f\u00fcr Extraktionen macht.<\/p>\n<h2>Wie ist das Aroma und der Geschmack von Watermelon OG?<\/h2>\n<p>Seine Knospen verstr\u00f6men ein s\u00fc\u00dfes und erfrischendes Aroma, das an den <b>reife Wassermelone<\/b> an einem Sommertag. Beim Rauchen intensiviert sich dieses Profil und bietet ein einzigartiges und genussvolles Geschmackserlebnis. Es ist ein echtes Fest im Mund, selbst eine halbe Stunde nach dem Rauchen oder Verdampfen kann man noch seinen au\u00dfergew\u00f6hnlichen Geschmack schmecken.<\/p>\n<h2>Welche Wirkung hat dieses Marihuana?<\/h2>\n<p>Mit einem hohen THC-Gehalt von etwa<b> 25%<\/b>Diese Sorte bietet eine <b>euphorische und erheiternde Erfahrung<\/b>Die Indica-Seite der Pflanze ist ideal, um die Kreativit\u00e4t zu f\u00f6rdern und soziale Momente zu genie\u00dfen. Gleichzeitig bietet die Indica-Seite eine <b>K\u00f6rperentspannung<\/b> die bei der Linderung von Stress und Angstzust\u00e4nden hilfreich sein k\u00f6nnen, was das Watermelon OG zu einer vielseitigen Wahl f\u00fcr verschiedene Arten von Benutzern macht.<\/p>\n<h2>Watermelon OG zum besten Preis kaufen bei Advancedseeds.com<\/h2>\n<p>Bist Du bereit, den einzigartigen Geschmack und die Wirkung von Watermelon OG zu erleben?  Verpassen Sie nicht Ihre Chance, eine der schmackhaftesten und potentesten Sorten auf dem Markt anzubauen - bestellen Sie noch heute und tauchen Sie ein in die Welt von Watermelon OG!<\/p>\n<h2>H\u00e4ufig gestellte Fragen \u00fcber Watermelon OG:<\/h2>\n<h3>Wie l\u00e4sst sich die Harzproduktion in Watermelon OG maximieren?<\/h3>\n<p>Sorgen Sie f\u00fcr optimale Lichtbedingungen, vorzugsweise Vollspektrum-LED, und f\u00fcgen Sie der Bew\u00e4sserung Zucker oder Kohlenhydrate hinzu.<\/p>\n<h3>Ist Watermelon OG f\u00fcr den therapeutischen Einsatz geeignet?<\/h3>\n<p>Ja, ihr hoher THC-Gehalt und ihre Ausgewogenheit zwischen Indica und Sativa machen sie geeignet f\u00fcr die Behandlung bestimmter St\u00f6rungen wie Stress und Angstzust\u00e4nde.<\/p>\n<h3>Welche Vorsichtsma\u00dfnahmen sollten beim Anbau von Watermelon OG im Freien getroffen werden?<\/h3>\n<p>Es ist wichtig, sie vor Witterungseinfl\u00fcssen und Sch\u00e4dlingen zu sch\u00fctzen und ihre Zweige w\u00e4hrend der Bl\u00fctezeit zu st\u00fctzen.<\/p>","protected":false},"excerpt":{"rendered":"<p>-<\/p>","protected":false},"featured_media":19698,"comment_status":"open","ping_status":"closed","template":"","meta":{"_acf_changed":false},"product_brand":[],"product_cat":[69],"product_tag":[],"class_list":{"0":"post-2753","1":"product","2":"type-product","3":"status-publish","4":"has-post-thumbnail","6":"product_cat-feminizadas","8":"first","9":"instock","10":"taxable","11":"shipping-taxable","12":"purchasable","13":"product-type-variable"},"acf":[],"yoast_head":"<!-- This site is optimized with the Yoast SEO Premium plugin v26.3 (Yoast SEO v26.6) - https:\/\/yoast.com\/wordpress\/plugins\/seo\/ -->\n<title>Watermelon OG - Advanced Seeds<\/title>\n<meta name=\"robots\" content=\"index, follow, max-snippet:-1, max-image-preview:large, max-video-preview:-1\" \/>\n<link rel=\"canonical\" href=\"https:\/\/advancedseeds.com\/de\/tienda\/feminizadas\/watermelon-og\/\" \/>\n<meta property=\"og:locale\" content=\"de_DE\" \/>\n<meta property=\"og:type\" content=\"article\" \/>\n<meta property=\"og:title\" content=\"Watermelon OG\" \/>\n<meta property=\"og:description\" content=\"-\" \/>\n<meta property=\"og:url\" content=\"https:\/\/advancedseeds.com\/de\/tienda\/feminizadas\/watermelon-og\/\" \/>\n<meta property=\"og:site_name\" content=\"Advanced Seeds\" \/>\n<meta property=\"article:modified_time\" content=\"2025-03-22T16:16:36+00:00\" \/>\n<meta property=\"og:image\" content=\"https:\/\/advancedseeds.com\/web\/wp-content\/uploads\/2021\/08\/Watermelon-OG-1-scaled.jpg\" \/>\n\t<meta property=\"og:image:width\" content=\"1929\" \/>\n\t<meta property=\"og:image:height\" content=\"2560\" \/>\n\t<meta property=\"og:image:type\" content=\"image\/jpeg\" \/>\n<meta name=\"twitter:card\" content=\"summary_large_image\" \/>\n<meta name=\"twitter:label1\" content=\"Gesch\u00e4tzte Lesezeit\" \/>\n\t<meta name=\"twitter:data1\" content=\"5\u00a0Minuten\" \/>\n<script type=\"application\/ld+json\" class=\"yoast-schema-graph\">{\"@context\":\"https:\/\/schema.org\",\"@graph\":[{\"@type\":\"WebPage\",\"@id\":\"https:\/\/advancedseeds.com\/tienda\/feminizadas\/watermelon-og\/\",\"url\":\"https:\/\/advancedseeds.com\/tienda\/feminizadas\/watermelon-og\/\",\"name\":\"Watermelon OG - Advanced Seeds\",\"isPartOf\":{\"@id\":\"https:\/\/advancedseeds.com\/#website\"},\"primaryImageOfPage\":{\"@id\":\"https:\/\/advancedseeds.com\/tienda\/feminizadas\/watermelon-og\/#primaryimage\"},\"image\":{\"@id\":\"https:\/\/advancedseeds.com\/tienda\/feminizadas\/watermelon-og\/#primaryimage\"},\"thumbnailUrl\":\"https:\/\/advancedseeds.com\/web\/wp-content\/uploads\/2021\/08\/Watermelon-OG-1-scaled.jpg\",\"datePublished\":\"2021-08-23T11:04:38+00:00\",\"dateModified\":\"2025-03-22T16:16:36+00:00\",\"breadcrumb\":{\"@id\":\"https:\/\/advancedseeds.com\/tienda\/feminizadas\/watermelon-og\/#breadcrumb\"},\"inLanguage\":\"de\",\"potentialAction\":[{\"@type\":\"ReadAction\",\"target\":[\"https:\/\/advancedseeds.com\/tienda\/feminizadas\/watermelon-og\/\"]}]},{\"@type\":\"ImageObject\",\"inLanguage\":\"de\",\"@id\":\"https:\/\/advancedseeds.com\/tienda\/feminizadas\/watermelon-og\/#primaryimage\",\"url\":\"https:\/\/advancedseeds.com\/web\/wp-content\/uploads\/2021\/08\/Watermelon-OG-1-scaled.jpg\",\"contentUrl\":\"https:\/\/advancedseeds.com\/web\/wp-content\/uploads\/2021\/08\/Watermelon-OG-1-scaled.jpg\",\"width\":1929,\"height\":2560},{\"@type\":\"BreadcrumbList\",\"@id\":\"https:\/\/advancedseeds.com\/tienda\/feminizadas\/watermelon-og\/#breadcrumb\",\"itemListElement\":[{\"@type\":\"ListItem\",\"position\":1,\"name\":\"Home\",\"item\":\"https:\/\/advancedseeds.com\/\"},{\"@type\":\"ListItem\",\"position\":2,\"name\":\"Tienda\",\"item\":\"https:\/\/advancedseeds.com\/\"},{\"@type\":\"ListItem\",\"position\":3,\"name\":\"Watermelon OG\"}]},{\"@type\":\"WebSite\",\"@id\":\"https:\/\/advancedseeds.com\/#website\",\"url\":\"https:\/\/advancedseeds.com\/\",\"name\":\"Advanced Seeds\",\"description\":\"Gen\u00e9ticas Avanzadas en semillas feminizadas y autom\u00e1ticas.\",\"publisher\":{\"@id\":\"https:\/\/advancedseeds.com\/#organization\"},\"potentialAction\":[{\"@type\":\"SearchAction\",\"target\":{\"@type\":\"EntryPoint\",\"urlTemplate\":\"https:\/\/advancedseeds.com\/?s={search_term_string}\"},\"query-input\":{\"@type\":\"PropertyValueSpecification\",\"valueRequired\":true,\"valueName\":\"search_term_string\"}}],\"inLanguage\":\"de\"},{\"@type\":\"Organization\",\"@id\":\"https:\/\/advancedseeds.com\/#organization\",\"name\":\"Advanced Seeds\",\"url\":\"https:\/\/advancedseeds.com\/\",\"logo\":{\"@type\":\"ImageObject\",\"inLanguage\":\"de\",\"@id\":\"https:\/\/advancedseeds.com\/#\/schema\/logo\/image\/\",\"url\":\"https:\/\/advancedseeds.com\/web\/wp-content\/uploads\/2021\/01\/logo-advanced.jpg\",\"contentUrl\":\"https:\/\/advancedseeds.com\/web\/wp-content\/uploads\/2021\/01\/logo-advanced.jpg\",\"width\":600,\"height\":600,\"caption\":\"Advanced Seeds\"},\"image\":{\"@id\":\"https:\/\/advancedseeds.com\/#\/schema\/logo\/image\/\"}}]}<\/script>\n<!-- \/ Yoast SEO Premium plugin. -->","yoast_head_json":{"title":"Watermelon OG - Advanced Seeds","robots":{"index":"index","follow":"follow","max-snippet":"max-snippet:-1","max-image-preview":"max-image-preview:large","max-video-preview":"max-video-preview:-1"},"canonical":"https:\/\/advancedseeds.com\/de\/tienda\/feminizadas\/watermelon-og\/","og_locale":"de_DE","og_type":"article","og_title":"Watermelon OG","og_description":"-","og_url":"https:\/\/advancedseeds.com\/de\/tienda\/feminizadas\/watermelon-og\/","og_site_name":"Advanced Seeds","article_modified_time":"2025-03-22T16:16:36+00:00","og_image":[{"width":1929,"height":2560,"url":"https:\/\/advancedseeds.com\/web\/wp-content\/uploads\/2021\/08\/Watermelon-OG-1-scaled.jpg","type":"image\/jpeg"}],"twitter_card":"summary_large_image","twitter_misc":{"Gesch\u00e4tzte Lesezeit":"5\u00a0Minuten"},"schema":{"@context":"https:\/\/schema.org","@graph":[{"@type":"WebPage","@id":"https:\/\/advancedseeds.com\/tienda\/feminizadas\/watermelon-og\/","url":"https:\/\/advancedseeds.com\/tienda\/feminizadas\/watermelon-og\/","name":"Watermelon OG - Advanced Seeds","isPartOf":{"@id":"https:\/\/advancedseeds.com\/#website"},"primaryImageOfPage":{"@id":"https:\/\/advancedseeds.com\/tienda\/feminizadas\/watermelon-og\/#primaryimage"},"image":{"@id":"https:\/\/advancedseeds.com\/tienda\/feminizadas\/watermelon-og\/#primaryimage"},"thumbnailUrl":"https:\/\/advancedseeds.com\/web\/wp-content\/uploads\/2021\/08\/Watermelon-OG-1-scaled.jpg","datePublished":"2021-08-23T11:04:38+00:00","dateModified":"2025-03-22T16:16:36+00:00","breadcrumb":{"@id":"https:\/\/advancedseeds.com\/tienda\/feminizadas\/watermelon-og\/#breadcrumb"},"inLanguage":"de","potentialAction":[{"@type":"ReadAction","target":["https:\/\/advancedseeds.com\/tienda\/feminizadas\/watermelon-og\/"]}]},{"@type":"ImageObject","inLanguage":"de","@id":"https:\/\/advancedseeds.com\/tienda\/feminizadas\/watermelon-og\/#primaryimage","url":"https:\/\/advancedseeds.com\/web\/wp-content\/uploads\/2021\/08\/Watermelon-OG-1-scaled.jpg","contentUrl":"https:\/\/advancedseeds.com\/web\/wp-content\/uploads\/2021\/08\/Watermelon-OG-1-scaled.jpg","width":1929,"height":2560},{"@type":"BreadcrumbList","@id":"https:\/\/advancedseeds.com\/tienda\/feminizadas\/watermelon-og\/#breadcrumb","itemListElement":[{"@type":"ListItem","position":1,"name":"Home","item":"https:\/\/advancedseeds.com\/"},{"@type":"ListItem","position":2,"name":"Tienda","item":"https:\/\/advancedseeds.com\/"},{"@type":"ListItem","position":3,"name":"Watermelon OG"}]},{"@type":"WebSite","@id":"https:\/\/advancedseeds.com\/#website","url":"https:\/\/advancedseeds.com\/","name":"Advanced Seeds","description":"Fortschrittliche Genetik in feminisierten und automatischen Samen.","publisher":{"@id":"https:\/\/advancedseeds.com\/#organization"},"potentialAction":[{"@type":"SearchAction","target":{"@type":"EntryPoint","urlTemplate":"https:\/\/advancedseeds.com\/?s={search_term_string}"},"query-input":{"@type":"PropertyValueSpecification","valueRequired":true,"valueName":"search_term_string"}}],"inLanguage":"de"},{"@type":"Organization","@id":"https:\/\/advancedseeds.com\/#organization","name":"Advanced Seeds","url":"https:\/\/advancedseeds.com\/","logo":{"@type":"ImageObject","inLanguage":"de","@id":"https:\/\/advancedseeds.com\/#\/schema\/logo\/image\/","url":"https:\/\/advancedseeds.com\/web\/wp-content\/uploads\/2021\/01\/logo-advanced.jpg","contentUrl":"https:\/\/advancedseeds.com\/web\/wp-content\/uploads\/2021\/01\/logo-advanced.jpg","width":600,"height":600,"caption":"Advanced Seeds"},"image":{"@id":"https:\/\/advancedseeds.com\/#\/schema\/logo\/image\/"}}]}},"_links":{"self":[{"href":"https:\/\/advancedseeds.com\/de\/wp-json\/wp\/v2\/product\/2753","targetHints":{"allow":["GET"]}}],"collection":[{"href":"https:\/\/advancedseeds.com\/de\/wp-json\/wp\/v2\/product"}],"about":[{"href":"https:\/\/advancedseeds.com\/de\/wp-json\/wp\/v2\/types\/product"}],"replies":[{"embeddable":true,"href":"https:\/\/advancedseeds.com\/de\/wp-json\/wp\/v2\/comments?post=2753"}],"wp:featuredmedia":[{"embeddable":true,"href":"https:\/\/advancedseeds.com\/de\/wp-json\/wp\/v2\/media\/19698"}],"wp:attachment":[{"href":"https:\/\/advancedseeds.com\/de\/wp-json\/wp\/v2\/media?parent=2753"}],"wp:term":[{"taxonomy":"product_brand","embeddable":true,"href":"https:\/\/advancedseeds.com\/de\/wp-json\/wp\/v2\/product_brand?post=2753"},{"taxonomy":"product_cat","embeddable":true,"href":"https:\/\/advancedseeds.com\/de\/wp-json\/wp\/v2\/product_cat?post=2753"},{"taxonomy":"product_tag","embeddable":true,"href":"https:\/\/advancedseeds.com\/de\/wp-json\/wp\/v2\/product_tag?post=2753"}],"curies":[{"name":"wp","href":"https:\/\/api.w.org\/{rel}","templated":true}]}}