{"id":2774,"date":"2021-08-23T12:45:57","date_gmt":"2021-08-23T11:45:57","guid":{"rendered":"https:\/\/advancedseeds.com\/web\/?post_type=product&#038;p=2774"},"modified":"2025-03-27T12:25:40","modified_gmt":"2025-03-27T11:25:40","slug":"zkittlez-fast","status":"publish","type":"product","link":"https:\/\/advancedseeds.com\/de\/tienda\/fast\/zkittlez-fast\/","title":{"rendered":"Zkittlez Fast"},"content":{"rendered":"<p><b>Zkittlez Fast<\/b> von Advanced Seeds ist ein Wunderwerk f\u00fcr Z\u00fcchter, die auf Schnelligkeit und Geschmack Wert legen. Diese <a href=\"https:\/\/advancedseeds.com\/web\/categoria-producto\/fast\/\">schnelle Samen <\/a>stellen die <b>schnelle Version des ber\u00fchmten <\/b><a href=\"https:\/\/advancedseeds.com\/web\/producto\/zkittlez\/\"><b>Sorte Zkittlez<\/b><\/a> Sie beh\u00e4lt alle organoleptischen Eigenschaften des Originals bei, hat aber eine viel k\u00fcrzere Bl\u00fctezeit - ideal f\u00fcr ein tropisches Erlebnis im Handumdrehen!<\/p>\n<h2>Was sind die genetischen Eigenschaften dieser Samen?<\/h2>\n<p>Zkittlez Fast ist der <b>ein Ergebnis der Kreuzung des hochgelobten Zkittlez mit <\/b><a href=\"https:\/\/advancedseeds.com\/web\/producto\/auto-zkittlez\/\"><b>Auto Zkittlez<\/b><\/a>Dies ist ein indicadominierter Hybrid, der die Essenz seiner Vorfahren beibeh\u00e4lt. Diese Hybrid-Genetik vereint das Beste von Grape Ape und Grapefruit, zwei Sorten, die f\u00fcr ihren einzigartigen Geschmack und ihre ausgewogene Wirkung bekannt sind. Sie wurde bei mehreren Cannabis-Wettbewerben zum Sieger gek\u00fcrt, was f\u00fcr ihre au\u00dfergew\u00f6hnliche Qualit\u00e4t spricht. Zkittlez Fast ist perfekt f\u00fcr alle, die einen intensiven Geschmack und eine kreative, entspannende Wirkung in k\u00fcrzester Zeit suchen.<\/p>\n<h2>Wie sieht Zkittlez Fast aus?<\/h2>\n<p>Zkittlez Fast zeichnet sich durch seine <b>dichte, au\u00dferordentlich harzige Bl\u00fcten in hellen Gr\u00fcnt\u00f6nen mit bl\u00e4ulichen oder violetten Reflexen<\/b>Die Pflanze erreicht eine m\u00e4\u00dfige H\u00f6he und eignet sich sowohl f\u00fcr den Innen- als auch f\u00fcr den Au\u00dfenanbau. Die Pflanze erreicht eine moderate H\u00f6he, perfekt f\u00fcr den Innen- und Au\u00dfenanbau. Die Verteilung ihrer Knoten erm\u00f6glicht eine ausgewogene Entwicklung, die die Bildung von gro\u00dfz\u00fcgigen und sehr dichten Knospen auf der ganzen Pflanze erleichtert. Ihre Harzproduktion ist bemerkenswert, fast so viel wie bei der normalen Version.<\/p>\n<h2>Wie werden diese Samen im Innen- und Au\u00dfenbereich angebaut?<\/h2>\n<h3>Innenanbau:<\/h3>\n<p>Zkittlez Fast ist eine Option <b>ideal f\u00fcr ungeduldige Z\u00fcchter<\/b> die in kurzer Zeit ernten wollen, aber normal bl\u00fchende Samen w\u00fcnschen. Diese Sorte spricht gut auf Techniken an wie <b>SOG oder LST<\/b>was zu einer Steigerung der Produktion beitr\u00e4gt. Um sein aromatisches Profil voll zur Geltung zu bringen, wird die Verwendung von <b>organische D\u00fcngemittel<\/b>Die Wurzeln sollten vor dem Ernten gut gewaschen werden.<\/p>\n<h3>Anbau im Freien:<\/h3>\n<p>Zkittlez Fast kann erreichen <b>H\u00f6hen von bis zu 2,5 Metern oder so<\/b>und ist widerstandsf\u00e4hig gegen verschiedene klimatische Bedingungen und ist zudem <b>perfekt f\u00fcr kalte oder regnerische Klimazonen<\/b> dank der fr\u00fchen Ernte. F\u00fcr die besten Ergebnisse ist es ratsam, die Pflanze in <b>T\u00f6pfe \u00fcber 40 Liter<\/b>Ich sage das, weil viele Leute denken, dass sie auf die gleiche Weise angebaut werden wie autoflowering Pflanzen, und in diesem Fall sch\u00e4tzen sie es, mehr Substrat zu haben.<\/p>\n<h2>Wann wird Zkittlez Fast geerntet?<\/h2>\n<p>Schnelligkeit ist einer der Hauptvorteile des Zkittlez Fast. Im Innenbereich ist sie in wenigen Tagen erntereif. <b>nur 45-55 Tage<\/b>In der n\u00f6rdlichen Hemisph\u00e4re kann sie im Freien Ende September geerntet werden. Outdoor-Grower in der s\u00fcdlichen Hemisph\u00e4re sch\u00e4tzen diese Sorten sehr, weil sie Ende M\u00e4rz geerntet werden k\u00f6nnen.<\/p>\n<h2>Wie viel produzieren diese Samen?<\/h2>\n<p>Im Innenbereich k\u00f6nnen die Erzeuger Folgendes erwarten <b>bis zu 550 g\/m\u00b2.<\/b>Im Freien, unter den richtigen Bedingungen, kann die Produktion ebenso beeindruckend sein. Die Pflanze produziert dichte, harzige Knospen, die w\u00e4hrend des Trocknens kaum an Gewicht verlieren und mit jeder Ernte sowohl Quantit\u00e4t als auch Qualit\u00e4t garantieren.<\/p>\n<h2>Wie ist das Aroma und der Geschmack von Zkittlez Fast?<\/h2>\n<p>Mit einem <b>frischer und ausgepr\u00e4gter Geschmack nach tropischen Fr\u00fcchten<\/b>Diese Sorte erfreut den Gaumen und beh\u00e4lt ihren Geschmack lange Zeit im Mund. Das Aroma ist ebenso ansprechend, aber sehr intensiv, mit s\u00fc\u00dfen, sauren und fruchtigen Noten, die zu einer umfassenden sensorischen Erfahrung einladen.<\/p>\n<h2>Welche Wirkung hat dieses Marihuana?<\/h2>\n<p>Zkittlez Fast bietet eine ausgewogene und angenehme Wirkung. <b>Es beginnt mit einer kreativen zerebralen Euphorie und stabilisiert sich in einer k\u00f6rperlichen Entspannung.<\/b>Sie ist ideal, um sie zu jeder Tageszeit zu genie\u00dfen. Ihr THC-Gehalt von <b>23%<\/b> sorgt f\u00fcr eine starke, aber \u00fcberschaubare Wirkung, die sich sowohl f\u00fcr kreative T\u00e4tigkeiten als auch f\u00fcr die Entspannung eignet.<\/p>\n<h3>Zkittlez Fast zum besten Preis kaufen bei Advancedseeds.com<\/h3>\n<p>Sind Sie bereit, die schnelle und k\u00f6stliche Zkittlez Fast zu probieren? Ich versichere Ihnen, dass Sie es nicht bereuen werden, denn dies ist eines der besten Weeds, die heute erh\u00e4ltlich sind. Warten Sie nicht l\u00e4nger, um diese au\u00dfergew\u00f6hnliche Sorte anzubauen und zu genie\u00dfen!<\/p>\n<h2>H\u00e4ufig gestellte Fragen \u00fcber Zkittlez Fast:<\/h2>\n<h3>Welche Art von Substrat ist f\u00fcr Zkittlez Fast am besten geeignet?<\/h3>\n<p>F\u00fcr ein optimales Wachstum bevorzugt sie gut durchl\u00e4ssige, n\u00e4hrstoffreiche Substrate.<\/p>\n<h3>Wie lassen sich Zkittlez Fast-Knospen am besten trocknen und aush\u00e4rten?<\/h3>\n<p>Langsame Trocknung und richtige Reifung sind der Schl\u00fcssel, um die intensiven Aromen und den Geschmack zu erhalten und den Cannabinoidgehalt zu erh\u00f6hen.<\/p>\n<h3>Ist Zkittlez Fast f\u00fcr kalte Klimazonen geeignet?<\/h3>\n<p>Ja, dank ihrer schnellen Bl\u00fcte kann sie noch vor dem ersten Frost geerntet werden.<\/p>","protected":false},"excerpt":{"rendered":"<p>-<\/p>","protected":false},"featured_media":20339,"comment_status":"open","ping_status":"closed","template":"","meta":{"_acf_changed":false},"product_brand":[],"product_cat":[80],"product_tag":[],"class_list":{"0":"post-2774","1":"product","2":"type-product","3":"status-publish","4":"has-post-thumbnail","6":"product_cat-fast","8":"first","9":"instock","10":"taxable","11":"shipping-taxable","12":"purchasable","13":"product-type-variable"},"acf":[],"yoast_head":"<!-- This site is optimized with the Yoast SEO Premium plugin v26.3 (Yoast SEO v26.6) - https:\/\/yoast.com\/wordpress\/plugins\/seo\/ -->\n<title>Zkittlez Fast - Advanced Seeds<\/title>\n<meta name=\"robots\" content=\"index, follow, max-snippet:-1, max-image-preview:large, max-video-preview:-1\" \/>\n<link rel=\"canonical\" href=\"https:\/\/advancedseeds.com\/de\/tienda\/fast\/zkittlez-fast\/\" \/>\n<meta property=\"og:locale\" content=\"de_DE\" \/>\n<meta property=\"og:type\" content=\"article\" \/>\n<meta property=\"og:title\" content=\"Zkittlez Fast\" \/>\n<meta property=\"og:description\" content=\"-\" \/>\n<meta property=\"og:url\" content=\"https:\/\/advancedseeds.com\/de\/tienda\/fast\/zkittlez-fast\/\" \/>\n<meta property=\"og:site_name\" content=\"Advanced Seeds\" \/>\n<meta property=\"article:modified_time\" content=\"2025-03-27T11:25:40+00:00\" \/>\n<meta property=\"og:image\" content=\"https:\/\/advancedseeds.com\/web\/wp-content\/uploads\/2021\/08\/Zkittlez-Fast-1-scaled.jpg\" \/>\n\t<meta property=\"og:image:width\" content=\"1929\" \/>\n\t<meta property=\"og:image:height\" content=\"2560\" \/>\n\t<meta property=\"og:image:type\" content=\"image\/jpeg\" \/>\n<meta name=\"twitter:card\" content=\"summary_large_image\" \/>\n<meta name=\"twitter:label1\" content=\"Gesch\u00e4tzte Lesezeit\" \/>\n\t<meta name=\"twitter:data1\" content=\"4\u00a0Minuten\" \/>\n<script type=\"application\/ld+json\" class=\"yoast-schema-graph\">{\"@context\":\"https:\/\/schema.org\",\"@graph\":[{\"@type\":\"WebPage\",\"@id\":\"https:\/\/advancedseeds.com\/tienda\/fast\/zkittlez-fast\/\",\"url\":\"https:\/\/advancedseeds.com\/tienda\/fast\/zkittlez-fast\/\",\"name\":\"Zkittlez Fast - Advanced Seeds\",\"isPartOf\":{\"@id\":\"https:\/\/advancedseeds.com\/#website\"},\"primaryImageOfPage\":{\"@id\":\"https:\/\/advancedseeds.com\/tienda\/fast\/zkittlez-fast\/#primaryimage\"},\"image\":{\"@id\":\"https:\/\/advancedseeds.com\/tienda\/fast\/zkittlez-fast\/#primaryimage\"},\"thumbnailUrl\":\"https:\/\/advancedseeds.com\/web\/wp-content\/uploads\/2021\/08\/Zkittlez-Fast-1-scaled.jpg\",\"datePublished\":\"2021-08-23T11:45:57+00:00\",\"dateModified\":\"2025-03-27T11:25:40+00:00\",\"breadcrumb\":{\"@id\":\"https:\/\/advancedseeds.com\/tienda\/fast\/zkittlez-fast\/#breadcrumb\"},\"inLanguage\":\"de\",\"potentialAction\":[{\"@type\":\"ReadAction\",\"target\":[\"https:\/\/advancedseeds.com\/tienda\/fast\/zkittlez-fast\/\"]}]},{\"@type\":\"ImageObject\",\"inLanguage\":\"de\",\"@id\":\"https:\/\/advancedseeds.com\/tienda\/fast\/zkittlez-fast\/#primaryimage\",\"url\":\"https:\/\/advancedseeds.com\/web\/wp-content\/uploads\/2021\/08\/Zkittlez-Fast-1-scaled.jpg\",\"contentUrl\":\"https:\/\/advancedseeds.com\/web\/wp-content\/uploads\/2021\/08\/Zkittlez-Fast-1-scaled.jpg\",\"width\":1929,\"height\":2560},{\"@type\":\"BreadcrumbList\",\"@id\":\"https:\/\/advancedseeds.com\/tienda\/fast\/zkittlez-fast\/#breadcrumb\",\"itemListElement\":[{\"@type\":\"ListItem\",\"position\":1,\"name\":\"Home\",\"item\":\"https:\/\/advancedseeds.com\/\"},{\"@type\":\"ListItem\",\"position\":2,\"name\":\"Tienda\",\"item\":\"https:\/\/advancedseeds.com\/\"},{\"@type\":\"ListItem\",\"position\":3,\"name\":\"Zkittlez Fast\"}]},{\"@type\":\"WebSite\",\"@id\":\"https:\/\/advancedseeds.com\/#website\",\"url\":\"https:\/\/advancedseeds.com\/\",\"name\":\"Advanced Seeds\",\"description\":\"Gen\u00e9ticas Avanzadas en semillas feminizadas y autom\u00e1ticas.\",\"publisher\":{\"@id\":\"https:\/\/advancedseeds.com\/#organization\"},\"potentialAction\":[{\"@type\":\"SearchAction\",\"target\":{\"@type\":\"EntryPoint\",\"urlTemplate\":\"https:\/\/advancedseeds.com\/?s={search_term_string}\"},\"query-input\":{\"@type\":\"PropertyValueSpecification\",\"valueRequired\":true,\"valueName\":\"search_term_string\"}}],\"inLanguage\":\"de\"},{\"@type\":\"Organization\",\"@id\":\"https:\/\/advancedseeds.com\/#organization\",\"name\":\"Advanced Seeds\",\"url\":\"https:\/\/advancedseeds.com\/\",\"logo\":{\"@type\":\"ImageObject\",\"inLanguage\":\"de\",\"@id\":\"https:\/\/advancedseeds.com\/#\/schema\/logo\/image\/\",\"url\":\"https:\/\/advancedseeds.com\/web\/wp-content\/uploads\/2021\/01\/logo-advanced.jpg\",\"contentUrl\":\"https:\/\/advancedseeds.com\/web\/wp-content\/uploads\/2021\/01\/logo-advanced.jpg\",\"width\":600,\"height\":600,\"caption\":\"Advanced Seeds\"},\"image\":{\"@id\":\"https:\/\/advancedseeds.com\/#\/schema\/logo\/image\/\"}}]}<\/script>\n<!-- \/ Yoast SEO Premium plugin. -->","yoast_head_json":{"title":"Zkittlez Fast - Advanced Seeds","robots":{"index":"index","follow":"follow","max-snippet":"max-snippet:-1","max-image-preview":"max-image-preview:large","max-video-preview":"max-video-preview:-1"},"canonical":"https:\/\/advancedseeds.com\/de\/tienda\/fast\/zkittlez-fast\/","og_locale":"de_DE","og_type":"article","og_title":"Zkittlez Fast","og_description":"-","og_url":"https:\/\/advancedseeds.com\/de\/tienda\/fast\/zkittlez-fast\/","og_site_name":"Advanced Seeds","article_modified_time":"2025-03-27T11:25:40+00:00","og_image":[{"width":1929,"height":2560,"url":"https:\/\/advancedseeds.com\/web\/wp-content\/uploads\/2021\/08\/Zkittlez-Fast-1-scaled.jpg","type":"image\/jpeg"}],"twitter_card":"summary_large_image","twitter_misc":{"Gesch\u00e4tzte Lesezeit":"4\u00a0Minuten"},"schema":{"@context":"https:\/\/schema.org","@graph":[{"@type":"WebPage","@id":"https:\/\/advancedseeds.com\/tienda\/fast\/zkittlez-fast\/","url":"https:\/\/advancedseeds.com\/tienda\/fast\/zkittlez-fast\/","name":"Zkittlez Fast - Advanced Seeds","isPartOf":{"@id":"https:\/\/advancedseeds.com\/#website"},"primaryImageOfPage":{"@id":"https:\/\/advancedseeds.com\/tienda\/fast\/zkittlez-fast\/#primaryimage"},"image":{"@id":"https:\/\/advancedseeds.com\/tienda\/fast\/zkittlez-fast\/#primaryimage"},"thumbnailUrl":"https:\/\/advancedseeds.com\/web\/wp-content\/uploads\/2021\/08\/Zkittlez-Fast-1-scaled.jpg","datePublished":"2021-08-23T11:45:57+00:00","dateModified":"2025-03-27T11:25:40+00:00","breadcrumb":{"@id":"https:\/\/advancedseeds.com\/tienda\/fast\/zkittlez-fast\/#breadcrumb"},"inLanguage":"de","potentialAction":[{"@type":"ReadAction","target":["https:\/\/advancedseeds.com\/tienda\/fast\/zkittlez-fast\/"]}]},{"@type":"ImageObject","inLanguage":"de","@id":"https:\/\/advancedseeds.com\/tienda\/fast\/zkittlez-fast\/#primaryimage","url":"https:\/\/advancedseeds.com\/web\/wp-content\/uploads\/2021\/08\/Zkittlez-Fast-1-scaled.jpg","contentUrl":"https:\/\/advancedseeds.com\/web\/wp-content\/uploads\/2021\/08\/Zkittlez-Fast-1-scaled.jpg","width":1929,"height":2560},{"@type":"BreadcrumbList","@id":"https:\/\/advancedseeds.com\/tienda\/fast\/zkittlez-fast\/#breadcrumb","itemListElement":[{"@type":"ListItem","position":1,"name":"Home","item":"https:\/\/advancedseeds.com\/"},{"@type":"ListItem","position":2,"name":"Tienda","item":"https:\/\/advancedseeds.com\/"},{"@type":"ListItem","position":3,"name":"Zkittlez Fast"}]},{"@type":"WebSite","@id":"https:\/\/advancedseeds.com\/#website","url":"https:\/\/advancedseeds.com\/","name":"Advanced Seeds","description":"Fortschrittliche Genetik in feminisierten und automatischen Samen.","publisher":{"@id":"https:\/\/advancedseeds.com\/#organization"},"potentialAction":[{"@type":"SearchAction","target":{"@type":"EntryPoint","urlTemplate":"https:\/\/advancedseeds.com\/?s={search_term_string}"},"query-input":{"@type":"PropertyValueSpecification","valueRequired":true,"valueName":"search_term_string"}}],"inLanguage":"de"},{"@type":"Organization","@id":"https:\/\/advancedseeds.com\/#organization","name":"Advanced Seeds","url":"https:\/\/advancedseeds.com\/","logo":{"@type":"ImageObject","inLanguage":"de","@id":"https:\/\/advancedseeds.com\/#\/schema\/logo\/image\/","url":"https:\/\/advancedseeds.com\/web\/wp-content\/uploads\/2021\/01\/logo-advanced.jpg","contentUrl":"https:\/\/advancedseeds.com\/web\/wp-content\/uploads\/2021\/01\/logo-advanced.jpg","width":600,"height":600,"caption":"Advanced Seeds"},"image":{"@id":"https:\/\/advancedseeds.com\/#\/schema\/logo\/image\/"}}]}},"_links":{"self":[{"href":"https:\/\/advancedseeds.com\/de\/wp-json\/wp\/v2\/product\/2774","targetHints":{"allow":["GET"]}}],"collection":[{"href":"https:\/\/advancedseeds.com\/de\/wp-json\/wp\/v2\/product"}],"about":[{"href":"https:\/\/advancedseeds.com\/de\/wp-json\/wp\/v2\/types\/product"}],"replies":[{"embeddable":true,"href":"https:\/\/advancedseeds.com\/de\/wp-json\/wp\/v2\/comments?post=2774"}],"wp:featuredmedia":[{"embeddable":true,"href":"https:\/\/advancedseeds.com\/de\/wp-json\/wp\/v2\/media\/20339"}],"wp:attachment":[{"href":"https:\/\/advancedseeds.com\/de\/wp-json\/wp\/v2\/media?parent=2774"}],"wp:term":[{"taxonomy":"product_brand","embeddable":true,"href":"https:\/\/advancedseeds.com\/de\/wp-json\/wp\/v2\/product_brand?post=2774"},{"taxonomy":"product_cat","embeddable":true,"href":"https:\/\/advancedseeds.com\/de\/wp-json\/wp\/v2\/product_cat?post=2774"},{"taxonomy":"product_tag","embeddable":true,"href":"https:\/\/advancedseeds.com\/de\/wp-json\/wp\/v2\/product_tag?post=2774"}],"curies":[{"name":"wp","href":"https:\/\/api.w.org\/{rel}","templated":true}]}}