{"id":2788,"date":"2021-08-23T12:58:13","date_gmt":"2021-08-23T11:58:13","guid":{"rendered":"https:\/\/advancedseeds.com\/web\/?post_type=product&#038;p=2788"},"modified":"2025-03-22T18:23:06","modified_gmt":"2025-03-22T17:23:06","slug":"auto-slurrycane","status":"publish","type":"product","link":"https:\/\/advancedseeds.com\/de\/tienda\/automaticas\/auto-slurrycane\/","title":{"rendered":"Auto Slurricane"},"content":{"rendered":"<p><span style=\"font-weight: 400\">Die <\/span><a href=\"https:\/\/advancedseeds.com\/web\/categoria-producto\/automaticas\/\"><b>Autoflowering-Samen<\/b><\/a><b> von Marihuana Auto Slurricane<\/b><span style=\"font-weight: 400\"> von Advanced Seeds sind eine au\u00dfergew\u00f6hnliche Wahl f\u00fcr Z\u00fcchter, die nach der perfekten Kombination aus intensivem Geschmack, Potenz und einfachem Anbau suchen. Sie ist auch wegen ihrer Sch\u00f6nheit bemerkenswert, obwohl das f\u00fcr Sie auch nicht so wichtig ist, oder? Sie wollen, dass sie problemlos, ertragreich, gut und stark ist, und das alles hat sie. Diese Sorte zeichnet sich auch durch ihre Robustheit und ihre F\u00e4higkeit aus, schnell qualitativ hochwertige Knospen zu produzieren.<\/span><\/p>\n<h2><b>Was sind die genetischen Eigenschaften dieser Samen?<\/b><\/h2>\n<p><span style=\"font-weight: 400\">Auto Slurricane ist ein Hybrid, der aus der Kreuzung einer Sorte mit Ruderalis-Abstammung und der Hybride Do-si-dos x Purple Punch entstanden ist. Diese Mischung hat zu einer <\/span><b>Indica-dominante Sorte<\/b><span style=\"font-weight: 400\"> (70%) und einen Sativa-Einfluss von 30%. Die Eltern der Auto Slurricane sind f\u00fcr ihren hohen THC-Gehalt und ihr aromatisches Profil bekannt, und in diesem Fall wurden diese Eigenschaften eindeutig in den Nachkommen verankert, die das Beste von beidem geerbt haben. Do-si-dos bringt eine narkotische Potenz, w\u00e4hrend Purple Punch s\u00fc\u00dfe und fruchtige Noten liefert, was Auto Slurricane zu einer idealen Wahl f\u00fcr diejenigen macht, die ein intensives Erlebnis sowohl in der Wirkung als auch im Geschmack suchen.<\/span><\/p>\n<h2><b>Wie sieht Auto Slurricane aus?<\/b><\/h2>\n<p><span style=\"font-weight: 400\">Das Aussehen von Auto Slurricane spiegelt ihre einzigartige Genetik wider, und ein Blick auf die Knospen gen\u00fcgt, um zu erkennen, dass es sich um herausragende Genetik handelt. Diese Pflanze hat eine solide, buschige Struktur, typisch f\u00fcr Indica-Sorten, aber mit einer \u00fcberraschenden Wucht. Durch ihre mittlere H\u00f6he ist sie sowohl in kleinen Innenr\u00e4umen als auch im Freien leicht zu handhaben, wo sie auch mehr Diskretion bietet. Die St\u00e4ngel sind robust und in der Lage, das Gewicht der dichten und harzigen Knospen zu tragen, die sich an jedem Knoten bilden. Diese Knospen sind nicht nur volumin\u00f6s und klebrig aufgrund ihrer hohen Harzproduktion, sondern neigen auch dazu <\/span><b>dunkle Farbt\u00f6ne, Flieder, Violett und Lila<\/b><span style=\"font-weight: 400\">Dies gilt insbesondere bei k\u00e4lteren Temperaturen, was ihnen ein attraktives und auff\u00e4lliges Aussehen verleiht.<\/span><\/p>\n<h2><b>Wie werden diese Samen im Innen- und Au\u00dfenbereich angebaut?<\/b><\/h2>\n<p><span style=\"font-weight: 400\">Der Anbau von Auto Slurricane Autoflowering-Samen ist dank ihrer Widerstandsf\u00e4higkeit und Vielseitigkeit recht einfach, und selbst wenn Sie sie noch nie angebaut haben, werden Sie sie problemlos ernten k\u00f6nnen. <\/span><\/p>\n<h3><span style=\"font-weight: 400\">Innenanbau: <\/span><\/h3>\n<p><span style=\"font-weight: 400\">Diese Pflanzen gedeihen am besten bei einem Lichtzyklus von 18\/6 oder 20\/4, was eine schnelle Bl\u00fcte und Entwicklung erm\u00f6glicht. Sie sind <\/span><b>ideal f\u00fcr SOG-Methoden<\/b><span style=\"font-weight: 400\"> durch ihre s\u00e4ulenf\u00f6rmige Morphologie, die ihr homogenes Wachstum zur Maximierung der Produktion nutzt.\u00a0<\/span><\/p>\n<h3><span style=\"font-weight: 400\">Anbau im Freien: <\/span><\/h3>\n<p><span style=\"font-weight: 400\">Sie passen sich gut an unterschiedliche klimatische Bedingungen an, bevorzugen jedoch warme und sonnige Standorte. Ihr kurzer Lebenszyklus ist ideal f\u00fcr mehrere Ernten in einer Saison. Sie sprechen auch gut auf LST-Techniken (Low Stress Training) an, um die Lichteinwirkung zu verbessern und die Ertr\u00e4ge zu steigern. Die Wahl des Pflanzgef\u00e4\u00dfes ist der Schl\u00fcssel zum h\u00f6chsten Ertrag, also seien Sie nicht geizig und geben Sie jeder Pflanze <\/span><b>mindestens 20 bis 25 Liter Substrat<\/b><span style=\"font-weight: 400\"> speziell f\u00fcr Cannabis.<\/span><\/p>\n<h2><b>Wann wird Auto Slurricane geerntet?<\/b><\/h2>\n<p><span style=\"font-weight: 400\">In Innenr\u00e4umen wird der gesamte Zyklus von Auto Slurricane von der Keimung bis zur Ernte in etwa <\/span><b>65-70 Tage<\/b><span style=\"font-weight: 400\">. Diese Schnelligkeit macht sie ideal f\u00fcr Z\u00fcchter, die schnelle Ergebnisse ohne Qualit\u00e4tseinbu\u00dfen anstreben. Im Freien kann sie je nach Klima mehrmals im Jahr geerntet werden, wobei die Sommermonate wegen der st\u00e4rkeren Sonneneinstrahlung ideal f\u00fcr ihre optimale Entwicklung sind. In der n\u00f6rdlichen Hemisph\u00e4re findet die Ernte in der Regel zwischen Juni und Oktober statt, w\u00e4hrend sie in der s\u00fcdlichen Hemisph\u00e4re von Dezember bis April dauert. Die Reifung der Knospen ist entscheidend und kann die Intensit\u00e4t der Wirkung und das Terpenprofil beeinflussen.<\/span><\/p>\n<h2><b>Wie viel produzieren diese Samen?<\/b><\/h2>\n<p><span style=\"font-weight: 400\">In Bezug auf den Ertrag sind Auto Slurricane autoflowering Samen in jeder Hinsicht beeindruckend, sei es in Bezug auf Bl\u00fcten, Trichome, \u00e4therische \u00d6le und auch Cannabinoide. Unter Indoor-Anbaubedingungen k\u00f6nnen sie bis zu <\/span><b>450-500 g\/m\u00b2.<\/b><span style=\"font-weight: 400\">. Im Freien kann jede Pflanze Folgendes bieten <\/span><b>zwischen 50 und 100 Gramm<\/b><span style=\"font-weight: 400\">abh\u00e4ngig von den Umgebungsbedingungen, der Menge des Substrats und der Pflege.<\/span><\/p>\n<h2><b>Wie ist das Aroma und der Geschmack von Auto Slurricane?<\/b><\/h2>\n<p><span style=\"font-weight: 400\">Das Geschmacks- und Aromaprofil von Auto Slurricane ist eine seiner St\u00e4rken. Es wird dominiert von <\/span><b>s\u00fc\u00dfe und fruchtige Noten<\/b><span style=\"font-weight: 400\">Der Geschmack ist ein Genuss f\u00fcr die Sinne, mit Noten von Beeren und Waldfr\u00fcchten, die sich im Mund beim Ein- und Ausatmen intensivieren. Diese Sorte ist ein Genuss f\u00fcr die Sinne und bietet einen lang anhaltenden und angenehmen Nachgeschmack, der ein wahrer Genuss f\u00fcr die Geschmacksknospen ist. Die Terpene, die f\u00fcr diese Aromen verantwortlich sind, sorgen nicht nur f\u00fcr einen au\u00dfergew\u00f6hnlichen Geschmack, sondern tragen auch zu der Gesamterfahrung des Entourage-Effekts bei.<\/span><\/p>\n<h2><b>Welche Wirkung hat Auto Slurrficane?<\/b><\/h2>\n<p><span style=\"font-weight: 400\">Mit einem THC-Gehalt von bis zu<\/span><b> 26%<\/b><span style=\"font-weight: 400\"> in einigen Proben erzeugt Auto Slurricane eine <\/span><b>starke und tief entspannende Wirkung<\/b><span style=\"font-weight: 400\">. Ihre Indica-Dominanz manifestiert sich in einem Gef\u00fchl der Ruhe und des k\u00f6rperlichen Wohlbefindens, ideal zum Abbau von Spannungen und Stress nach einem harten Arbeitstag oder nach k\u00f6rperlichen Aktivit\u00e4ten. Geistig bietet sie eine angenehme Erfahrung, die Ruhe und psychologische Erholung f\u00f6rdert. Aufgrund ihrer Potenz eignet sie sich f\u00fcr die therapeutische Anwendung und hilft bei Schlaflosigkeit, Schmerzen, Appetitlosigkeit und Angstzust\u00e4nden.<\/span><\/p>\n<h2><b>Auto Slurricane zum besten Preis kaufen<\/b><\/h2>\n<p><span style=\"font-weight: 400\">Du suchst nach einer Sorte, die alles hat und die jeder ohne Probleme anbauen kann? Die autoflowering Samen Auto Slurricane von Advanced Seeds sind Ihre beste Wahl. Warten Sie nicht l\u00e4nger, um den unglaublichen Geschmack und die starke Wirkung zu erleben, kaufen Sie jetzt und genie\u00dfen Sie Auto Slurricane zum besten Preis online!<\/span><\/p>\n<h2><b>H\u00e4ufig gestellte Fragen \u00fcber Auto Slurricane:<\/b><\/h2>\n<h3><span style=\"font-weight: 400\">Welchen Einfluss hat die Art des Wassers auf den Anbau von Auto Slurricane?<\/span><\/h3>\n<p><span style=\"font-weight: 400\">Es ist wichtig, weiches Wasser mit einem ausgewogenen pH-Wert zu verwenden. Zu hartes Wasser kann die Aufnahme von N\u00e4hrstoffen beeintr\u00e4chtigen.<\/span><\/p>\n<h3><span style=\"font-weight: 400\">Welche D\u00fcngemittel werden f\u00fcr Auto Slurricane empfohlen?<\/span><\/h3>\n<p><span style=\"font-weight: 400\">F\u00fcr autoflowering Pflanzen werden spezielle D\u00fcngemittel empfohlen, wie z. B. <\/span><a href=\"https:\/\/advancedseeds.com\/web\/producto\/automatik-fuel-cannotecnia\/\"><span style=\"font-weight: 400\">Automatik-Kraftstoff von Cannotecnia<\/span><\/a><span style=\"font-weight: 400\"> um die besten Ergebnisse zu erzielen.<\/span><\/p>\n<h3><span style=\"font-weight: 400\">Wie wird in Auto Slurricane mit Stress umgegangen?<\/span><\/h3>\n<p><span style=\"font-weight: 400\">Trotz ihrer Widerstandsf\u00e4higkeit ist es wichtig, Stress durch aggressives Umpflanzen oder Beschneiden zu vermeiden, da dies ihre Entwicklung beeinflussen kann.<\/span><\/p>\n<p>&nbsp;<\/p>","protected":false},"excerpt":{"rendered":"<p>Automatische Version unserer neuen Sorte Slurricane. Dieser Hybrid beh\u00e4lt den hohen THC-Gehalt seiner feminisierten Version sowie eine gute Produktion dank seiner Indica-Dominanz. Mittelgro\u00dfe und gut verzweigte Pflanze. Helle Knospen. S\u00fc\u00dfes Aroma von Beeren und Waldfr\u00fcchten.<\/p>\n<p>&nbsp;<\/p>","protected":false},"featured_media":19665,"comment_status":"open","ping_status":"closed","template":"","meta":{"_acf_changed":false},"product_brand":[],"product_cat":[70],"product_tag":[],"class_list":{"0":"post-2788","1":"product","2":"type-product","3":"status-publish","4":"has-post-thumbnail","6":"product_cat-automaticas","8":"first","9":"instock","10":"taxable","11":"shipping-taxable","12":"purchasable","13":"product-type-variable"},"acf":[],"yoast_head":"<!-- This site is optimized with the Yoast SEO Premium plugin v26.3 (Yoast SEO v26.6) - https:\/\/yoast.com\/wordpress\/plugins\/seo\/ -->\n<title>Auto Slurricane - Advanced Seeds<\/title>\n<meta name=\"robots\" content=\"index, follow, max-snippet:-1, max-image-preview:large, max-video-preview:-1\" \/>\n<link rel=\"canonical\" href=\"https:\/\/advancedseeds.com\/de\/tienda\/automaticas\/auto-slurrycane\/\" \/>\n<meta property=\"og:locale\" content=\"de_DE\" \/>\n<meta property=\"og:type\" content=\"article\" \/>\n<meta property=\"og:title\" content=\"Auto Slurricane\" \/>\n<meta property=\"og:description\" content=\"Versi\u00f3n autom\u00e1tica de nuestra nueva variedad Slurricane. Este hibrido conserva un alto \u00edndice de THC de su versi\u00f3n feminizada as\u00ed como una buena producci\u00f3n gracias a su predominancia \u00edndica. Planta de porte medio y bien ramificada. Cogollos brillantes. Aroma dulce a bayas y frutos del bosque.  &nbsp;\" \/>\n<meta property=\"og:url\" content=\"https:\/\/advancedseeds.com\/de\/tienda\/automaticas\/auto-slurrycane\/\" \/>\n<meta property=\"og:site_name\" content=\"Advanced Seeds\" \/>\n<meta property=\"article:modified_time\" content=\"2025-03-22T17:23:06+00:00\" \/>\n<meta property=\"og:image\" content=\"https:\/\/advancedseeds.com\/web\/wp-content\/uploads\/2021\/08\/Auto-Slurricane.jpg\" \/>\n\t<meta property=\"og:image:width\" content=\"1297\" \/>\n\t<meta property=\"og:image:height\" content=\"1722\" \/>\n\t<meta property=\"og:image:type\" content=\"image\/jpeg\" \/>\n<meta name=\"twitter:card\" content=\"summary_large_image\" \/>\n<meta name=\"twitter:label1\" content=\"Gesch\u00e4tzte Lesezeit\" \/>\n\t<meta name=\"twitter:data1\" content=\"5\u00a0Minuten\" \/>\n<script type=\"application\/ld+json\" class=\"yoast-schema-graph\">{\"@context\":\"https:\/\/schema.org\",\"@graph\":[{\"@type\":\"WebPage\",\"@id\":\"https:\/\/advancedseeds.com\/tienda\/automaticas\/auto-slurrycane\/\",\"url\":\"https:\/\/advancedseeds.com\/tienda\/automaticas\/auto-slurrycane\/\",\"name\":\"Auto Slurricane - Advanced Seeds\",\"isPartOf\":{\"@id\":\"https:\/\/advancedseeds.com\/#website\"},\"primaryImageOfPage\":{\"@id\":\"https:\/\/advancedseeds.com\/tienda\/automaticas\/auto-slurrycane\/#primaryimage\"},\"image\":{\"@id\":\"https:\/\/advancedseeds.com\/tienda\/automaticas\/auto-slurrycane\/#primaryimage\"},\"thumbnailUrl\":\"https:\/\/advancedseeds.com\/web\/wp-content\/uploads\/2021\/08\/Auto-Slurricane.jpg\",\"datePublished\":\"2021-08-23T11:58:13+00:00\",\"dateModified\":\"2025-03-22T17:23:06+00:00\",\"breadcrumb\":{\"@id\":\"https:\/\/advancedseeds.com\/tienda\/automaticas\/auto-slurrycane\/#breadcrumb\"},\"inLanguage\":\"de\",\"potentialAction\":[{\"@type\":\"ReadAction\",\"target\":[\"https:\/\/advancedseeds.com\/tienda\/automaticas\/auto-slurrycane\/\"]}]},{\"@type\":\"ImageObject\",\"inLanguage\":\"de\",\"@id\":\"https:\/\/advancedseeds.com\/tienda\/automaticas\/auto-slurrycane\/#primaryimage\",\"url\":\"https:\/\/advancedseeds.com\/web\/wp-content\/uploads\/2021\/08\/Auto-Slurricane.jpg\",\"contentUrl\":\"https:\/\/advancedseeds.com\/web\/wp-content\/uploads\/2021\/08\/Auto-Slurricane.jpg\",\"width\":1297,\"height\":1722,\"caption\":\"OLYMPUS DIGITAL CAMERA\"},{\"@type\":\"BreadcrumbList\",\"@id\":\"https:\/\/advancedseeds.com\/tienda\/automaticas\/auto-slurrycane\/#breadcrumb\",\"itemListElement\":[{\"@type\":\"ListItem\",\"position\":1,\"name\":\"Home\",\"item\":\"https:\/\/advancedseeds.com\/\"},{\"@type\":\"ListItem\",\"position\":2,\"name\":\"Tienda\",\"item\":\"https:\/\/advancedseeds.com\/\"},{\"@type\":\"ListItem\",\"position\":3,\"name\":\"Auto Slurricane\"}]},{\"@type\":\"WebSite\",\"@id\":\"https:\/\/advancedseeds.com\/#website\",\"url\":\"https:\/\/advancedseeds.com\/\",\"name\":\"Advanced Seeds\",\"description\":\"Gen\u00e9ticas Avanzadas en semillas feminizadas y autom\u00e1ticas.\",\"publisher\":{\"@id\":\"https:\/\/advancedseeds.com\/#organization\"},\"potentialAction\":[{\"@type\":\"SearchAction\",\"target\":{\"@type\":\"EntryPoint\",\"urlTemplate\":\"https:\/\/advancedseeds.com\/?s={search_term_string}\"},\"query-input\":{\"@type\":\"PropertyValueSpecification\",\"valueRequired\":true,\"valueName\":\"search_term_string\"}}],\"inLanguage\":\"de\"},{\"@type\":\"Organization\",\"@id\":\"https:\/\/advancedseeds.com\/#organization\",\"name\":\"Advanced Seeds\",\"url\":\"https:\/\/advancedseeds.com\/\",\"logo\":{\"@type\":\"ImageObject\",\"inLanguage\":\"de\",\"@id\":\"https:\/\/advancedseeds.com\/#\/schema\/logo\/image\/\",\"url\":\"https:\/\/advancedseeds.com\/web\/wp-content\/uploads\/2021\/01\/logo-advanced.jpg\",\"contentUrl\":\"https:\/\/advancedseeds.com\/web\/wp-content\/uploads\/2021\/01\/logo-advanced.jpg\",\"width\":600,\"height\":600,\"caption\":\"Advanced Seeds\"},\"image\":{\"@id\":\"https:\/\/advancedseeds.com\/#\/schema\/logo\/image\/\"}}]}<\/script>\n<!-- \/ Yoast SEO Premium plugin. -->","yoast_head_json":{"title":"Auto Slurricane - Advanced Seeds","robots":{"index":"index","follow":"follow","max-snippet":"max-snippet:-1","max-image-preview":"max-image-preview:large","max-video-preview":"max-video-preview:-1"},"canonical":"https:\/\/advancedseeds.com\/de\/tienda\/automaticas\/auto-slurrycane\/","og_locale":"de_DE","og_type":"article","og_title":"Auto Slurricane","og_description":"Versi\u00f3n autom\u00e1tica de nuestra nueva variedad Slurricane. Este hibrido conserva un alto \u00edndice de THC de su versi\u00f3n feminizada as\u00ed como una buena producci\u00f3n gracias a su predominancia \u00edndica. Planta de porte medio y bien ramificada. Cogollos brillantes. Aroma dulce a bayas y frutos del bosque.  &nbsp;","og_url":"https:\/\/advancedseeds.com\/de\/tienda\/automaticas\/auto-slurrycane\/","og_site_name":"Advanced Seeds","article_modified_time":"2025-03-22T17:23:06+00:00","og_image":[{"width":1297,"height":1722,"url":"https:\/\/advancedseeds.com\/web\/wp-content\/uploads\/2021\/08\/Auto-Slurricane.jpg","type":"image\/jpeg"}],"twitter_card":"summary_large_image","twitter_misc":{"Gesch\u00e4tzte Lesezeit":"5\u00a0Minuten"},"schema":{"@context":"https:\/\/schema.org","@graph":[{"@type":"WebPage","@id":"https:\/\/advancedseeds.com\/tienda\/automaticas\/auto-slurrycane\/","url":"https:\/\/advancedseeds.com\/tienda\/automaticas\/auto-slurrycane\/","name":"Auto Slurricane - Advanced Seeds","isPartOf":{"@id":"https:\/\/advancedseeds.com\/#website"},"primaryImageOfPage":{"@id":"https:\/\/advancedseeds.com\/tienda\/automaticas\/auto-slurrycane\/#primaryimage"},"image":{"@id":"https:\/\/advancedseeds.com\/tienda\/automaticas\/auto-slurrycane\/#primaryimage"},"thumbnailUrl":"https:\/\/advancedseeds.com\/web\/wp-content\/uploads\/2021\/08\/Auto-Slurricane.jpg","datePublished":"2021-08-23T11:58:13+00:00","dateModified":"2025-03-22T17:23:06+00:00","breadcrumb":{"@id":"https:\/\/advancedseeds.com\/tienda\/automaticas\/auto-slurrycane\/#breadcrumb"},"inLanguage":"de","potentialAction":[{"@type":"ReadAction","target":["https:\/\/advancedseeds.com\/tienda\/automaticas\/auto-slurrycane\/"]}]},{"@type":"ImageObject","inLanguage":"de","@id":"https:\/\/advancedseeds.com\/tienda\/automaticas\/auto-slurrycane\/#primaryimage","url":"https:\/\/advancedseeds.com\/web\/wp-content\/uploads\/2021\/08\/Auto-Slurricane.jpg","contentUrl":"https:\/\/advancedseeds.com\/web\/wp-content\/uploads\/2021\/08\/Auto-Slurricane.jpg","width":1297,"height":1722,"caption":"OLYMPUS DIGITAL CAMERA"},{"@type":"BreadcrumbList","@id":"https:\/\/advancedseeds.com\/tienda\/automaticas\/auto-slurrycane\/#breadcrumb","itemListElement":[{"@type":"ListItem","position":1,"name":"Home","item":"https:\/\/advancedseeds.com\/"},{"@type":"ListItem","position":2,"name":"Tienda","item":"https:\/\/advancedseeds.com\/"},{"@type":"ListItem","position":3,"name":"Auto Slurricane"}]},{"@type":"WebSite","@id":"https:\/\/advancedseeds.com\/#website","url":"https:\/\/advancedseeds.com\/","name":"Advanced Seeds","description":"Fortschrittliche Genetik in feminisierten und automatischen Samen.","publisher":{"@id":"https:\/\/advancedseeds.com\/#organization"},"potentialAction":[{"@type":"SearchAction","target":{"@type":"EntryPoint","urlTemplate":"https:\/\/advancedseeds.com\/?s={search_term_string}"},"query-input":{"@type":"PropertyValueSpecification","valueRequired":true,"valueName":"search_term_string"}}],"inLanguage":"de"},{"@type":"Organization","@id":"https:\/\/advancedseeds.com\/#organization","name":"Advanced Seeds","url":"https:\/\/advancedseeds.com\/","logo":{"@type":"ImageObject","inLanguage":"de","@id":"https:\/\/advancedseeds.com\/#\/schema\/logo\/image\/","url":"https:\/\/advancedseeds.com\/web\/wp-content\/uploads\/2021\/01\/logo-advanced.jpg","contentUrl":"https:\/\/advancedseeds.com\/web\/wp-content\/uploads\/2021\/01\/logo-advanced.jpg","width":600,"height":600,"caption":"Advanced Seeds"},"image":{"@id":"https:\/\/advancedseeds.com\/#\/schema\/logo\/image\/"}}]}},"_links":{"self":[{"href":"https:\/\/advancedseeds.com\/de\/wp-json\/wp\/v2\/product\/2788","targetHints":{"allow":["GET"]}}],"collection":[{"href":"https:\/\/advancedseeds.com\/de\/wp-json\/wp\/v2\/product"}],"about":[{"href":"https:\/\/advancedseeds.com\/de\/wp-json\/wp\/v2\/types\/product"}],"replies":[{"embeddable":true,"href":"https:\/\/advancedseeds.com\/de\/wp-json\/wp\/v2\/comments?post=2788"}],"wp:featuredmedia":[{"embeddable":true,"href":"https:\/\/advancedseeds.com\/de\/wp-json\/wp\/v2\/media\/19665"}],"wp:attachment":[{"href":"https:\/\/advancedseeds.com\/de\/wp-json\/wp\/v2\/media?parent=2788"}],"wp:term":[{"taxonomy":"product_brand","embeddable":true,"href":"https:\/\/advancedseeds.com\/de\/wp-json\/wp\/v2\/product_brand?post=2788"},{"taxonomy":"product_cat","embeddable":true,"href":"https:\/\/advancedseeds.com\/de\/wp-json\/wp\/v2\/product_cat?post=2788"},{"taxonomy":"product_tag","embeddable":true,"href":"https:\/\/advancedseeds.com\/de\/wp-json\/wp\/v2\/product_tag?post=2788"}],"curies":[{"name":"wp","href":"https:\/\/api.w.org\/{rel}","templated":true}]}}