{"id":301,"date":"2021-01-14T17:15:03","date_gmt":"2021-01-14T17:15:03","guid":{"rendered":"https:\/\/advancedseeds.com\/web\/producto\/auto-afghan-skunk\/"},"modified":"2026-04-20T22:45:46","modified_gmt":"2026-04-20T21:45:46","slug":"auto-afghan-skunk","status":"publish","type":"product","link":"https:\/\/advancedseeds.com\/de\/tienda\/automaticas\/auto-afghan-skunk\/","title":{"rendered":"Auto Afghan Skunk"},"content":{"rendered":"<p><span style=\"font-weight: 400\">Die <\/span><a href=\"https:\/\/advancedseeds.com\/web\/categoria-producto\/automaticas\/\"><b>Autoflowering-Samen<\/b><\/a><b> Auto Afghan Skunk von Advanced Seeds<\/b><span style=\"font-weight: 400\"> sind eine aufregende Wahl f\u00fcr Cannabisliebhaber. Diese Sorte kombiniert eine gro\u00dfartige Indica-Wirkung mit au\u00dfergew\u00f6hnlichem Geschmack und au\u00dferordentlicher Leichtigkeit beim Anbau. Wenn Sie mehr \u00fcber Auto Afghan Skunk erfahren m\u00f6chten, sollten Sie sich die folgenden Informationen nicht entgehen lassen.<\/span><\/p>\n<h2>Was sind die genetischen Eigenschaften dieser Samen?<\/h2>\n<p><span style=\"font-weight: 400\">Auto Afghan Skunk ist das Ergebnis einer genetischen Kreuzung zwischen<\/span><a href=\"https:\/\/advancedseeds.com\/web\/producto\/afghan-skunk\/\"> <span style=\"font-weight: 400\">Afghan Skunk<\/span><\/a><span style=\"font-weight: 400\"> und Ruderalis. Sie ist ein autoflowering Hybrid mit Indica-Dominanz, was zu einer robusten, schnellen und einfach zu z\u00fcchtenden Pflanze f\u00fchrt. Die Afghan sorgt f\u00fcr St\u00e4rke, w\u00e4hrend die Skunk f\u00fcr ein einzigartiges Aroma und Geschmack sorgt.<\/span><\/p>\n<p><span style=\"font-weight: 400\">Die Indica-Genetik dieser Sorte zeigt sich in ihrer kompakten Struktur und den breiten Bl\u00e4ttern. Dies macht sie perfekt f\u00fcr kleinere Anbaufl\u00e4chen, sowohl drinnen als auch drau\u00dfen.<\/span><\/p>\n<h2>Wie sieht die Auto Afghan Skunk aus?<\/h2>\n<p><span style=\"font-weight: 400\">Diese Pflanze hat eine kompakte Struktur mit breiten Bl\u00e4ttern und einem \u00fcppigen Aussehen. W\u00e4hrend der Bl\u00fctephase f\u00fcllt sich Auto Afghan Skunk mit dichten Knospen, die mit harzigen Trichomen bedeckt sind. Ihr Aussehen ist beeindruckend und ihre THC-reichen Knospen sind eine Augenweide.<\/span><\/p>\n<p><span style=\"font-weight: 400\">Der Abstand zwischen den Knoten ist kurz, was bedeutet, dass diese Pflanze ideal f\u00fcr den Anbau in kleinen R\u00e4umen ist. Ihr Gesamterscheinungsbild ist das einer robusten und gesunden Marihuanapflanze mit dunkelgr\u00fcnen Bl\u00e4ttern.<\/span><\/p>\n<h2>Wie werden diese Samen im Innen- und Au\u00dfenbereich angebaut?<\/h2>\n<p><span style=\"font-weight: 400\">Auto Afghan Skunk ist daf\u00fcr bekannt, dass sie sowohl im Innen- als auch im Au\u00dfenbereich leicht anzubauen ist. Hier sind einige Tipps, wie Sie die besten Ergebnisse erzielen k\u00f6nnen:<\/span><\/p>\n<h3><span style=\"font-weight: 400\">Innenanbau: <\/span><\/h3>\n<p><span style=\"font-weight: 400\">In Innenr\u00e4umen bl\u00fcht Auto Afghan Skunk in 65-75 Tagen nach der Keimung. Um den Ertrag zu maximieren, sollten Sie f\u00fcr optimale Wachstumsbedingungen sorgen, einschlie\u00dflich eines angemessenen Lichtzyklus, guter Bel\u00fcftung und Kontrolle der Luftfeuchtigkeit. Anbautechniken, wie z. B. das Beschneiden der Spitze, k\u00f6nnen die Produktion steigern.<\/span><\/p>\n<h3><span style=\"font-weight: 400\">Anbau im Freien: <\/span><\/h3>\n<p><span style=\"font-weight: 400\">Im Freiland erreicht diese Pflanze eine H\u00f6he von 80 bis 120 cm und wird je nach geografischem Standort in der Regel von April bis November geerntet. Auto Afghan Skunk ist schimmelresistent und eignet sich daher f\u00fcr eine Vielzahl von Klimabedingungen. Achten Sie auf einen Standort mit direkter Sonneneinstrahlung und guter Drainage im Boden.<\/span><\/p>\n<h2>Wie lange dauert es von der Keimung bis zur Ernte?<\/h2>\n<p><span style=\"font-weight: 400\">Auto Afghan Skunk ist f\u00fcr ihren schnellen Lebenszyklus und ihre fr\u00fche Bl\u00fcte bekannt. In Innenr\u00e4umen kann man damit rechnen, dass sie in 65-75 Tagen nach der Keimung erntereif ist. Im Freien variiert die Erntezeit je nach geografischem Standort, liegt aber im Allgemeinen zwischen April und November.<\/span><\/p>\n<h2>Wie viel produzieren diese Samen?<\/h2>\n<p><span style=\"font-weight: 400\">Auto Afghan Skunk ist eine gro\u00dfz\u00fcgige Sorte in Bezug auf den Ertrag. Im Innenbereich kannst Du mit 400-500 Gramm pro Quadratmeter rechnen. Im Freien ist sie, obwohl sie eine autoflowering Sorte ist, immer noch sehr produktiv und belohnt Dich mit regen Ernten.<\/span><\/p>\n<h2>Wie ist das Aroma und der Geschmack von Auto Afghan Skunk?<\/h2>\n<p><span style=\"font-weight: 400\">Eine der herausragendsten Eigenschaften von Auto Afghan Skunk ist sein au\u00dfergew\u00f6hnliches Aroma und sein Geschmack. Beim Konsum erleben Sie eine Explosion von k\u00f6stlichen Nuancen. Die Knospen verstr\u00f6men ein intensives Aroma, das Noten von Zitrusfr\u00fcchten, exotischen H\u00f6lzern und Gew\u00fcrzen vereint. Der Geschmack ist ebenso beeindruckend und stimmt mit dem Aroma \u00fcberein und bietet ein einzigartiges sensorisches Erlebnis.<\/span><\/p>\n<h2>Welche Wirkung hat dieses Marihuana?<\/h2>\n<p><span style=\"font-weight: 400\">Auto Afghan Skunk liefert ein starkes, typisches Indica-High. Wenn Sie sie rauchen oder verdampfen, werden Sie einen starken k\u00f6rperlichen Rausch versp\u00fcren, der zu tiefer Entspannung f\u00fchrt. Mit einem THC-Gehalt von 15% ist sie ideal, um Stress abzubauen, \u00c4ngste zu reduzieren und nach einem langen Tag zu entspannen. Es kann auch helfen, Schmerzen zu lindern und einen erholsamen Schlaf zu f\u00f6rdern.<\/span><\/p>\n<p><span style=\"font-weight: 400\">\u00a0Nutzen Sie die Gelegenheit und kaufen Sie Auto Afghan Skunk und beginnen Sie Ihr Wachstumserlebnis auf die bestm\u00f6gliche Weise!<\/span><\/p>\n<h2>H\u00e4ufig gestellte Fragen \u00fcber Auto Afghan Skunk:<\/h2>\n<h3>Was ist der Unterschied zwischen Auto Afghan Skunk und anderen Advanced Seeds-Sorten?<\/h3>\n<p><span style=\"font-weight: 400\">Auto Afghan Skunk zeichnet sich durch ihre einzigartige Genetik, ihr au\u00dfergew\u00f6hnliches Aroma und ihren Geschmack sowie ihre einfache Kultivierung aus. W\u00e4hrend andere Advanced Seeds-Sorten ebenso beeindruckend sind, bietet Auto Afghan Skunk ein unverwechselbares und schmackhaftes Anbau-Erlebnis.<\/span><\/p>\n<h3>Welche Tipps haben Sie f\u00fcr den Anbau im Freien?<\/h3>\n<p><span style=\"font-weight: 400\">Wenn Sie Auto Afghan Skunk im Freien anbauen, sollten Sie einen sonnigen und gut durchl\u00e4ssigen Standort w\u00e4hlen. Sorgen Sie f\u00fcr ein gutes Substrat und ausreichende Bew\u00e4sserung. Achten Sie auch darauf, die Pflanzen vor Sch\u00e4dlingen und Raubtieren zu sch\u00fctzen, da autoflowering Pflanzen einen kurzen Lebenszyklus haben und nicht so viel Zeit haben, sich von eventuellen Sch\u00e4den zu erholen.<\/span><\/p>\n<h3>Ist das Auto Afghan Skunk f\u00fcr Anf\u00e4nger geeignet?<\/h3>\n<p><span style=\"font-weight: 400\">Ja, die Auto Afghan Skunk ist aufgrund ihrer einfachen Kultivierung und ihrer Widerstandsf\u00e4higkeit eine ausgezeichnete Wahl f\u00fcr Anbauanf\u00e4nger. Es ist jedoch wichtig, dass man sich \u00fcber die Grundlagen des Marihuana-Anbaus informiert, bevor man beginnt.<\/span><\/p>\n<h3>Was sind die h\u00e4ufigsten Nebenwirkungen von Auto Afghan Skunk?<\/h3>\n<p><span style=\"font-weight: 400\">H\u00e4ufige Nebenwirkungen dieser Sorte sind Mundtrockenheit und rote Augen. Diese Wirkungen sind vor\u00fcbergehend und k\u00f6nnen durch ausreichende Fl\u00fcssigkeitszufuhr leicht gemildert werden. Aufgrund seiner Potenz wird empfohlen, es in Ma\u00dfen zu konsumieren, insbesondere f\u00fcr unerfahrene Konsumenten.<\/span><\/p>\n<h3>Wie hoch ist der THC-Gehalt von Auto Afghan Skunk?<\/h3>\n<p><span style=\"font-weight: 400\">Auto Afghan Skunk hat einen THC-Gehalt von 15%. Damit geh\u00f6rt sie zu den m\u00e4\u00dfig potenten Sorten und ist sowohl f\u00fcr erfahrene Nutzer als auch f\u00fcr Anf\u00e4nger geeignet. Es ist immer wichtig, verantwortungsvoll zu konsumieren und seine Grenzen zu kennen.<\/span><\/p>\n<h3>Wann ist die beste Zeit, um Auto Afghan Skunk im Freien zu ernten?<\/h3>\n<p><span style=\"font-weight: 400\">Der optimale Zeitpunkt f\u00fcr die Ernte im Freien h\u00e4ngt von Ihrer geografischen Lage ab. Im Allgemeinen kann man von April bis November ernten, was mit den w\u00e4rmeren Jahreszeiten in der n\u00f6rdlichen Hemisph\u00e4re zusammenf\u00e4llt.<\/span><\/p>\n<h3>Was ist der Unterschied zwischen Auto Afghan Skunk und dem photoperiodischen feminisierten Afghan Skunk?<\/h3>\n<p><span style=\"font-weight: 400\">Der Hauptunterschied liegt im Lebenszyklus und in der Einfachheit des Anbaus. Auto Afghan Skunk ist eine autoflowering Sorte, was bedeutet, dass sie automatisch in die Bl\u00fctephase \u00fcbergeht, ohne von der Photoperiode abh\u00e4ngig zu sein. Die regul\u00e4re Afghan Skunk hingegen erfordert eine strenge Kontrolle des Lichtzyklus, um die Bl\u00fcte einzuleiten. Auto Afghan Skunk ist schneller und einfacher zu z\u00fcchten, w\u00e4hrend die regul\u00e4re Afghan Skunk mehr Kontrolle \u00fcber den Wachstumsprozess bietet.<\/span><\/p>","protected":false},"excerpt":{"rendered":"<p>Indica \/ Sativa-Hybrid. Robuste und sehr produktive Pflanzenstruktur, mit gro\u00dfen, dichten Knospen voller Aroma und kr\u00e4ftigem und anhaltendem Geschmack dank ihres Skunk-Erbes. Sie ist sehr widerstandsf\u00e4hig gegen widrige Bedingungen und einfach anzubauen, was sie ideal f\u00fcr Anf\u00e4nger macht. Die Bl\u00fctezeit endet in 8 Wochen. Wenn sie in kalten Klimazonen angebaut wird, kann sie am Ende der Bl\u00fctezeit r\u00f6tliche und lila Farben entwickeln.<\/p>","protected":false},"featured_media":19648,"comment_status":"open","ping_status":"closed","template":"","meta":{"_acf_changed":false},"product_brand":[],"product_cat":[70],"product_tag":[],"class_list":{"0":"post-301","1":"product","2":"type-product","3":"status-publish","4":"has-post-thumbnail","6":"product_cat-automaticas","8":"first","9":"instock","10":"taxable","11":"shipping-taxable","12":"purchasable","13":"product-type-variable"},"acf":[],"yoast_head":"<!-- This site is optimized with the Yoast SEO Premium plugin v26.3 (Yoast SEO v26.6) - https:\/\/yoast.com\/wordpress\/plugins\/seo\/ -->\n<title>Auto Afghan Skunk - Advanced Seeds<\/title>\n<meta name=\"robots\" content=\"index, follow, max-snippet:-1, max-image-preview:large, max-video-preview:-1\" \/>\n<link rel=\"canonical\" href=\"https:\/\/advancedseeds.com\/de\/tienda\/automaticas\/auto-afghan-skunk\/\" \/>\n<meta property=\"og:locale\" content=\"de_DE\" \/>\n<meta property=\"og:type\" content=\"article\" \/>\n<meta property=\"og:title\" content=\"Auto Afghan Skunk\" \/>\n<meta property=\"og:description\" content=\"H\u00edbrido Indica \/ Sativa. Planta de estructura robusta y muy productiva, con grandes y densos cogollos de aroma y sabor potente y duradero gracias a su herencia Skunk. Es muy resistente a las condiciones adversas y de f\u00e1cil cultivo, lo que la hace ideal para principiantes. Completa la floraci\u00f3n en 8 semanas. Si se cultiva en climas fr\u00edos puede desarrollar colores rojizos y morados al final de la floraci\u00f3n.\" \/>\n<meta property=\"og:url\" content=\"https:\/\/advancedseeds.com\/de\/tienda\/automaticas\/auto-afghan-skunk\/\" \/>\n<meta property=\"og:site_name\" content=\"Advanced Seeds\" \/>\n<meta property=\"article:modified_time\" content=\"2026-04-20T21:45:46+00:00\" \/>\n<meta property=\"og:image\" content=\"https:\/\/advancedseeds.com\/web\/wp-content\/uploads\/2021\/01\/Auto-Afghan-Skunk.jpg\" \/>\n\t<meta property=\"og:image:width\" content=\"1880\" \/>\n\t<meta property=\"og:image:height\" content=\"2496\" \/>\n\t<meta property=\"og:image:type\" content=\"image\/jpeg\" \/>\n<meta name=\"twitter:card\" content=\"summary_large_image\" \/>\n<meta name=\"twitter:label1\" content=\"Gesch\u00e4tzte Lesezeit\" \/>\n\t<meta name=\"twitter:data1\" content=\"6\u00a0Minuten\" \/>\n<script type=\"application\/ld+json\" class=\"yoast-schema-graph\">{\"@context\":\"https:\/\/schema.org\",\"@graph\":[{\"@type\":\"WebPage\",\"@id\":\"https:\/\/advancedseeds.com\/tienda\/automaticas\/auto-afghan-skunk\/\",\"url\":\"https:\/\/advancedseeds.com\/tienda\/automaticas\/auto-afghan-skunk\/\",\"name\":\"Auto Afghan Skunk - Advanced Seeds\",\"isPartOf\":{\"@id\":\"https:\/\/advancedseeds.com\/#website\"},\"primaryImageOfPage\":{\"@id\":\"https:\/\/advancedseeds.com\/tienda\/automaticas\/auto-afghan-skunk\/#primaryimage\"},\"image\":{\"@id\":\"https:\/\/advancedseeds.com\/tienda\/automaticas\/auto-afghan-skunk\/#primaryimage\"},\"thumbnailUrl\":\"https:\/\/advancedseeds.com\/web\/wp-content\/uploads\/2021\/01\/Auto-Afghan-Skunk.jpg\",\"datePublished\":\"2021-01-14T17:15:03+00:00\",\"dateModified\":\"2026-04-20T21:45:46+00:00\",\"breadcrumb\":{\"@id\":\"https:\/\/advancedseeds.com\/tienda\/automaticas\/auto-afghan-skunk\/#breadcrumb\"},\"inLanguage\":\"de\",\"potentialAction\":[{\"@type\":\"ReadAction\",\"target\":[\"https:\/\/advancedseeds.com\/tienda\/automaticas\/auto-afghan-skunk\/\"]}]},{\"@type\":\"ImageObject\",\"inLanguage\":\"de\",\"@id\":\"https:\/\/advancedseeds.com\/tienda\/automaticas\/auto-afghan-skunk\/#primaryimage\",\"url\":\"https:\/\/advancedseeds.com\/web\/wp-content\/uploads\/2021\/01\/Auto-Afghan-Skunk.jpg\",\"contentUrl\":\"https:\/\/advancedseeds.com\/web\/wp-content\/uploads\/2021\/01\/Auto-Afghan-Skunk.jpg\",\"width\":1880,\"height\":2496,\"caption\":\"SONY DSC\"},{\"@type\":\"BreadcrumbList\",\"@id\":\"https:\/\/advancedseeds.com\/tienda\/automaticas\/auto-afghan-skunk\/#breadcrumb\",\"itemListElement\":[{\"@type\":\"ListItem\",\"position\":1,\"name\":\"Home\",\"item\":\"https:\/\/advancedseeds.com\/\"},{\"@type\":\"ListItem\",\"position\":2,\"name\":\"Tienda\",\"item\":\"https:\/\/advancedseeds.com\/\"},{\"@type\":\"ListItem\",\"position\":3,\"name\":\"Auto Afghan Skunk\"}]},{\"@type\":\"WebSite\",\"@id\":\"https:\/\/advancedseeds.com\/#website\",\"url\":\"https:\/\/advancedseeds.com\/\",\"name\":\"Advanced Seeds\",\"description\":\"Gen\u00e9ticas Avanzadas en semillas feminizadas y autom\u00e1ticas.\",\"publisher\":{\"@id\":\"https:\/\/advancedseeds.com\/#organization\"},\"potentialAction\":[{\"@type\":\"SearchAction\",\"target\":{\"@type\":\"EntryPoint\",\"urlTemplate\":\"https:\/\/advancedseeds.com\/?s={search_term_string}\"},\"query-input\":{\"@type\":\"PropertyValueSpecification\",\"valueRequired\":true,\"valueName\":\"search_term_string\"}}],\"inLanguage\":\"de\"},{\"@type\":\"Organization\",\"@id\":\"https:\/\/advancedseeds.com\/#organization\",\"name\":\"Advanced Seeds\",\"url\":\"https:\/\/advancedseeds.com\/\",\"logo\":{\"@type\":\"ImageObject\",\"inLanguage\":\"de\",\"@id\":\"https:\/\/advancedseeds.com\/#\/schema\/logo\/image\/\",\"url\":\"https:\/\/advancedseeds.com\/web\/wp-content\/uploads\/2021\/01\/logo-advanced.jpg\",\"contentUrl\":\"https:\/\/advancedseeds.com\/web\/wp-content\/uploads\/2021\/01\/logo-advanced.jpg\",\"width\":600,\"height\":600,\"caption\":\"Advanced Seeds\"},\"image\":{\"@id\":\"https:\/\/advancedseeds.com\/#\/schema\/logo\/image\/\"}}]}<\/script>\n<!-- \/ Yoast SEO Premium plugin. -->","yoast_head_json":{"title":"Auto Afghan Skunk - Advanced Seeds","robots":{"index":"index","follow":"follow","max-snippet":"max-snippet:-1","max-image-preview":"max-image-preview:large","max-video-preview":"max-video-preview:-1"},"canonical":"https:\/\/advancedseeds.com\/de\/tienda\/automaticas\/auto-afghan-skunk\/","og_locale":"de_DE","og_type":"article","og_title":"Auto Afghan Skunk","og_description":"H\u00edbrido Indica \/ Sativa. Planta de estructura robusta y muy productiva, con grandes y densos cogollos de aroma y sabor potente y duradero gracias a su herencia Skunk. Es muy resistente a las condiciones adversas y de f\u00e1cil cultivo, lo que la hace ideal para principiantes. Completa la floraci\u00f3n en 8 semanas. Si se cultiva en climas fr\u00edos puede desarrollar colores rojizos y morados al final de la floraci\u00f3n.","og_url":"https:\/\/advancedseeds.com\/de\/tienda\/automaticas\/auto-afghan-skunk\/","og_site_name":"Advanced Seeds","article_modified_time":"2026-04-20T21:45:46+00:00","og_image":[{"width":1880,"height":2496,"url":"https:\/\/advancedseeds.com\/web\/wp-content\/uploads\/2021\/01\/Auto-Afghan-Skunk.jpg","type":"image\/jpeg"}],"twitter_card":"summary_large_image","twitter_misc":{"Gesch\u00e4tzte Lesezeit":"6\u00a0Minuten"},"schema":{"@context":"https:\/\/schema.org","@graph":[{"@type":"WebPage","@id":"https:\/\/advancedseeds.com\/tienda\/automaticas\/auto-afghan-skunk\/","url":"https:\/\/advancedseeds.com\/tienda\/automaticas\/auto-afghan-skunk\/","name":"Auto Afghan Skunk - Advanced Seeds","isPartOf":{"@id":"https:\/\/advancedseeds.com\/#website"},"primaryImageOfPage":{"@id":"https:\/\/advancedseeds.com\/tienda\/automaticas\/auto-afghan-skunk\/#primaryimage"},"image":{"@id":"https:\/\/advancedseeds.com\/tienda\/automaticas\/auto-afghan-skunk\/#primaryimage"},"thumbnailUrl":"https:\/\/advancedseeds.com\/web\/wp-content\/uploads\/2021\/01\/Auto-Afghan-Skunk.jpg","datePublished":"2021-01-14T17:15:03+00:00","dateModified":"2026-04-20T21:45:46+00:00","breadcrumb":{"@id":"https:\/\/advancedseeds.com\/tienda\/automaticas\/auto-afghan-skunk\/#breadcrumb"},"inLanguage":"de","potentialAction":[{"@type":"ReadAction","target":["https:\/\/advancedseeds.com\/tienda\/automaticas\/auto-afghan-skunk\/"]}]},{"@type":"ImageObject","inLanguage":"de","@id":"https:\/\/advancedseeds.com\/tienda\/automaticas\/auto-afghan-skunk\/#primaryimage","url":"https:\/\/advancedseeds.com\/web\/wp-content\/uploads\/2021\/01\/Auto-Afghan-Skunk.jpg","contentUrl":"https:\/\/advancedseeds.com\/web\/wp-content\/uploads\/2021\/01\/Auto-Afghan-Skunk.jpg","width":1880,"height":2496,"caption":"SONY DSC"},{"@type":"BreadcrumbList","@id":"https:\/\/advancedseeds.com\/tienda\/automaticas\/auto-afghan-skunk\/#breadcrumb","itemListElement":[{"@type":"ListItem","position":1,"name":"Home","item":"https:\/\/advancedseeds.com\/"},{"@type":"ListItem","position":2,"name":"Tienda","item":"https:\/\/advancedseeds.com\/"},{"@type":"ListItem","position":3,"name":"Auto Afghan Skunk"}]},{"@type":"WebSite","@id":"https:\/\/advancedseeds.com\/#website","url":"https:\/\/advancedseeds.com\/","name":"Advanced Seeds","description":"Fortschrittliche Genetik in feminisierten und automatischen Samen.","publisher":{"@id":"https:\/\/advancedseeds.com\/#organization"},"potentialAction":[{"@type":"SearchAction","target":{"@type":"EntryPoint","urlTemplate":"https:\/\/advancedseeds.com\/?s={search_term_string}"},"query-input":{"@type":"PropertyValueSpecification","valueRequired":true,"valueName":"search_term_string"}}],"inLanguage":"de"},{"@type":"Organization","@id":"https:\/\/advancedseeds.com\/#organization","name":"Advanced Seeds","url":"https:\/\/advancedseeds.com\/","logo":{"@type":"ImageObject","inLanguage":"de","@id":"https:\/\/advancedseeds.com\/#\/schema\/logo\/image\/","url":"https:\/\/advancedseeds.com\/web\/wp-content\/uploads\/2021\/01\/logo-advanced.jpg","contentUrl":"https:\/\/advancedseeds.com\/web\/wp-content\/uploads\/2021\/01\/logo-advanced.jpg","width":600,"height":600,"caption":"Advanced Seeds"},"image":{"@id":"https:\/\/advancedseeds.com\/#\/schema\/logo\/image\/"}}]}},"_links":{"self":[{"href":"https:\/\/advancedseeds.com\/de\/wp-json\/wp\/v2\/product\/301","targetHints":{"allow":["GET"]}}],"collection":[{"href":"https:\/\/advancedseeds.com\/de\/wp-json\/wp\/v2\/product"}],"about":[{"href":"https:\/\/advancedseeds.com\/de\/wp-json\/wp\/v2\/types\/product"}],"replies":[{"embeddable":true,"href":"https:\/\/advancedseeds.com\/de\/wp-json\/wp\/v2\/comments?post=301"}],"wp:featuredmedia":[{"embeddable":true,"href":"https:\/\/advancedseeds.com\/de\/wp-json\/wp\/v2\/media\/19648"}],"wp:attachment":[{"href":"https:\/\/advancedseeds.com\/de\/wp-json\/wp\/v2\/media?parent=301"}],"wp:term":[{"taxonomy":"product_brand","embeddable":true,"href":"https:\/\/advancedseeds.com\/de\/wp-json\/wp\/v2\/product_brand?post=301"},{"taxonomy":"product_cat","embeddable":true,"href":"https:\/\/advancedseeds.com\/de\/wp-json\/wp\/v2\/product_cat?post=301"},{"taxonomy":"product_tag","embeddable":true,"href":"https:\/\/advancedseeds.com\/de\/wp-json\/wp\/v2\/product_tag?post=301"}],"curies":[{"name":"wp","href":"https:\/\/api.w.org\/{rel}","templated":true}]}}