{"id":305,"date":"2021-01-14T17:15:14","date_gmt":"2021-01-14T17:15:14","guid":{"rendered":"https:\/\/advancedseeds.com\/web\/producto\/auto-biodiesel-mass-xxl\/"},"modified":"2025-03-22T18:13:08","modified_gmt":"2025-03-22T17:13:08","slug":"auto-biodiesel-mass-xxl","status":"publish","type":"product","link":"https:\/\/advancedseeds.com\/de\/tienda\/automaticas\/auto-biodiesel-mass-xxl\/","title":{"rendered":"Auto Biodiesel Mass XXL"},"content":{"rendered":"<p>Unsere Auto Biodiesel Mass ist aus einer Auswahl der besten, produktivsten und harzigsten Sorten von Auto Diesel und Auto Critical entstanden. Von dort aus haben wir eine Auswahl der besten St\u00e4mme von Auto Biodiesel Mass getroffen, so dass sowohl die Produktion als auch die Qualit\u00e4t in dieser neuen Version gesteigert wurden. Das Aroma von Orangen und s\u00fc\u00dfen Zitrusfr\u00fcchten ist charakteristisch f\u00fcr ihre Diesel-Vorfahren.<\/p>\n<h2><b>Was sind die genetischen Eigenschaften dieser Samen?<\/b><\/h2>\n<p><span style=\"font-weight: 400\">Auto Biodiesel Mass XXL ist die Weiterentwicklung der bereits gesch\u00e4tzten Auto Biodiesel Mass Sorte von Advanced Seeds. Diese Sorte ist das Ergebnis einer sorgf\u00e4ltig ausgew\u00e4hlten Kreuzung, die die Eigenschaften, die sie ber\u00fchmt gemacht haben, beibehalten hat. Es handelt sich um eine Indica-Sorte, was bedeutet, dass sie eine entspannende und beruhigende Wirkung hat. Dank ihres genetischen Erbes produzieren diese Samen mehr, sind schmackhafter und haben eine st\u00e4rkere Wirkung als die vorherige Version.<\/span><\/p>\n<h2><b>Wie sieht Auto Biodiesel Mass XXL aus?<\/b><\/h2>\n<p><span style=\"font-weight: 400\">Auto Biodiesel Mass XXL ist eine Pflanze, die schon auf den ersten Blick beeindruckt. Sie zeigt eine solide und starke Morphologie, die sich schnell und kr\u00e4ftig entwickelt. Ihre robuste Struktur erm\u00f6glicht es ihr, zahlreiche Seiten\u00e4ste zu bilden, was eine h\u00f6here Produktion von Bl\u00fcten guten Kalibers bedeutet. Die Bl\u00e4tter sind nicht \u00fcberm\u00e4\u00dfig gro\u00df, so dass Licht und Luft leicht in die Pflanze eindringen k\u00f6nnen. Die H\u00f6he kann in Innenr\u00e4umen zwischen 80 und 120 cm variieren, w\u00e4hrend sie im Freien bis zu 1,6 m erreichen kann.<\/span><\/p>\n<h2><b>Wie werden diese Samen im Innen- und Au\u00dfenbereich angebaut?<\/b><\/h2>\n<h3><span style=\"font-weight: 400\">Innenanbau:<\/span><\/h3>\n<p><span style=\"font-weight: 400\">Die besten Ergebnisse erzielen Sie in Innenr\u00e4umen, wenn Sie f\u00fcr eine starke Beleuchtung mit einer Photoperiode von vielen Stunden Licht pro Tag sorgen, idealerweise 20 Stunden an und 4 Stunden aus, und zwar vom Zeitpunkt der Geburt bis zum Schnitt der Pflanzen. Es wird empfohlen, nicht mehr als 9 Pflanzen pro Quadratmeter zu pflanzen, damit sie sich optimal entwickeln k\u00f6nnen, aber das h\u00e4ngt auch von der Kapazit\u00e4t des Topfes ab.<\/span><\/p>\n<h3><span style=\"font-weight: 400\">Anbau im Freien:<\/span><\/h3>\n<p><span style=\"font-weight: 400\">Im Freiland erreicht die Auto Biodiesel Mass XXL ihr volles Potenzial, wenn sie vom sp\u00e4ten Fr\u00fchjahr bis zum Sp\u00e4tsommer angebaut wird. Sie kann direkt in den Boden oder in gro\u00dfe T\u00f6pfe gepflanzt werden, um Pflanzen von mehr als 1,50 m H\u00f6he zu erhalten. Denken Sie daran, vorbeugend Pflanzenschutzmittel zu verwenden, um Sch\u00e4dlingsprobleme zu vermeiden, und wenn Sie die M\u00f6glichkeit haben, st\u00fctzen Sie die Zweige ab.<\/span><\/p>\n<h2><b>Wann wird Auto Biodiesel Mass XXL geerntet?<\/b><\/h2>\n<p><span style=\"font-weight: 400\">Im Innenbereich betr\u00e4gt der komplette Zyklus von Auto Biodiesel Mass XXL 60\/70 Tage ab der Keimung. Wenn Sie den Anbau im Freien bevorzugen, k\u00f6nnen Sie je nach Standort und Wetterbedingungen zwischen April und November anbauen, wobei Sie immer bedenken sollten, dass der Ertrag umso h\u00f6her ist, je mehr Licht Sie zur Verf\u00fcgung haben.<\/span><\/p>\n<h2><b>Wie viel produzieren diese Samen?<\/b><\/h2>\n<p><span style=\"font-weight: 400\">Auto Biodiesel Mass XXL ist bekannt f\u00fcr seine Gro\u00dfz\u00fcgigkeit in Bezug auf den Ertrag. Im Innenbereich k\u00f6nnen Sie mehr als 450 Gramm pro Quadratmeter erhalten. Im Freien kann diese kr\u00e4ftige Sorte 150 Gramm pro Pflanze \u00fcberschreiten.<\/span><\/p>\n<h2><b>Wie ist das Aroma und der Geschmack von Auto Biodiesel Mass XXL?<\/b><\/h2>\n<p><span style=\"font-weight: 400\">Wenn Sie ein Liebhaber von Zitrusfr\u00fcchten und s\u00fc\u00dfen Aromen sind, werden Sie Auto Biodiesel Mass XXL lieben. Sie entwickelt ein intensives Spektrum an Zitrusnoten, die an Orangen und Mandarinen erinnern, begleitet von einem s\u00fc\u00dfen Hintergrund, der ihr K\u00f6rper und Dichte verleiht. Diese Sorte ist ein Leckerbissen f\u00fcr Ihre Geschmacksknospen, und Sie werden sie immer wieder probieren wollen.<\/span><\/p>\n<h2><b>Welche Wirkung hat dieses Marihuana?<\/b><\/h2>\n<p><span style=\"font-weight: 400\">Auto Biodiesel Mass XXL bietet eine \u00fcberwiegend aktive Wirkung, ideal f\u00fcr den t\u00e4glichen Gebrauch. Mit einem THC-Gehalt von 17% wirst Du mit der Zeit ein Gef\u00fchl der moderaten Entspannung erleben, perfekt um eine Pause zu machen und zu Deinen t\u00e4glichen Aktivit\u00e4ten zur\u00fcckzukehren.<\/span><\/p>\n<h2><b>Auto Biodiesel Mass XXL zum besten Preis kaufen<\/b><\/h2>\n<p><span style=\"font-weight: 400\">Verpassen Sie nicht die Gelegenheit, Auto Biodiesel Mass XXL von Advanced Seeds zu genie\u00dfen. Kaufen Sie diese Samen zum besten Preis online und erleben Sie ein au\u00dfergew\u00f6hnliches Marihuana, das alle Ihre Sinne erfreuen wird.<\/span><\/p>\n<h2><b>H\u00e4ufig gestellte Fragen zu Auto Biodiesel Mass XXL:<\/b><\/h2>\n<h3><span style=\"font-weight: 400\">Wie hoch ist der THC-Gehalt von Auto Biodiesel Mass XXL?<\/span><\/h3>\n<p><span style=\"font-weight: 400\">Auto Biodiesel Mass XXL hat einen THC-Gehalt von 17%.<\/span><\/p>\n<h3><span style=\"font-weight: 400\">Ist es mehr Indica oder Sativa?<\/span><\/h3>\n<p><span style=\"font-weight: 400\">Diese Sorte ist haupts\u00e4chlich eine Indica.<\/span><\/p>\n<h3><span style=\"font-weight: 400\">Wie lange dauert der komplette Indoor-Zyklus?<\/span><\/h3>\n<p><span style=\"font-weight: 400\">Im Innenbereich betr\u00e4gt der vollst\u00e4ndige Zyklus 60 Tage ab dem Einpflanzen.<\/span><\/p>\n<h3><span style=\"font-weight: 400\">Welche maximale H\u00f6he kann sie im Freien erreichen?<\/span><\/h3>\n<p><span style=\"font-weight: 400\">Im Freien kann der Auto Biodiesel Mass XXL unter optimalen Bedingungen eine H\u00f6he von bis zu 1,6 Metern erreichen.<\/span><\/p>\n<p>&nbsp;<\/p>\n<p>&nbsp;<\/p>","protected":false},"excerpt":{"rendered":"<p><span style=\"font-weight: 400\">Wenn Sie auf der Suche nach dem n\u00e4chsten Juwel f\u00fcr Ihren Marihuana-Anbau sind, dann suchen Sie nicht weiter. Autoflowering-Samen <\/span><b>Auto Biodiesel Mass XXL von Advanced Seeds<\/b><span style=\"font-weight: 400\"> sind die perfekte Wahl. In diesem Factsheet erfahren Sie alles, was Sie \u00fcber diese Samen wissen m\u00fcssen, von ihrer Genetik bis hin zu ihrer Aufzucht und ihrem erstaunlichen Geschmack und ihrer Wirkung. Machen Sie sich bereit f\u00fcr ein au\u00dfergew\u00f6hnliches Cannabis-Erlebnis.<\/span><\/p>","protected":false},"featured_media":19651,"comment_status":"open","ping_status":"closed","template":"","meta":{"_acf_changed":false},"product_brand":[],"product_cat":[70],"product_tag":[],"class_list":{"0":"post-305","1":"product","2":"type-product","3":"status-publish","4":"has-post-thumbnail","6":"product_cat-automaticas","8":"first","9":"instock","10":"taxable","11":"shipping-taxable","12":"purchasable","13":"product-type-variable"},"acf":[],"yoast_head":"<!-- This site is optimized with the Yoast SEO Premium plugin v26.3 (Yoast SEO v26.6) - https:\/\/yoast.com\/wordpress\/plugins\/seo\/ -->\n<title>Auto Biodiesel Mass XXL - Advanced Seeds<\/title>\n<meta name=\"robots\" content=\"index, follow, max-snippet:-1, max-image-preview:large, max-video-preview:-1\" \/>\n<link rel=\"canonical\" href=\"https:\/\/advancedseeds.com\/de\/tienda\/automaticas\/auto-biodiesel-mass-xxl\/\" \/>\n<meta property=\"og:locale\" content=\"de_DE\" \/>\n<meta property=\"og:type\" content=\"article\" \/>\n<meta property=\"og:title\" content=\"Auto Biodiesel Mass XXL\" \/>\n<meta property=\"og:description\" content=\"Si buscas la pr\u00f3xima joya para tu cultivo de marihuana, no busques m\u00e1s. Las semillas autoflorecientes Auto Biodiesel Mass XXL de Advanced Seeds son la elecci\u00f3n perfecta. En esta ficha, te contaremos todo lo que necesitas saber sobre estas semillas, desde su gen\u00e9tica hasta c\u00f3mo cultivarlas y disfrutar de su incre\u00edble sabor y efectos. \u00a1Prep\u00e1rate para una experiencia cann\u00e1bica excepcional.\" \/>\n<meta property=\"og:url\" content=\"https:\/\/advancedseeds.com\/de\/tienda\/automaticas\/auto-biodiesel-mass-xxl\/\" \/>\n<meta property=\"og:site_name\" content=\"Advanced Seeds\" \/>\n<meta property=\"article:modified_time\" content=\"2025-03-22T17:13:08+00:00\" \/>\n<meta property=\"og:image\" content=\"https:\/\/advancedseeds.com\/web\/wp-content\/uploads\/2021\/01\/Auto-Biodiesel-Mass-XXL.jpg\" \/>\n\t<meta property=\"og:image:width\" content=\"1346\" \/>\n\t<meta property=\"og:image:height\" content=\"1787\" \/>\n\t<meta property=\"og:image:type\" content=\"image\/jpeg\" \/>\n<meta name=\"twitter:card\" content=\"summary_large_image\" \/>\n<meta name=\"twitter:label1\" content=\"Gesch\u00e4tzte Lesezeit\" \/>\n\t<meta name=\"twitter:data1\" content=\"4\u00a0Minuten\" \/>\n<script type=\"application\/ld+json\" class=\"yoast-schema-graph\">{\"@context\":\"https:\/\/schema.org\",\"@graph\":[{\"@type\":\"WebPage\",\"@id\":\"https:\/\/advancedseeds.com\/tienda\/automaticas\/auto-biodiesel-mass-xxl\/\",\"url\":\"https:\/\/advancedseeds.com\/tienda\/automaticas\/auto-biodiesel-mass-xxl\/\",\"name\":\"Auto Biodiesel Mass XXL - Advanced Seeds\",\"isPartOf\":{\"@id\":\"https:\/\/advancedseeds.com\/#website\"},\"primaryImageOfPage\":{\"@id\":\"https:\/\/advancedseeds.com\/tienda\/automaticas\/auto-biodiesel-mass-xxl\/#primaryimage\"},\"image\":{\"@id\":\"https:\/\/advancedseeds.com\/tienda\/automaticas\/auto-biodiesel-mass-xxl\/#primaryimage\"},\"thumbnailUrl\":\"https:\/\/advancedseeds.com\/web\/wp-content\/uploads\/2021\/01\/Auto-Biodiesel-Mass-XXL.jpg\",\"datePublished\":\"2021-01-14T17:15:14+00:00\",\"dateModified\":\"2025-03-22T17:13:08+00:00\",\"breadcrumb\":{\"@id\":\"https:\/\/advancedseeds.com\/tienda\/automaticas\/auto-biodiesel-mass-xxl\/#breadcrumb\"},\"inLanguage\":\"de\",\"potentialAction\":[{\"@type\":\"ReadAction\",\"target\":[\"https:\/\/advancedseeds.com\/tienda\/automaticas\/auto-biodiesel-mass-xxl\/\"]}]},{\"@type\":\"ImageObject\",\"inLanguage\":\"de\",\"@id\":\"https:\/\/advancedseeds.com\/tienda\/automaticas\/auto-biodiesel-mass-xxl\/#primaryimage\",\"url\":\"https:\/\/advancedseeds.com\/web\/wp-content\/uploads\/2021\/01\/Auto-Biodiesel-Mass-XXL.jpg\",\"contentUrl\":\"https:\/\/advancedseeds.com\/web\/wp-content\/uploads\/2021\/01\/Auto-Biodiesel-Mass-XXL.jpg\",\"width\":1346,\"height\":1787,\"caption\":\"Auto Biodiesel Mass XXL\"},{\"@type\":\"BreadcrumbList\",\"@id\":\"https:\/\/advancedseeds.com\/tienda\/automaticas\/auto-biodiesel-mass-xxl\/#breadcrumb\",\"itemListElement\":[{\"@type\":\"ListItem\",\"position\":1,\"name\":\"Home\",\"item\":\"https:\/\/advancedseeds.com\/\"},{\"@type\":\"ListItem\",\"position\":2,\"name\":\"Tienda\",\"item\":\"https:\/\/advancedseeds.com\/\"},{\"@type\":\"ListItem\",\"position\":3,\"name\":\"Auto Biodiesel Mass XXL\"}]},{\"@type\":\"WebSite\",\"@id\":\"https:\/\/advancedseeds.com\/#website\",\"url\":\"https:\/\/advancedseeds.com\/\",\"name\":\"Advanced Seeds\",\"description\":\"Gen\u00e9ticas Avanzadas en semillas feminizadas y autom\u00e1ticas.\",\"publisher\":{\"@id\":\"https:\/\/advancedseeds.com\/#organization\"},\"potentialAction\":[{\"@type\":\"SearchAction\",\"target\":{\"@type\":\"EntryPoint\",\"urlTemplate\":\"https:\/\/advancedseeds.com\/?s={search_term_string}\"},\"query-input\":{\"@type\":\"PropertyValueSpecification\",\"valueRequired\":true,\"valueName\":\"search_term_string\"}}],\"inLanguage\":\"de\"},{\"@type\":\"Organization\",\"@id\":\"https:\/\/advancedseeds.com\/#organization\",\"name\":\"Advanced Seeds\",\"url\":\"https:\/\/advancedseeds.com\/\",\"logo\":{\"@type\":\"ImageObject\",\"inLanguage\":\"de\",\"@id\":\"https:\/\/advancedseeds.com\/#\/schema\/logo\/image\/\",\"url\":\"https:\/\/advancedseeds.com\/web\/wp-content\/uploads\/2021\/01\/logo-advanced.jpg\",\"contentUrl\":\"https:\/\/advancedseeds.com\/web\/wp-content\/uploads\/2021\/01\/logo-advanced.jpg\",\"width\":600,\"height\":600,\"caption\":\"Advanced Seeds\"},\"image\":{\"@id\":\"https:\/\/advancedseeds.com\/#\/schema\/logo\/image\/\"}}]}<\/script>\n<!-- \/ Yoast SEO Premium plugin. -->","yoast_head_json":{"title":"Auto Biodiesel Mass XXL - Advanced Seeds","robots":{"index":"index","follow":"follow","max-snippet":"max-snippet:-1","max-image-preview":"max-image-preview:large","max-video-preview":"max-video-preview:-1"},"canonical":"https:\/\/advancedseeds.com\/de\/tienda\/automaticas\/auto-biodiesel-mass-xxl\/","og_locale":"de_DE","og_type":"article","og_title":"Auto Biodiesel Mass XXL","og_description":"Si buscas la pr\u00f3xima joya para tu cultivo de marihuana, no busques m\u00e1s. Las semillas autoflorecientes Auto Biodiesel Mass XXL de Advanced Seeds son la elecci\u00f3n perfecta. En esta ficha, te contaremos todo lo que necesitas saber sobre estas semillas, desde su gen\u00e9tica hasta c\u00f3mo cultivarlas y disfrutar de su incre\u00edble sabor y efectos. \u00a1Prep\u00e1rate para una experiencia cann\u00e1bica excepcional.","og_url":"https:\/\/advancedseeds.com\/de\/tienda\/automaticas\/auto-biodiesel-mass-xxl\/","og_site_name":"Advanced Seeds","article_modified_time":"2025-03-22T17:13:08+00:00","og_image":[{"width":1346,"height":1787,"url":"https:\/\/advancedseeds.com\/web\/wp-content\/uploads\/2021\/01\/Auto-Biodiesel-Mass-XXL.jpg","type":"image\/jpeg"}],"twitter_card":"summary_large_image","twitter_misc":{"Gesch\u00e4tzte Lesezeit":"4\u00a0Minuten"},"schema":{"@context":"https:\/\/schema.org","@graph":[{"@type":"WebPage","@id":"https:\/\/advancedseeds.com\/tienda\/automaticas\/auto-biodiesel-mass-xxl\/","url":"https:\/\/advancedseeds.com\/tienda\/automaticas\/auto-biodiesel-mass-xxl\/","name":"Auto Biodiesel Mass XXL - Advanced Seeds","isPartOf":{"@id":"https:\/\/advancedseeds.com\/#website"},"primaryImageOfPage":{"@id":"https:\/\/advancedseeds.com\/tienda\/automaticas\/auto-biodiesel-mass-xxl\/#primaryimage"},"image":{"@id":"https:\/\/advancedseeds.com\/tienda\/automaticas\/auto-biodiesel-mass-xxl\/#primaryimage"},"thumbnailUrl":"https:\/\/advancedseeds.com\/web\/wp-content\/uploads\/2021\/01\/Auto-Biodiesel-Mass-XXL.jpg","datePublished":"2021-01-14T17:15:14+00:00","dateModified":"2025-03-22T17:13:08+00:00","breadcrumb":{"@id":"https:\/\/advancedseeds.com\/tienda\/automaticas\/auto-biodiesel-mass-xxl\/#breadcrumb"},"inLanguage":"de","potentialAction":[{"@type":"ReadAction","target":["https:\/\/advancedseeds.com\/tienda\/automaticas\/auto-biodiesel-mass-xxl\/"]}]},{"@type":"ImageObject","inLanguage":"de","@id":"https:\/\/advancedseeds.com\/tienda\/automaticas\/auto-biodiesel-mass-xxl\/#primaryimage","url":"https:\/\/advancedseeds.com\/web\/wp-content\/uploads\/2021\/01\/Auto-Biodiesel-Mass-XXL.jpg","contentUrl":"https:\/\/advancedseeds.com\/web\/wp-content\/uploads\/2021\/01\/Auto-Biodiesel-Mass-XXL.jpg","width":1346,"height":1787,"caption":"Auto Biodiesel Mass XXL"},{"@type":"BreadcrumbList","@id":"https:\/\/advancedseeds.com\/tienda\/automaticas\/auto-biodiesel-mass-xxl\/#breadcrumb","itemListElement":[{"@type":"ListItem","position":1,"name":"Home","item":"https:\/\/advancedseeds.com\/"},{"@type":"ListItem","position":2,"name":"Tienda","item":"https:\/\/advancedseeds.com\/"},{"@type":"ListItem","position":3,"name":"Auto Biodiesel Mass XXL"}]},{"@type":"WebSite","@id":"https:\/\/advancedseeds.com\/#website","url":"https:\/\/advancedseeds.com\/","name":"Advanced Seeds","description":"Fortschrittliche Genetik in feminisierten und automatischen Samen.","publisher":{"@id":"https:\/\/advancedseeds.com\/#organization"},"potentialAction":[{"@type":"SearchAction","target":{"@type":"EntryPoint","urlTemplate":"https:\/\/advancedseeds.com\/?s={search_term_string}"},"query-input":{"@type":"PropertyValueSpecification","valueRequired":true,"valueName":"search_term_string"}}],"inLanguage":"de"},{"@type":"Organization","@id":"https:\/\/advancedseeds.com\/#organization","name":"Advanced Seeds","url":"https:\/\/advancedseeds.com\/","logo":{"@type":"ImageObject","inLanguage":"de","@id":"https:\/\/advancedseeds.com\/#\/schema\/logo\/image\/","url":"https:\/\/advancedseeds.com\/web\/wp-content\/uploads\/2021\/01\/logo-advanced.jpg","contentUrl":"https:\/\/advancedseeds.com\/web\/wp-content\/uploads\/2021\/01\/logo-advanced.jpg","width":600,"height":600,"caption":"Advanced Seeds"},"image":{"@id":"https:\/\/advancedseeds.com\/#\/schema\/logo\/image\/"}}]}},"_links":{"self":[{"href":"https:\/\/advancedseeds.com\/de\/wp-json\/wp\/v2\/product\/305","targetHints":{"allow":["GET"]}}],"collection":[{"href":"https:\/\/advancedseeds.com\/de\/wp-json\/wp\/v2\/product"}],"about":[{"href":"https:\/\/advancedseeds.com\/de\/wp-json\/wp\/v2\/types\/product"}],"replies":[{"embeddable":true,"href":"https:\/\/advancedseeds.com\/de\/wp-json\/wp\/v2\/comments?post=305"}],"wp:featuredmedia":[{"embeddable":true,"href":"https:\/\/advancedseeds.com\/de\/wp-json\/wp\/v2\/media\/19651"}],"wp:attachment":[{"href":"https:\/\/advancedseeds.com\/de\/wp-json\/wp\/v2\/media?parent=305"}],"wp:term":[{"taxonomy":"product_brand","embeddable":true,"href":"https:\/\/advancedseeds.com\/de\/wp-json\/wp\/v2\/product_brand?post=305"},{"taxonomy":"product_cat","embeddable":true,"href":"https:\/\/advancedseeds.com\/de\/wp-json\/wp\/v2\/product_cat?post=305"},{"taxonomy":"product_tag","embeddable":true,"href":"https:\/\/advancedseeds.com\/de\/wp-json\/wp\/v2\/product_tag?post=305"}],"curies":[{"name":"wp","href":"https:\/\/api.w.org\/{rel}","templated":true}]}}