{"id":308,"date":"2021-01-14T17:15:23","date_gmt":"2021-01-14T17:15:23","guid":{"rendered":"https:\/\/advancedseeds.com\/web\/producto\/auto-critical-mass\/"},"modified":"2026-04-15T10:45:14","modified_gmt":"2026-04-15T09:45:14","slug":"auto-critical-mass","status":"publish","type":"product","link":"https:\/\/advancedseeds.com\/de\/tienda\/automaticas\/auto-critical-mass\/","title":{"rendered":"Auto Critical Mass"},"content":{"rendered":"<p><span style=\"font-weight: 400\">Die <\/span><a href=\"https:\/\/advancedseeds.com\/web\/categoria-producto\/automaticas\/\"><b>Autoflowering-Samen<\/b><\/a><b> Auto Critical Mass<\/b><span style=\"font-weight: 400\"> von Advanced Seeds sind das Juwel in der Krone eines jeden Z\u00fcchters. Diese Sorte erbt das Beste von ihrem Vorg\u00e4nger Critical Mass und f\u00fcgt den Komfort eines schnellen Lebenszyklus hinzu. In diesem \u00dcberblick werden wir im Detail untersuchen, wie man Auto Critical Mass erfolgreich anbaut und wie man das Beste aus ihren au\u00dfergew\u00f6hnlichen Eigenschaften macht.<\/span><\/p>\n<h2><b>Was sind die genetischen Eigenschaften von Auto Critical Mass?<\/b><\/h2>\n<p><span style=\"font-weight: 400\">Auto Critical Mass ist das Ergebnis einer meisterhaften Kreuzung zwischen dem legend\u00e4ren<\/span><a href=\"https:\/\/advancedseeds.com\/web\/producto\/critical-mass\/\"> <span style=\"font-weight: 400\">Critical Mass<\/span><\/a><span style=\"font-weight: 400\"> und einer Auswahl von Ruderalis Skunk. Diese Kreuzung hat die s\u00fc\u00dfen und fruchtigen Aromen beibehalten, die ihren Skunk#1-Vorfahren charakterisieren, w\u00e4hrend sie ihren Lebenszyklus beschleunigt hat. Stressresistenz und starke Hybridkraft zeichnen diese au\u00dfergew\u00f6hnliche Sorte ebenfalls aus.<\/span><\/p>\n<p><span style=\"font-weight: 400\">Diese Kreuzung hat eine blitzschnelle Sorte hervorgebracht, die gleichzeitig die Aromen beibeh\u00e4lt, die Dir den Speichel in die Augen treiben, und eine Potenz, die es in sich hat. Was ist sie? Nun, es ist eine Mischung mit leichtem Indica-Schwung, also mach die Couch bereit, denn Du wirst eine gute Zeit haben wollen.<\/span><\/p>\n<h2><b>Wie sieht Auto Critical Mass aus?<\/b><\/h2>\n<p><span style=\"font-weight: 400\">Auto Critical Mass-Pflanzen weisen eine kompakte, aber robuste Morphologie auf. Kr\u00e4ftige St\u00e4mme und sattgr\u00fcne Bl\u00e4tter schaffen eine ideale Struktur f\u00fcr die Entwicklung dichter Knospen. Der Abstand zwischen den Knoten ist ausreichend, um eine exzellente Lichtdurchdringung zu erm\u00f6glichen, was zu einer reichlichen Harzproduktion und schillernd bunten Knospen f\u00fchrt.<\/span><\/p>\n<h2><b>Wie werden diese Samen im Innen- und Au\u00dfenbereich angebaut?<\/b><\/h2>\n<p><span style=\"font-weight: 400\">Wachsende Auto Critical Mass autoflowering Samen ist ein Kinderspiel. In Innenr\u00e4umen sind diese Pflanzen nicht anspruchsvoll mit Lichtzyklen, aber sie sch\u00e4tzen es, so viel Licht wie m\u00f6glich zu haben, wobei die 18\/6 oder 20\/4 Photoperiode in diesem Sinne sehr interessant ist.<\/span><\/p>\n<p><span style=\"font-weight: 400\">Mit ein wenig Pflege und gutem Licht k\u00f6nnen sie in gro\u00dfem Stil angebaut werden. Wenn Sie wenig Platz haben, k\u00f6nnen Sie mit der SOG-Technik einen beeindruckenden Miniaturgarten anlegen. Und wenn Sie ihnen im Freien mindestens f\u00fcnf Stunden direktes Sonnenlicht geben, werden Sie sehen, wie gl\u00fccklich und prall sie wachsen. Sie sind Allesk\u00f6nner, und wenn Sie sie gut behandeln, werden sie auch Sie besser behandeln. Hier sind einige Tipps, wie Sie hervorragende Ernten erzielen k\u00f6nnen:<\/span><\/p>\n<h3><span style=\"font-weight: 400\">Innenanbau:<\/span><\/h3>\n<p><span style=\"font-weight: 400\">Es verwendet ein n\u00e4hrstoffreiches Substrat, um ein gesundes Wachstum von Anfang an zu f\u00f6rdern.<\/span><\/p>\n<p><span style=\"font-weight: 400\">Halten Sie die Luftfeuchtigkeit w\u00e4hrend der Wachstumsphase bei 50-70% und w\u00e4hrend der Bl\u00fcte bei 40%.<\/span><\/p>\n<p><span style=\"font-weight: 400\">Bietet einen Lichtzyklus von 18-20 Stunden pro Tag f\u00fcr eine optimale Entwicklung.<\/span><\/p>\n<p><span style=\"font-weight: 400\">Kontrollieren Sie Temperatur und Bel\u00fcftung sorgf\u00e4ltig, um Schimmelprobleme zu vermeiden.<\/span><\/p>\n<p><span style=\"font-weight: 400\">F\u00fchren Sie leichte Entbl\u00e4tterungen durch, um die Luftzirkulation und die Lichteinwirkung zu verbessern.<\/span><\/p>\n<p><span style=\"font-weight: 400\">Experimentieren Sie mit stressarmen Trainingstechniken (LST), um die Knospenproduktion zu steigern und Ihren Platz optimal zu nutzen.<\/span><\/p>\n<h3><span style=\"font-weight: 400\">Anbau im Freien:<\/span><\/h3>\n<p><span style=\"font-weight: 400\">W\u00e4hlen Sie einen Standort mit mindestens 5-6 Stunden direkter Sonneneinstrahlung pro Tag f\u00fcr ein optimales Wachstum.<\/span><\/p>\n<p><span style=\"font-weight: 400\">Achten Sie darauf, dass das Substrat gut durchl\u00e4ssig und mit organischen N\u00e4hrstoffen angereichert ist.<\/span><\/p>\n<p><span style=\"font-weight: 400\">Gie\u00dfen Sie ausgewogen, um Staun\u00e4sse zu vermeiden.<\/span><\/p>\n<p><span style=\"font-weight: 400\">Sch\u00fctzen Sie Ihre Pflanzen vor starkem Regen und ung\u00fcnstigen Wetterbedingungen.<\/span><\/p>\n<p><span style=\"font-weight: 400\">Schneiden Sie strategisch, um die Luftzirkulation und die Sonneneinstrahlung zu verbessern.<\/span><\/p>\n<h2><b>Wann wird Auto Critical Mass geerntet?<\/b><\/h2>\n<p><span style=\"font-weight: 400\">Die Erntezeit h\u00e4ngt davon ab, ob Sie im Haus oder im Freien anbauen. In Innenr\u00e4umen k\u00f6nnen Sie nach etwa 70 Tagen nach der Keimung ernten. Im Freien k\u00f6nnen Sie nach 10-11 Wochen Anbauzeit ernten. Die richtige Reifung kann die Wirkung der Knospen beeinflussen, also w\u00e4hlen Sie den Zeitpunkt mit Bedacht.<\/span><\/p>\n<h2><b>Wie viel produzieren diese Samen?<\/b><\/h2>\n<p><span style=\"font-weight: 400\">Die Auto Critical Mass ist f\u00fcr ihre hohen Ertr\u00e4ge bekannt. Im Innenbereich k\u00f6nnen Sie bis zu <\/span><b>500 Gramm oder mehr<\/b><span style=\"font-weight: 400\"> pro Quadratmeter. Im Freien k\u00f6nnen die Pflanzen mit ebenso beeindruckenden Ernten \u00fcberraschen, und was ist mit dem Harz? Nun, wenn Sie gerne extrahieren, werden Sie genug haben, um eine Party zu feiern...<\/span><\/p>\n<h2><b>Wie ist der Geruch und Geschmack von Auto Critical Mass?<\/b><\/h2>\n<p><span style=\"font-weight: 400\">Auto Critical Mass bietet ein au\u00dfergew\u00f6hnliches Aroma und Geschmack. Sie werden erleben <\/span><b>s\u00fc\u00dfe und fruchtige Noten<\/b><span style=\"font-weight: 400\"> die Sie an ihre Critical Mass-Abstammung erinnern wird. Die in dieser Sorte enthaltenen Terpene erzeugen ein k\u00f6stliches Bouquet mit einem Geschmack, der Sie beim Ein- und Ausatmen in einen S\u00fc\u00dfwarenladen versetzt.<\/span><\/p>\n<h2><b>Welche Wirkung hat dieses Marihuana?<\/b><\/h2>\n<p><span style=\"font-weight: 400\">Auto Critical Mass erzeugt eine starke und ausgewogene Wirkung auf K\u00f6rper und Geist, mit einem THC-Gehalt von bis zu 16%. Du wirst ein <\/span><b>entspannendes und euphorisches Gef\u00fchl<\/b><span style=\"font-weight: 400\"> das Stress, \u00c4ngste und Schmerzen lindern kann. Die Nebenwirkungen sind minimal, so dass es eine vielseitige Wahl f\u00fcr Benutzer aller Stufen ist.<\/span><\/p>\n<h2><b>Auto Critical Mass zum besten Preis kaufen<\/b><\/h2>\n<p><span style=\"font-weight: 400\">Wenn Sie Ihre Auto Critical Mass-Samen von Advanced Seeds zum besten Preis online kaufen m\u00f6chten, sind Sie hier genau richtig. Beginnen Sie Ihre aufregende Wachstumsreise mit dieser au\u00dfergew\u00f6hnlichen Sorte, bestellen Sie noch heute und entdecken Sie alles, was Auto Critical Mass zu bieten hat!<\/span><\/p>\n<h2><b>H\u00e4ufig gestellte Fragen \u00fcber Auto Critical Mass:<\/b><\/h2>\n<h3><span style=\"font-weight: 400\">Wie hoch ist der THC-Gehalt dieser Samen?<\/span><\/h3>\n<p><span style=\"font-weight: 400\">Auto Critical Mass kann bis zu 16% THC erreichen und bietet eine starke Wirkung.<\/span><\/p>\n<h3><span style=\"font-weight: 400\">Sind sie f\u00fcr Anbauanf\u00e4nger geeignet?<\/span><\/h3>\n<p><span style=\"font-weight: 400\">Ja, diese Samen sind ideal f\u00fcr Anf\u00e4nger, da sie leicht anzubauen und sehr widerstandsf\u00e4hig sind.<\/span><\/p>\n<h3><span style=\"font-weight: 400\">Was ist die Leistung im Freien?<\/span><\/h3>\n<p><span style=\"font-weight: 400\">Im Freiland kann man je nach den Wachstumsbedingungen mit guten Ernten rechnen.<\/span><\/p>\n<h3><span style=\"font-weight: 400\">Was sind die medizinischen Vorteile von Auto Critical Mass?<\/span><\/h3>\n<p><span style=\"font-weight: 400\">Diese Sorte ist daf\u00fcr bekannt, dass sie Stress, \u00c4ngste und Schmerzen lindert und auch therapeutische Eigenschaften hat.<\/span><\/p>","protected":false},"excerpt":{"rendered":"<p>Autoflowering Sorte mit s\u00fc\u00dfem Geschmack und fruchtigem Aroma, hervorragende Produktion von dichten Knospen mit hoher Harzkonzentration. Ideal f\u00fcr drinnen und drau\u00dfen. Wir haben unsere beste Critical-Genetik mit einer Auswahl von Rudelaris Skunk kombiniert. Dies wurde durch eine Verk\u00fcrzung der Bl\u00fctezeit erreicht, wobei ein hoher Prozentsatz an T.H.C. und das f\u00fcr Critical charakteristische Aroma und Geschmack erhalten blieben.<\/p>\n<p>&nbsp;<\/p>","protected":false},"featured_media":19655,"comment_status":"open","ping_status":"closed","template":"","meta":{"_acf_changed":false},"product_brand":[],"product_cat":[70],"product_tag":[],"class_list":{"0":"post-308","1":"product","2":"type-product","3":"status-publish","4":"has-post-thumbnail","6":"product_cat-automaticas","8":"first","9":"instock","10":"taxable","11":"shipping-taxable","12":"purchasable","13":"product-type-variable"},"acf":[],"yoast_head":"<!-- This site is optimized with the Yoast SEO Premium plugin v26.3 (Yoast SEO v26.6) - https:\/\/yoast.com\/wordpress\/plugins\/seo\/ -->\n<title>Auto Critical Mass - Advanced Seeds<\/title>\n<meta name=\"robots\" content=\"index, follow, max-snippet:-1, max-image-preview:large, max-video-preview:-1\" \/>\n<link rel=\"canonical\" href=\"https:\/\/advancedseeds.com\/de\/tienda\/automaticas\/auto-critical-mass\/\" \/>\n<meta property=\"og:locale\" content=\"de_DE\" \/>\n<meta property=\"og:type\" content=\"article\" \/>\n<meta property=\"og:title\" content=\"Auto Critical Mass\" \/>\n<meta property=\"og:description\" content=\"Variedad autofloreciente de sabor dulce y aroma afrutado, excelente producci\u00f3n de cogollos densos con gran concentraci\u00f3n de resina. Ideal para interior y exterior. Hemos combinado nuestra mejor gen\u00e9tica Critical con una selecci\u00f3n de Rudelaris Skunk, con esto se logra reducir el tiempo de floraci\u00f3n manteniendo un alto porcentaje de T.H.C. y el aroma y sabor caracter\u00edstico de Critical.  &nbsp;\" \/>\n<meta property=\"og:url\" content=\"https:\/\/advancedseeds.com\/de\/tienda\/automaticas\/auto-critical-mass\/\" \/>\n<meta property=\"og:site_name\" content=\"Advanced Seeds\" \/>\n<meta property=\"article:modified_time\" content=\"2026-04-15T09:45:14+00:00\" \/>\n<meta property=\"og:image\" content=\"https:\/\/advancedseeds.com\/web\/wp-content\/uploads\/2021\/01\/Auto-Critical-Mass.jpg\" \/>\n\t<meta property=\"og:image:width\" content=\"1652\" \/>\n\t<meta property=\"og:image:height\" content=\"2192\" \/>\n\t<meta property=\"og:image:type\" content=\"image\/jpeg\" \/>\n<meta name=\"twitter:card\" content=\"summary_large_image\" \/>\n<meta name=\"twitter:label1\" content=\"Gesch\u00e4tzte Lesezeit\" \/>\n\t<meta name=\"twitter:data1\" content=\"5\u00a0Minuten\" \/>\n<script type=\"application\/ld+json\" class=\"yoast-schema-graph\">{\"@context\":\"https:\/\/schema.org\",\"@graph\":[{\"@type\":\"WebPage\",\"@id\":\"https:\/\/advancedseeds.com\/tienda\/automaticas\/auto-critical-mass\/\",\"url\":\"https:\/\/advancedseeds.com\/tienda\/automaticas\/auto-critical-mass\/\",\"name\":\"Auto Critical Mass - Advanced Seeds\",\"isPartOf\":{\"@id\":\"https:\/\/advancedseeds.com\/#website\"},\"primaryImageOfPage\":{\"@id\":\"https:\/\/advancedseeds.com\/tienda\/automaticas\/auto-critical-mass\/#primaryimage\"},\"image\":{\"@id\":\"https:\/\/advancedseeds.com\/tienda\/automaticas\/auto-critical-mass\/#primaryimage\"},\"thumbnailUrl\":\"https:\/\/advancedseeds.com\/web\/wp-content\/uploads\/2021\/01\/Auto-Critical-Mass.jpg\",\"datePublished\":\"2021-01-14T17:15:23+00:00\",\"dateModified\":\"2026-04-15T09:45:14+00:00\",\"breadcrumb\":{\"@id\":\"https:\/\/advancedseeds.com\/tienda\/automaticas\/auto-critical-mass\/#breadcrumb\"},\"inLanguage\":\"de\",\"potentialAction\":[{\"@type\":\"ReadAction\",\"target\":[\"https:\/\/advancedseeds.com\/tienda\/automaticas\/auto-critical-mass\/\"]}]},{\"@type\":\"ImageObject\",\"inLanguage\":\"de\",\"@id\":\"https:\/\/advancedseeds.com\/tienda\/automaticas\/auto-critical-mass\/#primaryimage\",\"url\":\"https:\/\/advancedseeds.com\/web\/wp-content\/uploads\/2021\/01\/Auto-Critical-Mass.jpg\",\"contentUrl\":\"https:\/\/advancedseeds.com\/web\/wp-content\/uploads\/2021\/01\/Auto-Critical-Mass.jpg\",\"width\":1652,\"height\":2192},{\"@type\":\"BreadcrumbList\",\"@id\":\"https:\/\/advancedseeds.com\/tienda\/automaticas\/auto-critical-mass\/#breadcrumb\",\"itemListElement\":[{\"@type\":\"ListItem\",\"position\":1,\"name\":\"Home\",\"item\":\"https:\/\/advancedseeds.com\/\"},{\"@type\":\"ListItem\",\"position\":2,\"name\":\"Tienda\",\"item\":\"https:\/\/advancedseeds.com\/\"},{\"@type\":\"ListItem\",\"position\":3,\"name\":\"Auto Critical Mass\"}]},{\"@type\":\"WebSite\",\"@id\":\"https:\/\/advancedseeds.com\/#website\",\"url\":\"https:\/\/advancedseeds.com\/\",\"name\":\"Advanced Seeds\",\"description\":\"Gen\u00e9ticas Avanzadas en semillas feminizadas y autom\u00e1ticas.\",\"publisher\":{\"@id\":\"https:\/\/advancedseeds.com\/#organization\"},\"potentialAction\":[{\"@type\":\"SearchAction\",\"target\":{\"@type\":\"EntryPoint\",\"urlTemplate\":\"https:\/\/advancedseeds.com\/?s={search_term_string}\"},\"query-input\":{\"@type\":\"PropertyValueSpecification\",\"valueRequired\":true,\"valueName\":\"search_term_string\"}}],\"inLanguage\":\"de\"},{\"@type\":\"Organization\",\"@id\":\"https:\/\/advancedseeds.com\/#organization\",\"name\":\"Advanced Seeds\",\"url\":\"https:\/\/advancedseeds.com\/\",\"logo\":{\"@type\":\"ImageObject\",\"inLanguage\":\"de\",\"@id\":\"https:\/\/advancedseeds.com\/#\/schema\/logo\/image\/\",\"url\":\"https:\/\/advancedseeds.com\/web\/wp-content\/uploads\/2021\/01\/logo-advanced.jpg\",\"contentUrl\":\"https:\/\/advancedseeds.com\/web\/wp-content\/uploads\/2021\/01\/logo-advanced.jpg\",\"width\":600,\"height\":600,\"caption\":\"Advanced Seeds\"},\"image\":{\"@id\":\"https:\/\/advancedseeds.com\/#\/schema\/logo\/image\/\"}}]}<\/script>\n<!-- \/ Yoast SEO Premium plugin. -->","yoast_head_json":{"title":"Auto Critical Mass - Advanced Seeds","robots":{"index":"index","follow":"follow","max-snippet":"max-snippet:-1","max-image-preview":"max-image-preview:large","max-video-preview":"max-video-preview:-1"},"canonical":"https:\/\/advancedseeds.com\/de\/tienda\/automaticas\/auto-critical-mass\/","og_locale":"de_DE","og_type":"article","og_title":"Auto Critical Mass","og_description":"Variedad autofloreciente de sabor dulce y aroma afrutado, excelente producci\u00f3n de cogollos densos con gran concentraci\u00f3n de resina. Ideal para interior y exterior. Hemos combinado nuestra mejor gen\u00e9tica Critical con una selecci\u00f3n de Rudelaris Skunk, con esto se logra reducir el tiempo de floraci\u00f3n manteniendo un alto porcentaje de T.H.C. y el aroma y sabor caracter\u00edstico de Critical.  &nbsp;","og_url":"https:\/\/advancedseeds.com\/de\/tienda\/automaticas\/auto-critical-mass\/","og_site_name":"Advanced Seeds","article_modified_time":"2026-04-15T09:45:14+00:00","og_image":[{"width":1652,"height":2192,"url":"https:\/\/advancedseeds.com\/web\/wp-content\/uploads\/2021\/01\/Auto-Critical-Mass.jpg","type":"image\/jpeg"}],"twitter_card":"summary_large_image","twitter_misc":{"Gesch\u00e4tzte Lesezeit":"5\u00a0Minuten"},"schema":{"@context":"https:\/\/schema.org","@graph":[{"@type":"WebPage","@id":"https:\/\/advancedseeds.com\/tienda\/automaticas\/auto-critical-mass\/","url":"https:\/\/advancedseeds.com\/tienda\/automaticas\/auto-critical-mass\/","name":"Auto Critical Mass - Advanced Seeds","isPartOf":{"@id":"https:\/\/advancedseeds.com\/#website"},"primaryImageOfPage":{"@id":"https:\/\/advancedseeds.com\/tienda\/automaticas\/auto-critical-mass\/#primaryimage"},"image":{"@id":"https:\/\/advancedseeds.com\/tienda\/automaticas\/auto-critical-mass\/#primaryimage"},"thumbnailUrl":"https:\/\/advancedseeds.com\/web\/wp-content\/uploads\/2021\/01\/Auto-Critical-Mass.jpg","datePublished":"2021-01-14T17:15:23+00:00","dateModified":"2026-04-15T09:45:14+00:00","breadcrumb":{"@id":"https:\/\/advancedseeds.com\/tienda\/automaticas\/auto-critical-mass\/#breadcrumb"},"inLanguage":"de","potentialAction":[{"@type":"ReadAction","target":["https:\/\/advancedseeds.com\/tienda\/automaticas\/auto-critical-mass\/"]}]},{"@type":"ImageObject","inLanguage":"de","@id":"https:\/\/advancedseeds.com\/tienda\/automaticas\/auto-critical-mass\/#primaryimage","url":"https:\/\/advancedseeds.com\/web\/wp-content\/uploads\/2021\/01\/Auto-Critical-Mass.jpg","contentUrl":"https:\/\/advancedseeds.com\/web\/wp-content\/uploads\/2021\/01\/Auto-Critical-Mass.jpg","width":1652,"height":2192},{"@type":"BreadcrumbList","@id":"https:\/\/advancedseeds.com\/tienda\/automaticas\/auto-critical-mass\/#breadcrumb","itemListElement":[{"@type":"ListItem","position":1,"name":"Home","item":"https:\/\/advancedseeds.com\/"},{"@type":"ListItem","position":2,"name":"Tienda","item":"https:\/\/advancedseeds.com\/"},{"@type":"ListItem","position":3,"name":"Auto Critical Mass"}]},{"@type":"WebSite","@id":"https:\/\/advancedseeds.com\/#website","url":"https:\/\/advancedseeds.com\/","name":"Advanced Seeds","description":"Fortschrittliche Genetik in feminisierten und automatischen Samen.","publisher":{"@id":"https:\/\/advancedseeds.com\/#organization"},"potentialAction":[{"@type":"SearchAction","target":{"@type":"EntryPoint","urlTemplate":"https:\/\/advancedseeds.com\/?s={search_term_string}"},"query-input":{"@type":"PropertyValueSpecification","valueRequired":true,"valueName":"search_term_string"}}],"inLanguage":"de"},{"@type":"Organization","@id":"https:\/\/advancedseeds.com\/#organization","name":"Advanced Seeds","url":"https:\/\/advancedseeds.com\/","logo":{"@type":"ImageObject","inLanguage":"de","@id":"https:\/\/advancedseeds.com\/#\/schema\/logo\/image\/","url":"https:\/\/advancedseeds.com\/web\/wp-content\/uploads\/2021\/01\/logo-advanced.jpg","contentUrl":"https:\/\/advancedseeds.com\/web\/wp-content\/uploads\/2021\/01\/logo-advanced.jpg","width":600,"height":600,"caption":"Advanced Seeds"},"image":{"@id":"https:\/\/advancedseeds.com\/#\/schema\/logo\/image\/"}}]}},"_links":{"self":[{"href":"https:\/\/advancedseeds.com\/de\/wp-json\/wp\/v2\/product\/308","targetHints":{"allow":["GET"]}}],"collection":[{"href":"https:\/\/advancedseeds.com\/de\/wp-json\/wp\/v2\/product"}],"about":[{"href":"https:\/\/advancedseeds.com\/de\/wp-json\/wp\/v2\/types\/product"}],"replies":[{"embeddable":true,"href":"https:\/\/advancedseeds.com\/de\/wp-json\/wp\/v2\/comments?post=308"}],"wp:featuredmedia":[{"embeddable":true,"href":"https:\/\/advancedseeds.com\/de\/wp-json\/wp\/v2\/media\/19655"}],"wp:attachment":[{"href":"https:\/\/advancedseeds.com\/de\/wp-json\/wp\/v2\/media?parent=308"}],"wp:term":[{"taxonomy":"product_brand","embeddable":true,"href":"https:\/\/advancedseeds.com\/de\/wp-json\/wp\/v2\/product_brand?post=308"},{"taxonomy":"product_cat","embeddable":true,"href":"https:\/\/advancedseeds.com\/de\/wp-json\/wp\/v2\/product_cat?post=308"},{"taxonomy":"product_tag","embeddable":true,"href":"https:\/\/advancedseeds.com\/de\/wp-json\/wp\/v2\/product_tag?post=308"}],"curies":[{"name":"wp","href":"https:\/\/api.w.org\/{rel}","templated":true}]}}