{"id":309,"date":"2021-01-14T17:15:26","date_gmt":"2021-01-14T17:15:26","guid":{"rendered":"https:\/\/advancedseeds.com\/web\/producto\/auto-critical-soma\/"},"modified":"2025-03-22T18:14:50","modified_gmt":"2025-03-22T17:14:50","slug":"auto-critical-soma","status":"publish","type":"product","link":"https:\/\/advancedseeds.com\/de\/tienda\/automaticas\/auto-critical-soma\/","title":{"rendered":"Auto Critical Soma"},"content":{"rendered":"<p><span style=\"font-weight: 400\">Die <\/span><a href=\"https:\/\/advancedseeds.com\/web\/categoria-producto\/automaticas\/\"><b>Autoflowering-Samen<\/b><\/a><b> Auto Critical Soma<\/b><span style=\"font-weight: 400\"> von Advanced Seeds sind die perfekte Wahl f\u00fcr Liebhaber von s\u00fc\u00dfen Aromen und dichten Buds. In dieser Produkt\u00fcbersicht werden wir alles \u00fcber diese Sorte erforschen, von der Genetik bis hin zu den Anbaumethoden, um sie erfolgreich anzubauen und sie in vollen Z\u00fcgen zu genie\u00dfen.<\/span><\/p>\n<h2><b>Was sind die genetischen Merkmale von Auto Critical Soma?<\/b><\/h2>\n<p><span style=\"font-weight: 400\">Die Genetik der Auto Critical Soma Autoflowering-Samen ist eine perfekte Verschmelzung von Indica und Sativa, die sie von ihren Eltern geerbt haben.<\/span><a href=\"https:\/\/advancedseeds.com\/web\/producto\/auto-critical-mass\/\"> <span style=\"font-weight: 400\">Auto Critical<\/span><\/a><span style=\"font-weight: 400\"> und Auto Somango. Diese genetische Kombination bringt das Beste aus beiden Welten: die Kraft und Robustheit einer Indica mit der Euphorie und den exotischen Aromen einer Top-Sativa.<\/span><\/p>\n<h2><b>Wie sieht Auto Critical Soma aus?<\/b><\/h2>\n<p><span style=\"font-weight: 400\">Auto Critical Soma-Pflanzen weisen eine kompakte, aber buschige Morphologie auf. Kr\u00e4ftige St\u00e4mme und \u00fcppige Bl\u00e4tter schaffen eine ideale Struktur f\u00fcr die Entwicklung von dichten Knospen, die die Pflanze fast vollst\u00e4ndig bedecken. Der Abstand zwischen den Knoten ist optimal, was eine unglaubliche Festigkeit und eine au\u00dfergew\u00f6hnliche Knospenproduktion erm\u00f6glicht. Dar\u00fcber hinaus, <\/span><b>Knospen k\u00f6nnen leuchtend bunt werden<\/b><span style=\"font-weight: 400\"> Dadurch hebt sie sich von anderen Sorten ab, insbesondere wenn die Temperaturen w\u00e4hrend der Reifung kalt sind.<\/span><\/p>\n<h2><b>Auto Critical Soma-Kultur:<\/b><\/h2>\n<p><span style=\"font-weight: 400\">In Innenr\u00e4umen passt die Auto Critical Soma wie ein Handschuh in kleinen R\u00e4umen. Mit hochwertigem Licht und einer stabilen Umgebung reagiert sie gut auf Techniken wie SOG (Sea of Green). Im Freien profitiert sie von einem warmen, gem\u00e4\u00dfigten Klima, aber ihre autoflowering Genetik macht sie widerstandsf\u00e4hig und vielseitig, so dass sie in einer Vielzahl von Umgebungen gedeihen kann.<\/span><\/p>\n<h3><span style=\"font-weight: 400\">Innenanbau:<\/span><\/h3>\n<p><span style=\"font-weight: 400\">Um die besten Ergebnisse in Innenr\u00e4umen zu erzielen, hier einige Tipps:<\/span><\/p>\n<p><span style=\"font-weight: 400\">Qualit\u00e4tssubstrat: Beginnen Sie von Anfang an mit einem n\u00e4hrstoffreichen Substrat f\u00fcr ein gesundes Pflanzenwachstum.<\/span><\/p>\n<p><span style=\"font-weight: 400\">Umpflanzen ja oder nein? Das h\u00e4ngt von Ihnen ab. Wenn Sie Erfahrung haben, ist es besser, umzupflanzen, ansonsten ist es besser, im endg\u00fcltigen Topf zu pflanzen.<\/span><\/p>\n<p><span style=\"font-weight: 400\">Angemessene Beleuchtung: Sorgen Sie f\u00fcr einen konstanten Lichtzyklus von 20 Stunden pro Tag, damit Ihre Pflanzen optimal reifen k\u00f6nnen. Eine 600W HPS-Lampe oder eine moderne LED-Leuchte sind eine ausgezeichnete Wahl.<\/span><\/p>\n<p><span style=\"font-weight: 400\">Bel\u00fcftung und Temperatur: Kontrollieren Sie Temperatur und Bel\u00fcftung, um ein optimales Mikroklima zu erhalten und Feuchtigkeitsprobleme zu vermeiden.<\/span><\/p>\n<h3><span style=\"font-weight: 400\">Anbau im Freien:<\/span><\/h3>\n<p><span style=\"font-weight: 400\">Wenn Sie den Anbau im Freien bevorzugen, sollten Sie diese Tipps beachten:<\/span><\/p>\n<p><span style=\"font-weight: 400\">Direkte Sonneneinstrahlung: Suchen Sie einen Standort mit mindestens 5-6 Stunden direkter Sonneneinstrahlung pro Tag f\u00fcr ein optimales Wachstum.<\/span><\/p>\n<p><span style=\"font-weight: 400\">Substrat und Bew\u00e4sserung: Stellen Sie sicher, dass das Substrat gut drainiert und mit organischen N\u00e4hrstoffen angereichert ist. Vermeiden Sie eine \u00dcberw\u00e4sserung w\u00e4hrend der ersten 20 Tage des Wachstums, um die Wurzeln nicht zu \u00fcberlasten.<\/span><\/p>\n<p><span style=\"font-weight: 400\">Vertikale und seitliche Entwicklung: Die Pflanzen k\u00f6nnen eine H\u00f6he von 70-100 cm erreichen, wenn sie in voller Sonne gepflanzt werden und in den ersten Tagen des Wachstums nicht \u00fcberm\u00e4\u00dfig bew\u00e4ssert werden. Die Kreuzung mit Critical verleiht der Genetik mehr Gewicht, was zu gr\u00f6\u00dferen und schwereren Pflanzen f\u00fchrt.<\/span><\/p>\n<h2><b>Wann wird Auto Critical Soma geerntet?<\/b><\/h2>\n<p><span style=\"font-weight: 400\">Nach der Keimung sind Sie innerhalb von 70 bis 80 Tagen bereit f\u00fcr die Ernte im Haus oder im Freiland. Im Freien kann die Ernte jederzeit zwischen Fr\u00fchjahr und Herbst erfolgen, da in dieser Zeit mehrere Kulturen angebaut werden k\u00f6nnen.<\/span><\/p>\n<h2><b>Wie viel produzieren diese Samen?<\/b><\/h2>\n<p><span style=\"font-weight: 400\">Die Auto Critical Soma ist f\u00fcr ihre gro\u00dfz\u00fcgigen Ertr\u00e4ge bekannt. In Innenr\u00e4umen kann man bei richtiger Nutzung von Licht und Platz bis zu 500 Gramm pro Quadratmeter erzielen. Im Freien k\u00f6nnen die Pflanzen mit ebenso beeindruckenden Ertr\u00e4gen \u00fcberraschen, die 100 Gramm pro Pflanze \u00fcbersteigen k\u00f6nnen. Dar\u00fcber hinaus ist die Harzproduktion hervorragend, was zu Knospen mit einem hohen Gehalt an Cannabinoiden, Terpenen und anderen aktiven Verbindungen f\u00fchrt.<\/span><\/p>\n<h2><b>Was ist das Aroma und der Geschmack von Auto Critical Soma?<\/b><\/h2>\n<p><span style=\"font-weight: 400\">Auto Critical Soma bietet ein au\u00dfergew\u00f6hnliches Aroma und Geschmack. Sie werden s\u00fc\u00dfe und fruchtige Noten erleben, die Sie an ihre Somango-Abstammung erinnern werden.  Beim Einatmen des Rauchs oder Dampfes wird man von einer intensiven S\u00fc\u00dfe mit deutlichen Noten von Banane, Pfirsich und Mango \u00fcberw\u00e4ltigt. Beim Ausatmen verweilen die fruchtigen Untert\u00f6ne und hinterlassen einen Nachgeschmack, der dazu einl\u00e4dt, die Bong festzuhalten.<\/span><\/p>\n<h2><b>Welche Wirkung hat dieses Marihuana?<\/b><\/h2>\n<p><span style=\"font-weight: 400\">Diese Art von Cannabis erzeugt eine ausgewogene Wirkung sowohl auf k\u00f6rperlicher als auch auf geistiger Ebene, mit einem mittleren bis hohen THC-Gehalt, der Sie in einen Zustand des Wohlbefindens und der Kreativit\u00e4t versetzen wird. Dar\u00fcber hinaus stellt ihr Profil aus 50% Sativa und 50% Indica sicher, dass sie eine vielseitige Wahl f\u00fcr Nutzer aller Stufen ist.<\/span><\/p>\n<h2><b>Auto Critical Soma zum besten Preis kaufen<\/b><\/h2>\n<p><span style=\"font-weight: 400\">Wenn Sie Ihre Auto Critical Soma-Samen von Advanced Seeds zum besten Preis online kaufen m\u00f6chten, sind Sie hier genau richtig. Beginnen Sie Ihre aufregende Wachstumsreise mit dieser au\u00dfergew\u00f6hnlichen Sorte, bestellen Sie noch heute und entdecken Sie alles, was Auto Critical Soma zu bieten hat!<\/span><\/p>\n<h2><b>H\u00e4ufig gestellte Fragen \u00fcber Auto Critical Soma:<\/b><\/h2>\n<h2><span style=\"font-weight: 400\">Wie hoch ist der THC-Gehalt dieser Samen?<\/span><\/h2>\n<p><span style=\"font-weight: 400\">Auto Critical Soma kann einen THC-Gehalt von etwa 17% erreichen.<\/span><\/p>\n<h3><span style=\"font-weight: 400\">Sind sie f\u00fcr Anbauanf\u00e4nger geeignet?<\/span><\/h3>\n<p><span style=\"font-weight: 400\">Ja, diese Samen sind ideal f\u00fcr Anf\u00e4nger, da sie leicht anzubauen und sehr widerstandsf\u00e4hig sind.<\/span><\/p>\n<h3><span style=\"font-weight: 400\">Welchen medizinischen Nutzen hat Auto Critical Soma?<\/span><\/h3>\n<p><span style=\"font-weight: 400\">Diese Sorte ist daf\u00fcr bekannt, dass sie Stress, \u00c4ngste und Schmerzen lindert und auch therapeutische Eigenschaften hat.<\/span><\/p>","protected":false},"excerpt":{"rendered":"<p>Autoflowering-Version unserer erfolgreichen Critical Soma.mit guter Verzweigung, von der Sie reichlich und lange Knospen erhalten, die die Pflanze fast vollst\u00e4ndig bedecken. Die Kombination von Critical, Somango und Auto Indica Genetik hat zu einer au\u00dferordentlich harzigen Pflanze mit exzellenten Produktionswerten gef\u00fchrt. Wir empfehlen den Anbau im Fr\u00fchjahr, mit reichlich Substrat und einer sorgf\u00e4ltigen Kontrolle der D\u00fcngung. Sie hat ein intensives fruchtiges Aroma und einen s\u00fc\u00dfen Geschmack von Banane, Pfirsich und Mango. Die Wirkung ist sowohl k\u00f6rperlich als auch geistig mehr als zufriedenstellend.<\/p>","protected":false},"featured_media":19656,"comment_status":"open","ping_status":"closed","template":"","meta":{"_acf_changed":false},"product_brand":[],"product_cat":[70],"product_tag":[],"class_list":{"0":"post-309","1":"product","2":"type-product","3":"status-publish","4":"has-post-thumbnail","6":"product_cat-automaticas","8":"first","9":"instock","10":"taxable","11":"shipping-taxable","12":"purchasable","13":"product-type-variable"},"acf":[],"yoast_head":"<!-- This site is optimized with the Yoast SEO Premium plugin v26.3 (Yoast SEO v26.6) - https:\/\/yoast.com\/wordpress\/plugins\/seo\/ -->\n<title>Auto Critical Soma - Advanced Seeds<\/title>\n<meta name=\"robots\" content=\"index, follow, max-snippet:-1, max-image-preview:large, max-video-preview:-1\" \/>\n<link rel=\"canonical\" href=\"https:\/\/advancedseeds.com\/de\/tienda\/automaticas\/auto-critical-soma\/\" \/>\n<meta property=\"og:locale\" content=\"de_DE\" \/>\n<meta property=\"og:type\" content=\"article\" \/>\n<meta property=\"og:title\" content=\"Auto Critical Soma\" \/>\n<meta property=\"og:description\" content=\"Versi\u00f3n autofloreciente de nuestra exitosa Critical Soma.con buena ramificaci\u00f3n de la que se obtienen abundantes y largos cogollos que recubren la planta casi en su totalidad. La combinaci\u00f3n de Critical, Somango y gen\u00e9ticas Indicas Auto han dado como fruto una planta extraordinariamente resinosa y con excelentes niveles de producci\u00f3n. Recomendamos cultivar en primavera, con sustrato abundante y controlar el abonado escrupulosamente. Tiene un intenso aroma frutal y sabor dulce a pl\u00e1tano, melocot\u00f3n y mango. Sus efectos son m\u00e1s que satisfactorios a nivel f\u00edsico y mental.\" \/>\n<meta property=\"og:url\" content=\"https:\/\/advancedseeds.com\/de\/tienda\/automaticas\/auto-critical-soma\/\" \/>\n<meta property=\"og:site_name\" content=\"Advanced Seeds\" \/>\n<meta property=\"article:modified_time\" content=\"2025-03-22T17:14:50+00:00\" \/>\n<meta property=\"og:image\" content=\"https:\/\/advancedseeds.com\/web\/wp-content\/uploads\/2021\/01\/Auto-Critical-Soma.jpg\" \/>\n\t<meta property=\"og:image:width\" content=\"1604\" \/>\n\t<meta property=\"og:image:height\" content=\"2128\" \/>\n\t<meta property=\"og:image:type\" content=\"image\/jpeg\" \/>\n<meta name=\"twitter:card\" content=\"summary_large_image\" \/>\n<meta name=\"twitter:label1\" content=\"Gesch\u00e4tzte Lesezeit\" \/>\n\t<meta name=\"twitter:data1\" content=\"5\u00a0Minuten\" \/>\n<script type=\"application\/ld+json\" class=\"yoast-schema-graph\">{\"@context\":\"https:\/\/schema.org\",\"@graph\":[{\"@type\":\"WebPage\",\"@id\":\"https:\/\/advancedseeds.com\/tienda\/automaticas\/auto-critical-soma\/\",\"url\":\"https:\/\/advancedseeds.com\/tienda\/automaticas\/auto-critical-soma\/\",\"name\":\"Auto Critical Soma - Advanced Seeds\",\"isPartOf\":{\"@id\":\"https:\/\/advancedseeds.com\/#website\"},\"primaryImageOfPage\":{\"@id\":\"https:\/\/advancedseeds.com\/tienda\/automaticas\/auto-critical-soma\/#primaryimage\"},\"image\":{\"@id\":\"https:\/\/advancedseeds.com\/tienda\/automaticas\/auto-critical-soma\/#primaryimage\"},\"thumbnailUrl\":\"https:\/\/advancedseeds.com\/web\/wp-content\/uploads\/2021\/01\/Auto-Critical-Soma.jpg\",\"datePublished\":\"2021-01-14T17:15:26+00:00\",\"dateModified\":\"2025-03-22T17:14:50+00:00\",\"breadcrumb\":{\"@id\":\"https:\/\/advancedseeds.com\/tienda\/automaticas\/auto-critical-soma\/#breadcrumb\"},\"inLanguage\":\"de\",\"potentialAction\":[{\"@type\":\"ReadAction\",\"target\":[\"https:\/\/advancedseeds.com\/tienda\/automaticas\/auto-critical-soma\/\"]}]},{\"@type\":\"ImageObject\",\"inLanguage\":\"de\",\"@id\":\"https:\/\/advancedseeds.com\/tienda\/automaticas\/auto-critical-soma\/#primaryimage\",\"url\":\"https:\/\/advancedseeds.com\/web\/wp-content\/uploads\/2021\/01\/Auto-Critical-Soma.jpg\",\"contentUrl\":\"https:\/\/advancedseeds.com\/web\/wp-content\/uploads\/2021\/01\/Auto-Critical-Soma.jpg\",\"width\":1604,\"height\":2128},{\"@type\":\"BreadcrumbList\",\"@id\":\"https:\/\/advancedseeds.com\/tienda\/automaticas\/auto-critical-soma\/#breadcrumb\",\"itemListElement\":[{\"@type\":\"ListItem\",\"position\":1,\"name\":\"Home\",\"item\":\"https:\/\/advancedseeds.com\/\"},{\"@type\":\"ListItem\",\"position\":2,\"name\":\"Tienda\",\"item\":\"https:\/\/advancedseeds.com\/\"},{\"@type\":\"ListItem\",\"position\":3,\"name\":\"Auto Critical Soma\"}]},{\"@type\":\"WebSite\",\"@id\":\"https:\/\/advancedseeds.com\/#website\",\"url\":\"https:\/\/advancedseeds.com\/\",\"name\":\"Advanced Seeds\",\"description\":\"Gen\u00e9ticas Avanzadas en semillas feminizadas y autom\u00e1ticas.\",\"publisher\":{\"@id\":\"https:\/\/advancedseeds.com\/#organization\"},\"potentialAction\":[{\"@type\":\"SearchAction\",\"target\":{\"@type\":\"EntryPoint\",\"urlTemplate\":\"https:\/\/advancedseeds.com\/?s={search_term_string}\"},\"query-input\":{\"@type\":\"PropertyValueSpecification\",\"valueRequired\":true,\"valueName\":\"search_term_string\"}}],\"inLanguage\":\"de\"},{\"@type\":\"Organization\",\"@id\":\"https:\/\/advancedseeds.com\/#organization\",\"name\":\"Advanced Seeds\",\"url\":\"https:\/\/advancedseeds.com\/\",\"logo\":{\"@type\":\"ImageObject\",\"inLanguage\":\"de\",\"@id\":\"https:\/\/advancedseeds.com\/#\/schema\/logo\/image\/\",\"url\":\"https:\/\/advancedseeds.com\/web\/wp-content\/uploads\/2021\/01\/logo-advanced.jpg\",\"contentUrl\":\"https:\/\/advancedseeds.com\/web\/wp-content\/uploads\/2021\/01\/logo-advanced.jpg\",\"width\":600,\"height\":600,\"caption\":\"Advanced Seeds\"},\"image\":{\"@id\":\"https:\/\/advancedseeds.com\/#\/schema\/logo\/image\/\"}}]}<\/script>\n<!-- \/ Yoast SEO Premium plugin. -->","yoast_head_json":{"title":"Auto Critical Soma - Advanced Seeds","robots":{"index":"index","follow":"follow","max-snippet":"max-snippet:-1","max-image-preview":"max-image-preview:large","max-video-preview":"max-video-preview:-1"},"canonical":"https:\/\/advancedseeds.com\/de\/tienda\/automaticas\/auto-critical-soma\/","og_locale":"de_DE","og_type":"article","og_title":"Auto Critical Soma","og_description":"Versi\u00f3n autofloreciente de nuestra exitosa Critical Soma.con buena ramificaci\u00f3n de la que se obtienen abundantes y largos cogollos que recubren la planta casi en su totalidad. La combinaci\u00f3n de Critical, Somango y gen\u00e9ticas Indicas Auto han dado como fruto una planta extraordinariamente resinosa y con excelentes niveles de producci\u00f3n. Recomendamos cultivar en primavera, con sustrato abundante y controlar el abonado escrupulosamente. Tiene un intenso aroma frutal y sabor dulce a pl\u00e1tano, melocot\u00f3n y mango. Sus efectos son m\u00e1s que satisfactorios a nivel f\u00edsico y mental.","og_url":"https:\/\/advancedseeds.com\/de\/tienda\/automaticas\/auto-critical-soma\/","og_site_name":"Advanced Seeds","article_modified_time":"2025-03-22T17:14:50+00:00","og_image":[{"width":1604,"height":2128,"url":"https:\/\/advancedseeds.com\/web\/wp-content\/uploads\/2021\/01\/Auto-Critical-Soma.jpg","type":"image\/jpeg"}],"twitter_card":"summary_large_image","twitter_misc":{"Gesch\u00e4tzte Lesezeit":"5\u00a0Minuten"},"schema":{"@context":"https:\/\/schema.org","@graph":[{"@type":"WebPage","@id":"https:\/\/advancedseeds.com\/tienda\/automaticas\/auto-critical-soma\/","url":"https:\/\/advancedseeds.com\/tienda\/automaticas\/auto-critical-soma\/","name":"Auto Critical Soma - Advanced Seeds","isPartOf":{"@id":"https:\/\/advancedseeds.com\/#website"},"primaryImageOfPage":{"@id":"https:\/\/advancedseeds.com\/tienda\/automaticas\/auto-critical-soma\/#primaryimage"},"image":{"@id":"https:\/\/advancedseeds.com\/tienda\/automaticas\/auto-critical-soma\/#primaryimage"},"thumbnailUrl":"https:\/\/advancedseeds.com\/web\/wp-content\/uploads\/2021\/01\/Auto-Critical-Soma.jpg","datePublished":"2021-01-14T17:15:26+00:00","dateModified":"2025-03-22T17:14:50+00:00","breadcrumb":{"@id":"https:\/\/advancedseeds.com\/tienda\/automaticas\/auto-critical-soma\/#breadcrumb"},"inLanguage":"de","potentialAction":[{"@type":"ReadAction","target":["https:\/\/advancedseeds.com\/tienda\/automaticas\/auto-critical-soma\/"]}]},{"@type":"ImageObject","inLanguage":"de","@id":"https:\/\/advancedseeds.com\/tienda\/automaticas\/auto-critical-soma\/#primaryimage","url":"https:\/\/advancedseeds.com\/web\/wp-content\/uploads\/2021\/01\/Auto-Critical-Soma.jpg","contentUrl":"https:\/\/advancedseeds.com\/web\/wp-content\/uploads\/2021\/01\/Auto-Critical-Soma.jpg","width":1604,"height":2128},{"@type":"BreadcrumbList","@id":"https:\/\/advancedseeds.com\/tienda\/automaticas\/auto-critical-soma\/#breadcrumb","itemListElement":[{"@type":"ListItem","position":1,"name":"Home","item":"https:\/\/advancedseeds.com\/"},{"@type":"ListItem","position":2,"name":"Tienda","item":"https:\/\/advancedseeds.com\/"},{"@type":"ListItem","position":3,"name":"Auto Critical Soma"}]},{"@type":"WebSite","@id":"https:\/\/advancedseeds.com\/#website","url":"https:\/\/advancedseeds.com\/","name":"Advanced Seeds","description":"Fortschrittliche Genetik in feminisierten und automatischen Samen.","publisher":{"@id":"https:\/\/advancedseeds.com\/#organization"},"potentialAction":[{"@type":"SearchAction","target":{"@type":"EntryPoint","urlTemplate":"https:\/\/advancedseeds.com\/?s={search_term_string}"},"query-input":{"@type":"PropertyValueSpecification","valueRequired":true,"valueName":"search_term_string"}}],"inLanguage":"de"},{"@type":"Organization","@id":"https:\/\/advancedseeds.com\/#organization","name":"Advanced Seeds","url":"https:\/\/advancedseeds.com\/","logo":{"@type":"ImageObject","inLanguage":"de","@id":"https:\/\/advancedseeds.com\/#\/schema\/logo\/image\/","url":"https:\/\/advancedseeds.com\/web\/wp-content\/uploads\/2021\/01\/logo-advanced.jpg","contentUrl":"https:\/\/advancedseeds.com\/web\/wp-content\/uploads\/2021\/01\/logo-advanced.jpg","width":600,"height":600,"caption":"Advanced Seeds"},"image":{"@id":"https:\/\/advancedseeds.com\/#\/schema\/logo\/image\/"}}]}},"_links":{"self":[{"href":"https:\/\/advancedseeds.com\/de\/wp-json\/wp\/v2\/product\/309","targetHints":{"allow":["GET"]}}],"collection":[{"href":"https:\/\/advancedseeds.com\/de\/wp-json\/wp\/v2\/product"}],"about":[{"href":"https:\/\/advancedseeds.com\/de\/wp-json\/wp\/v2\/types\/product"}],"replies":[{"embeddable":true,"href":"https:\/\/advancedseeds.com\/de\/wp-json\/wp\/v2\/comments?post=309"}],"wp:featuredmedia":[{"embeddable":true,"href":"https:\/\/advancedseeds.com\/de\/wp-json\/wp\/v2\/media\/19656"}],"wp:attachment":[{"href":"https:\/\/advancedseeds.com\/de\/wp-json\/wp\/v2\/media?parent=309"}],"wp:term":[{"taxonomy":"product_brand","embeddable":true,"href":"https:\/\/advancedseeds.com\/de\/wp-json\/wp\/v2\/product_brand?post=309"},{"taxonomy":"product_cat","embeddable":true,"href":"https:\/\/advancedseeds.com\/de\/wp-json\/wp\/v2\/product_cat?post=309"},{"taxonomy":"product_tag","embeddable":true,"href":"https:\/\/advancedseeds.com\/de\/wp-json\/wp\/v2\/product_tag?post=309"}],"curies":[{"name":"wp","href":"https:\/\/api.w.org\/{rel}","templated":true}]}}