{"id":310,"date":"2021-01-14T17:15:29","date_gmt":"2021-01-14T17:15:29","guid":{"rendered":"https:\/\/advancedseeds.com\/web\/producto\/auto-gelato-33\/"},"modified":"2025-03-22T18:17:57","modified_gmt":"2025-03-22T17:17:57","slug":"auto-gelato-33","status":"publish","type":"product","link":"https:\/\/advancedseeds.com\/de\/tienda\/automaticas\/auto-gelato-33\/","title":{"rendered":"Auto Gelato #33"},"content":{"rendered":"<p><span style=\"font-weight: 400\">Die <\/span><a href=\"https:\/\/advancedseeds.com\/web\/\"><b>Marihuana-Samen<\/b><\/a><b> autoflowering Auto Gelato #33<\/b><span style=\"font-weight: 400\"> von Advanced Seeds sind die perfekte Kombination aus un\u00fcbertroffenem Geschmack, erstaunlicher Potenz und einfachem Anbau. Perfekt f\u00fcr Anf\u00e4nger und Veteranen gleicherma\u00dfen, garantieren sie eine reiche Ernte mit einem Twist. In diesem \u00dcberblick f\u00fchre ich Sie durch alle Aspekte dieser Sorte, von ihrer Genetik bis hin zu ihrem Anbau und ihrem Genuss in vollen Z\u00fcgen.<\/span><\/p>\n<h2><b>Was sind die genetischen Eigenschaften von Auto Gelato #33?<\/b><\/h2>\n<p><span style=\"font-weight: 400\">Auto Gelato #33 ist das Ergebnis einer au\u00dfergew\u00f6hnlichen Kreuzung zwischen zwei Titanen der Cannabisgenetik wie Sunset Sherbert und GSC Thin Mint, mit einem Hauch von Rudelaris, um Autoflowering und einen einfachen Anbau zu erm\u00f6glichen. Dieser indicadominierte Hybrid bietet Ihnen das Beste aus beiden Welten: die Geschwindigkeit einer Autoflower mit der Potenz und dem Geschmack ihrer ber\u00fchmten Vorfahren.<\/span><\/p>\n<h2><b>Wie sieht die Auto Gelato #33 aus?<\/b><\/h2>\n<p><span style=\"font-weight: 400\">Auto Gelato #33-Pflanzen sind bekannt f\u00fcr ihre kompakte Morphologie und die \u00fcppige Harzschicht, die sie bedeckt. Sie verzweigt sich ganz nat\u00fcrlich und wird in manchen F\u00e4llen fast so breit wie sie hoch ist. Die Knospen sind dicht und schwer, \u00e4hnlich wie bei der regul\u00e4ren Version, und sehen beeindruckend aus. Diese Sorte ist ein echtes visuelles Spektakel, auch wegen der Farben, die einige Exemplare annehmen, wenn die Temperaturen w\u00e4hrend der Bl\u00fcte und der Reifung der Knospen niedrig sind.<\/span><\/p>\n<h2><b>Kultivierung von Auto Gelato #33:<\/b><\/h2>\n<p><span style=\"font-weight: 400\">Auto Gelato #33 ist eine kluge Wahl sowohl f\u00fcr den Innen- als auch f\u00fcr den Au\u00dfenanbau. Sie ist so einfach zu z\u00fcchten, dass selbst Anf\u00e4nger spektakul\u00e4re Ertr\u00e4ge erzielen werden. Wenn Sie nicht viel Erfahrung mit dem Anbau haben, ist es am besten, die Samen in den endg\u00fcltigen Topf zu pflanzen, um das Umpflanzen zu vermeiden, und es ist sehr empfehlenswert, der Erde Mikro-Life hinzuzuf\u00fcgen und zu gie\u00dfen, um die Wurzelentwicklung zu beschleunigen.<\/span><\/p>\n<h3><span style=\"font-weight: 400\">Innenanbau:<\/span><\/h3>\n<p><span style=\"font-weight: 400\">W\u00e4hrend der Bl\u00fctezeit kann eine leichte Entbl\u00e4tterung vorgenommen werden, damit das k\u00fcnstliche Licht besser in die inneren und unteren Teile der Pflanze eindringen kann.<\/span><\/p>\n<h3><span style=\"font-weight: 400\">Anbau im Freien:<\/span><\/h3>\n<p><span style=\"font-weight: 400\">Am besten ist es, in gr\u00f6\u00dfere T\u00f6pfe zu pflanzen, wobei 20 Liter ein gutes Volumen sind. Ideal ist es, mit der Keimung der Samen bis zur Mitte oder zum Ende des Fr\u00fchjahrs zu warten, da sie dann das beste Wetter und einen gr\u00f6\u00dferen Lichteinfall nutzen k\u00f6nnen, sowohl in Bezug auf die Sonnenstunden als auch die St\u00e4rke des Sonnenlichts. Im Freiland ist es ratsam, vorbeugend Pflanzenschutzmittel zu verwenden, um Sch\u00e4dlings- und Pilzprobleme zu vermeiden.<\/span><\/p>\n<h2><b>Wann wird Auto Gelato #33 geerntet?<\/b><\/h2>\n<p><span style=\"font-weight: 400\">Die Erntezeit h\u00e4ngt davon ab, ob Sie im Haus oder im Freien anbauen. In Innenr\u00e4umen k\u00f6nnen Sie etwa 70-80 Tage nach der Keimung ernten. Im Freien ist die Ernte im gleichen Zeitraum fertig, oder Sie m\u00fcssen ein paar Tage l\u00e4nger warten, je nach den Wetterbedingungen in Ihrer Region.<\/span><\/p>\n<h2><b>Wie viel produzieren diese Samen?<\/b><\/h2>\n<p><span style=\"font-weight: 400\">Auto Gelato #33 ist f\u00fcr ihre hohen Ertr\u00e4ge bekannt. Im Innenbereich kannst Du unter optimalen Bedingungen mit Ertr\u00e4gen von bis zu 550 Gramm pro Quadratmeter rechnen. Im Freien k\u00f6nnen die Pflanzen Sie mit ebenso beeindruckenden Ertr\u00e4gen \u00fcberraschen.<\/span><\/p>\n<h2><b>Was ist das Aroma und der Geschmack von Auto Gelato #33?<\/b><\/h2>\n<p><span style=\"font-weight: 400\">Auto Gelato #33 bietet ein au\u00dfergew\u00f6hnliches Aroma- und Geschmacksprofil. Sie kombiniert fruchtige, s\u00fc\u00dfe und cremige Noten, die ein intensives Aroma und einen unvergesslichen Geschmack erzeugen. Diese Sorte ist ein Leckerbissen f\u00fcr die Sinne, den man immer wieder genie\u00dfen m\u00f6chte, aber Vorsicht, das k\u00f6stliche Eis ist tr\u00fcgerisch und wenn man es \u00fcbertreibt, kann es einen umwerfen.<\/span><\/p>\n<h2><b>Welche Wirkung hat dieses Marihuana?<\/b><\/h2>\n<p><span style=\"font-weight: 400\">Auto Gelato #33 knausert nicht mit der Potenz, mit einem THC-Gehalt, der bis zu 23% erreichen kann. Die Wirkung ist ausgewogen, mit einem positiven, euphorischen Gef\u00fchl, das sich mit einer k\u00f6rperlich entspannenden und beruhigenden Wirkung verbindet, ohne \u00fcberw\u00e4ltigend zu sein, es sei denn, man konsumiert zu viel in einer kurzen Zeitspanne.<\/span><\/p>\n<h2><b>Auto Gelato #33 zum besten Preis kaufen<\/b><\/h2>\n<p><span style=\"font-weight: 400\">Wenn Sie bereit sind, Ihre Auto Gelato #33-Samen von Advanced Seeds zum besten Preis online zu kaufen, sind Sie an der richtigen Stelle. Beginnen Sie Ihre aufregende Wachstumsreise mit dieser au\u00dfergew\u00f6hnlichen Sorte, bestellen Sie noch heute und entdecken Sie alles, was Auto Gelato #33 zu bieten hat!<\/span><\/p>\n<h2><b>H\u00e4ufig gestellte Fragen \u00fcber Auto Gelato #33:<\/b><\/h2>\n<h3><span style=\"font-weight: 400\">Wie hoch ist der THC-Gehalt dieser Samen?<\/span><\/h3>\n<p><span style=\"font-weight: 400\">Auto Gelato #33 kann einen beeindruckenden THC-Gehalt von bis zu 23% erreichen.<\/span><\/p>\n<h3><span style=\"font-weight: 400\">Wie sieht der gesamte Anbauzyklus aus?<\/span><\/h3>\n<p><span style=\"font-weight: 400\">Der vollst\u00e4ndige Zyklus von Auto Gelato #33 dauert 70-80 Tage ab der Keimung.<\/span><\/p>\n<h3><span style=\"font-weight: 400\">Wie schmeckt Auto Gelato #33?<\/span><\/h3>\n<p><span style=\"font-weight: 400\">Auto Gelato #33 bietet einen fruchtigen, s\u00fc\u00dfen und cremigen Geschmack, der Ihre Geschmacksnerven begeistern wird.<\/span><\/p>","protected":false},"excerpt":{"rendered":"<p>Automatische Version von Gelato #33. Hoher THC-Gehalt, der eine starke zerebrale Wirkung erzeugt. S\u00fc\u00dfer Geschmack und Aroma mit einem Hauch von Zitrusfr\u00fcchten und erdigen Noten.<\/p>","protected":false},"featured_media":19657,"comment_status":"open","ping_status":"closed","template":"","meta":{"_acf_changed":false},"product_brand":[],"product_cat":[70],"product_tag":[],"class_list":{"0":"post-310","1":"product","2":"type-product","3":"status-publish","4":"has-post-thumbnail","6":"product_cat-automaticas","8":"first","9":"instock","10":"taxable","11":"shipping-taxable","12":"purchasable","13":"product-type-variable"},"acf":[],"yoast_head":"<!-- This site is optimized with the Yoast SEO Premium plugin v26.3 (Yoast SEO v26.6) - https:\/\/yoast.com\/wordpress\/plugins\/seo\/ -->\n<title>Auto Gelato #33 - Advanced Seeds<\/title>\n<meta name=\"robots\" content=\"index, follow, max-snippet:-1, max-image-preview:large, max-video-preview:-1\" \/>\n<link rel=\"canonical\" href=\"https:\/\/advancedseeds.com\/de\/tienda\/automaticas\/auto-gelato-33\/\" \/>\n<meta property=\"og:locale\" content=\"de_DE\" \/>\n<meta property=\"og:type\" content=\"article\" \/>\n<meta property=\"og:title\" content=\"Auto Gelato #33\" \/>\n<meta property=\"og:description\" content=\"Version autom\u00e1tica de Gelato #33. Alto nivel de THC que produce un potente efecto cerebral. Sabor y aroma dulces con toques c\u00edtricos y terrosos.\" \/>\n<meta property=\"og:url\" content=\"https:\/\/advancedseeds.com\/de\/tienda\/automaticas\/auto-gelato-33\/\" \/>\n<meta property=\"og:site_name\" content=\"Advanced Seeds\" \/>\n<meta property=\"article:modified_time\" content=\"2025-03-22T17:17:57+00:00\" \/>\n<meta property=\"og:image\" content=\"https:\/\/advancedseeds.com\/web\/wp-content\/uploads\/2021\/01\/Auto-Gelato-33-scaled.jpg\" \/>\n\t<meta property=\"og:image:width\" content=\"1855\" \/>\n\t<meta property=\"og:image:height\" content=\"2560\" \/>\n\t<meta property=\"og:image:type\" content=\"image\/jpeg\" \/>\n<meta name=\"twitter:card\" content=\"summary_large_image\" \/>\n<meta name=\"twitter:label1\" content=\"Gesch\u00e4tzte Lesezeit\" \/>\n\t<meta name=\"twitter:data1\" content=\"4\u00a0Minuten\" \/>\n<script type=\"application\/ld+json\" class=\"yoast-schema-graph\">{\"@context\":\"https:\/\/schema.org\",\"@graph\":[{\"@type\":\"WebPage\",\"@id\":\"https:\/\/advancedseeds.com\/tienda\/automaticas\/auto-gelato-33\/\",\"url\":\"https:\/\/advancedseeds.com\/tienda\/automaticas\/auto-gelato-33\/\",\"name\":\"Auto Gelato #33 - Advanced Seeds\",\"isPartOf\":{\"@id\":\"https:\/\/advancedseeds.com\/#website\"},\"primaryImageOfPage\":{\"@id\":\"https:\/\/advancedseeds.com\/tienda\/automaticas\/auto-gelato-33\/#primaryimage\"},\"image\":{\"@id\":\"https:\/\/advancedseeds.com\/tienda\/automaticas\/auto-gelato-33\/#primaryimage\"},\"thumbnailUrl\":\"https:\/\/advancedseeds.com\/web\/wp-content\/uploads\/2021\/01\/Auto-Gelato-33-scaled.jpg\",\"datePublished\":\"2021-01-14T17:15:29+00:00\",\"dateModified\":\"2025-03-22T17:17:57+00:00\",\"breadcrumb\":{\"@id\":\"https:\/\/advancedseeds.com\/tienda\/automaticas\/auto-gelato-33\/#breadcrumb\"},\"inLanguage\":\"de\",\"potentialAction\":[{\"@type\":\"ReadAction\",\"target\":[\"https:\/\/advancedseeds.com\/tienda\/automaticas\/auto-gelato-33\/\"]}]},{\"@type\":\"ImageObject\",\"inLanguage\":\"de\",\"@id\":\"https:\/\/advancedseeds.com\/tienda\/automaticas\/auto-gelato-33\/#primaryimage\",\"url\":\"https:\/\/advancedseeds.com\/web\/wp-content\/uploads\/2021\/01\/Auto-Gelato-33-scaled.jpg\",\"contentUrl\":\"https:\/\/advancedseeds.com\/web\/wp-content\/uploads\/2021\/01\/Auto-Gelato-33-scaled.jpg\",\"width\":1855,\"height\":2560},{\"@type\":\"BreadcrumbList\",\"@id\":\"https:\/\/advancedseeds.com\/tienda\/automaticas\/auto-gelato-33\/#breadcrumb\",\"itemListElement\":[{\"@type\":\"ListItem\",\"position\":1,\"name\":\"Home\",\"item\":\"https:\/\/advancedseeds.com\/\"},{\"@type\":\"ListItem\",\"position\":2,\"name\":\"Tienda\",\"item\":\"https:\/\/advancedseeds.com\/\"},{\"@type\":\"ListItem\",\"position\":3,\"name\":\"Auto Gelato #33\"}]},{\"@type\":\"WebSite\",\"@id\":\"https:\/\/advancedseeds.com\/#website\",\"url\":\"https:\/\/advancedseeds.com\/\",\"name\":\"Advanced Seeds\",\"description\":\"Gen\u00e9ticas Avanzadas en semillas feminizadas y autom\u00e1ticas.\",\"publisher\":{\"@id\":\"https:\/\/advancedseeds.com\/#organization\"},\"potentialAction\":[{\"@type\":\"SearchAction\",\"target\":{\"@type\":\"EntryPoint\",\"urlTemplate\":\"https:\/\/advancedseeds.com\/?s={search_term_string}\"},\"query-input\":{\"@type\":\"PropertyValueSpecification\",\"valueRequired\":true,\"valueName\":\"search_term_string\"}}],\"inLanguage\":\"de\"},{\"@type\":\"Organization\",\"@id\":\"https:\/\/advancedseeds.com\/#organization\",\"name\":\"Advanced Seeds\",\"url\":\"https:\/\/advancedseeds.com\/\",\"logo\":{\"@type\":\"ImageObject\",\"inLanguage\":\"de\",\"@id\":\"https:\/\/advancedseeds.com\/#\/schema\/logo\/image\/\",\"url\":\"https:\/\/advancedseeds.com\/web\/wp-content\/uploads\/2021\/01\/logo-advanced.jpg\",\"contentUrl\":\"https:\/\/advancedseeds.com\/web\/wp-content\/uploads\/2021\/01\/logo-advanced.jpg\",\"width\":600,\"height\":600,\"caption\":\"Advanced Seeds\"},\"image\":{\"@id\":\"https:\/\/advancedseeds.com\/#\/schema\/logo\/image\/\"}}]}<\/script>\n<!-- \/ Yoast SEO Premium plugin. -->","yoast_head_json":{"title":"Auto Gelato #33 - Advanced Seeds","robots":{"index":"index","follow":"follow","max-snippet":"max-snippet:-1","max-image-preview":"max-image-preview:large","max-video-preview":"max-video-preview:-1"},"canonical":"https:\/\/advancedseeds.com\/de\/tienda\/automaticas\/auto-gelato-33\/","og_locale":"de_DE","og_type":"article","og_title":"Auto Gelato #33","og_description":"Version autom\u00e1tica de Gelato #33. Alto nivel de THC que produce un potente efecto cerebral. Sabor y aroma dulces con toques c\u00edtricos y terrosos.","og_url":"https:\/\/advancedseeds.com\/de\/tienda\/automaticas\/auto-gelato-33\/","og_site_name":"Advanced Seeds","article_modified_time":"2025-03-22T17:17:57+00:00","og_image":[{"width":1855,"height":2560,"url":"https:\/\/advancedseeds.com\/web\/wp-content\/uploads\/2021\/01\/Auto-Gelato-33-scaled.jpg","type":"image\/jpeg"}],"twitter_card":"summary_large_image","twitter_misc":{"Gesch\u00e4tzte Lesezeit":"4\u00a0Minuten"},"schema":{"@context":"https:\/\/schema.org","@graph":[{"@type":"WebPage","@id":"https:\/\/advancedseeds.com\/tienda\/automaticas\/auto-gelato-33\/","url":"https:\/\/advancedseeds.com\/tienda\/automaticas\/auto-gelato-33\/","name":"Auto Gelato #33 - Advanced Seeds","isPartOf":{"@id":"https:\/\/advancedseeds.com\/#website"},"primaryImageOfPage":{"@id":"https:\/\/advancedseeds.com\/tienda\/automaticas\/auto-gelato-33\/#primaryimage"},"image":{"@id":"https:\/\/advancedseeds.com\/tienda\/automaticas\/auto-gelato-33\/#primaryimage"},"thumbnailUrl":"https:\/\/advancedseeds.com\/web\/wp-content\/uploads\/2021\/01\/Auto-Gelato-33-scaled.jpg","datePublished":"2021-01-14T17:15:29+00:00","dateModified":"2025-03-22T17:17:57+00:00","breadcrumb":{"@id":"https:\/\/advancedseeds.com\/tienda\/automaticas\/auto-gelato-33\/#breadcrumb"},"inLanguage":"de","potentialAction":[{"@type":"ReadAction","target":["https:\/\/advancedseeds.com\/tienda\/automaticas\/auto-gelato-33\/"]}]},{"@type":"ImageObject","inLanguage":"de","@id":"https:\/\/advancedseeds.com\/tienda\/automaticas\/auto-gelato-33\/#primaryimage","url":"https:\/\/advancedseeds.com\/web\/wp-content\/uploads\/2021\/01\/Auto-Gelato-33-scaled.jpg","contentUrl":"https:\/\/advancedseeds.com\/web\/wp-content\/uploads\/2021\/01\/Auto-Gelato-33-scaled.jpg","width":1855,"height":2560},{"@type":"BreadcrumbList","@id":"https:\/\/advancedseeds.com\/tienda\/automaticas\/auto-gelato-33\/#breadcrumb","itemListElement":[{"@type":"ListItem","position":1,"name":"Home","item":"https:\/\/advancedseeds.com\/"},{"@type":"ListItem","position":2,"name":"Tienda","item":"https:\/\/advancedseeds.com\/"},{"@type":"ListItem","position":3,"name":"Auto Gelato #33"}]},{"@type":"WebSite","@id":"https:\/\/advancedseeds.com\/#website","url":"https:\/\/advancedseeds.com\/","name":"Advanced Seeds","description":"Fortschrittliche Genetik in feminisierten und automatischen Samen.","publisher":{"@id":"https:\/\/advancedseeds.com\/#organization"},"potentialAction":[{"@type":"SearchAction","target":{"@type":"EntryPoint","urlTemplate":"https:\/\/advancedseeds.com\/?s={search_term_string}"},"query-input":{"@type":"PropertyValueSpecification","valueRequired":true,"valueName":"search_term_string"}}],"inLanguage":"de"},{"@type":"Organization","@id":"https:\/\/advancedseeds.com\/#organization","name":"Advanced Seeds","url":"https:\/\/advancedseeds.com\/","logo":{"@type":"ImageObject","inLanguage":"de","@id":"https:\/\/advancedseeds.com\/#\/schema\/logo\/image\/","url":"https:\/\/advancedseeds.com\/web\/wp-content\/uploads\/2021\/01\/logo-advanced.jpg","contentUrl":"https:\/\/advancedseeds.com\/web\/wp-content\/uploads\/2021\/01\/logo-advanced.jpg","width":600,"height":600,"caption":"Advanced Seeds"},"image":{"@id":"https:\/\/advancedseeds.com\/#\/schema\/logo\/image\/"}}]}},"_links":{"self":[{"href":"https:\/\/advancedseeds.com\/de\/wp-json\/wp\/v2\/product\/310","targetHints":{"allow":["GET"]}}],"collection":[{"href":"https:\/\/advancedseeds.com\/de\/wp-json\/wp\/v2\/product"}],"about":[{"href":"https:\/\/advancedseeds.com\/de\/wp-json\/wp\/v2\/types\/product"}],"replies":[{"embeddable":true,"href":"https:\/\/advancedseeds.com\/de\/wp-json\/wp\/v2\/comments?post=310"}],"wp:featuredmedia":[{"embeddable":true,"href":"https:\/\/advancedseeds.com\/de\/wp-json\/wp\/v2\/media\/19657"}],"wp:attachment":[{"href":"https:\/\/advancedseeds.com\/de\/wp-json\/wp\/v2\/media?parent=310"}],"wp:term":[{"taxonomy":"product_brand","embeddable":true,"href":"https:\/\/advancedseeds.com\/de\/wp-json\/wp\/v2\/product_brand?post=310"},{"taxonomy":"product_cat","embeddable":true,"href":"https:\/\/advancedseeds.com\/de\/wp-json\/wp\/v2\/product_cat?post=310"},{"taxonomy":"product_tag","embeddable":true,"href":"https:\/\/advancedseeds.com\/de\/wp-json\/wp\/v2\/product_tag?post=310"}],"curies":[{"name":"wp","href":"https:\/\/api.w.org\/{rel}","templated":true}]}}