{"id":320,"date":"2021-01-14T17:16:03","date_gmt":"2021-01-14T17:16:03","guid":{"rendered":"https:\/\/advancedseeds.com\/web\/producto\/auto-somango-glue\/"},"modified":"2025-03-22T18:23:27","modified_gmt":"2025-03-22T17:23:27","slug":"auto-somango-glue","status":"publish","type":"product","link":"https:\/\/advancedseeds.com\/de\/tienda\/automaticas\/auto-somango-glue\/","title":{"rendered":"Auto Somango Glue"},"content":{"rendered":"<p><span style=\"font-weight: 400\">Wenn Sie bis hierher gekommen sind, dann deshalb, weil Sie auf der Suche nach schnell und einfach zu z\u00fcchtenden Hanfsamen sind, richtig? Nun, die<\/span> <a href=\"https:\/\/advancedseeds.com\/web\/categoria-producto\/automaticas\/\"><b>Autoflowering-Samen<\/b><\/a><b> Auto Somango Glue <\/b><span style=\"font-weight: 400\">von Advanced Seeds kombinieren einen unverwechselbaren tropischen Geschmack mit einer hybriden Kraft, die sie besonders widerstandsf\u00e4hig f\u00fcr die Bed\u00fcrfnisse von unerfahrenen oder unerfahrenen Z\u00fcchtern macht. Diese Sorte zeichnet sich durch ihre einfache Kultivierung und ihre exzellenten Ertr\u00e4ge sowohl drinnen als auch drau\u00dfen aus, aber auch ihre starke Wirkung und die hohen Ertr\u00e4ge sind erw\u00e4hnenswert.<\/span><\/p>\n<h2><b>Was sind die genetischen Eigenschaften dieser Samen?<\/b><\/h2>\n<p><span style=\"font-weight: 400\">Die Genetik von Auto Somango Glue leitet sich von einer <\/span><b>Kreuzung zwischen Gorilla Glue #4 und Somango, die anschlie\u00dfend mit einer autoflowering Sorte gekreuzt wurde. <\/b><span style=\"font-weight: 400\">um die Gene einzuschlie\u00dfen, die eine spontane Bl\u00fcte nach 3 bis 4 Wochen Lebenszeit verursachen. Gorilla Glue #4 ist f\u00fcr ihren hohen THC-Gehalt und ihre starke Wirkung bekannt, w\u00e4hrend Somango ein exotisches und schmackhaftes Aromaprofil mitbringt. Diese genetische Kombination hat eine \u00fcberwiegend aus Indica bestehende Sorte hervorgebracht, die sich durch ihre Robustheit und ihre Anpassungsf\u00e4higkeit an unterschiedliche Wachstumsbedingungen auszeichnet und gleichzeitig ein komplexes aromatisches Profil und eine ausgewogene psychoaktive Wirkung aufweist.<\/span><\/p>\n<h2><b>Wie sieht Auto Somango Glue aus?<\/b><\/h2>\n<p><span style=\"font-weight: 400\">Die Auto Somango Glue zeichnet sich durch ihre kr\u00e4ftige, offene und verzweigte Struktur aus, mit einem moderaten Wachstum, das sie ideal f\u00fcr kleine R\u00e4ume macht. Ihre Bl\u00e4tter sind tiefgr\u00fcn, mit dicken St\u00e4mmen, die dichte, schwere Knospen tragen. Diese Knospen sind nicht nur gro\u00df und kompakt, sondern auch eindrucksvoll mit gl\u00e4nzenden Trichomen bedeckt, was auf eine hohe Produktion von \u00e4therischen \u00d6len hinweist, die reich an Wirkstoffen sind. Wenn sie reif ist, kann die Pflanze <\/span><b>violette und r\u00f6tliche T\u00f6ne<\/b><span style=\"font-weight: 400\">vor allem bei niedrigeren Temperaturen, was sein ohnehin schon beeindruckendes Profil noch attraktiver macht.<\/span><\/p>\n<h2><b>Wie werden diese Samen im Innen- und Au\u00dfenbereich angebaut?<\/b><\/h2>\n<p><span style=\"font-weight: 400\">Auto Somango Glue ist eine vielseitige Sorte, die sowohl f\u00fcr den Innen- als auch f\u00fcr den Au\u00dfenanbau geeignet ist. <\/span><\/p>\n<h3><span style=\"font-weight: 400\">Innenanbau:<\/span><\/h3>\n<p><span style=\"font-weight: 400\">Ein Lichtzyklus von 20\/4 wird empfohlen, um ihr Potenzial zu maximieren, aber wenn Sie das Gef\u00fchl haben, dass dies eine zu gro\u00dfe Lichtverschwendung ist, sollten Sie wissen, dass sie mit jeder Photoperiode angebaut werden k\u00f6nnen. Die Pflanze reagiert gut auf <\/span><b>LST-Techniken<\/b><span style=\"font-weight: 400\"> (Low Stress Training), um ein gleichm\u00e4\u00dfigeres Wachstum zu f\u00f6rdern und die Produktion zu steigern.\u00a0<\/span><\/p>\n<h3><span style=\"font-weight: 400\">Anbau im Freien:<\/span><\/h3>\n<p><span style=\"font-weight: 400\">Sie w\u00e4chst sehr stark und nimmt jeden Platz ein, der ihr zur Verf\u00fcgung steht. Daher ist es wichtig, ihr ausreichend Platz und direktes Sonnenlicht zu bieten sowie ein Pflanzgef\u00e4\u00df, das gro\u00df genug ist, um sie wachsen zu lassen. <\/span><b>minus 20 Liter<\/b><span style=\"font-weight: 400\"> Kapazit\u00e4t. Diese Sorte ist resistent gegen Sch\u00e4dlinge und Pilze, aber es ist immer ratsam, ein sauberes und kontrolliertes Anbauumfeld zu erhalten, und es ist keine schlechte Idee, vorbeugend Pflanzenschutzmittel anzuwenden.\u00a0<\/span><\/p>\n<p><span style=\"font-weight: 400\">Im Innen- und Au\u00dfenbereich: Wenn Sie nicht sicher sind, dass Sie die Pflanzen ohne Stress umpflanzen k\u00f6nnen, lassen Sie es lieber bleiben, <\/span><b>Einpflanzen der Samen in den endg\u00fcltigen Topf<\/b><span style=\"font-weight: 400\"> und weichen Sie das gesamte Substrat erst ein, wenn die Pflanzen mindestens 15 bis 20 cm hoch sind.<\/span><\/p>\n<h2><b>Wann wird Auto Somango Glue geerntet?<\/b><\/h2>\n<p><span style=\"font-weight: 400\">In Innenr\u00e4umen hat das Auto Somango Glue eine extrem kurze Lebensdauer, von <\/span><b>etwa 60 Tage nach dem Auflaufen der S\u00e4mlinge<\/b><span style=\"font-weight: 400\">. Im Freien ist die beste Zeit f\u00fcr den Anbau dieser Samen der sp\u00e4te Fr\u00fchling bis zum Sp\u00e4tsommer, so dass Sie die Vorteile des nat\u00fcrlichen Licht- und Temperaturzyklus voll aussch\u00f6pfen k\u00f6nnen. Die richtige Reifung der Knospen ist entscheidend, um ein volles Terpenprofil und maximale Potenz zu gew\u00e4hrleisten.<\/span><\/p>\n<h2><b>Wie viel Saatgut kann man produzieren?<\/b><\/h2>\n<p><span style=\"font-weight: 400\">Was den Ertrag angeht, ist Auto Somango Glue eine sehr gro\u00dfz\u00fcgige Sorte. Im Innenbereich k\u00f6nnen die Z\u00fcchter mit Ertr\u00e4gen von bis zu <\/span><b>550 g\/m\u00b2.<\/b><span style=\"font-weight: 400\">Das h\u00e4ngt von der St\u00e4rke des Lichts, der Ern\u00e4hrung der Pflanzen und den allgemeinen F\u00e4higkeiten des Z\u00fcchters ab. Im Freien, unter optimalen Bedingungen, kann jede Pflanze Folgendes produzieren <\/span><b>mehr als 100 g trocken<\/b><span style=\"font-weight: 400\">. Dar\u00fcber hinaus machen Menge und Qualit\u00e4t des Harzes das Auto Somango Glue zu einer hervorragenden Wahl f\u00fcr Extraktionen und Konzentrate.<\/span><\/p>\n<h2><b>Wie ist das Aroma und der Geschmack von Auto Somango Glue?<\/b><\/h2>\n<p><span style=\"font-weight: 400\">\u00dcberwiegend <\/span><b>tropische und s\u00fc\u00dfe Noten<\/b><span style=\"font-weight: 400\"> vererbt von Somango, erg\u00e4nzt durch frische Kiefer und erdige Untert\u00f6ne von Gorilla Glue #4. Je nach Ph\u00e4notyp k\u00f6nnen auch die folgenden Merkmale vorhanden sein <\/span><b>Zitrus- und Dieselt\u00f6ne<\/b><span style=\"font-weight: 400\">. Diese Kombination von Aromen bietet ein reichhaltiges und komplexes Erlebnis sowohl beim Ein- als auch beim Ausatmen.<\/span><\/p>\n<h2><b>Welche Wirkung hat dieses Marihuana?<\/b><\/h2>\n<p><span style=\"font-weight: 400\">Mit einem Inhalt von <\/span><b>THC von 21%,<\/b><span style=\"font-weight: 400\"> Auto Somango Glue bietet eine <\/span><b>ausgewogene und angenehme Wirkung<\/b><span style=\"font-weight: 400\">. Anfangs kann sie aktiv und energiegeladen sein, um mit der Zeit in eine moderate Entspannung \u00fcberzugehen. Diese ausgewogene Wirkung macht sie sowohl f\u00fcr die Freizeit als auch f\u00fcr die Therapie geeignet und hilft, Stress und \u00c4ngste abzubauen.<\/span><\/p>\n<h2><b>Auto Somango Glue zum besten Preis kaufen<\/b><\/h2>\n<p><span style=\"font-weight: 400\">Sind Sie bereit, den tropischen Geschmack und die ausgewogene Potenz von Auto Somango Glue zu erleben? Bestellen Sie jetzt Ihre Auto Somango Glue autoflowering Samen von Advanced Seeds zum besten Preis online und genie\u00dfen Sie eine der komplettesten Sorten auf dem Markt!<\/span><\/p>\n<h2><b>H\u00e4ufig gestellte Fragen \u00fcber Auto Somango Glue:<\/b><\/h2>\n<h3><span style=\"font-weight: 400\">Braucht Auto Somango Glue besondere Pflege?<\/span><\/h3>\n<p><span style=\"font-weight: 400\">Auto Somango Glue ist eine recht robuste Sorte, die jedoch von einer ausgewogenen Ern\u00e4hrung und ausreichender Bew\u00e4sserung profitiert, um ihr volles Potenzial zu entfalten.<\/span><\/p>\n<h3><span style=\"font-weight: 400\">Ist es f\u00fcr Anf\u00e4nger geeignet?<\/span><\/h3>\n<p><span style=\"font-weight: 400\">Ja, dank ihrer einfachen Kultivierung und ihrer Widerstandsf\u00e4higkeit ist sie eine ausgezeichnete Wahl f\u00fcr alle, die in die Welt des Selbstanbaus einsteigen.<\/span><\/p>\n<h3><span style=\"font-weight: 400\">Welche Art von Licht ist f\u00fcr den Innenanbau am besten geeignet?<\/span><\/h3>\n<p><span style=\"font-weight: 400\">Die Auto Somango Glue spricht gut auf LED-Vollspektrum-Licht an, was ihr Wachstum und ihre Bl\u00fctezeit maximiert.<\/span><\/p>\n<h3><span style=\"font-weight: 400\">Wie geht man mit dem Geruch beim Anbau von Auto Somango Glue um?<\/span><\/h3>\n<p><span style=\"font-weight: 400\">Die Verwendung von Aktivkohlefiltern ist ein wirksames Mittel zur Bek\u00e4mpfung des intensiven Geruchs, den Auto Somango Glue w\u00e4hrend der Bl\u00fctezeit entwickeln kann.<\/span><\/p>","protected":false},"excerpt":{"rendered":"<p>Beh\u00e4lt alle Eigenschaften der Somango Glue mit einer Rekord-Erntezeit. Hoher THC-Gehalt. Anf\u00e4ngliche Euphorie und sp\u00e4tere Entspannung. Mangogeschmack und -aroma.<\/p>\n<p>&nbsp;<\/p>","protected":false},"featured_media":19667,"comment_status":"open","ping_status":"closed","template":"","meta":{"_acf_changed":false},"product_brand":[],"product_cat":[70],"product_tag":[],"class_list":{"0":"post-320","1":"product","2":"type-product","3":"status-publish","4":"has-post-thumbnail","6":"product_cat-automaticas","8":"first","9":"instock","10":"taxable","11":"shipping-taxable","12":"purchasable","13":"product-type-variable"},"acf":[],"yoast_head":"<!-- This site is optimized with the Yoast SEO Premium plugin v26.3 (Yoast SEO v26.6) - https:\/\/yoast.com\/wordpress\/plugins\/seo\/ -->\n<title>Auto Somango Glue - Advanced Seeds<\/title>\n<meta name=\"robots\" content=\"index, follow, max-snippet:-1, max-image-preview:large, max-video-preview:-1\" \/>\n<link rel=\"canonical\" href=\"https:\/\/advancedseeds.com\/de\/tienda\/automaticas\/auto-somango-glue\/\" \/>\n<meta property=\"og:locale\" content=\"de_DE\" \/>\n<meta property=\"og:type\" content=\"article\" \/>\n<meta property=\"og:title\" content=\"Auto Somango Glue\" \/>\n<meta property=\"og:description\" content=\"Conserva todas las caracter\u00edsticas de Somango Glue con un tiempo de cosecha record. Alto THC. Euforia inicial y relajaci\u00f3n posterior. Sabor y aroma a mango.  &nbsp;\" \/>\n<meta property=\"og:url\" content=\"https:\/\/advancedseeds.com\/de\/tienda\/automaticas\/auto-somango-glue\/\" \/>\n<meta property=\"og:site_name\" content=\"Advanced Seeds\" \/>\n<meta property=\"article:modified_time\" content=\"2025-03-22T17:23:27+00:00\" \/>\n<meta property=\"og:image\" content=\"https:\/\/advancedseeds.com\/web\/wp-content\/uploads\/2021\/01\/Auto-Somango-Glue.jpg\" \/>\n\t<meta property=\"og:image:width\" content=\"1195\" \/>\n\t<meta property=\"og:image:height\" content=\"1648\" \/>\n\t<meta property=\"og:image:type\" content=\"image\/jpeg\" \/>\n<meta name=\"twitter:card\" content=\"summary_large_image\" \/>\n<meta name=\"twitter:label1\" content=\"Gesch\u00e4tzte Lesezeit\" \/>\n\t<meta name=\"twitter:data1\" content=\"5\u00a0Minuten\" \/>\n<script type=\"application\/ld+json\" class=\"yoast-schema-graph\">{\"@context\":\"https:\/\/schema.org\",\"@graph\":[{\"@type\":\"WebPage\",\"@id\":\"https:\/\/advancedseeds.com\/tienda\/automaticas\/auto-somango-glue\/\",\"url\":\"https:\/\/advancedseeds.com\/tienda\/automaticas\/auto-somango-glue\/\",\"name\":\"Auto Somango Glue - Advanced Seeds\",\"isPartOf\":{\"@id\":\"https:\/\/advancedseeds.com\/#website\"},\"primaryImageOfPage\":{\"@id\":\"https:\/\/advancedseeds.com\/tienda\/automaticas\/auto-somango-glue\/#primaryimage\"},\"image\":{\"@id\":\"https:\/\/advancedseeds.com\/tienda\/automaticas\/auto-somango-glue\/#primaryimage\"},\"thumbnailUrl\":\"https:\/\/advancedseeds.com\/web\/wp-content\/uploads\/2021\/01\/Auto-Somango-Glue.jpg\",\"datePublished\":\"2021-01-14T17:16:03+00:00\",\"dateModified\":\"2025-03-22T17:23:27+00:00\",\"breadcrumb\":{\"@id\":\"https:\/\/advancedseeds.com\/tienda\/automaticas\/auto-somango-glue\/#breadcrumb\"},\"inLanguage\":\"de\",\"potentialAction\":[{\"@type\":\"ReadAction\",\"target\":[\"https:\/\/advancedseeds.com\/tienda\/automaticas\/auto-somango-glue\/\"]}]},{\"@type\":\"ImageObject\",\"inLanguage\":\"de\",\"@id\":\"https:\/\/advancedseeds.com\/tienda\/automaticas\/auto-somango-glue\/#primaryimage\",\"url\":\"https:\/\/advancedseeds.com\/web\/wp-content\/uploads\/2021\/01\/Auto-Somango-Glue.jpg\",\"contentUrl\":\"https:\/\/advancedseeds.com\/web\/wp-content\/uploads\/2021\/01\/Auto-Somango-Glue.jpg\",\"width\":1195,\"height\":1648},{\"@type\":\"BreadcrumbList\",\"@id\":\"https:\/\/advancedseeds.com\/tienda\/automaticas\/auto-somango-glue\/#breadcrumb\",\"itemListElement\":[{\"@type\":\"ListItem\",\"position\":1,\"name\":\"Home\",\"item\":\"https:\/\/advancedseeds.com\/\"},{\"@type\":\"ListItem\",\"position\":2,\"name\":\"Tienda\",\"item\":\"https:\/\/advancedseeds.com\/\"},{\"@type\":\"ListItem\",\"position\":3,\"name\":\"Auto Somango Glue\"}]},{\"@type\":\"WebSite\",\"@id\":\"https:\/\/advancedseeds.com\/#website\",\"url\":\"https:\/\/advancedseeds.com\/\",\"name\":\"Advanced Seeds\",\"description\":\"Gen\u00e9ticas Avanzadas en semillas feminizadas y autom\u00e1ticas.\",\"publisher\":{\"@id\":\"https:\/\/advancedseeds.com\/#organization\"},\"potentialAction\":[{\"@type\":\"SearchAction\",\"target\":{\"@type\":\"EntryPoint\",\"urlTemplate\":\"https:\/\/advancedseeds.com\/?s={search_term_string}\"},\"query-input\":{\"@type\":\"PropertyValueSpecification\",\"valueRequired\":true,\"valueName\":\"search_term_string\"}}],\"inLanguage\":\"de\"},{\"@type\":\"Organization\",\"@id\":\"https:\/\/advancedseeds.com\/#organization\",\"name\":\"Advanced Seeds\",\"url\":\"https:\/\/advancedseeds.com\/\",\"logo\":{\"@type\":\"ImageObject\",\"inLanguage\":\"de\",\"@id\":\"https:\/\/advancedseeds.com\/#\/schema\/logo\/image\/\",\"url\":\"https:\/\/advancedseeds.com\/web\/wp-content\/uploads\/2021\/01\/logo-advanced.jpg\",\"contentUrl\":\"https:\/\/advancedseeds.com\/web\/wp-content\/uploads\/2021\/01\/logo-advanced.jpg\",\"width\":600,\"height\":600,\"caption\":\"Advanced Seeds\"},\"image\":{\"@id\":\"https:\/\/advancedseeds.com\/#\/schema\/logo\/image\/\"}}]}<\/script>\n<!-- \/ Yoast SEO Premium plugin. -->","yoast_head_json":{"title":"Auto Somango Glue - Advanced Seeds","robots":{"index":"index","follow":"follow","max-snippet":"max-snippet:-1","max-image-preview":"max-image-preview:large","max-video-preview":"max-video-preview:-1"},"canonical":"https:\/\/advancedseeds.com\/de\/tienda\/automaticas\/auto-somango-glue\/","og_locale":"de_DE","og_type":"article","og_title":"Auto Somango Glue","og_description":"Conserva todas las caracter\u00edsticas de Somango Glue con un tiempo de cosecha record. Alto THC. Euforia inicial y relajaci\u00f3n posterior. Sabor y aroma a mango.  &nbsp;","og_url":"https:\/\/advancedseeds.com\/de\/tienda\/automaticas\/auto-somango-glue\/","og_site_name":"Advanced Seeds","article_modified_time":"2025-03-22T17:23:27+00:00","og_image":[{"width":1195,"height":1648,"url":"https:\/\/advancedseeds.com\/web\/wp-content\/uploads\/2021\/01\/Auto-Somango-Glue.jpg","type":"image\/jpeg"}],"twitter_card":"summary_large_image","twitter_misc":{"Gesch\u00e4tzte Lesezeit":"5\u00a0Minuten"},"schema":{"@context":"https:\/\/schema.org","@graph":[{"@type":"WebPage","@id":"https:\/\/advancedseeds.com\/tienda\/automaticas\/auto-somango-glue\/","url":"https:\/\/advancedseeds.com\/tienda\/automaticas\/auto-somango-glue\/","name":"Auto Somango Glue - Advanced Seeds","isPartOf":{"@id":"https:\/\/advancedseeds.com\/#website"},"primaryImageOfPage":{"@id":"https:\/\/advancedseeds.com\/tienda\/automaticas\/auto-somango-glue\/#primaryimage"},"image":{"@id":"https:\/\/advancedseeds.com\/tienda\/automaticas\/auto-somango-glue\/#primaryimage"},"thumbnailUrl":"https:\/\/advancedseeds.com\/web\/wp-content\/uploads\/2021\/01\/Auto-Somango-Glue.jpg","datePublished":"2021-01-14T17:16:03+00:00","dateModified":"2025-03-22T17:23:27+00:00","breadcrumb":{"@id":"https:\/\/advancedseeds.com\/tienda\/automaticas\/auto-somango-glue\/#breadcrumb"},"inLanguage":"de","potentialAction":[{"@type":"ReadAction","target":["https:\/\/advancedseeds.com\/tienda\/automaticas\/auto-somango-glue\/"]}]},{"@type":"ImageObject","inLanguage":"de","@id":"https:\/\/advancedseeds.com\/tienda\/automaticas\/auto-somango-glue\/#primaryimage","url":"https:\/\/advancedseeds.com\/web\/wp-content\/uploads\/2021\/01\/Auto-Somango-Glue.jpg","contentUrl":"https:\/\/advancedseeds.com\/web\/wp-content\/uploads\/2021\/01\/Auto-Somango-Glue.jpg","width":1195,"height":1648},{"@type":"BreadcrumbList","@id":"https:\/\/advancedseeds.com\/tienda\/automaticas\/auto-somango-glue\/#breadcrumb","itemListElement":[{"@type":"ListItem","position":1,"name":"Home","item":"https:\/\/advancedseeds.com\/"},{"@type":"ListItem","position":2,"name":"Tienda","item":"https:\/\/advancedseeds.com\/"},{"@type":"ListItem","position":3,"name":"Auto Somango Glue"}]},{"@type":"WebSite","@id":"https:\/\/advancedseeds.com\/#website","url":"https:\/\/advancedseeds.com\/","name":"Advanced Seeds","description":"Fortschrittliche Genetik in feminisierten und automatischen Samen.","publisher":{"@id":"https:\/\/advancedseeds.com\/#organization"},"potentialAction":[{"@type":"SearchAction","target":{"@type":"EntryPoint","urlTemplate":"https:\/\/advancedseeds.com\/?s={search_term_string}"},"query-input":{"@type":"PropertyValueSpecification","valueRequired":true,"valueName":"search_term_string"}}],"inLanguage":"de"},{"@type":"Organization","@id":"https:\/\/advancedseeds.com\/#organization","name":"Advanced Seeds","url":"https:\/\/advancedseeds.com\/","logo":{"@type":"ImageObject","inLanguage":"de","@id":"https:\/\/advancedseeds.com\/#\/schema\/logo\/image\/","url":"https:\/\/advancedseeds.com\/web\/wp-content\/uploads\/2021\/01\/logo-advanced.jpg","contentUrl":"https:\/\/advancedseeds.com\/web\/wp-content\/uploads\/2021\/01\/logo-advanced.jpg","width":600,"height":600,"caption":"Advanced Seeds"},"image":{"@id":"https:\/\/advancedseeds.com\/#\/schema\/logo\/image\/"}}]}},"_links":{"self":[{"href":"https:\/\/advancedseeds.com\/de\/wp-json\/wp\/v2\/product\/320","targetHints":{"allow":["GET"]}}],"collection":[{"href":"https:\/\/advancedseeds.com\/de\/wp-json\/wp\/v2\/product"}],"about":[{"href":"https:\/\/advancedseeds.com\/de\/wp-json\/wp\/v2\/types\/product"}],"replies":[{"embeddable":true,"href":"https:\/\/advancedseeds.com\/de\/wp-json\/wp\/v2\/comments?post=320"}],"wp:featuredmedia":[{"embeddable":true,"href":"https:\/\/advancedseeds.com\/de\/wp-json\/wp\/v2\/media\/19667"}],"wp:attachment":[{"href":"https:\/\/advancedseeds.com\/de\/wp-json\/wp\/v2\/media?parent=320"}],"wp:term":[{"taxonomy":"product_brand","embeddable":true,"href":"https:\/\/advancedseeds.com\/de\/wp-json\/wp\/v2\/product_brand?post=320"},{"taxonomy":"product_cat","embeddable":true,"href":"https:\/\/advancedseeds.com\/de\/wp-json\/wp\/v2\/product_cat?post=320"},{"taxonomy":"product_tag","embeddable":true,"href":"https:\/\/advancedseeds.com\/de\/wp-json\/wp\/v2\/product_tag?post=320"}],"curies":[{"name":"wp","href":"https:\/\/api.w.org\/{rel}","templated":true}]}}