{"id":321,"date":"2021-01-14T17:16:06","date_gmt":"2021-01-14T17:16:06","guid":{"rendered":"https:\/\/advancedseeds.com\/web\/producto\/auto-strawberry-gum\/"},"modified":"2025-03-08T16:00:37","modified_gmt":"2025-03-08T15:00:37","slug":"auto-strawberry-gum","status":"publish","type":"product","link":"https:\/\/advancedseeds.com\/de\/tienda\/automaticas\/auto-strawberry-gum\/","title":{"rendered":"Auto Strawberry Gum"},"content":{"rendered":"<p><span style=\"font-weight: 400\">Brauchen Sie etwas Kraftvolles, um Ihr Leben zu vers\u00fc\u00dfen? Dann ist die<\/span> <a href=\"https:\/\/advancedseeds.com\/web\/categoria-producto\/automaticas\/\"><b>Autoflowering-Samen<\/b><\/a><b> Auto Strawberry Gum <\/b><span style=\"font-weight: 400\">von Advanced Seeds sind eine sichere Wahl f\u00fcr Cannabis-Liebhaber mit s\u00fc\u00dfem Geschmack. Diese Sorte ist bekannt f\u00fcr ihren einzigartigen Geschmack und ihre ausgewogene Wirkung, was sie zu einer ausgezeichneten Wahl sowohl f\u00fcr Anf\u00e4nger als auch f\u00fcr erfahrene Z\u00fcchter macht, da sie nicht schwer anzubauen ist und Anf\u00e4nger eine gro\u00dfartige Ernte erhalten. Die Qualit\u00e4t ist so hoch, dass sie normalen bl\u00fchenden Sorten nichts nachsteht, was von erfahrenen Z\u00fcchtern und Konsumenten sehr gesch\u00e4tzt wird.<\/span><\/p>\n<h2><b>Was sind die genetischen Eigenschaften dieser Samen?<\/b><\/h2>\n<p><span style=\"font-weight: 400\">Auto Strawberry Gum ist der <\/span><b>Ergebnis der Fusion zwischen <\/b><a href=\"https:\/\/advancedseeds.com\/web\/producto\/strawberry-gum\/\"><b>Strawberry Gum<\/b><\/a><b> und automatische Bl\u00fchgenetik<\/b><span style=\"font-weight: 400\"> die die Gene der urspr\u00fcnglichen Sorte kaum ver\u00e4ndert, sondern dazu dient, die f\u00fcr das Autoflowering verantwortlichen Gene einzubauen. Diese Kombination hat zu einer <\/span><b>Sativa-dominante Sorte<\/b><span style=\"font-weight: 400\">Sie hat die besten Eigenschaften ihrer Vorfahren geerbt. Von Strawberry erh\u00e4lt sie ihren fruchtigen und s\u00fc\u00dfen Geschmack, w\u00e4hrend Auto Bubble Gum eine au\u00dfergew\u00f6hnliche Robustheit und Anbaufreundlichkeit mitbringt. Diese genetische Mischung ergibt eine kr\u00e4ftige Pflanze mit einem au\u00dfergew\u00f6hnlichen organoleptischen Profil und einer zerebralen und entspannenden Wirkung zur gleichen Zeit.<\/span><\/p>\n<h2><b>Wie sieht Auto Strawberry Gum aus?<\/b><\/h2>\n<p><span style=\"font-weight: 400\">Auto Strawberry Gum ist eine dieser hypnotischen Pflanzen, die man nicht aus den Augen lassen kann. Sie zeichnet sich aus durch ihre <\/span><b>gro\u00dfe Wuchskraft und Verzweigung<\/b><span style=\"font-weight: 400\">Die Bl\u00e4tter haben mittelgro\u00dfe Fiederbl\u00e4ttchen, die etwas dicker sind als die der normalen Version. Die Bl\u00e4tter haben mittelgro\u00dfe Fiederbl\u00e4ttchen, die etwas dicker sind als die der normalen Version, und die Knospen sind spektakul\u00e4r, lang, dick und voller Harz. Am Ende der Bl\u00fctezeit k\u00f6nnen diese Knospen <\/span><b>r\u00f6tliche T\u00f6ne<\/b><span style=\"font-weight: 400\">Dies verleiht ihnen ein optisch ansprechendes und appetitliches Aussehen. Au\u00dferdem ist der Abstand zwischen den Knoten optimal f\u00fcr ein homogenes Wachstum und eine gute Bel\u00fcftung, was f\u00fcr die Pflanzengesundheit, hohe Ertr\u00e4ge und auch zur Abwehr von Krankheitserregern entscheidend ist.<\/span><\/p>\n<h2><b>Wie werden diese Samen im Innen- und Au\u00dfenbereich angebaut?<\/b><\/h2>\n<p><span style=\"font-weight: 400\">Auto Strawberry Gum ist so widerstandsf\u00e4hig und einfach zu z\u00fcchten, dass sie bei minimaler Pflege eine reiche Ernte abwirft. Die Schl\u00fcssel sind die <\/span><b>Menge und Qualit\u00e4t von Licht und Substrat<\/b><span style=\"font-weight: 400\">Die Gr\u00f6\u00dfe und der Ertrag der Pflanzen sind direkt proportional zu diesen Faktoren.<\/span><\/p>\n<h3><span style=\"font-weight: 400\">Innenanbau: <\/span><\/h3>\n<p><span style=\"font-weight: 400\">Ein Lichtzyklus von <\/span><b>18\/6 o 20\/4 <\/b><span style=\"font-weight: 400\">um ihr Wachstum und ihre Produktion zu maximieren, aber sie sind auch nicht schlecht, wenn sie normal angebaut werden, d.h. mit 18 Stunden Licht pro Tag w\u00e4hrend der vegetativen Phase und 12\/12 w\u00e4hrend der Bl\u00fcte.\u00a0<\/span><\/p>\n<h3><span style=\"font-weight: 400\">Anbau im Freien:<\/span><\/h3>\n<p><span style=\"font-weight: 400\">Auto Strawberry Gum entfaltet sein volles Potenzial in warmen, sonnigen Klimazonen, passt sich aber auch an weniger ideale Bedingungen an, solange die Temperaturen nicht unter 10 oder 12 Grad Celsius fallen. Sie ist widerstandsf\u00e4hig gegen Klimaschwankungen und Sch\u00e4dlinge, was sie zu einer sicheren und produktiven Wahl f\u00fcr alle Arten von Nutzern und Umgebungen macht.<\/span><\/p>\n<h2><b>Wann wird Auto Strawberry Gum geerntet?<\/b><\/h2>\n<p><span style=\"font-weight: 400\">Im Innenbereich ist Auto Strawberry Gum erntereif nach <\/span><b>65-70 Tage ab Keimung<\/b><span style=\"font-weight: 400\">. Im Freien dauert es etwa gleich lange, vielleicht etwas l\u00e4nger, und die beste Zeit f\u00fcr den Anbau ist zwischen der Mitte des Fr\u00fchjahrs und dem fr\u00fchen Herbst, sowohl in der n\u00f6rdlichen als auch in der s\u00fcdlichen Hemisph\u00e4re.<\/span><\/p>\n<h2><b>Wie viel Saatgut kann man produzieren?<\/b><\/h2>\n<p><span style=\"font-weight: 400\">Obwohl dies von vielen Faktoren abh\u00e4ngt, kann man sagen, dass Auto Strawberry Gum in jeder Hinsicht eine sehr ertragreiche Sorte ist. Im Innenanbau k\u00f6nnen die Z\u00fcchter Folgendes erwarten <\/span><b>etwa 500 g\/m\u00b2.<\/b><span style=\"font-weight: 400\">. Im Freien kann jede Pflanze beeindruckende Ertr\u00e4ge erzielen, vor allem bei optimalen Licht- und N\u00e4hrstoffbedingungen, und kann sogar 150 Gramm \u00fcberschreiten.<\/span><\/p>\n<h2><b>Wie ist das Aroma und der Geschmack von Auto Strawberry Gum?<\/b><\/h2>\n<p><span style=\"font-weight: 400\">Aus unserer Sicht ist dies die repr\u00e4sentativste und bemerkenswerteste Eigenschaft dieser Samen. Das Aroma und der Geschmack von Auto Strawberry Gum sind au\u00dfergew\u00f6hnlich und bieten eine au\u00dfergew\u00f6hnliche <\/span><b>s\u00fc\u00df und fruchtig, an Erdbeerkaugummi erinnernd<\/b><span style=\"font-weight: 400\">Die fruchtigen Noten werden beim Rauchen oder Verdampfen intensiviert und sorgen f\u00fcr ein reichhaltiges und angenehmes Geschmackserlebnis. Beim Rauchen oder Verdampfen intensivieren sich diese fruchtigen Noten und sorgen f\u00fcr ein reichhaltiges und angenehmes Geschmackserlebnis.<\/span><\/p>\n<h2><b>Welche Wirkung hat dieses Marihuana?<\/b><\/h2>\n<p><span style=\"font-weight: 400\">Mit einem THC-Gehalt von etwa <\/span><b>18%,<\/b><span style=\"font-weight: 400\"> Auto Strawberry Gum bietet eine ausgewogene und angenehme Wirkung. Sie ist ideal zum Entspannen an den Tagen, an denen man einfach genug von allem hat. Sie bietet eine beruhigende und angenehme Wirkung, sowohl k\u00f6rperlich als auch geistig, obwohl man sagen muss, dass sie anfangs anregend wirkt. Ihre etwas h\u00f6here Sativa-Genetik macht sie f\u00fcr verschiedene Tageszeiten geeignet, <\/span><b>die sowohl Entspannung als auch einen leichten kreativen Anreiz bieten<\/b><span style=\"font-weight: 400\">und eignet sich hervorragend zum Entspannen am Abend.<\/span><\/p>\n<h2><b>Auto Strawberry Gum zum besten Preis kaufen<\/b><\/h2>\n<p><span style=\"font-weight: 400\">Wenn Sie auf der Suche nach einer autoflowering Sorte mit einem dieser unvergesslichen Aromen und einfach zu wachsen waren, haben Sie Gl\u00fcck, denn Auto Strawberry Gum autoflowering Samen von Advanced Seeds sind Ihre beste Wahl. Bestellen Sie Ihre Samen noch heute und genie\u00dfen Sie eine der schmackhaftesten und produktivsten Sorten auf dem Markt.<\/span><\/p>\n<h2><b>H\u00e4ufig gestellte Fragen \u00fcber Strawberry Banana<\/b><\/h2>\n<h3><span style=\"font-weight: 400\">Ist Auto Strawberry Gum f\u00fcr Anf\u00e4nger geeignet?<\/span><\/h3>\n<p><span style=\"font-weight: 400\">Ja, ihre einfache Kultivierung und ihre Widerstandsf\u00e4higkeit machen sie ideal f\u00fcr Anf\u00e4nger und erfahrene Z\u00fcchter gleicherma\u00dfen.<\/span><\/p>\n<h3><span style=\"font-weight: 400\">Wie l\u00e4sst sich die Harzproduktion in Auto Strawberry Gum maximieren?<\/span><\/h3>\n<p><span style=\"font-weight: 400\">Die Aufrechterhaltung einer kontrollierten Umgebung mit angemessener Luftfeuchtigkeit und Temperatur sowie eine ausgewogene Ern\u00e4hrung sind der Schl\u00fcssel zur Maximierung der Harzproduktion.<\/span><\/p>\n<h3><span style=\"font-weight: 400\">Wie lassen sich Auto Strawberry Gum-Knospen am besten trocknen und aush\u00e4rten?<\/span><\/h3>\n<p><span style=\"font-weight: 400\">Die langsame Trocknung und die richtige Reifung in einer kontrollierten Umgebung verbessern sein Aroma- und Geschmacksprofil. Es wird eine Reifezeit von mindestens zwei Monaten empfohlen.<\/span><\/p>\n<h3><span style=\"font-weight: 400\">Wie l\u00e4sst sich die Harzproduktion in Auto Strawberry Gum maximieren?<\/span><\/h3>\n<p><span style=\"font-weight: 400\">Der Innenanbau mit Vollspektrum-LED ist eine der besten M\u00f6glichkeiten. Die Aufrechterhaltung einer kontrollierten Umgebung mit angemessener Luftfeuchtigkeit und Temperatur sowie eine ausgewogene Ern\u00e4hrung mit zus\u00e4tzlichen Kohlenhydraten oder Zuckern sind ebenfalls der Schl\u00fcssel zur Maximierung der Harzproduktion.<\/span><\/p>\n<h3><span style=\"font-weight: 400\">Wie wirkt sich der pH-Wert des Wassers auf Ihre Ernte aus?<\/span><\/h3>\n<p><span style=\"font-weight: 400\">Die Aufrechterhaltung eines angemessenen pH-Werts ist f\u00fcr eine optimale N\u00e4hrstoffaufnahme entscheidend. Ein pH-Wert zwischen 6,0 und 6,5 ist ideal f\u00fcr Auto Strawberry Gum.<\/span><\/p>\n<p>&nbsp;<\/p>","protected":false},"excerpt":{"rendered":"<p>Auto-Version unseres Strawberry Gum.<br \/>\nSie beh\u00e4lt den ganzen Erdbeergeschmack, der Ihren Gaumen \u00fcberschwemmen wird, ebenso wie ihre gro\u00dfe Produktion von Knospen und Harz. Mit ihr werden Sie eine zerebrale und euphorische Wirkung erzielen, die so angenehm ist, dass Sie sie lieben werden. Kurz gesagt, sie ist eine kr\u00e4ftige und einfach zu z\u00fcchtende Pflanze mit einem hohen Terpengehalt.<\/p>","protected":false},"featured_media":19669,"comment_status":"open","ping_status":"closed","template":"","meta":{"_acf_changed":false},"product_brand":[],"product_cat":[70],"product_tag":[],"class_list":{"0":"post-321","1":"product","2":"type-product","3":"status-publish","4":"has-post-thumbnail","6":"product_cat-automaticas","8":"first","9":"instock","10":"taxable","11":"shipping-taxable","12":"purchasable","13":"product-type-variable"},"acf":[],"yoast_head":"<!-- This site is optimized with the Yoast SEO Premium plugin v26.3 (Yoast SEO v26.6) - https:\/\/yoast.com\/wordpress\/plugins\/seo\/ -->\n<title>Auto Strawberry Gum - Advanced Seeds<\/title>\n<meta name=\"robots\" content=\"index, follow, max-snippet:-1, max-image-preview:large, max-video-preview:-1\" \/>\n<link rel=\"canonical\" href=\"https:\/\/advancedseeds.com\/de\/tienda\/automaticas\/auto-strawberry-gum\/\" \/>\n<meta property=\"og:locale\" content=\"de_DE\" \/>\n<meta property=\"og:type\" content=\"article\" \/>\n<meta property=\"og:title\" content=\"Auto Strawberry Gum\" \/>\n<meta property=\"og:description\" content=\"Versi\u00f3n auto de nuestra Strawberry Gum. Conserva todo el sabor a fresa que inundar\u00e1 tu paladar as\u00ed como su gran producci\u00f3n de cogollos y resina. Con ella vas a alcanzar un efecto cerebral y euf\u00f3rico tan agradable que te encantar\u00e1. En resumen, es una planta vigorosa y de f\u00e1cil cultivo con un alto contenido en terpenos.\" \/>\n<meta property=\"og:url\" content=\"https:\/\/advancedseeds.com\/de\/tienda\/automaticas\/auto-strawberry-gum\/\" \/>\n<meta property=\"og:site_name\" content=\"Advanced Seeds\" \/>\n<meta property=\"article:modified_time\" content=\"2025-03-08T15:00:37+00:00\" \/>\n<meta property=\"og:image\" content=\"https:\/\/advancedseeds.com\/web\/wp-content\/uploads\/2021\/01\/Auto-Strawberry-Gum-scaled.jpg\" \/>\n\t<meta property=\"og:image:width\" content=\"1928\" \/>\n\t<meta property=\"og:image:height\" content=\"2560\" \/>\n\t<meta property=\"og:image:type\" content=\"image\/jpeg\" \/>\n<meta name=\"twitter:card\" content=\"summary_large_image\" \/>\n<meta name=\"twitter:label1\" content=\"Gesch\u00e4tzte Lesezeit\" \/>\n\t<meta name=\"twitter:data1\" content=\"6\u00a0Minuten\" \/>\n<script type=\"application\/ld+json\" class=\"yoast-schema-graph\">{\"@context\":\"https:\/\/schema.org\",\"@graph\":[{\"@type\":\"WebPage\",\"@id\":\"https:\/\/advancedseeds.com\/tienda\/automaticas\/auto-strawberry-gum\/\",\"url\":\"https:\/\/advancedseeds.com\/tienda\/automaticas\/auto-strawberry-gum\/\",\"name\":\"Auto Strawberry Gum - Advanced Seeds\",\"isPartOf\":{\"@id\":\"https:\/\/advancedseeds.com\/#website\"},\"primaryImageOfPage\":{\"@id\":\"https:\/\/advancedseeds.com\/tienda\/automaticas\/auto-strawberry-gum\/#primaryimage\"},\"image\":{\"@id\":\"https:\/\/advancedseeds.com\/tienda\/automaticas\/auto-strawberry-gum\/#primaryimage\"},\"thumbnailUrl\":\"https:\/\/advancedseeds.com\/web\/wp-content\/uploads\/2021\/01\/Auto-Strawberry-Gum-scaled.jpg\",\"datePublished\":\"2021-01-14T17:16:06+00:00\",\"dateModified\":\"2025-03-08T15:00:37+00:00\",\"breadcrumb\":{\"@id\":\"https:\/\/advancedseeds.com\/tienda\/automaticas\/auto-strawberry-gum\/#breadcrumb\"},\"inLanguage\":\"de\",\"potentialAction\":[{\"@type\":\"ReadAction\",\"target\":[\"https:\/\/advancedseeds.com\/tienda\/automaticas\/auto-strawberry-gum\/\"]}]},{\"@type\":\"ImageObject\",\"inLanguage\":\"de\",\"@id\":\"https:\/\/advancedseeds.com\/tienda\/automaticas\/auto-strawberry-gum\/#primaryimage\",\"url\":\"https:\/\/advancedseeds.com\/web\/wp-content\/uploads\/2021\/01\/Auto-Strawberry-Gum-scaled.jpg\",\"contentUrl\":\"https:\/\/advancedseeds.com\/web\/wp-content\/uploads\/2021\/01\/Auto-Strawberry-Gum-scaled.jpg\",\"width\":1928,\"height\":2560},{\"@type\":\"BreadcrumbList\",\"@id\":\"https:\/\/advancedseeds.com\/tienda\/automaticas\/auto-strawberry-gum\/#breadcrumb\",\"itemListElement\":[{\"@type\":\"ListItem\",\"position\":1,\"name\":\"Home\",\"item\":\"https:\/\/advancedseeds.com\/\"},{\"@type\":\"ListItem\",\"position\":2,\"name\":\"Tienda\",\"item\":\"https:\/\/advancedseeds.com\/\"},{\"@type\":\"ListItem\",\"position\":3,\"name\":\"Auto Strawberry Gum\"}]},{\"@type\":\"WebSite\",\"@id\":\"https:\/\/advancedseeds.com\/#website\",\"url\":\"https:\/\/advancedseeds.com\/\",\"name\":\"Advanced Seeds\",\"description\":\"Gen\u00e9ticas Avanzadas en semillas feminizadas y autom\u00e1ticas.\",\"publisher\":{\"@id\":\"https:\/\/advancedseeds.com\/#organization\"},\"potentialAction\":[{\"@type\":\"SearchAction\",\"target\":{\"@type\":\"EntryPoint\",\"urlTemplate\":\"https:\/\/advancedseeds.com\/?s={search_term_string}\"},\"query-input\":{\"@type\":\"PropertyValueSpecification\",\"valueRequired\":true,\"valueName\":\"search_term_string\"}}],\"inLanguage\":\"de\"},{\"@type\":\"Organization\",\"@id\":\"https:\/\/advancedseeds.com\/#organization\",\"name\":\"Advanced Seeds\",\"url\":\"https:\/\/advancedseeds.com\/\",\"logo\":{\"@type\":\"ImageObject\",\"inLanguage\":\"de\",\"@id\":\"https:\/\/advancedseeds.com\/#\/schema\/logo\/image\/\",\"url\":\"https:\/\/advancedseeds.com\/web\/wp-content\/uploads\/2021\/01\/logo-advanced.jpg\",\"contentUrl\":\"https:\/\/advancedseeds.com\/web\/wp-content\/uploads\/2021\/01\/logo-advanced.jpg\",\"width\":600,\"height\":600,\"caption\":\"Advanced Seeds\"},\"image\":{\"@id\":\"https:\/\/advancedseeds.com\/#\/schema\/logo\/image\/\"}}]}<\/script>\n<!-- \/ Yoast SEO Premium plugin. -->","yoast_head_json":{"title":"Auto Strawberry Gum - Advanced Seeds","robots":{"index":"index","follow":"follow","max-snippet":"max-snippet:-1","max-image-preview":"max-image-preview:large","max-video-preview":"max-video-preview:-1"},"canonical":"https:\/\/advancedseeds.com\/de\/tienda\/automaticas\/auto-strawberry-gum\/","og_locale":"de_DE","og_type":"article","og_title":"Auto Strawberry Gum","og_description":"Versi\u00f3n auto de nuestra Strawberry Gum. Conserva todo el sabor a fresa que inundar\u00e1 tu paladar as\u00ed como su gran producci\u00f3n de cogollos y resina. Con ella vas a alcanzar un efecto cerebral y euf\u00f3rico tan agradable que te encantar\u00e1. En resumen, es una planta vigorosa y de f\u00e1cil cultivo con un alto contenido en terpenos.","og_url":"https:\/\/advancedseeds.com\/de\/tienda\/automaticas\/auto-strawberry-gum\/","og_site_name":"Advanced Seeds","article_modified_time":"2025-03-08T15:00:37+00:00","og_image":[{"width":1928,"height":2560,"url":"https:\/\/advancedseeds.com\/web\/wp-content\/uploads\/2021\/01\/Auto-Strawberry-Gum-scaled.jpg","type":"image\/jpeg"}],"twitter_card":"summary_large_image","twitter_misc":{"Gesch\u00e4tzte Lesezeit":"6\u00a0Minuten"},"schema":{"@context":"https:\/\/schema.org","@graph":[{"@type":"WebPage","@id":"https:\/\/advancedseeds.com\/tienda\/automaticas\/auto-strawberry-gum\/","url":"https:\/\/advancedseeds.com\/tienda\/automaticas\/auto-strawberry-gum\/","name":"Auto Strawberry Gum - Advanced Seeds","isPartOf":{"@id":"https:\/\/advancedseeds.com\/#website"},"primaryImageOfPage":{"@id":"https:\/\/advancedseeds.com\/tienda\/automaticas\/auto-strawberry-gum\/#primaryimage"},"image":{"@id":"https:\/\/advancedseeds.com\/tienda\/automaticas\/auto-strawberry-gum\/#primaryimage"},"thumbnailUrl":"https:\/\/advancedseeds.com\/web\/wp-content\/uploads\/2021\/01\/Auto-Strawberry-Gum-scaled.jpg","datePublished":"2021-01-14T17:16:06+00:00","dateModified":"2025-03-08T15:00:37+00:00","breadcrumb":{"@id":"https:\/\/advancedseeds.com\/tienda\/automaticas\/auto-strawberry-gum\/#breadcrumb"},"inLanguage":"de","potentialAction":[{"@type":"ReadAction","target":["https:\/\/advancedseeds.com\/tienda\/automaticas\/auto-strawberry-gum\/"]}]},{"@type":"ImageObject","inLanguage":"de","@id":"https:\/\/advancedseeds.com\/tienda\/automaticas\/auto-strawberry-gum\/#primaryimage","url":"https:\/\/advancedseeds.com\/web\/wp-content\/uploads\/2021\/01\/Auto-Strawberry-Gum-scaled.jpg","contentUrl":"https:\/\/advancedseeds.com\/web\/wp-content\/uploads\/2021\/01\/Auto-Strawberry-Gum-scaled.jpg","width":1928,"height":2560},{"@type":"BreadcrumbList","@id":"https:\/\/advancedseeds.com\/tienda\/automaticas\/auto-strawberry-gum\/#breadcrumb","itemListElement":[{"@type":"ListItem","position":1,"name":"Home","item":"https:\/\/advancedseeds.com\/"},{"@type":"ListItem","position":2,"name":"Tienda","item":"https:\/\/advancedseeds.com\/"},{"@type":"ListItem","position":3,"name":"Auto Strawberry Gum"}]},{"@type":"WebSite","@id":"https:\/\/advancedseeds.com\/#website","url":"https:\/\/advancedseeds.com\/","name":"Advanced Seeds","description":"Fortschrittliche Genetik in feminisierten und automatischen Samen.","publisher":{"@id":"https:\/\/advancedseeds.com\/#organization"},"potentialAction":[{"@type":"SearchAction","target":{"@type":"EntryPoint","urlTemplate":"https:\/\/advancedseeds.com\/?s={search_term_string}"},"query-input":{"@type":"PropertyValueSpecification","valueRequired":true,"valueName":"search_term_string"}}],"inLanguage":"de"},{"@type":"Organization","@id":"https:\/\/advancedseeds.com\/#organization","name":"Advanced Seeds","url":"https:\/\/advancedseeds.com\/","logo":{"@type":"ImageObject","inLanguage":"de","@id":"https:\/\/advancedseeds.com\/#\/schema\/logo\/image\/","url":"https:\/\/advancedseeds.com\/web\/wp-content\/uploads\/2021\/01\/logo-advanced.jpg","contentUrl":"https:\/\/advancedseeds.com\/web\/wp-content\/uploads\/2021\/01\/logo-advanced.jpg","width":600,"height":600,"caption":"Advanced Seeds"},"image":{"@id":"https:\/\/advancedseeds.com\/#\/schema\/logo\/image\/"}}]}},"_links":{"self":[{"href":"https:\/\/advancedseeds.com\/de\/wp-json\/wp\/v2\/product\/321","targetHints":{"allow":["GET"]}}],"collection":[{"href":"https:\/\/advancedseeds.com\/de\/wp-json\/wp\/v2\/product"}],"about":[{"href":"https:\/\/advancedseeds.com\/de\/wp-json\/wp\/v2\/types\/product"}],"replies":[{"embeddable":true,"href":"https:\/\/advancedseeds.com\/de\/wp-json\/wp\/v2\/comments?post=321"}],"wp:featuredmedia":[{"embeddable":true,"href":"https:\/\/advancedseeds.com\/de\/wp-json\/wp\/v2\/media\/19669"}],"wp:attachment":[{"href":"https:\/\/advancedseeds.com\/de\/wp-json\/wp\/v2\/media?parent=321"}],"wp:term":[{"taxonomy":"product_brand","embeddable":true,"href":"https:\/\/advancedseeds.com\/de\/wp-json\/wp\/v2\/product_brand?post=321"},{"taxonomy":"product_cat","embeddable":true,"href":"https:\/\/advancedseeds.com\/de\/wp-json\/wp\/v2\/product_cat?post=321"},{"taxonomy":"product_tag","embeddable":true,"href":"https:\/\/advancedseeds.com\/de\/wp-json\/wp\/v2\/product_tag?post=321"}],"curies":[{"name":"wp","href":"https:\/\/api.w.org\/{rel}","templated":true}]}}