{"id":327,"date":"2021-01-14T17:16:24","date_gmt":"2021-01-14T17:16:24","guid":{"rendered":"https:\/\/advancedseeds.com\/web\/producto\/critical\/"},"modified":"2025-03-22T18:28:44","modified_gmt":"2025-03-22T17:28:44","slug":"critical","status":"publish","type":"product","link":"https:\/\/advancedseeds.com\/de\/tienda\/feminizadas\/critical\/","title":{"rendered":"Critical"},"content":{"rendered":"<p><b>Critical sind <\/b><a href=\"https:\/\/advancedseeds.com\/web\/categoria-producto\/feminizadas\/\"><b>Feminisierte Samen<\/b><\/a><b> von Marihuana<\/b><span style=\"font-weight: 400\"> von Advanced Seeds, die sich durch ihre Anpassungsf\u00e4higkeit und gro\u00dfz\u00fcgige Produktion auszeichnen. Diese Sorte ist in Spanien au\u00dferordentlich ber\u00fchmt und hat Anerkennung f\u00fcr ihre einfache Kultivierung und ihre reichlichen und hochwertigen Knospen, sowohl drinnen als auch drau\u00dfen, gewonnen.<\/span><\/p>\n<h2><span style=\"font-weight: 400\">Was sind die genetischen Eigenschaften dieser Samen?<\/span><\/h2>\n<p><span style=\"font-weight: 400\">Die Critical von Advanced Seeds entstammt einer beeindruckenden Abstammung, die das Beste von Indica und Sativa in sich vereint. Diese bemerkenswert indicadominierte Sorte erbt die Robustheit und die \u00fcppigen Ertr\u00e4ge ihrer Vorfahren. Die Eltern von Critical bringen einzigartige Eigenschaften mit sich: Einerseits ist Big Bud in der Lage, riesige, harzige Knospen zu produzieren, w\u00e4hrend die Skunk#1 mit ihrer Widerstandsf\u00e4higkeit und Anbaufreundlichkeit dazu beitr\u00e4gt. Diese genetische Kombination resultiert in einer Pflanze, die nicht nur einfach anzubauen ist, sondern auch in der Lage ist, in k\u00fcrzester Zeit eine gro\u00dfe Menge an Knospen zu produzieren.<\/span><\/p>\n<h2><span style=\"font-weight: 400\">Wie sieht das Advanced Seeds Critical aus?<\/span><\/h2>\n<p><span style=\"font-weight: 400\">Das Aussehen von Critical ist wirklich atemberaubend. Die Pflanze w\u00e4chst mit einer unbeholfenen Struktur, mit einem gro\u00dfen Abstand zwischen den Knoten und vielen kr\u00e4ftigen Knospen, wie es bei Indicas der Fall ist, aber mit einer Wucht, die an Sativas erinnert. Die St\u00e4ngel sind schlank und biegsam, k\u00f6nnen aber das Gewicht der dichten, steinigen Knospen nicht tragen. Die Bl\u00e4tter der Critical sind hellgr\u00fcn und gl\u00e4nzend, mit einer Textur, die auf ihre hohe genetische Qualit\u00e4t hinweist. Was die Knospen betrifft, so sind sie das Juwel in der Krone: gro\u00df, kompakt, mit vielen Stempeln und mit einer gro\u00dfz\u00fcgigen Schicht aus gl\u00e4nzendem Harz bedeckt. Wenn die Pflanze reift, k\u00f6nnen die Knospen violette oder bl\u00e4uliche Farbt\u00f6ne aufweisen, besonders bei k\u00fchleren Temperaturen.<\/span><\/p>\n<h2><span style=\"font-weight: 400\">Wie werden diese Samen im Innen- und Au\u00dfenbereich angebaut?<\/span><\/h2>\n<h3><span style=\"font-weight: 400\">Innenanbau:<\/span><\/h3>\n<p><span style=\"font-weight: 400\">Critical eignet sich hervorragend f\u00fcr eine Vielzahl von Anbaumethoden. Sie reagiert au\u00dfergew\u00f6hnlich gut auf die Technik des apikalen R\u00fcckschnitts, wodurch die Anbauer den Platz und das Licht maximieren k\u00f6nnen. Ihre Reaktion auf Supercropping- und SCROG-Methoden ist beeindruckend. Sie verteilt ihre Energie gleichm\u00e4\u00dfig f\u00fcr ein ausgewogenes Wachstum und eine maximale Produktion. Diese Sorte ist ideal f\u00fcr alle, die ihre Ertr\u00e4ge auf kleinem Raum maximieren wollen. Mit einem guten N\u00e4hrstoffmanagement und einem angemessenen Lichtzyklus kann Critical Rekordernten von harzigen und potenten Knospen produzieren. Das Spalieren ist obligatorisch, um die \u00c4ste zu verst\u00e4rken, da die Pflanzen sonst irgendwann aufh\u00f6ren, mehr Gewicht zu produzieren, weil sie es nicht mehr tragen k\u00f6nnen.<\/span><\/p>\n<h3><span style=\"font-weight: 400\">Anbau im Freien:<\/span><\/h3>\n<p><span style=\"font-weight: 400\">Critical breitet sich mit einer Freiheit aus, die nur wenige andere Sorten bieten k\u00f6nnen. Dank ihrer Hybridgenetik entwickelt sie ein starkes Wurzelsystem, das es ihr erm\u00f6glicht, N\u00e4hrstoffe effizient zu absorbieren und klimatischen Schwankungen besser zu widerstehen als andere Sorten. Es ist wichtig, dass die Wurzeln gen\u00fcgend Platz haben, um sich auszubreiten und das direkte Sonnenlicht optimal zu nutzen. Unter optimalen Bedingungen kann Critical eine beachtliche H\u00f6he erreichen und Ertr\u00e4ge von \u00fcber 1000 Gramm pro Pflanze liefern. Die Anpflanzung in direkter Erde oder in gro\u00dfen T\u00f6pfen ist ideal, um ihr Wachstums- und Ertragspotenzial auszusch\u00f6pfen. Sie eignen sich besonders gut f\u00fcr Spaliersysteme, wie sie \u00fcblicherweise f\u00fcr den Tomatenanbau verwendet werden, da sie so ihre zahlreichen \u00c4ste perfekt abst\u00fctzen k\u00f6nnen.<\/span><\/p>\n<h2><span style=\"font-weight: 400\">Wann wird das feminisierte Saatgut Advanced Seeds Critical geerntet?<\/span><\/h2>\n<p><span style=\"font-weight: 400\">Der Bl\u00fctezyklus der Critical ist recht kurz, was sie ideal f\u00fcr Anbauer macht, die eine schnelle Fruchtfolge anstreben. Im Innenbereich liegt die Bl\u00fctezeit zwischen 45 und 55 Tagen. Im Freien erfolgt die Ernte in der Regel Ende September oder Anfang Oktober in der n\u00f6rdlichen Hemisph\u00e4re und Ende M\u00e4rz oder Anfang April in der s\u00fcdlichen Hemisph\u00e4re. Eine sorgf\u00e4ltige Beobachtung der Trichome ist entscheidend, um den optimalen Erntezeitpunkt zu bestimmen. Ein zu fr\u00fcher Schnitt f\u00fchrt zu einer eher zerebralen Wirkung, w\u00e4hrend eine sp\u00e4te Ernte die entspannende und beruhigende Wirkung verst\u00e4rkt.<\/span><\/p>\n<h2><span style=\"font-weight: 400\">Wie viel produzieren diese Samen?<\/span><\/h2>\n<p><span style=\"font-weight: 400\">Der Ertrag von Critical ist einfach spektakul\u00e4r, einer der h\u00f6chsten auf dem Markt. In Innenr\u00e4umen kann sie unter optimalen Bedingungen zwischen 450 und 600 Gramm pro Quadratmeter produzieren. Im Freien, mit gen\u00fcgend Platz und N\u00e4hrstoffen, k\u00f6nnen die Pflanzen mehr als 1000 Gramm pro St\u00fcck produzieren. Die Menge an Harz, die diese Sorte produziert, ist bemerkenswert, \u00fcberraschend f\u00fcr einen Skunk-Hybriden, was sie zu einer hervorragenden Wahl f\u00fcr die Herstellung von Konzentraten und Extraktionen macht. Die Qualit\u00e4t der \u00e4therischen \u00d6le ist au\u00dfergew\u00f6hnlich und bietet nicht nur Quantit\u00e4t, sondern auch Qualit\u00e4t in der Ernte.<\/span><\/p>\n<h2><span style=\"font-weight: 400\">Wie ist das Aroma und der Geschmack von Advanced Seeds Critical feminisierten Samen?<\/span><\/h2>\n<p><span style=\"font-weight: 400\">Sobald Sie Ihre Nase in die N\u00e4he der Bl\u00fcten bringen, vermischen sich Zitrus- und s\u00fc\u00dfe Noten mit erdigen Nuancen und schaffen ein einzigartiges Geruchserlebnis. Beim Verkosten intensivieren sich die Aromen und enth\u00fcllen Schichten von reifen Fr\u00fcchten und einen Hauch von Kr\u00e4utern. Beim Einatmen ist der Geschmack reichhaltig und umh\u00fcllend, und beim Ausatmen hinterl\u00e4sst er einen frischen und lang anhaltenden Nachgeschmack. Das Bouquet ist komplex und ausgewogen und macht jeden Zug zu einem unvergesslichen Erlebnis.<\/span><\/p>\n<h2><span style=\"font-weight: 400\">Welche Wirkung hat dieses Marihuana?<\/span><\/h2>\n<p><span style=\"font-weight: 400\">Die Potenz von Critical ist unter Cannabis-Enthusiasten wohlbekannt, nicht so sehr wegen ihrer Intensit\u00e4t als vielmehr wegen ihrer Qualit\u00e4t. Ihre Wirkung ist ein perfektes Gleichgewicht zwischen k\u00f6rperlicher Entspannung und geistiger Stimulation. Mit einem THC-Gehalt von etwa 16% kann diese Sorte ein Gef\u00fchl der Euphorie und des Wohlbefindens hervorrufen, ideal, um sich nach einem langen Tag zu entspannen. Trotz ihrer Potenz ist die Wirkung \u00fcberschaubar und neigt nicht zu Angstzust\u00e4nden oder Paranoia, was sie f\u00fcr ein breites Spektrum von Konsumenten geeignet macht. Achten Sie nicht so sehr auf die THC-Menge, denn in diesem Fall wird die entourage Wirkung durch das Terpenprofil, das dieses Weed enth\u00e4lt, stark intensiviert.<\/span><\/p>\n<h2><span style=\"font-weight: 400\">Advanced Seeds feminisierte Samen Critical zum besten Preis kaufen.<\/span><\/h2>\n<p><span style=\"font-weight: 400\">Wenn Sie auf der Suche nach einer Sorte sind, die au\u00dfergew\u00f6hnlichen Geschmack, hohe Ertr\u00e4ge und problemlosen Anbau vereint, dann sind die feminisierten Samen Critical von Advanced Seeds die beste Wahl f\u00fcr Sie. Verpassen Sie nicht die Gelegenheit, Critical anzubauen, ein wahres Juwel in der Cannabiswelt!<\/span><\/p>\n<h2><span style=\"font-weight: 400\">H\u00e4ufig gestellte Fragen \u00fcber Critical:<\/span><\/h2>\n<h3><span style=\"font-weight: 400\">Ist Critical resistent gegen Sch\u00e4dlinge und Krankheiten?<\/span><\/h3>\n<p><span style=\"font-weight: 400\">Ja, dank seiner robusten Genetik weist Critical eine gute Resistenz gegen g\u00e4ngige Sch\u00e4dlinge und Krankheiten auf.<\/span><\/p>\n<h3><span style=\"font-weight: 400\">Braucht Critical viel Wasser?<\/span><\/h3>\n<p><span style=\"font-weight: 400\">Critical bevorzugt eine m\u00e4\u00dfige Bew\u00e4sserung und vermeidet Staun\u00e4sse, um Wurzelprobleme zu vermeiden.<\/span><\/p>\n<h3><span style=\"font-weight: 400\">Kann Critical von Anf\u00e4ngern angebaut werden?<\/span><\/h3>\n<p><span style=\"font-weight: 400\">Ja, ihr einfacher Anbau macht sie ideal f\u00fcr Anf\u00e4nger in der Cannabiswelt.<\/span><\/p>\n<h3><span style=\"font-weight: 400\">Wie unterscheidet sich die Wirkung von Critical von anderen Indicas?<\/span><\/h3>\n<p><span style=\"font-weight: 400\">Critical bietet eine einzigartige Balance zwischen Entspannung und Euphorie, ohne zu \u00fcberw\u00e4ltigend zu sein.<\/span><\/p>\n<h3><span style=\"font-weight: 400\">Ist Critical f\u00fcr den Anbau in Hydrokultur geeignet?<\/span><\/h3>\n<p><span style=\"font-weight: 400\">Ja, in Hydrokultur kann Critical sein volles Wachstums- und Produktionspotenzial erreichen.<\/span><\/p>\n<p>&nbsp;<\/p>","protected":false},"excerpt":{"rendered":"<p>Gro\u00dfe und verzweigte Pflanze mit gro\u00dfer Knospenproduktion. Sie passt sich an alle Arten von Substraten und Anbauformen an. Im Innenbereich ist es ratsam, ihr maximal 15 Tage Wachstum zu geben, um eine zu gro\u00dfe Endgr\u00f6\u00dfe zu vermeiden. Im Freien ist die Ernte gro\u00dfz\u00fcgig und schnell. Die Verwendung von Pf\u00e4hlen ist in manchen F\u00e4llen unerl\u00e4sslich, damit die Zweige am Ende der Bl\u00fctezeit nicht durch ihr eigenes Gewicht abknicken.<\/p>","protected":false},"featured_media":19678,"comment_status":"open","ping_status":"closed","template":"","meta":{"_acf_changed":false},"product_brand":[],"product_cat":[69],"product_tag":[],"class_list":{"0":"post-327","1":"product","2":"type-product","3":"status-publish","4":"has-post-thumbnail","6":"product_cat-feminizadas","8":"first","9":"instock","10":"taxable","11":"shipping-taxable","12":"purchasable","13":"product-type-variable"},"acf":[],"yoast_head":"<!-- This site is optimized with the Yoast SEO Premium plugin v26.3 (Yoast SEO v26.6) - https:\/\/yoast.com\/wordpress\/plugins\/seo\/ -->\n<title>Critical - Advanced Seeds<\/title>\n<meta name=\"robots\" content=\"index, follow, max-snippet:-1, max-image-preview:large, max-video-preview:-1\" \/>\n<link rel=\"canonical\" href=\"https:\/\/advancedseeds.com\/de\/tienda\/feminizadas\/critical\/\" \/>\n<meta property=\"og:locale\" content=\"de_DE\" \/>\n<meta property=\"og:type\" content=\"article\" \/>\n<meta property=\"og:title\" content=\"Critical\" \/>\n<meta property=\"og:description\" content=\"Planta grande y ramificada con gran producci\u00f3n de cogollos. Se adapta a todo tipo de sustratos y formas de cultivo. En interior se aconseja dar un m\u00e1ximo de 15 d\u00edas de crecimiento para evitar un tama\u00f1o final demasiado grande. La cosecha en exterior es generosa y r\u00e1pida. El uso de tutores es imprescindible en algunos casos para que las ramas no se doblen al final de la floraci\u00f3n por su propio peso.\" \/>\n<meta property=\"og:url\" content=\"https:\/\/advancedseeds.com\/de\/tienda\/feminizadas\/critical\/\" \/>\n<meta property=\"og:site_name\" content=\"Advanced Seeds\" \/>\n<meta property=\"article:modified_time\" content=\"2025-03-22T17:28:44+00:00\" \/>\n<meta property=\"og:image\" content=\"https:\/\/advancedseeds.com\/web\/wp-content\/uploads\/2021\/01\/Critical-1.jpg\" \/>\n\t<meta property=\"og:image:width\" content=\"945\" \/>\n\t<meta property=\"og:image:height\" content=\"1255\" \/>\n\t<meta property=\"og:image:type\" content=\"image\/jpeg\" \/>\n<meta name=\"twitter:card\" content=\"summary_large_image\" \/>\n<meta name=\"twitter:label1\" content=\"Gesch\u00e4tzte Lesezeit\" \/>\n\t<meta name=\"twitter:data1\" content=\"6\u00a0Minuten\" \/>\n<script type=\"application\/ld+json\" class=\"yoast-schema-graph\">{\"@context\":\"https:\/\/schema.org\",\"@graph\":[{\"@type\":\"WebPage\",\"@id\":\"https:\/\/advancedseeds.com\/tienda\/feminizadas\/critical\/\",\"url\":\"https:\/\/advancedseeds.com\/tienda\/feminizadas\/critical\/\",\"name\":\"Critical - Advanced Seeds\",\"isPartOf\":{\"@id\":\"https:\/\/advancedseeds.com\/#website\"},\"primaryImageOfPage\":{\"@id\":\"https:\/\/advancedseeds.com\/tienda\/feminizadas\/critical\/#primaryimage\"},\"image\":{\"@id\":\"https:\/\/advancedseeds.com\/tienda\/feminizadas\/critical\/#primaryimage\"},\"thumbnailUrl\":\"https:\/\/advancedseeds.com\/web\/wp-content\/uploads\/2021\/01\/Critical-1.jpg\",\"datePublished\":\"2021-01-14T17:16:24+00:00\",\"dateModified\":\"2025-03-22T17:28:44+00:00\",\"breadcrumb\":{\"@id\":\"https:\/\/advancedseeds.com\/tienda\/feminizadas\/critical\/#breadcrumb\"},\"inLanguage\":\"de\",\"potentialAction\":[{\"@type\":\"ReadAction\",\"target\":[\"https:\/\/advancedseeds.com\/tienda\/feminizadas\/critical\/\"]}]},{\"@type\":\"ImageObject\",\"inLanguage\":\"de\",\"@id\":\"https:\/\/advancedseeds.com\/tienda\/feminizadas\/critical\/#primaryimage\",\"url\":\"https:\/\/advancedseeds.com\/web\/wp-content\/uploads\/2021\/01\/Critical-1.jpg\",\"contentUrl\":\"https:\/\/advancedseeds.com\/web\/wp-content\/uploads\/2021\/01\/Critical-1.jpg\",\"width\":945,\"height\":1255},{\"@type\":\"BreadcrumbList\",\"@id\":\"https:\/\/advancedseeds.com\/tienda\/feminizadas\/critical\/#breadcrumb\",\"itemListElement\":[{\"@type\":\"ListItem\",\"position\":1,\"name\":\"Home\",\"item\":\"https:\/\/advancedseeds.com\/\"},{\"@type\":\"ListItem\",\"position\":2,\"name\":\"Tienda\",\"item\":\"https:\/\/advancedseeds.com\/\"},{\"@type\":\"ListItem\",\"position\":3,\"name\":\"Critical\"}]},{\"@type\":\"WebSite\",\"@id\":\"https:\/\/advancedseeds.com\/#website\",\"url\":\"https:\/\/advancedseeds.com\/\",\"name\":\"Advanced Seeds\",\"description\":\"Gen\u00e9ticas Avanzadas en semillas feminizadas y autom\u00e1ticas.\",\"publisher\":{\"@id\":\"https:\/\/advancedseeds.com\/#organization\"},\"potentialAction\":[{\"@type\":\"SearchAction\",\"target\":{\"@type\":\"EntryPoint\",\"urlTemplate\":\"https:\/\/advancedseeds.com\/?s={search_term_string}\"},\"query-input\":{\"@type\":\"PropertyValueSpecification\",\"valueRequired\":true,\"valueName\":\"search_term_string\"}}],\"inLanguage\":\"de\"},{\"@type\":\"Organization\",\"@id\":\"https:\/\/advancedseeds.com\/#organization\",\"name\":\"Advanced Seeds\",\"url\":\"https:\/\/advancedseeds.com\/\",\"logo\":{\"@type\":\"ImageObject\",\"inLanguage\":\"de\",\"@id\":\"https:\/\/advancedseeds.com\/#\/schema\/logo\/image\/\",\"url\":\"https:\/\/advancedseeds.com\/web\/wp-content\/uploads\/2021\/01\/logo-advanced.jpg\",\"contentUrl\":\"https:\/\/advancedseeds.com\/web\/wp-content\/uploads\/2021\/01\/logo-advanced.jpg\",\"width\":600,\"height\":600,\"caption\":\"Advanced Seeds\"},\"image\":{\"@id\":\"https:\/\/advancedseeds.com\/#\/schema\/logo\/image\/\"}}]}<\/script>\n<!-- \/ Yoast SEO Premium plugin. -->","yoast_head_json":{"title":"Critical - Advanced Seeds","robots":{"index":"index","follow":"follow","max-snippet":"max-snippet:-1","max-image-preview":"max-image-preview:large","max-video-preview":"max-video-preview:-1"},"canonical":"https:\/\/advancedseeds.com\/de\/tienda\/feminizadas\/critical\/","og_locale":"de_DE","og_type":"article","og_title":"Critical","og_description":"Planta grande y ramificada con gran producci\u00f3n de cogollos. Se adapta a todo tipo de sustratos y formas de cultivo. En interior se aconseja dar un m\u00e1ximo de 15 d\u00edas de crecimiento para evitar un tama\u00f1o final demasiado grande. La cosecha en exterior es generosa y r\u00e1pida. El uso de tutores es imprescindible en algunos casos para que las ramas no se doblen al final de la floraci\u00f3n por su propio peso.","og_url":"https:\/\/advancedseeds.com\/de\/tienda\/feminizadas\/critical\/","og_site_name":"Advanced Seeds","article_modified_time":"2025-03-22T17:28:44+00:00","og_image":[{"width":945,"height":1255,"url":"https:\/\/advancedseeds.com\/web\/wp-content\/uploads\/2021\/01\/Critical-1.jpg","type":"image\/jpeg"}],"twitter_card":"summary_large_image","twitter_misc":{"Gesch\u00e4tzte Lesezeit":"6\u00a0Minuten"},"schema":{"@context":"https:\/\/schema.org","@graph":[{"@type":"WebPage","@id":"https:\/\/advancedseeds.com\/tienda\/feminizadas\/critical\/","url":"https:\/\/advancedseeds.com\/tienda\/feminizadas\/critical\/","name":"Critical - Advanced Seeds","isPartOf":{"@id":"https:\/\/advancedseeds.com\/#website"},"primaryImageOfPage":{"@id":"https:\/\/advancedseeds.com\/tienda\/feminizadas\/critical\/#primaryimage"},"image":{"@id":"https:\/\/advancedseeds.com\/tienda\/feminizadas\/critical\/#primaryimage"},"thumbnailUrl":"https:\/\/advancedseeds.com\/web\/wp-content\/uploads\/2021\/01\/Critical-1.jpg","datePublished":"2021-01-14T17:16:24+00:00","dateModified":"2025-03-22T17:28:44+00:00","breadcrumb":{"@id":"https:\/\/advancedseeds.com\/tienda\/feminizadas\/critical\/#breadcrumb"},"inLanguage":"de","potentialAction":[{"@type":"ReadAction","target":["https:\/\/advancedseeds.com\/tienda\/feminizadas\/critical\/"]}]},{"@type":"ImageObject","inLanguage":"de","@id":"https:\/\/advancedseeds.com\/tienda\/feminizadas\/critical\/#primaryimage","url":"https:\/\/advancedseeds.com\/web\/wp-content\/uploads\/2021\/01\/Critical-1.jpg","contentUrl":"https:\/\/advancedseeds.com\/web\/wp-content\/uploads\/2021\/01\/Critical-1.jpg","width":945,"height":1255},{"@type":"BreadcrumbList","@id":"https:\/\/advancedseeds.com\/tienda\/feminizadas\/critical\/#breadcrumb","itemListElement":[{"@type":"ListItem","position":1,"name":"Home","item":"https:\/\/advancedseeds.com\/"},{"@type":"ListItem","position":2,"name":"Tienda","item":"https:\/\/advancedseeds.com\/"},{"@type":"ListItem","position":3,"name":"Critical"}]},{"@type":"WebSite","@id":"https:\/\/advancedseeds.com\/#website","url":"https:\/\/advancedseeds.com\/","name":"Advanced Seeds","description":"Fortschrittliche Genetik in feminisierten und automatischen Samen.","publisher":{"@id":"https:\/\/advancedseeds.com\/#organization"},"potentialAction":[{"@type":"SearchAction","target":{"@type":"EntryPoint","urlTemplate":"https:\/\/advancedseeds.com\/?s={search_term_string}"},"query-input":{"@type":"PropertyValueSpecification","valueRequired":true,"valueName":"search_term_string"}}],"inLanguage":"de"},{"@type":"Organization","@id":"https:\/\/advancedseeds.com\/#organization","name":"Advanced Seeds","url":"https:\/\/advancedseeds.com\/","logo":{"@type":"ImageObject","inLanguage":"de","@id":"https:\/\/advancedseeds.com\/#\/schema\/logo\/image\/","url":"https:\/\/advancedseeds.com\/web\/wp-content\/uploads\/2021\/01\/logo-advanced.jpg","contentUrl":"https:\/\/advancedseeds.com\/web\/wp-content\/uploads\/2021\/01\/logo-advanced.jpg","width":600,"height":600,"caption":"Advanced Seeds"},"image":{"@id":"https:\/\/advancedseeds.com\/#\/schema\/logo\/image\/"}}]}},"_links":{"self":[{"href":"https:\/\/advancedseeds.com\/de\/wp-json\/wp\/v2\/product\/327","targetHints":{"allow":["GET"]}}],"collection":[{"href":"https:\/\/advancedseeds.com\/de\/wp-json\/wp\/v2\/product"}],"about":[{"href":"https:\/\/advancedseeds.com\/de\/wp-json\/wp\/v2\/types\/product"}],"replies":[{"embeddable":true,"href":"https:\/\/advancedseeds.com\/de\/wp-json\/wp\/v2\/comments?post=327"}],"wp:featuredmedia":[{"embeddable":true,"href":"https:\/\/advancedseeds.com\/de\/wp-json\/wp\/v2\/media\/19678"}],"wp:attachment":[{"href":"https:\/\/advancedseeds.com\/de\/wp-json\/wp\/v2\/media?parent=327"}],"wp:term":[{"taxonomy":"product_brand","embeddable":true,"href":"https:\/\/advancedseeds.com\/de\/wp-json\/wp\/v2\/product_brand?post=327"},{"taxonomy":"product_cat","embeddable":true,"href":"https:\/\/advancedseeds.com\/de\/wp-json\/wp\/v2\/product_cat?post=327"},{"taxonomy":"product_tag","embeddable":true,"href":"https:\/\/advancedseeds.com\/de\/wp-json\/wp\/v2\/product_tag?post=327"}],"curies":[{"name":"wp","href":"https:\/\/api.w.org\/{rel}","templated":true}]}}