{"id":328,"date":"2021-01-14T18:16:26","date_gmt":"2021-01-14T17:16:26","guid":{"rendered":"https:\/\/advancedseeds.com\/web\/producto\/critical-lemon\/"},"modified":"2025-03-22T18:29:13","modified_gmt":"2025-03-22T17:29:13","slug":"critical-lemon","status":"publish","type":"product","link":"https:\/\/advancedseeds.com\/de\/tienda\/feminizadas\/critical-lemon\/","title":{"rendered":"Critical Lemon"},"content":{"rendered":"<p><span style=\"font-weight: 400\">Die <\/span><a href=\"https:\/\/advancedseeds.com\/web\/\"><b>Samen<\/b><\/a><b> feminisiert Critical Lemon<\/b><span style=\"font-weight: 400\"> von Advanced Seeds sind eine Revolution f\u00fcr Cannabisliebhaber. Mit einem berauschenden zitronigen Aroma und beeindruckenden Ertr\u00e4gen ist diese Sorte perfekt f\u00fcr Anf\u00e4nger und erfahrene Z\u00fcchter gleicherma\u00dfen.<\/span><\/p>\n<h2><span style=\"font-weight: 400\">Was sind die genetischen Eigenschaften dieser Samen?<\/span><\/h2>\n<p><span style=\"font-weight: 400\">Critical Lemon feminisierte Samen von Advanced Seeds sind ein genetischer Schatz, <\/span><b>Ergebnis der Kreuzung zwischen der Robusta <\/b><a href=\"https:\/\/advancedseeds.com\/web\/producto\/critical\/\"><b>Sorte Critical<\/b><\/a><b> und das aromatische Citral<\/b><span style=\"font-weight: 400\">. Diese Kombination hat zu einer indicadominierten Sorte gef\u00fchrt, die die Kraft und Produktionskapazit\u00e4t von Critical beibeh\u00e4lt, w\u00e4hrend sie das k\u00f6stliche Zitrusaroma und den Geschmack von Citral annimmt. Diese hybride Genetik sorgt nicht nur f\u00fcr eine hohe Widerstandsf\u00e4higkeit und einfache Kultivierung, sondern garantiert auch eine reiche und qualitativ hochwertige Ernte, ideal f\u00fcr alle Arten von Z\u00fcchtern, vom Anf\u00e4nger bis zu den erfahrensten.<\/span><\/p>\n<h2><span style=\"font-weight: 400\">Wie sehen die feminisierten Critical Lemon-Samen aus?<\/span><\/h2>\n<p><span style=\"font-weight: 400\">Das Aussehen von Critical Lemon ist beeindruckend. Diese Indica-Pflanze weist eine kompakte und robuste Struktur auf, ideal f\u00fcr den Innenanbau und kleine R\u00e4ume. Ihre Bl\u00e4tter sind tiefgr\u00fcn und ihre dicken, robusten St\u00e4mme tragen das Gewicht der Knospen problemlos. Die Knospen sind ein wahrer Augenschmaus: gro\u00df, dicht und voller dickk\u00f6pfiger Trichome. Dar\u00fcber hinaus k\u00f6nnen die Knospen unter den richtigen Bedingungen sch\u00f6ne violette und r\u00f6tliche Farbt\u00f6ne entwickeln, die sie von Citral geerbt haben, was dem Wachstumsprozess ein visuelles Spektakel verleiht.<\/span><\/p>\n<h2><span style=\"font-weight: 400\">Wie werden diese Samen im Innen- und Au\u00dfenbereich angebaut?<\/span><\/h2>\n<h3><span style=\"font-weight: 400\">Innenanbau:<\/span><\/h3>\n<p><span style=\"font-weight: 400\"> Critical Lemon ist eine Sorte, die sich an verschiedene Anbaumethoden anpasst. Dank ihrer kompakten Gr\u00f6\u00dfe ist sie perfekt f\u00fcr die Sea of Green (SOG)-Methode geeignet, die es dem Z\u00fcchter erm\u00f6glicht, das Beste aus Platz und Licht zu machen. Wenn man es jedoch nicht zu kompliziert machen will, kann man sie auch einfach in ihrem nat\u00fcrlichen Zustand wachsen lassen. Dank ihres schnellen Bl\u00fctezyklus k\u00f6nnen Z\u00fcchter mehrere Ernten pro Jahr einfahren, was sie zu einer idealen Wahl f\u00fcr alle macht, die auf Effizienz und Produktivit\u00e4t Wert legen.<\/span><\/p>\n<h3><span style=\"font-weight: 400\">Anbau im Freien:<\/span><\/h3>\n<p><span style=\"font-weight: 400\">Critical Lemon kann in einer Vielzahl von Klimazonen angebaut werden. Diese Sorte liebt direkte Sonne und reagiert gut auf n\u00e4hrstoffreiche B\u00f6den, aber es ist nicht n\u00f6tig, Kali oder Phosphate beizumischen, sondern es gen\u00fcgt, D\u00fcnger, Wurmkot oder Guano von Seev\u00f6geln und Flederm\u00e4usen hinzuzuf\u00fcgen. Im Freiland kann sie eine H\u00f6he von \u00fcber 2,5 Metern erreichen, was zu noch h\u00f6heren Ertr\u00e4gen f\u00fchrt. F\u00fcr Anbauer in gem\u00e4\u00dfigten Klimazonen ist Critical Lemon eine ausgezeichnete Wahl, da ihr fr\u00fcher Bl\u00fctezyklus eine Ernte vor dem Eintreffen der Herbstfr\u00f6ste erm\u00f6glicht. Sie ist resistent gegen Sch\u00e4dlinge und Pilze, was sie f\u00fcr Anbauer in unterschiedlichen Umgebungen noch attraktiver macht.<\/span><\/p>\n<h2><span style=\"font-weight: 400\">Wann wird das feminisierte Saatgut Critical Lemon geerntet?<\/span><\/h2>\n<p><span style=\"font-weight: 400\">Critical Lemon zeichnet sich durch seine schnelle Bl\u00fctezeit aus, die fast so kurz ist wie die von Critical Mass. Im Innenbereich ist sie erntereif in <\/span><b>nur 50 bis 55 Tage<\/b><span style=\"font-weight: 400\">Dadurch k\u00f6nnen die Erzeuger mehrere Anbauzyklen pro Jahr planen. Im Freiland erfolgt die Ernte auf der Nordhalbkugel in der Regel Anfang Oktober und auf der S\u00fcdhalbkugel in der ersten M\u00e4rzh\u00e4lfte.<\/span><\/p>\n<h2><span style=\"font-weight: 400\">Wie viel produzieren diese Samen?<\/span><\/h2>\n<p><span style=\"font-weight: 400\">Critical Lemon ist ein wahrer Champion, was den Ertrag angeht, und das Beste daran ist, dass man kein Experte sein muss, um Rekordernten zu erzielen. Im Innenbereich kann diese Sorte bis zu 600 Gramm pro Quadratmeter oder sogar mehr produzieren. Im Freien kann jede Pflanze unter den richtigen Bedingungen mehr als 2 Kilo produzieren, aber daf\u00fcr muss man sie in Muttererde an einem Ort mit mehr als 8 Stunden direkter Sonneneinstrahlung pro Tag pflanzen. Das macht sie zu einer idealen Wahl f\u00fcr alle, die ihre Ertr\u00e4ge maximieren wollen, ohne Abstriche bei der Qualit\u00e4t zu machen. Die F\u00fclle an Harz, die diese Pflanze produziert, macht sie perfekt f\u00fcr Extraktionen und bietet einen hohen Gehalt an Cannabinoiden und Terpenen.<\/span><\/p>\n<h2><span style=\"font-weight: 400\">Wie ist das Aroma und der Geschmack von Critical Lemon feminisierten Samen?<\/span><\/h2>\n<p><span style=\"font-weight: 400\">Diese Sorte bietet ein Terpenprofil, das von Zitrusnoten von Zitrone und Grapefruit dominiert wird, die durch erdige und s\u00fc\u00dfe Untert\u00f6ne erg\u00e4nzt werden. Beim Rauchen ist der Zitrusgeschmack intensiv und erfrischend und hinterl\u00e4sst einen angenehmen Nachgeschmack am Gaumen. Das Aroma ist ebenso fesselnd, aber in seiner Intensit\u00e4t gef\u00e4hrlich und f\u00fcllt die Atmosph\u00e4re mit einem Hauch von Frische und S\u00fc\u00dfe.<\/span><\/p>\n<h2><span style=\"font-weight: 400\">Welche Wirkung hat dieses Marihuana?<\/span><\/h2>\n<p><span style=\"font-weight: 400\">Die Wirkung von Critical Lemon ist ausgewogen und angenehm, obwohl sie eher zur Indica-Seite tendiert. Mit einem THC-Gehalt von etwa 19% erzeugt diese Sorte eine entspannende und euphorische Wirkung, ideal zum Entspannen und Relaxen. Trotz ihrer Potenz ist die Wirkung \u00fcberschaubar und angenehm und eignet sich sowohl f\u00fcr erfahrene Konsumenten als auch f\u00fcr Cannabis-Neulinge, die eine geringe Toleranz gegen\u00fcber Cannabinoiden haben. Dank ihrer beruhigenden und entspannenden Wirkung ist sie eine ausgezeichnete Wahl zur Linderung von Stress, Angst und Schmerzen.<\/span><\/p>\n<h2><span style=\"font-weight: 400\">Feminisierte Samen Critical Lemon zum besten Preis kaufen.<\/span><\/h2>\n<p><span style=\"font-weight: 400\">F\u00fcr diejenigen, die Cannabis-Pflanzen mit hohen Ertr\u00e4gen und einer beneidenswerten Leichtigkeit des Anbaus ben\u00f6tigen, sind die feminisierten Samen Critical Lemon von Advanced Seeds die beste Wahl. \u00dcberlegen Sie nicht lange und bestellen Sie diese Samen zum besten Preis bei <\/span><a href=\"http:\/\/dvancedseeds.com\/\"><span style=\"font-weight: 400\">dvancedseeds.com<\/span><\/a><span style=\"font-weight: 400\"> und genie\u00dfen Sie eine der vollst\u00e4ndigsten und befriedigendsten Sorten auf dem Markt.<\/span><\/p>\n<h2><span style=\"font-weight: 400\">H\u00e4ufig gestellte Fragen \u00fcber Critical Lemon:<\/span><\/h2>\n<h3><span style=\"font-weight: 400\">Wie wirken sich die N\u00e4hrstoffe auf den Geschmack von Critical Lemon aus?<\/span><\/h3>\n<p><span style=\"font-weight: 400\">Eine ausgewogene Ern\u00e4hrung kann sein Geschmacksprofil intensivieren und seine Zitrusnoten hervorheben.<\/span><\/p>\n<h3><span style=\"font-weight: 400\">Ist Critical Lemon schimmel- und sch\u00e4dlingsresistent?<\/span><\/h3>\n<p><span style=\"font-weight: 400\">Ja, seine robuste Genetik verleiht ihm eine gute Widerstandsf\u00e4higkeit gegen diese Widrigkeiten.<\/span><\/p>\n<h3><span style=\"font-weight: 400\">Wie kann das Klima die Entwicklung von Critical Lemon im Freien beeinflussen?<\/span><\/h3>\n<p><span style=\"font-weight: 400\">Sonnige und warme Klimazonen beg\u00fcnstigen ihr Wachstum und ihre Produktion, w\u00e4hrend ihre Knospen in k\u00e4lteren Klimazonen eine dunklere F\u00e4rbung annehmen k\u00f6nnen.<\/span><\/p>\n<p>&nbsp;<\/p>","protected":false},"excerpt":{"rendered":"<p>Diese Pflanze kombiniert die Struktur und die gro\u00dfartige Knospen- und Harzproduktion unserer Critical mit dem intensiven Zitronen- und Grapefruit-Aroma und Geschmack von Citral. Sie passt sich gut an alle Arten von Kulturen an und wird sowohl Anf\u00e4nger als auch alte Hasen ansprechen, da sie einfach zu kultivieren ist und gro\u00dfartige Knospen produziert, die aufgrund des guten Verh\u00e4ltnisses von Kelch zu Blatt leicht zu manik\u00fcren sind.<\/p>","protected":false},"featured_media":19677,"comment_status":"open","ping_status":"closed","template":"","meta":{"_acf_changed":false},"product_brand":[],"product_cat":[69],"product_tag":[],"class_list":{"0":"post-328","1":"product","2":"type-product","3":"status-publish","4":"has-post-thumbnail","6":"product_cat-feminizadas","8":"first","9":"instock","10":"taxable","11":"shipping-taxable","12":"purchasable","13":"product-type-variable"},"acf":[],"yoast_head":"<!-- This site is optimized with the Yoast SEO Premium plugin v26.3 (Yoast SEO v26.6) - https:\/\/yoast.com\/wordpress\/plugins\/seo\/ -->\n<title>Critical Lemon - Advanced Seeds<\/title>\n<meta name=\"robots\" content=\"index, follow, max-snippet:-1, max-image-preview:large, max-video-preview:-1\" \/>\n<link rel=\"canonical\" href=\"https:\/\/advancedseeds.com\/de\/tienda\/feminizadas\/critical-lemon\/\" \/>\n<meta property=\"og:locale\" content=\"de_DE\" \/>\n<meta property=\"og:type\" content=\"article\" \/>\n<meta property=\"og:title\" content=\"Critical Lemon\" \/>\n<meta property=\"og:description\" content=\"Planta que combina la estructura y gran producci\u00f3n de cogollos y resina de nuestra Critical con el intenso aroma y sabor a lim\u00f3n y pomelo de Citral. Se adapta bien a todo tipo de cultivos y gustar\u00e1 por igual a novatos y viejos cultivadores por su facilidad de cultivo y gran producci\u00f3n de cogollos f\u00e1ciles de manicurar por su buena relaci\u00f3n c\u00e1liz - hoja.\" \/>\n<meta property=\"og:url\" content=\"https:\/\/advancedseeds.com\/de\/tienda\/feminizadas\/critical-lemon\/\" \/>\n<meta property=\"og:site_name\" content=\"Advanced Seeds\" \/>\n<meta property=\"article:modified_time\" content=\"2025-03-22T17:29:13+00:00\" \/>\n<meta property=\"og:image\" content=\"https:\/\/advancedseeds.com\/web\/wp-content\/uploads\/2021\/01\/Critical-Lemon.jpg\" \/>\n\t<meta property=\"og:image:width\" content=\"1123\" \/>\n\t<meta property=\"og:image:height\" content=\"1490\" \/>\n\t<meta property=\"og:image:type\" content=\"image\/jpeg\" \/>\n<meta name=\"twitter:card\" content=\"summary_large_image\" \/>\n<meta name=\"twitter:label1\" content=\"Gesch\u00e4tzte Lesezeit\" \/>\n\t<meta name=\"twitter:data1\" content=\"5\u00a0Minuten\" \/>\n<script type=\"application\/ld+json\" class=\"yoast-schema-graph\">{\"@context\":\"https:\/\/schema.org\",\"@graph\":[{\"@type\":\"WebPage\",\"@id\":\"https:\/\/advancedseeds.com\/tienda\/feminizadas\/critical-lemon\/\",\"url\":\"https:\/\/advancedseeds.com\/tienda\/feminizadas\/critical-lemon\/\",\"name\":\"Critical Lemon - Advanced Seeds\",\"isPartOf\":{\"@id\":\"https:\/\/advancedseeds.com\/#website\"},\"primaryImageOfPage\":{\"@id\":\"https:\/\/advancedseeds.com\/tienda\/feminizadas\/critical-lemon\/#primaryimage\"},\"image\":{\"@id\":\"https:\/\/advancedseeds.com\/tienda\/feminizadas\/critical-lemon\/#primaryimage\"},\"thumbnailUrl\":\"https:\/\/advancedseeds.com\/web\/wp-content\/uploads\/2021\/01\/Critical-Lemon.jpg\",\"datePublished\":\"2021-01-14T17:16:26+00:00\",\"dateModified\":\"2025-03-22T17:29:13+00:00\",\"breadcrumb\":{\"@id\":\"https:\/\/advancedseeds.com\/tienda\/feminizadas\/critical-lemon\/#breadcrumb\"},\"inLanguage\":\"de\",\"potentialAction\":[{\"@type\":\"ReadAction\",\"target\":[\"https:\/\/advancedseeds.com\/tienda\/feminizadas\/critical-lemon\/\"]}]},{\"@type\":\"ImageObject\",\"inLanguage\":\"de\",\"@id\":\"https:\/\/advancedseeds.com\/tienda\/feminizadas\/critical-lemon\/#primaryimage\",\"url\":\"https:\/\/advancedseeds.com\/web\/wp-content\/uploads\/2021\/01\/Critical-Lemon.jpg\",\"contentUrl\":\"https:\/\/advancedseeds.com\/web\/wp-content\/uploads\/2021\/01\/Critical-Lemon.jpg\",\"width\":1123,\"height\":1490},{\"@type\":\"BreadcrumbList\",\"@id\":\"https:\/\/advancedseeds.com\/tienda\/feminizadas\/critical-lemon\/#breadcrumb\",\"itemListElement\":[{\"@type\":\"ListItem\",\"position\":1,\"name\":\"Home\",\"item\":\"https:\/\/advancedseeds.com\/\"},{\"@type\":\"ListItem\",\"position\":2,\"name\":\"Tienda\",\"item\":\"https:\/\/advancedseeds.com\/\"},{\"@type\":\"ListItem\",\"position\":3,\"name\":\"Critical Lemon\"}]},{\"@type\":\"WebSite\",\"@id\":\"https:\/\/advancedseeds.com\/#website\",\"url\":\"https:\/\/advancedseeds.com\/\",\"name\":\"Advanced Seeds\",\"description\":\"Gen\u00e9ticas Avanzadas en semillas feminizadas y autom\u00e1ticas.\",\"publisher\":{\"@id\":\"https:\/\/advancedseeds.com\/#organization\"},\"potentialAction\":[{\"@type\":\"SearchAction\",\"target\":{\"@type\":\"EntryPoint\",\"urlTemplate\":\"https:\/\/advancedseeds.com\/?s={search_term_string}\"},\"query-input\":{\"@type\":\"PropertyValueSpecification\",\"valueRequired\":true,\"valueName\":\"search_term_string\"}}],\"inLanguage\":\"de\"},{\"@type\":\"Organization\",\"@id\":\"https:\/\/advancedseeds.com\/#organization\",\"name\":\"Advanced Seeds\",\"url\":\"https:\/\/advancedseeds.com\/\",\"logo\":{\"@type\":\"ImageObject\",\"inLanguage\":\"de\",\"@id\":\"https:\/\/advancedseeds.com\/#\/schema\/logo\/image\/\",\"url\":\"https:\/\/advancedseeds.com\/web\/wp-content\/uploads\/2021\/01\/logo-advanced.jpg\",\"contentUrl\":\"https:\/\/advancedseeds.com\/web\/wp-content\/uploads\/2021\/01\/logo-advanced.jpg\",\"width\":600,\"height\":600,\"caption\":\"Advanced Seeds\"},\"image\":{\"@id\":\"https:\/\/advancedseeds.com\/#\/schema\/logo\/image\/\"}}]}<\/script>\n<!-- \/ Yoast SEO Premium plugin. -->","yoast_head_json":{"title":"Critical Lemon - Advanced Seeds","robots":{"index":"index","follow":"follow","max-snippet":"max-snippet:-1","max-image-preview":"max-image-preview:large","max-video-preview":"max-video-preview:-1"},"canonical":"https:\/\/advancedseeds.com\/de\/tienda\/feminizadas\/critical-lemon\/","og_locale":"de_DE","og_type":"article","og_title":"Critical Lemon","og_description":"Planta que combina la estructura y gran producci\u00f3n de cogollos y resina de nuestra Critical con el intenso aroma y sabor a lim\u00f3n y pomelo de Citral. Se adapta bien a todo tipo de cultivos y gustar\u00e1 por igual a novatos y viejos cultivadores por su facilidad de cultivo y gran producci\u00f3n de cogollos f\u00e1ciles de manicurar por su buena relaci\u00f3n c\u00e1liz - hoja.","og_url":"https:\/\/advancedseeds.com\/de\/tienda\/feminizadas\/critical-lemon\/","og_site_name":"Advanced Seeds","article_modified_time":"2025-03-22T17:29:13+00:00","og_image":[{"width":1123,"height":1490,"url":"https:\/\/advancedseeds.com\/web\/wp-content\/uploads\/2021\/01\/Critical-Lemon.jpg","type":"image\/jpeg"}],"twitter_card":"summary_large_image","twitter_misc":{"Gesch\u00e4tzte Lesezeit":"5\u00a0Minuten"},"schema":{"@context":"https:\/\/schema.org","@graph":[{"@type":"WebPage","@id":"https:\/\/advancedseeds.com\/tienda\/feminizadas\/critical-lemon\/","url":"https:\/\/advancedseeds.com\/tienda\/feminizadas\/critical-lemon\/","name":"Critical Lemon - Advanced Seeds","isPartOf":{"@id":"https:\/\/advancedseeds.com\/#website"},"primaryImageOfPage":{"@id":"https:\/\/advancedseeds.com\/tienda\/feminizadas\/critical-lemon\/#primaryimage"},"image":{"@id":"https:\/\/advancedseeds.com\/tienda\/feminizadas\/critical-lemon\/#primaryimage"},"thumbnailUrl":"https:\/\/advancedseeds.com\/web\/wp-content\/uploads\/2021\/01\/Critical-Lemon.jpg","datePublished":"2021-01-14T17:16:26+00:00","dateModified":"2025-03-22T17:29:13+00:00","breadcrumb":{"@id":"https:\/\/advancedseeds.com\/tienda\/feminizadas\/critical-lemon\/#breadcrumb"},"inLanguage":"de","potentialAction":[{"@type":"ReadAction","target":["https:\/\/advancedseeds.com\/tienda\/feminizadas\/critical-lemon\/"]}]},{"@type":"ImageObject","inLanguage":"de","@id":"https:\/\/advancedseeds.com\/tienda\/feminizadas\/critical-lemon\/#primaryimage","url":"https:\/\/advancedseeds.com\/web\/wp-content\/uploads\/2021\/01\/Critical-Lemon.jpg","contentUrl":"https:\/\/advancedseeds.com\/web\/wp-content\/uploads\/2021\/01\/Critical-Lemon.jpg","width":1123,"height":1490},{"@type":"BreadcrumbList","@id":"https:\/\/advancedseeds.com\/tienda\/feminizadas\/critical-lemon\/#breadcrumb","itemListElement":[{"@type":"ListItem","position":1,"name":"Home","item":"https:\/\/advancedseeds.com\/"},{"@type":"ListItem","position":2,"name":"Tienda","item":"https:\/\/advancedseeds.com\/"},{"@type":"ListItem","position":3,"name":"Critical Lemon"}]},{"@type":"WebSite","@id":"https:\/\/advancedseeds.com\/#website","url":"https:\/\/advancedseeds.com\/","name":"Advanced Seeds","description":"Fortschrittliche Genetik in feminisierten und automatischen Samen.","publisher":{"@id":"https:\/\/advancedseeds.com\/#organization"},"potentialAction":[{"@type":"SearchAction","target":{"@type":"EntryPoint","urlTemplate":"https:\/\/advancedseeds.com\/?s={search_term_string}"},"query-input":{"@type":"PropertyValueSpecification","valueRequired":true,"valueName":"search_term_string"}}],"inLanguage":"de"},{"@type":"Organization","@id":"https:\/\/advancedseeds.com\/#organization","name":"Advanced Seeds","url":"https:\/\/advancedseeds.com\/","logo":{"@type":"ImageObject","inLanguage":"de","@id":"https:\/\/advancedseeds.com\/#\/schema\/logo\/image\/","url":"https:\/\/advancedseeds.com\/web\/wp-content\/uploads\/2021\/01\/logo-advanced.jpg","contentUrl":"https:\/\/advancedseeds.com\/web\/wp-content\/uploads\/2021\/01\/logo-advanced.jpg","width":600,"height":600,"caption":"Advanced Seeds"},"image":{"@id":"https:\/\/advancedseeds.com\/#\/schema\/logo\/image\/"}}]}},"_links":{"self":[{"href":"https:\/\/advancedseeds.com\/de\/wp-json\/wp\/v2\/product\/328","targetHints":{"allow":["GET"]}}],"collection":[{"href":"https:\/\/advancedseeds.com\/de\/wp-json\/wp\/v2\/product"}],"about":[{"href":"https:\/\/advancedseeds.com\/de\/wp-json\/wp\/v2\/types\/product"}],"replies":[{"embeddable":true,"href":"https:\/\/advancedseeds.com\/de\/wp-json\/wp\/v2\/comments?post=328"}],"wp:featuredmedia":[{"embeddable":true,"href":"https:\/\/advancedseeds.com\/de\/wp-json\/wp\/v2\/media\/19677"}],"wp:attachment":[{"href":"https:\/\/advancedseeds.com\/de\/wp-json\/wp\/v2\/media?parent=328"}],"wp:term":[{"taxonomy":"product_brand","embeddable":true,"href":"https:\/\/advancedseeds.com\/de\/wp-json\/wp\/v2\/product_brand?post=328"},{"taxonomy":"product_cat","embeddable":true,"href":"https:\/\/advancedseeds.com\/de\/wp-json\/wp\/v2\/product_cat?post=328"},{"taxonomy":"product_tag","embeddable":true,"href":"https:\/\/advancedseeds.com\/de\/wp-json\/wp\/v2\/product_tag?post=328"}],"curies":[{"name":"wp","href":"https:\/\/api.w.org\/{rel}","templated":true}]}}