{"id":329,"date":"2021-01-14T17:16:30","date_gmt":"2021-01-14T17:16:30","guid":{"rendered":"https:\/\/advancedseeds.com\/web\/producto\/critical-mass\/"},"modified":"2025-03-22T18:30:39","modified_gmt":"2025-03-22T17:30:39","slug":"critical-mass","status":"publish","type":"product","link":"https:\/\/advancedseeds.com\/de\/tienda\/feminizadas\/critical-mass\/","title":{"rendered":"Critical Mass"},"content":{"rendered":"<p><span style=\"font-weight: 400\">Die <\/span><a href=\"https:\/\/advancedseeds.com\/web\/categoria-producto\/feminizadas\/\"><b>feminisierte Samen<\/b><\/a><b> Critical Mass<\/b><span style=\"font-weight: 400\"> von Advanced Seeds stellt eine perfekte Kombination aus St\u00e4rke, Geschmack und Ertrag dar. Diese Sorte ist eine Top-Wahl f\u00fcr Z\u00fcchter, die nach Qualit\u00e4t und Quantit\u00e4t in ihren Ernten suchen.<\/span><\/p>\n<h2><span style=\"font-weight: 400\">Was sind die genetischen Eigenschaften dieser Samen?<\/span><\/h2>\n<p><span style=\"font-weight: 400\">Critical Mass feminisierte Samen stammen aus einer sorgf\u00e4ltigen Kreuzung zwischen Afghan und Skunk Genetik, die das Beste aus beiden Welten geerbt hat. Mit einer Indica-Dominanz zeichnet sich diese Sorte durch ihre Robustheit und ihre F\u00e4higkeit aus, gro\u00dfe Mengen an Knospen in Rekordzeit zu produzieren. Ihre Vorfahren bringen nicht nur eine bemerkenswerte Widerstandsf\u00e4higkeit gegen widrige Bedingungen mit, sondern auch einen Geschmack und ein Aroma, das jeden Kenner in seinen Bann ziehen wird. Diese Kombination f\u00fchrt zu einer Pflanze, die sowohl in Bezug auf die Einfachheit des Anbaus als auch auf die Qualit\u00e4t und Quantit\u00e4t der Ernte \u00fcberzeugt.<\/span><\/p>\n<h2><span style=\"font-weight: 400\">Wie sehen die Critical Mass-Pflanzen aus?<\/span><\/h2>\n<p><span style=\"font-weight: 400\">Das Aussehen von Critical Mass ist eines derjenigen, die zun\u00e4chst unbemerkt bleiben, aber lassen Sie sich nicht t\u00e4uschen, denn wenn sie sich entwickelt, wird sich Ihr Eindruck \u00e4ndern. Ihre buschige Morphologie, typisch f\u00fcr Indicas, macht sie ideal f\u00fcr den Innenanbau und sehr vielseitig im Freien. Die Knospen der Critical Mass sind fett, voller wei\u00dfer Dr\u00fcsentrichome und erstaunlich gro\u00df, was ihre genetische F\u00e4higkeit beweist, reichliche Ernten zu produzieren.<\/span><\/p>\n<h2><span style=\"font-weight: 400\">Wie werden diese Samen im Innen- und Au\u00dfenbereich angebaut?<\/span><\/h2>\n<h3><span style=\"font-weight: 400\">Innenanbau:<\/span><\/h3>\n<p><span style=\"font-weight: 400\">Critical Mass ist f\u00fcr verschiedene Anbaumethoden geeignet. Obwohl sie einen kr\u00e4ftigen Wuchs hat, eignet sie sich aufgrund ihrer \u00fcberschaubaren Gr\u00f6\u00dfe und Vielseitigkeit f\u00fcr Methoden wie SOG und SCROG, die den Raum optimieren und die Lichteinstrahlung maximieren. Diese Sorte l\u00e4sst sich gut beschneiden, was den Z\u00fcchtern erlaubt, ihr Wachstum zu kontrollieren und eine h\u00f6here Bud-Produktion zu f\u00f6rdern. Dank ihrer kurzen Bl\u00fctezeit ist Critical Mass eine ideale Wahl f\u00fcr diejenigen, die eine schnelle Fruchtfolge anstreben.<\/span><\/p>\n<h3><span style=\"font-weight: 400\">Anbau im Freien:<\/span><\/h3>\n<p><span style=\"font-weight: 400\">Sie braucht nur wenig Pflege und ist daher perfekt f\u00fcr Anf\u00e4nger geeignet. Diese Pflanze liebt Sonnenlicht und w\u00e4chst mit beeindruckender Kraft in einer offenen Umgebung. Ihre genetische Robustheit macht sie widerstandsf\u00e4hig gegen unterschiedliche klimatische Bedingungen, was sie zu einer soliden Wahl f\u00fcr Anbauer in verschiedenen Regionen der Welt macht. Um ihr Wachstums- und Produktionspotenzial voll aussch\u00f6pfen zu k\u00f6nnen, ist es wichtig, f\u00fcr ausreichend Luft und Platz im Boden sowie f\u00fcr einen n\u00e4hrstoffreichen Boden zu sorgen.<\/span><\/p>\n<h2><span style=\"font-weight: 400\">Wann wird das feminisierte Saatgut Critical Mass geerntet?<\/span><\/h2>\n<p><span style=\"font-weight: 400\">Critical Mass wird fr\u00fcher geerntet als die meisten kommerziellen Genetik, so sehr, dass, wenn Sie nachl\u00e4ssig sind, kann es \u00fcberreifen. In Innenr\u00e4umen sind die Knospen in der Regel schon nach 45-50 Tagen erntereif. Im Freien, in der n\u00f6rdlichen Hemisph\u00e4re, wird sie Ende September geerntet, so dass die Anbauer den fr\u00fchen Herbstregen vermeiden k\u00f6nnen. Diese Sorte bietet ein flexibles Erntezeitfenster, das es den Anbauern erm\u00f6glicht, den optimalen Zeitpunkt je nach gew\u00fcnschter Wirkung zu w\u00e4hlen.<\/span><\/p>\n<h2><span style=\"font-weight: 400\">Wie viel produzieren diese Samen?<\/span><\/h2>\n<p><span style=\"font-weight: 400\">Critical Mass ist ein Synonym f\u00fcr massive Produktion. In Innenr\u00e4umen kann sie bis zu 650 Gramm pro Quadratmeter liefern. Im Freien kann sie unter den richtigen Bedingungen mehr als 2,5 Kilo pro Pflanze produzieren. Die hohe Produktion an \u00e4therischen \u00d6len verleiht ihr au\u00dferdem einen ebenso intensiven wie au\u00dfergew\u00f6hnlichen Duft und Geschmack.<\/span><\/p>\n<h2><span style=\"font-weight: 400\">Was ist das Aroma und der Geschmack von Critical Mass?<\/span><\/h2>\n<p><span style=\"font-weight: 400\">Das Aroma und der Geschmack von Critical Mass sind unvergesslich, so sehr, dass es ein Lieblingsgeschmack von Tausenden und Abertausenden von Konsumenten ist. Diese Sorte verstr\u00f6mt ein s\u00fc\u00dfes und scharfes Aroma, mit einem Hauch von reifen Fr\u00fcchten und einem Zitrus-Hintergrund. Beim Rauchen genie\u00dfen die Konsumenten einen s\u00fc\u00dfen und komplexen Geschmack, der am Gaumen verweilt und ein exquisites und einzigartiges Geschmackserlebnis bietet.<\/span><\/p>\n<h2><span style=\"font-weight: 400\">Welche Wirkung hat dieses Marihuana?<\/span><\/h2>\n<p><span style=\"font-weight: 400\">Die Wirkung dieses Krauts ist stark und ausgewogen und bietet tiefe k\u00f6rperliche Entspannung, begleitet von einem angenehmen Gef\u00fchl der Euphorie und des geistigen Wohlbefindens. Ihr hoher THC-Gehalt macht sie zu einer idealen Wahl f\u00fcr die Linderung von Stress und Angstzust\u00e4nden sowie f\u00fcr die Schmerzbehandlung.<\/span><\/p>\n<h2><span style=\"font-weight: 400\">Feminisierte Critical Mass Samen zum besten Preis kaufen.<\/span><\/h2>\n<p><span style=\"font-weight: 400\">Warten Sie nicht l\u00e4nger: Critical Mass feminisierte Samen von Advanced Seeds sind das, was Sie brauchen, um Ihre Ernte auf die n\u00e4chste Stufe zu bringen. Bestellen Sie sie in unserem Online-Shop zum besten Preis und genie\u00dfen Sie eine der potentesten und produktivsten Sorten auf dem Markt. Kaufen Sie jetzt und bereiten Sie Ihre Sinne auf ein unvergessliches Anbau- und Konsumerlebnis vor!<\/span><\/p>\n<h2><span style=\"font-weight: 400\">H\u00e4ufig gestellte Fragen \u00fcber Critical Mass:<\/span><\/h2>\n<h3><span style=\"font-weight: 400\">Welche Art von Substrat ist f\u00fcr Critical Mass am besten geeignet?<\/span><\/h3>\n<p><span style=\"font-weight: 400\">Ein gut durchl\u00fcftetes, n\u00e4hrstoffreiches Substrat ist ideal, um das Wachstum und die Knospenbildung zu maximieren.<\/span><\/p>\n<h3><span style=\"font-weight: 400\">Ist die Verwendung von Geruchsfiltern beim Anbau von Critical Mass in Innenr\u00e4umen erforderlich?<\/span><\/h3>\n<p><span style=\"font-weight: 400\">Ja, wegen des starken Geruchs ist es ratsam, Antigeruchsfilter zu verwenden, um Probleme mit Nachbarn oder bei Kontrollen zu vermeiden.<\/span><\/p>\n<h3><span style=\"font-weight: 400\">Welche Beschneidungstechniken werden f\u00fcr Critical Mass empfohlen?<\/span><\/h3>\n<p><span style=\"font-weight: 400\">Techniken wie Topping oder FIM k\u00f6nnen ein gleichm\u00e4\u00dfigeres Wachstum f\u00f6rdern und die Knospenproduktion erh\u00f6hen.<\/span><\/p>\n<h3><span style=\"font-weight: 400\">Wie hoch ist der THC-Gehalt von Critical Mass?<\/span><\/h3>\n<p><span style=\"font-weight: 400\">Der THC-Gehalt von Critical Mass kann 22% \u00fcbersteigen, was sie zu einer der st\u00e4rksten verf\u00fcgbaren Sorten macht.<\/span><\/p>\n<h3><span style=\"font-weight: 400\">Wie sollten die Critical Mass-Knospen getrocknet und ausgeh\u00e4rtet werden?<\/span><\/h3>\n<p><span style=\"font-weight: 400\">Langsames Trocknen und sorgf\u00e4ltiges P\u00f6keln sind unerl\u00e4sslich, um sein einzigartiges Aroma und seinen Geschmack zu erhalten.<\/span><\/p>\n<h3><span style=\"font-weight: 400\">Ist Critical Mass anf\u00e4llig f\u00fcr irgendwelche Sch\u00e4dlinge oder Krankheiten?<\/span><\/h3>\n<p><span style=\"font-weight: 400\">Obwohl sie recht robust ist, muss man sich vor Sch\u00e4dlingen wie Spinnmilben und Pilzbefall in Acht nehmen, insbesondere bei hoher Luftfeuchtigkeit.<\/span><\/p>","protected":false},"excerpt":{"rendered":"<p>Critical Mass ist eine Pflanze, die selbst unter widrigen Bedingungen sehr schnell stark w\u00e4chst und reiche Ernten einbringt. Die Knospen sind gro\u00df, kompakt und voller Harz, mit s\u00fc\u00dfen Aromen. Der hohe THC-Gehalt wirkt sich nicht so stark auf das Gehirn wie auf den K\u00f6rper aus. Sie wird von einem s\u00fc\u00dfen und angenehmen Geschmack im Mund begleitet, der auch die anspruchsvollsten Raucher begeistern wird. Helle, harzige und harte Knospen, die der Stolz eines jeden Z\u00fcchters sein werden.<\/p>","protected":false},"featured_media":19679,"comment_status":"open","ping_status":"closed","template":"","meta":{"_acf_changed":false},"product_brand":[],"product_cat":[69],"product_tag":[],"class_list":{"0":"post-329","1":"product","2":"type-product","3":"status-publish","4":"has-post-thumbnail","6":"product_cat-feminizadas","8":"first","9":"instock","10":"taxable","11":"shipping-taxable","12":"purchasable","13":"product-type-variable"},"acf":[],"yoast_head":"<!-- This site is optimized with the Yoast SEO Premium plugin v26.3 (Yoast SEO v26.6) - https:\/\/yoast.com\/wordpress\/plugins\/seo\/ -->\n<title>Critical Mass - Advanced Seeds<\/title>\n<meta name=\"robots\" content=\"index, follow, max-snippet:-1, max-image-preview:large, max-video-preview:-1\" \/>\n<link rel=\"canonical\" href=\"https:\/\/advancedseeds.com\/de\/tienda\/feminizadas\/critical-mass\/\" \/>\n<meta property=\"og:locale\" content=\"de_DE\" \/>\n<meta property=\"og:type\" content=\"article\" \/>\n<meta property=\"og:title\" content=\"Critical Mass\" \/>\n<meta property=\"og:description\" content=\"Critical Mass es una planta capaz de crecer fuerte y generar cosechas abundantes incluso en condiciones adversas, de una forma muy r\u00e1pida. Los cogollos son grandes, compactos y est\u00e1n llenos de resina, de aromas dulces. Alto nivel de THC que no afectar\u00e1 tanto a nivel cerebral como a nivel f\u00edsico. Se acompa\u00f1a de un gusto en boca dulce y agradable que har\u00e1 las delicias de los fumadores m\u00e1s exigentes. Cogollos brillantes, resinosos y duros que ser\u00e1n el orgullo de cualquier cultivador.\" \/>\n<meta property=\"og:url\" content=\"https:\/\/advancedseeds.com\/de\/tienda\/feminizadas\/critical-mass\/\" \/>\n<meta property=\"og:site_name\" content=\"Advanced Seeds\" \/>\n<meta property=\"article:modified_time\" content=\"2025-03-22T17:30:39+00:00\" \/>\n<meta property=\"og:image\" content=\"https:\/\/advancedseeds.com\/web\/wp-content\/uploads\/2021\/01\/Critical-Mass-scaled.jpg\" \/>\n\t<meta property=\"og:image:width\" content=\"1929\" \/>\n\t<meta property=\"og:image:height\" content=\"2560\" \/>\n\t<meta property=\"og:image:type\" content=\"image\/jpeg\" \/>\n<meta name=\"twitter:card\" content=\"summary_large_image\" \/>\n<meta name=\"twitter:label1\" content=\"Gesch\u00e4tzte Lesezeit\" \/>\n\t<meta name=\"twitter:data1\" content=\"5\u00a0Minuten\" \/>\n<script type=\"application\/ld+json\" class=\"yoast-schema-graph\">{\"@context\":\"https:\/\/schema.org\",\"@graph\":[{\"@type\":\"WebPage\",\"@id\":\"https:\/\/advancedseeds.com\/tienda\/feminizadas\/critical-mass\/\",\"url\":\"https:\/\/advancedseeds.com\/tienda\/feminizadas\/critical-mass\/\",\"name\":\"Critical Mass - Advanced Seeds\",\"isPartOf\":{\"@id\":\"https:\/\/advancedseeds.com\/#website\"},\"primaryImageOfPage\":{\"@id\":\"https:\/\/advancedseeds.com\/tienda\/feminizadas\/critical-mass\/#primaryimage\"},\"image\":{\"@id\":\"https:\/\/advancedseeds.com\/tienda\/feminizadas\/critical-mass\/#primaryimage\"},\"thumbnailUrl\":\"https:\/\/advancedseeds.com\/web\/wp-content\/uploads\/2021\/01\/Critical-Mass-scaled.jpg\",\"datePublished\":\"2021-01-14T17:16:30+00:00\",\"dateModified\":\"2025-03-22T17:30:39+00:00\",\"breadcrumb\":{\"@id\":\"https:\/\/advancedseeds.com\/tienda\/feminizadas\/critical-mass\/#breadcrumb\"},\"inLanguage\":\"de\",\"potentialAction\":[{\"@type\":\"ReadAction\",\"target\":[\"https:\/\/advancedseeds.com\/tienda\/feminizadas\/critical-mass\/\"]}]},{\"@type\":\"ImageObject\",\"inLanguage\":\"de\",\"@id\":\"https:\/\/advancedseeds.com\/tienda\/feminizadas\/critical-mass\/#primaryimage\",\"url\":\"https:\/\/advancedseeds.com\/web\/wp-content\/uploads\/2021\/01\/Critical-Mass-scaled.jpg\",\"contentUrl\":\"https:\/\/advancedseeds.com\/web\/wp-content\/uploads\/2021\/01\/Critical-Mass-scaled.jpg\",\"width\":1929,\"height\":2560},{\"@type\":\"BreadcrumbList\",\"@id\":\"https:\/\/advancedseeds.com\/tienda\/feminizadas\/critical-mass\/#breadcrumb\",\"itemListElement\":[{\"@type\":\"ListItem\",\"position\":1,\"name\":\"Home\",\"item\":\"https:\/\/advancedseeds.com\/\"},{\"@type\":\"ListItem\",\"position\":2,\"name\":\"Tienda\",\"item\":\"https:\/\/advancedseeds.com\/\"},{\"@type\":\"ListItem\",\"position\":3,\"name\":\"Critical Mass\"}]},{\"@type\":\"WebSite\",\"@id\":\"https:\/\/advancedseeds.com\/#website\",\"url\":\"https:\/\/advancedseeds.com\/\",\"name\":\"Advanced Seeds\",\"description\":\"Gen\u00e9ticas Avanzadas en semillas feminizadas y autom\u00e1ticas.\",\"publisher\":{\"@id\":\"https:\/\/advancedseeds.com\/#organization\"},\"potentialAction\":[{\"@type\":\"SearchAction\",\"target\":{\"@type\":\"EntryPoint\",\"urlTemplate\":\"https:\/\/advancedseeds.com\/?s={search_term_string}\"},\"query-input\":{\"@type\":\"PropertyValueSpecification\",\"valueRequired\":true,\"valueName\":\"search_term_string\"}}],\"inLanguage\":\"de\"},{\"@type\":\"Organization\",\"@id\":\"https:\/\/advancedseeds.com\/#organization\",\"name\":\"Advanced Seeds\",\"url\":\"https:\/\/advancedseeds.com\/\",\"logo\":{\"@type\":\"ImageObject\",\"inLanguage\":\"de\",\"@id\":\"https:\/\/advancedseeds.com\/#\/schema\/logo\/image\/\",\"url\":\"https:\/\/advancedseeds.com\/web\/wp-content\/uploads\/2021\/01\/logo-advanced.jpg\",\"contentUrl\":\"https:\/\/advancedseeds.com\/web\/wp-content\/uploads\/2021\/01\/logo-advanced.jpg\",\"width\":600,\"height\":600,\"caption\":\"Advanced Seeds\"},\"image\":{\"@id\":\"https:\/\/advancedseeds.com\/#\/schema\/logo\/image\/\"}}]}<\/script>\n<!-- \/ Yoast SEO Premium plugin. -->","yoast_head_json":{"title":"Critical Mass - Advanced Seeds","robots":{"index":"index","follow":"follow","max-snippet":"max-snippet:-1","max-image-preview":"max-image-preview:large","max-video-preview":"max-video-preview:-1"},"canonical":"https:\/\/advancedseeds.com\/de\/tienda\/feminizadas\/critical-mass\/","og_locale":"de_DE","og_type":"article","og_title":"Critical Mass","og_description":"Critical Mass es una planta capaz de crecer fuerte y generar cosechas abundantes incluso en condiciones adversas, de una forma muy r\u00e1pida. Los cogollos son grandes, compactos y est\u00e1n llenos de resina, de aromas dulces. Alto nivel de THC que no afectar\u00e1 tanto a nivel cerebral como a nivel f\u00edsico. Se acompa\u00f1a de un gusto en boca dulce y agradable que har\u00e1 las delicias de los fumadores m\u00e1s exigentes. Cogollos brillantes, resinosos y duros que ser\u00e1n el orgullo de cualquier cultivador.","og_url":"https:\/\/advancedseeds.com\/de\/tienda\/feminizadas\/critical-mass\/","og_site_name":"Advanced Seeds","article_modified_time":"2025-03-22T17:30:39+00:00","og_image":[{"width":1929,"height":2560,"url":"https:\/\/advancedseeds.com\/web\/wp-content\/uploads\/2021\/01\/Critical-Mass-scaled.jpg","type":"image\/jpeg"}],"twitter_card":"summary_large_image","twitter_misc":{"Gesch\u00e4tzte Lesezeit":"5\u00a0Minuten"},"schema":{"@context":"https:\/\/schema.org","@graph":[{"@type":"WebPage","@id":"https:\/\/advancedseeds.com\/tienda\/feminizadas\/critical-mass\/","url":"https:\/\/advancedseeds.com\/tienda\/feminizadas\/critical-mass\/","name":"Critical Mass - Advanced Seeds","isPartOf":{"@id":"https:\/\/advancedseeds.com\/#website"},"primaryImageOfPage":{"@id":"https:\/\/advancedseeds.com\/tienda\/feminizadas\/critical-mass\/#primaryimage"},"image":{"@id":"https:\/\/advancedseeds.com\/tienda\/feminizadas\/critical-mass\/#primaryimage"},"thumbnailUrl":"https:\/\/advancedseeds.com\/web\/wp-content\/uploads\/2021\/01\/Critical-Mass-scaled.jpg","datePublished":"2021-01-14T17:16:30+00:00","dateModified":"2025-03-22T17:30:39+00:00","breadcrumb":{"@id":"https:\/\/advancedseeds.com\/tienda\/feminizadas\/critical-mass\/#breadcrumb"},"inLanguage":"de","potentialAction":[{"@type":"ReadAction","target":["https:\/\/advancedseeds.com\/tienda\/feminizadas\/critical-mass\/"]}]},{"@type":"ImageObject","inLanguage":"de","@id":"https:\/\/advancedseeds.com\/tienda\/feminizadas\/critical-mass\/#primaryimage","url":"https:\/\/advancedseeds.com\/web\/wp-content\/uploads\/2021\/01\/Critical-Mass-scaled.jpg","contentUrl":"https:\/\/advancedseeds.com\/web\/wp-content\/uploads\/2021\/01\/Critical-Mass-scaled.jpg","width":1929,"height":2560},{"@type":"BreadcrumbList","@id":"https:\/\/advancedseeds.com\/tienda\/feminizadas\/critical-mass\/#breadcrumb","itemListElement":[{"@type":"ListItem","position":1,"name":"Home","item":"https:\/\/advancedseeds.com\/"},{"@type":"ListItem","position":2,"name":"Tienda","item":"https:\/\/advancedseeds.com\/"},{"@type":"ListItem","position":3,"name":"Critical Mass"}]},{"@type":"WebSite","@id":"https:\/\/advancedseeds.com\/#website","url":"https:\/\/advancedseeds.com\/","name":"Advanced Seeds","description":"Fortschrittliche Genetik in feminisierten und automatischen Samen.","publisher":{"@id":"https:\/\/advancedseeds.com\/#organization"},"potentialAction":[{"@type":"SearchAction","target":{"@type":"EntryPoint","urlTemplate":"https:\/\/advancedseeds.com\/?s={search_term_string}"},"query-input":{"@type":"PropertyValueSpecification","valueRequired":true,"valueName":"search_term_string"}}],"inLanguage":"de"},{"@type":"Organization","@id":"https:\/\/advancedseeds.com\/#organization","name":"Advanced Seeds","url":"https:\/\/advancedseeds.com\/","logo":{"@type":"ImageObject","inLanguage":"de","@id":"https:\/\/advancedseeds.com\/#\/schema\/logo\/image\/","url":"https:\/\/advancedseeds.com\/web\/wp-content\/uploads\/2021\/01\/logo-advanced.jpg","contentUrl":"https:\/\/advancedseeds.com\/web\/wp-content\/uploads\/2021\/01\/logo-advanced.jpg","width":600,"height":600,"caption":"Advanced Seeds"},"image":{"@id":"https:\/\/advancedseeds.com\/#\/schema\/logo\/image\/"}}]}},"_links":{"self":[{"href":"https:\/\/advancedseeds.com\/de\/wp-json\/wp\/v2\/product\/329","targetHints":{"allow":["GET"]}}],"collection":[{"href":"https:\/\/advancedseeds.com\/de\/wp-json\/wp\/v2\/product"}],"about":[{"href":"https:\/\/advancedseeds.com\/de\/wp-json\/wp\/v2\/types\/product"}],"replies":[{"embeddable":true,"href":"https:\/\/advancedseeds.com\/de\/wp-json\/wp\/v2\/comments?post=329"}],"wp:featuredmedia":[{"embeddable":true,"href":"https:\/\/advancedseeds.com\/de\/wp-json\/wp\/v2\/media\/19679"}],"wp:attachment":[{"href":"https:\/\/advancedseeds.com\/de\/wp-json\/wp\/v2\/media?parent=329"}],"wp:term":[{"taxonomy":"product_brand","embeddable":true,"href":"https:\/\/advancedseeds.com\/de\/wp-json\/wp\/v2\/product_brand?post=329"},{"taxonomy":"product_cat","embeddable":true,"href":"https:\/\/advancedseeds.com\/de\/wp-json\/wp\/v2\/product_cat?post=329"},{"taxonomy":"product_tag","embeddable":true,"href":"https:\/\/advancedseeds.com\/de\/wp-json\/wp\/v2\/product_tag?post=329"}],"curies":[{"name":"wp","href":"https:\/\/api.w.org\/{rel}","templated":true}]}}