{"id":343,"date":"2021-01-14T18:17:13","date_gmt":"2021-01-14T17:17:13","guid":{"rendered":"https:\/\/advancedseeds.com\/web\/producto\/gelato-33\/"},"modified":"2025-03-22T16:46:55","modified_gmt":"2025-03-22T15:46:55","slug":"gelato-33","status":"publish","type":"product","link":"https:\/\/advancedseeds.com\/de\/tienda\/feminizadas\/gelato-33\/","title":{"rendered":"Gelato #33"},"content":{"rendered":"<p>Die <a href=\"https:\/\/advancedseeds.com\/web\/\"><b>Cannabis-Samen<\/b><\/a><b> feminisiert Gelato #33 von Advanced Seeds<\/b> geh\u00f6ren zu den Sorten, die man mindestens einmal im Leben probieren sollte. Diese Sorte zeichnet sich durch ihren unverwechselbaren Geschmack und die au\u00dfergew\u00f6hnliche Qualit\u00e4t ihrer Wirkung aus. Dies ist wahrscheinlich eine der besten Sorten in der Geschichte, so sehr, dass sie ihre Vorg\u00e4nger Girl Scout Cookies und OG Kush \u00fcbertroffen hat.<\/p>\n<h2>Was sind die genetischen Eigenschaften dieser Samen?<\/h2>\n<p>Gelato #33 ist das Ergebnis der Kreuzung von Sunset Sherbert und Thin Mint Cookies. Advanced Seeds hat diese Sorte durch die Auswahl eines gro\u00dfartigen Ph\u00e4notyps dieser Genetik perfektioniert und eine perfekte Balance zwischen Potenz und Geschmack erreicht. Wenn ihre Vorg\u00e4nger f\u00fcr sich selbst sprechen, k\u00f6nnen Sie sich auch ihre Erben Runtz oder Ice Cream Cake ansehen, um eine Vorstellung von ihrer genetischen Gr\u00f6\u00dfe zu bekommen.<\/p>\n<h2>Wie sieht die Gelato #33 aus?<\/h2>\n<p>Gelato #33 zeichnet sich durch eine beeindruckende Struktur aus: robust, mit einer H\u00f6he von \u00fcber einem Meter im Innenbereich und bis zu 2,5 Metern im Freien. Die Bl\u00e4tter sind die meiste Zeit der Ernte leuchtend gr\u00fcn, nehmen aber zum Ende hin einen violetten Farbton an. Die Knospen sind \u00fcber die gesamte L\u00e4nge der Pflanze verteilt und bilden einen mittelhohen Internodienabstand. Am Ende der Bl\u00fctezeit sind die Knospen der Gelato #33 mit einer dichten Schicht von Trichomen bedeckt, die ihnen ein auffallend kristallines Aussehen verleihen, das durch die dunklen Farben der Bl\u00fctenkelche in Kombination mit den orangefarbenen Stempeln noch unterstrichen wird.<\/p>\n<h2>Wie werden diese Samen im Innen- und Au\u00dfenbereich angebaut?<\/h2>\n<h3>Innenanbau:<\/h3>\n<p>Gelato #33 erfordert besondere Aufmerksamkeit, um seine H\u00f6he zu kontrollieren, und wenn Sie sich entscheiden, die Hauptspitze nicht zu beschneiden, denken Sie daran, dass sie sich w\u00e4hrend der Vorbl\u00fcte leicht verdreifachen kann. Eine Vegetationsperiode von nicht mehr als 20 Tagen ab dem ersten Paar echter Bl\u00e4tter wird empfohlen, damit sie sich nicht so stark strecken. Mit Techniken wie Topping oder LST k\u00f6nnen Sie die Lichtverteilung verbessern und den Ertrag steigern, so dass Sie mit 12 Pflanzen\/m2 den gesamten beleuchteten Raum mit sch\u00f6nen Knospen f\u00fcllen k\u00f6nnen.<\/p>\n<h3>Anbau im Freien:<\/h3>\n<p>Gelato #33 wird die K\u00f6nigin Ihres Gartens werden, wenn Sie ihr mindestens 40 Liter cannabisspezifisches Substrat geben. Mit gen\u00fcgend Platz und mindestens 6 Stunden direktem Sonnenlicht kann sie beeindruckende H\u00f6hen erreichen und reiche Ertr\u00e4ge liefern. Sie ist eine fr\u00fch bl\u00fchende Sorte, so dass die letzte Transplantation im sp\u00e4ten Fr\u00fchjahr erfolgen kann, denn sobald die Tage k\u00fcrzer werden, werden Sie die ersten Vorbl\u00fcten erscheinen sehen.<\/p>\n<h2>Wann werden die feminisierten Gelato #33-Samen geerntet?<\/h2>\n<p>Im Innenbereich ist Gelato #33 nach 55-60 Tagen der Bl\u00fcte erntereif. Im Freien wird sie Ende September geerntet, was fr\u00fche Herbstregen vermeidet und eine hervorragende Qualit\u00e4t der Knospen garantiert.<\/p>\n<h2>Wie viel produzieren diese Samen?<\/h2>\n<p>Im Innenbereich k\u00f6nnen die Z\u00fcchter mit einem Ertrag von \u00fcber 450 g\/m2 rechnen, w\u00e4hrend die Pflanzen im Freien bis zu 1 kg pro Pflanze erreichen k\u00f6nnen. Die Qualit\u00e4t der Knospen und die reichliche Trichom-Produktion machen sie au\u00dferdem ideal f\u00fcr Extraktionen.<\/p>\n<h2>Wie ist der Geruch und Geschmack von Gelato #33?<\/h2>\n<p>Der Geschmack des Gelato #33 ist sein herausragendstes Merkmal. Er bietet ein s\u00fc\u00dfes, erfrischendes Profil mit Zitrusnoten, die auch beim Verbrennen nicht an Intensit\u00e4t verlieren. Dieses komplexe aromatische Bouquet bleibt am Gaumen haften und hinterl\u00e4sst einen angenehmen und lang anhaltenden Nachgeschmack. Ihr Terpenprofil ist reichhaltig und bietet ein umfassendes sensorisches Erlebnis.<\/p>\n<h2>Welche Wirkung hat dieses Marihuana?<\/h2>\n<p>Gelato #33, mit einem h\u00f6heren THC-Gehalt als 23%, bietet eine starke und lang anhaltende Wirkung. Obwohl sie aufgrund ihrer hohen Psychoaktivit\u00e4t \u00fcberwiegend sativafarben ist, ist ihre Wirkung im Wesentlichen ausgewogen und beginnt mit einem euphorischen zerebralen Gef\u00fchl, das allm\u00e4hlich in eine angenehme k\u00f6rperliche Entspannung \u00fcbergeht.<\/p>\n<h2>Feminisierte Samen Gelato #33 zum besten Preis kaufen.<\/h2>\n<p>Warten Sie nicht l\u00e4nger, um den au\u00dfergew\u00f6hnlichen Geschmack und die Wirkung von Gelato #33 zu erleben. Kaufen Sie diese feminisierten Samen zum besten Preis online und entdecken Sie, warum sie eine der herausragendsten Sorten von Advanced Seeds und dem modernen Cannabis-Markt im Allgemeinen ist.<\/p>\n<h2>H\u00e4ufig gestellte Fragen \u00fcber Gelato #33<\/h2>\n<h3>Ist Gelato #33 f\u00fcr Anf\u00e4nger geeignet?<\/h3>\n<p>Trotz ihrer Potenz ist Gelato #33 eine \u00fcberschaubare Sorte und eine gute Wahl f\u00fcr Anbauanf\u00e4nger.<\/p>\n<h3>Welche Anbautechniken maximieren den Ertrag von Gelato #33 im Innenanbau?<\/h3>\n<p>SCROG und LST werden dringend empfohlen, um ihr Produktionspotenzial voll auszusch\u00f6pfen.<\/p>\n<h3>Wie wirkt sich das Klima auf den Freilandanbau von Gelato #33 aus?<\/h3>\n<p>Sie bevorzugt trockenes Klima mit geringer Luftfeuchtigkeit, ist aber robust und passt sich gut an unterschiedliche klimatische Bedingungen an.<\/p>\n<h3>Wann ist der beste Zeitpunkt f\u00fcr die Ernte von Gelato #33?<\/h3>\n<p>In Innenr\u00e4umen nach 55-60 Tagen der Bl\u00fcte, im Freien am besten Ende September.<\/p>","protected":false},"excerpt":{"rendered":"<p>-<\/p>","protected":false},"featured_media":19683,"comment_status":"open","ping_status":"closed","template":"","meta":{"_acf_changed":false},"product_brand":[],"product_cat":[69],"product_tag":[],"class_list":{"0":"post-343","1":"product","2":"type-product","3":"status-publish","4":"has-post-thumbnail","6":"product_cat-feminizadas","8":"first","9":"instock","10":"taxable","11":"shipping-taxable","12":"purchasable","13":"product-type-variable"},"acf":[],"yoast_head":"<!-- This site is optimized with the Yoast SEO Premium plugin v26.3 (Yoast SEO v26.6) - https:\/\/yoast.com\/wordpress\/plugins\/seo\/ -->\n<title>Gelato #33 - Advanced Seeds<\/title>\n<meta name=\"robots\" content=\"index, follow, max-snippet:-1, max-image-preview:large, max-video-preview:-1\" \/>\n<link rel=\"canonical\" href=\"https:\/\/advancedseeds.com\/de\/tienda\/feminizadas\/gelato-33\/\" \/>\n<meta property=\"og:locale\" content=\"de_DE\" \/>\n<meta property=\"og:type\" content=\"article\" \/>\n<meta property=\"og:title\" content=\"Gelato #33\" \/>\n<meta property=\"og:description\" content=\"-\" \/>\n<meta property=\"og:url\" content=\"https:\/\/advancedseeds.com\/de\/tienda\/feminizadas\/gelato-33\/\" \/>\n<meta property=\"og:site_name\" content=\"Advanced Seeds\" \/>\n<meta property=\"article:modified_time\" content=\"2025-03-22T15:46:55+00:00\" \/>\n<meta property=\"og:image\" content=\"https:\/\/advancedseeds.com\/web\/wp-content\/uploads\/2021\/01\/Gelato-33.jpg\" \/>\n\t<meta property=\"og:image:width\" content=\"1857\" \/>\n\t<meta property=\"og:image:height\" content=\"2465\" \/>\n\t<meta property=\"og:image:type\" content=\"image\/jpeg\" \/>\n<meta name=\"twitter:card\" content=\"summary_large_image\" \/>\n<meta name=\"twitter:label1\" content=\"Gesch\u00e4tzte Lesezeit\" \/>\n\t<meta name=\"twitter:data1\" content=\"4\u00a0Minuten\" \/>\n<script type=\"application\/ld+json\" class=\"yoast-schema-graph\">{\"@context\":\"https:\/\/schema.org\",\"@graph\":[{\"@type\":\"WebPage\",\"@id\":\"https:\/\/advancedseeds.com\/tienda\/feminizadas\/gelato-33\/\",\"url\":\"https:\/\/advancedseeds.com\/tienda\/feminizadas\/gelato-33\/\",\"name\":\"Gelato #33 - Advanced Seeds\",\"isPartOf\":{\"@id\":\"https:\/\/advancedseeds.com\/#website\"},\"primaryImageOfPage\":{\"@id\":\"https:\/\/advancedseeds.com\/tienda\/feminizadas\/gelato-33\/#primaryimage\"},\"image\":{\"@id\":\"https:\/\/advancedseeds.com\/tienda\/feminizadas\/gelato-33\/#primaryimage\"},\"thumbnailUrl\":\"https:\/\/advancedseeds.com\/web\/wp-content\/uploads\/2021\/01\/Gelato-33.jpg\",\"datePublished\":\"2021-01-14T17:17:13+00:00\",\"dateModified\":\"2025-03-22T15:46:55+00:00\",\"breadcrumb\":{\"@id\":\"https:\/\/advancedseeds.com\/tienda\/feminizadas\/gelato-33\/#breadcrumb\"},\"inLanguage\":\"de\",\"potentialAction\":[{\"@type\":\"ReadAction\",\"target\":[\"https:\/\/advancedseeds.com\/tienda\/feminizadas\/gelato-33\/\"]}]},{\"@type\":\"ImageObject\",\"inLanguage\":\"de\",\"@id\":\"https:\/\/advancedseeds.com\/tienda\/feminizadas\/gelato-33\/#primaryimage\",\"url\":\"https:\/\/advancedseeds.com\/web\/wp-content\/uploads\/2021\/01\/Gelato-33.jpg\",\"contentUrl\":\"https:\/\/advancedseeds.com\/web\/wp-content\/uploads\/2021\/01\/Gelato-33.jpg\",\"width\":1857,\"height\":2465,\"caption\":\"Gelato 33\"},{\"@type\":\"BreadcrumbList\",\"@id\":\"https:\/\/advancedseeds.com\/tienda\/feminizadas\/gelato-33\/#breadcrumb\",\"itemListElement\":[{\"@type\":\"ListItem\",\"position\":1,\"name\":\"Home\",\"item\":\"https:\/\/advancedseeds.com\/\"},{\"@type\":\"ListItem\",\"position\":2,\"name\":\"Tienda\",\"item\":\"https:\/\/advancedseeds.com\/\"},{\"@type\":\"ListItem\",\"position\":3,\"name\":\"Gelato #33\"}]},{\"@type\":\"WebSite\",\"@id\":\"https:\/\/advancedseeds.com\/#website\",\"url\":\"https:\/\/advancedseeds.com\/\",\"name\":\"Advanced Seeds\",\"description\":\"Gen\u00e9ticas Avanzadas en semillas feminizadas y autom\u00e1ticas.\",\"publisher\":{\"@id\":\"https:\/\/advancedseeds.com\/#organization\"},\"potentialAction\":[{\"@type\":\"SearchAction\",\"target\":{\"@type\":\"EntryPoint\",\"urlTemplate\":\"https:\/\/advancedseeds.com\/?s={search_term_string}\"},\"query-input\":{\"@type\":\"PropertyValueSpecification\",\"valueRequired\":true,\"valueName\":\"search_term_string\"}}],\"inLanguage\":\"de\"},{\"@type\":\"Organization\",\"@id\":\"https:\/\/advancedseeds.com\/#organization\",\"name\":\"Advanced Seeds\",\"url\":\"https:\/\/advancedseeds.com\/\",\"logo\":{\"@type\":\"ImageObject\",\"inLanguage\":\"de\",\"@id\":\"https:\/\/advancedseeds.com\/#\/schema\/logo\/image\/\",\"url\":\"https:\/\/advancedseeds.com\/web\/wp-content\/uploads\/2021\/01\/logo-advanced.jpg\",\"contentUrl\":\"https:\/\/advancedseeds.com\/web\/wp-content\/uploads\/2021\/01\/logo-advanced.jpg\",\"width\":600,\"height\":600,\"caption\":\"Advanced Seeds\"},\"image\":{\"@id\":\"https:\/\/advancedseeds.com\/#\/schema\/logo\/image\/\"}}]}<\/script>\n<!-- \/ Yoast SEO Premium plugin. -->","yoast_head_json":{"title":"Gelato #33 - Advanced Seeds","robots":{"index":"index","follow":"follow","max-snippet":"max-snippet:-1","max-image-preview":"max-image-preview:large","max-video-preview":"max-video-preview:-1"},"canonical":"https:\/\/advancedseeds.com\/de\/tienda\/feminizadas\/gelato-33\/","og_locale":"de_DE","og_type":"article","og_title":"Gelato #33","og_description":"-","og_url":"https:\/\/advancedseeds.com\/de\/tienda\/feminizadas\/gelato-33\/","og_site_name":"Advanced Seeds","article_modified_time":"2025-03-22T15:46:55+00:00","og_image":[{"width":1857,"height":2465,"url":"https:\/\/advancedseeds.com\/web\/wp-content\/uploads\/2021\/01\/Gelato-33.jpg","type":"image\/jpeg"}],"twitter_card":"summary_large_image","twitter_misc":{"Gesch\u00e4tzte Lesezeit":"4\u00a0Minuten"},"schema":{"@context":"https:\/\/schema.org","@graph":[{"@type":"WebPage","@id":"https:\/\/advancedseeds.com\/tienda\/feminizadas\/gelato-33\/","url":"https:\/\/advancedseeds.com\/tienda\/feminizadas\/gelato-33\/","name":"Gelato #33 - Advanced Seeds","isPartOf":{"@id":"https:\/\/advancedseeds.com\/#website"},"primaryImageOfPage":{"@id":"https:\/\/advancedseeds.com\/tienda\/feminizadas\/gelato-33\/#primaryimage"},"image":{"@id":"https:\/\/advancedseeds.com\/tienda\/feminizadas\/gelato-33\/#primaryimage"},"thumbnailUrl":"https:\/\/advancedseeds.com\/web\/wp-content\/uploads\/2021\/01\/Gelato-33.jpg","datePublished":"2021-01-14T17:17:13+00:00","dateModified":"2025-03-22T15:46:55+00:00","breadcrumb":{"@id":"https:\/\/advancedseeds.com\/tienda\/feminizadas\/gelato-33\/#breadcrumb"},"inLanguage":"de","potentialAction":[{"@type":"ReadAction","target":["https:\/\/advancedseeds.com\/tienda\/feminizadas\/gelato-33\/"]}]},{"@type":"ImageObject","inLanguage":"de","@id":"https:\/\/advancedseeds.com\/tienda\/feminizadas\/gelato-33\/#primaryimage","url":"https:\/\/advancedseeds.com\/web\/wp-content\/uploads\/2021\/01\/Gelato-33.jpg","contentUrl":"https:\/\/advancedseeds.com\/web\/wp-content\/uploads\/2021\/01\/Gelato-33.jpg","width":1857,"height":2465,"caption":"Gelato 33"},{"@type":"BreadcrumbList","@id":"https:\/\/advancedseeds.com\/tienda\/feminizadas\/gelato-33\/#breadcrumb","itemListElement":[{"@type":"ListItem","position":1,"name":"Home","item":"https:\/\/advancedseeds.com\/"},{"@type":"ListItem","position":2,"name":"Tienda","item":"https:\/\/advancedseeds.com\/"},{"@type":"ListItem","position":3,"name":"Gelato #33"}]},{"@type":"WebSite","@id":"https:\/\/advancedseeds.com\/#website","url":"https:\/\/advancedseeds.com\/","name":"Advanced Seeds","description":"Fortschrittliche Genetik in feminisierten und automatischen Samen.","publisher":{"@id":"https:\/\/advancedseeds.com\/#organization"},"potentialAction":[{"@type":"SearchAction","target":{"@type":"EntryPoint","urlTemplate":"https:\/\/advancedseeds.com\/?s={search_term_string}"},"query-input":{"@type":"PropertyValueSpecification","valueRequired":true,"valueName":"search_term_string"}}],"inLanguage":"de"},{"@type":"Organization","@id":"https:\/\/advancedseeds.com\/#organization","name":"Advanced Seeds","url":"https:\/\/advancedseeds.com\/","logo":{"@type":"ImageObject","inLanguage":"de","@id":"https:\/\/advancedseeds.com\/#\/schema\/logo\/image\/","url":"https:\/\/advancedseeds.com\/web\/wp-content\/uploads\/2021\/01\/logo-advanced.jpg","contentUrl":"https:\/\/advancedseeds.com\/web\/wp-content\/uploads\/2021\/01\/logo-advanced.jpg","width":600,"height":600,"caption":"Advanced Seeds"},"image":{"@id":"https:\/\/advancedseeds.com\/#\/schema\/logo\/image\/"}}]}},"_links":{"self":[{"href":"https:\/\/advancedseeds.com\/de\/wp-json\/wp\/v2\/product\/343","targetHints":{"allow":["GET"]}}],"collection":[{"href":"https:\/\/advancedseeds.com\/de\/wp-json\/wp\/v2\/product"}],"about":[{"href":"https:\/\/advancedseeds.com\/de\/wp-json\/wp\/v2\/types\/product"}],"replies":[{"embeddable":true,"href":"https:\/\/advancedseeds.com\/de\/wp-json\/wp\/v2\/comments?post=343"}],"wp:featuredmedia":[{"embeddable":true,"href":"https:\/\/advancedseeds.com\/de\/wp-json\/wp\/v2\/media\/19683"}],"wp:attachment":[{"href":"https:\/\/advancedseeds.com\/de\/wp-json\/wp\/v2\/media?parent=343"}],"wp:term":[{"taxonomy":"product_brand","embeddable":true,"href":"https:\/\/advancedseeds.com\/de\/wp-json\/wp\/v2\/product_brand?post=343"},{"taxonomy":"product_cat","embeddable":true,"href":"https:\/\/advancedseeds.com\/de\/wp-json\/wp\/v2\/product_cat?post=343"},{"taxonomy":"product_tag","embeddable":true,"href":"https:\/\/advancedseeds.com\/de\/wp-json\/wp\/v2\/product_tag?post=343"}],"curies":[{"name":"wp","href":"https:\/\/api.w.org\/{rel}","templated":true}]}}