{"id":345,"date":"2021-01-14T17:17:20","date_gmt":"2021-01-14T17:17:20","guid":{"rendered":"https:\/\/advancedseeds.com\/web\/producto\/gorilla-blue\/"},"modified":"2025-03-22T16:39:42","modified_gmt":"2025-03-22T15:39:42","slug":"gorilla-blue","status":"publish","type":"product","link":"https:\/\/advancedseeds.com\/de\/tienda\/feminizadas\/gorilla-blue\/","title":{"rendered":"Gorilla Blue"},"content":{"rendered":"<p><b>Gorilla Blue<\/b>der Revolution\u00e4r <a href=\"https:\/\/advancedseeds.com\/web\/categoria-producto\/feminizadas\/\">feminisierte Samen<\/a> von Advanced Seeds, zeichnet sich durch ihre au\u00dfergew\u00f6hnliche Genetik und erstaunliche Ergebnisse aus. Sie ist die perfekte Wahl f\u00fcr Z\u00fcchter, die auf der Suche nach Qualit\u00e4t und Ertrag sind, ohne ihr Leben zu sehr zu verkomplizieren, da ihre Indica-Genetik sie sehr einfach anzubauen macht.<\/p>\n<h2>Was sind die genetischen Eigenschaften dieser Samen?<\/h2>\n<p>Gorilla Blue ergibt sich aus dem <b>Kreuzung zwischen Gorilla Glue #4 und DJ Short Blueberry<\/b>. Dieser indicadominierte Hybrid erbt das Beste seiner Vorfahren: das reichliche Harz und die Potenz von Gorilla Glue, zusammen mit den s\u00fc\u00dfen Aromen und der chromatischen Sch\u00f6nheit von Blueberry. Diese genetische Kombination garantiert ein unvergleichliches Anbau- und Konsumerlebnis und bietet eine perfekte Balance zwischen entspannender Wirkung und sensorischem Genuss.<\/p>\n<h2>Wie sieht Gorilla Blue aus?<\/h2>\n<p>Optisch ist Gorilla Blue eine Pflanze, die auf den ersten Blick ein echter Hingucker ist. Sie hat ein sehr markantes Erscheinungsbild, mit gro\u00dfen St\u00e4mmen und breiten Bl\u00e4ttern mit dicken Bl\u00e4ttchen. Der Abstand zwischen den Knoten ist ideal f\u00fcr eine dichte und homogene Entwicklung, sehr kurz, so dass alle Knospen recht dicht beieinander stehen. Die Knospen sind ein Spektakel: gro\u00df, dicht und mit einer dicken Schicht aus gl\u00e4nzendem, klebrigem Harz bedeckt. <b>Die Palette der Farben, die sie w\u00e4hrend der Bl\u00fctezeit annehmen, ist beeindruckend.<\/b>mit Schattierungen von tiefgr\u00fcn bis tiefviolett, je nach Umweltbedingungen.<\/p>\n<h2>Wie werden diese Samen im Innen- und Au\u00dfenbereich angebaut?<\/h2>\n<h3>Innenanbau:<\/h3>\n<p>Gorilla Blue eignet sich au\u00dferordentlich gut f\u00fcr Optimierungsmethoden wie <b>SOG<\/b>Sie nutzt die Vorteile ihrer kompakten, s\u00e4ulenf\u00f6rmigen Morphologie voll aus, um das Licht vollst\u00e4ndig zu assimilieren. Wie andere Indica-Sorten sch\u00e4tzt sie ein leichtes Entbl\u00e4ttern zu Beginn der Bl\u00fctephase, wodurch ihr Ertrag und ihre Qualit\u00e4t maximiert werden. Mit einer relativ kurzen Bl\u00fctezeit ist sie ideal f\u00fcr schnelle oder kommerzielle Anbauzyklen. Kontrollieren Sie die Umgebung, <b>besonders Feuchtigkeit<\/b> w\u00e4hrend der Knospenmast- und Reifephase ist entscheidend, um Schimmelprobleme zu vermeiden und die besten Ergebnisse zu erzielen.<\/p>\n<h3>Anbau im Freien:<\/h3>\n<p>Gorilla Blue ist in der Regel kein Problem, wenn sie in T\u00f6pfe von mehr als 40 Litern oder direkt in den Boden gepflanzt wird. Wenn die Hauptspitze nicht zur\u00fcckgeschnitten wird, erreicht sie eine beachtliche H\u00f6he von 250 cm und mehr und bevorzugt einen sonnigen, windgesch\u00fctzten Standort. Sie ist resistent gegen Klimaschwankungen, profitiert aber sehr von einem fruchtbaren Boden und ausreichender Bew\u00e4sserung. Die Tatsache, dass sie so dichte Knospen bildet, ist einerseits gro\u00dfartig, kann aber auch ein Problem sein, wenn sie nass wird, weil sich Pilze bilden k\u00f6nnen. <b>Fungizide pr\u00e4ventiv anwenden<\/b>.<\/p>\n<h2>Wann wird Gorilla Blue geerntet?<\/h2>\n<p>Die Erntezeit von Gorilla Blue h\u00e4ngt von der Wachstumsumgebung ab. In Innenr\u00e4umen ist sie in etwa <b>55-60 Tage der Bl\u00fcte<\/b>Sie ist eine schnelle und effiziente Pflanze. Im Freien wird sie auf der Nordhalbkugel Ende September geerntet, um das Klima f\u00fcr eine perfekte Reifung vor dem Eintreffen der gef\u00fcrchteten Herbstregen zu nutzen. In der s\u00fcdlichen Hemisph\u00e4re wird die Ernte an den umgekehrten Jahreszeitenzyklus angepasst, d. h. Ende M\u00e4rz.<\/p>\n<h2>Wie viel produzieren diese Samen?<\/h2>\n<p>Gorilla Blue-Samen bieten beeindruckende Ertr\u00e4ge: <b>zwischen 550 und 600 gr\/m2 in Innenr\u00e4umen<\/b> und gro\u00dfz\u00fcgige Mengen pro Pflanze im Freien, die 800 Gramm \u00fcbersteigen k\u00f6nnen. Die Harzproduktion ist au\u00dfergew\u00f6hnlich, eine Eigenschaft, die sie von der klebrigen Gorilla Glue geerbt hat. Das Terpenprofil ist ebenfalls reichhaltig und vielf\u00e4ltig und tr\u00e4gt zu seinem einzigartigen Aroma und Geschmack bei.<\/p>\n<h2>Wie ist das Aroma und der Geschmack von Gorilla Blue?<\/h2>\n<p>Das Geschmacks- und Aromaprofil von Gorilla Blue ist eines, das man nicht so schnell vergisst. Vorherrschend <b>Noten von roten und Waldfr\u00fcchten, mit einem Hauch von S\u00fc\u00dfe <\/b>und umh\u00fcllend. Beim Einatmen ist der Geschmack intensiv und fruchtig, w\u00e4hrend er beim Ausatmen einen lang anhaltenden und angenehmen Nachgeschmack hinterl\u00e4sst. Der Reichtum ihrer Terpene verbessert nicht nur das sensorische Erlebnis, sondern tr\u00e4gt auch zu ihrer therapeutischen Wirkung bei, indem er den Entourage-Effekt verst\u00e4rkt.<\/p>\n<h2>Welche Wirkung hat dieses Marihuana?<\/h2>\n<p>Mit einem hohen THC-Gehalt, etwa <b>24%<\/b>Gorilla Blue ist stark und eher beruhigend. Es ist ideal f\u00fcr tiefe Entspannung, Stressabbau oder als Schlafmittel bei Schlaflosigkeit. <b>Seine Wirkung ist \u00fcberwiegend physisch<\/b>Sie vermittelt ein Gef\u00fchl der Entspannung und des Wohlbefindens, hat aber auch eine sp\u00fcrbare Wirkung auf den Geist, indem sie f\u00fcr Ruhe und Entspannung sorgt und \u00c4ngste abbaut.<\/p>\n<h2>Kaufen Sie feminisierte Gorilla Blue Samen zum besten Preis bei Advancedseeds.com<\/h2>\n<p>Bestellen Sie jetzt Gorilla Blue von Advanced Seeds und erleben Sie einen hervorragenden Anbau. Diese Sorte beeindruckt nicht nur durch ihre Sch\u00f6nheit und Potenz, sondern auch durch ihre Vielseitigkeit und Widerstandsf\u00e4higkeit. Kaufen Sie noch heute und heben Sie Ihre Anbauerfahrung auf die n\u00e4chste Stufe - verpassen Sie nicht die Gelegenheit, eine der besten Genetik auf dem Markt anzubauen!<\/p>\n<h2>H\u00e4ufig gestellte Fragen \u00fcber Gorilla Blue<\/h2>\n<h3>Welche Art von N\u00e4hrstoffen bevorzugt Gorilla Blue?<\/h3>\n<p>Sie bevorzugt eine ausgewogene Ern\u00e4hrung, wobei der Schwerpunkt w\u00e4hrend der Bl\u00fctezeit auf Kalium und Phosphor liegt, um die Bl\u00fcten- und Harzproduktion zu maximieren.<\/p>\n<h3>Ist sie resistent gegen Sch\u00e4dlinge und Krankheiten?<\/h3>\n<p>Gorilla Blue ist relativ widerstandsf\u00e4hig, aber es wird empfohlen, sich vor h\u00e4ufigen Pilzen und Sch\u00e4dlingen zu h\u00fcten, insbesondere in feuchtem Klima.<\/p>\n<h3>Was ist die beste Schnitttechnik f\u00fcr diese Sorte?<\/h3>\n<p>In Innenr\u00e4umen ist es nicht notwendig, zu beschneiden, aber im Freien sind der apikale Schnitt und die FIM-Technik wirksam, um den Ertrag zu steigern und ein buschigeres Wachstum zu f\u00f6rdern sowie die Knospenproduktion besser zu verteilen.<\/p>","protected":false},"excerpt":{"rendered":"<p>-<\/p>","protected":false},"featured_media":19685,"comment_status":"open","ping_status":"closed","template":"","meta":{"_acf_changed":false},"product_brand":[],"product_cat":[69],"product_tag":[],"class_list":{"0":"post-345","1":"product","2":"type-product","3":"status-publish","4":"has-post-thumbnail","6":"product_cat-feminizadas","8":"first","9":"instock","10":"taxable","11":"shipping-taxable","12":"purchasable","13":"product-type-variable"},"acf":[],"yoast_head":"<!-- This site is optimized with the Yoast SEO Premium plugin v26.3 (Yoast SEO v26.6) - https:\/\/yoast.com\/wordpress\/plugins\/seo\/ -->\n<title>Gorilla Blue - Advanced Seeds<\/title>\n<meta name=\"robots\" content=\"index, follow, max-snippet:-1, max-image-preview:large, max-video-preview:-1\" \/>\n<link rel=\"canonical\" href=\"https:\/\/advancedseeds.com\/de\/tienda\/feminizadas\/gorilla-blue\/\" \/>\n<meta property=\"og:locale\" content=\"de_DE\" \/>\n<meta property=\"og:type\" content=\"article\" \/>\n<meta property=\"og:title\" content=\"Gorilla Blue\" \/>\n<meta property=\"og:description\" content=\"-\" \/>\n<meta property=\"og:url\" content=\"https:\/\/advancedseeds.com\/de\/tienda\/feminizadas\/gorilla-blue\/\" \/>\n<meta property=\"og:site_name\" content=\"Advanced Seeds\" \/>\n<meta property=\"article:modified_time\" content=\"2025-03-22T15:39:42+00:00\" \/>\n<meta property=\"og:image\" content=\"https:\/\/advancedseeds.com\/web\/wp-content\/uploads\/2021\/01\/Gorilla-Blue-scaled.jpg\" \/>\n\t<meta property=\"og:image:width\" content=\"1929\" \/>\n\t<meta property=\"og:image:height\" content=\"2560\" \/>\n\t<meta property=\"og:image:type\" content=\"image\/jpeg\" \/>\n<meta name=\"twitter:card\" content=\"summary_large_image\" \/>\n<meta name=\"twitter:label1\" content=\"Gesch\u00e4tzte Lesezeit\" \/>\n\t<meta name=\"twitter:data1\" content=\"5\u00a0Minuten\" \/>\n<script type=\"application\/ld+json\" class=\"yoast-schema-graph\">{\"@context\":\"https:\/\/schema.org\",\"@graph\":[{\"@type\":\"WebPage\",\"@id\":\"https:\/\/advancedseeds.com\/tienda\/feminizadas\/gorilla-blue\/\",\"url\":\"https:\/\/advancedseeds.com\/tienda\/feminizadas\/gorilla-blue\/\",\"name\":\"Gorilla Blue - Advanced Seeds\",\"isPartOf\":{\"@id\":\"https:\/\/advancedseeds.com\/#website\"},\"primaryImageOfPage\":{\"@id\":\"https:\/\/advancedseeds.com\/tienda\/feminizadas\/gorilla-blue\/#primaryimage\"},\"image\":{\"@id\":\"https:\/\/advancedseeds.com\/tienda\/feminizadas\/gorilla-blue\/#primaryimage\"},\"thumbnailUrl\":\"https:\/\/advancedseeds.com\/web\/wp-content\/uploads\/2021\/01\/Gorilla-Blue-scaled.jpg\",\"datePublished\":\"2021-01-14T17:17:20+00:00\",\"dateModified\":\"2025-03-22T15:39:42+00:00\",\"breadcrumb\":{\"@id\":\"https:\/\/advancedseeds.com\/tienda\/feminizadas\/gorilla-blue\/#breadcrumb\"},\"inLanguage\":\"de\",\"potentialAction\":[{\"@type\":\"ReadAction\",\"target\":[\"https:\/\/advancedseeds.com\/tienda\/feminizadas\/gorilla-blue\/\"]}]},{\"@type\":\"ImageObject\",\"inLanguage\":\"de\",\"@id\":\"https:\/\/advancedseeds.com\/tienda\/feminizadas\/gorilla-blue\/#primaryimage\",\"url\":\"https:\/\/advancedseeds.com\/web\/wp-content\/uploads\/2021\/01\/Gorilla-Blue-scaled.jpg\",\"contentUrl\":\"https:\/\/advancedseeds.com\/web\/wp-content\/uploads\/2021\/01\/Gorilla-Blue-scaled.jpg\",\"width\":1929,\"height\":2560},{\"@type\":\"BreadcrumbList\",\"@id\":\"https:\/\/advancedseeds.com\/tienda\/feminizadas\/gorilla-blue\/#breadcrumb\",\"itemListElement\":[{\"@type\":\"ListItem\",\"position\":1,\"name\":\"Home\",\"item\":\"https:\/\/advancedseeds.com\/\"},{\"@type\":\"ListItem\",\"position\":2,\"name\":\"Tienda\",\"item\":\"https:\/\/advancedseeds.com\/\"},{\"@type\":\"ListItem\",\"position\":3,\"name\":\"Gorilla Blue\"}]},{\"@type\":\"WebSite\",\"@id\":\"https:\/\/advancedseeds.com\/#website\",\"url\":\"https:\/\/advancedseeds.com\/\",\"name\":\"Advanced Seeds\",\"description\":\"Gen\u00e9ticas Avanzadas en semillas feminizadas y autom\u00e1ticas.\",\"publisher\":{\"@id\":\"https:\/\/advancedseeds.com\/#organization\"},\"potentialAction\":[{\"@type\":\"SearchAction\",\"target\":{\"@type\":\"EntryPoint\",\"urlTemplate\":\"https:\/\/advancedseeds.com\/?s={search_term_string}\"},\"query-input\":{\"@type\":\"PropertyValueSpecification\",\"valueRequired\":true,\"valueName\":\"search_term_string\"}}],\"inLanguage\":\"de\"},{\"@type\":\"Organization\",\"@id\":\"https:\/\/advancedseeds.com\/#organization\",\"name\":\"Advanced Seeds\",\"url\":\"https:\/\/advancedseeds.com\/\",\"logo\":{\"@type\":\"ImageObject\",\"inLanguage\":\"de\",\"@id\":\"https:\/\/advancedseeds.com\/#\/schema\/logo\/image\/\",\"url\":\"https:\/\/advancedseeds.com\/web\/wp-content\/uploads\/2021\/01\/logo-advanced.jpg\",\"contentUrl\":\"https:\/\/advancedseeds.com\/web\/wp-content\/uploads\/2021\/01\/logo-advanced.jpg\",\"width\":600,\"height\":600,\"caption\":\"Advanced Seeds\"},\"image\":{\"@id\":\"https:\/\/advancedseeds.com\/#\/schema\/logo\/image\/\"}}]}<\/script>\n<!-- \/ Yoast SEO Premium plugin. -->","yoast_head_json":{"title":"Gorilla Blue - Advanced Seeds","robots":{"index":"index","follow":"follow","max-snippet":"max-snippet:-1","max-image-preview":"max-image-preview:large","max-video-preview":"max-video-preview:-1"},"canonical":"https:\/\/advancedseeds.com\/de\/tienda\/feminizadas\/gorilla-blue\/","og_locale":"de_DE","og_type":"article","og_title":"Gorilla Blue","og_description":"-","og_url":"https:\/\/advancedseeds.com\/de\/tienda\/feminizadas\/gorilla-blue\/","og_site_name":"Advanced Seeds","article_modified_time":"2025-03-22T15:39:42+00:00","og_image":[{"width":1929,"height":2560,"url":"https:\/\/advancedseeds.com\/web\/wp-content\/uploads\/2021\/01\/Gorilla-Blue-scaled.jpg","type":"image\/jpeg"}],"twitter_card":"summary_large_image","twitter_misc":{"Gesch\u00e4tzte Lesezeit":"5\u00a0Minuten"},"schema":{"@context":"https:\/\/schema.org","@graph":[{"@type":"WebPage","@id":"https:\/\/advancedseeds.com\/tienda\/feminizadas\/gorilla-blue\/","url":"https:\/\/advancedseeds.com\/tienda\/feminizadas\/gorilla-blue\/","name":"Gorilla Blue - Advanced Seeds","isPartOf":{"@id":"https:\/\/advancedseeds.com\/#website"},"primaryImageOfPage":{"@id":"https:\/\/advancedseeds.com\/tienda\/feminizadas\/gorilla-blue\/#primaryimage"},"image":{"@id":"https:\/\/advancedseeds.com\/tienda\/feminizadas\/gorilla-blue\/#primaryimage"},"thumbnailUrl":"https:\/\/advancedseeds.com\/web\/wp-content\/uploads\/2021\/01\/Gorilla-Blue-scaled.jpg","datePublished":"2021-01-14T17:17:20+00:00","dateModified":"2025-03-22T15:39:42+00:00","breadcrumb":{"@id":"https:\/\/advancedseeds.com\/tienda\/feminizadas\/gorilla-blue\/#breadcrumb"},"inLanguage":"de","potentialAction":[{"@type":"ReadAction","target":["https:\/\/advancedseeds.com\/tienda\/feminizadas\/gorilla-blue\/"]}]},{"@type":"ImageObject","inLanguage":"de","@id":"https:\/\/advancedseeds.com\/tienda\/feminizadas\/gorilla-blue\/#primaryimage","url":"https:\/\/advancedseeds.com\/web\/wp-content\/uploads\/2021\/01\/Gorilla-Blue-scaled.jpg","contentUrl":"https:\/\/advancedseeds.com\/web\/wp-content\/uploads\/2021\/01\/Gorilla-Blue-scaled.jpg","width":1929,"height":2560},{"@type":"BreadcrumbList","@id":"https:\/\/advancedseeds.com\/tienda\/feminizadas\/gorilla-blue\/#breadcrumb","itemListElement":[{"@type":"ListItem","position":1,"name":"Home","item":"https:\/\/advancedseeds.com\/"},{"@type":"ListItem","position":2,"name":"Tienda","item":"https:\/\/advancedseeds.com\/"},{"@type":"ListItem","position":3,"name":"Gorilla Blue"}]},{"@type":"WebSite","@id":"https:\/\/advancedseeds.com\/#website","url":"https:\/\/advancedseeds.com\/","name":"Advanced Seeds","description":"Fortschrittliche Genetik in feminisierten und automatischen Samen.","publisher":{"@id":"https:\/\/advancedseeds.com\/#organization"},"potentialAction":[{"@type":"SearchAction","target":{"@type":"EntryPoint","urlTemplate":"https:\/\/advancedseeds.com\/?s={search_term_string}"},"query-input":{"@type":"PropertyValueSpecification","valueRequired":true,"valueName":"search_term_string"}}],"inLanguage":"de"},{"@type":"Organization","@id":"https:\/\/advancedseeds.com\/#organization","name":"Advanced Seeds","url":"https:\/\/advancedseeds.com\/","logo":{"@type":"ImageObject","inLanguage":"de","@id":"https:\/\/advancedseeds.com\/#\/schema\/logo\/image\/","url":"https:\/\/advancedseeds.com\/web\/wp-content\/uploads\/2021\/01\/logo-advanced.jpg","contentUrl":"https:\/\/advancedseeds.com\/web\/wp-content\/uploads\/2021\/01\/logo-advanced.jpg","width":600,"height":600,"caption":"Advanced Seeds"},"image":{"@id":"https:\/\/advancedseeds.com\/#\/schema\/logo\/image\/"}}]}},"_links":{"self":[{"href":"https:\/\/advancedseeds.com\/de\/wp-json\/wp\/v2\/product\/345","targetHints":{"allow":["GET"]}}],"collection":[{"href":"https:\/\/advancedseeds.com\/de\/wp-json\/wp\/v2\/product"}],"about":[{"href":"https:\/\/advancedseeds.com\/de\/wp-json\/wp\/v2\/types\/product"}],"replies":[{"embeddable":true,"href":"https:\/\/advancedseeds.com\/de\/wp-json\/wp\/v2\/comments?post=345"}],"wp:featuredmedia":[{"embeddable":true,"href":"https:\/\/advancedseeds.com\/de\/wp-json\/wp\/v2\/media\/19685"}],"wp:attachment":[{"href":"https:\/\/advancedseeds.com\/de\/wp-json\/wp\/v2\/media?parent=345"}],"wp:term":[{"taxonomy":"product_brand","embeddable":true,"href":"https:\/\/advancedseeds.com\/de\/wp-json\/wp\/v2\/product_brand?post=345"},{"taxonomy":"product_cat","embeddable":true,"href":"https:\/\/advancedseeds.com\/de\/wp-json\/wp\/v2\/product_cat?post=345"},{"taxonomy":"product_tag","embeddable":true,"href":"https:\/\/advancedseeds.com\/de\/wp-json\/wp\/v2\/product_tag?post=345"}],"curies":[{"name":"wp","href":"https:\/\/api.w.org\/{rel}","templated":true}]}}