{"id":356,"date":"2021-01-14T17:17:50","date_gmt":"2021-01-14T17:17:50","guid":{"rendered":"https:\/\/advancedseeds.com\/web\/producto\/somango-glue\/"},"modified":"2025-03-22T15:53:44","modified_gmt":"2025-03-22T14:53:44","slug":"somango-glue","status":"publish","type":"product","link":"https:\/\/advancedseeds.com\/de\/tienda\/feminizadas\/somango-glue\/","title":{"rendered":"Somango Glue"},"content":{"rendered":"<p>Die <a href=\"https:\/\/advancedseeds.com\/web\/categoria-producto\/feminizadas\/\"><b>feminisierte Samen<\/b><\/a><b> Somango Glue<\/b> von Advanced Seeds sind ein Fest f\u00fcr die Sinne. Diese Sorte mit einer klaren Indica-Dominanz kombiniert die Potenz von Gorilla Glue #4 mit den k\u00f6stlichen Aromen von Somango, also nehme ich an, dass du bereits eine Vorstellung von ihrer Qualit\u00e4t hast, richtig? Nun, keine Sorge, ich beschreibe sie in den folgenden Zeilen f\u00fcr dich.<\/p>\n<h2>Was sind die genetischen Eigenschaften dieser Samen?<\/h2>\n<p>Somango Glue ist ein Indica-Hybrid, das Ergebnis der <b>Kreuzung zwischen Gorilla Glue #4 und Somango<\/b>. Gorilla Glue #4 bringt ihre bekannte Potenz und THC-Produktion, w\u00e4hrend Somango ihre exquisiten fruchtigen Aromen mitbringt. Diese Kombination hat eine Sorte geschaffen, die sowohl in der Bl\u00fcten- und Harzproduktion als auch in der aromatischen Komplexit\u00e4t brilliert und das Beste aus beiden Welten bietet.<\/p>\n<h2>Wie sieht Somango Glue aus?<\/h2>\n<p>Somango Glue zeichnet sich durch ihre mittlere Gr\u00f6\u00dfe und verzweigte Struktur aus, ideal f\u00fcr den Innenanbau. Ihre Indica-Morphologie spiegelt sich in ihrem <b>breite Bl\u00e4tter und kr\u00e4ftige St\u00e4mme<\/b>. Die Knospen sind kompakt und <b>klebrig<\/b>was bei den Eltern, von denen sie abstammt, nicht verwunderlich ist. W\u00e4hrend der Bl\u00fctezeit kann sie leuchtende Farben zeigen, die ihr ohnehin schon atemberaubendes \u00c4u\u00dferes noch attraktiver machen.<\/p>\n<h2>Wie werden diese Samen im Innen- und Au\u00dfenbereich angebaut?<\/h2>\n<h3>Innenanbau:<\/h3>\n<p>Somango Glue zeigt ein kr\u00e4ftiges und schnelles Wachstum, wenn sie ohne limitierende Faktoren angebaut wird. Mit nur 20-25 Tagen vegetativem Wachstum ist es m\u00f6glich, die Bl\u00fcte einzuleiten, und der Ertrag ist sehr gut. Sie wird in der Regel nicht h\u00f6her als einen Meter, was die Handhabung sowohl im Innenbereich als auch auf Terrassen und Balkonen im Freien erleichtert. Um optimale Ergebnisse zu erzielen, wird empfohlen, nicht mehr als 9 Exemplare pro Quadratmeter zu pflanzen, damit sie gen\u00fcgend Seitenraum haben, und <b>organische D\u00fcngemittel verwenden, um ihre organoleptischen Eigenschaften zu verbessern<\/b>.<\/p>\n<h3>Anbau im Freien:<\/h3>\n<p>Somango Glue zieht alle Blicke im Garten auf sich. Ihre Verzweigung erfordert Platz, aber sie eignet sich auch gut f\u00fcr Spalier- und Netztechniken, um ihre Gr\u00f6\u00dfe zu kontrollieren. Auf Balkonen und gro\u00dfen Terrassen, <b>kann unauff\u00e4llig angebaut werden<\/b> Wie ich schon sagte, kann man sogar ein Scrog-Netz in der gew\u00fcnschten H\u00f6he anbringen, um eine spektakul\u00e4re Decke aus Knospen zu erhalten. In direktem Boden kann sie leicht \u00fcber 2 Meter hoch werden und mehr als 700 g pro Pflanze produzieren, da sie sich auch seitlich leicht \u00fcber 2 Meter ausdehnen kann.<\/p>\n<h2>Wann wird die Somango Glue geerntet?<\/h2>\n<p>Die Bl\u00fctezeit von Somango Glue im Innenbereich dauert <b>zwischen 55 und 60 Tagen<\/b>Abh\u00e4ngig vom Ph\u00e4notyp und Ihrem pers\u00f6nlichen Geschmack. Im Freien wird sie in der n\u00f6rdlichen Hemisph\u00e4re Ende September geerntet, w\u00e4hrend Freilandanbauer in der s\u00fcdlichen Hemisph\u00e4re bis Ende M\u00e4rz warten m\u00fcssen. Durch die fr\u00fche Ernte ist sie ideal f\u00fcr Regionen, in denen es im Herbst eher regnet, denn mit etwas Gl\u00fcck kann man sie fr\u00fcher ernten.<\/p>\n<h2>Wie viel produzieren diese Samen?<\/h2>\n<p>Die Somango Glue ist f\u00fcr ihre hohen Ertr\u00e4ge bekannt. In Innenr\u00e4umen k\u00f6nnen Sie mit Ertr\u00e4gen von bis zu <b>550 g\/m\u00b2.<\/b>Im Freien k\u00f6nnen die Ertr\u00e4ge 700 g pro Pflanze \u00fcbersteigen. Diese Sorte wird besonders f\u00fcr ihre Harzproduktion gesch\u00e4tzt, was Leute, die einen Teil der Ernte zur Herstellung von Haschisch, Kolophonium, BHO usw. verwenden, zu sch\u00e4tzen wissen.<\/p>\n<h2>Wie ist das Aroma und der Geschmack von Somango Glue?<\/h2>\n<p>Man k\u00f6nnte sagen, dass Somango Glue eine <b>Kombination der s\u00fc\u00dfen Mango von Somango mit frischen und erdigen Noten<\/b> von GG#4. Je nach Ph\u00e4notyp k\u00f6nnen die Geschmacksrichtungen zu folgenden Aspekten tendieren <b>Zitrus- und Dieselt\u00f6ne<\/b>aber die meisten von ihnen sind eher tropisch-fruchtig und erinnern an Somango.<\/p>\n<h2>Welche Wirkung hat dieses Marihuana?<\/h2>\n<p>Somango Glue bietet eine <b>anfangs euphorisch und energiegeladen<\/b>gefolgt von einer <b>Entspannung <\/b>Ausgezeichnet. Die Ausgewogenheit zwischen Indica und Sativa sorgt f\u00fcr eine angenehme Erfahrung f\u00fcr K\u00f6rper und Geist, ideal f\u00fcr ein geselliges Beisammensein in einer ruhigen und entspannten Atmosph\u00e4re.<\/p>\n<h2>Somango Glue zum besten Preis kaufen<\/h2>\n<p>Ich kann mir vorstellen, dass Sie, wenn Sie das alles gelesen haben, jetzt schon s\u00fcchtig werden und sich darauf freuen, Ihre eigenen Somango Glue-Samen anzubauen. Dr\u00fccken Sie einfach auf den Kauf-Button und in ein paar Tagen werden Sie sie in den H\u00e4nden halten... Machen Sie sich bereit!<\/p>\n<h2>H\u00e4ufig gestellte Fragen \u00fcber Somango Glue<\/h2>\n<h3>Eignet sich das Somango Glue f\u00fcr Anbauanf\u00e4nger?<\/h3>\n<p>Ja, dank ihres \u00fcberschaubaren Wachstums und ihrer Widerstandsf\u00e4higkeit ist sie eine ausgezeichnete Wahl f\u00fcr Anf\u00e4nger.<\/p>\n<h3>Welche Trainingsmethoden werden f\u00fcr Somango Glue empfohlen?<\/h3>\n<p>Stressarme Techniken wie LST und leichter R\u00fcckschnitt sind ideal, um die Belichtung und die Luftzirkulation zwischen den Zweigen zu verbessern.<\/p>\n<h3>Welchen therapeutischen Nutzen hat Somango Glue?<\/h3>\n<p>Seine entspannende Wirkung kann zur Linderung von Stress und \u00c4ngsten beitragen und den Schlaf verbessern.<\/p>\n<h3>Welchen Einfluss hat das Klima auf den Freilandanbau von Somango Glue?<\/h3>\n<p>Sie bevorzugt warmes, trockenes Klima, passt sich aber gut an unterschiedliche Bedingungen an und zeigt eine gute Widerstandsf\u00e4higkeit gegen\u00fcber klimatischen Schwankungen.<\/p>\n<h3>Ist das Somango Glue f\u00fcr Hydrokulturen geeignet?<\/h3>\n<p>Ja, sie ist gut an hydroponische Systeme angepasst, wo sie noch kr\u00e4ftiger und produktiver wachsen kann.<\/p>","protected":false},"excerpt":{"rendered":"<p>-<\/p>","protected":false},"featured_media":19694,"comment_status":"open","ping_status":"closed","template":"","meta":{"_acf_changed":false},"product_brand":[],"product_cat":[69],"product_tag":[],"class_list":{"0":"post-356","1":"product","2":"type-product","3":"status-publish","4":"has-post-thumbnail","6":"product_cat-feminizadas","8":"first","9":"instock","10":"taxable","11":"shipping-taxable","12":"purchasable","13":"product-type-variable"},"acf":[],"yoast_head":"<!-- This site is optimized with the Yoast SEO Premium plugin v26.3 (Yoast SEO v26.6) - https:\/\/yoast.com\/wordpress\/plugins\/seo\/ -->\n<title>Somango Glue - Advanced Seeds<\/title>\n<meta name=\"robots\" content=\"index, follow, max-snippet:-1, max-image-preview:large, max-video-preview:-1\" \/>\n<link rel=\"canonical\" href=\"https:\/\/advancedseeds.com\/de\/tienda\/feminizadas\/somango-glue\/\" \/>\n<meta property=\"og:locale\" content=\"de_DE\" \/>\n<meta property=\"og:type\" content=\"article\" \/>\n<meta property=\"og:title\" content=\"Somango Glue\" \/>\n<meta property=\"og:description\" content=\"-\" \/>\n<meta property=\"og:url\" content=\"https:\/\/advancedseeds.com\/de\/tienda\/feminizadas\/somango-glue\/\" \/>\n<meta property=\"og:site_name\" content=\"Advanced Seeds\" \/>\n<meta property=\"article:modified_time\" content=\"2025-03-22T14:53:44+00:00\" \/>\n<meta property=\"og:image\" content=\"https:\/\/advancedseeds.com\/web\/wp-content\/uploads\/2021\/01\/Somango-Glue.jpg\" \/>\n\t<meta property=\"og:image:width\" content=\"1654\" \/>\n\t<meta property=\"og:image:height\" content=\"2195\" \/>\n\t<meta property=\"og:image:type\" content=\"image\/jpeg\" \/>\n<meta name=\"twitter:card\" content=\"summary_large_image\" \/>\n<meta name=\"twitter:label1\" content=\"Gesch\u00e4tzte Lesezeit\" \/>\n\t<meta name=\"twitter:data1\" content=\"4\u00a0Minuten\" \/>\n<script type=\"application\/ld+json\" class=\"yoast-schema-graph\">{\"@context\":\"https:\/\/schema.org\",\"@graph\":[{\"@type\":\"WebPage\",\"@id\":\"https:\/\/advancedseeds.com\/tienda\/feminizadas\/somango-glue\/\",\"url\":\"https:\/\/advancedseeds.com\/tienda\/feminizadas\/somango-glue\/\",\"name\":\"Somango Glue - Advanced Seeds\",\"isPartOf\":{\"@id\":\"https:\/\/advancedseeds.com\/#website\"},\"primaryImageOfPage\":{\"@id\":\"https:\/\/advancedseeds.com\/tienda\/feminizadas\/somango-glue\/#primaryimage\"},\"image\":{\"@id\":\"https:\/\/advancedseeds.com\/tienda\/feminizadas\/somango-glue\/#primaryimage\"},\"thumbnailUrl\":\"https:\/\/advancedseeds.com\/web\/wp-content\/uploads\/2021\/01\/Somango-Glue.jpg\",\"datePublished\":\"2021-01-14T17:17:50+00:00\",\"dateModified\":\"2025-03-22T14:53:44+00:00\",\"breadcrumb\":{\"@id\":\"https:\/\/advancedseeds.com\/tienda\/feminizadas\/somango-glue\/#breadcrumb\"},\"inLanguage\":\"de\",\"potentialAction\":[{\"@type\":\"ReadAction\",\"target\":[\"https:\/\/advancedseeds.com\/tienda\/feminizadas\/somango-glue\/\"]}]},{\"@type\":\"ImageObject\",\"inLanguage\":\"de\",\"@id\":\"https:\/\/advancedseeds.com\/tienda\/feminizadas\/somango-glue\/#primaryimage\",\"url\":\"https:\/\/advancedseeds.com\/web\/wp-content\/uploads\/2021\/01\/Somango-Glue.jpg\",\"contentUrl\":\"https:\/\/advancedseeds.com\/web\/wp-content\/uploads\/2021\/01\/Somango-Glue.jpg\",\"width\":1654,\"height\":2195},{\"@type\":\"BreadcrumbList\",\"@id\":\"https:\/\/advancedseeds.com\/tienda\/feminizadas\/somango-glue\/#breadcrumb\",\"itemListElement\":[{\"@type\":\"ListItem\",\"position\":1,\"name\":\"Home\",\"item\":\"https:\/\/advancedseeds.com\/\"},{\"@type\":\"ListItem\",\"position\":2,\"name\":\"Tienda\",\"item\":\"https:\/\/advancedseeds.com\/\"},{\"@type\":\"ListItem\",\"position\":3,\"name\":\"Somango Glue\"}]},{\"@type\":\"WebSite\",\"@id\":\"https:\/\/advancedseeds.com\/#website\",\"url\":\"https:\/\/advancedseeds.com\/\",\"name\":\"Advanced Seeds\",\"description\":\"Gen\u00e9ticas Avanzadas en semillas feminizadas y autom\u00e1ticas.\",\"publisher\":{\"@id\":\"https:\/\/advancedseeds.com\/#organization\"},\"potentialAction\":[{\"@type\":\"SearchAction\",\"target\":{\"@type\":\"EntryPoint\",\"urlTemplate\":\"https:\/\/advancedseeds.com\/?s={search_term_string}\"},\"query-input\":{\"@type\":\"PropertyValueSpecification\",\"valueRequired\":true,\"valueName\":\"search_term_string\"}}],\"inLanguage\":\"de\"},{\"@type\":\"Organization\",\"@id\":\"https:\/\/advancedseeds.com\/#organization\",\"name\":\"Advanced Seeds\",\"url\":\"https:\/\/advancedseeds.com\/\",\"logo\":{\"@type\":\"ImageObject\",\"inLanguage\":\"de\",\"@id\":\"https:\/\/advancedseeds.com\/#\/schema\/logo\/image\/\",\"url\":\"https:\/\/advancedseeds.com\/web\/wp-content\/uploads\/2021\/01\/logo-advanced.jpg\",\"contentUrl\":\"https:\/\/advancedseeds.com\/web\/wp-content\/uploads\/2021\/01\/logo-advanced.jpg\",\"width\":600,\"height\":600,\"caption\":\"Advanced Seeds\"},\"image\":{\"@id\":\"https:\/\/advancedseeds.com\/#\/schema\/logo\/image\/\"}}]}<\/script>\n<!-- \/ Yoast SEO Premium plugin. -->","yoast_head_json":{"title":"Somango Glue - Advanced Seeds","robots":{"index":"index","follow":"follow","max-snippet":"max-snippet:-1","max-image-preview":"max-image-preview:large","max-video-preview":"max-video-preview:-1"},"canonical":"https:\/\/advancedseeds.com\/de\/tienda\/feminizadas\/somango-glue\/","og_locale":"de_DE","og_type":"article","og_title":"Somango Glue","og_description":"-","og_url":"https:\/\/advancedseeds.com\/de\/tienda\/feminizadas\/somango-glue\/","og_site_name":"Advanced Seeds","article_modified_time":"2025-03-22T14:53:44+00:00","og_image":[{"width":1654,"height":2195,"url":"https:\/\/advancedseeds.com\/web\/wp-content\/uploads\/2021\/01\/Somango-Glue.jpg","type":"image\/jpeg"}],"twitter_card":"summary_large_image","twitter_misc":{"Gesch\u00e4tzte Lesezeit":"4\u00a0Minuten"},"schema":{"@context":"https:\/\/schema.org","@graph":[{"@type":"WebPage","@id":"https:\/\/advancedseeds.com\/tienda\/feminizadas\/somango-glue\/","url":"https:\/\/advancedseeds.com\/tienda\/feminizadas\/somango-glue\/","name":"Somango Glue - Advanced Seeds","isPartOf":{"@id":"https:\/\/advancedseeds.com\/#website"},"primaryImageOfPage":{"@id":"https:\/\/advancedseeds.com\/tienda\/feminizadas\/somango-glue\/#primaryimage"},"image":{"@id":"https:\/\/advancedseeds.com\/tienda\/feminizadas\/somango-glue\/#primaryimage"},"thumbnailUrl":"https:\/\/advancedseeds.com\/web\/wp-content\/uploads\/2021\/01\/Somango-Glue.jpg","datePublished":"2021-01-14T17:17:50+00:00","dateModified":"2025-03-22T14:53:44+00:00","breadcrumb":{"@id":"https:\/\/advancedseeds.com\/tienda\/feminizadas\/somango-glue\/#breadcrumb"},"inLanguage":"de","potentialAction":[{"@type":"ReadAction","target":["https:\/\/advancedseeds.com\/tienda\/feminizadas\/somango-glue\/"]}]},{"@type":"ImageObject","inLanguage":"de","@id":"https:\/\/advancedseeds.com\/tienda\/feminizadas\/somango-glue\/#primaryimage","url":"https:\/\/advancedseeds.com\/web\/wp-content\/uploads\/2021\/01\/Somango-Glue.jpg","contentUrl":"https:\/\/advancedseeds.com\/web\/wp-content\/uploads\/2021\/01\/Somango-Glue.jpg","width":1654,"height":2195},{"@type":"BreadcrumbList","@id":"https:\/\/advancedseeds.com\/tienda\/feminizadas\/somango-glue\/#breadcrumb","itemListElement":[{"@type":"ListItem","position":1,"name":"Home","item":"https:\/\/advancedseeds.com\/"},{"@type":"ListItem","position":2,"name":"Tienda","item":"https:\/\/advancedseeds.com\/"},{"@type":"ListItem","position":3,"name":"Somango Glue"}]},{"@type":"WebSite","@id":"https:\/\/advancedseeds.com\/#website","url":"https:\/\/advancedseeds.com\/","name":"Advanced Seeds","description":"Fortschrittliche Genetik in feminisierten und automatischen Samen.","publisher":{"@id":"https:\/\/advancedseeds.com\/#organization"},"potentialAction":[{"@type":"SearchAction","target":{"@type":"EntryPoint","urlTemplate":"https:\/\/advancedseeds.com\/?s={search_term_string}"},"query-input":{"@type":"PropertyValueSpecification","valueRequired":true,"valueName":"search_term_string"}}],"inLanguage":"de"},{"@type":"Organization","@id":"https:\/\/advancedseeds.com\/#organization","name":"Advanced Seeds","url":"https:\/\/advancedseeds.com\/","logo":{"@type":"ImageObject","inLanguage":"de","@id":"https:\/\/advancedseeds.com\/#\/schema\/logo\/image\/","url":"https:\/\/advancedseeds.com\/web\/wp-content\/uploads\/2021\/01\/logo-advanced.jpg","contentUrl":"https:\/\/advancedseeds.com\/web\/wp-content\/uploads\/2021\/01\/logo-advanced.jpg","width":600,"height":600,"caption":"Advanced Seeds"},"image":{"@id":"https:\/\/advancedseeds.com\/#\/schema\/logo\/image\/"}}]}},"_links":{"self":[{"href":"https:\/\/advancedseeds.com\/de\/wp-json\/wp\/v2\/product\/356","targetHints":{"allow":["GET"]}}],"collection":[{"href":"https:\/\/advancedseeds.com\/de\/wp-json\/wp\/v2\/product"}],"about":[{"href":"https:\/\/advancedseeds.com\/de\/wp-json\/wp\/v2\/types\/product"}],"replies":[{"embeddable":true,"href":"https:\/\/advancedseeds.com\/de\/wp-json\/wp\/v2\/comments?post=356"}],"wp:featuredmedia":[{"embeddable":true,"href":"https:\/\/advancedseeds.com\/de\/wp-json\/wp\/v2\/media\/19694"}],"wp:attachment":[{"href":"https:\/\/advancedseeds.com\/de\/wp-json\/wp\/v2\/media?parent=356"}],"wp:term":[{"taxonomy":"product_brand","embeddable":true,"href":"https:\/\/advancedseeds.com\/de\/wp-json\/wp\/v2\/product_brand?post=356"},{"taxonomy":"product_cat","embeddable":true,"href":"https:\/\/advancedseeds.com\/de\/wp-json\/wp\/v2\/product_cat?post=356"},{"taxonomy":"product_tag","embeddable":true,"href":"https:\/\/advancedseeds.com\/de\/wp-json\/wp\/v2\/product_tag?post=356"}],"curies":[{"name":"wp","href":"https:\/\/api.w.org\/{rel}","templated":true}]}}