{"id":4932,"date":"2022-03-10T17:05:59","date_gmt":"2022-03-10T16:05:59","guid":{"rendered":"https:\/\/advancedseeds.com\/web\/?post_type=product&#038;p=4932"},"modified":"2025-03-22T18:25:55","modified_gmt":"2025-03-22T17:25:55","slug":"auto-watermelon-og","status":"publish","type":"product","link":"https:\/\/advancedseeds.com\/de\/tienda\/automaticas\/auto-watermelon-og\/","title":{"rendered":"Auto Watermelon OG"},"content":{"rendered":"<p><span style=\"font-weight: 400\">Wenn Sie eine schnell bl\u00fchende Sorte anbauen m\u00f6chten, die eine hervorragende Produktion, einen k\u00f6stlichen Geschmack und eine der Wirkungen hat, auf die Sie achten m\u00fcssen... Las...<\/span> <a href=\"https:\/\/advancedseeds.com\/web\/categoria-producto\/automaticas\/\"><b>Autoflowering-Samen<\/b><\/a><b> Auto Watermelon OG<\/b><span style=\"font-weight: 400\"> von Advanced Seeds bieten ein einzigartiges Erlebnis mit ihrem Wassermelonengeschmack, gro\u00dfen Knospen, schneller Entwicklung und entspannender Wirkung. Sie sind perfekt f\u00fcr Z\u00fcchter, die eine gute Balance zwischen einfachem Anbau und au\u00dfergew\u00f6hnlichen Ergebnissen suchen.<\/span><\/p>\n<h2><b>Was sind die genetischen Eigenschaften dieser Samen?<\/b><\/h2>\n<p><span style=\"font-weight: 400\">Auto Watermelon OG ist ein ausgewogener Hybrid aus Indica und Sativa, geboren aus der <\/span><b>Kreuzung zwischen einer autoflowering mit dem Hybrid Melon Purple x Black OG<\/b><span style=\"font-weight: 400\">. Diese Genetik verleiht ihr besondere Eigenschaften: einerseits die Robustheit und entspannende Wirkung der Indica, andererseits die Lebendigkeit und den fruchtigen Geschmack der Sativa. Ihre Eltern verleihen ihr eine genetische Komplexit\u00e4t, die sich in einer Pflanze mit einem hohen Potenzial sowohl in Bezug auf die Produktion als auch auf die Knospenqualit\u00e4t niederschl\u00e4gt. Auch wenn es sich haupts\u00e4chlich um eine Indica handelt, ist der erste Teil der Wirkung sehr anregend.<\/span><\/p>\n<h2><b>Wie sieht das Auto Watermelon OG aus?<\/b><\/h2>\n<p><span style=\"font-weight: 400\">Auto Watermelon OG entwickelt eine mittelgro\u00dfe und robuste Struktur mit einer \u00fcppigen Verzweigung, die aus den unteren Teilen der Pflanze herausw\u00e4chst und eine f\u00fcr Hybridsorten typische Morphologie aufweist. Seine Bl\u00e4tter zeigen <\/span><b>Violett- und Schwarzt\u00f6ne<\/b><span style=\"font-weight: 400\">Die Knospen sind dicht, titanhart und mit einer gro\u00dfz\u00fcgigen Schicht von Trichomen bedeckt, sowohl die Bl\u00fctenkelche als auch die angrenzenden Bl\u00e4tter. Die Knospen sind dicht, hart wie Titan und mit einer gro\u00dfz\u00fcgigen Schicht von Trichomen bedeckt, sowohl die Bl\u00fctenkelche als auch die angrenzenden Bl\u00e4tter. Dieses Merkmal ist nicht nur \u00e4sthetisch ansprechend, sondern weist auch auf eine <\/span><b>hohe Konzentration von Terpenen und Flavonoiden<\/b><span style=\"font-weight: 400\">.<\/span><\/p>\n<h2><b>Wie werden diese Samen im Innen- und Au\u00dfenbereich angebaut?<\/b><\/h2>\n<h3><span style=\"font-weight: 400\">Innenanbau:<\/span><\/h3>\n<p><span style=\"font-weight: 400\">Auto Watermelon OG entfaltet sein volles Potenzial in Hydrokulturen, aber auch bei der Pflanzung in <\/span><b>T\u00f6pfe von 11 Litern oder mehr<\/b><span style=\"font-weight: 400\">. Wie bei anderen autoflowering Sorten wird eine Photoperiode von 20\/4 w\u00e4hrend der gesamten Lebensdauer der Pflanzen und ein gut bel\u00fcftetes Substrat empfohlen, damit sich das Wurzelsystem so schnell wie m\u00f6glich entwickeln kann. Es ist eine gute Idee zu <\/span><b>Mikro-Leben hinzuf\u00fcgen<\/b><span style=\"font-weight: 400\"> auf das Substrat und\/oder die ersten Bew\u00e4sserungen, entweder Trichoderma oder Mykorrhiza.<\/span><\/p>\n<h3><span style=\"font-weight: 400\">Anbau im Freien.<\/span><\/h3>\n<p><span style=\"font-weight: 400\">Diese Sorte passt sich gut an verschiedene Klimazonen an und kann eine H\u00f6he von bis zu 1,5 Metern erreichen. Ihre Widerstandsf\u00e4higkeit gegen\u00fcber ung\u00fcnstigen Witterungsbedingungen und Sch\u00e4dlingen macht sie zu einer soliden Wahl f\u00fcr Anbauer aller Stufen, insbesondere f\u00fcr unerfahrene. Interessant <\/span><b>Tutoren oder irgendeine Art von Struktur einrichten<\/b><span style=\"font-weight: 400\"> Die Zweige k\u00f6nnen durch ein Spalier gest\u00fctzt werden, von dem die Triebe im Laufe des Wachstums entfernt werden k\u00f6nnen, wodurch auch der Lichteinfall in den unteren und inneren Teil der Pflanzen verbessert wird.<\/span><\/p>\n<h2><b>Wann wird das Auto Watermelon OG geerntet?<\/b><\/h2>\n<p><span style=\"font-weight: 400\">Der komplette Zyklus dieser Sorte, von der Keimung des Setzlings bis zur Ernte der Knospen von Auto Watermelon OG indoor und outdoor dauert <\/span><b>zwischen 65 und 70 Tagen<\/b><span style=\"font-weight: 400\">. Wenn Sie eine eher k\u00f6rperliche und entspannende Wirkung w\u00fcnschen, lassen Sie sie eine weitere Woche reifen, aber wenn Sie es vorziehen, mehr psychoaktiv und euphorisch zu sein, schneiden Sie sie nach maximal 70 Tagen.<\/span><\/p>\n<h2><b>Wie viel Saatgut kann man produzieren?<\/b><\/h2>\n<p><span style=\"font-weight: 400\">Auto Watermelon OG ist bemerkenswert produktiv in Bezug auf Bl\u00fcten, Trichome, THC und Terpene. Im Innenbereich kann sie bis zu <\/span><b>550 g\/m\u00b2.<\/b><span style=\"font-weight: 400\"> von schweren Knospen unter trockenen Bedingungen, w\u00e4hrend im Freien jede Pflanze <\/span><b>zwischen 50 und 150 Gramm<\/b><span style=\"font-weight: 400\">. Diese hohe Produktion macht es zu einer ausgezeichneten Wahl f\u00fcr diejenigen, die eine Kombination aus Quantit\u00e4t und Qualit\u00e4t in der k\u00fcrzest m\u00f6glichen Zeit suchen.<\/span><\/p>\n<h2><b>Wie ist das Aroma und der Geschmack von Auto Watermelon OG?<\/b><\/h2>\n<p><span style=\"font-weight: 400\">Das Aroma- und Geschmacksprofil von Auto Watermelon OG ist eine seiner Hauptattraktionen. Vorwiegend <\/span><b>s\u00fc\u00dfe und erfrischende Noten von Wassermelone, mit einem erdigen Unterton<\/b><span style=\"font-weight: 400\"> was das Erlebnis noch komplexer macht. Beim Verzehr intensiviert sich der fruchtige Geschmack und hinterl\u00e4sst einen lang anhaltenden und sehr angenehmen Nachgeschmack. Es wird eine Reifezeit von mindestens 2 Monaten empfohlen, damit sich die organoleptischen Eigenschaften festigen und das restliche Chlorophyll vollst\u00e4ndig verschwinden kann.<\/span><\/p>\n<h2><b>Welche Wirkung hat dieses Marihuana?<\/b><\/h2>\n<p><span style=\"font-weight: 400\">Mit einem THC-Gehalt von mehr als <\/span><b>20%<\/b><span style=\"font-weight: 400\">Auto Watermelon OG hat eine ausgewogene Wirkung auf K\u00f6rper und Geist: <\/span><b>anregend und zerebral zu Beginn, gefolgt von einer tiefen und angenehmen k\u00f6rperlichen Entspannung<\/b><span style=\"font-weight: 400\">. Es ist perfekt f\u00fcr den Gebrauch am Nachmittag und Abend und hilft Ihnen, sich nach einem anstrengenden Tag zu entspannen, da es Ihnen hilft, den Problemen des t\u00e4glichen Lebens zu entfliehen.<\/span><\/p>\n<h2><b>Auto Watermelon OG zum besten Preis kaufen<\/b><\/h2>\n<p><span style=\"font-weight: 400\">F\u00fcr diejenigen, die nach einer Sorte mit einem einzigartigen Geschmacksprofil und einer ausgewogenen Wirkung suchen, sind die Auto Watermelon OG autoflowering Samen von Advanced Seeds die ideale Wahl. Kaufen Sie jetzt und erleben Sie den Anbau und den Genuss einer der k\u00f6stlichsten Sorten auf dem Markt!<\/span><\/p>\n<h2><b>H\u00e4ufig gestellte Fragen zum Auto Watermelon OG:<\/b><\/h2>\n<h3><span style=\"font-weight: 400\">Wie wirkt sich das Licht auf das Auto Watermelon OG in Innenr\u00e4umen aus?<\/span><\/h3>\n<p><span style=\"font-weight: 400\">Eine gute Beleuchtung ist entscheidend. F\u00fcr ein optimales Wachstum und eine \u00fcppige Bl\u00fcte wird Vollspektrum-LED-Licht empfohlen.<\/span><\/p>\n<h3><span style=\"font-weight: 400\">Wann ist der beste Zeitpunkt f\u00fcr die Ernte des Auto Watermelon OG?<\/span><\/h3>\n<p><span style=\"font-weight: 400\">Die Ernte ist fertig, wenn die Trichome ein milchiges oder bernsteinfarbenes Aussehen haben, was bedeutet, dass die Cannabinoide und Terpene ihren H\u00f6hepunkt erreicht haben.<\/span><\/p>\n<h3><span style=\"font-weight: 400\">Wie werden Sch\u00e4dlinge in Auto Watermelon OG bek\u00e4mpft?<\/span><\/h3>\n<p><span style=\"font-weight: 400\">Es ist ratsam, vorbeugende und biologische Methoden zur Sch\u00e4dlingsbek\u00e4mpfung anzuwenden und ein sauberes und gesundes Anbauumfeld zu erhalten.<\/span><\/p>\n<h3><span style=\"font-weight: 400\">Welche Topfgr\u00f6\u00dfe ist ideal f\u00fcr Auto Watermelon OG?<\/span><\/h3>\n<p><span style=\"font-weight: 400\">Im Innenbereich sind T\u00f6pfe mit 7 bis 11 Litern Inhalt ideal, w\u00e4hrend im Freien gr\u00f6\u00dfere T\u00f6pfe verwendet werden k\u00f6nnen, um eine bessere Wurzelentwicklung zu erm\u00f6glichen.<\/span><\/p>\n<p>&nbsp;<\/p>","protected":false},"excerpt":{"rendered":"<p>Hybrid 50% Indica-Sativa, der in seiner autoflowering Version das Beste von jedem seiner Elternteile Melon Purple und Black OG hervorbringt. Sie bietet eine gute Produktion von Knospen mit einer gro\u00dfen Menge an Harz in einer mittelgro\u00dfen Pflanze. Lila und schwarze T\u00f6ne in den Bl\u00e4ttern und Wassermelonenaroma mit einem Hauch von Kush.<\/p>\n<p>&nbsp;<\/p>","protected":false},"featured_media":19670,"comment_status":"open","ping_status":"closed","template":"","meta":{"_acf_changed":false},"product_brand":[],"product_cat":[70],"product_tag":[],"class_list":{"0":"post-4932","1":"product","2":"type-product","3":"status-publish","4":"has-post-thumbnail","6":"product_cat-automaticas","8":"first","9":"instock","10":"taxable","11":"shipping-taxable","12":"purchasable","13":"product-type-variable"},"acf":[],"yoast_head":"<!-- This site is optimized with the Yoast SEO Premium plugin v26.3 (Yoast SEO v26.6) - https:\/\/yoast.com\/wordpress\/plugins\/seo\/ -->\n<title>Auto Watermelon OG - Advanced Seeds<\/title>\n<meta name=\"robots\" content=\"index, follow, max-snippet:-1, max-image-preview:large, max-video-preview:-1\" \/>\n<link rel=\"canonical\" href=\"https:\/\/advancedseeds.com\/de\/tienda\/automaticas\/auto-watermelon-og\/\" \/>\n<meta property=\"og:locale\" content=\"de_DE\" \/>\n<meta property=\"og:type\" content=\"article\" \/>\n<meta property=\"og:title\" content=\"Auto Watermelon OG\" \/>\n<meta property=\"og:description\" content=\"H\u00edbrido al 50% indico- sativo que saca a relucir lo mejor de cada uno de sus parentales Melon Purple y Black OG en su versi\u00f3n autofloreciente. Ofrece una buena producci\u00f3n de cogollos con una gran cantidad de resina en una planta de porte medio. Tonos morados y negros en sus hojas y aroma a sand\u00eda con toques a kush.  &nbsp;\" \/>\n<meta property=\"og:url\" content=\"https:\/\/advancedseeds.com\/de\/tienda\/automaticas\/auto-watermelon-og\/\" \/>\n<meta property=\"og:site_name\" content=\"Advanced Seeds\" \/>\n<meta property=\"article:modified_time\" content=\"2025-03-22T17:25:55+00:00\" \/>\n<meta property=\"og:image\" content=\"https:\/\/advancedseeds.com\/web\/wp-content\/uploads\/2022\/03\/Auto-Watermelon-OG.jpg\" \/>\n\t<meta property=\"og:image:width\" content=\"1475\" \/>\n\t<meta property=\"og:image:height\" content=\"1957\" \/>\n\t<meta property=\"og:image:type\" content=\"image\/jpeg\" \/>\n<meta name=\"twitter:card\" content=\"summary_large_image\" \/>\n<meta name=\"twitter:label1\" content=\"Gesch\u00e4tzte Lesezeit\" \/>\n\t<meta name=\"twitter:data1\" content=\"5\u00a0Minuten\" \/>\n<script type=\"application\/ld+json\" class=\"yoast-schema-graph\">{\"@context\":\"https:\/\/schema.org\",\"@graph\":[{\"@type\":\"WebPage\",\"@id\":\"https:\/\/advancedseeds.com\/tienda\/automaticas\/auto-watermelon-og\/\",\"url\":\"https:\/\/advancedseeds.com\/tienda\/automaticas\/auto-watermelon-og\/\",\"name\":\"Auto Watermelon OG - Advanced Seeds\",\"isPartOf\":{\"@id\":\"https:\/\/advancedseeds.com\/#website\"},\"primaryImageOfPage\":{\"@id\":\"https:\/\/advancedseeds.com\/tienda\/automaticas\/auto-watermelon-og\/#primaryimage\"},\"image\":{\"@id\":\"https:\/\/advancedseeds.com\/tienda\/automaticas\/auto-watermelon-og\/#primaryimage\"},\"thumbnailUrl\":\"https:\/\/advancedseeds.com\/web\/wp-content\/uploads\/2022\/03\/Auto-Watermelon-OG.jpg\",\"datePublished\":\"2022-03-10T16:05:59+00:00\",\"dateModified\":\"2025-03-22T17:25:55+00:00\",\"breadcrumb\":{\"@id\":\"https:\/\/advancedseeds.com\/tienda\/automaticas\/auto-watermelon-og\/#breadcrumb\"},\"inLanguage\":\"de\",\"potentialAction\":[{\"@type\":\"ReadAction\",\"target\":[\"https:\/\/advancedseeds.com\/tienda\/automaticas\/auto-watermelon-og\/\"]}]},{\"@type\":\"ImageObject\",\"inLanguage\":\"de\",\"@id\":\"https:\/\/advancedseeds.com\/tienda\/automaticas\/auto-watermelon-og\/#primaryimage\",\"url\":\"https:\/\/advancedseeds.com\/web\/wp-content\/uploads\/2022\/03\/Auto-Watermelon-OG.jpg\",\"contentUrl\":\"https:\/\/advancedseeds.com\/web\/wp-content\/uploads\/2022\/03\/Auto-Watermelon-OG.jpg\",\"width\":1475,\"height\":1957},{\"@type\":\"BreadcrumbList\",\"@id\":\"https:\/\/advancedseeds.com\/tienda\/automaticas\/auto-watermelon-og\/#breadcrumb\",\"itemListElement\":[{\"@type\":\"ListItem\",\"position\":1,\"name\":\"Home\",\"item\":\"https:\/\/advancedseeds.com\/\"},{\"@type\":\"ListItem\",\"position\":2,\"name\":\"Tienda\",\"item\":\"https:\/\/advancedseeds.com\/\"},{\"@type\":\"ListItem\",\"position\":3,\"name\":\"Auto Watermelon OG\"}]},{\"@type\":\"WebSite\",\"@id\":\"https:\/\/advancedseeds.com\/#website\",\"url\":\"https:\/\/advancedseeds.com\/\",\"name\":\"Advanced Seeds\",\"description\":\"Gen\u00e9ticas Avanzadas en semillas feminizadas y autom\u00e1ticas.\",\"publisher\":{\"@id\":\"https:\/\/advancedseeds.com\/#organization\"},\"potentialAction\":[{\"@type\":\"SearchAction\",\"target\":{\"@type\":\"EntryPoint\",\"urlTemplate\":\"https:\/\/advancedseeds.com\/?s={search_term_string}\"},\"query-input\":{\"@type\":\"PropertyValueSpecification\",\"valueRequired\":true,\"valueName\":\"search_term_string\"}}],\"inLanguage\":\"de\"},{\"@type\":\"Organization\",\"@id\":\"https:\/\/advancedseeds.com\/#organization\",\"name\":\"Advanced Seeds\",\"url\":\"https:\/\/advancedseeds.com\/\",\"logo\":{\"@type\":\"ImageObject\",\"inLanguage\":\"de\",\"@id\":\"https:\/\/advancedseeds.com\/#\/schema\/logo\/image\/\",\"url\":\"https:\/\/advancedseeds.com\/web\/wp-content\/uploads\/2021\/01\/logo-advanced.jpg\",\"contentUrl\":\"https:\/\/advancedseeds.com\/web\/wp-content\/uploads\/2021\/01\/logo-advanced.jpg\",\"width\":600,\"height\":600,\"caption\":\"Advanced Seeds\"},\"image\":{\"@id\":\"https:\/\/advancedseeds.com\/#\/schema\/logo\/image\/\"}}]}<\/script>\n<!-- \/ Yoast SEO Premium plugin. -->","yoast_head_json":{"title":"Auto Watermelon OG - Advanced Seeds","robots":{"index":"index","follow":"follow","max-snippet":"max-snippet:-1","max-image-preview":"max-image-preview:large","max-video-preview":"max-video-preview:-1"},"canonical":"https:\/\/advancedseeds.com\/de\/tienda\/automaticas\/auto-watermelon-og\/","og_locale":"de_DE","og_type":"article","og_title":"Auto Watermelon OG","og_description":"H\u00edbrido al 50% indico- sativo que saca a relucir lo mejor de cada uno de sus parentales Melon Purple y Black OG en su versi\u00f3n autofloreciente. Ofrece una buena producci\u00f3n de cogollos con una gran cantidad de resina en una planta de porte medio. Tonos morados y negros en sus hojas y aroma a sand\u00eda con toques a kush.  &nbsp;","og_url":"https:\/\/advancedseeds.com\/de\/tienda\/automaticas\/auto-watermelon-og\/","og_site_name":"Advanced Seeds","article_modified_time":"2025-03-22T17:25:55+00:00","og_image":[{"width":1475,"height":1957,"url":"https:\/\/advancedseeds.com\/web\/wp-content\/uploads\/2022\/03\/Auto-Watermelon-OG.jpg","type":"image\/jpeg"}],"twitter_card":"summary_large_image","twitter_misc":{"Gesch\u00e4tzte Lesezeit":"5\u00a0Minuten"},"schema":{"@context":"https:\/\/schema.org","@graph":[{"@type":"WebPage","@id":"https:\/\/advancedseeds.com\/tienda\/automaticas\/auto-watermelon-og\/","url":"https:\/\/advancedseeds.com\/tienda\/automaticas\/auto-watermelon-og\/","name":"Auto Watermelon OG - Advanced Seeds","isPartOf":{"@id":"https:\/\/advancedseeds.com\/#website"},"primaryImageOfPage":{"@id":"https:\/\/advancedseeds.com\/tienda\/automaticas\/auto-watermelon-og\/#primaryimage"},"image":{"@id":"https:\/\/advancedseeds.com\/tienda\/automaticas\/auto-watermelon-og\/#primaryimage"},"thumbnailUrl":"https:\/\/advancedseeds.com\/web\/wp-content\/uploads\/2022\/03\/Auto-Watermelon-OG.jpg","datePublished":"2022-03-10T16:05:59+00:00","dateModified":"2025-03-22T17:25:55+00:00","breadcrumb":{"@id":"https:\/\/advancedseeds.com\/tienda\/automaticas\/auto-watermelon-og\/#breadcrumb"},"inLanguage":"de","potentialAction":[{"@type":"ReadAction","target":["https:\/\/advancedseeds.com\/tienda\/automaticas\/auto-watermelon-og\/"]}]},{"@type":"ImageObject","inLanguage":"de","@id":"https:\/\/advancedseeds.com\/tienda\/automaticas\/auto-watermelon-og\/#primaryimage","url":"https:\/\/advancedseeds.com\/web\/wp-content\/uploads\/2022\/03\/Auto-Watermelon-OG.jpg","contentUrl":"https:\/\/advancedseeds.com\/web\/wp-content\/uploads\/2022\/03\/Auto-Watermelon-OG.jpg","width":1475,"height":1957},{"@type":"BreadcrumbList","@id":"https:\/\/advancedseeds.com\/tienda\/automaticas\/auto-watermelon-og\/#breadcrumb","itemListElement":[{"@type":"ListItem","position":1,"name":"Home","item":"https:\/\/advancedseeds.com\/"},{"@type":"ListItem","position":2,"name":"Tienda","item":"https:\/\/advancedseeds.com\/"},{"@type":"ListItem","position":3,"name":"Auto Watermelon OG"}]},{"@type":"WebSite","@id":"https:\/\/advancedseeds.com\/#website","url":"https:\/\/advancedseeds.com\/","name":"Advanced Seeds","description":"Fortschrittliche Genetik in feminisierten und automatischen Samen.","publisher":{"@id":"https:\/\/advancedseeds.com\/#organization"},"potentialAction":[{"@type":"SearchAction","target":{"@type":"EntryPoint","urlTemplate":"https:\/\/advancedseeds.com\/?s={search_term_string}"},"query-input":{"@type":"PropertyValueSpecification","valueRequired":true,"valueName":"search_term_string"}}],"inLanguage":"de"},{"@type":"Organization","@id":"https:\/\/advancedseeds.com\/#organization","name":"Advanced Seeds","url":"https:\/\/advancedseeds.com\/","logo":{"@type":"ImageObject","inLanguage":"de","@id":"https:\/\/advancedseeds.com\/#\/schema\/logo\/image\/","url":"https:\/\/advancedseeds.com\/web\/wp-content\/uploads\/2021\/01\/logo-advanced.jpg","contentUrl":"https:\/\/advancedseeds.com\/web\/wp-content\/uploads\/2021\/01\/logo-advanced.jpg","width":600,"height":600,"caption":"Advanced Seeds"},"image":{"@id":"https:\/\/advancedseeds.com\/#\/schema\/logo\/image\/"}}]}},"_links":{"self":[{"href":"https:\/\/advancedseeds.com\/de\/wp-json\/wp\/v2\/product\/4932","targetHints":{"allow":["GET"]}}],"collection":[{"href":"https:\/\/advancedseeds.com\/de\/wp-json\/wp\/v2\/product"}],"about":[{"href":"https:\/\/advancedseeds.com\/de\/wp-json\/wp\/v2\/types\/product"}],"replies":[{"embeddable":true,"href":"https:\/\/advancedseeds.com\/de\/wp-json\/wp\/v2\/comments?post=4932"}],"wp:featuredmedia":[{"embeddable":true,"href":"https:\/\/advancedseeds.com\/de\/wp-json\/wp\/v2\/media\/19670"}],"wp:attachment":[{"href":"https:\/\/advancedseeds.com\/de\/wp-json\/wp\/v2\/media?parent=4932"}],"wp:term":[{"taxonomy":"product_brand","embeddable":true,"href":"https:\/\/advancedseeds.com\/de\/wp-json\/wp\/v2\/product_brand?post=4932"},{"taxonomy":"product_cat","embeddable":true,"href":"https:\/\/advancedseeds.com\/de\/wp-json\/wp\/v2\/product_cat?post=4932"},{"taxonomy":"product_tag","embeddable":true,"href":"https:\/\/advancedseeds.com\/de\/wp-json\/wp\/v2\/product_tag?post=4932"}],"curies":[{"name":"wp","href":"https:\/\/api.w.org\/{rel}","templated":true}]}}