{"id":4938,"date":"2022-03-10T17:05:59","date_gmt":"2022-03-10T16:05:59","guid":{"rendered":"https:\/\/advancedseeds.com\/web\/?post_type=product&#038;p=4938"},"modified":"2025-03-22T18:23:48","modified_gmt":"2025-03-22T17:23:48","slug":"auto-strawberry-banana","status":"publish","type":"product","link":"https:\/\/advancedseeds.com\/de\/tienda\/automaticas\/auto-strawberry-banana\/","title":{"rendered":"Auto Strawberry Banana"},"content":{"rendered":"<p><span style=\"font-weight: 400\">Die <\/span><a href=\"https:\/\/advancedseeds.com\/web\/categoria-producto\/automaticas\/\"><b>Autoflowering-Samen<\/b><\/a><b> Auto Strawberry Banana<\/b><span style=\"font-weight: 400\"> von Advanced Seeds sind die L\u00f6sung, die Sie f\u00fcr Ihre Ernte brauchen, denn diese kleinen Pflanzen kombinieren einen unschlagbar fruchtigen Geschmack mit einer einfachen, sehr schnellen und produktiven Kultivierung, ideal f\u00fcr jeden Cannabis-Liebhaber, egal ob ein Anf\u00e4nger oder ein echter \"gr\u00fcner Mann\".<\/span><\/p>\n<h2><b>Was sind die genetischen Eigenschaften dieser Samen?<\/b><\/h2>\n<p><span style=\"font-weight: 400\">Auto Strawberry Banana entstand aus der <\/span><b>eine Kreuzung zwischen einer Sorte mit Ruderalis-Vorfahren und der ber\u00fchmten <\/b><a href=\"https:\/\/advancedseeds.com\/web\/producto\/strawberry-banana\/\"><b>Sorte Strawberry Banana<\/b><\/a><span style=\"font-weight: 400\">die Banana Kush und Bubblegum in ihrer Genetik enth\u00e4lt. Diese Kombination hat zu einer leicht indicadominierten Sorte gef\u00fchrt, die ihr einen kr\u00e4ftigen Wuchs und eine robuste Struktur verleiht. Die Banana Kush-Genetik bringt tropische und s\u00fc\u00dfe Noten mit sich, w\u00e4hrend die Bubblegum einen unverwechselbaren sauren Geschmack bietet, was zu einer Sorte f\u00fchrt, die sich durch eine perfekte Balance zwischen Geschmack, Wirkung und einfachem Anbau auszeichnet.<\/span><\/p>\n<h2><b>Wie sieht Auto Strawberry Banana aus?<\/b><\/h2>\n<p><span style=\"font-weight: 400\">Auto Strawberry Banana hat eine imposante, solide Morphologie, typisch f\u00fcr Indica-Sorten, aber mit \u00fcberraschender Wucht. Ihre St\u00e4mme und \u00c4ste sind stark und k\u00f6nnen das Gewicht der Knospen tragen. Mit zunehmender Reife kann die Pflanze r\u00f6tliche T\u00f6ne in den Knospen aufweisen, die perfekt mit dem <\/span><b>orangefarbene Bl\u00fctenstempel<\/b><span style=\"font-weight: 400\"> die aus den Kelchen herausragen, die in diesem Fall gro\u00df und sehr sauber sind dank der <\/span><b>niedriger Blattanteil<\/b><span style=\"font-weight: 400\"> sie zeigen. Dieses Merkmal ist nicht nur optisch ansprechend, sondern erleichtert auch die Manik\u00fcre vor der Ernte.<\/span><\/p>\n<h2><b>Wie werden diese Samen im Innen- und Au\u00dfenbereich angebaut?<\/b><\/h2>\n<p><span style=\"font-weight: 400\">Auto Strawberry Banana ist eine Sorte, die sich sowohl f\u00fcr den Innen- als auch f\u00fcr den Au\u00dfenanbau hervorragend eignet. Es gibt mehrere Faktoren, die den Gesamtertrag der Pflanzen erh\u00f6hen k\u00f6nnen, wie zum Beispiel <\/span><b>die Menge des Substrats, die Qualit\u00e4t und die St\u00e4rke des Lichts sowie die Art des Anbaus<\/b><span style=\"font-weight: 400\">.\u00a0<\/span><\/p>\n<h3><span style=\"font-weight: 400\">Innenanbau: <\/span><\/h3>\n<p><span style=\"font-weight: 400\">Mit einem Lichtzyklus von 18\/6 oder 20\/4 erreicht diese Pflanze ihr volles Potenzial, und obwohl der Stromverbrauch h\u00f6her sein mag, glauben Sie mir, es lohnt sich. Sie k\u00f6nnen perfekt 9 Pflanzen\/m2 in 11-Liter-T\u00f6pfen oder bis zu 16 Pflanzen\/m2 in 7-Liter-T\u00f6pfen platzieren, in jedem Fall werden Sie den gesamten beleuchteten Raum mit gro\u00dfen Knospen f\u00fcllen.<\/span><\/p>\n<h3><span style=\"font-weight: 400\">Anbau im Freien: <\/span><\/h3>\n<p><span style=\"font-weight: 400\">Sie nutzt die nat\u00fcrlichen Bedingungen voll aus und entwickelt gr\u00f6\u00dfere und produktivere Pflanzen, wenn gen\u00fcgend Platz f\u00fcr die Pflanze und ihr Wurzelsystem vorhanden ist. Sie ist resistent gegen klimatische Schwankungen und Sch\u00e4dlinge, was sie zu einer sicheren Wahl f\u00fcr Anbauer aller Stufen macht. Sie k\u00f6nnen die Samen direkt in T\u00f6pfe mit einem Volumen von mehr als 20 Litern pflanzen, was eine gute Idee sein kann. <\/span><b>Vermittlung von Tutoren oder F\u00fchrern<\/b><span style=\"font-weight: 400\"> um die Zweige zu st\u00fctzen und zu verhindern, dass sie bei Wind oder Regen brechen, da dies auch eine h\u00f6here Knospenbildung f\u00f6rdert.<\/span><\/p>\n<h2><b>Wann wird der Auto Strawberry Banana geerntet?<\/b><\/h2>\n<p><span style=\"font-weight: 400\">Im Innenbereich ist Auto Strawberry Banana erntereif nach <\/span><b>65-70 Tage ab Keimung<\/b><span style=\"font-weight: 400\">Sie bietet einen schnellen und produktiven Zyklus. Im Freien kann sie den ganzen Sommer und Herbst \u00fcber geerntet werden, aber die beste Zeit f\u00fcr den Anbau ist vom sp\u00e4ten Fr\u00fchjahr bis zum Sp\u00e4tsommer. Dieser schnelle Zyklus macht sie zu einer idealen Wahl f\u00fcr diejenigen, die mehrere Ernten in derselben Saison anstreben.<\/span><\/p>\n<h2><b>Wie viel Saatgut kann man produzieren?<\/b><\/h2>\n<p><span style=\"font-weight: 400\">Auto Strawberry Banana ist f\u00fcr ihre beeindruckenden Ertr\u00e4ge bekannt, seien es Bl\u00fcten, Harz, Terpene oder Flavonoide. Im Innenbereich k\u00f6nnen die Z\u00fcchter Folgendes erwarten <\/span><b>etwa 500 g\/m\u00b2.<\/b><span style=\"font-weight: 400\">. Im Freien kann jede Pflanze eine H\u00f6he von <\/span><b>Produktion von mehr als 100 g<\/b><span style=\"font-weight: 400\">besonders bei optimalen Licht- und N\u00e4hrstoffbedingungen. Au\u00dferdem kann jeder dank der einfachen Kultivierung und der Widerstandsf\u00e4higkeit dieser Samen unglaubliche Zahlen erreichen.<\/span><\/p>\n<h2><b>Wie ist das Aroma und der Geschmack von Auto Strawberry Banana?<\/b><\/h2>\n<p><span style=\"font-weight: 400\">Das Aroma und der Geschmack von Auto Strawberry Banana sind ein einzigartiges sensorisches Erlebnis, zu dem man immer wieder zur\u00fcckkehren m\u00f6chte... Mit einem Geschmacksprofil, das <\/span><b>kombiniert saure Erdbeere und Banane<\/b><span style=\"font-weight: 400\">Beim Rauchen oder Verdampfen bietet diese Sorte einen lang anhaltenden und angenehmen Nachgeschmack. Beim Rauchen oder Verdampfen intensivieren sich diese fruchtigen Noten und bieten ein reichhaltiges und komplexes Geschmackserlebnis, das stundenlang im Mund verweilt.<\/span><\/p>\n<h2><b>Welche Wirkung hat dieses Marihuana?<\/b><\/h2>\n<p><span style=\"font-weight: 400\">Mit einem Inhalt von <\/span><b>THC aus 20%<\/b><span style=\"font-weight: 400\">Auto Strawberry Banana bietet eine Wirkung, die k\u00f6rperlich und geistig ausgeglichen und angenehm ist wie kaum eine andere. Es ist <\/span><b>ideal zum Entspannen am Ende des Tages<\/b><span style=\"font-weight: 400\">Sie hat eine beruhigende und angenehme Wirkung, sowohl k\u00f6rperlich als auch geistig. Ihre Ausgewogenheit zwischen Indica und Sativa macht sie f\u00fcr verschiedene Tageszeiten geeignet und bietet sowohl Entspannung als auch eine leichte kreative Stimulation, aber wenn Sie k\u00f6rperliche Aufgaben zu erf\u00fcllen haben, ist es besser, es f\u00fcr die Abende zu verlassen, weil Sie das Risiko von <\/span><b>Gefahr, geb\u00fcgelt auf dem Sofa zu landen<\/b><span style=\"font-weight: 400\">.<\/span><\/p>\n<h2><b>Auto Strawberry Banana zum besten Preis kaufen<\/b><\/h2>\n<p><span style=\"font-weight: 400\">Sind Sie bereit, eine Sorte mit einem unschlagbaren Geschmack und einem sehr einfachen und dankbaren Anbau zu genie\u00dfen? Auto Strawberry Banana autoflowering Samen von Advanced Seeds sind Ihre beste Wahl. Kaufen Sie Ihre Samen noch heute und genie\u00dfen Sie eine der schmackhaftesten und produktivsten Sorten auf dem Markt.<\/span><\/p>\n<h2><b>H\u00e4ufig gestellte Fragen zu Strwberry Banana:<\/b><\/h2>\n<h3><span style=\"font-weight: 400\">Welche Art von N\u00e4hrstoffen bevorzugt Auto Strawberry Banana?<\/span><\/h3>\n<p><span style=\"font-weight: 400\">Bevorzugen Sie ausgewogene N\u00e4hrstoffe mit Schwerpunkt auf Kalium und Phosphor w\u00e4hrend der Bl\u00fctezeit, um die Knospenproduktion zu maximieren.<\/span><\/p>\n<h3><span style=\"font-weight: 400\">Welchen Einfluss hat die Temperatur auf die Kultivierung von Auto Strawberry Banana?<\/span><\/h3>\n<p><span style=\"font-weight: 400\">Gem\u00e4\u00dfigte Temperaturen beg\u00fcnstigen eine bessere Entwicklung. Die Vermeidung von extremer Hitze oder K\u00e4lte ist f\u00fcr die Erhaltung ihrer Gesundheit und Produktion von entscheidender Bedeutung.<\/span><\/p>\n<h3><span style=\"font-weight: 400\">Ist Auto Strawberry Banana f\u00fcr Anf\u00e4nger geeignet?<\/span><\/h3>\n<p><span style=\"font-weight: 400\">Ja, ihre einfache Kultivierung und ihre Widerstandsf\u00e4higkeit machen sie ideal f\u00fcr Anf\u00e4nger und erfahrene Z\u00fcchter gleicherma\u00dfen.<\/span><\/p>\n<h3><span style=\"font-weight: 400\">Wie lassen sich die Knospen von Auto Strawberry Banana am besten trocknen und aush\u00e4rten?<\/span><\/h3>\n<p><span style=\"font-weight: 400\">Die langsame Trocknung und die richtige Reifung in einer kontrollierten Umgebung verbessern sein Aroma- und Geschmacksprofil. Es wird eine Reifezeit von mindestens zwei Monaten empfohlen.<\/span><\/p>","protected":false},"excerpt":{"rendered":"<p>Automatische Version von Strawberry Banana. Eine sehr kr\u00e4ftige Pflanze, die eine starke Verzweigung entwickelt und dicke, l\u00e4ngliche Knospen mit r\u00f6tlicher F\u00e4rbung hervorbringt. Ihre Bl\u00fcten zeichnen sich wie ihre Vorg\u00e4ngerin durch ein starkes fruchtiges Aroma aus, das an saure Erdbeere und Banane erinnert.<\/p>","protected":false},"featured_media":19668,"comment_status":"open","ping_status":"closed","template":"","meta":{"_acf_changed":false},"product_brand":[],"product_cat":[70],"product_tag":[],"class_list":{"0":"post-4938","1":"product","2":"type-product","3":"status-publish","4":"has-post-thumbnail","6":"product_cat-automaticas","8":"first","9":"instock","10":"taxable","11":"shipping-taxable","12":"purchasable","13":"product-type-variable"},"acf":[],"yoast_head":"<!-- This site is optimized with the Yoast SEO Premium plugin v26.3 (Yoast SEO v26.6) - https:\/\/yoast.com\/wordpress\/plugins\/seo\/ -->\n<title>Auto Strawberry Banana - Advanced Seeds<\/title>\n<meta name=\"robots\" content=\"index, follow, max-snippet:-1, max-image-preview:large, max-video-preview:-1\" \/>\n<link rel=\"canonical\" href=\"https:\/\/advancedseeds.com\/de\/tienda\/automaticas\/auto-strawberry-banana\/\" \/>\n<meta property=\"og:locale\" content=\"de_DE\" \/>\n<meta property=\"og:type\" content=\"article\" \/>\n<meta property=\"og:title\" content=\"Auto Strawberry Banana\" \/>\n<meta property=\"og:description\" content=\"Versi\u00f3n autom\u00e1tica de Strawberry Banana. Planta de gran vigor que desarrolla una gran ramificaci\u00f3n, produciendo cogollos gruesos y alargados con tonos rojizos. Sus flores, al igual que en su predecesora, destacan por desprender un fuerte aroma afrutado que recuerda a fresa \u00e1cida y banana.\" \/>\n<meta property=\"og:url\" content=\"https:\/\/advancedseeds.com\/de\/tienda\/automaticas\/auto-strawberry-banana\/\" \/>\n<meta property=\"og:site_name\" content=\"Advanced Seeds\" \/>\n<meta property=\"article:modified_time\" content=\"2025-03-22T17:23:48+00:00\" \/>\n<meta property=\"og:image\" content=\"https:\/\/advancedseeds.com\/web\/wp-content\/uploads\/2022\/03\/Auto-Strawberry-Banana-scaled.jpg\" \/>\n\t<meta property=\"og:image:width\" content=\"1929\" \/>\n\t<meta property=\"og:image:height\" content=\"2560\" \/>\n\t<meta property=\"og:image:type\" content=\"image\/jpeg\" \/>\n<meta name=\"twitter:card\" content=\"summary_large_image\" \/>\n<meta name=\"twitter:label1\" content=\"Gesch\u00e4tzte Lesezeit\" \/>\n\t<meta name=\"twitter:data1\" content=\"5\u00a0Minuten\" \/>\n<script type=\"application\/ld+json\" class=\"yoast-schema-graph\">{\"@context\":\"https:\/\/schema.org\",\"@graph\":[{\"@type\":\"WebPage\",\"@id\":\"https:\/\/advancedseeds.com\/tienda\/automaticas\/auto-strawberry-banana\/\",\"url\":\"https:\/\/advancedseeds.com\/tienda\/automaticas\/auto-strawberry-banana\/\",\"name\":\"Auto Strawberry Banana - Advanced Seeds\",\"isPartOf\":{\"@id\":\"https:\/\/advancedseeds.com\/#website\"},\"primaryImageOfPage\":{\"@id\":\"https:\/\/advancedseeds.com\/tienda\/automaticas\/auto-strawberry-banana\/#primaryimage\"},\"image\":{\"@id\":\"https:\/\/advancedseeds.com\/tienda\/automaticas\/auto-strawberry-banana\/#primaryimage\"},\"thumbnailUrl\":\"https:\/\/advancedseeds.com\/web\/wp-content\/uploads\/2022\/03\/Auto-Strawberry-Banana-scaled.jpg\",\"datePublished\":\"2022-03-10T16:05:59+00:00\",\"dateModified\":\"2025-03-22T17:23:48+00:00\",\"breadcrumb\":{\"@id\":\"https:\/\/advancedseeds.com\/tienda\/automaticas\/auto-strawberry-banana\/#breadcrumb\"},\"inLanguage\":\"de\",\"potentialAction\":[{\"@type\":\"ReadAction\",\"target\":[\"https:\/\/advancedseeds.com\/tienda\/automaticas\/auto-strawberry-banana\/\"]}]},{\"@type\":\"ImageObject\",\"inLanguage\":\"de\",\"@id\":\"https:\/\/advancedseeds.com\/tienda\/automaticas\/auto-strawberry-banana\/#primaryimage\",\"url\":\"https:\/\/advancedseeds.com\/web\/wp-content\/uploads\/2022\/03\/Auto-Strawberry-Banana-scaled.jpg\",\"contentUrl\":\"https:\/\/advancedseeds.com\/web\/wp-content\/uploads\/2022\/03\/Auto-Strawberry-Banana-scaled.jpg\",\"width\":1929,\"height\":2560},{\"@type\":\"BreadcrumbList\",\"@id\":\"https:\/\/advancedseeds.com\/tienda\/automaticas\/auto-strawberry-banana\/#breadcrumb\",\"itemListElement\":[{\"@type\":\"ListItem\",\"position\":1,\"name\":\"Home\",\"item\":\"https:\/\/advancedseeds.com\/\"},{\"@type\":\"ListItem\",\"position\":2,\"name\":\"Tienda\",\"item\":\"https:\/\/advancedseeds.com\/\"},{\"@type\":\"ListItem\",\"position\":3,\"name\":\"Auto Strawberry Banana\"}]},{\"@type\":\"WebSite\",\"@id\":\"https:\/\/advancedseeds.com\/#website\",\"url\":\"https:\/\/advancedseeds.com\/\",\"name\":\"Advanced Seeds\",\"description\":\"Gen\u00e9ticas Avanzadas en semillas feminizadas y autom\u00e1ticas.\",\"publisher\":{\"@id\":\"https:\/\/advancedseeds.com\/#organization\"},\"potentialAction\":[{\"@type\":\"SearchAction\",\"target\":{\"@type\":\"EntryPoint\",\"urlTemplate\":\"https:\/\/advancedseeds.com\/?s={search_term_string}\"},\"query-input\":{\"@type\":\"PropertyValueSpecification\",\"valueRequired\":true,\"valueName\":\"search_term_string\"}}],\"inLanguage\":\"de\"},{\"@type\":\"Organization\",\"@id\":\"https:\/\/advancedseeds.com\/#organization\",\"name\":\"Advanced Seeds\",\"url\":\"https:\/\/advancedseeds.com\/\",\"logo\":{\"@type\":\"ImageObject\",\"inLanguage\":\"de\",\"@id\":\"https:\/\/advancedseeds.com\/#\/schema\/logo\/image\/\",\"url\":\"https:\/\/advancedseeds.com\/web\/wp-content\/uploads\/2021\/01\/logo-advanced.jpg\",\"contentUrl\":\"https:\/\/advancedseeds.com\/web\/wp-content\/uploads\/2021\/01\/logo-advanced.jpg\",\"width\":600,\"height\":600,\"caption\":\"Advanced Seeds\"},\"image\":{\"@id\":\"https:\/\/advancedseeds.com\/#\/schema\/logo\/image\/\"}}]}<\/script>\n<!-- \/ Yoast SEO Premium plugin. -->","yoast_head_json":{"title":"Auto Strawberry Banana - Advanced Seeds","robots":{"index":"index","follow":"follow","max-snippet":"max-snippet:-1","max-image-preview":"max-image-preview:large","max-video-preview":"max-video-preview:-1"},"canonical":"https:\/\/advancedseeds.com\/de\/tienda\/automaticas\/auto-strawberry-banana\/","og_locale":"de_DE","og_type":"article","og_title":"Auto Strawberry Banana","og_description":"Versi\u00f3n autom\u00e1tica de Strawberry Banana. Planta de gran vigor que desarrolla una gran ramificaci\u00f3n, produciendo cogollos gruesos y alargados con tonos rojizos. Sus flores, al igual que en su predecesora, destacan por desprender un fuerte aroma afrutado que recuerda a fresa \u00e1cida y banana.","og_url":"https:\/\/advancedseeds.com\/de\/tienda\/automaticas\/auto-strawberry-banana\/","og_site_name":"Advanced Seeds","article_modified_time":"2025-03-22T17:23:48+00:00","og_image":[{"width":1929,"height":2560,"url":"https:\/\/advancedseeds.com\/web\/wp-content\/uploads\/2022\/03\/Auto-Strawberry-Banana-scaled.jpg","type":"image\/jpeg"}],"twitter_card":"summary_large_image","twitter_misc":{"Gesch\u00e4tzte Lesezeit":"5\u00a0Minuten"},"schema":{"@context":"https:\/\/schema.org","@graph":[{"@type":"WebPage","@id":"https:\/\/advancedseeds.com\/tienda\/automaticas\/auto-strawberry-banana\/","url":"https:\/\/advancedseeds.com\/tienda\/automaticas\/auto-strawberry-banana\/","name":"Auto Strawberry Banana - Advanced Seeds","isPartOf":{"@id":"https:\/\/advancedseeds.com\/#website"},"primaryImageOfPage":{"@id":"https:\/\/advancedseeds.com\/tienda\/automaticas\/auto-strawberry-banana\/#primaryimage"},"image":{"@id":"https:\/\/advancedseeds.com\/tienda\/automaticas\/auto-strawberry-banana\/#primaryimage"},"thumbnailUrl":"https:\/\/advancedseeds.com\/web\/wp-content\/uploads\/2022\/03\/Auto-Strawberry-Banana-scaled.jpg","datePublished":"2022-03-10T16:05:59+00:00","dateModified":"2025-03-22T17:23:48+00:00","breadcrumb":{"@id":"https:\/\/advancedseeds.com\/tienda\/automaticas\/auto-strawberry-banana\/#breadcrumb"},"inLanguage":"de","potentialAction":[{"@type":"ReadAction","target":["https:\/\/advancedseeds.com\/tienda\/automaticas\/auto-strawberry-banana\/"]}]},{"@type":"ImageObject","inLanguage":"de","@id":"https:\/\/advancedseeds.com\/tienda\/automaticas\/auto-strawberry-banana\/#primaryimage","url":"https:\/\/advancedseeds.com\/web\/wp-content\/uploads\/2022\/03\/Auto-Strawberry-Banana-scaled.jpg","contentUrl":"https:\/\/advancedseeds.com\/web\/wp-content\/uploads\/2022\/03\/Auto-Strawberry-Banana-scaled.jpg","width":1929,"height":2560},{"@type":"BreadcrumbList","@id":"https:\/\/advancedseeds.com\/tienda\/automaticas\/auto-strawberry-banana\/#breadcrumb","itemListElement":[{"@type":"ListItem","position":1,"name":"Home","item":"https:\/\/advancedseeds.com\/"},{"@type":"ListItem","position":2,"name":"Tienda","item":"https:\/\/advancedseeds.com\/"},{"@type":"ListItem","position":3,"name":"Auto Strawberry Banana"}]},{"@type":"WebSite","@id":"https:\/\/advancedseeds.com\/#website","url":"https:\/\/advancedseeds.com\/","name":"Advanced Seeds","description":"Fortschrittliche Genetik in feminisierten und automatischen Samen.","publisher":{"@id":"https:\/\/advancedseeds.com\/#organization"},"potentialAction":[{"@type":"SearchAction","target":{"@type":"EntryPoint","urlTemplate":"https:\/\/advancedseeds.com\/?s={search_term_string}"},"query-input":{"@type":"PropertyValueSpecification","valueRequired":true,"valueName":"search_term_string"}}],"inLanguage":"de"},{"@type":"Organization","@id":"https:\/\/advancedseeds.com\/#organization","name":"Advanced Seeds","url":"https:\/\/advancedseeds.com\/","logo":{"@type":"ImageObject","inLanguage":"de","@id":"https:\/\/advancedseeds.com\/#\/schema\/logo\/image\/","url":"https:\/\/advancedseeds.com\/web\/wp-content\/uploads\/2021\/01\/logo-advanced.jpg","contentUrl":"https:\/\/advancedseeds.com\/web\/wp-content\/uploads\/2021\/01\/logo-advanced.jpg","width":600,"height":600,"caption":"Advanced Seeds"},"image":{"@id":"https:\/\/advancedseeds.com\/#\/schema\/logo\/image\/"}}]}},"_links":{"self":[{"href":"https:\/\/advancedseeds.com\/de\/wp-json\/wp\/v2\/product\/4938","targetHints":{"allow":["GET"]}}],"collection":[{"href":"https:\/\/advancedseeds.com\/de\/wp-json\/wp\/v2\/product"}],"about":[{"href":"https:\/\/advancedseeds.com\/de\/wp-json\/wp\/v2\/types\/product"}],"replies":[{"embeddable":true,"href":"https:\/\/advancedseeds.com\/de\/wp-json\/wp\/v2\/comments?post=4938"}],"wp:featuredmedia":[{"embeddable":true,"href":"https:\/\/advancedseeds.com\/de\/wp-json\/wp\/v2\/media\/19668"}],"wp:attachment":[{"href":"https:\/\/advancedseeds.com\/de\/wp-json\/wp\/v2\/media?parent=4938"}],"wp:term":[{"taxonomy":"product_brand","embeddable":true,"href":"https:\/\/advancedseeds.com\/de\/wp-json\/wp\/v2\/product_brand?post=4938"},{"taxonomy":"product_cat","embeddable":true,"href":"https:\/\/advancedseeds.com\/de\/wp-json\/wp\/v2\/product_cat?post=4938"},{"taxonomy":"product_tag","embeddable":true,"href":"https:\/\/advancedseeds.com\/de\/wp-json\/wp\/v2\/product_tag?post=4938"}],"curies":[{"name":"wp","href":"https:\/\/api.w.org\/{rel}","templated":true}]}}