{"id":6932,"date":"2022-10-10T09:00:19","date_gmt":"2022-10-10T08:00:19","guid":{"rendered":"https:\/\/advancedseeds.com\/web\/?post_type=product&#038;p=6932"},"modified":"2025-03-22T18:10:04","modified_gmt":"2025-03-22T17:10:04","slug":"auto-banana-cookies","status":"publish","type":"product","link":"https:\/\/advancedseeds.com\/de\/tienda\/automaticas\/auto-banana-cookies\/","title":{"rendered":"Auto Banana Cookies"},"content":{"rendered":"<p><span style=\"font-weight: 400\">Auf der Suche nach <\/span><a href=\"https:\/\/advancedseeds.com\/web\/\"><span style=\"font-weight: 400\">Marihuana-Samen<\/span><\/a><span style=\"font-weight: 400\"> Du wei\u00dft gar nicht, wie viel Gl\u00fcck du hattest, mein Freund! Die <\/span><a href=\"https:\/\/advancedseeds.com\/web\/categoria-producto\/automaticas\/\"><b>Autoflowering-Samen<\/b><\/a><b> Auto Banana Cookies von Advanced Seeds<\/b><span style=\"font-weight: 400\"> sind ein Fest f\u00fcr die Sinne, mit s\u00fc\u00dfen Bananenaromen und einem THC-Gehalt, der Sie \u00fcberraschen wird.<\/span><\/p>\n<h2><b>Was sind die genetischen Eigenschaften dieser Samen?<\/b><\/h2>\n<p><span style=\"font-weight: 400\">Auto Banana Cookies von Advanced Seeds ist ein wahres Cannabis-Juwel in Bezug auf die Genetik. Diese Samen sind das Ergebnis der Kombination der <\/span><b>Cookies Genetik<\/b><span style=\"font-weight: 400\">ber\u00fchmt f\u00fcr ihre Sanftmut, mit der <\/span><b>Hauch von Banana Kush<\/b><span style=\"font-weight: 400\"> um einen einzigartigen fruchtigen Geschmack hinzuzuf\u00fcgen. Das Ergebnis ist eine vorwiegend Indica-Sorte, die ihren THC-Gehalt in ungeahnte H\u00f6hen treibt, wie es bei automatisch bl\u00fchenden Sorten der Fall ist. Diese Kombination von Genetik macht sie zu einer au\u00dfergew\u00f6hnlichen Wahl f\u00fcr Marihuana-Liebhaber mit einem anspruchsvollen Gaumen.<\/span><\/p>\n<h2><b>Wie sieht Auto Banana Cookies aus?<\/b><\/h2>\n<p><span style=\"font-weight: 400\">Auto Banana Cookies ist eine Marihuanapflanze, die vom ersten Blick an beeindruckt. Sie entwickelt dichte, harzige Buds, die mit gro\u00dfen, auff\u00e4lligen Trichomen gl\u00e4nzen. Dar\u00fcber hinaus kann sie dank ihrer robusten Struktur zu bemerkenswerten H\u00f6hen heranwachsen, vor allem, wenn sie gen\u00fcgend Substrat und Licht erh\u00e4lt. Diese Pflanze ist ein Wunder f\u00fcr Z\u00fcchter, die nach gro\u00dfz\u00fcgigen Ertr\u00e4gen ohne viel Aufwand suchen, denn selbst die unerfahrensten Z\u00fcchter werden Ernten erzielen, von denen sie nicht zu tr\u00e4umen wagten.<\/span><\/p>\n<h2><b>Wie werden diese Samen im Innen- und Au\u00dfenbereich angebaut?<\/b><\/h2>\n<h3><span style=\"font-weight: 400\">Innenanbau:<\/span><\/h3>\n<p><span style=\"font-weight: 400\">Um das Beste aus Auto Banana Cookies im Haus herauszuholen, ist es wichtig, die richtigen Bedingungen in Bezug auf Licht und Substrat zu schaffen. Eine Photoperiode von 18\/6 oder 20\/4 wird w\u00e4hrend der gesamten Wachstumsperiode empfohlen, um das Wachstum zu optimieren. Stellen Sie au\u00dferdem sicher, dass Sie \u00fcber eine hochwertige Beleuchtung verf\u00fcgen, vorzugsweise LEDs der neuesten Generation, und befolgen Sie gute Anbaupraktiken, wie z. B. das Vermeiden von \u00dcberw\u00e4sserung, was ein typischer Fehler bei Samen dieser Art ist.<\/span><\/p>\n<h3><span style=\"font-weight: 400\">Anbau im Freien:<\/span><\/h3>\n<p><span style=\"font-weight: 400\">Im Freien gedeiht die Auto Banana Cookies noch besser als im Haus. Idealerweise keimen die Samen im mittleren bis sp\u00e4ten Fr\u00fchjahr, und sobald die Samen gekeimt sind, pflanzen Sie sie in ihren endg\u00fcltigen Topf. Die Pflanze gedeiht bei ausreichender direkter Sonneneinstrahlung und kann unter idealen Bedingungen eine beachtliche H\u00f6he erreichen, insbesondere wenn sie in T\u00f6pfe mit mehr als 20 Litern Erde gepflanzt wird.<\/span><\/p>\n<h2><b>Wann wird Auto Banana Cookies geerntet?<\/b><\/h2>\n<p><span style=\"font-weight: 400\">Im Innenbereich betr\u00e4gt die vollst\u00e4ndige Zykluszeit von Auto Banana Cookies 9 bis 10 Wochen ab der Keimung der Samen. Wenn Sie den Anbau im Freien bevorzugen, k\u00f6nnen Sie nach etwa 70 Tagen nach dem Keimen der Pflanzen ernten. Dies gibt Ihnen die M\u00f6glichkeit, qualitativ hochwertige Knospen in einem relativ kurzen Zeitraum zu erhalten.<\/span><\/p>\n<h2><b>Wie viel produzieren diese Samen?<\/b><\/h2>\n<p><span style=\"font-weight: 400\">Auto Banana Cookies ist f\u00fcr seine Gro\u00dfz\u00fcgigkeit in Bezug auf den Ertrag bekannt. Im Innenbereich kann man unter den richtigen Bedingungen bis zu 500 Gramm pro Quadratmeter erzielen. Im Freien kann diese Sorte Sie sogar noch mehr \u00fcberraschen, mit Ertr\u00e4gen von mehr als 150 Gramm pro Pflanze bei vielen Gelegenheiten.<\/span><\/p>\n<h2><b>Wie ist der Geruch und Geschmack von Auto Banana Cookies?<\/b><\/h2>\n<p><span style=\"font-weight: 400\">Dieses Weed erfreut Ihre Geschmacksrezeptoren mit einem au\u00dfergew\u00f6hnlichen Geschmack und Aroma. Erleben Sie eine einzigartige Kombination aus Bananens\u00fc\u00dfe mit Noten von Keksen und einem Unterton, der an die beste OG erinnert. Diese Sorte ist die perfekte Wahl f\u00fcr Liebhaber von fruchtigen und s\u00fc\u00dfen Geschmacksrichtungen.<\/span><\/p>\n<h2><b>Welche Wirkung hat dieses Marihuana?<\/b><\/h2>\n<p><span style=\"font-weight: 400\">Auto Banana Cookies ist eine Sorte, die sich nicht nur durch ihren Geschmack und Ertrag auszeichnet, sondern auch durch ihre starke Wirkung. Mit einem beeindruckenden THC-Gehalt von 24% werden Sie sowohl geistig als auch k\u00f6rperlich eine tiefe Entspannung erfahren. Sie ist ideal, um sie am Ende des Tages oder nach dem Training zu genie\u00dfen, aber \u00fcbertreibe es nicht, damit die Wirkung nicht mit der Schlafenszeit kollidiert.<\/span><\/p>\n<h2><b>Auto Banana Cookies zum besten Preis kaufen<\/b><\/h2>\n<p><span style=\"font-weight: 400\">Warten Sie nicht l\u00e4nger und kaufen Sie Ihre Auto Banana Cookies-Samen von Advanced Seeds mit dem besten Qualit\u00e4ts-\/Preisverh\u00e4ltnis auf dem Markt und der gr\u00f6\u00dftm\u00f6glichen Frische. Bestellen Sie jetzt und entdecken Sie, warum Auto Banana Cookies einer der Favoriten unter den autoflowering Marihuanakonsumenten ist.<\/span><\/p>\n<h2><b>H\u00e4ufig gestellte Fragen \u00fcber Auto Banana Cookies:<\/b><\/h2>\n<h3><span style=\"font-weight: 400\">Wie hoch ist der THC-Gehalt von Auto Banana Cookies?<\/span><\/h3>\n<p><span style=\"font-weight: 400\">Auto Banana Cookies kann einen beeindruckenden Wert von 24% THC erreichen.<\/span><\/p>\n<h3><span style=\"font-weight: 400\">Ist diese Sorte eine Indica oder eine Sativa?<\/span><\/h3>\n<p><span style=\"font-weight: 400\">Diese Sorte ist \u00fcberwiegend eine Indica.<\/span><\/p>\n<h3><span style=\"font-weight: 400\">Wie lange dauert der komplette Indoor-Zyklus?<\/span><\/h3>\n<p><span style=\"font-weight: 400\">In Innenr\u00e4umen betr\u00e4gt der gesamte Zyklus 10 Wochen ab der Keimung der Samen.<\/span><\/p>","protected":false},"excerpt":{"rendered":"<p>-<\/p>","protected":false},"featured_media":6948,"comment_status":"open","ping_status":"closed","template":"","meta":{"_acf_changed":false},"product_brand":[],"product_cat":[70],"product_tag":[],"class_list":{"0":"post-6932","1":"product","2":"type-product","3":"status-publish","4":"has-post-thumbnail","6":"product_cat-automaticas","8":"first","9":"instock","10":"taxable","11":"shipping-taxable","12":"purchasable","13":"product-type-variable"},"acf":[],"yoast_head":"<!-- This site is optimized with the Yoast SEO Premium plugin v26.3 (Yoast SEO v26.6) - https:\/\/yoast.com\/wordpress\/plugins\/seo\/ -->\n<title>Auto Banana Cookies - Advanced Seeds<\/title>\n<meta name=\"robots\" content=\"index, follow, max-snippet:-1, max-image-preview:large, max-video-preview:-1\" \/>\n<link rel=\"canonical\" href=\"https:\/\/advancedseeds.com\/de\/tienda\/automaticas\/auto-banana-cookies\/\" \/>\n<meta property=\"og:locale\" content=\"de_DE\" \/>\n<meta property=\"og:type\" content=\"article\" \/>\n<meta property=\"og:title\" content=\"Auto Banana Cookies\" \/>\n<meta property=\"og:description\" content=\"-\" \/>\n<meta property=\"og:url\" content=\"https:\/\/advancedseeds.com\/de\/tienda\/automaticas\/auto-banana-cookies\/\" \/>\n<meta property=\"og:site_name\" content=\"Advanced Seeds\" \/>\n<meta property=\"article:modified_time\" content=\"2025-03-22T17:10:04+00:00\" \/>\n<meta property=\"og:image\" content=\"https:\/\/advancedseeds.com\/web\/wp-content\/uploads\/2022\/10\/Auto-Banana-Cookies-2022-scaled.jpg\" \/>\n\t<meta property=\"og:image:width\" content=\"1928\" \/>\n\t<meta property=\"og:image:height\" content=\"2560\" \/>\n\t<meta property=\"og:image:type\" content=\"image\/jpeg\" \/>\n<meta name=\"twitter:card\" content=\"summary_large_image\" \/>\n<meta name=\"twitter:label1\" content=\"Gesch\u00e4tzte Lesezeit\" \/>\n\t<meta name=\"twitter:data1\" content=\"4\u00a0Minuten\" \/>\n<script type=\"application\/ld+json\" class=\"yoast-schema-graph\">{\"@context\":\"https:\/\/schema.org\",\"@graph\":[{\"@type\":\"WebPage\",\"@id\":\"https:\/\/advancedseeds.com\/tienda\/automaticas\/auto-banana-cookies\/\",\"url\":\"https:\/\/advancedseeds.com\/tienda\/automaticas\/auto-banana-cookies\/\",\"name\":\"Auto Banana Cookies - Advanced Seeds\",\"isPartOf\":{\"@id\":\"https:\/\/advancedseeds.com\/#website\"},\"primaryImageOfPage\":{\"@id\":\"https:\/\/advancedseeds.com\/tienda\/automaticas\/auto-banana-cookies\/#primaryimage\"},\"image\":{\"@id\":\"https:\/\/advancedseeds.com\/tienda\/automaticas\/auto-banana-cookies\/#primaryimage\"},\"thumbnailUrl\":\"https:\/\/advancedseeds.com\/web\/wp-content\/uploads\/2022\/10\/Auto-Banana-Cookies-2022-scaled.jpg\",\"datePublished\":\"2022-10-10T08:00:19+00:00\",\"dateModified\":\"2025-03-22T17:10:04+00:00\",\"breadcrumb\":{\"@id\":\"https:\/\/advancedseeds.com\/tienda\/automaticas\/auto-banana-cookies\/#breadcrumb\"},\"inLanguage\":\"de\",\"potentialAction\":[{\"@type\":\"ReadAction\",\"target\":[\"https:\/\/advancedseeds.com\/tienda\/automaticas\/auto-banana-cookies\/\"]}]},{\"@type\":\"ImageObject\",\"inLanguage\":\"de\",\"@id\":\"https:\/\/advancedseeds.com\/tienda\/automaticas\/auto-banana-cookies\/#primaryimage\",\"url\":\"https:\/\/advancedseeds.com\/web\/wp-content\/uploads\/2022\/10\/Auto-Banana-Cookies-2022-scaled.jpg\",\"contentUrl\":\"https:\/\/advancedseeds.com\/web\/wp-content\/uploads\/2022\/10\/Auto-Banana-Cookies-2022-scaled.jpg\",\"width\":1928,\"height\":2560},{\"@type\":\"BreadcrumbList\",\"@id\":\"https:\/\/advancedseeds.com\/tienda\/automaticas\/auto-banana-cookies\/#breadcrumb\",\"itemListElement\":[{\"@type\":\"ListItem\",\"position\":1,\"name\":\"Home\",\"item\":\"https:\/\/advancedseeds.com\/\"},{\"@type\":\"ListItem\",\"position\":2,\"name\":\"Tienda\",\"item\":\"https:\/\/advancedseeds.com\/\"},{\"@type\":\"ListItem\",\"position\":3,\"name\":\"Auto Banana Cookies\"}]},{\"@type\":\"WebSite\",\"@id\":\"https:\/\/advancedseeds.com\/#website\",\"url\":\"https:\/\/advancedseeds.com\/\",\"name\":\"Advanced Seeds\",\"description\":\"Gen\u00e9ticas Avanzadas en semillas feminizadas y autom\u00e1ticas.\",\"publisher\":{\"@id\":\"https:\/\/advancedseeds.com\/#organization\"},\"potentialAction\":[{\"@type\":\"SearchAction\",\"target\":{\"@type\":\"EntryPoint\",\"urlTemplate\":\"https:\/\/advancedseeds.com\/?s={search_term_string}\"},\"query-input\":{\"@type\":\"PropertyValueSpecification\",\"valueRequired\":true,\"valueName\":\"search_term_string\"}}],\"inLanguage\":\"de\"},{\"@type\":\"Organization\",\"@id\":\"https:\/\/advancedseeds.com\/#organization\",\"name\":\"Advanced Seeds\",\"url\":\"https:\/\/advancedseeds.com\/\",\"logo\":{\"@type\":\"ImageObject\",\"inLanguage\":\"de\",\"@id\":\"https:\/\/advancedseeds.com\/#\/schema\/logo\/image\/\",\"url\":\"https:\/\/advancedseeds.com\/web\/wp-content\/uploads\/2021\/01\/logo-advanced.jpg\",\"contentUrl\":\"https:\/\/advancedseeds.com\/web\/wp-content\/uploads\/2021\/01\/logo-advanced.jpg\",\"width\":600,\"height\":600,\"caption\":\"Advanced Seeds\"},\"image\":{\"@id\":\"https:\/\/advancedseeds.com\/#\/schema\/logo\/image\/\"}}]}<\/script>\n<!-- \/ Yoast SEO Premium plugin. -->","yoast_head_json":{"title":"Auto Banana Cookies - Advanced Seeds","robots":{"index":"index","follow":"follow","max-snippet":"max-snippet:-1","max-image-preview":"max-image-preview:large","max-video-preview":"max-video-preview:-1"},"canonical":"https:\/\/advancedseeds.com\/de\/tienda\/automaticas\/auto-banana-cookies\/","og_locale":"de_DE","og_type":"article","og_title":"Auto Banana Cookies","og_description":"-","og_url":"https:\/\/advancedseeds.com\/de\/tienda\/automaticas\/auto-banana-cookies\/","og_site_name":"Advanced Seeds","article_modified_time":"2025-03-22T17:10:04+00:00","og_image":[{"width":1928,"height":2560,"url":"https:\/\/advancedseeds.com\/web\/wp-content\/uploads\/2022\/10\/Auto-Banana-Cookies-2022-scaled.jpg","type":"image\/jpeg"}],"twitter_card":"summary_large_image","twitter_misc":{"Gesch\u00e4tzte Lesezeit":"4\u00a0Minuten"},"schema":{"@context":"https:\/\/schema.org","@graph":[{"@type":"WebPage","@id":"https:\/\/advancedseeds.com\/tienda\/automaticas\/auto-banana-cookies\/","url":"https:\/\/advancedseeds.com\/tienda\/automaticas\/auto-banana-cookies\/","name":"Auto Banana Cookies - Advanced Seeds","isPartOf":{"@id":"https:\/\/advancedseeds.com\/#website"},"primaryImageOfPage":{"@id":"https:\/\/advancedseeds.com\/tienda\/automaticas\/auto-banana-cookies\/#primaryimage"},"image":{"@id":"https:\/\/advancedseeds.com\/tienda\/automaticas\/auto-banana-cookies\/#primaryimage"},"thumbnailUrl":"https:\/\/advancedseeds.com\/web\/wp-content\/uploads\/2022\/10\/Auto-Banana-Cookies-2022-scaled.jpg","datePublished":"2022-10-10T08:00:19+00:00","dateModified":"2025-03-22T17:10:04+00:00","breadcrumb":{"@id":"https:\/\/advancedseeds.com\/tienda\/automaticas\/auto-banana-cookies\/#breadcrumb"},"inLanguage":"de","potentialAction":[{"@type":"ReadAction","target":["https:\/\/advancedseeds.com\/tienda\/automaticas\/auto-banana-cookies\/"]}]},{"@type":"ImageObject","inLanguage":"de","@id":"https:\/\/advancedseeds.com\/tienda\/automaticas\/auto-banana-cookies\/#primaryimage","url":"https:\/\/advancedseeds.com\/web\/wp-content\/uploads\/2022\/10\/Auto-Banana-Cookies-2022-scaled.jpg","contentUrl":"https:\/\/advancedseeds.com\/web\/wp-content\/uploads\/2022\/10\/Auto-Banana-Cookies-2022-scaled.jpg","width":1928,"height":2560},{"@type":"BreadcrumbList","@id":"https:\/\/advancedseeds.com\/tienda\/automaticas\/auto-banana-cookies\/#breadcrumb","itemListElement":[{"@type":"ListItem","position":1,"name":"Home","item":"https:\/\/advancedseeds.com\/"},{"@type":"ListItem","position":2,"name":"Tienda","item":"https:\/\/advancedseeds.com\/"},{"@type":"ListItem","position":3,"name":"Auto Banana Cookies"}]},{"@type":"WebSite","@id":"https:\/\/advancedseeds.com\/#website","url":"https:\/\/advancedseeds.com\/","name":"Advanced Seeds","description":"Fortschrittliche Genetik in feminisierten und automatischen Samen.","publisher":{"@id":"https:\/\/advancedseeds.com\/#organization"},"potentialAction":[{"@type":"SearchAction","target":{"@type":"EntryPoint","urlTemplate":"https:\/\/advancedseeds.com\/?s={search_term_string}"},"query-input":{"@type":"PropertyValueSpecification","valueRequired":true,"valueName":"search_term_string"}}],"inLanguage":"de"},{"@type":"Organization","@id":"https:\/\/advancedseeds.com\/#organization","name":"Advanced Seeds","url":"https:\/\/advancedseeds.com\/","logo":{"@type":"ImageObject","inLanguage":"de","@id":"https:\/\/advancedseeds.com\/#\/schema\/logo\/image\/","url":"https:\/\/advancedseeds.com\/web\/wp-content\/uploads\/2021\/01\/logo-advanced.jpg","contentUrl":"https:\/\/advancedseeds.com\/web\/wp-content\/uploads\/2021\/01\/logo-advanced.jpg","width":600,"height":600,"caption":"Advanced Seeds"},"image":{"@id":"https:\/\/advancedseeds.com\/#\/schema\/logo\/image\/"}}]}},"_links":{"self":[{"href":"https:\/\/advancedseeds.com\/de\/wp-json\/wp\/v2\/product\/6932","targetHints":{"allow":["GET"]}}],"collection":[{"href":"https:\/\/advancedseeds.com\/de\/wp-json\/wp\/v2\/product"}],"about":[{"href":"https:\/\/advancedseeds.com\/de\/wp-json\/wp\/v2\/types\/product"}],"replies":[{"embeddable":true,"href":"https:\/\/advancedseeds.com\/de\/wp-json\/wp\/v2\/comments?post=6932"}],"wp:featuredmedia":[{"embeddable":true,"href":"https:\/\/advancedseeds.com\/de\/wp-json\/wp\/v2\/media\/6948"}],"wp:attachment":[{"href":"https:\/\/advancedseeds.com\/de\/wp-json\/wp\/v2\/media?parent=6932"}],"wp:term":[{"taxonomy":"product_brand","embeddable":true,"href":"https:\/\/advancedseeds.com\/de\/wp-json\/wp\/v2\/product_brand?post=6932"},{"taxonomy":"product_cat","embeddable":true,"href":"https:\/\/advancedseeds.com\/de\/wp-json\/wp\/v2\/product_cat?post=6932"},{"taxonomy":"product_tag","embeddable":true,"href":"https:\/\/advancedseeds.com\/de\/wp-json\/wp\/v2\/product_tag?post=6932"}],"curies":[{"name":"wp","href":"https:\/\/api.w.org\/{rel}","templated":true}]}}