{"id":6938,"date":"2022-10-10T09:00:19","date_gmt":"2022-10-10T08:00:19","guid":{"rendered":"https:\/\/advancedseeds.com\/web\/?post_type=product&#038;p=6938"},"modified":"2025-07-21T10:07:49","modified_gmt":"2025-07-21T09:07:49","slug":"auto-bruce-banner-xxl","status":"publish","type":"product","link":"https:\/\/advancedseeds.com\/de\/tienda\/automaticas\/auto-bruce-banner-xxl\/","title":{"rendered":"Auto Bruce Banner XXL"},"content":{"rendered":"<p><span style=\"font-weight: 400\">Sind Sie bereit f\u00fcr eine fantastische Reise mit dem <\/span><a href=\"https:\/\/advancedseeds.com\/web\/\"><b>Marihuana-Samen<\/b><\/a><b> Auto Bruce Banner XXL von Advanced Seeds<\/b><span style=\"font-weight: 400\">? In diesem \u00dcberblick werden wir alles f\u00fcr Sie aufschl\u00fcsseln. <\/span><a href=\"https:\/\/advancedseeds.com\/web\/categoria-producto\/automaticas\/\"><span style=\"font-weight: 400\">Autoflowering-Samen<\/span><\/a><span style=\"font-weight: 400\">Von der Genetik \u00fcber das Aroma bis hin zu den Anbaumethoden und der geschmacklichen und potenten Wirkung - machen Sie sich bereit f\u00fcr ein au\u00dfergew\u00f6hnliches Anbau-Erlebnis!<\/span><\/p>\n<h2><b>Was sind die genetischen Eigenschaften dieser Samen?<\/b><\/h2>\n<p><span style=\"font-weight: 400\">Auto Bruce Banner XXL ist die autoflowering Version der ber\u00fchmten <\/span><a href=\"https:\/\/advancedseeds.com\/web\/producto\/bruce-banner\/\"><span style=\"font-weight: 400\">Stamm Bruce Banner<\/span><\/a><span style=\"font-weight: 400\"> von Advanced Seeds ist eine potente, indicadominierte Hybridsorte, die das Ergebnis einer sorgf\u00e4ltigen Selektion einer 2004er OG Kush und einer Strawbery Diesel Pflanze ist. Lies weiter, um es herauszufinden.<\/span><\/p>\n<p><span style=\"font-weight: 400\">Diese Genetik ist die perfekte Balance zwischen Indica- und Sativa-Merkmalen, was ihr ihre Potenz verleiht, aber auch ihre F\u00e4higkeit, eine ausgewogene Wirkung auf K\u00f6rper und Geist zu erzielen.<\/span><\/p>\n<h2><b>Wie sieht Auto Bruce Banner XXL aus?<\/b><\/h2>\n<p><span style=\"font-weight: 400\">Auto Bruce Banner XXL ist in jeder Hinsicht eine beeindruckende Pflanze. Ihre Struktur \u00fcbersteigt in der Regel nicht 130 cm in der H\u00f6he, was sie f\u00fcr jede Anbauumgebung, sowohl drinnen als auch drau\u00dfen, geeignet macht. Am Ende bildet sie extra dichte, super harzige Knospen, die alle Betrachter mit der \u00fcbertriebenen Harzschicht, die die Bl\u00fcten und die sie umgebenden Bl\u00e4tter, selbst die gr\u00f6\u00dften, bedeckt, in ihren Bann ziehen.<\/span><\/p>\n<h2><b>Wie werden diese Samen im Innen- und Au\u00dfenbereich angebaut?<\/b><\/h2>\n<h3><span style=\"font-weight: 400\">Innenanbau:<\/span><\/h3>\n<p><span style=\"font-weight: 400\">Der Anbau von Auto Bruce Banner XXL im Innenbereich ist eine lohnende Erfahrung f\u00fcr unerfahrene Z\u00fcchter wie auch f\u00fcr die erfahrensten Kenner. Um beste Ergebnisse zu erzielen, sollten Sie so viel Licht wie m\u00f6glich zur Verf\u00fcgung stellen, sowohl in Bezug auf die Wattzahl als auch auf die Anzahl der Stunden pro Tag. Aufgrund ihrer Widerstandsf\u00e4higkeit und W\u00fcchsigkeit ist sie auch f\u00fcr Anf\u00e4nger geeignet, da sie bestimmten Stresslevels besser standh\u00e4lt als andere Sorten.<\/span><\/p>\n<p><span style=\"font-weight: 400\">Eine Technik, die mit dieser Sorte gut funktioniert, ist der SOG-Anbau (Sea of Green), bei dem man mehrere kleine Pflanzen anbauen kann und auf begrenztem Raum beeindruckende Ertr\u00e4ge erzielt, bis zu 16 pro Meter in 7-Liter-T\u00f6pfen.<\/span><\/p>\n<h3><span style=\"font-weight: 400\">Anbau im Freien:<\/span><\/h3>\n<p><span style=\"font-weight: 400\">Auto Bruce Banner XXL eignet sich gut f\u00fcr den Anbau im Freien, wo sie in der Regel besser gedeiht als im Innenbereich. Mit einer H\u00f6he von etwa 130 cm ist sie ideal f\u00fcr Terrassen und Balkone. Im Freien wird sie am besten in T\u00f6pfe mit einem Volumen von 20 Litern oder mehr gepflanzt, um das Wachstum des Wurzelsystems nicht einzuschr\u00e4nken, denn dieses ist entscheidend, da es die Grundlage f\u00fcr die Struktur der Pflanzen bildet.<\/span><\/p>\n<h2><b>Wann wird Auto Bruce Banner XXL geerntet?<\/b><\/h2>\n<p><span style=\"font-weight: 400\">Im Innenbereich betr\u00e4gt die komplette Zykluszeit von Auto Bruce Banner XXL 10-11 Wochen. Wenn Sie den Anbau im Freien bevorzugen, k\u00f6nnen Sie Ihre kostbaren Knospen auch in etwa 11 Wochen ernten, in diesem Fall abh\u00e4ngig von den Umweltparametern. Die beste Saison f\u00fcr den Anbau im Freien beginnt Mitte des Fr\u00fchlings und endet im Sp\u00e4tsommer.<\/span><\/p>\n<h2><b>Wie viel produzieren diese Samen?<\/b><\/h2>\n<p><span style=\"font-weight: 400\">Auto Bruce Banner XXL ist bekannt f\u00fcr seine Gro\u00dfz\u00fcgigkeit in Bezug auf den Ertrag. Im Innenbereich k\u00f6nnen Sie mehr als 550 Gramm pro Quadratmeter erhalten. Im Freien k\u00f6nnen diese kr\u00e4ftigen Pflanzen unter optimalen Bedingungen \u00fcber 200 Gramm pro Pflanze erreichen. Das macht sie zu einer sehr profitablen Option f\u00fcr kommerzielle Z\u00fcchter.<\/span><\/p>\n<h2><b>Was ist das Aroma und der Geschmack von Auto Bruce Banner XXL?<\/b><\/h2>\n<p><span style=\"font-weight: 400\">Dieses Marihuana ist ein Fest f\u00fcr Deine Lunge und Dein Gehirn, hungrig nach Terpenen und Cannabinoiden. Sie entwickelt fruchtige Aromen mit blumigen und diesel-erdigen Untert\u00f6nen, die Lust auf mehr machen. Die Intensit\u00e4t ihrer Aromen und Geschmacksrichtungen ist einer der Gr\u00fcnde, warum Z\u00fcchter und Raucher diese Sorte lieben.<\/span><\/p>\n<p><span style=\"font-weight: 400\">Ihr Aroma hat oft einen Hauch von Orange und Mandarine, die an ihre Vorg\u00e4ngerin Strawberry Diesel erinnern und ihr einen ausgepr\u00e4gten Zitrus-Charakter verleihen. Diese Aromen werden verst\u00e4rkt, wenn sie in einem Verdampfer konsumiert werden, so dass Sie ihre Terpene voll genie\u00dfen k\u00f6nnen.<\/span><\/p>\n<h2><b>Welche Wirkung hat dieses Marihuana?<\/b><\/h2>\n<p><span style=\"font-weight: 400\">Die Wirkung von Auto Bruce Banner XXL ist aufregend. Sie beginnt mit einem euphorischen, psychedelischen High, das die Kreativit\u00e4t anregt und dann in eine tiefe k\u00f6rperliche Entspannung \u00fcbergeht. Diese Sorte wird von medizinischen Patienten in den Vereinigten Staaten wegen ihrer F\u00e4higkeit, eine Vielzahl von Bedingungen, wie Stress, Angst und Schmerzen zu behandeln, gesch\u00e4tzt.<\/span><\/p>\n<p><span style=\"font-weight: 400\">Die hohe THC-Konzentration von 24% sorgt f\u00fcr eine starke Wirkung, die sowohl im Geist als auch im K\u00f6rper sp\u00fcrbar ist. Sie ist eine ausgezeichnete Wahl zur Entspannung nach k\u00f6rperlichen Aktivit\u00e4ten oder zur Entfaltung der Kreativit\u00e4t in einem kreativen Umfeld.<\/span><\/p>\n<h2><b>Auto Bruce Banner XXL zum besten Preis kaufen<\/b><\/h2>\n<p><span style=\"font-weight: 400\">Verpassen Sie nicht die Chance, Auto Bruce Banner XXL von Advanced Seeds zu erleben. Kaufen Sie diese Samen zum besten Preis online und machen Sie sich bereit f\u00fcr eine unvergessliche Cannabisreise.<\/span><\/p>\n<h2><b>H\u00e4ufig gestellte Fragen \u00fcber Auto Bruce Banner XXL<\/b><\/h2>\n<h3>Wie hoch ist der THC-Gehalt von Auto Bruce Banner XXL?<\/h3>\n<p><span style=\"font-weight: 400\">Auto Bruce Banner XXL hat einen THC-Gehalt von 24%, hochpotent!<\/span><\/p>\n<h3><span style=\"font-weight: 400\">Was ist die beste Anbautechnik f\u00fcr Auto Bruce Banner XXL?<\/span><\/h3>\n<p><span style=\"font-weight: 400\">Eine wirksame Technik ist der SOG-Anbau (Sea of Green) im Innenbereich, um die Ertr\u00e4ge auf kleinem Raum zu maximieren. Achten Sie im Freien auf einen guten Platz f\u00fcr die Wurzelentwicklung und direkte Sonneneinstrahlung.<\/span><\/p>","protected":false},"excerpt":{"rendered":"<p>-<\/p>","protected":false},"featured_media":19652,"comment_status":"open","ping_status":"closed","template":"","meta":{"_acf_changed":false},"product_brand":[],"product_cat":[70],"product_tag":[],"class_list":{"0":"post-6938","1":"product","2":"type-product","3":"status-publish","4":"has-post-thumbnail","6":"product_cat-automaticas","8":"first","9":"instock","10":"taxable","11":"shipping-taxable","12":"purchasable","13":"product-type-variable"},"acf":[],"yoast_head":"<!-- This site is optimized with the Yoast SEO Premium plugin v26.3 (Yoast SEO v26.6) - https:\/\/yoast.com\/wordpress\/plugins\/seo\/ -->\n<title>Auto Bruce Banner XXL - Advanced Seeds<\/title>\n<meta name=\"robots\" content=\"index, follow, max-snippet:-1, max-image-preview:large, max-video-preview:-1\" \/>\n<link rel=\"canonical\" href=\"https:\/\/advancedseeds.com\/de\/tienda\/automaticas\/auto-bruce-banner-xxl\/\" \/>\n<meta property=\"og:locale\" content=\"de_DE\" \/>\n<meta property=\"og:type\" content=\"article\" \/>\n<meta property=\"og:title\" content=\"Auto Bruce Banner XXL\" \/>\n<meta property=\"og:description\" content=\"-\" \/>\n<meta property=\"og:url\" content=\"https:\/\/advancedseeds.com\/de\/tienda\/automaticas\/auto-bruce-banner-xxl\/\" \/>\n<meta property=\"og:site_name\" content=\"Advanced Seeds\" \/>\n<meta property=\"article:modified_time\" content=\"2025-07-21T09:07:49+00:00\" \/>\n<meta property=\"og:image\" content=\"https:\/\/advancedseeds.com\/web\/wp-content\/uploads\/2022\/10\/Auto-Bruce-Banner-XXL.jpg\" \/>\n\t<meta property=\"og:image:width\" content=\"635\" \/>\n\t<meta property=\"og:image:height\" content=\"842\" \/>\n\t<meta property=\"og:image:type\" content=\"image\/jpeg\" \/>\n<meta name=\"twitter:card\" content=\"summary_large_image\" \/>\n<meta name=\"twitter:label1\" content=\"Gesch\u00e4tzte Lesezeit\" \/>\n\t<meta name=\"twitter:data1\" content=\"5\u00a0Minuten\" \/>\n<script type=\"application\/ld+json\" class=\"yoast-schema-graph\">{\"@context\":\"https:\/\/schema.org\",\"@graph\":[{\"@type\":\"WebPage\",\"@id\":\"https:\/\/advancedseeds.com\/tienda\/automaticas\/auto-bruce-banner-xxl\/\",\"url\":\"https:\/\/advancedseeds.com\/tienda\/automaticas\/auto-bruce-banner-xxl\/\",\"name\":\"Auto Bruce Banner XXL - Advanced Seeds\",\"isPartOf\":{\"@id\":\"https:\/\/advancedseeds.com\/#website\"},\"primaryImageOfPage\":{\"@id\":\"https:\/\/advancedseeds.com\/tienda\/automaticas\/auto-bruce-banner-xxl\/#primaryimage\"},\"image\":{\"@id\":\"https:\/\/advancedseeds.com\/tienda\/automaticas\/auto-bruce-banner-xxl\/#primaryimage\"},\"thumbnailUrl\":\"https:\/\/advancedseeds.com\/web\/wp-content\/uploads\/2022\/10\/Auto-Bruce-Banner-XXL.jpg\",\"datePublished\":\"2022-10-10T08:00:19+00:00\",\"dateModified\":\"2025-07-21T09:07:49+00:00\",\"breadcrumb\":{\"@id\":\"https:\/\/advancedseeds.com\/tienda\/automaticas\/auto-bruce-banner-xxl\/#breadcrumb\"},\"inLanguage\":\"de\",\"potentialAction\":[{\"@type\":\"ReadAction\",\"target\":[\"https:\/\/advancedseeds.com\/tienda\/automaticas\/auto-bruce-banner-xxl\/\"]}]},{\"@type\":\"ImageObject\",\"inLanguage\":\"de\",\"@id\":\"https:\/\/advancedseeds.com\/tienda\/automaticas\/auto-bruce-banner-xxl\/#primaryimage\",\"url\":\"https:\/\/advancedseeds.com\/web\/wp-content\/uploads\/2022\/10\/Auto-Bruce-Banner-XXL.jpg\",\"contentUrl\":\"https:\/\/advancedseeds.com\/web\/wp-content\/uploads\/2022\/10\/Auto-Bruce-Banner-XXL.jpg\",\"width\":635,\"height\":842},{\"@type\":\"BreadcrumbList\",\"@id\":\"https:\/\/advancedseeds.com\/tienda\/automaticas\/auto-bruce-banner-xxl\/#breadcrumb\",\"itemListElement\":[{\"@type\":\"ListItem\",\"position\":1,\"name\":\"Home\",\"item\":\"https:\/\/advancedseeds.com\/\"},{\"@type\":\"ListItem\",\"position\":2,\"name\":\"Tienda\",\"item\":\"https:\/\/advancedseeds.com\/\"},{\"@type\":\"ListItem\",\"position\":3,\"name\":\"Auto Bruce Banner XXL\"}]},{\"@type\":\"WebSite\",\"@id\":\"https:\/\/advancedseeds.com\/#website\",\"url\":\"https:\/\/advancedseeds.com\/\",\"name\":\"Advanced Seeds\",\"description\":\"Gen\u00e9ticas Avanzadas en semillas feminizadas y autom\u00e1ticas.\",\"publisher\":{\"@id\":\"https:\/\/advancedseeds.com\/#organization\"},\"potentialAction\":[{\"@type\":\"SearchAction\",\"target\":{\"@type\":\"EntryPoint\",\"urlTemplate\":\"https:\/\/advancedseeds.com\/?s={search_term_string}\"},\"query-input\":{\"@type\":\"PropertyValueSpecification\",\"valueRequired\":true,\"valueName\":\"search_term_string\"}}],\"inLanguage\":\"de\"},{\"@type\":\"Organization\",\"@id\":\"https:\/\/advancedseeds.com\/#organization\",\"name\":\"Advanced Seeds\",\"url\":\"https:\/\/advancedseeds.com\/\",\"logo\":{\"@type\":\"ImageObject\",\"inLanguage\":\"de\",\"@id\":\"https:\/\/advancedseeds.com\/#\/schema\/logo\/image\/\",\"url\":\"https:\/\/advancedseeds.com\/web\/wp-content\/uploads\/2021\/01\/logo-advanced.jpg\",\"contentUrl\":\"https:\/\/advancedseeds.com\/web\/wp-content\/uploads\/2021\/01\/logo-advanced.jpg\",\"width\":600,\"height\":600,\"caption\":\"Advanced Seeds\"},\"image\":{\"@id\":\"https:\/\/advancedseeds.com\/#\/schema\/logo\/image\/\"}}]}<\/script>\n<!-- \/ Yoast SEO Premium plugin. -->","yoast_head_json":{"title":"Auto Bruce Banner XXL - Advanced Seeds","robots":{"index":"index","follow":"follow","max-snippet":"max-snippet:-1","max-image-preview":"max-image-preview:large","max-video-preview":"max-video-preview:-1"},"canonical":"https:\/\/advancedseeds.com\/de\/tienda\/automaticas\/auto-bruce-banner-xxl\/","og_locale":"de_DE","og_type":"article","og_title":"Auto Bruce Banner XXL","og_description":"-","og_url":"https:\/\/advancedseeds.com\/de\/tienda\/automaticas\/auto-bruce-banner-xxl\/","og_site_name":"Advanced Seeds","article_modified_time":"2025-07-21T09:07:49+00:00","og_image":[{"width":635,"height":842,"url":"https:\/\/advancedseeds.com\/web\/wp-content\/uploads\/2022\/10\/Auto-Bruce-Banner-XXL.jpg","type":"image\/jpeg"}],"twitter_card":"summary_large_image","twitter_misc":{"Gesch\u00e4tzte Lesezeit":"5\u00a0Minuten"},"schema":{"@context":"https:\/\/schema.org","@graph":[{"@type":"WebPage","@id":"https:\/\/advancedseeds.com\/tienda\/automaticas\/auto-bruce-banner-xxl\/","url":"https:\/\/advancedseeds.com\/tienda\/automaticas\/auto-bruce-banner-xxl\/","name":"Auto Bruce Banner XXL - Advanced Seeds","isPartOf":{"@id":"https:\/\/advancedseeds.com\/#website"},"primaryImageOfPage":{"@id":"https:\/\/advancedseeds.com\/tienda\/automaticas\/auto-bruce-banner-xxl\/#primaryimage"},"image":{"@id":"https:\/\/advancedseeds.com\/tienda\/automaticas\/auto-bruce-banner-xxl\/#primaryimage"},"thumbnailUrl":"https:\/\/advancedseeds.com\/web\/wp-content\/uploads\/2022\/10\/Auto-Bruce-Banner-XXL.jpg","datePublished":"2022-10-10T08:00:19+00:00","dateModified":"2025-07-21T09:07:49+00:00","breadcrumb":{"@id":"https:\/\/advancedseeds.com\/tienda\/automaticas\/auto-bruce-banner-xxl\/#breadcrumb"},"inLanguage":"de","potentialAction":[{"@type":"ReadAction","target":["https:\/\/advancedseeds.com\/tienda\/automaticas\/auto-bruce-banner-xxl\/"]}]},{"@type":"ImageObject","inLanguage":"de","@id":"https:\/\/advancedseeds.com\/tienda\/automaticas\/auto-bruce-banner-xxl\/#primaryimage","url":"https:\/\/advancedseeds.com\/web\/wp-content\/uploads\/2022\/10\/Auto-Bruce-Banner-XXL.jpg","contentUrl":"https:\/\/advancedseeds.com\/web\/wp-content\/uploads\/2022\/10\/Auto-Bruce-Banner-XXL.jpg","width":635,"height":842},{"@type":"BreadcrumbList","@id":"https:\/\/advancedseeds.com\/tienda\/automaticas\/auto-bruce-banner-xxl\/#breadcrumb","itemListElement":[{"@type":"ListItem","position":1,"name":"Home","item":"https:\/\/advancedseeds.com\/"},{"@type":"ListItem","position":2,"name":"Tienda","item":"https:\/\/advancedseeds.com\/"},{"@type":"ListItem","position":3,"name":"Auto Bruce Banner XXL"}]},{"@type":"WebSite","@id":"https:\/\/advancedseeds.com\/#website","url":"https:\/\/advancedseeds.com\/","name":"Advanced Seeds","description":"Fortschrittliche Genetik in feminisierten und automatischen Samen.","publisher":{"@id":"https:\/\/advancedseeds.com\/#organization"},"potentialAction":[{"@type":"SearchAction","target":{"@type":"EntryPoint","urlTemplate":"https:\/\/advancedseeds.com\/?s={search_term_string}"},"query-input":{"@type":"PropertyValueSpecification","valueRequired":true,"valueName":"search_term_string"}}],"inLanguage":"de"},{"@type":"Organization","@id":"https:\/\/advancedseeds.com\/#organization","name":"Advanced Seeds","url":"https:\/\/advancedseeds.com\/","logo":{"@type":"ImageObject","inLanguage":"de","@id":"https:\/\/advancedseeds.com\/#\/schema\/logo\/image\/","url":"https:\/\/advancedseeds.com\/web\/wp-content\/uploads\/2021\/01\/logo-advanced.jpg","contentUrl":"https:\/\/advancedseeds.com\/web\/wp-content\/uploads\/2021\/01\/logo-advanced.jpg","width":600,"height":600,"caption":"Advanced Seeds"},"image":{"@id":"https:\/\/advancedseeds.com\/#\/schema\/logo\/image\/"}}]}},"_links":{"self":[{"href":"https:\/\/advancedseeds.com\/de\/wp-json\/wp\/v2\/product\/6938","targetHints":{"allow":["GET"]}}],"collection":[{"href":"https:\/\/advancedseeds.com\/de\/wp-json\/wp\/v2\/product"}],"about":[{"href":"https:\/\/advancedseeds.com\/de\/wp-json\/wp\/v2\/types\/product"}],"replies":[{"embeddable":true,"href":"https:\/\/advancedseeds.com\/de\/wp-json\/wp\/v2\/comments?post=6938"}],"wp:featuredmedia":[{"embeddable":true,"href":"https:\/\/advancedseeds.com\/de\/wp-json\/wp\/v2\/media\/19652"}],"wp:attachment":[{"href":"https:\/\/advancedseeds.com\/de\/wp-json\/wp\/v2\/media?parent=6938"}],"wp:term":[{"taxonomy":"product_brand","embeddable":true,"href":"https:\/\/advancedseeds.com\/de\/wp-json\/wp\/v2\/product_brand?post=6938"},{"taxonomy":"product_cat","embeddable":true,"href":"https:\/\/advancedseeds.com\/de\/wp-json\/wp\/v2\/product_cat?post=6938"},{"taxonomy":"product_tag","embeddable":true,"href":"https:\/\/advancedseeds.com\/de\/wp-json\/wp\/v2\/product_tag?post=6938"}],"curies":[{"name":"wp","href":"https:\/\/api.w.org\/{rel}","templated":true}]}}