{"id":20051,"date":"2025-03-11T12:58:00","date_gmt":"2025-03-11T11:58:00","guid":{"rendered":"https:\/\/advancedseeds.com\/web\/tienda\/sin%20categor\u00eda\/automatic-collection-2-advanced-seeds\/"},"modified":"2026-04-15T10:45:14","modified_gmt":"2026-04-15T09:45:14","slug":"automatic-collection-2-advanced-seeds","status":"publish","type":"product","link":"https:\/\/advancedseeds.com\/en\/tienda\/colecciones\/automatic-collection-2-advanced-seeds\/","title":{"rendered":"Automatic Collection #2 - Advanced Seeds"},"content":{"rendered":"<h2>Auto Blue Diesel<\/h2>\n<p>THC: 16%<br \/>\nYield: 400 - 500 g<br \/>\nInterior height: 60 - 90 cm<br \/>\nOutside height: 0,9 - 1,4 m<br \/>\nFlowering cycle: 55 - 60 days<br \/>\nHarvest: Apr - Nov.<\/p>\n<p>Auto Biodiesel Mass x Auto Blueberry, two of the most recognised and awarded genetics of all times combined in a new autoflowering variety. Extraordinary in aroma and flavour, as it maintains the fruity touch of its ancestors, on the one hand the acid and citric aroma of the Diesel genetics and on the other the flavour of berries typical of Blueberry. Its resin production level is spectacular.<\/p>\n<h2>Auto Kaya 47<\/h2>\n<p>THC: 18%<br \/>\nYield: 400 - 500 g<br \/>\nInterior height: 70 - 100 cm<br \/>\nExternal height: 0.9 - 1.5 m<br \/>\nFlowering cycle: 70 - 80 days<br \/>\nHarvest: Apr - Nov.<\/p>\n<p>It is harvested between 70 and 80 days from sowing, regardless of the photoperiod. It is a medium-sized plant, which tends to branch out a lot, so you can get good harvests if it is properly nourished. Sweet and fruity aroma and taste. Good resistance to fungus. Like all autoflowering plants, it is advisable to sow directly into the final pot to avoid transplanting and thus achieve maximum size and production.<\/p>\n<h2>Auto Somango<\/h2>\n<p>THC: 15%<br \/>\nYield: 400 - 450 g<br \/>\nInterior height: 70 - 100 cm<br \/>\nOutside height: 0,9 - 1,4 m<br \/>\nFlowering cycle: 60 - 65 days<br \/>\nHarvest: Apr - Nov.<\/p>\n<p>Get ready to enjoy this new generation Autoflowering. It is the result of a new combination of Jack Herer x Big Skunk and Auto genetics. Unmistakable aroma and taste of tropical fruits destined to delight the most demanding palates, surely one of the tastiest Auto on the market. Excellent production level thanks to its profuse lateral branching and good caliber buds. Its narcotic power is moderate, making it ideal for everyday consumption.<\/p>","protected":false},"excerpt":{"rendered":"<p>2x Auto Blue Diesel<br \/>\n- Interior height: 60 - 90 cm.<br \/>\n- Flowering: 55 - 60 days.<br \/>\n- Yield: 400 - 500 gr\/m2.<br \/>\n- Outside height: 90 - 140 cm.<br \/>\n- Harvest: Apr - Nov.<br \/>\n- THC: 16%<\/p>\n<p>2x Auto Kaya 47<br \/>\n- Interior height: 70 - 100 cm.<br \/>\n- Flowering time: 70 - 80 days.<br \/>\n- Yield: 400 - 500 gr\/m2.<br \/>\n- Outside height: 90 - 150 cm.<br \/>\n- Harvest: Apr - Nov.<br \/>\n- THC: 18%<\/p>\n<p>2x Auto Somango<br \/>\n- Interior height: 70 - 100 cm.<br \/>\n- Flowering: 60 - 65 days.<br \/>\n- Yield: 400 - 450 gr\/m2.<br \/>\n- Outside height: 90 - 140 cm.<br \/>\n- Harvest: Apr - Nov.<br \/>\n- THC: 15%<\/p>","protected":false},"featured_media":20300,"comment_status":"open","ping_status":"closed","template":"","meta":{"_acf_changed":false},"product_brand":[],"product_cat":[71],"product_tag":[],"class_list":{"0":"post-20051","1":"product","2":"type-product","3":"status-publish","4":"has-post-thumbnail","6":"product_cat-colecciones","8":"first","9":"outofstock","10":"taxable","11":"shipping-taxable","12":"purchasable","13":"product-type-simple"},"acf":[],"yoast_head":"<!-- This site is optimized with the Yoast SEO Premium plugin v26.3 (Yoast SEO v26.6) - https:\/\/yoast.com\/wordpress\/plugins\/seo\/ -->\n<title>Automatic Collection #2 - Advanced Seeds - Advanced Seeds<\/title>\n<meta name=\"robots\" content=\"index, follow, max-snippet:-1, max-image-preview:large, max-video-preview:-1\" \/>\n<link rel=\"canonical\" href=\"https:\/\/advancedseeds.com\/en\/tienda\/colecciones\/automatic-collection-2-advanced-seeds\/\" \/>\n<meta property=\"og:locale\" content=\"en_GB\" \/>\n<meta property=\"og:type\" content=\"article\" \/>\n<meta property=\"og:title\" content=\"Automatic Collection #2 - Advanced Seeds\" \/>\n<meta property=\"og:description\" content=\"2x Auto Blue Diesel - Altura interior: 60 - 90 cm. - Floraci\u00f3n: 55 - 60 d\u00edas. - Producci\u00f3n: 400 - 500 gr\/m2. - Altura exterior: 90 - 140 cm. - Cosecha: Apr - Nov. - THC: 16%  2x Auto Kaya 47 - Altura interior: 70 - 100 cm. - Floraci\u00f3n: 70 - 80 d\u00edas. - Producci\u00f3n: 400 - 500 gr\/m2. - Altura exterior: 90 - 150 cm. - Cosecha: Apr - Nov. - THC: 18%  2x Auto Somango - Altura interior: 70 - 100 cm. - Floraci\u00f3n: 60 - 65 d\u00edas. - Producci\u00f3n: 400 - 450 gr\/m2. - Altura exterior: 90 - 140 cm. - Cosecha: Apr - Nov. - THC: 15%\" \/>\n<meta property=\"og:url\" content=\"https:\/\/advancedseeds.com\/en\/tienda\/colecciones\/automatic-collection-2-advanced-seeds\/\" \/>\n<meta property=\"og:site_name\" content=\"Advanced Seeds\" \/>\n<meta property=\"article:modified_time\" content=\"2026-04-15T09:45:14+00:00\" \/>\n<meta property=\"og:image\" content=\"https:\/\/advancedseeds.com\/web\/wp-content\/uploads\/2025\/03\/aucol2-1.jpg\" \/>\n\t<meta property=\"og:image:width\" content=\"819\" \/>\n\t<meta property=\"og:image:height\" content=\"1232\" \/>\n\t<meta property=\"og:image:type\" content=\"image\/jpeg\" \/>\n<meta name=\"twitter:card\" content=\"summary_large_image\" \/>\n<meta name=\"twitter:label1\" content=\"Estimated reading time\" \/>\n\t<meta name=\"twitter:data1\" content=\"2 minutes\" \/>\n<script type=\"application\/ld+json\" class=\"yoast-schema-graph\">{\"@context\":\"https:\/\/schema.org\",\"@graph\":[{\"@type\":\"WebPage\",\"@id\":\"https:\/\/advancedseeds.com\/tienda\/colecciones\/automatic-collection-2-advanced-seeds\/\",\"url\":\"https:\/\/advancedseeds.com\/tienda\/colecciones\/automatic-collection-2-advanced-seeds\/\",\"name\":\"Automatic Collection #2 - Advanced Seeds - Advanced Seeds\",\"isPartOf\":{\"@id\":\"https:\/\/advancedseeds.com\/#website\"},\"primaryImageOfPage\":{\"@id\":\"https:\/\/advancedseeds.com\/tienda\/colecciones\/automatic-collection-2-advanced-seeds\/#primaryimage\"},\"image\":{\"@id\":\"https:\/\/advancedseeds.com\/tienda\/colecciones\/automatic-collection-2-advanced-seeds\/#primaryimage\"},\"thumbnailUrl\":\"https:\/\/advancedseeds.com\/web\/wp-content\/uploads\/2025\/03\/aucol2-1.jpg\",\"datePublished\":\"2025-03-11T11:58:00+00:00\",\"dateModified\":\"2026-04-15T09:45:14+00:00\",\"breadcrumb\":{\"@id\":\"https:\/\/advancedseeds.com\/tienda\/colecciones\/automatic-collection-2-advanced-seeds\/#breadcrumb\"},\"inLanguage\":\"en-GB\",\"potentialAction\":[{\"@type\":\"ReadAction\",\"target\":[\"https:\/\/advancedseeds.com\/tienda\/colecciones\/automatic-collection-2-advanced-seeds\/\"]}]},{\"@type\":\"ImageObject\",\"inLanguage\":\"en-GB\",\"@id\":\"https:\/\/advancedseeds.com\/tienda\/colecciones\/automatic-collection-2-advanced-seeds\/#primaryimage\",\"url\":\"https:\/\/advancedseeds.com\/web\/wp-content\/uploads\/2025\/03\/aucol2-1.jpg\",\"contentUrl\":\"https:\/\/advancedseeds.com\/web\/wp-content\/uploads\/2025\/03\/aucol2-1.jpg\",\"width\":819,\"height\":1232},{\"@type\":\"BreadcrumbList\",\"@id\":\"https:\/\/advancedseeds.com\/tienda\/colecciones\/automatic-collection-2-advanced-seeds\/#breadcrumb\",\"itemListElement\":[{\"@type\":\"ListItem\",\"position\":1,\"name\":\"Home\",\"item\":\"https:\/\/advancedseeds.com\/\"},{\"@type\":\"ListItem\",\"position\":2,\"name\":\"Tienda\",\"item\":\"https:\/\/advancedseeds.com\/\"},{\"@type\":\"ListItem\",\"position\":3,\"name\":\"Automatic Collection #2 &#8211; Advanced Seeds\"}]},{\"@type\":\"WebSite\",\"@id\":\"https:\/\/advancedseeds.com\/#website\",\"url\":\"https:\/\/advancedseeds.com\/\",\"name\":\"Advanced Seeds\",\"description\":\"Gen\u00e9ticas Avanzadas en semillas feminizadas y autom\u00e1ticas.\",\"publisher\":{\"@id\":\"https:\/\/advancedseeds.com\/#organization\"},\"potentialAction\":[{\"@type\":\"SearchAction\",\"target\":{\"@type\":\"EntryPoint\",\"urlTemplate\":\"https:\/\/advancedseeds.com\/?s={search_term_string}\"},\"query-input\":{\"@type\":\"PropertyValueSpecification\",\"valueRequired\":true,\"valueName\":\"search_term_string\"}}],\"inLanguage\":\"en-GB\"},{\"@type\":\"Organization\",\"@id\":\"https:\/\/advancedseeds.com\/#organization\",\"name\":\"Advanced Seeds\",\"url\":\"https:\/\/advancedseeds.com\/\",\"logo\":{\"@type\":\"ImageObject\",\"inLanguage\":\"en-GB\",\"@id\":\"https:\/\/advancedseeds.com\/#\/schema\/logo\/image\/\",\"url\":\"https:\/\/advancedseeds.com\/web\/wp-content\/uploads\/2021\/01\/logo-advanced.jpg\",\"contentUrl\":\"https:\/\/advancedseeds.com\/web\/wp-content\/uploads\/2021\/01\/logo-advanced.jpg\",\"width\":600,\"height\":600,\"caption\":\"Advanced Seeds\"},\"image\":{\"@id\":\"https:\/\/advancedseeds.com\/#\/schema\/logo\/image\/\"}}]}<\/script>\n<!-- \/ Yoast SEO Premium plugin. -->","yoast_head_json":{"title":"Automatic Collection #2 - Advanced Seeds - Advanced Seeds","robots":{"index":"index","follow":"follow","max-snippet":"max-snippet:-1","max-image-preview":"max-image-preview:large","max-video-preview":"max-video-preview:-1"},"canonical":"https:\/\/advancedseeds.com\/en\/tienda\/colecciones\/automatic-collection-2-advanced-seeds\/","og_locale":"en_GB","og_type":"article","og_title":"Automatic Collection #2 - Advanced Seeds","og_description":"2x Auto Blue Diesel - Altura interior: 60 - 90 cm. - Floraci\u00f3n: 55 - 60 d\u00edas. - Producci\u00f3n: 400 - 500 gr\/m2. - Altura exterior: 90 - 140 cm. - Cosecha: Apr - Nov. - THC: 16%  2x Auto Kaya 47 - Altura interior: 70 - 100 cm. - Floraci\u00f3n: 70 - 80 d\u00edas. - Producci\u00f3n: 400 - 500 gr\/m2. - Altura exterior: 90 - 150 cm. - Cosecha: Apr - Nov. - THC: 18%  2x Auto Somango - Altura interior: 70 - 100 cm. - Floraci\u00f3n: 60 - 65 d\u00edas. - Producci\u00f3n: 400 - 450 gr\/m2. - Altura exterior: 90 - 140 cm. - Cosecha: Apr - Nov. - THC: 15%","og_url":"https:\/\/advancedseeds.com\/en\/tienda\/colecciones\/automatic-collection-2-advanced-seeds\/","og_site_name":"Advanced Seeds","article_modified_time":"2026-04-15T09:45:14+00:00","og_image":[{"width":819,"height":1232,"url":"https:\/\/advancedseeds.com\/web\/wp-content\/uploads\/2025\/03\/aucol2-1.jpg","type":"image\/jpeg"}],"twitter_card":"summary_large_image","twitter_misc":{"Estimated reading time":"2 minutes"},"schema":{"@context":"https:\/\/schema.org","@graph":[{"@type":"WebPage","@id":"https:\/\/advancedseeds.com\/tienda\/colecciones\/automatic-collection-2-advanced-seeds\/","url":"https:\/\/advancedseeds.com\/tienda\/colecciones\/automatic-collection-2-advanced-seeds\/","name":"Automatic Collection #2 - Advanced Seeds - Advanced Seeds","isPartOf":{"@id":"https:\/\/advancedseeds.com\/#website"},"primaryImageOfPage":{"@id":"https:\/\/advancedseeds.com\/tienda\/colecciones\/automatic-collection-2-advanced-seeds\/#primaryimage"},"image":{"@id":"https:\/\/advancedseeds.com\/tienda\/colecciones\/automatic-collection-2-advanced-seeds\/#primaryimage"},"thumbnailUrl":"https:\/\/advancedseeds.com\/web\/wp-content\/uploads\/2025\/03\/aucol2-1.jpg","datePublished":"2025-03-11T11:58:00+00:00","dateModified":"2026-04-15T09:45:14+00:00","breadcrumb":{"@id":"https:\/\/advancedseeds.com\/tienda\/colecciones\/automatic-collection-2-advanced-seeds\/#breadcrumb"},"inLanguage":"en-GB","potentialAction":[{"@type":"ReadAction","target":["https:\/\/advancedseeds.com\/tienda\/colecciones\/automatic-collection-2-advanced-seeds\/"]}]},{"@type":"ImageObject","inLanguage":"en-GB","@id":"https:\/\/advancedseeds.com\/tienda\/colecciones\/automatic-collection-2-advanced-seeds\/#primaryimage","url":"https:\/\/advancedseeds.com\/web\/wp-content\/uploads\/2025\/03\/aucol2-1.jpg","contentUrl":"https:\/\/advancedseeds.com\/web\/wp-content\/uploads\/2025\/03\/aucol2-1.jpg","width":819,"height":1232},{"@type":"BreadcrumbList","@id":"https:\/\/advancedseeds.com\/tienda\/colecciones\/automatic-collection-2-advanced-seeds\/#breadcrumb","itemListElement":[{"@type":"ListItem","position":1,"name":"Home","item":"https:\/\/advancedseeds.com\/"},{"@type":"ListItem","position":2,"name":"Tienda","item":"https:\/\/advancedseeds.com\/"},{"@type":"ListItem","position":3,"name":"Automatic Collection #2 &#8211; Advanced Seeds"}]},{"@type":"WebSite","@id":"https:\/\/advancedseeds.com\/#website","url":"https:\/\/advancedseeds.com\/","name":"Advanced Seeds","description":"Advanced genetics in feminised and automatic seeds.","publisher":{"@id":"https:\/\/advancedseeds.com\/#organization"},"potentialAction":[{"@type":"SearchAction","target":{"@type":"EntryPoint","urlTemplate":"https:\/\/advancedseeds.com\/?s={search_term_string}"},"query-input":{"@type":"PropertyValueSpecification","valueRequired":true,"valueName":"search_term_string"}}],"inLanguage":"en-GB"},{"@type":"Organization","@id":"https:\/\/advancedseeds.com\/#organization","name":"Advanced Seeds","url":"https:\/\/advancedseeds.com\/","logo":{"@type":"ImageObject","inLanguage":"en-GB","@id":"https:\/\/advancedseeds.com\/#\/schema\/logo\/image\/","url":"https:\/\/advancedseeds.com\/web\/wp-content\/uploads\/2021\/01\/logo-advanced.jpg","contentUrl":"https:\/\/advancedseeds.com\/web\/wp-content\/uploads\/2021\/01\/logo-advanced.jpg","width":600,"height":600,"caption":"Advanced Seeds"},"image":{"@id":"https:\/\/advancedseeds.com\/#\/schema\/logo\/image\/"}}]}},"_links":{"self":[{"href":"https:\/\/advancedseeds.com\/en\/wp-json\/wp\/v2\/product\/20051","targetHints":{"allow":["GET"]}}],"collection":[{"href":"https:\/\/advancedseeds.com\/en\/wp-json\/wp\/v2\/product"}],"about":[{"href":"https:\/\/advancedseeds.com\/en\/wp-json\/wp\/v2\/types\/product"}],"replies":[{"embeddable":true,"href":"https:\/\/advancedseeds.com\/en\/wp-json\/wp\/v2\/comments?post=20051"}],"wp:featuredmedia":[{"embeddable":true,"href":"https:\/\/advancedseeds.com\/en\/wp-json\/wp\/v2\/media\/20300"}],"wp:attachment":[{"href":"https:\/\/advancedseeds.com\/en\/wp-json\/wp\/v2\/media?parent=20051"}],"wp:term":[{"taxonomy":"product_brand","embeddable":true,"href":"https:\/\/advancedseeds.com\/en\/wp-json\/wp\/v2\/product_brand?post=20051"},{"taxonomy":"product_cat","embeddable":true,"href":"https:\/\/advancedseeds.com\/en\/wp-json\/wp\/v2\/product_cat?post=20051"},{"taxonomy":"product_tag","embeddable":true,"href":"https:\/\/advancedseeds.com\/en\/wp-json\/wp\/v2\/product_tag?post=20051"}],"curies":[{"name":"wp","href":"https:\/\/api.w.org\/{rel}","templated":true}]}}