{"id":25691,"date":"2025-06-18T14:47:39","date_gmt":"2025-06-18T13:47:39","guid":{"rendered":"https:\/\/advancedseeds.com\/web\/?post_type=product&#038;p=25691"},"modified":"2026-04-15T10:45:17","modified_gmt":"2026-04-15T09:45:17","slug":"ed-limitada-caramerma","status":"publish","type":"product","link":"https:\/\/advancedseeds.com\/en\/tienda\/regular\/ed-limitada-caramerma\/","title":{"rendered":"Limited edition - CaramErMa"},"content":{"rendered":"","protected":false},"excerpt":{"rendered":"<p>A selected Caramelo crossed with Strawberry x Malawi. The queen of the garden, with coffee brown pistils and a very fine floral aroma.<\/p>","protected":false},"featured_media":25695,"comment_status":"open","ping_status":"closed","template":"","meta":{"_acf_changed":false},"product_brand":[],"product_cat":[75],"product_tag":[],"class_list":{"0":"post-25691","1":"product","2":"type-product","3":"status-publish","4":"has-post-thumbnail","6":"product_cat-regular","8":"first","9":"instock","10":"taxable","11":"shipping-taxable","12":"purchasable","13":"product-type-simple"},"acf":[],"yoast_head":"<!-- This site is optimized with the Yoast SEO Premium plugin v26.3 (Yoast SEO v26.6) - https:\/\/yoast.com\/wordpress\/plugins\/seo\/ -->\n<title>Ed. Limitada - CaramErMa - Advanced Seeds<\/title>\n<meta name=\"robots\" content=\"index, follow, max-snippet:-1, max-image-preview:large, max-video-preview:-1\" \/>\n<link rel=\"canonical\" href=\"https:\/\/advancedseeds.com\/en\/tienda\/regular\/ed-limitada-caramerma\/\" \/>\n<meta property=\"og:locale\" content=\"en_GB\" \/>\n<meta property=\"og:type\" content=\"article\" \/>\n<meta property=\"og:title\" content=\"Ed. Limitada - CaramErMa\" \/>\n<meta property=\"og:description\" content=\"Una Caramelo seleccionada cruzada con Strawberry x Malawi. La reina del jard\u00edn, con pistilos marr\u00f3n caf\u00e9 y un aroma floral muy fino.\" \/>\n<meta property=\"og:url\" content=\"https:\/\/advancedseeds.com\/en\/tienda\/regular\/ed-limitada-caramerma\/\" \/>\n<meta property=\"og:site_name\" content=\"Advanced Seeds\" \/>\n<meta property=\"article:modified_time\" content=\"2026-04-15T09:45:17+00:00\" \/>\n<meta property=\"og:image\" content=\"https:\/\/advancedseeds.com\/web\/wp-content\/uploads\/2025\/06\/caramerma.jpg\" \/>\n\t<meta property=\"og:image:width\" content=\"1707\" \/>\n\t<meta property=\"og:image:height\" content=\"2560\" \/>\n\t<meta property=\"og:image:type\" content=\"image\/jpeg\" \/>\n<meta name=\"twitter:card\" content=\"summary_large_image\" \/>\n<script type=\"application\/ld+json\" class=\"yoast-schema-graph\">{\"@context\":\"https:\/\/schema.org\",\"@graph\":[{\"@type\":\"WebPage\",\"@id\":\"https:\/\/advancedseeds.com\/tienda\/regular\/ed-limitada-caramerma\/\",\"url\":\"https:\/\/advancedseeds.com\/tienda\/regular\/ed-limitada-caramerma\/\",\"name\":\"Ed. Limitada - CaramErMa - Advanced Seeds\",\"isPartOf\":{\"@id\":\"https:\/\/advancedseeds.com\/#website\"},\"primaryImageOfPage\":{\"@id\":\"https:\/\/advancedseeds.com\/tienda\/regular\/ed-limitada-caramerma\/#primaryimage\"},\"image\":{\"@id\":\"https:\/\/advancedseeds.com\/tienda\/regular\/ed-limitada-caramerma\/#primaryimage\"},\"thumbnailUrl\":\"https:\/\/advancedseeds.com\/web\/wp-content\/uploads\/2025\/06\/caramerma.jpg\",\"datePublished\":\"2025-06-18T13:47:39+00:00\",\"dateModified\":\"2026-04-15T09:45:17+00:00\",\"breadcrumb\":{\"@id\":\"https:\/\/advancedseeds.com\/tienda\/regular\/ed-limitada-caramerma\/#breadcrumb\"},\"inLanguage\":\"en-GB\",\"potentialAction\":[{\"@type\":\"ReadAction\",\"target\":[\"https:\/\/advancedseeds.com\/tienda\/regular\/ed-limitada-caramerma\/\"]}]},{\"@type\":\"ImageObject\",\"inLanguage\":\"en-GB\",\"@id\":\"https:\/\/advancedseeds.com\/tienda\/regular\/ed-limitada-caramerma\/#primaryimage\",\"url\":\"https:\/\/advancedseeds.com\/web\/wp-content\/uploads\/2025\/06\/caramerma.jpg\",\"contentUrl\":\"https:\/\/advancedseeds.com\/web\/wp-content\/uploads\/2025\/06\/caramerma.jpg\",\"width\":1707,\"height\":2560},{\"@type\":\"BreadcrumbList\",\"@id\":\"https:\/\/advancedseeds.com\/tienda\/regular\/ed-limitada-caramerma\/#breadcrumb\",\"itemListElement\":[{\"@type\":\"ListItem\",\"position\":1,\"name\":\"Home\",\"item\":\"https:\/\/advancedseeds.com\/\"},{\"@type\":\"ListItem\",\"position\":2,\"name\":\"Tienda\",\"item\":\"https:\/\/advancedseeds.com\/\"},{\"@type\":\"ListItem\",\"position\":3,\"name\":\"Ed. Limitada &#8211; CaramErMa\"}]},{\"@type\":\"WebSite\",\"@id\":\"https:\/\/advancedseeds.com\/#website\",\"url\":\"https:\/\/advancedseeds.com\/\",\"name\":\"Advanced Seeds\",\"description\":\"Gen\u00e9ticas Avanzadas en semillas feminizadas y autom\u00e1ticas.\",\"publisher\":{\"@id\":\"https:\/\/advancedseeds.com\/#organization\"},\"potentialAction\":[{\"@type\":\"SearchAction\",\"target\":{\"@type\":\"EntryPoint\",\"urlTemplate\":\"https:\/\/advancedseeds.com\/?s={search_term_string}\"},\"query-input\":{\"@type\":\"PropertyValueSpecification\",\"valueRequired\":true,\"valueName\":\"search_term_string\"}}],\"inLanguage\":\"en-GB\"},{\"@type\":\"Organization\",\"@id\":\"https:\/\/advancedseeds.com\/#organization\",\"name\":\"Advanced Seeds\",\"url\":\"https:\/\/advancedseeds.com\/\",\"logo\":{\"@type\":\"ImageObject\",\"inLanguage\":\"en-GB\",\"@id\":\"https:\/\/advancedseeds.com\/#\/schema\/logo\/image\/\",\"url\":\"https:\/\/advancedseeds.com\/web\/wp-content\/uploads\/2021\/01\/logo-advanced.jpg\",\"contentUrl\":\"https:\/\/advancedseeds.com\/web\/wp-content\/uploads\/2021\/01\/logo-advanced.jpg\",\"width\":600,\"height\":600,\"caption\":\"Advanced Seeds\"},\"image\":{\"@id\":\"https:\/\/advancedseeds.com\/#\/schema\/logo\/image\/\"}}]}<\/script>\n<!-- \/ Yoast SEO Premium plugin. -->","yoast_head_json":{"title":"Ed. Limitada - CaramErMa - Advanced Seeds","robots":{"index":"index","follow":"follow","max-snippet":"max-snippet:-1","max-image-preview":"max-image-preview:large","max-video-preview":"max-video-preview:-1"},"canonical":"https:\/\/advancedseeds.com\/en\/tienda\/regular\/ed-limitada-caramerma\/","og_locale":"en_GB","og_type":"article","og_title":"Ed. Limitada - CaramErMa","og_description":"Una Caramelo seleccionada cruzada con Strawberry x Malawi. La reina del jard\u00edn, con pistilos marr\u00f3n caf\u00e9 y un aroma floral muy fino.","og_url":"https:\/\/advancedseeds.com\/en\/tienda\/regular\/ed-limitada-caramerma\/","og_site_name":"Advanced Seeds","article_modified_time":"2026-04-15T09:45:17+00:00","og_image":[{"width":1707,"height":2560,"url":"https:\/\/advancedseeds.com\/web\/wp-content\/uploads\/2025\/06\/caramerma.jpg","type":"image\/jpeg"}],"twitter_card":"summary_large_image","schema":{"@context":"https:\/\/schema.org","@graph":[{"@type":"WebPage","@id":"https:\/\/advancedseeds.com\/tienda\/regular\/ed-limitada-caramerma\/","url":"https:\/\/advancedseeds.com\/tienda\/regular\/ed-limitada-caramerma\/","name":"Ed. Limitada - CaramErMa - Advanced Seeds","isPartOf":{"@id":"https:\/\/advancedseeds.com\/#website"},"primaryImageOfPage":{"@id":"https:\/\/advancedseeds.com\/tienda\/regular\/ed-limitada-caramerma\/#primaryimage"},"image":{"@id":"https:\/\/advancedseeds.com\/tienda\/regular\/ed-limitada-caramerma\/#primaryimage"},"thumbnailUrl":"https:\/\/advancedseeds.com\/web\/wp-content\/uploads\/2025\/06\/caramerma.jpg","datePublished":"2025-06-18T13:47:39+00:00","dateModified":"2026-04-15T09:45:17+00:00","breadcrumb":{"@id":"https:\/\/advancedseeds.com\/tienda\/regular\/ed-limitada-caramerma\/#breadcrumb"},"inLanguage":"en-GB","potentialAction":[{"@type":"ReadAction","target":["https:\/\/advancedseeds.com\/tienda\/regular\/ed-limitada-caramerma\/"]}]},{"@type":"ImageObject","inLanguage":"en-GB","@id":"https:\/\/advancedseeds.com\/tienda\/regular\/ed-limitada-caramerma\/#primaryimage","url":"https:\/\/advancedseeds.com\/web\/wp-content\/uploads\/2025\/06\/caramerma.jpg","contentUrl":"https:\/\/advancedseeds.com\/web\/wp-content\/uploads\/2025\/06\/caramerma.jpg","width":1707,"height":2560},{"@type":"BreadcrumbList","@id":"https:\/\/advancedseeds.com\/tienda\/regular\/ed-limitada-caramerma\/#breadcrumb","itemListElement":[{"@type":"ListItem","position":1,"name":"Home","item":"https:\/\/advancedseeds.com\/"},{"@type":"ListItem","position":2,"name":"Tienda","item":"https:\/\/advancedseeds.com\/"},{"@type":"ListItem","position":3,"name":"Ed. Limitada &#8211; CaramErMa"}]},{"@type":"WebSite","@id":"https:\/\/advancedseeds.com\/#website","url":"https:\/\/advancedseeds.com\/","name":"Advanced Seeds","description":"Advanced genetics in feminised and automatic seeds.","publisher":{"@id":"https:\/\/advancedseeds.com\/#organization"},"potentialAction":[{"@type":"SearchAction","target":{"@type":"EntryPoint","urlTemplate":"https:\/\/advancedseeds.com\/?s={search_term_string}"},"query-input":{"@type":"PropertyValueSpecification","valueRequired":true,"valueName":"search_term_string"}}],"inLanguage":"en-GB"},{"@type":"Organization","@id":"https:\/\/advancedseeds.com\/#organization","name":"Advanced Seeds","url":"https:\/\/advancedseeds.com\/","logo":{"@type":"ImageObject","inLanguage":"en-GB","@id":"https:\/\/advancedseeds.com\/#\/schema\/logo\/image\/","url":"https:\/\/advancedseeds.com\/web\/wp-content\/uploads\/2021\/01\/logo-advanced.jpg","contentUrl":"https:\/\/advancedseeds.com\/web\/wp-content\/uploads\/2021\/01\/logo-advanced.jpg","width":600,"height":600,"caption":"Advanced Seeds"},"image":{"@id":"https:\/\/advancedseeds.com\/#\/schema\/logo\/image\/"}}]}},"_links":{"self":[{"href":"https:\/\/advancedseeds.com\/en\/wp-json\/wp\/v2\/product\/25691","targetHints":{"allow":["GET"]}}],"collection":[{"href":"https:\/\/advancedseeds.com\/en\/wp-json\/wp\/v2\/product"}],"about":[{"href":"https:\/\/advancedseeds.com\/en\/wp-json\/wp\/v2\/types\/product"}],"replies":[{"embeddable":true,"href":"https:\/\/advancedseeds.com\/en\/wp-json\/wp\/v2\/comments?post=25691"}],"wp:featuredmedia":[{"embeddable":true,"href":"https:\/\/advancedseeds.com\/en\/wp-json\/wp\/v2\/media\/25695"}],"wp:attachment":[{"href":"https:\/\/advancedseeds.com\/en\/wp-json\/wp\/v2\/media?parent=25691"}],"wp:term":[{"taxonomy":"product_brand","embeddable":true,"href":"https:\/\/advancedseeds.com\/en\/wp-json\/wp\/v2\/product_brand?post=25691"},{"taxonomy":"product_cat","embeddable":true,"href":"https:\/\/advancedseeds.com\/en\/wp-json\/wp\/v2\/product_cat?post=25691"},{"taxonomy":"product_tag","embeddable":true,"href":"https:\/\/advancedseeds.com\/en\/wp-json\/wp\/v2\/product_tag?post=25691"}],"curies":[{"name":"wp","href":"https:\/\/api.w.org\/{rel}","templated":true}]}}