{"id":2734,"date":"2021-08-23T10:52:05","date_gmt":"2021-08-23T09:52:05","guid":{"rendered":"https:\/\/advancedseeds.com\/web\/?post_type=product&#038;p=2734"},"modified":"2025-03-22T17:52:18","modified_gmt":"2025-03-22T16:52:18","slug":"amnesia-fast","status":"publish","type":"product","link":"https:\/\/advancedseeds.com\/en\/tienda\/fast\/amnesia-fast\/","title":{"rendered":"Amnesia Fast"},"content":{"rendered":"<p><span style=\"font-weight: 400\">The <\/span><b>Amnesia Fast seeds by Advanced Seeds<\/b><span style=\"font-weight: 400\"> are a stellar choice for those looking for speed and potency in their grow. This fast and easy to grow version of our Amnesia stands out for its large yields, resinous buds and unique resistance to pests and mould. Get ready for an exceptional growing experience!<\/span><\/p>\n<h2><span style=\"font-weight: 400\">What are the genetics of these seeds?<\/span><\/h2>\n<p><span style=\"font-weight: 400\">The <\/span><a href=\"https:\/\/advancedseeds.com\/web\/categoria-producto\/fast\/\"><b>seeds fast version<\/b><\/a><b> Amnesia<\/b><span style=\"font-weight: 400\"> are a sublime cross between the legendary Amnesia and our automatic version of the Amnesia, the impressive <\/span><a href=\"https:\/\/advancedseeds.com\/web\/producto\/auto-amnesia-xxl\/\"><span style=\"font-weight: 400\">Auto Amnesia XXL<\/span><\/a><span style=\"font-weight: 400\">\u00a0 . This unique hybrid maintains a strong sativa dominance, resulting in a plant with impressive characteristics and a natural resistance to adversities.<\/span><\/p>\n<h2><span style=\"font-weight: 400\">What do feminised Amnesia Fast seeds look like?<\/span><\/h2>\n<p><span style=\"font-weight: 400\">These seeds give rise to a medium sized plant indoors, with a height ranging between 80 and 100 cm, and outdoors it can reach 2.5 m. Its morphology is not as tall and elongated as the normal photoperiod version, but it shows a medium distance between nodes that improves the density of the flowers later on. Its buds are harder than it looks, elongated and completely covered with trichomes with large heads, both calyxes and adjacent leaves.<\/span><\/p>\n<h2><span style=\"font-weight: 400\">How are these seeds grown indoors and outdoors?<\/span><\/h2>\n<p><span style=\"font-weight: 400\">Being a fast flowering photoperiod strain, Amnesia Fast offers many advantages for inexperienced growers who want to harvest sativa effect varieties. <\/span><\/p>\n<h3><span style=\"font-weight: 400\">Indoor cultivation:<\/span><\/h3>\n<p><span style=\"font-weight: 400\">They can be left to grow naturally and will perform well, but by pruning apically or FIM you gain production for 2 reasons, firstly because you get more main tips, but also because pruning slows down the growth of the central bud and allows the side branches to reach their height, so you have a lot of tips that get a lot of light.\u00a0<\/span><\/p>\n<h3><span style=\"font-weight: 400\">Outdoor cultivation:<\/span><\/h3>\n<p><span style=\"font-weight: 400\">Its fast flowering cycle allows for earlier harvesting, avoiding autumn rains, so Amnesia Fast seeds are a perfect choice for growers living in regions that do not allow you to harvest other sativa strains without problems. Use quality substrates from well-known brands and maintain a medium EC for optimal results. Pruning is also highly recommended when growing outdoors, as well as trellising to support the branches.<\/span><\/p>\n<h2><span style=\"font-weight: 400\">When is the Amnesia Fast harvested?<\/span><\/h2>\n<p><span style=\"font-weight: 400\">In indoor growing, after 65-70 days of flowering, Amnesia Fast will be ready to harvest. Outdoors, harvest is between 1-10 October in the northern hemisphere and early March in the southern hemisphere. If you let this strain ripen too long, the sativa effect loses a bit of sparkle, keep this in mind if you prefer euphoria and psychoactivity.<\/span><\/p>\n<h2><span style=\"font-weight: 400\">How much do these seeds produce?<\/span><\/h2>\n<p><span style=\"font-weight: 400\">Under normal conditions, indoors, you can obtain between 450 and 550 g\/m2, depending on the type and strength of light, the nutrition of the plants, and above all the skill of the grower. Outdoors, each plant can produce impressive amounts, as much as any photodependent variety, and can reach over 800 grams when they have plenty of soil and hours of direct sunlight.<\/span><\/p>\n<h2><span style=\"font-weight: 400\">What is the aroma and taste of Amnesia Fast feminised seeds like?<\/span><\/h2>\n<p><span style=\"font-weight: 400\">Get ready for a sensory journey: a lemony aroma with hints of incense and spice, and a taste that combines the best of citrus with floral and spicy notes. A delight for the senses that you won't want to stop enjoying, but be careful not to overdo it because it also packs a punch.<\/span><\/p>\n<h2><span style=\"font-weight: 400\">What kind of effect does this marijuana have?<\/span><\/h2>\n<p><span style=\"font-weight: 400\">With 18% THC, Amnesia Fast offers a powerful, stimulating cerebral effect, perfect for unleashing creativity and enjoying moments of euphoria and general well-being. On a physical level, it starts with a faster heart rate and invites you to perform all kinds of tasks, but after a while it feels increasingly relaxing.<\/span><\/p>\n<h2><span style=\"font-weight: 400\">Buy feminised Amnesia Fast seeds at the best price online<\/span><\/h2>\n<p><span style=\"font-weight: 400\">Ready to take your grow to the next level? Advanced Seeds' Amnesia Fast feminized seeds are your ticket to a fast, abundant and potent harvest - buy now and experience growing excellence!<\/span><\/p>\n<p><span style=\"font-weight: 400\">Below you can see a comparison table between different versions of the Amnesia marijuana strain:<\/span><\/p>\n<table>\n<tbody>\n<tr>\n<td><b>Features<\/b><\/td>\n<td><b>Amnesia Fast<\/b><\/td>\n<td><b>Amnesia Feminised<\/b><\/td>\n<td><b>Auto Amnesia XXL<\/b><\/td>\n<td><b>Amnesia CBD<\/b><\/td>\n<\/tr>\n<tr>\n<td><span style=\"font-weight: 400\">Genetics<\/span><\/td>\n<td><span style=\"font-weight: 400\">Hybrid (Sativa dominant)<\/span><\/td>\n<td><span style=\"font-weight: 400\">Sativa dominant<\/span><\/td>\n<td><span style=\"font-weight: 400\">Hybrid (Sativa dominant)<\/span><\/td>\n<td><span style=\"font-weight: 400\">Hybrid with high CBD content<\/span><\/td>\n<\/tr>\n<tr>\n<td><span style=\"font-weight: 400\">THC<\/span><\/td>\n<td><span style=\"font-weight: 400\">18%<\/span><\/td>\n<td><span style=\"font-weight: 400\">18-25%<\/span><\/td>\n<td><span style=\"font-weight: 400\">14-16%<\/span><\/td>\n<td><span style=\"font-weight: 400\">6-12% (miscellaneous)<\/span><\/td>\n<\/tr>\n<tr>\n<td><span style=\"font-weight: 400\">CBD<\/span><\/td>\n<td><span style=\"font-weight: 400\">Under<\/span><\/td>\n<td><span style=\"font-weight: 400\">Under<\/span><\/td>\n<td><span style=\"font-weight: 400\">Under<\/span><\/td>\n<td><span style=\"font-weight: 400\">High (varied)<\/span><\/td>\n<\/tr>\n<tr>\n<td><span style=\"font-weight: 400\">Indoor Performance<\/span><\/td>\n<td><span style=\"font-weight: 400\">450-550 g\/m2<\/span><\/td>\n<td><span style=\"font-weight: 400\">500-600 g\/m2<\/span><\/td>\n<td><span style=\"font-weight: 400\">550-600 g\/m2<\/span><\/td>\n<td><span style=\"font-weight: 400\">400-450 g\/m2<\/span><\/td>\n<\/tr>\n<tr>\n<td><span style=\"font-weight: 400\">Outdoor Performance<\/span><\/td>\n<td><span style=\"font-weight: 400\">400-800 g\/plant<\/span><\/td>\n<td><span style=\"font-weight: 400\">600-800 g\/plant<\/span><\/td>\n<td><span style=\"font-weight: 400\">100-200 g\/plant<\/span><\/td>\n<td><span style=\"font-weight: 400\">300-400 g\/plant<\/span><\/td>\n<\/tr>\n<tr>\n<td><span style=\"font-weight: 400\">Interior height<\/span><\/td>\n<td><span style=\"font-weight: 400\">80-100 cm<\/span><\/td>\n<td><span style=\"font-weight: 400\">70-150 cm<\/span><\/td>\n<td><span style=\"font-weight: 400\">80-100 cm<\/span><\/td>\n<td><span style=\"font-weight: 400\">80-120 cm<\/span><\/td>\n<\/tr>\n<tr>\n<td><span style=\"font-weight: 400\">External Height<\/span><\/td>\n<td><span style=\"font-weight: 400\">2,0-2,5 m<\/span><\/td>\n<td><span style=\"font-weight: 400\">2,5-3,5 m<\/span><\/td>\n<td><span style=\"font-weight: 400\">1,1-1,7 m<\/span><\/td>\n<td><span style=\"font-weight: 400\">1,5-2,0 m<\/span><\/td>\n<\/tr>\n<tr>\n<td><span style=\"font-weight: 400\">Flowering Cycle<\/span><\/td>\n<td><span style=\"font-weight: 400\">65-70 days<\/span><\/td>\n<td><span style=\"font-weight: 400\">65-75 days<\/span><\/td>\n<td><span style=\"font-weight: 400\">70-80 days (from germination)<\/span><\/td>\n<td><span style=\"font-weight: 400\">70-80 days<\/span><\/td>\n<\/tr>\n<tr>\n<td><span style=\"font-weight: 400\">Outdoor Harvest<\/span><\/td>\n<td><span style=\"font-weight: 400\">1-10 October<\/span><\/td>\n<td><span style=\"font-weight: 400\">October<\/span><\/td>\n<td><span style=\"font-weight: 400\">10-11 weeks from germination<\/span><\/td>\n<td><span style=\"font-weight: 400\">October<\/span><\/td>\n<\/tr>\n<tr>\n<td><span style=\"font-weight: 400\">Aroma and Flavour<\/span><\/td>\n<td><span style=\"font-weight: 400\">Lemon, incense, spices<\/span><\/td>\n<td><span style=\"font-weight: 400\">Citrus, Haze, spices<\/span><\/td>\n<td><span style=\"font-weight: 400\">Citrus, Haze<\/span><\/td>\n<td><span style=\"font-weight: 400\">Citrus, sweet, CBD<\/span><\/td>\n<\/tr>\n<tr>\n<td><span style=\"font-weight: 400\">Effect<\/span><\/td>\n<td><span style=\"font-weight: 400\">Euphoric, cerebral<\/span><\/td>\n<td><span style=\"font-weight: 400\">Powerful, euphoric, cerebral<\/span><\/td>\n<td><span style=\"font-weight: 400\">Euphoric, relaxing<\/span><\/td>\n<td><span style=\"font-weight: 400\">Relaxing, medicinal<\/span><\/td>\n<\/tr>\n<tr>\n<td><span style=\"font-weight: 400\">Pest\/Mould Resistance<\/span><\/td>\n<td><span style=\"font-weight: 400\">High<\/span><\/td>\n<td><span style=\"font-weight: 400\">High<\/span><\/td>\n<td><span style=\"font-weight: 400\">High<\/span><\/td>\n<td><span style=\"font-weight: 400\">Medium\/High<\/span><\/td>\n<\/tr>\n<tr>\n<td><span style=\"font-weight: 400\">Difficulty of Cultivation<\/span><\/td>\n<td><span style=\"font-weight: 400\">Easy\/Medium<\/span><\/td>\n<td><span style=\"font-weight: 400\">Media<\/span><\/td>\n<td><span style=\"font-weight: 400\">Easy<\/span><\/td>\n<td><span style=\"font-weight: 400\">Media<\/span><\/td>\n<\/tr>\n<tr>\n<td><span style=\"font-weight: 400\">Type<\/span><\/td>\n<td><span style=\"font-weight: 400\">Photoperiodic<\/span><\/td>\n<td><span style=\"font-weight: 400\">Photoperiodic<\/span><\/td>\n<td><span style=\"font-weight: 400\">Autoflowering<\/span><\/td>\n<td><span style=\"font-weight: 400\">Photoperiodic with high CBD<\/span><\/td>\n<\/tr>\n<\/tbody>\n<\/table>\n<p>&nbsp;<\/p>\n<p>&nbsp;<\/p>","protected":false},"excerpt":{"rendered":"<p>Fast and easy to grow version of our Amnesia with a unique size and resistance. High yielding plant with resin and sugar coated buds thanks to its sativa dominance. This strain naturally retains a high resistance to pests and mould. Lemon aroma and flavour with hints of incense and spices.<\/p>","protected":false},"featured_media":19647,"comment_status":"open","ping_status":"closed","template":"","meta":{"_acf_changed":false},"product_brand":[],"product_cat":[80],"product_tag":[],"class_list":{"0":"post-2734","1":"product","2":"type-product","3":"status-publish","4":"has-post-thumbnail","6":"product_cat-fast","8":"first","9":"instock","10":"taxable","11":"shipping-taxable","12":"purchasable","13":"product-type-variable"},"acf":[],"yoast_head":"<!-- This site is optimized with the Yoast SEO Premium plugin v26.3 (Yoast SEO v26.6) - https:\/\/yoast.com\/wordpress\/plugins\/seo\/ -->\n<title>Amnesia Fast - Advanced Seeds<\/title>\n<meta name=\"robots\" content=\"index, follow, max-snippet:-1, max-image-preview:large, max-video-preview:-1\" \/>\n<link rel=\"canonical\" href=\"https:\/\/advancedseeds.com\/en\/tienda\/fast\/amnesia-fast\/\" \/>\n<meta property=\"og:locale\" content=\"en_GB\" \/>\n<meta property=\"og:type\" content=\"article\" \/>\n<meta property=\"og:title\" content=\"Amnesia Fast\" \/>\n<meta property=\"og:description\" content=\"Versi\u00f3n r\u00e1pida y de f\u00e1cil cultivo de nuestra Amnesia con un porte y resistencia \u00fanicos. Planta de gran producci\u00f3n de cogollos ba\u00f1ados de resina y az\u00facares gracias a su dominancia sativa. Esta cepa conserva de forma natural una alta resistencia a las plagas y el moho. Aroma y sabor a lim\u00f3n con matices de incienso y especias.\" \/>\n<meta property=\"og:url\" content=\"https:\/\/advancedseeds.com\/en\/tienda\/fast\/amnesia-fast\/\" \/>\n<meta property=\"og:site_name\" content=\"Advanced Seeds\" \/>\n<meta property=\"article:modified_time\" content=\"2025-03-22T16:52:18+00:00\" \/>\n<meta property=\"og:image\" content=\"https:\/\/advancedseeds.com\/web\/wp-content\/uploads\/2021\/08\/Amnesia-Fast-scaled.jpg\" \/>\n\t<meta property=\"og:image:width\" content=\"1928\" \/>\n\t<meta property=\"og:image:height\" content=\"2560\" \/>\n\t<meta property=\"og:image:type\" content=\"image\/jpeg\" \/>\n<meta name=\"twitter:card\" content=\"summary_large_image\" \/>\n<meta name=\"twitter:label1\" content=\"Estimated reading time\" \/>\n\t<meta name=\"twitter:data1\" content=\"5 minutes\" \/>\n<script type=\"application\/ld+json\" class=\"yoast-schema-graph\">{\"@context\":\"https:\/\/schema.org\",\"@graph\":[{\"@type\":\"WebPage\",\"@id\":\"https:\/\/advancedseeds.com\/tienda\/fast\/amnesia-fast\/\",\"url\":\"https:\/\/advancedseeds.com\/tienda\/fast\/amnesia-fast\/\",\"name\":\"Amnesia Fast - Advanced Seeds\",\"isPartOf\":{\"@id\":\"https:\/\/advancedseeds.com\/#website\"},\"primaryImageOfPage\":{\"@id\":\"https:\/\/advancedseeds.com\/tienda\/fast\/amnesia-fast\/#primaryimage\"},\"image\":{\"@id\":\"https:\/\/advancedseeds.com\/tienda\/fast\/amnesia-fast\/#primaryimage\"},\"thumbnailUrl\":\"https:\/\/advancedseeds.com\/web\/wp-content\/uploads\/2021\/08\/Amnesia-Fast-scaled.jpg\",\"datePublished\":\"2021-08-23T09:52:05+00:00\",\"dateModified\":\"2025-03-22T16:52:18+00:00\",\"breadcrumb\":{\"@id\":\"https:\/\/advancedseeds.com\/tienda\/fast\/amnesia-fast\/#breadcrumb\"},\"inLanguage\":\"en-GB\",\"potentialAction\":[{\"@type\":\"ReadAction\",\"target\":[\"https:\/\/advancedseeds.com\/tienda\/fast\/amnesia-fast\/\"]}]},{\"@type\":\"ImageObject\",\"inLanguage\":\"en-GB\",\"@id\":\"https:\/\/advancedseeds.com\/tienda\/fast\/amnesia-fast\/#primaryimage\",\"url\":\"https:\/\/advancedseeds.com\/web\/wp-content\/uploads\/2021\/08\/Amnesia-Fast-scaled.jpg\",\"contentUrl\":\"https:\/\/advancedseeds.com\/web\/wp-content\/uploads\/2021\/08\/Amnesia-Fast-scaled.jpg\",\"width\":1928,\"height\":2560},{\"@type\":\"BreadcrumbList\",\"@id\":\"https:\/\/advancedseeds.com\/tienda\/fast\/amnesia-fast\/#breadcrumb\",\"itemListElement\":[{\"@type\":\"ListItem\",\"position\":1,\"name\":\"Home\",\"item\":\"https:\/\/advancedseeds.com\/\"},{\"@type\":\"ListItem\",\"position\":2,\"name\":\"Tienda\",\"item\":\"https:\/\/advancedseeds.com\/\"},{\"@type\":\"ListItem\",\"position\":3,\"name\":\"Amnesia Fast\"}]},{\"@type\":\"WebSite\",\"@id\":\"https:\/\/advancedseeds.com\/#website\",\"url\":\"https:\/\/advancedseeds.com\/\",\"name\":\"Advanced Seeds\",\"description\":\"Gen\u00e9ticas Avanzadas en semillas feminizadas y autom\u00e1ticas.\",\"publisher\":{\"@id\":\"https:\/\/advancedseeds.com\/#organization\"},\"potentialAction\":[{\"@type\":\"SearchAction\",\"target\":{\"@type\":\"EntryPoint\",\"urlTemplate\":\"https:\/\/advancedseeds.com\/?s={search_term_string}\"},\"query-input\":{\"@type\":\"PropertyValueSpecification\",\"valueRequired\":true,\"valueName\":\"search_term_string\"}}],\"inLanguage\":\"en-GB\"},{\"@type\":\"Organization\",\"@id\":\"https:\/\/advancedseeds.com\/#organization\",\"name\":\"Advanced Seeds\",\"url\":\"https:\/\/advancedseeds.com\/\",\"logo\":{\"@type\":\"ImageObject\",\"inLanguage\":\"en-GB\",\"@id\":\"https:\/\/advancedseeds.com\/#\/schema\/logo\/image\/\",\"url\":\"https:\/\/advancedseeds.com\/web\/wp-content\/uploads\/2021\/01\/logo-advanced.jpg\",\"contentUrl\":\"https:\/\/advancedseeds.com\/web\/wp-content\/uploads\/2021\/01\/logo-advanced.jpg\",\"width\":600,\"height\":600,\"caption\":\"Advanced Seeds\"},\"image\":{\"@id\":\"https:\/\/advancedseeds.com\/#\/schema\/logo\/image\/\"}}]}<\/script>\n<!-- \/ Yoast SEO Premium plugin. -->","yoast_head_json":{"title":"Amnesia Fast - Advanced Seeds","robots":{"index":"index","follow":"follow","max-snippet":"max-snippet:-1","max-image-preview":"max-image-preview:large","max-video-preview":"max-video-preview:-1"},"canonical":"https:\/\/advancedseeds.com\/en\/tienda\/fast\/amnesia-fast\/","og_locale":"en_GB","og_type":"article","og_title":"Amnesia Fast","og_description":"Versi\u00f3n r\u00e1pida y de f\u00e1cil cultivo de nuestra Amnesia con un porte y resistencia \u00fanicos. Planta de gran producci\u00f3n de cogollos ba\u00f1ados de resina y az\u00facares gracias a su dominancia sativa. Esta cepa conserva de forma natural una alta resistencia a las plagas y el moho. Aroma y sabor a lim\u00f3n con matices de incienso y especias.","og_url":"https:\/\/advancedseeds.com\/en\/tienda\/fast\/amnesia-fast\/","og_site_name":"Advanced Seeds","article_modified_time":"2025-03-22T16:52:18+00:00","og_image":[{"width":1928,"height":2560,"url":"https:\/\/advancedseeds.com\/web\/wp-content\/uploads\/2021\/08\/Amnesia-Fast-scaled.jpg","type":"image\/jpeg"}],"twitter_card":"summary_large_image","twitter_misc":{"Estimated reading time":"5 minutes"},"schema":{"@context":"https:\/\/schema.org","@graph":[{"@type":"WebPage","@id":"https:\/\/advancedseeds.com\/tienda\/fast\/amnesia-fast\/","url":"https:\/\/advancedseeds.com\/tienda\/fast\/amnesia-fast\/","name":"Amnesia Fast - Advanced Seeds","isPartOf":{"@id":"https:\/\/advancedseeds.com\/#website"},"primaryImageOfPage":{"@id":"https:\/\/advancedseeds.com\/tienda\/fast\/amnesia-fast\/#primaryimage"},"image":{"@id":"https:\/\/advancedseeds.com\/tienda\/fast\/amnesia-fast\/#primaryimage"},"thumbnailUrl":"https:\/\/advancedseeds.com\/web\/wp-content\/uploads\/2021\/08\/Amnesia-Fast-scaled.jpg","datePublished":"2021-08-23T09:52:05+00:00","dateModified":"2025-03-22T16:52:18+00:00","breadcrumb":{"@id":"https:\/\/advancedseeds.com\/tienda\/fast\/amnesia-fast\/#breadcrumb"},"inLanguage":"en-GB","potentialAction":[{"@type":"ReadAction","target":["https:\/\/advancedseeds.com\/tienda\/fast\/amnesia-fast\/"]}]},{"@type":"ImageObject","inLanguage":"en-GB","@id":"https:\/\/advancedseeds.com\/tienda\/fast\/amnesia-fast\/#primaryimage","url":"https:\/\/advancedseeds.com\/web\/wp-content\/uploads\/2021\/08\/Amnesia-Fast-scaled.jpg","contentUrl":"https:\/\/advancedseeds.com\/web\/wp-content\/uploads\/2021\/08\/Amnesia-Fast-scaled.jpg","width":1928,"height":2560},{"@type":"BreadcrumbList","@id":"https:\/\/advancedseeds.com\/tienda\/fast\/amnesia-fast\/#breadcrumb","itemListElement":[{"@type":"ListItem","position":1,"name":"Home","item":"https:\/\/advancedseeds.com\/"},{"@type":"ListItem","position":2,"name":"Tienda","item":"https:\/\/advancedseeds.com\/"},{"@type":"ListItem","position":3,"name":"Amnesia Fast"}]},{"@type":"WebSite","@id":"https:\/\/advancedseeds.com\/#website","url":"https:\/\/advancedseeds.com\/","name":"Advanced Seeds","description":"Advanced genetics in feminised and automatic seeds.","publisher":{"@id":"https:\/\/advancedseeds.com\/#organization"},"potentialAction":[{"@type":"SearchAction","target":{"@type":"EntryPoint","urlTemplate":"https:\/\/advancedseeds.com\/?s={search_term_string}"},"query-input":{"@type":"PropertyValueSpecification","valueRequired":true,"valueName":"search_term_string"}}],"inLanguage":"en-GB"},{"@type":"Organization","@id":"https:\/\/advancedseeds.com\/#organization","name":"Advanced Seeds","url":"https:\/\/advancedseeds.com\/","logo":{"@type":"ImageObject","inLanguage":"en-GB","@id":"https:\/\/advancedseeds.com\/#\/schema\/logo\/image\/","url":"https:\/\/advancedseeds.com\/web\/wp-content\/uploads\/2021\/01\/logo-advanced.jpg","contentUrl":"https:\/\/advancedseeds.com\/web\/wp-content\/uploads\/2021\/01\/logo-advanced.jpg","width":600,"height":600,"caption":"Advanced Seeds"},"image":{"@id":"https:\/\/advancedseeds.com\/#\/schema\/logo\/image\/"}}]}},"_links":{"self":[{"href":"https:\/\/advancedseeds.com\/en\/wp-json\/wp\/v2\/product\/2734","targetHints":{"allow":["GET"]}}],"collection":[{"href":"https:\/\/advancedseeds.com\/en\/wp-json\/wp\/v2\/product"}],"about":[{"href":"https:\/\/advancedseeds.com\/en\/wp-json\/wp\/v2\/types\/product"}],"replies":[{"embeddable":true,"href":"https:\/\/advancedseeds.com\/en\/wp-json\/wp\/v2\/comments?post=2734"}],"wp:featuredmedia":[{"embeddable":true,"href":"https:\/\/advancedseeds.com\/en\/wp-json\/wp\/v2\/media\/19647"}],"wp:attachment":[{"href":"https:\/\/advancedseeds.com\/en\/wp-json\/wp\/v2\/media?parent=2734"}],"wp:term":[{"taxonomy":"product_brand","embeddable":true,"href":"https:\/\/advancedseeds.com\/en\/wp-json\/wp\/v2\/product_brand?post=2734"},{"taxonomy":"product_cat","embeddable":true,"href":"https:\/\/advancedseeds.com\/en\/wp-json\/wp\/v2\/product_cat?post=2734"},{"taxonomy":"product_tag","embeddable":true,"href":"https:\/\/advancedseeds.com\/en\/wp-json\/wp\/v2\/product_tag?post=2734"}],"curies":[{"name":"wp","href":"https:\/\/api.w.org\/{rel}","templated":true}]}}