{"id":2782,"date":"2021-08-23T12:58:13","date_gmt":"2021-08-23T11:58:13","guid":{"rendered":"https:\/\/advancedseeds.com\/web\/?post_type=product&#038;p=2782"},"modified":"2025-03-07T14:37:25","modified_gmt":"2025-03-07T13:37:25","slug":"auto-cherry-pie","status":"publish","type":"product","link":"https:\/\/advancedseeds.com\/en\/tienda\/automaticas\/auto-cherry-pie\/","title":{"rendered":"Auto Cherry Pie"},"content":{"rendered":"<p><span style=\"font-weight: 400\">Welcome to Advanced Seeds, and more specifically to the page where I introduce you to <\/span><b>Auto Cherry Pie<\/b><span style=\"font-weight: 400\">! From their genetic roots to the effects they produce, we tell you all about them. <\/span><a href=\"https:\/\/advancedseeds.com\/web\/\"><span style=\"font-weight: 400\">marijuana seeds<\/span><\/a><span style=\"font-weight: 400\">. Get ready to meet a variety that will leave you open-mouthed.<\/span><\/p>\n<h2><b>What are the genetics of Auto Cherry Pie?<\/b><\/h2>\n<p><span style=\"font-weight: 400\">The genetics of Auto Cherry Pie are a marvel in themselves. It comes from the crossing of the <\/span><a href=\"https:\/\/advancedseeds.com\/web\/producto\/cherry-pie\/\"><span style=\"font-weight: 400\">variety Cherry Pie<\/span><\/a><span style=\"font-weight: 400\"> (Durban Poison x Grand Daddy Purple) with a Ruderalis. This gives her her exceptional combination of traits, with a <\/span><b>indica dominance<\/b><span style=\"font-weight: 400\"> which is reflected in its relaxing effect both physically and mentally. The influence of Durban Poison and Grand Daddy Purple brings a unique complexity in terms of flavour and aroma to these strains. <\/span><a href=\"https:\/\/advancedseeds.com\/web\/categoria-producto\/automaticas\/\"><span style=\"font-weight: 400\">autoflowering seeds<\/span><\/a><span style=\"font-weight: 400\">.<\/span><\/p>\n<h2><b>What does Auto Cherry Pie look like?<\/b><\/h2>\n<p><span style=\"font-weight: 400\">Visually, Auto Cherry Pie is a plant that you will fall in love with from the first time you see it, a cannabis love at first sight that you won't want to miss. With a height of 70 to 90 cm indoors, it has a pure indica structure with a bushy appearance and abundant branching. Its dense and resinous flowers acquire <\/span><b>bluish and purplish tones<\/b><span style=\"font-weight: 400\"> when temperatures drop, which gives it an impressive appearance in the garden.<\/span><\/p>\n<p><span style=\"font-weight: 400\">Outdoors, however, Auto Cherry Pie stands out for its imposing size, resistance to different climates, and above all for its ease of cultivation, growing vigorously and reaching heights of up to 150 cm.<\/span><\/p>\n<h2><b>How are these seeds grown indoors and outdoors?<\/b><\/h2>\n<h3><span style=\"font-weight: 400\">Indoor cultivation:<\/span><\/h3>\n<p><span style=\"font-weight: 400\">Growing Auto Cherry Pie indoors is not difficult at all, on the contrary, they are ideal seeds for inexperienced growers due to their simplicity. Their compact structure and resistance make them suitable for any grower, but it is worth following a few tips. The ideal is to let them grow naturally, without pruning or anything that might slow down their growth rate. Another issue is the size of the pot, which should ideally be about 11 litres for indoor growing. Finally, you should know that the final production can be directly proportional to the incidence of light, so they yield more with powerful bulbs and with a photoperiod of 20 hours of light and 4 hours of darkness throughout the life of the plants.<\/span><\/p>\n<h3><span style=\"font-weight: 400\">Outdoor cultivation:<\/span><\/h3>\n<p><span style=\"font-weight: 400\">Auto Cherry Pie is a perfect strain for outdoor growing. These plants can grow between 120 and 150 cm tall outdoors, and are noted for their ability to withstand different climates.\u00a0<\/span><\/p>\n<p><span style=\"font-weight: 400\">The choice of location is key when growing outdoors. Look for a location with plenty of direct sunlight and avoid areas prone to cold draughts or excessive humidity. By providing the right environment, Auto Cherry Pie will reward with abundant, high quality harvests, especially when provided with more than 20 litres of cannabis specific soil.<\/span><\/p>\n<h2><b>When is Auto Cherry Pie harvested?<\/b><\/h2>\n<p><span style=\"font-weight: 400\">Both indoors and outdoors, Auto Cherry Pie is harvested in approximately 60-65 days from germination. This means you can enjoy your buds in a short time, making it an excellent choice for impatient growers looking for fast, high quality results.<\/span><\/p>\n<p><span style=\"font-weight: 400\">Outdoors, the growing season generally coincides with the spring and summer seasons, with April to September being the best time to grow, depending on the region and local weather conditions. Closely monitor the maturity of the buds to determine the exact time of harvest to ensure optimal flavour and effect.<\/span><\/p>\n<h2><b>How much do these seeds produce?<\/b><\/h2>\n<p><span style=\"font-weight: 400\">Indoors, you can get 450-550 grams per square meter. Outdoors, these beautiful plants can deliver impressive yields of over 100 grams per plant. This makes it a cost-effective choice for growers of all levels. To maximise yields, be sure to provide balanced nutrition and an optimal growing environment.\u00a0<\/span><\/p>\n<h2><b>How is the aroma and taste of Auto Cherry Pie?<\/b><\/h2>\n<p><span style=\"font-weight: 400\">Its flavours and aromas are easily recognisable as they are clearly reminiscent of a freshly baked berry pie with hints of lemon and grape. In terms of aroma, the fruity, floral and intense fragrances will fill the atmosphere of your grow room.<\/span><\/p>\n<h2><b>What kind of effect does this marijuana have?<\/b><\/h2>\n<p><span style=\"font-weight: 400\">Auto Cherry Pie is not only famous for its taste and aroma, but also for its exceptional effect. With a THC that can reach and even exceed 20%, it offers a potent and balanced effect. It starts with a mild cerebral activation that awakens creativity and improves mood. Over time, this sensation transforms into deep relaxation both physically and mentally.<\/span><\/p>\n<p><span style=\"font-weight: 400\">It is an excellent choice for those looking for a versatile marijuana that can be enjoyed at different times of the day. Its balanced effect makes it suitable for both social activities and moments of relaxation.<\/span><\/p>\n<h2><b>Buy Auto Cherry Pie at the best price online<\/b><\/h2>\n<p><span style=\"font-weight: 400\">In short, Auto Cherry Pie by Advanced Seeds is a marijuana strain that offers a complete experience. From its unique genetics to its exceptional taste and balanced effects, it is an option worth trying, so don't wait any longer and discover all this strain has to offer!<\/span><\/p>\n<h2><b>Frequently Asked Questions<\/b><\/h2>\n<h3><span style=\"font-weight: 400\">What are the genetics of Auto Cherry Pie?<\/span><\/h3>\n<p><span style=\"font-weight: 400\">Auto Cherry Pie is the result of a cross between Cherry Pie (Durban Poison x Grand Daddy Purple) and a Ruderalis.<\/span><\/p>\n<h3><span style=\"font-weight: 400\">What is the flavour and aroma of Auto Cherry Pie?<\/span><\/h3>\n<p><span style=\"font-weight: 400\">Auto Cherry Pie offers delicious flavours and aromas reminiscent of freshly baked berry pie with hints of lemon and grape.<\/span><\/p>","protected":false},"excerpt":{"rendered":"<p>Cherry Pie automatic version. Plant of good size and great production. Dense and resinous buds with purple tones. Sweet and fruity aroma.<\/p>","protected":false},"featured_media":19653,"comment_status":"open","ping_status":"closed","template":"","meta":{"_acf_changed":false},"product_brand":[],"product_cat":[70],"product_tag":[],"class_list":{"0":"post-2782","1":"product","2":"type-product","3":"status-publish","4":"has-post-thumbnail","6":"product_cat-automaticas","8":"first","9":"instock","10":"taxable","11":"shipping-taxable","12":"purchasable","13":"product-type-variable"},"acf":[],"yoast_head":"<!-- This site is optimized with the Yoast SEO Premium plugin v26.3 (Yoast SEO v26.6) - https:\/\/yoast.com\/wordpress\/plugins\/seo\/ -->\n<title>Auto Cherry Pie - Advanced Seeds<\/title>\n<meta name=\"robots\" content=\"index, follow, max-snippet:-1, max-image-preview:large, max-video-preview:-1\" \/>\n<link rel=\"canonical\" href=\"https:\/\/advancedseeds.com\/en\/tienda\/automaticas\/auto-cherry-pie\/\" \/>\n<meta property=\"og:locale\" content=\"en_GB\" \/>\n<meta property=\"og:type\" content=\"article\" \/>\n<meta property=\"og:title\" content=\"Auto Cherry Pie\" \/>\n<meta property=\"og:description\" content=\"Cherry Pie versi\u00f3n autom\u00e1tica. Planta de buen porte y gran producci\u00f3n. Cogollos densos y resinosos con tonos p\u00farpura. Aroma dulce y afrutado.\" \/>\n<meta property=\"og:url\" content=\"https:\/\/advancedseeds.com\/en\/tienda\/automaticas\/auto-cherry-pie\/\" \/>\n<meta property=\"og:site_name\" content=\"Advanced Seeds\" \/>\n<meta property=\"article:modified_time\" content=\"2025-03-07T13:37:25+00:00\" \/>\n<meta property=\"og:image\" content=\"https:\/\/advancedseeds.com\/web\/wp-content\/uploads\/2021\/08\/Auto-Cherry-Pie-scaled.jpg\" \/>\n\t<meta property=\"og:image:width\" content=\"1920\" \/>\n\t<meta property=\"og:image:height\" content=\"2560\" \/>\n\t<meta property=\"og:image:type\" content=\"image\/jpeg\" \/>\n<meta name=\"twitter:card\" content=\"summary_large_image\" \/>\n<meta name=\"twitter:label1\" content=\"Estimated reading time\" \/>\n\t<meta name=\"twitter:data1\" content=\"1 minute\" \/>\n<script type=\"application\/ld+json\" class=\"yoast-schema-graph\">{\"@context\":\"https:\/\/schema.org\",\"@graph\":[{\"@type\":\"WebPage\",\"@id\":\"https:\/\/advancedseeds.com\/tienda\/automaticas\/auto-cherry-pie\/\",\"url\":\"https:\/\/advancedseeds.com\/tienda\/automaticas\/auto-cherry-pie\/\",\"name\":\"Auto Cherry Pie - Advanced Seeds\",\"isPartOf\":{\"@id\":\"https:\/\/advancedseeds.com\/#website\"},\"primaryImageOfPage\":{\"@id\":\"https:\/\/advancedseeds.com\/tienda\/automaticas\/auto-cherry-pie\/#primaryimage\"},\"image\":{\"@id\":\"https:\/\/advancedseeds.com\/tienda\/automaticas\/auto-cherry-pie\/#primaryimage\"},\"thumbnailUrl\":\"https:\/\/advancedseeds.com\/web\/wp-content\/uploads\/2021\/08\/Auto-Cherry-Pie-scaled.jpg\",\"datePublished\":\"2021-08-23T11:58:13+00:00\",\"dateModified\":\"2025-03-07T13:37:25+00:00\",\"breadcrumb\":{\"@id\":\"https:\/\/advancedseeds.com\/tienda\/automaticas\/auto-cherry-pie\/#breadcrumb\"},\"inLanguage\":\"en-GB\",\"potentialAction\":[{\"@type\":\"ReadAction\",\"target\":[\"https:\/\/advancedseeds.com\/tienda\/automaticas\/auto-cherry-pie\/\"]}]},{\"@type\":\"ImageObject\",\"inLanguage\":\"en-GB\",\"@id\":\"https:\/\/advancedseeds.com\/tienda\/automaticas\/auto-cherry-pie\/#primaryimage\",\"url\":\"https:\/\/advancedseeds.com\/web\/wp-content\/uploads\/2021\/08\/Auto-Cherry-Pie-scaled.jpg\",\"contentUrl\":\"https:\/\/advancedseeds.com\/web\/wp-content\/uploads\/2021\/08\/Auto-Cherry-Pie-scaled.jpg\",\"width\":1920,\"height\":2560},{\"@type\":\"BreadcrumbList\",\"@id\":\"https:\/\/advancedseeds.com\/tienda\/automaticas\/auto-cherry-pie\/#breadcrumb\",\"itemListElement\":[{\"@type\":\"ListItem\",\"position\":1,\"name\":\"Home\",\"item\":\"https:\/\/advancedseeds.com\/\"},{\"@type\":\"ListItem\",\"position\":2,\"name\":\"Tienda\",\"item\":\"https:\/\/advancedseeds.com\/\"},{\"@type\":\"ListItem\",\"position\":3,\"name\":\"Auto Cherry Pie\"}]},{\"@type\":\"WebSite\",\"@id\":\"https:\/\/advancedseeds.com\/#website\",\"url\":\"https:\/\/advancedseeds.com\/\",\"name\":\"Advanced Seeds\",\"description\":\"Gen\u00e9ticas Avanzadas en semillas feminizadas y autom\u00e1ticas.\",\"publisher\":{\"@id\":\"https:\/\/advancedseeds.com\/#organization\"},\"potentialAction\":[{\"@type\":\"SearchAction\",\"target\":{\"@type\":\"EntryPoint\",\"urlTemplate\":\"https:\/\/advancedseeds.com\/?s={search_term_string}\"},\"query-input\":{\"@type\":\"PropertyValueSpecification\",\"valueRequired\":true,\"valueName\":\"search_term_string\"}}],\"inLanguage\":\"en-GB\"},{\"@type\":\"Organization\",\"@id\":\"https:\/\/advancedseeds.com\/#organization\",\"name\":\"Advanced Seeds\",\"url\":\"https:\/\/advancedseeds.com\/\",\"logo\":{\"@type\":\"ImageObject\",\"inLanguage\":\"en-GB\",\"@id\":\"https:\/\/advancedseeds.com\/#\/schema\/logo\/image\/\",\"url\":\"https:\/\/advancedseeds.com\/web\/wp-content\/uploads\/2021\/01\/logo-advanced.jpg\",\"contentUrl\":\"https:\/\/advancedseeds.com\/web\/wp-content\/uploads\/2021\/01\/logo-advanced.jpg\",\"width\":600,\"height\":600,\"caption\":\"Advanced Seeds\"},\"image\":{\"@id\":\"https:\/\/advancedseeds.com\/#\/schema\/logo\/image\/\"}}]}<\/script>\n<!-- \/ Yoast SEO Premium plugin. -->","yoast_head_json":{"title":"Auto Cherry Pie - Advanced Seeds","robots":{"index":"index","follow":"follow","max-snippet":"max-snippet:-1","max-image-preview":"max-image-preview:large","max-video-preview":"max-video-preview:-1"},"canonical":"https:\/\/advancedseeds.com\/en\/tienda\/automaticas\/auto-cherry-pie\/","og_locale":"en_GB","og_type":"article","og_title":"Auto Cherry Pie","og_description":"Cherry Pie versi\u00f3n autom\u00e1tica. Planta de buen porte y gran producci\u00f3n. Cogollos densos y resinosos con tonos p\u00farpura. Aroma dulce y afrutado.","og_url":"https:\/\/advancedseeds.com\/en\/tienda\/automaticas\/auto-cherry-pie\/","og_site_name":"Advanced Seeds","article_modified_time":"2025-03-07T13:37:25+00:00","og_image":[{"width":1920,"height":2560,"url":"https:\/\/advancedseeds.com\/web\/wp-content\/uploads\/2021\/08\/Auto-Cherry-Pie-scaled.jpg","type":"image\/jpeg"}],"twitter_card":"summary_large_image","twitter_misc":{"Estimated reading time":"1 minute"},"schema":{"@context":"https:\/\/schema.org","@graph":[{"@type":"WebPage","@id":"https:\/\/advancedseeds.com\/tienda\/automaticas\/auto-cherry-pie\/","url":"https:\/\/advancedseeds.com\/tienda\/automaticas\/auto-cherry-pie\/","name":"Auto Cherry Pie - Advanced Seeds","isPartOf":{"@id":"https:\/\/advancedseeds.com\/#website"},"primaryImageOfPage":{"@id":"https:\/\/advancedseeds.com\/tienda\/automaticas\/auto-cherry-pie\/#primaryimage"},"image":{"@id":"https:\/\/advancedseeds.com\/tienda\/automaticas\/auto-cherry-pie\/#primaryimage"},"thumbnailUrl":"https:\/\/advancedseeds.com\/web\/wp-content\/uploads\/2021\/08\/Auto-Cherry-Pie-scaled.jpg","datePublished":"2021-08-23T11:58:13+00:00","dateModified":"2025-03-07T13:37:25+00:00","breadcrumb":{"@id":"https:\/\/advancedseeds.com\/tienda\/automaticas\/auto-cherry-pie\/#breadcrumb"},"inLanguage":"en-GB","potentialAction":[{"@type":"ReadAction","target":["https:\/\/advancedseeds.com\/tienda\/automaticas\/auto-cherry-pie\/"]}]},{"@type":"ImageObject","inLanguage":"en-GB","@id":"https:\/\/advancedseeds.com\/tienda\/automaticas\/auto-cherry-pie\/#primaryimage","url":"https:\/\/advancedseeds.com\/web\/wp-content\/uploads\/2021\/08\/Auto-Cherry-Pie-scaled.jpg","contentUrl":"https:\/\/advancedseeds.com\/web\/wp-content\/uploads\/2021\/08\/Auto-Cherry-Pie-scaled.jpg","width":1920,"height":2560},{"@type":"BreadcrumbList","@id":"https:\/\/advancedseeds.com\/tienda\/automaticas\/auto-cherry-pie\/#breadcrumb","itemListElement":[{"@type":"ListItem","position":1,"name":"Home","item":"https:\/\/advancedseeds.com\/"},{"@type":"ListItem","position":2,"name":"Tienda","item":"https:\/\/advancedseeds.com\/"},{"@type":"ListItem","position":3,"name":"Auto Cherry Pie"}]},{"@type":"WebSite","@id":"https:\/\/advancedseeds.com\/#website","url":"https:\/\/advancedseeds.com\/","name":"Advanced Seeds","description":"Advanced genetics in feminised and automatic seeds.","publisher":{"@id":"https:\/\/advancedseeds.com\/#organization"},"potentialAction":[{"@type":"SearchAction","target":{"@type":"EntryPoint","urlTemplate":"https:\/\/advancedseeds.com\/?s={search_term_string}"},"query-input":{"@type":"PropertyValueSpecification","valueRequired":true,"valueName":"search_term_string"}}],"inLanguage":"en-GB"},{"@type":"Organization","@id":"https:\/\/advancedseeds.com\/#organization","name":"Advanced Seeds","url":"https:\/\/advancedseeds.com\/","logo":{"@type":"ImageObject","inLanguage":"en-GB","@id":"https:\/\/advancedseeds.com\/#\/schema\/logo\/image\/","url":"https:\/\/advancedseeds.com\/web\/wp-content\/uploads\/2021\/01\/logo-advanced.jpg","contentUrl":"https:\/\/advancedseeds.com\/web\/wp-content\/uploads\/2021\/01\/logo-advanced.jpg","width":600,"height":600,"caption":"Advanced Seeds"},"image":{"@id":"https:\/\/advancedseeds.com\/#\/schema\/logo\/image\/"}}]}},"_links":{"self":[{"href":"https:\/\/advancedseeds.com\/en\/wp-json\/wp\/v2\/product\/2782","targetHints":{"allow":["GET"]}}],"collection":[{"href":"https:\/\/advancedseeds.com\/en\/wp-json\/wp\/v2\/product"}],"about":[{"href":"https:\/\/advancedseeds.com\/en\/wp-json\/wp\/v2\/types\/product"}],"replies":[{"embeddable":true,"href":"https:\/\/advancedseeds.com\/en\/wp-json\/wp\/v2\/comments?post=2782"}],"wp:featuredmedia":[{"embeddable":true,"href":"https:\/\/advancedseeds.com\/en\/wp-json\/wp\/v2\/media\/19653"}],"wp:attachment":[{"href":"https:\/\/advancedseeds.com\/en\/wp-json\/wp\/v2\/media?parent=2782"}],"wp:term":[{"taxonomy":"product_brand","embeddable":true,"href":"https:\/\/advancedseeds.com\/en\/wp-json\/wp\/v2\/product_brand?post=2782"},{"taxonomy":"product_cat","embeddable":true,"href":"https:\/\/advancedseeds.com\/en\/wp-json\/wp\/v2\/product_cat?post=2782"},{"taxonomy":"product_tag","embeddable":true,"href":"https:\/\/advancedseeds.com\/en\/wp-json\/wp\/v2\/product_tag?post=2782"}],"curies":[{"name":"wp","href":"https:\/\/api.w.org\/{rel}","templated":true}]}}