{"id":305,"date":"2021-01-14T17:15:14","date_gmt":"2021-01-14T17:15:14","guid":{"rendered":"https:\/\/advancedseeds.com\/web\/producto\/auto-biodiesel-mass-xxl\/"},"modified":"2025-03-22T18:13:08","modified_gmt":"2025-03-22T17:13:08","slug":"auto-biodiesel-mass-xxl","status":"publish","type":"product","link":"https:\/\/advancedseeds.com\/en\/tienda\/automaticas\/auto-biodiesel-mass-xxl\/","title":{"rendered":"Auto Biodiesel Mass XXL"},"content":{"rendered":"<p>Our Auto Biodiesel Mass is born from a selection of the best, most productive and resinous strains of Auto Diesel and Auto Critical. From there, we have made a selection of the best strains of Auto Biodiesel Mass so both production and quality are increased in this new version. Aroma of oranges and sweet citrus characteristic of its Diesel ancestry.<\/p>\n<h2><b>What are the genetics of these seeds?<\/b><\/h2>\n<p><span style=\"font-weight: 400\">Auto Biodiesel Mass XXL is the evolution of the already appreciated Auto Biodiesel Mass strain from Advanced Seeds. This strain is the result of a carefully selected cross that has kept intact the traits that made it famous. It is a mostly indica strain, which means that it offers a relaxing and calming effect. Thanks to its genetic heritage, these seeds produce more, are tastier and have a more potent effect than the previous version.<\/span><\/p>\n<h2><b>What does Auto Biodiesel Mass XXL look like?<\/b><\/h2>\n<p><span style=\"font-weight: 400\">Auto Biodiesel Mass XXL is a plant that impresses from the first glance. It shows a solid and strong morphology, which develops quickly and vigorously. Its sturdy structure allows it to form numerous side branches, which means a higher production of good calibre flowers. The leaves are not excessively large, which allows light and air to easily penetrate the plant. Its height can vary between 80 and 120 cm indoors, while outdoors it can reach up to 1.6 metres.<\/span><\/p>\n<h2><b>How are these seeds grown indoors and outdoors?<\/b><\/h2>\n<h3><span style=\"font-weight: 400\">Indoor cultivation:<\/span><\/h3>\n<p><span style=\"font-weight: 400\">For best results indoors, be sure to provide strong lighting with a photoperiod of many hours of light each day, ideally 20 hours on and 4 hours off, from the time the plants are born until they are cut. It is recommended not to grow more than 9 plants per square metre to allow them to develop optimally, but this also depends on the capacity of the pot.<\/span><\/p>\n<h3><span style=\"font-weight: 400\">Outdoor cultivation:<\/span><\/h3>\n<p><span style=\"font-weight: 400\">Outdoors, Auto Biodiesel Mass XXL reaches its full potential when grown from late spring to late summer. It can be planted directly in the ground or in large pots to obtain plants of more than 1.50 metres in height. Remember to apply phytosanitary products preventively to avoid pest problems, and if you have the possibility, place support stakes for the branches.<\/span><\/p>\n<h2><b>When is Auto Biodiesel Mass XXL harvested?<\/b><\/h2>\n<p><span style=\"font-weight: 400\">Indoors, the complete cycle of Auto Biodiesel Mass XXL is 60\/70 days from seedling. If you prefer outdoor cultivation, you can grow between April and November, depending on your location and weather conditions, but always bearing in mind that the more light you have at your disposal, the higher the yield will be.<\/span><\/p>\n<h2><b>How much do these seeds produce?<\/b><\/h2>\n<p><span style=\"font-weight: 400\">Auto Biodiesel Mass XXL is known for its generosity in terms of yield. Indoors, you can get more than 450 grams per square meter. Outdoors, this vigorous strain can exceed 150 grams per plant.<\/span><\/p>\n<h2><b>How is the aroma and taste of Auto Biodiesel Mass XXL?<\/b><\/h2>\n<p><span style=\"font-weight: 400\">If you are a lover of citrus and sweet flavours, you will love Auto Biodiesel Mass XXL. It develops an intense range of citrus notes reminiscent of oranges and tangerines, all accompanied by a sweet background that adds body and density. This strain is a treat for your taste buds, and you'll just want to taste it again and again.<\/span><\/p>\n<h2><b>What kind of effect does this marijuana have?<\/b><\/h2>\n<p><span style=\"font-weight: 400\">Auto Biodiesel Mass XXL offers a mostly active effect, ideal for daily use. With a THC content of 17%, you will experience a feeling of moderate relaxation over time, perfect for taking a break and getting back to your daily activities.<\/span><\/p>\n<h2><b>Buy Auto Biodiesel Mass XXL at the best price online<\/b><\/h2>\n<p><span style=\"font-weight: 400\">Don't miss the opportunity to enjoy Auto Biodiesel Mass XXL from Advanced Seeds. Buy these seeds at the best price online and experience an exceptional marijuana that will delight all your senses.<\/span><\/p>\n<h2><b>Frequently Asked Questions about Auto Biodiesel Mass XXL:<\/b><\/h2>\n<h3><span style=\"font-weight: 400\">What is the THC content of Auto Biodiesel Mass XXL?<\/span><\/h3>\n<p><span style=\"font-weight: 400\">Auto Biodiesel Mass XXL has a THC content of 17%.<\/span><\/p>\n<h3><span style=\"font-weight: 400\">Is it more indica or sativa?<\/span><\/h3>\n<p><span style=\"font-weight: 400\">This variety is mainly indica.<\/span><\/p>\n<h3><span style=\"font-weight: 400\">How long is the complete indoor cycle?<\/span><\/h3>\n<p><span style=\"font-weight: 400\">Indoors, the complete cycle is 60 days from transplanting.<\/span><\/p>\n<h3><span style=\"font-weight: 400\">What is the maximum height it can reach outdoors?<\/span><\/h3>\n<p><span style=\"font-weight: 400\">Outdoors, Auto Biodiesel Mass XXL can reach up to 1.6 metres in height under optimal conditions.<\/span><\/p>\n<p>&nbsp;<\/p>\n<p>&nbsp;<\/p>","protected":false},"excerpt":{"rendered":"<p><span style=\"font-weight: 400\">If you're looking for the next gem for your marijuana grow, look no further. Autoflowering seeds <\/span><b>Auto Biodiesel Mass XXL by Advanced Seeds<\/b><span style=\"font-weight: 400\"> are the perfect choice. In this factsheet, we'll tell you everything you need to know about these seeds, from their genetics to how to grow them and enjoy their amazing taste and effects. Get ready for an exceptional cannabis experience.<\/span><\/p>","protected":false},"featured_media":19651,"comment_status":"open","ping_status":"closed","template":"","meta":{"_acf_changed":false},"product_brand":[],"product_cat":[70],"product_tag":[],"class_list":{"0":"post-305","1":"product","2":"type-product","3":"status-publish","4":"has-post-thumbnail","6":"product_cat-automaticas","8":"first","9":"instock","10":"taxable","11":"shipping-taxable","12":"purchasable","13":"product-type-variable"},"acf":[],"yoast_head":"<!-- This site is optimized with the Yoast SEO Premium plugin v26.3 (Yoast SEO v26.6) - https:\/\/yoast.com\/wordpress\/plugins\/seo\/ -->\n<title>Auto Biodiesel Mass XXL - Advanced Seeds<\/title>\n<meta name=\"robots\" content=\"index, follow, max-snippet:-1, max-image-preview:large, max-video-preview:-1\" \/>\n<link rel=\"canonical\" href=\"https:\/\/advancedseeds.com\/en\/tienda\/automaticas\/auto-biodiesel-mass-xxl\/\" \/>\n<meta property=\"og:locale\" content=\"en_GB\" \/>\n<meta property=\"og:type\" content=\"article\" \/>\n<meta property=\"og:title\" content=\"Auto Biodiesel Mass XXL\" \/>\n<meta property=\"og:description\" content=\"Si buscas la pr\u00f3xima joya para tu cultivo de marihuana, no busques m\u00e1s. Las semillas autoflorecientes Auto Biodiesel Mass XXL de Advanced Seeds son la elecci\u00f3n perfecta. En esta ficha, te contaremos todo lo que necesitas saber sobre estas semillas, desde su gen\u00e9tica hasta c\u00f3mo cultivarlas y disfrutar de su incre\u00edble sabor y efectos. \u00a1Prep\u00e1rate para una experiencia cann\u00e1bica excepcional.\" \/>\n<meta property=\"og:url\" content=\"https:\/\/advancedseeds.com\/en\/tienda\/automaticas\/auto-biodiesel-mass-xxl\/\" \/>\n<meta property=\"og:site_name\" content=\"Advanced Seeds\" \/>\n<meta property=\"article:modified_time\" content=\"2025-03-22T17:13:08+00:00\" \/>\n<meta property=\"og:image\" content=\"https:\/\/advancedseeds.com\/web\/wp-content\/uploads\/2021\/01\/Auto-Biodiesel-Mass-XXL.jpg\" \/>\n\t<meta property=\"og:image:width\" content=\"1346\" \/>\n\t<meta property=\"og:image:height\" content=\"1787\" \/>\n\t<meta property=\"og:image:type\" content=\"image\/jpeg\" \/>\n<meta name=\"twitter:card\" content=\"summary_large_image\" \/>\n<meta name=\"twitter:label1\" content=\"Estimated reading time\" \/>\n\t<meta name=\"twitter:data1\" content=\"4 minutes\" \/>\n<script type=\"application\/ld+json\" class=\"yoast-schema-graph\">{\"@context\":\"https:\/\/schema.org\",\"@graph\":[{\"@type\":\"WebPage\",\"@id\":\"https:\/\/advancedseeds.com\/tienda\/automaticas\/auto-biodiesel-mass-xxl\/\",\"url\":\"https:\/\/advancedseeds.com\/tienda\/automaticas\/auto-biodiesel-mass-xxl\/\",\"name\":\"Auto Biodiesel Mass XXL - Advanced Seeds\",\"isPartOf\":{\"@id\":\"https:\/\/advancedseeds.com\/#website\"},\"primaryImageOfPage\":{\"@id\":\"https:\/\/advancedseeds.com\/tienda\/automaticas\/auto-biodiesel-mass-xxl\/#primaryimage\"},\"image\":{\"@id\":\"https:\/\/advancedseeds.com\/tienda\/automaticas\/auto-biodiesel-mass-xxl\/#primaryimage\"},\"thumbnailUrl\":\"https:\/\/advancedseeds.com\/web\/wp-content\/uploads\/2021\/01\/Auto-Biodiesel-Mass-XXL.jpg\",\"datePublished\":\"2021-01-14T17:15:14+00:00\",\"dateModified\":\"2025-03-22T17:13:08+00:00\",\"breadcrumb\":{\"@id\":\"https:\/\/advancedseeds.com\/tienda\/automaticas\/auto-biodiesel-mass-xxl\/#breadcrumb\"},\"inLanguage\":\"en-GB\",\"potentialAction\":[{\"@type\":\"ReadAction\",\"target\":[\"https:\/\/advancedseeds.com\/tienda\/automaticas\/auto-biodiesel-mass-xxl\/\"]}]},{\"@type\":\"ImageObject\",\"inLanguage\":\"en-GB\",\"@id\":\"https:\/\/advancedseeds.com\/tienda\/automaticas\/auto-biodiesel-mass-xxl\/#primaryimage\",\"url\":\"https:\/\/advancedseeds.com\/web\/wp-content\/uploads\/2021\/01\/Auto-Biodiesel-Mass-XXL.jpg\",\"contentUrl\":\"https:\/\/advancedseeds.com\/web\/wp-content\/uploads\/2021\/01\/Auto-Biodiesel-Mass-XXL.jpg\",\"width\":1346,\"height\":1787,\"caption\":\"Auto Biodiesel Mass XXL\"},{\"@type\":\"BreadcrumbList\",\"@id\":\"https:\/\/advancedseeds.com\/tienda\/automaticas\/auto-biodiesel-mass-xxl\/#breadcrumb\",\"itemListElement\":[{\"@type\":\"ListItem\",\"position\":1,\"name\":\"Home\",\"item\":\"https:\/\/advancedseeds.com\/\"},{\"@type\":\"ListItem\",\"position\":2,\"name\":\"Tienda\",\"item\":\"https:\/\/advancedseeds.com\/\"},{\"@type\":\"ListItem\",\"position\":3,\"name\":\"Auto Biodiesel Mass XXL\"}]},{\"@type\":\"WebSite\",\"@id\":\"https:\/\/advancedseeds.com\/#website\",\"url\":\"https:\/\/advancedseeds.com\/\",\"name\":\"Advanced Seeds\",\"description\":\"Gen\u00e9ticas Avanzadas en semillas feminizadas y autom\u00e1ticas.\",\"publisher\":{\"@id\":\"https:\/\/advancedseeds.com\/#organization\"},\"potentialAction\":[{\"@type\":\"SearchAction\",\"target\":{\"@type\":\"EntryPoint\",\"urlTemplate\":\"https:\/\/advancedseeds.com\/?s={search_term_string}\"},\"query-input\":{\"@type\":\"PropertyValueSpecification\",\"valueRequired\":true,\"valueName\":\"search_term_string\"}}],\"inLanguage\":\"en-GB\"},{\"@type\":\"Organization\",\"@id\":\"https:\/\/advancedseeds.com\/#organization\",\"name\":\"Advanced Seeds\",\"url\":\"https:\/\/advancedseeds.com\/\",\"logo\":{\"@type\":\"ImageObject\",\"inLanguage\":\"en-GB\",\"@id\":\"https:\/\/advancedseeds.com\/#\/schema\/logo\/image\/\",\"url\":\"https:\/\/advancedseeds.com\/web\/wp-content\/uploads\/2021\/01\/logo-advanced.jpg\",\"contentUrl\":\"https:\/\/advancedseeds.com\/web\/wp-content\/uploads\/2021\/01\/logo-advanced.jpg\",\"width\":600,\"height\":600,\"caption\":\"Advanced Seeds\"},\"image\":{\"@id\":\"https:\/\/advancedseeds.com\/#\/schema\/logo\/image\/\"}}]}<\/script>\n<!-- \/ Yoast SEO Premium plugin. -->","yoast_head_json":{"title":"Auto Biodiesel Mass XXL - Advanced Seeds","robots":{"index":"index","follow":"follow","max-snippet":"max-snippet:-1","max-image-preview":"max-image-preview:large","max-video-preview":"max-video-preview:-1"},"canonical":"https:\/\/advancedseeds.com\/en\/tienda\/automaticas\/auto-biodiesel-mass-xxl\/","og_locale":"en_GB","og_type":"article","og_title":"Auto Biodiesel Mass XXL","og_description":"Si buscas la pr\u00f3xima joya para tu cultivo de marihuana, no busques m\u00e1s. Las semillas autoflorecientes Auto Biodiesel Mass XXL de Advanced Seeds son la elecci\u00f3n perfecta. En esta ficha, te contaremos todo lo que necesitas saber sobre estas semillas, desde su gen\u00e9tica hasta c\u00f3mo cultivarlas y disfrutar de su incre\u00edble sabor y efectos. \u00a1Prep\u00e1rate para una experiencia cann\u00e1bica excepcional.","og_url":"https:\/\/advancedseeds.com\/en\/tienda\/automaticas\/auto-biodiesel-mass-xxl\/","og_site_name":"Advanced Seeds","article_modified_time":"2025-03-22T17:13:08+00:00","og_image":[{"width":1346,"height":1787,"url":"https:\/\/advancedseeds.com\/web\/wp-content\/uploads\/2021\/01\/Auto-Biodiesel-Mass-XXL.jpg","type":"image\/jpeg"}],"twitter_card":"summary_large_image","twitter_misc":{"Estimated reading time":"4 minutes"},"schema":{"@context":"https:\/\/schema.org","@graph":[{"@type":"WebPage","@id":"https:\/\/advancedseeds.com\/tienda\/automaticas\/auto-biodiesel-mass-xxl\/","url":"https:\/\/advancedseeds.com\/tienda\/automaticas\/auto-biodiesel-mass-xxl\/","name":"Auto Biodiesel Mass XXL - Advanced Seeds","isPartOf":{"@id":"https:\/\/advancedseeds.com\/#website"},"primaryImageOfPage":{"@id":"https:\/\/advancedseeds.com\/tienda\/automaticas\/auto-biodiesel-mass-xxl\/#primaryimage"},"image":{"@id":"https:\/\/advancedseeds.com\/tienda\/automaticas\/auto-biodiesel-mass-xxl\/#primaryimage"},"thumbnailUrl":"https:\/\/advancedseeds.com\/web\/wp-content\/uploads\/2021\/01\/Auto-Biodiesel-Mass-XXL.jpg","datePublished":"2021-01-14T17:15:14+00:00","dateModified":"2025-03-22T17:13:08+00:00","breadcrumb":{"@id":"https:\/\/advancedseeds.com\/tienda\/automaticas\/auto-biodiesel-mass-xxl\/#breadcrumb"},"inLanguage":"en-GB","potentialAction":[{"@type":"ReadAction","target":["https:\/\/advancedseeds.com\/tienda\/automaticas\/auto-biodiesel-mass-xxl\/"]}]},{"@type":"ImageObject","inLanguage":"en-GB","@id":"https:\/\/advancedseeds.com\/tienda\/automaticas\/auto-biodiesel-mass-xxl\/#primaryimage","url":"https:\/\/advancedseeds.com\/web\/wp-content\/uploads\/2021\/01\/Auto-Biodiesel-Mass-XXL.jpg","contentUrl":"https:\/\/advancedseeds.com\/web\/wp-content\/uploads\/2021\/01\/Auto-Biodiesel-Mass-XXL.jpg","width":1346,"height":1787,"caption":"Auto Biodiesel Mass XXL"},{"@type":"BreadcrumbList","@id":"https:\/\/advancedseeds.com\/tienda\/automaticas\/auto-biodiesel-mass-xxl\/#breadcrumb","itemListElement":[{"@type":"ListItem","position":1,"name":"Home","item":"https:\/\/advancedseeds.com\/"},{"@type":"ListItem","position":2,"name":"Tienda","item":"https:\/\/advancedseeds.com\/"},{"@type":"ListItem","position":3,"name":"Auto Biodiesel Mass XXL"}]},{"@type":"WebSite","@id":"https:\/\/advancedseeds.com\/#website","url":"https:\/\/advancedseeds.com\/","name":"Advanced Seeds","description":"Advanced genetics in feminised and automatic seeds.","publisher":{"@id":"https:\/\/advancedseeds.com\/#organization"},"potentialAction":[{"@type":"SearchAction","target":{"@type":"EntryPoint","urlTemplate":"https:\/\/advancedseeds.com\/?s={search_term_string}"},"query-input":{"@type":"PropertyValueSpecification","valueRequired":true,"valueName":"search_term_string"}}],"inLanguage":"en-GB"},{"@type":"Organization","@id":"https:\/\/advancedseeds.com\/#organization","name":"Advanced Seeds","url":"https:\/\/advancedseeds.com\/","logo":{"@type":"ImageObject","inLanguage":"en-GB","@id":"https:\/\/advancedseeds.com\/#\/schema\/logo\/image\/","url":"https:\/\/advancedseeds.com\/web\/wp-content\/uploads\/2021\/01\/logo-advanced.jpg","contentUrl":"https:\/\/advancedseeds.com\/web\/wp-content\/uploads\/2021\/01\/logo-advanced.jpg","width":600,"height":600,"caption":"Advanced Seeds"},"image":{"@id":"https:\/\/advancedseeds.com\/#\/schema\/logo\/image\/"}}]}},"_links":{"self":[{"href":"https:\/\/advancedseeds.com\/en\/wp-json\/wp\/v2\/product\/305","targetHints":{"allow":["GET"]}}],"collection":[{"href":"https:\/\/advancedseeds.com\/en\/wp-json\/wp\/v2\/product"}],"about":[{"href":"https:\/\/advancedseeds.com\/en\/wp-json\/wp\/v2\/types\/product"}],"replies":[{"embeddable":true,"href":"https:\/\/advancedseeds.com\/en\/wp-json\/wp\/v2\/comments?post=305"}],"wp:featuredmedia":[{"embeddable":true,"href":"https:\/\/advancedseeds.com\/en\/wp-json\/wp\/v2\/media\/19651"}],"wp:attachment":[{"href":"https:\/\/advancedseeds.com\/en\/wp-json\/wp\/v2\/media?parent=305"}],"wp:term":[{"taxonomy":"product_brand","embeddable":true,"href":"https:\/\/advancedseeds.com\/en\/wp-json\/wp\/v2\/product_brand?post=305"},{"taxonomy":"product_cat","embeddable":true,"href":"https:\/\/advancedseeds.com\/en\/wp-json\/wp\/v2\/product_cat?post=305"},{"taxonomy":"product_tag","embeddable":true,"href":"https:\/\/advancedseeds.com\/en\/wp-json\/wp\/v2\/product_tag?post=305"}],"curies":[{"name":"wp","href":"https:\/\/api.w.org\/{rel}","templated":true}]}}