{"id":309,"date":"2021-01-14T17:15:26","date_gmt":"2021-01-14T17:15:26","guid":{"rendered":"https:\/\/advancedseeds.com\/web\/producto\/auto-critical-soma\/"},"modified":"2025-03-22T18:14:50","modified_gmt":"2025-03-22T17:14:50","slug":"auto-critical-soma","status":"publish","type":"product","link":"https:\/\/advancedseeds.com\/en\/tienda\/automaticas\/auto-critical-soma\/","title":{"rendered":"Auto Critical Soma"},"content":{"rendered":"<p><span style=\"font-weight: 400\">The <\/span><a href=\"https:\/\/advancedseeds.com\/web\/categoria-producto\/automaticas\/\"><b>autoflowering seeds<\/b><\/a><b> Auto Critical Soma<\/b><span style=\"font-weight: 400\"> by Advanced Seeds are the perfect choice for lovers of sweet flavours and dense buds. In this product overview, we will explore everything about this strain, from its genetics to how to grow it successfully and enjoy it to the fullest.<\/span><\/p>\n<h2><b>What are the genetics of Auto Critical Soma?<\/b><\/h2>\n<p><span style=\"font-weight: 400\">The genetics of Auto Critical Soma autoflowering seeds are a perfect fusion between indica and sativa, inherited from their parents.<\/span><a href=\"https:\/\/advancedseeds.com\/web\/producto\/auto-critical-mass\/\"> <span style=\"font-weight: 400\">Auto Critical<\/span><\/a><span style=\"font-weight: 400\"> and Auto Somango. This genetic combo brings the best of both worlds: the vigour and robustness of indica with the euphoria and exotic flavours of a top sativa.<\/span><\/p>\n<h2><b>What does Auto Critical Soma look like?<\/b><\/h2>\n<p><span style=\"font-weight: 400\">Auto Critical Soma plants exhibit a compact but bushy morphology. Strong stems and lush leaves create an ideal structure for the development of dense buds that cover the plant almost completely. The distance between nodes is optimal, allowing for incredible solidity and extraordinary bud production. In addition, <\/span><b>buds can become brightly coloured<\/b><span style=\"font-weight: 400\"> which makes it stand out from other varieties, especially when temperatures during ripening are cold.<\/span><\/p>\n<h2><b>Auto Critical Soma culture:<\/b><\/h2>\n<p><span style=\"font-weight: 400\">Indoors, the Auto Critical Soma fits like a glove in small spaces. With quality light and a stable environment, they respond well to techniques such as SOG (Sea of Green). Outdoors, they benefit from a warm temperate climate, but their autoflowering genetics make them hardy and versatile, able to thrive in a variety of environments.<\/span><\/p>\n<h3><span style=\"font-weight: 400\">Indoor cultivation:<\/span><\/h3>\n<p><span style=\"font-weight: 400\">To get the best results indoors, here are some tips:<\/span><\/p>\n<p><span style=\"font-weight: 400\">Quality Substrate: Start with a nutrient-rich substrate from the beginning for healthy plant growth.<\/span><\/p>\n<p><span style=\"font-weight: 400\">Transplanting yes or no? This depends on you, if you have experience it is better to transplant, otherwise it is better to plant in the final pot.<\/span><\/p>\n<p><span style=\"font-weight: 400\">Adequate Lighting: Provide a constant light cycle of 20 hours a day for optimal maturation of your plants. A 600W HPS bulb or a modern LED fixture are excellent choices.<\/span><\/p>\n<p><span style=\"font-weight: 400\">Ventilation and Temperature: Control temperature and ventilation to maintain an optimal microclimate and avoid humidity problems.<\/span><\/p>\n<h3><span style=\"font-weight: 400\">Outdoor cultivation:<\/span><\/h3>\n<p><span style=\"font-weight: 400\">If you prefer outdoor cultivation, keep these tips in mind:<\/span><\/p>\n<p><span style=\"font-weight: 400\">Direct sunlight: Look for a site with at least 5-6 hours of direct sunlight per day for optimal growth.<\/span><\/p>\n<p><span style=\"font-weight: 400\">Substrate and Watering: Make sure the substrate is well drained and enriched with organic nutrients. Avoid overwatering during the first 20 days of growth so as not to overload the roots.<\/span><\/p>\n<p><span style=\"font-weight: 400\">Vertical and lateral development: Plants can reach heights of 70-100 cm if you plant them in full sun and don't overwater during the first days of growth. Crossing with Critical adds weight to the genetics, resulting in larger and heavier plants.<\/span><\/p>\n<h2><b>When is Auto Critical Soma harvested?<\/b><\/h2>\n<p><span style=\"font-weight: 400\">From germination, within 70 to 80 days, you will be ready to harvest indoors or outdoors. Outdoors, harvest comes anytime between spring and autumn, as several crops can be grown in this time.<\/span><\/p>\n<h2><b>How much do these seeds produce?<\/b><\/h2>\n<p><span style=\"font-weight: 400\">Auto Critical Soma is known for its generous yields. Indoors, you can get up to 500 grams per square meter with proper use of light and space. Outdoors, plants can surprise you with equally impressive yields that can exceed 100 grams per plant. In addition, resin production is outstanding, resulting in buds with high levels of cannabinoids, terpenes, and other active compounds.<\/span><\/p>\n<h2><b>What is the aroma and taste of Auto Critical Soma?<\/b><\/h2>\n<p><span style=\"font-weight: 400\">Auto Critical Soma offers an exceptional aroma and taste. You will experience sweet and fruity notes that will remind you of its Somango lineage.  When inhaling the smoke or vapour, you are overcome by an intense sweetness with clear notes of banana, peach and mango. On the exhale, the fruity undertones linger, leaving an aftertaste that invites you to hold on to the bong.<\/span><\/p>\n<h2><b>What kind of effect does this marijuana have?<\/b><\/h2>\n<p><span style=\"font-weight: 400\">This type of cannabis produces a balanced effect on both physical and mental levels, with a medium\/high THC content that will take you to a state of well-being and creativity. Furthermore, its profile of 50% sativa and 50% indica ensures that it is a versatile choice for users of all levels.<\/span><\/p>\n<h2><b>Buy Auto Critical Soma at the best price online<\/b><\/h2>\n<p><span style=\"font-weight: 400\">If you're looking to buy your Auto Critical Soma seeds from Advanced Seeds at the best price online, you've come to the right place. Start your exciting growing journey with this exceptional strain, order today and discover all that Auto Critical Soma has to offer!<\/span><\/p>\n<h2><b>Frequently asked questions about Auto Critical Soma:<\/b><\/h2>\n<h2><span style=\"font-weight: 400\">What is the THC content of these seeds?<\/span><\/h2>\n<p><span style=\"font-weight: 400\">Auto Critical Soma can reach a THC content of approximately 17%.<\/span><\/p>\n<h3><span style=\"font-weight: 400\">Are they suitable for beginner growers?<\/span><\/h3>\n<p><span style=\"font-weight: 400\">Yes, these seeds are ideal for beginners due to their ease of cultivation and high resistance.<\/span><\/p>\n<h3><span style=\"font-weight: 400\">What are the medicinal benefits of Auto Critical Soma?<\/span><\/h3>\n<p><span style=\"font-weight: 400\">This variety is known to relieve stress, anxiety and pain, as well as having therapeutic properties.<\/span><\/p>","protected":false},"excerpt":{"rendered":"<p>Autoflowering version of our successful Critical Soma.with good branching from which you get abundant and long buds that cover the plant almost entirely. The combination of Critical, Somango and Auto Indica genetics has resulted in an extraordinarily resinous plant with excellent production levels. We recommend growing in spring, with abundant substrate and controlling fertilisation scrupulously. It has an intense fruity aroma and sweet flavour of banana, peach and mango. Its effects are more than satisfactory both physically and mentally.<\/p>","protected":false},"featured_media":19656,"comment_status":"open","ping_status":"closed","template":"","meta":{"_acf_changed":false},"product_brand":[],"product_cat":[70],"product_tag":[],"class_list":{"0":"post-309","1":"product","2":"type-product","3":"status-publish","4":"has-post-thumbnail","6":"product_cat-automaticas","8":"first","9":"instock","10":"taxable","11":"shipping-taxable","12":"purchasable","13":"product-type-variable"},"acf":[],"yoast_head":"<!-- This site is optimized with the Yoast SEO Premium plugin v26.3 (Yoast SEO v26.6) - https:\/\/yoast.com\/wordpress\/plugins\/seo\/ -->\n<title>Auto Critical Soma - Advanced Seeds<\/title>\n<meta name=\"robots\" content=\"index, follow, max-snippet:-1, max-image-preview:large, max-video-preview:-1\" \/>\n<link rel=\"canonical\" href=\"https:\/\/advancedseeds.com\/en\/tienda\/automaticas\/auto-critical-soma\/\" \/>\n<meta property=\"og:locale\" content=\"en_GB\" \/>\n<meta property=\"og:type\" content=\"article\" \/>\n<meta property=\"og:title\" content=\"Auto Critical Soma\" \/>\n<meta property=\"og:description\" content=\"Versi\u00f3n autofloreciente de nuestra exitosa Critical Soma.con buena ramificaci\u00f3n de la que se obtienen abundantes y largos cogollos que recubren la planta casi en su totalidad. La combinaci\u00f3n de Critical, Somango y gen\u00e9ticas Indicas Auto han dado como fruto una planta extraordinariamente resinosa y con excelentes niveles de producci\u00f3n. Recomendamos cultivar en primavera, con sustrato abundante y controlar el abonado escrupulosamente. Tiene un intenso aroma frutal y sabor dulce a pl\u00e1tano, melocot\u00f3n y mango. Sus efectos son m\u00e1s que satisfactorios a nivel f\u00edsico y mental.\" \/>\n<meta property=\"og:url\" content=\"https:\/\/advancedseeds.com\/en\/tienda\/automaticas\/auto-critical-soma\/\" \/>\n<meta property=\"og:site_name\" content=\"Advanced Seeds\" \/>\n<meta property=\"article:modified_time\" content=\"2025-03-22T17:14:50+00:00\" \/>\n<meta property=\"og:image\" content=\"https:\/\/advancedseeds.com\/web\/wp-content\/uploads\/2021\/01\/Auto-Critical-Soma.jpg\" \/>\n\t<meta property=\"og:image:width\" content=\"1604\" \/>\n\t<meta property=\"og:image:height\" content=\"2128\" \/>\n\t<meta property=\"og:image:type\" content=\"image\/jpeg\" \/>\n<meta name=\"twitter:card\" content=\"summary_large_image\" \/>\n<meta name=\"twitter:label1\" content=\"Estimated reading time\" \/>\n\t<meta name=\"twitter:data1\" content=\"5 minutes\" \/>\n<script type=\"application\/ld+json\" class=\"yoast-schema-graph\">{\"@context\":\"https:\/\/schema.org\",\"@graph\":[{\"@type\":\"WebPage\",\"@id\":\"https:\/\/advancedseeds.com\/tienda\/automaticas\/auto-critical-soma\/\",\"url\":\"https:\/\/advancedseeds.com\/tienda\/automaticas\/auto-critical-soma\/\",\"name\":\"Auto Critical Soma - Advanced Seeds\",\"isPartOf\":{\"@id\":\"https:\/\/advancedseeds.com\/#website\"},\"primaryImageOfPage\":{\"@id\":\"https:\/\/advancedseeds.com\/tienda\/automaticas\/auto-critical-soma\/#primaryimage\"},\"image\":{\"@id\":\"https:\/\/advancedseeds.com\/tienda\/automaticas\/auto-critical-soma\/#primaryimage\"},\"thumbnailUrl\":\"https:\/\/advancedseeds.com\/web\/wp-content\/uploads\/2021\/01\/Auto-Critical-Soma.jpg\",\"datePublished\":\"2021-01-14T17:15:26+00:00\",\"dateModified\":\"2025-03-22T17:14:50+00:00\",\"breadcrumb\":{\"@id\":\"https:\/\/advancedseeds.com\/tienda\/automaticas\/auto-critical-soma\/#breadcrumb\"},\"inLanguage\":\"en-GB\",\"potentialAction\":[{\"@type\":\"ReadAction\",\"target\":[\"https:\/\/advancedseeds.com\/tienda\/automaticas\/auto-critical-soma\/\"]}]},{\"@type\":\"ImageObject\",\"inLanguage\":\"en-GB\",\"@id\":\"https:\/\/advancedseeds.com\/tienda\/automaticas\/auto-critical-soma\/#primaryimage\",\"url\":\"https:\/\/advancedseeds.com\/web\/wp-content\/uploads\/2021\/01\/Auto-Critical-Soma.jpg\",\"contentUrl\":\"https:\/\/advancedseeds.com\/web\/wp-content\/uploads\/2021\/01\/Auto-Critical-Soma.jpg\",\"width\":1604,\"height\":2128},{\"@type\":\"BreadcrumbList\",\"@id\":\"https:\/\/advancedseeds.com\/tienda\/automaticas\/auto-critical-soma\/#breadcrumb\",\"itemListElement\":[{\"@type\":\"ListItem\",\"position\":1,\"name\":\"Home\",\"item\":\"https:\/\/advancedseeds.com\/\"},{\"@type\":\"ListItem\",\"position\":2,\"name\":\"Tienda\",\"item\":\"https:\/\/advancedseeds.com\/\"},{\"@type\":\"ListItem\",\"position\":3,\"name\":\"Auto Critical Soma\"}]},{\"@type\":\"WebSite\",\"@id\":\"https:\/\/advancedseeds.com\/#website\",\"url\":\"https:\/\/advancedseeds.com\/\",\"name\":\"Advanced Seeds\",\"description\":\"Gen\u00e9ticas Avanzadas en semillas feminizadas y autom\u00e1ticas.\",\"publisher\":{\"@id\":\"https:\/\/advancedseeds.com\/#organization\"},\"potentialAction\":[{\"@type\":\"SearchAction\",\"target\":{\"@type\":\"EntryPoint\",\"urlTemplate\":\"https:\/\/advancedseeds.com\/?s={search_term_string}\"},\"query-input\":{\"@type\":\"PropertyValueSpecification\",\"valueRequired\":true,\"valueName\":\"search_term_string\"}}],\"inLanguage\":\"en-GB\"},{\"@type\":\"Organization\",\"@id\":\"https:\/\/advancedseeds.com\/#organization\",\"name\":\"Advanced Seeds\",\"url\":\"https:\/\/advancedseeds.com\/\",\"logo\":{\"@type\":\"ImageObject\",\"inLanguage\":\"en-GB\",\"@id\":\"https:\/\/advancedseeds.com\/#\/schema\/logo\/image\/\",\"url\":\"https:\/\/advancedseeds.com\/web\/wp-content\/uploads\/2021\/01\/logo-advanced.jpg\",\"contentUrl\":\"https:\/\/advancedseeds.com\/web\/wp-content\/uploads\/2021\/01\/logo-advanced.jpg\",\"width\":600,\"height\":600,\"caption\":\"Advanced Seeds\"},\"image\":{\"@id\":\"https:\/\/advancedseeds.com\/#\/schema\/logo\/image\/\"}}]}<\/script>\n<!-- \/ Yoast SEO Premium plugin. -->","yoast_head_json":{"title":"Auto Critical Soma - Advanced Seeds","robots":{"index":"index","follow":"follow","max-snippet":"max-snippet:-1","max-image-preview":"max-image-preview:large","max-video-preview":"max-video-preview:-1"},"canonical":"https:\/\/advancedseeds.com\/en\/tienda\/automaticas\/auto-critical-soma\/","og_locale":"en_GB","og_type":"article","og_title":"Auto Critical Soma","og_description":"Versi\u00f3n autofloreciente de nuestra exitosa Critical Soma.con buena ramificaci\u00f3n de la que se obtienen abundantes y largos cogollos que recubren la planta casi en su totalidad. La combinaci\u00f3n de Critical, Somango y gen\u00e9ticas Indicas Auto han dado como fruto una planta extraordinariamente resinosa y con excelentes niveles de producci\u00f3n. Recomendamos cultivar en primavera, con sustrato abundante y controlar el abonado escrupulosamente. Tiene un intenso aroma frutal y sabor dulce a pl\u00e1tano, melocot\u00f3n y mango. Sus efectos son m\u00e1s que satisfactorios a nivel f\u00edsico y mental.","og_url":"https:\/\/advancedseeds.com\/en\/tienda\/automaticas\/auto-critical-soma\/","og_site_name":"Advanced Seeds","article_modified_time":"2025-03-22T17:14:50+00:00","og_image":[{"width":1604,"height":2128,"url":"https:\/\/advancedseeds.com\/web\/wp-content\/uploads\/2021\/01\/Auto-Critical-Soma.jpg","type":"image\/jpeg"}],"twitter_card":"summary_large_image","twitter_misc":{"Estimated reading time":"5 minutes"},"schema":{"@context":"https:\/\/schema.org","@graph":[{"@type":"WebPage","@id":"https:\/\/advancedseeds.com\/tienda\/automaticas\/auto-critical-soma\/","url":"https:\/\/advancedseeds.com\/tienda\/automaticas\/auto-critical-soma\/","name":"Auto Critical Soma - Advanced Seeds","isPartOf":{"@id":"https:\/\/advancedseeds.com\/#website"},"primaryImageOfPage":{"@id":"https:\/\/advancedseeds.com\/tienda\/automaticas\/auto-critical-soma\/#primaryimage"},"image":{"@id":"https:\/\/advancedseeds.com\/tienda\/automaticas\/auto-critical-soma\/#primaryimage"},"thumbnailUrl":"https:\/\/advancedseeds.com\/web\/wp-content\/uploads\/2021\/01\/Auto-Critical-Soma.jpg","datePublished":"2021-01-14T17:15:26+00:00","dateModified":"2025-03-22T17:14:50+00:00","breadcrumb":{"@id":"https:\/\/advancedseeds.com\/tienda\/automaticas\/auto-critical-soma\/#breadcrumb"},"inLanguage":"en-GB","potentialAction":[{"@type":"ReadAction","target":["https:\/\/advancedseeds.com\/tienda\/automaticas\/auto-critical-soma\/"]}]},{"@type":"ImageObject","inLanguage":"en-GB","@id":"https:\/\/advancedseeds.com\/tienda\/automaticas\/auto-critical-soma\/#primaryimage","url":"https:\/\/advancedseeds.com\/web\/wp-content\/uploads\/2021\/01\/Auto-Critical-Soma.jpg","contentUrl":"https:\/\/advancedseeds.com\/web\/wp-content\/uploads\/2021\/01\/Auto-Critical-Soma.jpg","width":1604,"height":2128},{"@type":"BreadcrumbList","@id":"https:\/\/advancedseeds.com\/tienda\/automaticas\/auto-critical-soma\/#breadcrumb","itemListElement":[{"@type":"ListItem","position":1,"name":"Home","item":"https:\/\/advancedseeds.com\/"},{"@type":"ListItem","position":2,"name":"Tienda","item":"https:\/\/advancedseeds.com\/"},{"@type":"ListItem","position":3,"name":"Auto Critical Soma"}]},{"@type":"WebSite","@id":"https:\/\/advancedseeds.com\/#website","url":"https:\/\/advancedseeds.com\/","name":"Advanced Seeds","description":"Advanced genetics in feminised and automatic seeds.","publisher":{"@id":"https:\/\/advancedseeds.com\/#organization"},"potentialAction":[{"@type":"SearchAction","target":{"@type":"EntryPoint","urlTemplate":"https:\/\/advancedseeds.com\/?s={search_term_string}"},"query-input":{"@type":"PropertyValueSpecification","valueRequired":true,"valueName":"search_term_string"}}],"inLanguage":"en-GB"},{"@type":"Organization","@id":"https:\/\/advancedseeds.com\/#organization","name":"Advanced Seeds","url":"https:\/\/advancedseeds.com\/","logo":{"@type":"ImageObject","inLanguage":"en-GB","@id":"https:\/\/advancedseeds.com\/#\/schema\/logo\/image\/","url":"https:\/\/advancedseeds.com\/web\/wp-content\/uploads\/2021\/01\/logo-advanced.jpg","contentUrl":"https:\/\/advancedseeds.com\/web\/wp-content\/uploads\/2021\/01\/logo-advanced.jpg","width":600,"height":600,"caption":"Advanced Seeds"},"image":{"@id":"https:\/\/advancedseeds.com\/#\/schema\/logo\/image\/"}}]}},"_links":{"self":[{"href":"https:\/\/advancedseeds.com\/en\/wp-json\/wp\/v2\/product\/309","targetHints":{"allow":["GET"]}}],"collection":[{"href":"https:\/\/advancedseeds.com\/en\/wp-json\/wp\/v2\/product"}],"about":[{"href":"https:\/\/advancedseeds.com\/en\/wp-json\/wp\/v2\/types\/product"}],"replies":[{"embeddable":true,"href":"https:\/\/advancedseeds.com\/en\/wp-json\/wp\/v2\/comments?post=309"}],"wp:featuredmedia":[{"embeddable":true,"href":"https:\/\/advancedseeds.com\/en\/wp-json\/wp\/v2\/media\/19656"}],"wp:attachment":[{"href":"https:\/\/advancedseeds.com\/en\/wp-json\/wp\/v2\/media?parent=309"}],"wp:term":[{"taxonomy":"product_brand","embeddable":true,"href":"https:\/\/advancedseeds.com\/en\/wp-json\/wp\/v2\/product_brand?post=309"},{"taxonomy":"product_cat","embeddable":true,"href":"https:\/\/advancedseeds.com\/en\/wp-json\/wp\/v2\/product_cat?post=309"},{"taxonomy":"product_tag","embeddable":true,"href":"https:\/\/advancedseeds.com\/en\/wp-json\/wp\/v2\/product_tag?post=309"}],"curies":[{"name":"wp","href":"https:\/\/api.w.org\/{rel}","templated":true}]}}