{"id":2199,"date":"2021-06-14T17:47:21","date_gmt":"2021-06-14T16:47:21","guid":{"rendered":"https:\/\/advancedseeds.com\/web\/?page_id=2199"},"modified":"2025-08-06T08:48:41","modified_gmt":"2025-08-06T07:48:41","slug":"aviso-legal","status":"publish","type":"page","link":"https:\/\/advancedseeds.com\/it\/aviso-legal\/","title":{"rendered":"Avviso legale"},"content":{"rendered":"<div class=\"row row-collapse\"  id=\"row-1033626367\">\n\n\n\t<div id=\"col-517090046\" class=\"col small-12 large-12\"  >\n\t\t\t\t<div class=\"col-inner\"  >\n\t\t\t\n\t\t\t\n\n\n\t<section class=\"section\" id=\"section_385761722\">\n\t\t<div class=\"section-bg fill\" >\n\t\t\t\t\t\t\t\t\t\n\t\t\t\n\n\t\t<\/div>\n\n\t\t\n\n\t\t<div class=\"section-content relative\">\n\t\t\t\n\n<div class=\"container section-title-container\" ><h1 class=\"section-title section-title-bold-center\"><b aria-hidden=\"true\"><\/b><span class=\"section-title-main\" >Avviso legale<\/span><b aria-hidden=\"true\"><\/b><\/h1><\/div>\n\n<p>In conformit\u00e0 con l'articolo 10 della Legge 34\/2002, dell'11 luglio, sui Servizi della Societ\u00e0 dell'Informazione e del Commercio Elettronico (LSSICE), Garden Seeds Trading, S.L. (di seguito, \"Advanced Seeds\"), responsabile di questo negozio online, mette a disposizione degli Utenti le presenti informazioni per definire le proprie Condizioni d'uso.<\/p>\n<p>Oltre ai contenuti qui esposti, gli aspetti specifici relativi alla protezione dei dati personali e alla privacy degli utenti di questo sito web sono sviluppati nelle pagine Privacy Policy e Cookies Policy.<\/p>\n<h2>Identit\u00e0 del Titolare del trattamento<\/h2>\n<ul>\n<li><strong>Nome della societ\u00e0<\/strong>: Garden Seeds Trading, S.L.<\/li>\n<li><strong>Nome commerciale<\/strong>: Semi avanzati<\/li>\n<li><strong>NUMERO DI PARTITA IVA<\/strong>: B73603805<\/li>\n<li><strong>Registrato nel Registro Mercantile di Murcia, nel volume 2640, foglio 101, pagina MU68784, prima iscrizione.<\/strong><\/li>\n<li><strong>Sede legale<\/strong>Indirizzo: C\/ Villanueva del Segura, 5, 30500, Murcia, Spagna.<\/li>\n<li><strong>Attivit\u00e0<\/strong>Commercio di fertilizzanti e sementi<\/li>\n<li><strong>Telefono<\/strong>: 968 629 309<\/li>\n<li><strong>eMail<\/strong>: <a href=\"mailto:info@00seeds.com\">info@advancedseeds.com<\/a><\/li>\n<li><strong>Nome di dominio<\/strong>: <a href=\"http:\/\/www.advancedseeds.com\">advancedseeds.com<\/a> \u00a0\u00a0\u00a0\u00a0\u00a0\u00a0\u00a0\u00a0\u00a0\u00a0\u00a0<\/li>\n<li><strong>Registrazione del trattamento ai sensi del GDPR:<\/strong> Clienti\/Fornitori, Dipendenti, Assunzioni e Utenti web.<\/li>\n<\/ul>\n<h2>Scopo del sito web<\/h2>\n<p>Il negozio online \"Advanced Seeds\" ha i seguenti scopi:<\/p>\n<ul>\n<li>Mettere a disposizione dell'Utente i prodotti e\/o servizi offerti per l'acquisto tramite mezzi elettronici, nonch\u00e9 fornire informazioni su di essi e sul Titolare.<\/li>\n<li>Divulgazione di informazioni relative al settore di attivit\u00e0 della Parte Responsabile.<\/li>\n<li>Gestisci i commenti e\/o le valutazioni degli utenti.<\/li>\n<\/ul>\n<h2>Quadro normativo<\/h2>\n<p>L'attivit\u00e0 di questo negozio online \u00e8 soggetta al quadro giuridico spagnolo ed europeo, in particolare ai seguenti regolamenti:<\/p>\n<ul>\n<li>Regolamento generale sulla protezione dei dati (GDPR) (UE) 2016\/679 del 27 aprile, che regola il trattamento dei dati personali nei paesi dell'Unione Europea.<\/li>\n<li>La Legge Organica 3\/2018, del 5 dicembre, sulla Protezione dei Dati Personali e la Garanzia dei Diritti Digitali (LOPD e GDD), un regolamento regionale (applicabile alla Spagna), che definisce e amplia molti dei concetti e dei diritti presenti nel GDPR.<\/li>\n<li>La Legge 34\/2002, dell'11 luglio, sui Servizi della Societ\u00e0 dell'Informazione e del Commercio Elettronico (LSSICE), una normativa che riguarda i siti web che, in qualche modo, svolgono attivit\u00e0 economiche per via elettronica, come nel caso di questo sito.<\/li>\n<li>Legge 03\/2014, del 27 marzo, Legge Generale per la Difesa dei Consumatori e degli Utenti (LGDCU), che regola le condizioni di vendita e di contratto.<\/li>\n<\/ul>\n<h2>Condizioni d'uso e responsabilit\u00e0<\/h2>\n<p>Chiunque acceda a questo sito web assume il ruolo di Utente, impegnandosi a osservare e rispettare rigorosamente le condizioni qui esposte, nonch\u00e9 qualsiasi altra disposizione legale applicabile. \"Advanced Seeds\" non sar\u00e0 responsabile di eventuali danni, a s\u00e9 o a terzi, causati dall'uso improprio di questo sito web da parte dell'Utente.<\/p>\n<p>I seguenti comportamenti sono severamente vietati da \"Advanced Seeds\". Se l'Utente commette uno degli atti descritti nei punti seguenti che costituiscono anche un reato, \"Advanced Seeds\" si riserva il diritto di sottoporre la questione all'attenzione delle autorit\u00e0 qualora si riscontri che tale reato \u00e8 stato commesso:<\/p>\n<ul>\n<li>Introdurre o diffondere virus informatici o qualsiasi altro sistema che possa causare danni ai sistemi fisici o logici del proprietario del dominio, dei suoi fornitori o di terzi. Questo divieto comprende anche gli script eventualmente inseriti.<\/li>\n<li>Riproduzione non autorizzata dei contenuti del sito web.<\/li>\n<li>Accedere (o tentare di accedere) ad aree riservate della piattaforma senza rispettare le condizioni richieste per tale accesso. Cos\u00ec come rivelare dati sul funzionamento del sito web senza l'espressa autorizzazione degli amministratori dello stesso.<\/li>\n<li>Eludere (o tentare di eludere) i sistemi di pagamento istituiti da \"Advanced Seeds\".<\/li>\n<\/ul>\n<p>Il contenuto di questo sito web non pu\u00f2 essere considerato, in ogni caso, un sostituto della consulenza legale.<\/p>\n<p>\"Advanced Seeds\" si riserva il diritto di modificare qualsiasi tipo di informazione che possa apparire nel negozio online, in qualsiasi momento e senza preavviso, senza alcun obbligo di preavviso o di informare gli Utenti di tali obblighi, intendendosi sufficiente la pubblicazione su questo sito web.<\/p>\n<p>Questo sito web \u00e8 stato revisionato e testato in modo da funzionare correttamente senza interruzioni. Tuttavia, \"Advanced Seeds\" non esclude la possibilit\u00e0 dell'esistenza di alcuni errori di programmazione, di occasionali indisponibilit\u00e0 (ad esempio, crash del server o manutenzione del server) o il verificarsi di cause di forza maggiore, disastri naturali, scioperi o circostanze simili che rendano temporaneamente impossibile l'accesso al sito web.<\/p>\n<p>L'Utente si impegna a non utilizzare questo sito web o, a seconda dei casi, i servizi o i prodotti in esso offerti, per svolgere attivit\u00e0 contrarie alla legge, all'ordine pubblico o alle presenti condizioni d'uso. Pertanto, \"Advanced Seeds\" <strong>non \u00e8 responsabile delle informazioni e dei contenuti memorizzati, a titolo esemplificativo e non esaustivo, in forum, chat, blog, commenti, social network o qualsiasi altro mezzo che consenta a terzi di pubblicare contenuti. Tuttavia, in conformit\u00e0 con le disposizioni degli articoli 11 e 16 della LSSI-CE, <\/strong>\"Semi avanzati <strong>\u00e8 a disposizione di tutti gli Utenti, delle autorit\u00e0 e delle forze di sicurezza, collaborando attivamente alla rimozione o al blocco di tutti i contenuti che potrebbero pregiudicare o contravvenire alla legislazione nazionale o internazionale, ai diritti di terzi o alla morale e all'ordine pubblico. Nel caso in cui un Utente ritenga che sul sito web siano presenti contenuti suscettibili di questa classificazione, \u00e8 pregato di comunicarlo immediatamente al nostro staff.<\/strong><\/p>\n<p>\"Advanced Seeds\" si riserva il diritto di negare o ritirare l'accesso al negozio senza preavviso, su propria richiesta o su richiesta di terzi, agli Utenti che non rispettano le nostre Condizioni d'uso.<\/p>\n<h2>Propriet\u00e0 intellettuale<\/h2>\n<p>Il sito web, compresi, ma non solo, la programmazione, l'editing, la compilazione e gli altri elementi necessari al suo funzionamento, i disegni, i loghi, il testo e\/o la grafica sono di propriet\u00e0 di \"Advanced Seeds\" o, se del caso, hanno una licenza o un'autorizzazione esplicita da parte degli autori.<\/p>\n<p>Tutti i contenuti del sito web sono debitamente protetti dalle normative in materia di propriet\u00e0 intellettuale e industriale, nonch\u00e9 registrati nei corrispondenti registri pubblici, e non \u00e8 consentita la riproduzione e\/o la pubblicazione totale o parziale del sito web, n\u00e9 il suo trattamento informatico, la distribuzione, la diffusione, la modifica o la trasformazione, senza la previa autorizzazione scritta della stessa. \"Advanced Seeds\" garantir\u00e0 il rispetto delle condizioni di cui sopra, nonch\u00e9 l'uso corretto dei contenuti presentati sulle sue pagine web, esercitando tutte le azioni civili e penali applicabili in caso di infrazione o violazione di tali diritti da parte dell'Utente.<\/p>\n<p>I disegni, i loghi, i testi e\/o la grafica che non appartengono ad \"Advanced Seeds\" e che possono comparire sul sito appartengono ai rispettivi proprietari, i quali sono responsabili di ogni eventuale controversia che possa sorgere in merito. In ogni caso, \"Advanced Seeds\" deve ottenere l'espressa autorizzazione preventiva dei proprietari. \"Advanced Seeds\" riconosce i corrispondenti diritti di propriet\u00e0 industriale e intellettuale a favore dei rispettivi proprietari e la loro semplice menzione o apparizione sul sito web non implica l'esistenza di alcun diritto o responsabilit\u00e0 della Parte Responsabile in relazione agli stessi, n\u00e9 alcun avallo, sponsorizzazione o raccomandazione da parte della stessa.<\/p>\n<h2>Link di terze parti<\/h2>\n<p>\"Advanced Seeds\" pu\u00f2 mettere a disposizione dell'Utente link o altri elementi che consentono l'accesso ad altri siti web appartenenti a terzi. Non commercializziamo i prodotti e\/o i servizi di queste pagine collegate, n\u00e9 ci assumiamo alcuna responsabilit\u00e0 per esse, n\u00e9 per le informazioni in esse contenute, n\u00e9 per la loro veridicit\u00e0 o legalit\u00e0, n\u00e9 per gli effetti che possono derivarne.<\/p>\n<p>In ogni caso, \"Advanced Seeds\" dichiara che rimuover\u00e0 immediatamente qualsiasi contenuto che possa contravvenire alla legislazione nazionale o internazionale, al buon costume o all'ordine pubblico, procedendo all'immediato ritiro del reindirizzamento a tale sito web, informando le autorit\u00e0 competenti del contenuto in questione.<\/p>\n<h2>Legge applicabile e giurisdizione<\/h2>\n<p>La lingua di redazione e interpretazione del presente avviso legale \u00e8 lo spagnolo.<\/p>\n<p>Il rapporto tra \"Advanced Seeds\" e l'Utente \u00e8 regolato in ogni suo aspetto dalla legge spagnola, alla quale entrambe le parti si sottomettono espressamente in caso di qualsiasi controversia o questione relativa a questo sito web o alle attivit\u00e0 in esso svolte.<\/p>\n<p>Nel caso in cui l'indirizzo dell'utente si trovi al di fuori della Spagna, \"Advanced Seeds\" e l'utente accettano di sottoporsi ai tribunali competenti della Spagna, rinunciando espressamente a qualsiasi altra giurisdizione.<\/p>\n\n\t\t<\/div>\n\n\t\t\n<style>\n#section_385761722 {\n  padding-top: 30px;\n  padding-bottom: 30px;\n  background-color: rgb(0,0,0);\n}\n<\/style>\n\t<\/section>\n\t\n\n\t\t<\/div>\n\t\t\t\t\t<\/div>\n\n\t\n\n<\/div>","protected":false},"excerpt":{"rendered":"","protected":false},"author":532,"featured_media":0,"parent":0,"menu_order":0,"comment_status":"closed","ping_status":"closed","template":"","meta":{"_acf_changed":false,"footnotes":""},"class_list":["post-2199","page","type-page","status-publish","hentry"],"acf":[],"yoast_head":"<!-- This site is optimized with the Yoast SEO Premium plugin v26.3 (Yoast SEO v26.6) - https:\/\/yoast.com\/wordpress\/plugins\/seo\/ -->\n<title>Aviso Legal - Advanced Seeds<\/title>\n<meta name=\"robots\" content=\"index, follow, max-snippet:-1, max-image-preview:large, max-video-preview:-1\" \/>\n<link rel=\"canonical\" href=\"https:\/\/advancedseeds.com\/it\/aviso-legal\/\" \/>\n<meta property=\"og:locale\" content=\"it_IT\" \/>\n<meta property=\"og:type\" content=\"article\" \/>\n<meta property=\"og:title\" content=\"Aviso Legal\" \/>\n<meta property=\"og:url\" content=\"https:\/\/advancedseeds.com\/it\/aviso-legal\/\" \/>\n<meta property=\"og:site_name\" content=\"Advanced Seeds\" \/>\n<meta property=\"article:modified_time\" content=\"2025-08-06T07:48:41+00:00\" \/>\n<meta name=\"twitter:card\" content=\"summary_large_image\" \/>\n<script type=\"application\/ld+json\" class=\"yoast-schema-graph\">{\"@context\":\"https:\/\/schema.org\",\"@graph\":[{\"@type\":\"WebPage\",\"@id\":\"https:\/\/advancedseeds.com\/aviso-legal\/\",\"url\":\"https:\/\/advancedseeds.com\/aviso-legal\/\",\"name\":\"Aviso Legal - Advanced Seeds\",\"isPartOf\":{\"@id\":\"https:\/\/advancedseeds.com\/#website\"},\"datePublished\":\"2021-06-14T16:47:21+00:00\",\"dateModified\":\"2025-08-06T07:48:41+00:00\",\"breadcrumb\":{\"@id\":\"https:\/\/advancedseeds.com\/aviso-legal\/#breadcrumb\"},\"inLanguage\":\"it-IT\",\"potentialAction\":[{\"@type\":\"ReadAction\",\"target\":[\"https:\/\/advancedseeds.com\/aviso-legal\/\"]}]},{\"@type\":\"BreadcrumbList\",\"@id\":\"https:\/\/advancedseeds.com\/aviso-legal\/#breadcrumb\",\"itemListElement\":[{\"@type\":\"ListItem\",\"position\":1,\"name\":\"Home\",\"item\":\"https:\/\/advancedseeds.com\/\"},{\"@type\":\"ListItem\",\"position\":2,\"name\":\"Aviso Legal\"}]},{\"@type\":\"WebSite\",\"@id\":\"https:\/\/advancedseeds.com\/#website\",\"url\":\"https:\/\/advancedseeds.com\/\",\"name\":\"Advanced Seeds\",\"description\":\"Gen\u00e9ticas Avanzadas en semillas feminizadas y autom\u00e1ticas.\",\"publisher\":{\"@id\":\"https:\/\/advancedseeds.com\/#organization\"},\"potentialAction\":[{\"@type\":\"SearchAction\",\"target\":{\"@type\":\"EntryPoint\",\"urlTemplate\":\"https:\/\/advancedseeds.com\/?s={search_term_string}\"},\"query-input\":{\"@type\":\"PropertyValueSpecification\",\"valueRequired\":true,\"valueName\":\"search_term_string\"}}],\"inLanguage\":\"it-IT\"},{\"@type\":\"Organization\",\"@id\":\"https:\/\/advancedseeds.com\/#organization\",\"name\":\"Advanced Seeds\",\"url\":\"https:\/\/advancedseeds.com\/\",\"logo\":{\"@type\":\"ImageObject\",\"inLanguage\":\"it-IT\",\"@id\":\"https:\/\/advancedseeds.com\/#\/schema\/logo\/image\/\",\"url\":\"https:\/\/advancedseeds.com\/web\/wp-content\/uploads\/2021\/01\/logo-advanced.jpg\",\"contentUrl\":\"https:\/\/advancedseeds.com\/web\/wp-content\/uploads\/2021\/01\/logo-advanced.jpg\",\"width\":600,\"height\":600,\"caption\":\"Advanced Seeds\"},\"image\":{\"@id\":\"https:\/\/advancedseeds.com\/#\/schema\/logo\/image\/\"}}]}<\/script>\n<!-- \/ Yoast SEO Premium plugin. -->","yoast_head_json":{"title":"Aviso Legal - Advanced Seeds","robots":{"index":"index","follow":"follow","max-snippet":"max-snippet:-1","max-image-preview":"max-image-preview:large","max-video-preview":"max-video-preview:-1"},"canonical":"https:\/\/advancedseeds.com\/it\/aviso-legal\/","og_locale":"it_IT","og_type":"article","og_title":"Aviso Legal","og_url":"https:\/\/advancedseeds.com\/it\/aviso-legal\/","og_site_name":"Advanced Seeds","article_modified_time":"2025-08-06T07:48:41+00:00","twitter_card":"summary_large_image","schema":{"@context":"https:\/\/schema.org","@graph":[{"@type":"WebPage","@id":"https:\/\/advancedseeds.com\/aviso-legal\/","url":"https:\/\/advancedseeds.com\/aviso-legal\/","name":"Aviso Legal - Advanced Seeds","isPartOf":{"@id":"https:\/\/advancedseeds.com\/#website"},"datePublished":"2021-06-14T16:47:21+00:00","dateModified":"2025-08-06T07:48:41+00:00","breadcrumb":{"@id":"https:\/\/advancedseeds.com\/aviso-legal\/#breadcrumb"},"inLanguage":"it-IT","potentialAction":[{"@type":"ReadAction","target":["https:\/\/advancedseeds.com\/aviso-legal\/"]}]},{"@type":"BreadcrumbList","@id":"https:\/\/advancedseeds.com\/aviso-legal\/#breadcrumb","itemListElement":[{"@type":"ListItem","position":1,"name":"Home","item":"https:\/\/advancedseeds.com\/"},{"@type":"ListItem","position":2,"name":"Aviso Legal"}]},{"@type":"WebSite","@id":"https:\/\/advancedseeds.com\/#website","url":"https:\/\/advancedseeds.com\/","name":"Semi avanzati","description":"Genetica avanzata in semi femminizzati e automatici.","publisher":{"@id":"https:\/\/advancedseeds.com\/#organization"},"potentialAction":[{"@type":"SearchAction","target":{"@type":"EntryPoint","urlTemplate":"https:\/\/advancedseeds.com\/?s={search_term_string}"},"query-input":{"@type":"PropertyValueSpecification","valueRequired":true,"valueName":"search_term_string"}}],"inLanguage":"it-IT"},{"@type":"Organization","@id":"https:\/\/advancedseeds.com\/#organization","name":"Semi avanzati","url":"https:\/\/advancedseeds.com\/","logo":{"@type":"ImageObject","inLanguage":"it-IT","@id":"https:\/\/advancedseeds.com\/#\/schema\/logo\/image\/","url":"https:\/\/advancedseeds.com\/web\/wp-content\/uploads\/2021\/01\/logo-advanced.jpg","contentUrl":"https:\/\/advancedseeds.com\/web\/wp-content\/uploads\/2021\/01\/logo-advanced.jpg","width":600,"height":600,"caption":"Advanced Seeds"},"image":{"@id":"https:\/\/advancedseeds.com\/#\/schema\/logo\/image\/"}}]}},"_links":{"self":[{"href":"https:\/\/advancedseeds.com\/it\/wp-json\/wp\/v2\/pages\/2199","targetHints":{"allow":["GET"]}}],"collection":[{"href":"https:\/\/advancedseeds.com\/it\/wp-json\/wp\/v2\/pages"}],"about":[{"href":"https:\/\/advancedseeds.com\/it\/wp-json\/wp\/v2\/types\/page"}],"author":[{"embeddable":true,"href":"https:\/\/advancedseeds.com\/it\/wp-json\/wp\/v2\/users\/532"}],"replies":[{"embeddable":true,"href":"https:\/\/advancedseeds.com\/it\/wp-json\/wp\/v2\/comments?post=2199"}],"version-history":[{"count":3,"href":"https:\/\/advancedseeds.com\/it\/wp-json\/wp\/v2\/pages\/2199\/revisions"}],"predecessor-version":[{"id":26168,"href":"https:\/\/advancedseeds.com\/it\/wp-json\/wp\/v2\/pages\/2199\/revisions\/26168"}],"wp:attachment":[{"href":"https:\/\/advancedseeds.com\/it\/wp-json\/wp\/v2\/media?parent=2199"}],"curies":[{"name":"wp","href":"https:\/\/api.w.org\/{rel}","templated":true}]}}