{"id":2202,"date":"2021-06-14T17:51:24","date_gmt":"2021-06-14T16:51:24","guid":{"rendered":"https:\/\/advancedseeds.com\/web\/?page_id=2202"},"modified":"2025-08-06T08:49:55","modified_gmt":"2025-08-06T07:49:55","slug":"politica-de-privacidad","status":"publish","type":"page","link":"https:\/\/advancedseeds.com\/it\/politica-de-privacidad\/","title":{"rendered":"Informativa sulla privacy"},"content":{"rendered":"<div class=\"row row-collapse\"  id=\"row-2117144765\">\n\n\n\t<div id=\"col-1519349487\" class=\"col small-12 large-12\"  >\n\t\t\t\t<div class=\"col-inner\"  >\n\t\t\t\n\t\t\t\n\n\n\t<section class=\"section\" id=\"section_961054310\">\n\t\t<div class=\"section-bg fill\" >\n\t\t\t\t\t\t\t\t\t\n\t\t\t\n\n\t\t<\/div>\n\n\t\t\n\n\t\t<div class=\"section-content relative\">\n\t\t\t\n\n<div class=\"container section-title-container\" ><h1 class=\"section-title section-title-bold-center\"><b aria-hidden=\"true\"><\/b><span class=\"section-title-main\" >Informativa sulla privacy<\/span><b aria-hidden=\"true\"><\/b><\/h1><\/div>\n\n<p>\"Advanced Seeds\" si impegna a rispettare le normative spagnole ed europee in materia di protezione dei dati personali e garantisce il pieno rispetto degli obblighi previsti, nonch\u00e9 l'implementazione delle misure di sicurezza previste dal Regolamento Generale sulla Protezione dei Dati (GDPR) (UE) 2016\/679, del 27 aprile, e dalla Legge Organica 3\/2018, del 5 dicembre, sulla Protezione dei Dati Personali e la garanzia dei diritti digitali (LOPD e GDD, di seguito LOPD).<\/p>\n<p>In conformit\u00e0 a tali norme, ti informiamo che l'utilizzo del nostro sito web potrebbe richiedere la comunicazione di alcuni dati personali attraverso i moduli di registrazione o di contatto, o l'invio di e-mail, e che tali dati saranno trattati da \".<strong>Semi avanzati<\/strong>Responsabile del trattamento, i cui dati sono:<\/p>\n<ul>\n<li><strong>Nome della societ\u00e0<\/strong>: Garden Seeds Trading, S.L.<\/li>\n<li><strong>NUMERO DI PARTITA IVA <\/strong>: B73603805\u00a0<\/li>\n<li><strong>Sede legale<\/strong>Indirizzo: C\/ Villanueva del Segura, 5, 30500, Murcia, Spagna.<\/li>\n<li><strong>Telefono<\/strong>: 968 629 309<\/li>\n<li><strong>eMail<\/strong>: <a href=\"mailto:info@00seeds.com\">info@advancedseeds.com<\/a><\/li>\n<\/ul>\n<h2>Raccolta ed elaborazione dei dati personali<\/h2>\n<p>Per dati personali si intendono tutte le informazioni relative a una persona: nome, e-mail, indirizzo, numero di telefono, NIF\/NIE... Inoltre, quando un Utente visita il nostro sito web, alcune informazioni vengono memorizzate automaticamente per motivi tecnici, come ad esempio l'indirizzo IP assegnato dal suo provider di accesso a Internet.<\/p>\n<p>\"Advanced Seeds, in qualit\u00e0 di Titolare del trattamento, ha il dovere di informare gli Utenti del proprio sito web in merito alla raccolta di dati personali che potr\u00e0 essere effettuata, tramite l'invio di un'e-mail o la compilazione dei moduli presenti nel sito web.<\/p>\n<p>Saranno acquisiti solo i dati necessari per svolgere il servizio oggetto del contratto o per poter rispondere adeguatamente alla richiesta di informazioni avanzata dall'Utente. I dati raccolti sono di tipo identificativo e corrispondono a un minimo ragionevole per poter svolgere l'attivit\u00e0 svolta. In particolare, non vengono raccolti in nessun momento dati particolarmente protetti. In nessun caso i dati saranno utilizzati per scopi diversi da quelli per cui sono stati raccolti.<\/p>\n<p><u>Moduli di contatto\/email <\/u><\/p>\n<p><em>Scopo<\/em>Per rispondere alla tua richiesta di informazioni fatta tramite i nostri moduli di contatto.<\/p>\n<p><em>Legittimazione<\/em>La base giuridica di questo trattamento \u00e8 il consenso dell'Utente, che pu\u00f2 essere revocato in qualsiasi momento.<\/p>\n<p><em>Trasferimento dei dati<\/em>I dati personali saranno trattati attraverso i server gestiti da <a href=\"https:\/\/www.ovh.es\/\">OVH<\/a>che sar\u00e0 considerato il Responsabile del trattamento dei dati.<\/p>\n<p><u>Moduli di iscrizione\/registrazione <\/u><u>clienti\/contratti<\/u><\/p>\n<p><em>Scopi<\/em>:<\/p>\n<ul>\n<li>Gestire la registrazione dell'utente sul nostro sito web.<\/li>\n<li>Gestisci gli acquisti effettuati.<\/li>\n<li>Fornire informazioni sull'elaborazione e sullo stato degli acquisti.<\/li>\n<li>Registro storico degli acquisti effettuati sul nostro sito web.<\/li>\n<li>Gestione dei commenti e dei contenuti.<\/li>\n<li>Invio di comunicazioni via e-mail e\/o telefono, al fine di informare l'Utente di eventuali incidenti, errori, problemi e\/o stato degli ordini.<\/li>\n<\/ul>\n<p><em>Legittimazione<\/em>La base giuridica di questo trattamento \u00e8 l'esecuzione di un contratto.<\/p>\n<p><em>Trasferimento dei dati<\/em>Advanced Seeds\" non trasferir\u00e0 o comunicher\u00e0 i tuoi dati a terzi, se non nei casi previsti dalla legge o quando ci\u00f2 sia strettamente necessario per l'erogazione di un servizio. In particolare, i dati potranno essere trasferiti a:<\/p>\n<ul>\n<li>Fornitori di tecnologia o di servizi IT.<\/li>\n<li>Fornitori di servizi di pagamento.<\/li>\n<li>Societ\u00e0 di corrieri e pacchi.<\/li>\n<li>Terzi o intermediari, in qualit\u00e0 di fornitori di servizi, che operano a nostro nome (agenzie, consulenti, ecc.).<\/li>\n<\/ul>\n<p>Il trasferimento dei dati avverr\u00e0 con la massima riservatezza, utilizzando le misure necessarie, come la firma di contratti di riservatezza o l'adesione alle loro politiche sulla privacy stabilite sui rispettivi siti web. L'Utente pu\u00f2 rifiutare il trasferimento dei propri dati ai Responsabili del trattamento dei dati, mediante richiesta scritta, con uno dei mezzi sopra indicati.<\/p>\n<p>Inoltre, nei casi in cui sia necessario, i dati del Cliente potranno essere trasferiti a determinati enti, in ottemperanza a un obbligo di legge: Agenzia delle Entrate, banche, Ispettorato del Lavoro, ecc.<\/p>\n<p><u>Modulo di feedback<\/u><\/p>\n<p><em>Scopo<\/em>: fai un commento o una recensione da pubblicare sul sito.<\/p>\n<p><em>Legittimazione<\/em>La base giuridica di questo trattamento \u00e8 il consenso dell'Utente, che pu\u00f2 essere revocato in qualsiasi momento.<\/p>\n<p><em>Trasferimento dei dati<\/em>I dati personali saranno trattati attraverso i server di questo sito web, gestiti da <a href=\"https:\/\/www.ovh.es\/\">OVH<\/a>che sar\u00e0 considerato il Responsabile del trattamento dei dati.<\/p>\n<h2>Minori<\/h2>\n<p>Solo le persone di et\u00e0 superiore ai 14 anni possono fornire dati personali su questo sito web. Come richiesto dalla LOPD e dal GDD, nel caso di minori di 14 anni, il consenso dei genitori o dei tutori \u00e8 una condizione obbligatoria per poter trattare i loro dati personali.<\/p>\n<p>D'altra parte, i nostri servizi possono essere acquistati solo da persone di et\u00e0 superiore ai 18 anni. Nel caso di minori di 18 anni, il consenso dei loro genitori o tutori legali \u00e8 una condizione obbligatoria per la fornitura dei servizi offerti, a meno che il minore non sia emancipato.<\/p>\n<h2>Registrazione utente<\/h2>\n<p>Quando l'Utente si registra attraverso l'apposito modulo, le informazioni che raccogliamo comprendono:<\/p>\n<ul>\n<li>Nome e cognome<\/li>\n<li>Email e\/o telefono<\/li>\n<li>Indirizzi di spedizione<\/li>\n<li>IP<\/li>\n<li>Nome utente\/password<\/li>\n<\/ul>\n<p>Inoltre, l'Utente deve accettare i Termini e le Condizioni del Contratto, indicati in un'altra sezione del sito.<\/p>\n<p>L'Utente deve anche fornire una password, che deve soddisfare determinati requisiti di sicurezza. La password non ha scadenza. Per recuperare la password, l'Utente deve accedere all'apposito modulo di recupero e inserire il proprio indirizzo e-mail per continuare il processo e poterla modificare, cliccando sul link che verr\u00e0 inviato all'indirizzo e-mail inserito. L'Utente \u00e8 responsabile della riservatezza della propria password e di tutti gli usi che ne fa. L'Utente \u00e8 tenuto a notificare a \"Advanced Seeds\" qualsiasi uso non autorizzato del proprio account o della propria password nel pi\u00f9 breve tempo possibile.<\/p>\n<p>L'Utente, una volta registrato, ha accesso a un pannello privato, dove pu\u00f2 visualizzare determinati contenuti, registrare gli acquisti effettuati, ecc. Pu\u00f2 anche gestire le opzioni del proprio account, come la password o i dati utente.<\/p>\n<p>L'Utente pu\u00f2 ricevere le seguenti notifiche:<\/p>\n<ul>\n<li>Al momento della registrazione sulla piattaforma (e-mail di convalida dell'account).<\/li>\n<li>Quando si effettuano acquisti, come la prova d'acquisto, gli incidenti, le spedizioni effettuate, ecc.<\/li>\n<li>Per i commenti fatti e le relative risposte.<\/li>\n<li>Tramite il recupero della password (specificata nel campo precedente).<\/li>\n<li>Quando si annulla l'iscrizione o si cancella l'account.<\/li>\n<\/ul>\n<h2>Misure di sicurezza<\/h2>\n<p>Gli utenti del sito web di \"Advanced Seeds\" sono informati che le misure di sicurezza tecniche e organizzative a nostra disposizione sono state adottate per prevenire la perdita, l'abuso, l'alterazione, l'accesso non autorizzato e il furto dei dati, garantendo cos\u00ec la riservatezza, l'integrit\u00e0 e la qualit\u00e0 delle informazioni contenute, in conformit\u00e0 con le disposizioni della legislazione vigente in materia di protezione dei dati. I dati personali raccolti nei moduli sono trattati esclusivamente dal personale di \"Advanced Seeds\" o dai Responsabili del trattamento designati.<\/p>\n<p>Il sito web di \"Advanced Seeds\" \u00e8 inoltre dotato di crittografia SSL, che consente all'Utente di inviare in modo sicuro i propri dati personali attraverso i moduli di contatto o di registrazione presenti sul sito.<\/p>\n<h2>Veridicit\u00e0 dei dati<\/h2>\n<p>L'Utente dichiara che tutti i dati da lui forniti sono veritieri e corretti e si impegna a mantenerli aggiornati. L'Utente \u00e8 responsabile della veridicit\u00e0 dei propri dati e sar\u00e0 l'unico responsabile di qualsiasi controversia o contenzioso che possa sorgere a causa della falsit\u00e0 di tali dati. \u00c8 importante che, al fine di mantenere aggiornati i dati personali, l'Utente informi \"Advanced Seeds\" ogni qualvolta si verifichi una modifica dei dati.<\/p>\n<h2>Trasferimento dei dati<\/h2>\n<p>\"Advanced Seeds\" non trasferir\u00e0 o comunicher\u00e0 i tuoi dati a terzi, salvo nei casi previsti dalla legge o quando la fornitura di un servizio implichi la necessit\u00e0 di un rapporto contrattuale con un Responsabile del trattamento. Pertanto, l'Utente accetta che alcuni dei dati personali raccolti possano essere forniti a tali Responsabili del trattamento (piattaforme di pagamento, agenzie, intermediari, ecc.), qualora ci\u00f2 sia necessario per l'efficace esecuzione di un servizio contrattuale o di un prodotto acquistato. L'Utente accetta inoltre che, in caso di fornitura di servizi, questi possano essere totalmente o parzialmente subappaltati ad altre persone o societ\u00e0, che saranno considerate Responsabili del trattamento, con le quali \u00e8 stato concordato il relativo contratto di riservatezza, o che hanno aderito alle loro politiche sulla privacy, stabilite sui rispettivi siti web. L'Utente pu\u00f2 rifiutare il trasferimento dei propri dati ai Responsabili del trattamento dei dati, mediante richiesta scritta, in uno dei modi sopra indicati.<\/p>\n<p>Inoltre, nei casi in cui sia necessario, i dati del Cliente potranno essere trasferiti a determinati enti, in ottemperanza a un obbligo di legge: Agenzia delle Entrate, banche, Ispettorato del Lavoro, ecc.<\/p>\n<h2>Esercizio dei diritti dell'utente<\/h2>\n<p>La LOPD, il GDD e il RGPD garantiscono agli interessati la possibilit\u00e0 di esercitare una serie di diritti relativi al trattamento dei propri dati personali. A tal fine, l'Utente deve contattarci, fornendo la documentazione comprovante la propria identit\u00e0 (carta d'identit\u00e0 o passaporto), via e-mail all'indirizzo info@advancedseeds.com, o tramite comunicazione scritta all'indirizzo che compare nella nostra Nota Legale. Tale comunicazione deve contenere le seguenti informazioni: nome e cognome dell'Utente, scopo della richiesta, indirizzo e dati di supporto.<\/p>\n<p>L'esercizio dei diritti deve essere effettuato dall'Utente stesso. Tuttavia, pu\u00f2 essere esercitato da una persona autorizzata come rappresentante legale dell'Utente, fornendo la documentazione che accredita tale rappresentanza.<\/p>\n<p>L'Utente pu\u00f2 richiedere l'esercizio dei seguenti diritti:<\/p>\n<ul>\n<li>Diritto di richiedere il <strong>accesso<\/strong> dei dati personali, ovvero il diritto di ottenere informazioni sull'eventuale trattamento dei propri dati personali, sulle finalit\u00e0 del trattamento che, se del caso, viene effettuato, nonch\u00e9 le informazioni disponibili sull'origine di tali dati e sulle comunicazioni effettuate o previste degli stessi.<\/li>\n<li>Diritto di richiedere il tuo <strong>rettifica<\/strong>se i dati personali sono errati o inaccurati, oppure <strong>cancellazione <\/strong>di dati che si rivelano inadeguati o eccessivi.<\/li>\n<li>Diritto di richiedere il <strong>limitazione<\/strong> del loro trattamento, nel qual caso solo i dati strettamente necessari per l'esercizio o la difesa dei diritti saranno conservati da \"Advanced Seeds\".<\/li>\n<li>Diritto di <strong>oggetto<\/strong> al trattamento: si tratta del diritto dell'interessato di non far trattare i propri dati personali o di cessare il trattamento nei casi in cui il suo consenso non sia necessario per il trattamento, nel caso di pratiche di prospezione commerciale o al fine di prendere decisioni riguardanti l'interessato e basate esclusivamente sul trattamento automatizzato dei suoi dati, a meno che per motivi legittimi o per l'esercizio o la difesa di eventuali diritti, i dati debbano continuare ad essere trattati.<\/li>\n<li>Diritto di <strong>portabilit\u00e0<\/strong> Portabilit\u00e0 dei dati: nel caso in cui tu voglia che i tuoi dati vengano trattati da un'altra azienda, \"Advanced Seeds\" ti fornir\u00e0 la portabilit\u00e0 dei tuoi dati in un formato esportabile.<\/li>\n<\/ul>\n<p>Quando il consenso \u00e8 stato dato per uno scopo specifico, <strong>l'Utente ha il diritto di revocare il consenso in qualsiasi momento<\/strong>senza pregiudicare la liceit\u00e0 del trattamento basato sul consenso prima della sua revoca.<\/p>\n<p>Ci impegniamo a dare esecuzione a tutti questi diritti entro il termine massimo previsto dalla legge (1 mese).<\/p>\n<p>Se un Utente ritiene che ci sia un problema con il modo in cui \"Advanced Seeds\" sta trattando i suoi dati, pu\u00f2 rivolgere i suoi reclami al responsabile della sicurezza o all'autorit\u00e0 di protezione dei dati corrispondente, essendo l'Agenzia spagnola per la protezione dei dati quella indicata nel caso della Spagna.<\/p>\n<h2>Conservazione dei dati<\/h2>\n<p>I dati personali degli Utenti che utilizzano il modulo di contatto o che inviano un'email per richiedere informazioni saranno trattati per il tempo strettamente necessario a rispondere alla richiesta di informazioni, o fino alla revoca del consenso prestato.<\/p>\n<p>I dati personali del Cliente saranno trattati fino al termine del rapporto contrattuale. Il periodo di conservazione dei dati personali sar\u00e0 il minimo necessario e potr\u00e0 essere conservato fino alla fine del rapporto contrattuale:<\/p>\n<ul>\n<li>4 anni: Legge sui reati e le sanzioni nell'ordine sociale (obblighi di affiliazione, iscrizioni, cancellazioni, contributi, pagamento dei salari...); artt. 66 e segg. della Legge Generale sulle Imposte (libri contabili...)<\/li>\n<li>5 anni: Art. 1964 Codice Civile (azioni personali senza limiti di tempo)<\/li>\n<li>6 anni: Art. 30 Codice del Commercio (libri contabili, fatture...)<\/li>\n<li>10 anni: Art. 25 Prevention of Money Laundering and Terrorist Financing Act.<\/li>\n<li>Nessuna scadenza: dati disaggregati e anonimizzati.<\/li>\n<\/ul>\n<p>Nel caso di trattamento dei dati dei candidati (C.V.), \"Advanced Seeds\" potr\u00e0 conservare il loro curriculum vitae per un massimo di due anni al fine di inserirlo in futuri bandi di concorso, salvo diversa indicazione del candidato.<\/p>\n<h2>Selezione del personale<\/h2>\n<p>I candidati che inviano comunicazioni elettroniche a \"Advanced Seeds\", con l'obiettivo di accedere ai processi di selezione del personale del manager, ci autorizzano ad analizzare i documenti che inviano (ad esempio il loro C.V.), tutti i contenuti direttamente accessibili attraverso i motori di ricerca di Internet (ad esempio Google), i profili che mantengono sui social network professionali (ad esempio LinkedIn), i dati ottenuti nei test d'ingresso e le informazioni che rivelano durante il colloquio di lavoro, con l'obiettivo di valutare la loro candidatura e di poter, eventualmente, offrire loro un lavoro. Nel caso in cui il candidato non venga selezionato, \"Advanced Seeds\" potr\u00e0 conservare il suo C.V. per un massimo di due anni, al fine di inserirlo in futuri bandi di concorso, salvo diversa indicazione del candidato. La base giuridica di questo trattamento \u00e8 il consenso dell'interessato, che pu\u00f2 essere revocato in qualsiasi momento.<\/p>\n<h2>Riservatezza<\/h2>\n<p>Le informazioni fornite dall'Utente saranno in ogni caso considerate riservate e non potranno essere utilizzate per scopi diversi da quelli qui descritti. \"Advanced Seeds\" si impegna a non divulgare o rivelare informazioni sulle richieste dell'Utente, sui motivi della consulenza richiesta o sulla durata del rapporto con l'Utente.<\/p>\n<h2>Validit\u00e0<\/h2>\n<p>La presente informativa sulla privacy e sulla protezione dei dati \u00e8 stata redatta da ExpertosLOPD\u00ae, uno studio legale specializzato in <a href=\"https:\/\/www.expertoslopd.es\/adaptacion-lopd-tiendas-online\/\">protezione dei dati per i negozi online<\/a>L'interessato \u00e8 tenuto a leggere il documento aggiornato per conoscere i propri diritti e obblighi in qualsiasi momento.<\/p>\n\n\t\t<\/div>\n\n\t\t\n<style>\n#section_961054310 {\n  padding-top: 30px;\n  padding-bottom: 30px;\n  background-color: rgb(0,0,0);\n}\n<\/style>\n\t<\/section>\n\t\n\n\t\t<\/div>\n\t\t\t\t\t<\/div>\n\n\t\n\n<\/div>","protected":false},"excerpt":{"rendered":"","protected":false},"author":532,"featured_media":0,"parent":0,"menu_order":0,"comment_status":"closed","ping_status":"closed","template":"","meta":{"_acf_changed":false,"footnotes":""},"class_list":["post-2202","page","type-page","status-publish","hentry"],"acf":[],"yoast_head":"<!-- This site is optimized with the Yoast SEO Premium plugin v26.3 (Yoast SEO v26.6) - https:\/\/yoast.com\/wordpress\/plugins\/seo\/ -->\n<title>Pol\u00edtica de Privacidad - Advanced Seeds<\/title>\n<meta name=\"robots\" content=\"index, follow, max-snippet:-1, max-image-preview:large, max-video-preview:-1\" \/>\n<link rel=\"canonical\" href=\"https:\/\/advancedseeds.com\/it\/politica-de-privacidad\/\" \/>\n<meta property=\"og:locale\" content=\"it_IT\" \/>\n<meta property=\"og:type\" content=\"article\" \/>\n<meta property=\"og:title\" content=\"Pol\u00edtica de Privacidad\" \/>\n<meta property=\"og:url\" content=\"https:\/\/advancedseeds.com\/it\/politica-de-privacidad\/\" \/>\n<meta property=\"og:site_name\" content=\"Advanced Seeds\" \/>\n<meta property=\"article:modified_time\" content=\"2025-08-06T07:49:55+00:00\" \/>\n<meta name=\"twitter:card\" content=\"summary_large_image\" \/>\n<script type=\"application\/ld+json\" class=\"yoast-schema-graph\">{\"@context\":\"https:\/\/schema.org\",\"@graph\":[{\"@type\":\"WebPage\",\"@id\":\"https:\/\/advancedseeds.com\/politica-de-privacidad\/\",\"url\":\"https:\/\/advancedseeds.com\/politica-de-privacidad\/\",\"name\":\"Pol\u00edtica de Privacidad - Advanced Seeds\",\"isPartOf\":{\"@id\":\"https:\/\/advancedseeds.com\/#website\"},\"datePublished\":\"2021-06-14T16:51:24+00:00\",\"dateModified\":\"2025-08-06T07:49:55+00:00\",\"breadcrumb\":{\"@id\":\"https:\/\/advancedseeds.com\/politica-de-privacidad\/#breadcrumb\"},\"inLanguage\":\"it-IT\",\"potentialAction\":[{\"@type\":\"ReadAction\",\"target\":[\"https:\/\/advancedseeds.com\/politica-de-privacidad\/\"]}]},{\"@type\":\"BreadcrumbList\",\"@id\":\"https:\/\/advancedseeds.com\/politica-de-privacidad\/#breadcrumb\",\"itemListElement\":[{\"@type\":\"ListItem\",\"position\":1,\"name\":\"Home\",\"item\":\"https:\/\/advancedseeds.com\/\"},{\"@type\":\"ListItem\",\"position\":2,\"name\":\"Pol\u00edtica de Privacidad\"}]},{\"@type\":\"WebSite\",\"@id\":\"https:\/\/advancedseeds.com\/#website\",\"url\":\"https:\/\/advancedseeds.com\/\",\"name\":\"Advanced Seeds\",\"description\":\"Gen\u00e9ticas Avanzadas en semillas feminizadas y autom\u00e1ticas.\",\"publisher\":{\"@id\":\"https:\/\/advancedseeds.com\/#organization\"},\"potentialAction\":[{\"@type\":\"SearchAction\",\"target\":{\"@type\":\"EntryPoint\",\"urlTemplate\":\"https:\/\/advancedseeds.com\/?s={search_term_string}\"},\"query-input\":{\"@type\":\"PropertyValueSpecification\",\"valueRequired\":true,\"valueName\":\"search_term_string\"}}],\"inLanguage\":\"it-IT\"},{\"@type\":\"Organization\",\"@id\":\"https:\/\/advancedseeds.com\/#organization\",\"name\":\"Advanced Seeds\",\"url\":\"https:\/\/advancedseeds.com\/\",\"logo\":{\"@type\":\"ImageObject\",\"inLanguage\":\"it-IT\",\"@id\":\"https:\/\/advancedseeds.com\/#\/schema\/logo\/image\/\",\"url\":\"https:\/\/advancedseeds.com\/web\/wp-content\/uploads\/2021\/01\/logo-advanced.jpg\",\"contentUrl\":\"https:\/\/advancedseeds.com\/web\/wp-content\/uploads\/2021\/01\/logo-advanced.jpg\",\"width\":600,\"height\":600,\"caption\":\"Advanced Seeds\"},\"image\":{\"@id\":\"https:\/\/advancedseeds.com\/#\/schema\/logo\/image\/\"}}]}<\/script>\n<!-- \/ Yoast SEO Premium plugin. -->","yoast_head_json":{"title":"Pol\u00edtica de Privacidad - Advanced Seeds","robots":{"index":"index","follow":"follow","max-snippet":"max-snippet:-1","max-image-preview":"max-image-preview:large","max-video-preview":"max-video-preview:-1"},"canonical":"https:\/\/advancedseeds.com\/it\/politica-de-privacidad\/","og_locale":"it_IT","og_type":"article","og_title":"Pol\u00edtica de Privacidad","og_url":"https:\/\/advancedseeds.com\/it\/politica-de-privacidad\/","og_site_name":"Advanced Seeds","article_modified_time":"2025-08-06T07:49:55+00:00","twitter_card":"summary_large_image","schema":{"@context":"https:\/\/schema.org","@graph":[{"@type":"WebPage","@id":"https:\/\/advancedseeds.com\/politica-de-privacidad\/","url":"https:\/\/advancedseeds.com\/politica-de-privacidad\/","name":"Pol\u00edtica de Privacidad - Advanced Seeds","isPartOf":{"@id":"https:\/\/advancedseeds.com\/#website"},"datePublished":"2021-06-14T16:51:24+00:00","dateModified":"2025-08-06T07:49:55+00:00","breadcrumb":{"@id":"https:\/\/advancedseeds.com\/politica-de-privacidad\/#breadcrumb"},"inLanguage":"it-IT","potentialAction":[{"@type":"ReadAction","target":["https:\/\/advancedseeds.com\/politica-de-privacidad\/"]}]},{"@type":"BreadcrumbList","@id":"https:\/\/advancedseeds.com\/politica-de-privacidad\/#breadcrumb","itemListElement":[{"@type":"ListItem","position":1,"name":"Home","item":"https:\/\/advancedseeds.com\/"},{"@type":"ListItem","position":2,"name":"Pol\u00edtica de Privacidad"}]},{"@type":"WebSite","@id":"https:\/\/advancedseeds.com\/#website","url":"https:\/\/advancedseeds.com\/","name":"Semi avanzati","description":"Genetica avanzata in semi femminizzati e automatici.","publisher":{"@id":"https:\/\/advancedseeds.com\/#organization"},"potentialAction":[{"@type":"SearchAction","target":{"@type":"EntryPoint","urlTemplate":"https:\/\/advancedseeds.com\/?s={search_term_string}"},"query-input":{"@type":"PropertyValueSpecification","valueRequired":true,"valueName":"search_term_string"}}],"inLanguage":"it-IT"},{"@type":"Organization","@id":"https:\/\/advancedseeds.com\/#organization","name":"Semi avanzati","url":"https:\/\/advancedseeds.com\/","logo":{"@type":"ImageObject","inLanguage":"it-IT","@id":"https:\/\/advancedseeds.com\/#\/schema\/logo\/image\/","url":"https:\/\/advancedseeds.com\/web\/wp-content\/uploads\/2021\/01\/logo-advanced.jpg","contentUrl":"https:\/\/advancedseeds.com\/web\/wp-content\/uploads\/2021\/01\/logo-advanced.jpg","width":600,"height":600,"caption":"Advanced Seeds"},"image":{"@id":"https:\/\/advancedseeds.com\/#\/schema\/logo\/image\/"}}]}},"_links":{"self":[{"href":"https:\/\/advancedseeds.com\/it\/wp-json\/wp\/v2\/pages\/2202","targetHints":{"allow":["GET"]}}],"collection":[{"href":"https:\/\/advancedseeds.com\/it\/wp-json\/wp\/v2\/pages"}],"about":[{"href":"https:\/\/advancedseeds.com\/it\/wp-json\/wp\/v2\/types\/page"}],"author":[{"embeddable":true,"href":"https:\/\/advancedseeds.com\/it\/wp-json\/wp\/v2\/users\/532"}],"replies":[{"embeddable":true,"href":"https:\/\/advancedseeds.com\/it\/wp-json\/wp\/v2\/comments?post=2202"}],"version-history":[{"count":3,"href":"https:\/\/advancedseeds.com\/it\/wp-json\/wp\/v2\/pages\/2202\/revisions"}],"predecessor-version":[{"id":26270,"href":"https:\/\/advancedseeds.com\/it\/wp-json\/wp\/v2\/pages\/2202\/revisions\/26270"}],"wp:attachment":[{"href":"https:\/\/advancedseeds.com\/it\/wp-json\/wp\/v2\/media?parent=2202"}],"curies":[{"name":"wp","href":"https:\/\/api.w.org\/{rel}","templated":true}]}}