{"id":10750,"date":"2023-10-18T17:46:23","date_gmt":"2023-10-18T16:46:23","guid":{"rendered":"https:\/\/advancedseeds.com\/web\/?post_type=product&#038;p=10750"},"modified":"2026-03-10T16:27:17","modified_gmt":"2026-03-10T15:27:17","slug":"mimosa-punch","status":"publish","type":"product","link":"https:\/\/advancedseeds.com\/it\/tienda\/feminizadas\/mimosa-punch\/","title":{"rendered":"Punch alla mimosa"},"content":{"rendered":"<p>Il <a href=\"https:\/\/advancedseeds.com\/web\/categoria-producto\/feminizadas\/\"><b>Semi femminizzati<\/b><\/a><b> Punch alla mimosa<\/b> di Advanced Seeds sono una combinazione spettacolare di sapore, colore e potenza. Questa variet\u00e0 si distingue per il suo impressionante profilo terpenico e per un'esperienza di coltivazione gratificante con cure minime.<\/p>\n<h2>Qual \u00e8 la genetica di questi semi?<\/h2>\n<p>Mimosa Punch, un <b>Ibrido Indica-Sativa<\/b> equilibrato, \u00e8 il risultato della <b>incrocio tra Purple Punch e Mimosa<\/b>. La parte Purple Punch \u00e8 nota per la sua rinomata bellezza cromatica e il suo sapore profondamente fruttato, mentre la Mimosa fornisce un tocco aspro e un'eccezionale produzione di resina. Questa fusione genetica crea una pianta versatile, che si adatta sia all'interno che all'esterno, con una notevole robustezza e resilienza. La genetica della Mimosa Punch garantisce un'esperienza unica per il coltivatore e il consumatore, essendo il risultato della combinazione di due delle migliori piante degli ultimi anni.<\/p>\n<h2>Che aspetto ha Mimosa Punch?<\/h2>\n<p>Le sue dimensioni medie sono perfette per la coltivazione in spazi ridotti, come le tende da coltivazione indoor, senza sacrificare la bellezza, perch\u00e9 come si dice, i migliori profumi vengono in piccole confezioni. Le cime della Mimosa Punch sono un vero e proprio spettacolo visivo: dense come poche altre, pesanti come l'acciaio e ricoperte da uno strato di resina lucida che le conferisce una <b>presenza d'argento<\/b>. Durante la fioritura, i boccioli mostrano una gamma di splendidi colori, <b>dai toni del rosa a quelli del viola intenso<\/b>un elemento distintivo che li fa risaltare in qualsiasi giardino.<\/p>\n<h2>Come si coltivano questi semi all'interno e all'esterno?<\/h2>\n<h3>Coltivazione indoor:<\/h3>\n<p>La Mimosa Punch produce una quantit\u00e0 di resina maggiore e pi\u00f9 grande rispetto all'esterno. Le sue dimensioni compatte facilitano la manipolazione e l'adattamento a spazi limitati, e con un massimo di 4 settimane di crescita vegetativa mantiene un'altezza ideale. Si adatta bene a diverse tecniche di coltivazione, come ad esempio <b>SCROG, supercropping o Main Linning<\/b>Questo permette ai coltivatori di massimizzare lo spazio e la produzione. Dal nostro punto di vista vale la pena coltivare questa variet\u00e0 con fertilizzanti organici, ma se si antepone la quantit\u00e0 alla qualit\u00e0, con i minerali si ottiene pi\u00f9 peso nel raccolto.<\/p>\n<h3>Coltivazione all'aperto:<\/h3>\n<p>La Mimosa Punch dimostra la sua forza e adattabilit\u00e0 a climi e ambienti diversi. Trae grande beneficio dalla luce solare diretta e da un terreno ben drenato e ossigenato, e se si ha la possibilit\u00e0 di aggiungere al substrato un qualche tipo di <b>microvida<\/b>vi ringrazier\u00e0 con una resa extra. Un altro modo per aumentare la produzione \u00e8 collocare <b>tutor di rinforzo<\/b> per i rami, altrimenti la pianta smetter\u00e0 di ingrassare quando si render\u00e0 conto di non poter pi\u00f9 sostenere le gemme.<\/p>\n<h2>Quando viene raccolto l'Mimosa Punch?<\/h2>\n<p>All'interno, \u00e8 pronto in circa <b>60-65 giorni<\/b> dopo aver cambiato il fotoperiodo di fioritura, mostrando uno sviluppo rapido ed efficiente. All'aperto, si raccoglie a <b>met\u00e0 ottobre<\/b> nell'emisfero settentrionale, quindi nell'emisfero meridionale \u00e8 necessario aspettare fino a met\u00e0 aprile, permettendo alle cime di raggiungere il massimo potenziale aromatico e di cannabinoidi.<\/p>\n<h2>Quanto producono questi semi?<\/h2>\n<p>L'Mimosa Punch \u00e8 un vero campione in termini di prestazioni per qualsiasi standard. Con un'uscita interna di <b>550-600 gr\/m2<\/b>Con una resa di circa 800 grammi per pianta all'aperto, questa variet\u00e0 eccelle sia per qualit\u00e0 che per quantit\u00e0. La sua elevata produzione di tricomi non solo la rende visivamente attraente, ma la rende anche pi\u00f9 profumata perch\u00e9 sono carichi di oli essenziali ricchi di terpeni e altri composti aromatici.<\/p>\n<h2>Qual \u00e8 l'aroma e il sapore dell'Mimosa Punch?<\/h2>\n<p>Con un <b>combinazione di mirtillo e note agrumate<\/b>Il fumo \u00e8 cos\u00ec denso e saporito che si pu\u00f2 continuare a gustarlo anche dopo aver smesso di fumare. Quando si fuma, si ha un'esplosione di sapori in bocca, dove la dolcezza \u00e8 perfettamente bilanciata con quella del fumo. <b>tocchi acidi<\/b>Le papille gustative saranno deliziate per un piacere duraturo e memorabile.<\/p>\n<h2>Che tipo di effetto ha questa marijuana?<\/h2>\n<p>Mimosa Punch non \u00e8 solo una delizia per gli occhi e il palato, ma anche per la mente e il corpo. Inizia con un <b>effetto edificante ed euforico<\/b>ideale per i momenti di creativit\u00e0 o di socializzazione, e <b>si trasforma gradualmente in un rilassamento profondo<\/b>perfetta per la fine della giornata. Con un alto contenuto di THC, \u00e8 potente e soddisfacente anche per i consumatori pi\u00f9 esperti, quelli che non ne hanno mai abbastanza.<\/p>\n<h2>Comprare semi Mimosa Punch al miglior prezzo online<\/h2>\n<p>La Mimosa Punch \u00e8 una scelta eccezionale sia per i coltivatori esperti che per i dilettanti. Disponibile ora nel nostro negozio online con la massima freschezza del mercato, questa variet\u00e0 promette grandi raccolti e un'esperienza di consumo senza pari. Acquistate oggi stesso i vostri semi di Mimosa Punch e immergetevi in un mondo di colori e sapori eccezionali!<\/p>\n<h2>Domande frequenti su Mimosa Punch<\/h2>\n<h3>La Mimosa Punch necessita di particolari cure durante la coltivazione?<\/h3>\n<p>Pur essendo una pianta robusta, beneficia di un'alimentazione equilibrata e di un monitoraggio costante per prevenire parassiti e malattie.<\/p>\n<h3>\u00c8 adatto alle tecniche di coltivazione avanzate?<\/h3>\n<p>S\u00ec, risponde bene a tecniche come la potatura superiore, la supercoltura e la fodera principale, tra le altre, permettendo ai coltivatori esperti di massimizzare le rese.<\/p>\n<h3>Quando \u00e8 meglio piantare la Mimosa Punch all'aperto?<\/h3>\n<p>Nell'emisfero settentrionale, l'ideale \u00e8 piantarla dopo l'ultima gelata primaverile, intorno alla met\u00e0 di aprile, mentre nel sud, dopo l'ultima gelata, che pu\u00f2 essere in ottobre o novembre.<\/p>\n<h3>Quale substrato \u00e8 pi\u00f9 adatto per Mimosa Punch?<\/h3>\n<p>Predilige substrati leggeri e ariosi che consentano un buon drenaggio e uno spazio sufficiente per lo sviluppo delle radici.<\/p>","protected":false},"excerpt":{"rendered":"<p>-<\/p>","protected":false},"featured_media":19809,"comment_status":"open","ping_status":"closed","template":"","meta":{"_acf_changed":false},"product_brand":[],"product_cat":[69],"product_tag":[],"class_list":{"0":"post-10750","1":"product","2":"type-product","3":"status-publish","4":"has-post-thumbnail","6":"product_cat-feminizadas","8":"first","9":"instock","10":"taxable","11":"shipping-taxable","12":"purchasable","13":"product-type-variable"},"acf":[],"yoast_head":"<!-- This site is optimized with the Yoast SEO Premium plugin v26.3 (Yoast SEO v26.6) - https:\/\/yoast.com\/wordpress\/plugins\/seo\/ -->\n<title>Mimosa Punch - Advanced Seeds<\/title>\n<meta name=\"robots\" content=\"index, follow, max-snippet:-1, max-image-preview:large, max-video-preview:-1\" \/>\n<link rel=\"canonical\" href=\"https:\/\/advancedseeds.com\/it\/tienda\/feminizadas\/mimosa-punch\/\" \/>\n<meta property=\"og:locale\" content=\"it_IT\" \/>\n<meta property=\"og:type\" content=\"article\" \/>\n<meta property=\"og:title\" content=\"Mimosa Punch\" \/>\n<meta property=\"og:description\" content=\"-\" \/>\n<meta property=\"og:url\" content=\"https:\/\/advancedseeds.com\/it\/tienda\/feminizadas\/mimosa-punch\/\" \/>\n<meta property=\"og:site_name\" content=\"Advanced Seeds\" \/>\n<meta property=\"article:modified_time\" content=\"2026-03-10T15:27:17+00:00\" \/>\n<meta property=\"og:image\" content=\"https:\/\/advancedseeds.com\/web\/wp-content\/uploads\/2023\/10\/Mimosa-Punch.jpg\" \/>\n\t<meta property=\"og:image:width\" content=\"1366\" \/>\n\t<meta property=\"og:image:height\" content=\"2048\" \/>\n\t<meta property=\"og:image:type\" content=\"image\/jpeg\" \/>\n<meta name=\"twitter:card\" content=\"summary_large_image\" \/>\n<meta name=\"twitter:label1\" content=\"Tempo di lettura stimato\" \/>\n\t<meta name=\"twitter:data1\" content=\"5 minuti\" \/>\n<script type=\"application\/ld+json\" class=\"yoast-schema-graph\">{\"@context\":\"https:\/\/schema.org\",\"@graph\":[{\"@type\":\"WebPage\",\"@id\":\"https:\/\/advancedseeds.com\/tienda\/feminizadas\/mimosa-punch\/\",\"url\":\"https:\/\/advancedseeds.com\/tienda\/feminizadas\/mimosa-punch\/\",\"name\":\"Mimosa Punch - Advanced Seeds\",\"isPartOf\":{\"@id\":\"https:\/\/advancedseeds.com\/#website\"},\"primaryImageOfPage\":{\"@id\":\"https:\/\/advancedseeds.com\/tienda\/feminizadas\/mimosa-punch\/#primaryimage\"},\"image\":{\"@id\":\"https:\/\/advancedseeds.com\/tienda\/feminizadas\/mimosa-punch\/#primaryimage\"},\"thumbnailUrl\":\"https:\/\/advancedseeds.com\/web\/wp-content\/uploads\/2023\/10\/Mimosa-Punch.jpg\",\"datePublished\":\"2023-10-18T16:46:23+00:00\",\"dateModified\":\"2026-03-10T15:27:17+00:00\",\"breadcrumb\":{\"@id\":\"https:\/\/advancedseeds.com\/tienda\/feminizadas\/mimosa-punch\/#breadcrumb\"},\"inLanguage\":\"it-IT\",\"potentialAction\":[{\"@type\":\"ReadAction\",\"target\":[\"https:\/\/advancedseeds.com\/tienda\/feminizadas\/mimosa-punch\/\"]}]},{\"@type\":\"ImageObject\",\"inLanguage\":\"it-IT\",\"@id\":\"https:\/\/advancedseeds.com\/tienda\/feminizadas\/mimosa-punch\/#primaryimage\",\"url\":\"https:\/\/advancedseeds.com\/web\/wp-content\/uploads\/2023\/10\/Mimosa-Punch.jpg\",\"contentUrl\":\"https:\/\/advancedseeds.com\/web\/wp-content\/uploads\/2023\/10\/Mimosa-Punch.jpg\",\"width\":1366,\"height\":2048},{\"@type\":\"BreadcrumbList\",\"@id\":\"https:\/\/advancedseeds.com\/tienda\/feminizadas\/mimosa-punch\/#breadcrumb\",\"itemListElement\":[{\"@type\":\"ListItem\",\"position\":1,\"name\":\"Home\",\"item\":\"https:\/\/advancedseeds.com\/\"},{\"@type\":\"ListItem\",\"position\":2,\"name\":\"Tienda\",\"item\":\"https:\/\/advancedseeds.com\/\"},{\"@type\":\"ListItem\",\"position\":3,\"name\":\"Mimosa Punch\"}]},{\"@type\":\"WebSite\",\"@id\":\"https:\/\/advancedseeds.com\/#website\",\"url\":\"https:\/\/advancedseeds.com\/\",\"name\":\"Advanced Seeds\",\"description\":\"Gen\u00e9ticas Avanzadas en semillas feminizadas y autom\u00e1ticas.\",\"publisher\":{\"@id\":\"https:\/\/advancedseeds.com\/#organization\"},\"potentialAction\":[{\"@type\":\"SearchAction\",\"target\":{\"@type\":\"EntryPoint\",\"urlTemplate\":\"https:\/\/advancedseeds.com\/?s={search_term_string}\"},\"query-input\":{\"@type\":\"PropertyValueSpecification\",\"valueRequired\":true,\"valueName\":\"search_term_string\"}}],\"inLanguage\":\"it-IT\"},{\"@type\":\"Organization\",\"@id\":\"https:\/\/advancedseeds.com\/#organization\",\"name\":\"Advanced Seeds\",\"url\":\"https:\/\/advancedseeds.com\/\",\"logo\":{\"@type\":\"ImageObject\",\"inLanguage\":\"it-IT\",\"@id\":\"https:\/\/advancedseeds.com\/#\/schema\/logo\/image\/\",\"url\":\"https:\/\/advancedseeds.com\/web\/wp-content\/uploads\/2021\/01\/logo-advanced.jpg\",\"contentUrl\":\"https:\/\/advancedseeds.com\/web\/wp-content\/uploads\/2021\/01\/logo-advanced.jpg\",\"width\":600,\"height\":600,\"caption\":\"Advanced Seeds\"},\"image\":{\"@id\":\"https:\/\/advancedseeds.com\/#\/schema\/logo\/image\/\"}}]}<\/script>\n<!-- \/ Yoast SEO Premium plugin. -->","yoast_head_json":{"title":"Mimosa Punch - Advanced Seeds","robots":{"index":"index","follow":"follow","max-snippet":"max-snippet:-1","max-image-preview":"max-image-preview:large","max-video-preview":"max-video-preview:-1"},"canonical":"https:\/\/advancedseeds.com\/it\/tienda\/feminizadas\/mimosa-punch\/","og_locale":"it_IT","og_type":"article","og_title":"Mimosa Punch","og_description":"-","og_url":"https:\/\/advancedseeds.com\/it\/tienda\/feminizadas\/mimosa-punch\/","og_site_name":"Advanced Seeds","article_modified_time":"2026-03-10T15:27:17+00:00","og_image":[{"width":1366,"height":2048,"url":"https:\/\/advancedseeds.com\/web\/wp-content\/uploads\/2023\/10\/Mimosa-Punch.jpg","type":"image\/jpeg"}],"twitter_card":"summary_large_image","twitter_misc":{"Tempo di lettura stimato":"5 minuti"},"schema":{"@context":"https:\/\/schema.org","@graph":[{"@type":"WebPage","@id":"https:\/\/advancedseeds.com\/tienda\/feminizadas\/mimosa-punch\/","url":"https:\/\/advancedseeds.com\/tienda\/feminizadas\/mimosa-punch\/","name":"Mimosa Punch - Advanced Seeds","isPartOf":{"@id":"https:\/\/advancedseeds.com\/#website"},"primaryImageOfPage":{"@id":"https:\/\/advancedseeds.com\/tienda\/feminizadas\/mimosa-punch\/#primaryimage"},"image":{"@id":"https:\/\/advancedseeds.com\/tienda\/feminizadas\/mimosa-punch\/#primaryimage"},"thumbnailUrl":"https:\/\/advancedseeds.com\/web\/wp-content\/uploads\/2023\/10\/Mimosa-Punch.jpg","datePublished":"2023-10-18T16:46:23+00:00","dateModified":"2026-03-10T15:27:17+00:00","breadcrumb":{"@id":"https:\/\/advancedseeds.com\/tienda\/feminizadas\/mimosa-punch\/#breadcrumb"},"inLanguage":"it-IT","potentialAction":[{"@type":"ReadAction","target":["https:\/\/advancedseeds.com\/tienda\/feminizadas\/mimosa-punch\/"]}]},{"@type":"ImageObject","inLanguage":"it-IT","@id":"https:\/\/advancedseeds.com\/tienda\/feminizadas\/mimosa-punch\/#primaryimage","url":"https:\/\/advancedseeds.com\/web\/wp-content\/uploads\/2023\/10\/Mimosa-Punch.jpg","contentUrl":"https:\/\/advancedseeds.com\/web\/wp-content\/uploads\/2023\/10\/Mimosa-Punch.jpg","width":1366,"height":2048},{"@type":"BreadcrumbList","@id":"https:\/\/advancedseeds.com\/tienda\/feminizadas\/mimosa-punch\/#breadcrumb","itemListElement":[{"@type":"ListItem","position":1,"name":"Home","item":"https:\/\/advancedseeds.com\/"},{"@type":"ListItem","position":2,"name":"Tienda","item":"https:\/\/advancedseeds.com\/"},{"@type":"ListItem","position":3,"name":"Mimosa Punch"}]},{"@type":"WebSite","@id":"https:\/\/advancedseeds.com\/#website","url":"https:\/\/advancedseeds.com\/","name":"Semi avanzati","description":"Genetica avanzata in semi femminizzati e automatici.","publisher":{"@id":"https:\/\/advancedseeds.com\/#organization"},"potentialAction":[{"@type":"SearchAction","target":{"@type":"EntryPoint","urlTemplate":"https:\/\/advancedseeds.com\/?s={search_term_string}"},"query-input":{"@type":"PropertyValueSpecification","valueRequired":true,"valueName":"search_term_string"}}],"inLanguage":"it-IT"},{"@type":"Organization","@id":"https:\/\/advancedseeds.com\/#organization","name":"Semi avanzati","url":"https:\/\/advancedseeds.com\/","logo":{"@type":"ImageObject","inLanguage":"it-IT","@id":"https:\/\/advancedseeds.com\/#\/schema\/logo\/image\/","url":"https:\/\/advancedseeds.com\/web\/wp-content\/uploads\/2021\/01\/logo-advanced.jpg","contentUrl":"https:\/\/advancedseeds.com\/web\/wp-content\/uploads\/2021\/01\/logo-advanced.jpg","width":600,"height":600,"caption":"Advanced Seeds"},"image":{"@id":"https:\/\/advancedseeds.com\/#\/schema\/logo\/image\/"}}]}},"_links":{"self":[{"href":"https:\/\/advancedseeds.com\/it\/wp-json\/wp\/v2\/product\/10750","targetHints":{"allow":["GET"]}}],"collection":[{"href":"https:\/\/advancedseeds.com\/it\/wp-json\/wp\/v2\/product"}],"about":[{"href":"https:\/\/advancedseeds.com\/it\/wp-json\/wp\/v2\/types\/product"}],"replies":[{"embeddable":true,"href":"https:\/\/advancedseeds.com\/it\/wp-json\/wp\/v2\/comments?post=10750"}],"wp:featuredmedia":[{"embeddable":true,"href":"https:\/\/advancedseeds.com\/it\/wp-json\/wp\/v2\/media\/19809"}],"wp:attachment":[{"href":"https:\/\/advancedseeds.com\/it\/wp-json\/wp\/v2\/media?parent=10750"}],"wp:term":[{"taxonomy":"product_brand","embeddable":true,"href":"https:\/\/advancedseeds.com\/it\/wp-json\/wp\/v2\/product_brand?post=10750"},{"taxonomy":"product_cat","embeddable":true,"href":"https:\/\/advancedseeds.com\/it\/wp-json\/wp\/v2\/product_cat?post=10750"},{"taxonomy":"product_tag","embeddable":true,"href":"https:\/\/advancedseeds.com\/it\/wp-json\/wp\/v2\/product_tag?post=10750"}],"curies":[{"name":"wp","href":"https:\/\/api.w.org\/{rel}","templated":true}]}}