{"id":10751,"date":"2023-10-18T17:46:23","date_gmt":"2023-10-18T16:46:23","guid":{"rendered":"https:\/\/advancedseeds.com\/web\/?post_type=product&#038;p=10751"},"modified":"2026-03-10T16:27:17","modified_gmt":"2026-03-10T15:27:17","slug":"forbidden-fruit-cake","status":"publish","type":"product","link":"https:\/\/advancedseeds.com\/it\/tienda\/feminizadas\/forbidden-fruit-cake\/","title":{"rendered":"Torta di frutta proibita"},"content":{"rendered":"<p><span style=\"font-weight: 400\">Il <\/span><a href=\"https:\/\/advancedseeds.com\/web\/categoria-producto\/feminizadas\/\"><b>Semi femminizzati<\/b><\/a><b> Torta di frutta proibita<\/b><span style=\"font-weight: 400\"> di Advanced Seeds sono una meraviglia per tutti gli appassionati di cannabis. Questo ibrido, noto per i suoi effetti potenti e per il suo profilo aromatico e gustativo unico, \u00e8 la scelta perfetta per i coltivatori che cercano qualit\u00e0 e potenza senza compromettere la resa o la velocit\u00e0.<\/span><\/p>\n<h2><span style=\"font-weight: 400\">Qual \u00e8 la genetica di questi semi?<\/span><\/h2>\n<p><span style=\"font-weight: 400\">La Forbidden Fruit Cake \u00e8 un ibrido risultante dall'incrocio tra Wedding Cake e Forbidden Fruit, due ceppi americani con base genetica Cookies. Questa combinazione ha dato vita a una pianta a dominanza indica, che mescola alcune qualit\u00e0 dei suoi genitori. La sua genetica garantisce una coltura resistente e adattabile, adatta a diversi ambienti e tecniche di coltivazione.<\/span><\/p>\n<h2><span style=\"font-weight: 400\">Che aspetto ha l'Forbidden Fruit Cake?<\/span><\/h2>\n<p><span style=\"font-weight: 400\">L'aspetto della Forbidden Fruit Cake \u00e8 di quelli che fanno innamorare: piante di medie dimensioni con una struttura robusta e compatta. Le sue foglie verde scuro intenso creano un attraente contrasto con le tonalit\u00e0 dei boccioli. Le cime possono anche diventare viola o porpora a temperature pi\u00f9 basse, rendendole ancora pi\u00f9 accattivanti. Le cime sono ricoperte da uno spesso strato di tricomi, il che indica la loro elevata produzione di THC e il loro potenziale per le estrazioni. L'eccellente rapporto calice\/foglia facilita l'alta densit\u00e0 delle cime, oltre a conferire loro un aspetto molto accattivante e a facilitare la manicure prima del raccolto.<\/span><\/p>\n<h2><span style=\"font-weight: 400\">Come si coltivano questi semi all'interno e all'esterno?<\/span><\/h2>\n<h3><span style=\"font-weight: 400\">Coltivazione indoor:<\/span><\/h3>\n<p><span style=\"font-weight: 400\"> La Forbidden Fruit Cake ha prestazioni eccellenti, essendo perfetta per le sue dimensioni e la sua adattabilit\u00e0. Non necessita di cure specifiche, adattandosi bene a diversi metodi di coltivazione, producendo anche molto bene, lasciando che le piante crescano naturalmente. \u00c8 essenziale piantare in vasi di almeno 7 litri per non limitare lo spazio per l'apparato radicale, in quanto \u00e8 proporzionale allo sviluppo aereo.\u00a0<\/span><\/p>\n<h3><span style=\"font-weight: 400\">Coltivazione all'aperto:<\/span><\/h3>\n<p><span style=\"font-weight: 400\">Forbidden Fruit Cake si espande mostrando tutto il suo potenziale. In climi caldi e soleggiati e con terreno e luce sufficienti pu\u00f2 raggiungere dimensioni impressionanti.  All'aperto direi che \u00e8 molto interessante potarla pi\u00f9 volte, non tanto per migliorare la quantit\u00e0 di cime quanto per distribuire meglio la produzione e in questo modo non rischiare con cime molto grandi, perch\u00e9 una pioggia potrebbe ucciderle. Essendo una pianta resistente, affronta bene le variazioni climatiche, anche se beneficia di un ambiente caldo e riparato. La potatura e i tralicci possono essere utili per controllare la crescita e migliorare la produzione di cime.<\/span><\/p>\n<h2><span style=\"font-weight: 400\">Quando vengono raccolti i semi femminizzati Forbidden Fruit Cake?<\/span><\/h2>\n<p><span style=\"font-weight: 400\">Al chiuso, la Forbidden Fruit Cake viene solitamente raccolta dopo un periodo di fioritura di 7-8 settimane. All'aperto, le cime sono pronte per essere raccolte all'inizio di ottobre nell'emisfero settentrionale. La maturazione delle cime \u00e8 fondamentale per determinare la qualit\u00e0 finale del raccolto, influenzando l'intensit\u00e0 dell'aroma, il gusto e l'effetto.<\/span><\/p>\n<h2><span style=\"font-weight: 400\">Quanto producono questi semi?<\/span><\/h2>\n<p><span style=\"font-weight: 400\">La Forbidden Fruit Cake \u00e8 una variet\u00e0 ad alta resa per qualsiasi standard. All'interno, i coltivatori possono aspettarsi rese fino a 550 g\/m2, mentre all'esterno le piante possono superare i 700 grammi per pianta. Oltre alla sua abbondante produzione, si distingue per la qualit\u00e0 delle sue cime, molto ricche di THC e composti aromatici.<\/span><\/p>\n<h2><span style=\"font-weight: 400\">Qual \u00e8 l'aroma e il sapore dell'Forbidden Fruit Cake?<\/span><\/h2>\n<p><span style=\"font-weight: 400\">Il profilo terpenico della Forbidden Fruit Cake \u00e8 unico, e finch\u00e9 non la si prova non si pu\u00f2 avere un'idea della sua originalit\u00e0. Gli aromi dolci si mescolano a note fruttate e speziate, creando un ambiente olfattivo profondo e piacevole. Quando viene fumata, il sapore \u00e8 potente e persistente, con una miscela di note terrose e dolci che permangono sul palato, offrendo un'esperienza gustativa unica e soddisfacente.<\/span><\/p>\n<h2><span style=\"font-weight: 400\">Che tipo di effetto ha questa marijuana?<\/span><\/h2>\n<p><span style=\"font-weight: 400\">Con un contenuto di THC di 26%, la Forbidden Fruit Cake offre un effetto molto potente e ancora pi\u00f9 duraturo. Prevalentemente rilassante grazie alla sua predominanza indica, fornisce anche uno sballo felice ed energico all'inizio, rendendola perfetta per rilassarsi senza sentirsi eccessivamente sedati. \u00c8 ideale per alleviare lo stress e migliorare l'umore, e pu\u00f2 avere benefici terapeutici per alleviare il dolore e migliorare il sonno.<\/span><\/p>\n<h2><span style=\"font-weight: 400\">Acquistare i semi femminizzati Forbidden Fruit Cake al miglior prezzo online<\/span><\/h2>\n<p><span style=\"font-weight: 400\">Ordinate ora i vostri semi femminizzati Advanced Seeds Forbidden Fruit Cake al miglior prezzo online. Godetevi il suo impressionante aroma, il suo sapore e i suoi potenti effetti - non perdetevi questa variet\u00e0 a dominanza indica che vi porter\u00e0 in un viaggio di relax e benessere!<\/span><\/p>\n<h2><span style=\"font-weight: 400\">Domande frequenti sul Frutto Proibito<\/span><\/h2>\n<h3><span style=\"font-weight: 400\">Quali sono le precauzioni da prendere quando si coltiva l'Forbidden Fruit Cake?<\/span><\/h3>\n<p><span style=\"font-weight: 400\">\u00c8 importante controllare l'irrigazione e l'umidit\u00e0, soprattutto durante la fioritura, per evitare la muffa.<\/span><\/p>\n<h3><span style=\"font-weight: 400\">Come influisce il fotoperiodo sulla coltivazione della Forbidden Fruit Cake?<\/span><\/h3>\n<p><span style=\"font-weight: 400\">Come variet\u00e0 fotoperiodica, la Forbidden Fruit Cake richiede un cambiamento di fotoperiodo per iniziare la fioritura.<\/span><\/p>\n<h3><span style=\"font-weight: 400\">Quali sono le tecniche di addestramento consigliate per l'Forbidden Fruit Cake?<\/span><\/h3>\n<p><span style=\"font-weight: 400\">Tecniche come la cimatura o la FIM possono essere efficaci per promuovere un'ulteriore crescita laterale e aumentare la resa.<\/span><\/p>","protected":false},"excerpt":{"rendered":"<p>Un incrocio tra due delle variet\u00e0 pi\u00f9 premiate, Wedding Cake e Forbidden Fruit. Pianta vigorosa e potente che produce incredibili tonalit\u00e0 di viola combinate con verde e bianco nei suoi fiori ricoperti di tricomi. Aroma dolce e fruttato di bacche con note speziate.<\/p>","protected":false},"featured_media":19808,"comment_status":"open","ping_status":"closed","template":"","meta":{"_acf_changed":false},"product_brand":[],"product_cat":[69],"product_tag":[],"class_list":{"0":"post-10751","1":"product","2":"type-product","3":"status-publish","4":"has-post-thumbnail","6":"product_cat-feminizadas","8":"first","9":"instock","10":"taxable","11":"shipping-taxable","12":"purchasable","13":"product-type-variable"},"acf":[],"yoast_head":"<!-- This site is optimized with the Yoast SEO Premium plugin v26.3 (Yoast SEO v26.6) - https:\/\/yoast.com\/wordpress\/plugins\/seo\/ -->\n<title>Forbidden Fruit Cake - Advanced Seeds<\/title>\n<meta name=\"robots\" content=\"index, follow, max-snippet:-1, max-image-preview:large, max-video-preview:-1\" \/>\n<link rel=\"canonical\" href=\"https:\/\/advancedseeds.com\/it\/tienda\/feminizadas\/forbidden-fruit-cake\/\" \/>\n<meta property=\"og:locale\" content=\"it_IT\" \/>\n<meta property=\"og:type\" content=\"article\" \/>\n<meta property=\"og:title\" content=\"Forbidden Fruit Cake\" \/>\n<meta property=\"og:description\" content=\"Cruce de dos de las variedades m\u00e1s premiadas, Wedding Cake y Forbidden Fruit. Planta vigorosa y potente que produce unos increibles tonos violetas combinados con verdes y blancos en sus flores cubiertas de tricomas. Dulce aroma frutal a bayas con notas picantes.\" \/>\n<meta property=\"og:url\" content=\"https:\/\/advancedseeds.com\/it\/tienda\/feminizadas\/forbidden-fruit-cake\/\" \/>\n<meta property=\"og:site_name\" content=\"Advanced Seeds\" \/>\n<meta property=\"article:modified_time\" content=\"2026-03-10T15:27:17+00:00\" \/>\n<meta property=\"og:image\" content=\"https:\/\/advancedseeds.com\/web\/wp-content\/uploads\/2023\/10\/Forbidden-Fruit-Cake.jpg\" \/>\n\t<meta property=\"og:image:width\" content=\"1450\" \/>\n\t<meta property=\"og:image:height\" content=\"2174\" \/>\n\t<meta property=\"og:image:type\" content=\"image\/jpeg\" \/>\n<meta name=\"twitter:card\" content=\"summary_large_image\" \/>\n<meta name=\"twitter:label1\" content=\"Tempo di lettura stimato\" \/>\n\t<meta name=\"twitter:data1\" content=\"5 minuti\" \/>\n<script type=\"application\/ld+json\" class=\"yoast-schema-graph\">{\"@context\":\"https:\/\/schema.org\",\"@graph\":[{\"@type\":\"WebPage\",\"@id\":\"https:\/\/advancedseeds.com\/tienda\/feminizadas\/forbidden-fruit-cake\/\",\"url\":\"https:\/\/advancedseeds.com\/tienda\/feminizadas\/forbidden-fruit-cake\/\",\"name\":\"Forbidden Fruit Cake - Advanced Seeds\",\"isPartOf\":{\"@id\":\"https:\/\/advancedseeds.com\/#website\"},\"primaryImageOfPage\":{\"@id\":\"https:\/\/advancedseeds.com\/tienda\/feminizadas\/forbidden-fruit-cake\/#primaryimage\"},\"image\":{\"@id\":\"https:\/\/advancedseeds.com\/tienda\/feminizadas\/forbidden-fruit-cake\/#primaryimage\"},\"thumbnailUrl\":\"https:\/\/advancedseeds.com\/web\/wp-content\/uploads\/2023\/10\/Forbidden-Fruit-Cake.jpg\",\"datePublished\":\"2023-10-18T16:46:23+00:00\",\"dateModified\":\"2026-03-10T15:27:17+00:00\",\"breadcrumb\":{\"@id\":\"https:\/\/advancedseeds.com\/tienda\/feminizadas\/forbidden-fruit-cake\/#breadcrumb\"},\"inLanguage\":\"it-IT\",\"potentialAction\":[{\"@type\":\"ReadAction\",\"target\":[\"https:\/\/advancedseeds.com\/tienda\/feminizadas\/forbidden-fruit-cake\/\"]}]},{\"@type\":\"ImageObject\",\"inLanguage\":\"it-IT\",\"@id\":\"https:\/\/advancedseeds.com\/tienda\/feminizadas\/forbidden-fruit-cake\/#primaryimage\",\"url\":\"https:\/\/advancedseeds.com\/web\/wp-content\/uploads\/2023\/10\/Forbidden-Fruit-Cake.jpg\",\"contentUrl\":\"https:\/\/advancedseeds.com\/web\/wp-content\/uploads\/2023\/10\/Forbidden-Fruit-Cake.jpg\",\"width\":1450,\"height\":2174},{\"@type\":\"BreadcrumbList\",\"@id\":\"https:\/\/advancedseeds.com\/tienda\/feminizadas\/forbidden-fruit-cake\/#breadcrumb\",\"itemListElement\":[{\"@type\":\"ListItem\",\"position\":1,\"name\":\"Home\",\"item\":\"https:\/\/advancedseeds.com\/\"},{\"@type\":\"ListItem\",\"position\":2,\"name\":\"Tienda\",\"item\":\"https:\/\/advancedseeds.com\/\"},{\"@type\":\"ListItem\",\"position\":3,\"name\":\"Forbidden Fruit Cake\"}]},{\"@type\":\"WebSite\",\"@id\":\"https:\/\/advancedseeds.com\/#website\",\"url\":\"https:\/\/advancedseeds.com\/\",\"name\":\"Advanced Seeds\",\"description\":\"Gen\u00e9ticas Avanzadas en semillas feminizadas y autom\u00e1ticas.\",\"publisher\":{\"@id\":\"https:\/\/advancedseeds.com\/#organization\"},\"potentialAction\":[{\"@type\":\"SearchAction\",\"target\":{\"@type\":\"EntryPoint\",\"urlTemplate\":\"https:\/\/advancedseeds.com\/?s={search_term_string}\"},\"query-input\":{\"@type\":\"PropertyValueSpecification\",\"valueRequired\":true,\"valueName\":\"search_term_string\"}}],\"inLanguage\":\"it-IT\"},{\"@type\":\"Organization\",\"@id\":\"https:\/\/advancedseeds.com\/#organization\",\"name\":\"Advanced Seeds\",\"url\":\"https:\/\/advancedseeds.com\/\",\"logo\":{\"@type\":\"ImageObject\",\"inLanguage\":\"it-IT\",\"@id\":\"https:\/\/advancedseeds.com\/#\/schema\/logo\/image\/\",\"url\":\"https:\/\/advancedseeds.com\/web\/wp-content\/uploads\/2021\/01\/logo-advanced.jpg\",\"contentUrl\":\"https:\/\/advancedseeds.com\/web\/wp-content\/uploads\/2021\/01\/logo-advanced.jpg\",\"width\":600,\"height\":600,\"caption\":\"Advanced Seeds\"},\"image\":{\"@id\":\"https:\/\/advancedseeds.com\/#\/schema\/logo\/image\/\"}}]}<\/script>\n<!-- \/ Yoast SEO Premium plugin. -->","yoast_head_json":{"title":"Forbidden Fruit Cake - Advanced Seeds","robots":{"index":"index","follow":"follow","max-snippet":"max-snippet:-1","max-image-preview":"max-image-preview:large","max-video-preview":"max-video-preview:-1"},"canonical":"https:\/\/advancedseeds.com\/it\/tienda\/feminizadas\/forbidden-fruit-cake\/","og_locale":"it_IT","og_type":"article","og_title":"Forbidden Fruit Cake","og_description":"Cruce de dos de las variedades m\u00e1s premiadas, Wedding Cake y Forbidden Fruit. Planta vigorosa y potente que produce unos increibles tonos violetas combinados con verdes y blancos en sus flores cubiertas de tricomas. Dulce aroma frutal a bayas con notas picantes.","og_url":"https:\/\/advancedseeds.com\/it\/tienda\/feminizadas\/forbidden-fruit-cake\/","og_site_name":"Advanced Seeds","article_modified_time":"2026-03-10T15:27:17+00:00","og_image":[{"width":1450,"height":2174,"url":"https:\/\/advancedseeds.com\/web\/wp-content\/uploads\/2023\/10\/Forbidden-Fruit-Cake.jpg","type":"image\/jpeg"}],"twitter_card":"summary_large_image","twitter_misc":{"Tempo di lettura stimato":"5 minuti"},"schema":{"@context":"https:\/\/schema.org","@graph":[{"@type":"WebPage","@id":"https:\/\/advancedseeds.com\/tienda\/feminizadas\/forbidden-fruit-cake\/","url":"https:\/\/advancedseeds.com\/tienda\/feminizadas\/forbidden-fruit-cake\/","name":"Forbidden Fruit Cake - Advanced Seeds","isPartOf":{"@id":"https:\/\/advancedseeds.com\/#website"},"primaryImageOfPage":{"@id":"https:\/\/advancedseeds.com\/tienda\/feminizadas\/forbidden-fruit-cake\/#primaryimage"},"image":{"@id":"https:\/\/advancedseeds.com\/tienda\/feminizadas\/forbidden-fruit-cake\/#primaryimage"},"thumbnailUrl":"https:\/\/advancedseeds.com\/web\/wp-content\/uploads\/2023\/10\/Forbidden-Fruit-Cake.jpg","datePublished":"2023-10-18T16:46:23+00:00","dateModified":"2026-03-10T15:27:17+00:00","breadcrumb":{"@id":"https:\/\/advancedseeds.com\/tienda\/feminizadas\/forbidden-fruit-cake\/#breadcrumb"},"inLanguage":"it-IT","potentialAction":[{"@type":"ReadAction","target":["https:\/\/advancedseeds.com\/tienda\/feminizadas\/forbidden-fruit-cake\/"]}]},{"@type":"ImageObject","inLanguage":"it-IT","@id":"https:\/\/advancedseeds.com\/tienda\/feminizadas\/forbidden-fruit-cake\/#primaryimage","url":"https:\/\/advancedseeds.com\/web\/wp-content\/uploads\/2023\/10\/Forbidden-Fruit-Cake.jpg","contentUrl":"https:\/\/advancedseeds.com\/web\/wp-content\/uploads\/2023\/10\/Forbidden-Fruit-Cake.jpg","width":1450,"height":2174},{"@type":"BreadcrumbList","@id":"https:\/\/advancedseeds.com\/tienda\/feminizadas\/forbidden-fruit-cake\/#breadcrumb","itemListElement":[{"@type":"ListItem","position":1,"name":"Home","item":"https:\/\/advancedseeds.com\/"},{"@type":"ListItem","position":2,"name":"Tienda","item":"https:\/\/advancedseeds.com\/"},{"@type":"ListItem","position":3,"name":"Forbidden Fruit Cake"}]},{"@type":"WebSite","@id":"https:\/\/advancedseeds.com\/#website","url":"https:\/\/advancedseeds.com\/","name":"Semi avanzati","description":"Genetica avanzata in semi femminizzati e automatici.","publisher":{"@id":"https:\/\/advancedseeds.com\/#organization"},"potentialAction":[{"@type":"SearchAction","target":{"@type":"EntryPoint","urlTemplate":"https:\/\/advancedseeds.com\/?s={search_term_string}"},"query-input":{"@type":"PropertyValueSpecification","valueRequired":true,"valueName":"search_term_string"}}],"inLanguage":"it-IT"},{"@type":"Organization","@id":"https:\/\/advancedseeds.com\/#organization","name":"Semi avanzati","url":"https:\/\/advancedseeds.com\/","logo":{"@type":"ImageObject","inLanguage":"it-IT","@id":"https:\/\/advancedseeds.com\/#\/schema\/logo\/image\/","url":"https:\/\/advancedseeds.com\/web\/wp-content\/uploads\/2021\/01\/logo-advanced.jpg","contentUrl":"https:\/\/advancedseeds.com\/web\/wp-content\/uploads\/2021\/01\/logo-advanced.jpg","width":600,"height":600,"caption":"Advanced Seeds"},"image":{"@id":"https:\/\/advancedseeds.com\/#\/schema\/logo\/image\/"}}]}},"_links":{"self":[{"href":"https:\/\/advancedseeds.com\/it\/wp-json\/wp\/v2\/product\/10751","targetHints":{"allow":["GET"]}}],"collection":[{"href":"https:\/\/advancedseeds.com\/it\/wp-json\/wp\/v2\/product"}],"about":[{"href":"https:\/\/advancedseeds.com\/it\/wp-json\/wp\/v2\/types\/product"}],"replies":[{"embeddable":true,"href":"https:\/\/advancedseeds.com\/it\/wp-json\/wp\/v2\/comments?post=10751"}],"wp:featuredmedia":[{"embeddable":true,"href":"https:\/\/advancedseeds.com\/it\/wp-json\/wp\/v2\/media\/19808"}],"wp:attachment":[{"href":"https:\/\/advancedseeds.com\/it\/wp-json\/wp\/v2\/media?parent=10751"}],"wp:term":[{"taxonomy":"product_brand","embeddable":true,"href":"https:\/\/advancedseeds.com\/it\/wp-json\/wp\/v2\/product_brand?post=10751"},{"taxonomy":"product_cat","embeddable":true,"href":"https:\/\/advancedseeds.com\/it\/wp-json\/wp\/v2\/product_cat?post=10751"},{"taxonomy":"product_tag","embeddable":true,"href":"https:\/\/advancedseeds.com\/it\/wp-json\/wp\/v2\/product_tag?post=10751"}],"curies":[{"name":"wp","href":"https:\/\/api.w.org\/{rel}","templated":true}]}}