{"id":10752,"date":"2023-10-18T17:46:23","date_gmt":"2023-10-18T16:46:23","guid":{"rendered":"https:\/\/advancedseeds.com\/web\/?post_type=product&#038;p=10752"},"modified":"2026-03-10T16:27:17","modified_gmt":"2026-03-10T15:27:17","slug":"apple-fritter","status":"publish","type":"product","link":"https:\/\/advancedseeds.com\/it\/tienda\/feminizadas\/apple-fritter\/","title":{"rendered":"Frittella di mele"},"content":{"rendered":"<p><span style=\"font-weight: 400\">Il <\/span><a href=\"https:\/\/advancedseeds.com\/web\/categoria-producto\/feminizadas\/\"><b>Semi femminizzati<\/b><\/a><b> Apple Fritter di Advanced Seeds<\/b><span style=\"font-weight: 400\"> vi offre l'opportunit\u00e0 di entrare in un mondo di sapori, aromi ed effetti unici. Con una genetica eccezionale e un impressionante livello di THC di 25%, questa variet\u00e0 a predominanza indica \u00e8 la scelta perfetta per gli intenditori di marijuana. Preparatevi a scoprire tutti gli aspetti della Apple Fritter, dalle sue radici genetiche ai segreti della sua coltivazione, al suo impareggiabile profilo aromatico e a come vi influenzer\u00e0.\u00a0<\/span><\/p>\n<h2>Qual \u00e8 la genetica dei semi femminilizzati Apple Fritter?<\/h2>\n<p><span style=\"font-weight: 400\">Apple Fritter \u00e8 un gioiello genetico, risultato di un incrocio magistrale tra Sour Apple e Animal Cookies. Questi due rinomati ceppi apportano le loro caratteristiche uniche a questa variet\u00e0. Sour Apple apporta note dolci di caramello e agrumi, mentre Animal Cookies contribuisce con la sua robustezza e produzione di resina. Il risultato \u00e8 una pianta di marijuana compatta ma robusta, con un potenziale di produzione di tricomi che abbaglia l'occhio.<\/span><\/p>\n<h2>Che aspetto hanno le piante e le gemme Apple Fritter?<\/h2>\n<p><span style=\"font-weight: 400\">Le piante Apple Fritter sono un vero spettacolo visivo. Con la loro struttura compatta, le foglie rigogliose e una lussureggiante coltre di tricomi, queste bellezze verdi prosperano sia in coltivazioni indoor che outdoor. Le loro cime, in particolare, sono impressionanti, con un eccellente rapporto fiore-foglia, i loro grandi calici finiscono per essere ricoperti da un denso strato di resina che brilla come diamanti al sole.<\/span><\/p>\n<p><span style=\"font-weight: 400\">Il colore verde scuro delle foglie contrasta meravigliosamente con i pistilli arancioni che emergono, creando uno spettacolo visivo durante la maturazione dei germogli.\u00a0<\/span><\/p>\n<h2>Come coltivare i semi di Apple Fritter in casa e all'aperto?<\/h2>\n<p><span style=\"font-weight: 400\">La coltivazione di semi femminizzati Apple Fritter richiede attenzione e cura, ma i risultati ne valgono la pena. Queste piante prosperano in una variet\u00e0 di ambienti e sistemi di coltivazione diversi, ma ci sono alcune cose da tenere a mente che spiegher\u00f2 di seguito.<\/span><\/p>\n<h3><span style=\"font-weight: 400\">Coltivazione indoor: <\/span><\/h3>\n<p><span style=\"font-weight: 400\">Per una coltivazione indoor di successo, \u00e8 essenziale fornire un flusso d'aria adeguato intorno alle piante e spaziarle in modo che ci sia un buon flusso d'aria tra di loro e che la luce possa penetrare senza problemi. Si pu\u00f2 scegliere di lasciarle crescere naturalmente o di potare l'apice principale per favorire la ramificazione, grazie alla loro struttura versatile e alla loro adattabilit\u00e0, in ogni caso danno buoni risultati.<\/span><\/p>\n<h3><span style=\"font-weight: 400\">Coltivazione all'aperto:<\/span><\/h3>\n<p><span style=\"font-weight: 400\">Se si somministrano pi\u00f9 di 50 litri di substrato a ogni pianta, si pu\u00f2 essere certi di ottenere un raccolto abbondante, oltre a evitare problemi nutrizionali, soprattutto se si tratta di substrato di marche specifiche di cannabis. All'aperto \u00e8 pi\u00f9 consigliabile eseguire una potatura FIM o almeno una normale potatura apicale, in questo modo la produzione di cime \u00e8 meglio distribuita e si pu\u00f2 ottenere un po' pi\u00f9 di resa.<\/span><\/p>\n<h2>Quando viene raccolto l'Apple Fritter?<\/h2>\n<p><span style=\"font-weight: 400\">Il momento del raccolto \u00e8 fondamentale per ottenere i migliori risultati in termini di aroma, sapore e potenza. Nell'emisfero settentrionale, il raccolto della Apple Fritter avviene solitamente all'inizio di ottobre. Nell'emisfero meridionale, il raccolto pu\u00f2 avvenire nella prima met\u00e0 di aprile. Al chiuso ha bisogno di 55-60 giorni di fioritura, a seconda del fenotipo e dei vostri gusti personali in termini di maturazione.<\/span><\/p>\n<h2>Quanto producono questi semi?<\/h2>\n<p><span style=\"font-weight: 400\">I semi femminizzati Apple Fritter sono generosi in termini di resa. In coltivazioni indoor, i coltivatori possono aspettarsi fino a 500 grammi per metro quadro di deliziose cime. All'aperto, le rese sono ancora pi\u00f9 impressionanti, superando di solito i 600 grammi per pianta. Questa generosit\u00e0 rende la Apple Fritter una scelta eccezionale per chi cerca raccolti abbondanti e di alta qualit\u00e0.<\/span><\/p>\n<h2>Come sono l'aroma e il gusto dell'Apple Fritter?<\/h2>\n<p><span style=\"font-weight: 400\">La Apple Fritter \u00e8 nota per il suo aroma e sapore unici. Avvicinandosi a queste piante, si viene accolti da un profumo terroso ed erbaceo, con note distinte di mela dolce, agrumi e un pizzico di carburante. Quando si fuma, si percepisce un sapore che combina l'asprezza delle mele con note erbacee speziate e un pizzico di terrosit\u00e0. L'espirazione rivela una sottile traccia di carburante. Questo eccezionale profilo aromatico vi trasporter\u00e0 in un'esperienza sensoriale senza precedenti.<\/span><\/p>\n<h2>Che tipo di effetto ha questa marijuana?<\/h2>\n<p><span style=\"font-weight: 400\">Con un contenuto di THC che raggiunge i 25%, questa variet\u00e0 offre un profondo rilassamento in tutto il corpo, alleviando lo stress e la tensione accumulati. Tuttavia, non vi lascer\u00e0 intorpiditi, poich\u00e9 il suo bordo sativa fornisce anche una sensazione mentale edificante, stimolando la creativit\u00e0 e la chiarezza mentale. Questa combinazione la rende una scelta versatile sia per rilassarsi che per rimanere concentrati. \u00c8 anche una scelta eccellente per alleviare una serie di condizioni, tra cui dolore cronico, nausea, depressione e insonnia.<\/span><\/p>\n<h2>Acquistare semi femminilizzati Apple Fritter al miglior prezzo online<\/h2>\n<p><span style=\"font-weight: 400\">Se siete desiderosi di coltivare e sperimentare con la Apple Fritter, siete nel posto giusto. Su Advancedseeds.com vi offriamo l'opportunit\u00e0 di acquistare questi fantastici semi con la garanzia di autenticit\u00e0 e massima freschezza. Cogliete l'opportunit\u00e0 di aggiungere questa variet\u00e0 unica alla vostra collezione - non perdete l'occasione di coltivare e godere della Apple Fritter!<\/span><\/p>\n<h2>Domande frequenti sull'Apple Fritter:<\/h2>\n<h3>Che odore ha l'Apple Fritter?<\/h3>\n<p><span style=\"font-weight: 400\">Apple Fritter \u00e8 una variet\u00e0 ibrida con aromi agrodolci. Offre un profumo terroso ed erbaceo accentuato da note di mela, agrumi e carburante. Il suo sapore \u00e8 simile a quello del suo aroma, ed \u00e8 una miscela di mele acide ed erbe speziate con una nota di carburante nell'espirazione. Questa variet\u00e0 produce un effetto sia edificante che calmante, quindi \u00e8 ideale per chi cerca sollievo dallo stress o dall'ansia, ma senza sentirsi troppo sedato.<\/span><\/p>\n<h3>La Apple Fritter \u00e8 sativa o indica?<\/h3>\n<p><span style=\"font-weight: 400\">Apple Fritter \u00e8 un ibrido a dominanza indica. Ha un aroma dolce e fruttato, con note di mela e spezie. Il suo effetto \u00e8 calmante e rilassante, il che la rende perfetta per l'uso notturno o per aiutare a gestire lo stress e l'ansia. Il suo contenuto di THC varia da 15% a 25%, quindi i consumatori dovrebbero conoscere il proprio livello di tolleranza prima di provarla. La Apple Fritter pu\u00f2 anche dare sollievo da dolore cronico, nausea, insonnia, depressione e altri problemi.<\/span><\/p>\n<h3>La Apple Fritter \u00e8 una variet\u00e0 esotica?<\/h3>\n<p><span style=\"font-weight: 400\">La Apple Fritter \u00e8 una variet\u00e0 di marijuana insolita, anche se non cos\u00ec insolita come altre. \u00c8 un ibrido a predominanza indica che \u00e8 in circolazione dai primi anni 2000 ed \u00e8 molto popolare tra coloro che amano il suo profilo aromatico dolce e fruttato. Il suo contenuto di THC pu\u00f2 variare da 15% a 25%, rendendola un'erba potente con effetti intensi che includono rilassamento, euforia e sedazione. L'unicit\u00e0 dell'Apple Fritter la rende difficile da trovare in molti paesi, ma chi \u00e8 abbastanza fortunato da mettere le mani su quest'erba sar\u00e0 deliziato dal suo gusto unico e dai suoi potenti effetti.<\/span><\/p>\n<h3>Qual \u00e8 il ciclo di fioritura della Apple Fritter in casa?<\/h3>\n<p><span style=\"font-weight: 400\">Il ciclo di fioritura della Apple Fritter indoor dura solitamente dalle 8 alle 10 settimane. Durante questo periodo, le piante sviluppano le loro belle cime resinose, pronte per essere raccolte e gustate. \u00c8 importante controllare l'ambiente e fornire condizioni ottimali di luce, umidit\u00e0 e temperatura per ottenere i migliori risultati in termini di qualit\u00e0 e quantit\u00e0 del raccolto.<\/span><\/p>","protected":false},"excerpt":{"rendered":"<p>Mela acida x Biscotti animali. Variet\u00e0 a dominanza indica. Alti livelli di THC. Crescita contenuta ma robusta che produce un'enorme quantit\u00e0 di fiori. Aroma di caramello con note di gasolio, sottofondo terroso e speziato.<\/p>","protected":false},"featured_media":19807,"comment_status":"open","ping_status":"closed","template":"","meta":{"_acf_changed":false},"product_brand":[],"product_cat":[69],"product_tag":[],"class_list":{"0":"post-10752","1":"product","2":"type-product","3":"status-publish","4":"has-post-thumbnail","6":"product_cat-feminizadas","8":"first","9":"instock","10":"taxable","11":"shipping-taxable","12":"purchasable","13":"product-type-variable"},"acf":[],"yoast_head":"<!-- This site is optimized with the Yoast SEO Premium plugin v26.3 (Yoast SEO v26.6) - https:\/\/yoast.com\/wordpress\/plugins\/seo\/ -->\n<title>Apple Fritter - Advanced Seeds<\/title>\n<meta name=\"robots\" content=\"index, follow, max-snippet:-1, max-image-preview:large, max-video-preview:-1\" \/>\n<link rel=\"canonical\" href=\"https:\/\/advancedseeds.com\/it\/tienda\/feminizadas\/apple-fritter\/\" \/>\n<meta property=\"og:locale\" content=\"it_IT\" \/>\n<meta property=\"og:type\" content=\"article\" \/>\n<meta property=\"og:title\" content=\"Apple Fritter\" \/>\n<meta property=\"og:description\" content=\"Sour Apple x Animal Cookies. Variedad de dominancia \u00edndica. Altos niveles de THC. Porte contenido pero robusto que produce una enorme cantidad de flores. Aroma a caramelo con notas diesel, fondo terroso y especiado.\" \/>\n<meta property=\"og:url\" content=\"https:\/\/advancedseeds.com\/it\/tienda\/feminizadas\/apple-fritter\/\" \/>\n<meta property=\"og:site_name\" content=\"Advanced Seeds\" \/>\n<meta property=\"article:modified_time\" content=\"2026-03-10T15:27:17+00:00\" \/>\n<meta property=\"og:image\" content=\"https:\/\/advancedseeds.com\/web\/wp-content\/uploads\/2023\/10\/Apple-Fritter.jpg\" \/>\n\t<meta property=\"og:image:width\" content=\"1152\" \/>\n\t<meta property=\"og:image:height\" content=\"1727\" \/>\n\t<meta property=\"og:image:type\" content=\"image\/jpeg\" \/>\n<meta name=\"twitter:card\" content=\"summary_large_image\" \/>\n<meta name=\"twitter:label1\" content=\"Tempo di lettura stimato\" \/>\n\t<meta name=\"twitter:data1\" content=\"7 minuti\" \/>\n<script type=\"application\/ld+json\" class=\"yoast-schema-graph\">{\"@context\":\"https:\/\/schema.org\",\"@graph\":[{\"@type\":\"WebPage\",\"@id\":\"https:\/\/advancedseeds.com\/tienda\/feminizadas\/apple-fritter\/\",\"url\":\"https:\/\/advancedseeds.com\/tienda\/feminizadas\/apple-fritter\/\",\"name\":\"Apple Fritter - Advanced Seeds\",\"isPartOf\":{\"@id\":\"https:\/\/advancedseeds.com\/#website\"},\"primaryImageOfPage\":{\"@id\":\"https:\/\/advancedseeds.com\/tienda\/feminizadas\/apple-fritter\/#primaryimage\"},\"image\":{\"@id\":\"https:\/\/advancedseeds.com\/tienda\/feminizadas\/apple-fritter\/#primaryimage\"},\"thumbnailUrl\":\"https:\/\/advancedseeds.com\/web\/wp-content\/uploads\/2023\/10\/Apple-Fritter.jpg\",\"datePublished\":\"2023-10-18T16:46:23+00:00\",\"dateModified\":\"2026-03-10T15:27:17+00:00\",\"breadcrumb\":{\"@id\":\"https:\/\/advancedseeds.com\/tienda\/feminizadas\/apple-fritter\/#breadcrumb\"},\"inLanguage\":\"it-IT\",\"potentialAction\":[{\"@type\":\"ReadAction\",\"target\":[\"https:\/\/advancedseeds.com\/tienda\/feminizadas\/apple-fritter\/\"]}]},{\"@type\":\"ImageObject\",\"inLanguage\":\"it-IT\",\"@id\":\"https:\/\/advancedseeds.com\/tienda\/feminizadas\/apple-fritter\/#primaryimage\",\"url\":\"https:\/\/advancedseeds.com\/web\/wp-content\/uploads\/2023\/10\/Apple-Fritter.jpg\",\"contentUrl\":\"https:\/\/advancedseeds.com\/web\/wp-content\/uploads\/2023\/10\/Apple-Fritter.jpg\",\"width\":1152,\"height\":1727},{\"@type\":\"BreadcrumbList\",\"@id\":\"https:\/\/advancedseeds.com\/tienda\/feminizadas\/apple-fritter\/#breadcrumb\",\"itemListElement\":[{\"@type\":\"ListItem\",\"position\":1,\"name\":\"Home\",\"item\":\"https:\/\/advancedseeds.com\/\"},{\"@type\":\"ListItem\",\"position\":2,\"name\":\"Tienda\",\"item\":\"https:\/\/advancedseeds.com\/\"},{\"@type\":\"ListItem\",\"position\":3,\"name\":\"Apple Fritter\"}]},{\"@type\":\"WebSite\",\"@id\":\"https:\/\/advancedseeds.com\/#website\",\"url\":\"https:\/\/advancedseeds.com\/\",\"name\":\"Advanced Seeds\",\"description\":\"Gen\u00e9ticas Avanzadas en semillas feminizadas y autom\u00e1ticas.\",\"publisher\":{\"@id\":\"https:\/\/advancedseeds.com\/#organization\"},\"potentialAction\":[{\"@type\":\"SearchAction\",\"target\":{\"@type\":\"EntryPoint\",\"urlTemplate\":\"https:\/\/advancedseeds.com\/?s={search_term_string}\"},\"query-input\":{\"@type\":\"PropertyValueSpecification\",\"valueRequired\":true,\"valueName\":\"search_term_string\"}}],\"inLanguage\":\"it-IT\"},{\"@type\":\"Organization\",\"@id\":\"https:\/\/advancedseeds.com\/#organization\",\"name\":\"Advanced Seeds\",\"url\":\"https:\/\/advancedseeds.com\/\",\"logo\":{\"@type\":\"ImageObject\",\"inLanguage\":\"it-IT\",\"@id\":\"https:\/\/advancedseeds.com\/#\/schema\/logo\/image\/\",\"url\":\"https:\/\/advancedseeds.com\/web\/wp-content\/uploads\/2021\/01\/logo-advanced.jpg\",\"contentUrl\":\"https:\/\/advancedseeds.com\/web\/wp-content\/uploads\/2021\/01\/logo-advanced.jpg\",\"width\":600,\"height\":600,\"caption\":\"Advanced Seeds\"},\"image\":{\"@id\":\"https:\/\/advancedseeds.com\/#\/schema\/logo\/image\/\"}}]}<\/script>\n<!-- \/ Yoast SEO Premium plugin. -->","yoast_head_json":{"title":"Apple Fritter - Advanced Seeds","robots":{"index":"index","follow":"follow","max-snippet":"max-snippet:-1","max-image-preview":"max-image-preview:large","max-video-preview":"max-video-preview:-1"},"canonical":"https:\/\/advancedseeds.com\/it\/tienda\/feminizadas\/apple-fritter\/","og_locale":"it_IT","og_type":"article","og_title":"Apple Fritter","og_description":"Sour Apple x Animal Cookies. Variedad de dominancia \u00edndica. Altos niveles de THC. Porte contenido pero robusto que produce una enorme cantidad de flores. Aroma a caramelo con notas diesel, fondo terroso y especiado.","og_url":"https:\/\/advancedseeds.com\/it\/tienda\/feminizadas\/apple-fritter\/","og_site_name":"Advanced Seeds","article_modified_time":"2026-03-10T15:27:17+00:00","og_image":[{"width":1152,"height":1727,"url":"https:\/\/advancedseeds.com\/web\/wp-content\/uploads\/2023\/10\/Apple-Fritter.jpg","type":"image\/jpeg"}],"twitter_card":"summary_large_image","twitter_misc":{"Tempo di lettura stimato":"7 minuti"},"schema":{"@context":"https:\/\/schema.org","@graph":[{"@type":"WebPage","@id":"https:\/\/advancedseeds.com\/tienda\/feminizadas\/apple-fritter\/","url":"https:\/\/advancedseeds.com\/tienda\/feminizadas\/apple-fritter\/","name":"Apple Fritter - Advanced Seeds","isPartOf":{"@id":"https:\/\/advancedseeds.com\/#website"},"primaryImageOfPage":{"@id":"https:\/\/advancedseeds.com\/tienda\/feminizadas\/apple-fritter\/#primaryimage"},"image":{"@id":"https:\/\/advancedseeds.com\/tienda\/feminizadas\/apple-fritter\/#primaryimage"},"thumbnailUrl":"https:\/\/advancedseeds.com\/web\/wp-content\/uploads\/2023\/10\/Apple-Fritter.jpg","datePublished":"2023-10-18T16:46:23+00:00","dateModified":"2026-03-10T15:27:17+00:00","breadcrumb":{"@id":"https:\/\/advancedseeds.com\/tienda\/feminizadas\/apple-fritter\/#breadcrumb"},"inLanguage":"it-IT","potentialAction":[{"@type":"ReadAction","target":["https:\/\/advancedseeds.com\/tienda\/feminizadas\/apple-fritter\/"]}]},{"@type":"ImageObject","inLanguage":"it-IT","@id":"https:\/\/advancedseeds.com\/tienda\/feminizadas\/apple-fritter\/#primaryimage","url":"https:\/\/advancedseeds.com\/web\/wp-content\/uploads\/2023\/10\/Apple-Fritter.jpg","contentUrl":"https:\/\/advancedseeds.com\/web\/wp-content\/uploads\/2023\/10\/Apple-Fritter.jpg","width":1152,"height":1727},{"@type":"BreadcrumbList","@id":"https:\/\/advancedseeds.com\/tienda\/feminizadas\/apple-fritter\/#breadcrumb","itemListElement":[{"@type":"ListItem","position":1,"name":"Home","item":"https:\/\/advancedseeds.com\/"},{"@type":"ListItem","position":2,"name":"Tienda","item":"https:\/\/advancedseeds.com\/"},{"@type":"ListItem","position":3,"name":"Apple Fritter"}]},{"@type":"WebSite","@id":"https:\/\/advancedseeds.com\/#website","url":"https:\/\/advancedseeds.com\/","name":"Semi avanzati","description":"Genetica avanzata in semi femminizzati e automatici.","publisher":{"@id":"https:\/\/advancedseeds.com\/#organization"},"potentialAction":[{"@type":"SearchAction","target":{"@type":"EntryPoint","urlTemplate":"https:\/\/advancedseeds.com\/?s={search_term_string}"},"query-input":{"@type":"PropertyValueSpecification","valueRequired":true,"valueName":"search_term_string"}}],"inLanguage":"it-IT"},{"@type":"Organization","@id":"https:\/\/advancedseeds.com\/#organization","name":"Semi avanzati","url":"https:\/\/advancedseeds.com\/","logo":{"@type":"ImageObject","inLanguage":"it-IT","@id":"https:\/\/advancedseeds.com\/#\/schema\/logo\/image\/","url":"https:\/\/advancedseeds.com\/web\/wp-content\/uploads\/2021\/01\/logo-advanced.jpg","contentUrl":"https:\/\/advancedseeds.com\/web\/wp-content\/uploads\/2021\/01\/logo-advanced.jpg","width":600,"height":600,"caption":"Advanced Seeds"},"image":{"@id":"https:\/\/advancedseeds.com\/#\/schema\/logo\/image\/"}}]}},"_links":{"self":[{"href":"https:\/\/advancedseeds.com\/it\/wp-json\/wp\/v2\/product\/10752","targetHints":{"allow":["GET"]}}],"collection":[{"href":"https:\/\/advancedseeds.com\/it\/wp-json\/wp\/v2\/product"}],"about":[{"href":"https:\/\/advancedseeds.com\/it\/wp-json\/wp\/v2\/types\/product"}],"replies":[{"embeddable":true,"href":"https:\/\/advancedseeds.com\/it\/wp-json\/wp\/v2\/comments?post=10752"}],"wp:featuredmedia":[{"embeddable":true,"href":"https:\/\/advancedseeds.com\/it\/wp-json\/wp\/v2\/media\/19807"}],"wp:attachment":[{"href":"https:\/\/advancedseeds.com\/it\/wp-json\/wp\/v2\/media?parent=10752"}],"wp:term":[{"taxonomy":"product_brand","embeddable":true,"href":"https:\/\/advancedseeds.com\/it\/wp-json\/wp\/v2\/product_brand?post=10752"},{"taxonomy":"product_cat","embeddable":true,"href":"https:\/\/advancedseeds.com\/it\/wp-json\/wp\/v2\/product_cat?post=10752"},{"taxonomy":"product_tag","embeddable":true,"href":"https:\/\/advancedseeds.com\/it\/wp-json\/wp\/v2\/product_tag?post=10752"}],"curies":[{"name":"wp","href":"https:\/\/api.w.org\/{rel}","templated":true}]}}